{"id":720952,"date":"2025-10-16T09:18:00","date_gmt":"2025-10-16T09:18:00","guid":{"rendered":"https:\/\/wpvip.tgalpha.com\/?page_id=720952"},"modified":"2025-11-14T14:16:32","modified_gmt":"2025-11-14T14:16:32","slug":"iban-sorgulama","status":"publish","type":"page","link":"https:\/\/wpvip.tgalpha.com\/tr\/iban-sorgulama","title":{"rendered":"IBAN"},"content":{"rendered":"\n<section class=\"wp-block-tg-hero-with-half-background hero-with-half-background container-fluid alignfull has-blue-500-background-color has-background\" align=\"full\"><div class=\"container\">\n<div class=\"wp-block-group hero-with-half-background__text-wrapper is-layout-flow wp-block-group-is-layout-flow\">\n<h1 class=\"wp-block-heading has-text-align-center hero-with-half-background__heading is-style-h1-higher-header-style has-bw-100-color has-text-color\">&nbsp;iban sorgulama<\/h1>\n\n\n\n<p class=\"has-text-align-center hero-with-half-background__paragraph has-bw-100-color has-text-color\">IBAN\u2019\u0131n\u0131z\u0131 TransferGo\u2019nun IBAN kontrol arac\u0131yla an\u0131nda do\u011frulay\u0131n. Yurt d\u0131\u015f\u0131na para g\u00f6ndermeden \u00f6nce IBAN\u2019\u0131n\u0131z\u0131n do\u011fru formatta oldu\u011fundan emin olun.<\/p>\n<\/div>\n\n\n\n<div class=\"wp-block-group hero-with-half-background__content-wrapper has-bw-200-background-color has-background is-layout-flow wp-block-group-is-layout-flow\">\n<p class=\"has-text-align-center hero-with-half-background__content-heading is-style-h5-higher-header-style has-blue-500-color has-text-color\">IBAN kontrol arac\u0131 yak\u0131nda geliyor.<\/p>\n\n\n\n<p class=\"has-text-align-center hero-with-half-background__content-paragraph is-style-h6-higher-header-style has-blue-900-color has-text-color\">TransferGo \u00fczerinde IBAN\u2019lar\u0131 do\u011frudan do\u011frulay\u0131p hesaplayacak bir ara\u00e7 \u00fczerinde \u00e7al\u0131\u015f\u0131yoruz. Bu arada, L\u00fctfen <a href=\"https:\/\/www.iban.com\/\" target=\"_blank\" rel=\"noopener\">IBAN.com<\/a>\u2019u kullan\u0131n.<\/p>\n\n\n\n<div class=\"wp-block-buttons hero-with-half-background__content-buttons-wrapper is-content-justification-center is-layout-flex wp-container-core-buttons-is-layout-a89b3969 wp-block-buttons-is-layout-flex\">\n<div class=\"wp-block-button hero-with-half-background__content-button\"><a class=\"wp-block-button__link wp-element-button\" href=\"https:\/\/www.iban.com\/\" target=\"_blank\" rel=\"noopener\">IBAN.com\u2019a gidin<\/a><\/div>\n<\/div>\n<\/div>\n<\/div><\/section>\n\n\n\n<section class=\"wp-block-tg-fullwidth-swift-banner fullwidth-swift-banner container-fluid has-background alignfull is-style-iban-banner\" align=\"full\"><div class=\"container\">\n<div class=\"wp-block-columns fullwidth-swift-banner__columns is-layout-flex wp-container-core-columns-is-layout-28f84493 wp-block-columns-is-layout-flex\">\n<div class=\"wp-block-column is-vertically-aligned-center fullwidth-swift-banner__column fullwidth-swift-banner__column--left is-layout-flow wp-block-column-is-layout-flow\">\n<h2 class=\"wp-block-heading has-text-align-left fullwidth-swift-banner__heading is-style-bold-header-style has-blue-900-color has-text-color\"><mark style=\"background-color:rgba(0, 0, 0, 0)\" class=\"has-inline-color has-blue-500-color\">IBAN numaras\u0131 nedir ve nas\u0131l g\u00f6r\u00fcn\u00fcr?<\/mark><\/h2>\n\n\n\n<p class=\"has-text-align-left fullwidth-swift-banner__paragraph has-blue-900-color has-text-color\"><strong>IBAN (Uluslararas\u0131 Banka Hesap Numaras\u0131)<\/strong>, uluslararas\u0131 \u00f6demeler i\u00e7in kullan\u0131lan benzersiz bir tan\u0131mlay\u0131c\u0131d\u0131r. Paran\u0131z\u0131n do\u011fru banka ve hesaba ula\u015ft\u0131\u011f\u0131ndan emin olman\u0131z\u0131 sa\u011flar.<\/p>\n<\/div>\n\n\n\n<div class=\"wp-block-column is-vertically-aligned-center fullwidth-swift-banner__column fullwidth-swift-banner__column--right is-layout-flow wp-block-column-is-layout-flow\">\n<div class=\"wp-block-group fullwidth-swift-banner__swift-container has-bw-200-background-color has-background is-layout-flow wp-block-group-is-layout-flow\">\n<p class=\"has-text-align-center fullwidth-swift-banner__swift-heading is-style-h6-higher-header-style no-margin has-blue-900-color has-text-color\">Bir IBAN genellikle \u015funlar\u0131 i\u00e7erir:<\/p>\n\n\n\n<div class=\"wp-block-group fullwidth-swift-banner__swift-example-wrapper no-margin is-layout-flow wp-block-group-is-layout-flow\">\n<p class=\"has-text-align-center fullwidth-swift-banner__swift-example no-margin has-blue-900-color has-text-color has-medium-font-size\">\u0130ki harfli bir \u00fclke kodu<\/p>\n\n\n\n<p class=\"has-text-align-center fullwidth-swift-banner__swift-example-code is-style-h5-higher-header-style no-margin has-blue-900-color has-blue-50-background-color has-text-color has-background\">GB<\/p>\n<\/div>\n\n\n\n<div class=\"wp-block-group fullwidth-swift-banner__swift-bank-wrapper no-margin is-layout-flow wp-block-group-is-layout-flow\">\n<p class=\"has-text-align-center fullwidth-swift-banner__swift-bank no-margin has-blue-900-color has-text-color has-medium-font-size\">\u0130ki kontrol basama\u011f\u0131<\/p>\n\n\n\n<p class=\"has-text-align-center fullwidth-swift-banner__swift-bank-code is-style-h6-higher-header-style no-margin has-blue-900-color has-blue-50-background-color has-text-color has-background\">12<\/p>\n<\/div>\n\n\n\n<div class=\"wp-block-group fullwidth-swift-banner__swift-country-wrapper no-margin is-layout-flow wp-block-group-is-layout-flow\">\n<p class=\"has-text-align-center fullwidth-swift-banner__swift-country no-margin has-blue-900-color has-text-color has-medium-font-size\">Bir banka kodu <\/p>\n\n\n\n<p class=\"has-text-align-center fullwidth-swift-banner__swift-country-code is-style-h6-higher-header-style no-margin has-blue-900-color has-blue-50-background-color has-text-color has-background\">ABCD<\/p>\n<\/div>\n\n\n\n<div class=\"wp-block-group fullwidth-swift-banner__swift-location-wrapper no-margin is-layout-flow wp-block-group-is-layout-flow\">\n<p class=\"has-text-align-center fullwidth-swift-banner__swift-location no-margin has-blue-900-color has-text-color has-medium-font-size\">ve \u015fube tan\u0131mlay\u0131c\u0131<\/p>\n\n\n\n<p class=\"has-text-align-center fullwidth-swift-banner__swift-location-code is-style-h6-higher-header-style no-margin has-blue-900-color has-blue-50-background-color has-text-color has-background\">123***<\/p>\n<\/div>\n\n\n\n<div class=\"wp-block-group fullwidth-swift-banner__swift-branch-wrapper no-margin is-layout-flow wp-block-group-is-layout-flow\">\n<p class=\"has-text-align-center fullwidth-swift-banner__swift-branch no-margin has-blue-900-color has-text-color has-medium-font-size\">Al\u0131c\u0131n\u0131n hesap numaras\u0131<\/p>\n\n\n\n<p class=\"has-text-align-center fullwidth-swift-banner__swift-branch-code is-style-h6-higher-header-style no-margin has-blue-900-color has-blue-50-background-color has-text-color has-background\">123*****<\/p>\n<\/div>\n<\/div>\n<\/div>\n<\/div>\n<\/div><\/section>\n\n\n\n<section class=\"wp-block-tg-iban-examples iban-examples container-fluid alignfull\" align=\"full\"><div class=\"container\">\n<h2 class=\"wp-block-heading has-text-align-center iban-examples__heading is-style-bold-header-style has-blue-900-color has-text-color\">IBAN \u00f6rnekleri ve yap\u0131s\u0131<\/h2>\n\n\n\n<p class=\"has-text-align-center iban-examples__subheading is-style-h6-higher-header-style has-blue-900-color has-text-color\">\u0130\u015fte birka\u00e7 \u00f6rnek IBAN format\u0131:<\/p>\n\n\n\n<div class=\"wp-block-group iban-examples__examples-wrapper has-bw-300-background-color has-background is-layout-flow wp-block-group-is-layout-flow\">\n<div class=\"wp-block-group iban-examples__titles-wrapper is-layout-flow wp-block-group-is-layout-flow\">\n<p class=\"has-text-align-left iban-examples__title iban-examples__title--country has-bw-700-color has-text-color\"><strong>Country<\/strong><\/p>\n\n\n\n<p class=\"has-text-align-left iban-examples__title iban-examples__title--code has-bw-700-color has-text-color\"><strong>Code<\/strong><\/p>\n<\/div>\n\n\n\n<div class=\"wp-block-group iban-examples__example is-layout-flow wp-block-group-is-layout-flow\">\n<div class=\"wp-block-group iban-examples__example-country-wrapper is-layout-flow wp-block-group-is-layout-flow\">\n<figure class=\"wp-block-image size-full iban-examples__example-flag\"><img decoding=\"async\" src=\"https:\/\/wpvip.tgalpha.com\/wp-content\/plugins\/transfergo-blocks\/assets\/img\/flags\/GB.svg\" alt=\"\"\/><\/figure>\n\n\n\n<p class=\"has-text-align-left iban-examples__example-country has-blue-900-color has-text-color\">Birle\u015fik Krall\u0131k<\/p>\n<\/div>\n\n\n\n<p class=\"has-text-align-left iban-examples__example-code has-blue-900-color has-bw-100-background-color has-text-color has-background\"><strong>GB29 NWBK 6016 1331 9268 19<\/strong><\/p>\n<\/div>\n\n\n\n<div class=\"wp-block-group iban-examples__example is-layout-flow wp-block-group-is-layout-flow\">\n<div class=\"wp-block-group iban-examples__example-country-wrapper is-layout-flow wp-block-group-is-layout-flow\">\n<figure class=\"wp-block-image size-full iban-examples__example-flag\"><img decoding=\"async\" src=\"https:\/\/wpvip.tgalpha.com\/wp-content\/plugins\/transfergo-blocks\/assets\/img\/flags\/DE.svg\" alt=\"\"\/><\/figure>\n\n\n\n<p class=\"has-text-align-left iban-examples__example-country has-blue-900-color has-text-color\">Almanya<\/p>\n<\/div>\n\n\n\n<p class=\"has-text-align-left iban-examples__example-code has-blue-900-color has-bw-100-background-color has-text-color has-background\"><strong>DE89 3704 0044 0532 0130 00<\/strong><\/p>\n<\/div>\n\n\n\n<div class=\"wp-block-group iban-examples__example is-layout-flow wp-block-group-is-layout-flow\">\n<div class=\"wp-block-group iban-examples__example-country-wrapper is-layout-flow wp-block-group-is-layout-flow\">\n<figure class=\"wp-block-image size-full iban-examples__example-flag\"><img decoding=\"async\" src=\"https:\/\/wpvip.tgalpha.com\/wp-content\/plugins\/transfergo-blocks\/assets\/img\/flags\/FR.svg\" alt=\"\"\/><\/figure>\n\n\n\n<p class=\"has-text-align-left iban-examples__example-country has-blue-900-color has-text-color\">Fransa<\/p>\n<\/div>\n\n\n\n<p class=\"has-text-align-left iban-examples__example-code has-blue-900-color has-bw-100-background-color has-text-color has-background\"><strong>FR14 2004 1010 0505 0001 3M02 606<\/strong><\/p>\n<\/div>\n<\/div>\n\n\n\n<p class=\"has-text-align-center iban-examples__paragraph has-blue-900-color has-text-color\">Her \u00fclke farkl\u0131 bir formata sahiptir, ancak IBAN kontrol arac\u0131m\u0131z hepsi i\u00e7in \u00e7al\u0131\u015f\u0131r.<\/p>\n<\/div><\/section>\n\n\n\n<section class=\"wp-block-tg-media-and-text media-and-text container-fluid alignfull\" align=\"full\"><div class=\"container\">\n<div class=\"wp-block-media-text is-stacked-on-mobile is-vertically-aligned-center media-and-text__container\"><figure class=\"wp-block-media-text__media\"><img loading=\"lazy\" decoding=\"async\" width=\"826\" height=\"628\" src=\"https:\/\/wpvip.tgalpha.com\/wp-content\/uploads\/2025\/10\/media-and-text-image-0.webp\" alt=\"\" class=\"wp-image-719194 size-full\" srcset=\"https:\/\/wpvip.tgalpha.com\/wp-content\/uploads\/2025\/10\/media-and-text-image-0.webp 826w, https:\/\/wpvip.tgalpha.com\/wp-content\/uploads\/2025\/10\/media-and-text-image-0.webp?resize=300,228 300w, https:\/\/wpvip.tgalpha.com\/wp-content\/uploads\/2025\/10\/media-and-text-image-0.webp?resize=768,584 768w\" sizes=\"auto, (max-width: 826px) 100vw, 826px\" \/><\/figure><div class=\"wp-block-media-text__content\">\n<h2 class=\"wp-block-heading has-text-align-left media-and-text__heading is-style-bold-header-style has-blue-900-color has-text-color\">IBAN\u2019a ne zaman ihtiya\u00e7 duyars\u0131n\u0131z?<\/h2>\n\n\n\n<p class=\"has-text-align-left media-and-text__paragraph has-blue-900-color has-text-color\">\u015eu durumlarda IBAN\u2019a ihtiyac\u0131n\u0131z olur:<\/p>\n\n\n\n<ul class=\"wp-block-list media-and-text__list is-style-with-circle-icon\">\n<li><strong><strong>Yurtd\u0131\u015f\u0131na para g\u00f6nderirken veya al\u0131rken<\/strong><\/strong><\/li>\n\n\n\n<li><strong>Uluslararas\u0131 y\u00fcklenicilere veya tedarik\u00e7ilere \u00f6deme yaparken<\/strong><\/li>\n\n\n\n<li><strong>Yurtd\u0131\u015f\u0131ndan maa\u015f veya emekli maa\u015f\u0131 al\u0131rken<\/strong><\/li>\n<\/ul>\n<\/div><\/div>\n<\/div><\/section>\n\n\n\n<section class=\"wp-block-tg-media-and-text media-and-text container-fluid alignfull\" align=\"full\"><div class=\"container\">\n<div class=\"wp-block-media-text has-media-on-the-right is-stacked-on-mobile is-vertically-aligned-center media-and-text__container\"><div class=\"wp-block-media-text__content\">\n<h2 class=\"wp-block-heading has-text-align-left media-and-text__heading is-style-bold-header-style has-blue-900-color has-text-color\">Yanl\u0131\u015f IBAN kullan\u0131rsan\u0131z ne olur?<\/h2>\n\n\n\n<p class=\"has-text-align-left media-and-text__paragraph has-blue-900-color has-text-color\">Yanl\u0131\u015f bir IBAN kullan\u0131rsan\u0131z, \u00f6demeniz:<\/p>\n\n\n\n<ul class=\"wp-block-list media-and-text__list is-style-with-circle-icon has-red-50-background-color has-background\">\n<li><strong>Gecikebilir<\/strong><\/li>\n\n\n\n<li><strong>Banka taraf\u0131ndan reddedilebilir<\/strong><\/li>\n\n\n\n<li><strong>Yanl\u0131\u015f hesaba g\u00f6nderilebilir<\/strong><\/li>\n<\/ul>\n<\/div><figure class=\"wp-block-media-text__media\"><img loading=\"lazy\" decoding=\"async\" width=\"826\" height=\"628\" src=\"https:\/\/wpvip.tgalpha.com\/wp-content\/uploads\/2025\/10\/media-and-text-image-1.webp\" alt=\"\" class=\"wp-image-719219 size-full\" srcset=\"https:\/\/wpvip.tgalpha.com\/wp-content\/uploads\/2025\/10\/media-and-text-image-1.webp 826w, https:\/\/wpvip.tgalpha.com\/wp-content\/uploads\/2025\/10\/media-and-text-image-1.webp?resize=300,228 300w, https:\/\/wpvip.tgalpha.com\/wp-content\/uploads\/2025\/10\/media-and-text-image-1.webp?resize=768,584 768w\" sizes=\"auto, (max-width: 826px) 100vw, 826px\" \/><\/figure><\/div>\n<\/div><\/section>\n\n\n\n<section class=\"wp-block-tg-three-column-cards three-column-cards container-fluid alignfull is-style-full-width-images has-blue-500-background-color has-background\" align=\"full\"><div class=\"container\">\n<h2 class=\"wp-block-heading has-text-align-center three-column-cards__heading is-style-bold-xl-header-style has-blue-900-color has-text-color\"><mark style=\"background-color:rgba(0, 0, 0, 0)\" class=\"has-inline-color has-bw-100-color\">Yayg\u0131n yap\u0131lan hatalar ve ipu\u00e7lar\u0131<\/mark><\/h2>\n\n\n\n<div class=\"wp-block-columns three-column-cards__columns is-layout-flex wp-container-core-columns-is-layout-28f84493 wp-block-columns-is-layout-flex\">\n<div class=\"wp-block-column three-column-cards__column three-column-cards__column--first has-bw-100-background-color has-background is-layout-flow wp-block-column-is-layout-flow\">\n<div class=\"wp-block-group three-column-cards__text-wrapper is-layout-flow wp-block-group-is-layout-flow\">\n<h3 class=\"wp-block-heading has-text-align-left three-column-cards__card-heading is-style-h5-higher-header-style has-blue-900-color has-text-color\">Yaz\u0131m hatalar\u0131<\/h3>\n<\/div>\n\n\n\n<p class=\"has-text-align-left three-column-cards__card-paragraph has-blue-900-color has-text-color\">Tek bir yanl\u0131\u015f rakam bile IBAN\u2019\u0131 ge\u00e7ersiz k\u0131lar.<\/p>\n\n\n\n<div class=\"wp-block-group three-column-cards__card-image-wrapper is-layout-flow wp-block-group-is-layout-flow\">\n<figure class=\"wp-block-image three-column-cards__card-image\"><img decoding=\"async\" src=\"https:\/\/wpvip.tgalpha.com\/wp-content\/plugins\/transfergo-blocks\/assets\/img\/three-column-cards\/full-width-card-image-0.svg\" alt=\"\"\/><\/figure>\n<\/div>\n<\/div>\n\n\n\n<div class=\"wp-block-column three-column-cards__column three-column-cards__column--second has-bw-100-background-color has-background is-layout-flow wp-block-column-is-layout-flow\">\n<div class=\"wp-block-group three-column-cards__text-wrapper is-layout-flow wp-block-group-is-layout-flow\">\n<h3 class=\"wp-block-heading has-text-align-left three-column-cards__card-heading is-style-h5-higher-header-style has-blue-900-color has-text-color\">Hatal\u0131 formatlar<\/h3>\n<\/div>\n\n\n\n<p class=\"has-text-align-left three-column-cards__card-paragraph has-blue-900-color has-text-color\">\u00dclke i\u00e7in do\u011fru uzunlu\u011fu mutlaka kontrol edin.<\/p>\n\n\n\n<div class=\"wp-block-group three-column-cards__card-image-wrapper is-layout-flow wp-block-group-is-layout-flow\">\n<figure class=\"wp-block-image three-column-cards__card-image\"><img decoding=\"async\" src=\"https:\/\/wpvip.tgalpha.com\/wp-content\/plugins\/transfergo-blocks\/assets\/img\/three-column-cards\/full-width-card-image-1.svg\" alt=\"\"\/><\/figure>\n<\/div>\n<\/div>\n\n\n\n<div class=\"wp-block-column three-column-cards__column three-column-cards__column--third has-bw-100-background-color has-background is-layout-flow wp-block-column-is-layout-flow\">\n<div class=\"wp-block-group three-column-cards__text-wrapper is-layout-flow wp-block-group-is-layout-flow\">\n<h3 class=\"wp-block-heading has-text-align-left three-column-cards__card-heading is-style-h5-higher-header-style has-blue-900-color has-text-color\">Al\u0131c\u0131 bilgileri<\/h3>\n<\/div>\n\n\n\n<p class=\"has-text-align-left three-column-cards__card-paragraph has-blue-900-color has-text-color\">G\u00f6ndermeden \u00f6nce al\u0131c\u0131n\u0131z\u0131n ad\u0131n\u0131 ve hesap bilgilerini iki kez kontrol edin.<\/p>\n\n\n\n<div class=\"wp-block-group three-column-cards__card-image-wrapper is-layout-flow wp-block-group-is-layout-flow\">\n<figure class=\"wp-block-image three-column-cards__card-image\"><img decoding=\"async\" src=\"https:\/\/wpvip.tgalpha.com\/wp-content\/plugins\/transfergo-blocks\/assets\/img\/three-column-cards\/full-width-card-image-2.svg\" alt=\"\"\/><\/figure>\n<\/div>\n<\/div>\n<\/div>\n<\/div><\/section>\n\n\n\n<section class=\"wp-block-tg-media-and-text media-and-text container-fluid alignfull\" align=\"full\"><div class=\"container\">\n<div class=\"wp-block-media-text is-stacked-on-mobile is-vertically-aligned-center media-and-text__container\"><figure class=\"wp-block-media-text__media\"><img loading=\"lazy\" decoding=\"async\" width=\"826\" height=\"628\" src=\"https:\/\/wpvip.tgalpha.com\/wp-content\/uploads\/2025\/10\/media-and-text-image-2.webp\" alt=\"\" class=\"wp-image-719207 size-full\" srcset=\"https:\/\/wpvip.tgalpha.com\/wp-content\/uploads\/2025\/10\/media-and-text-image-2.webp 826w, https:\/\/wpvip.tgalpha.com\/wp-content\/uploads\/2025\/10\/media-and-text-image-2.webp?resize=300,228 300w, https:\/\/wpvip.tgalpha.com\/wp-content\/uploads\/2025\/10\/media-and-text-image-2.webp?resize=768,584 768w\" sizes=\"auto, (max-width: 826px) 100vw, 826px\" \/><\/figure><div class=\"wp-block-media-text__content\">\n<h2 class=\"wp-block-heading has-text-align-left media-and-text__heading is-style-bold-header-style has-blue-900-color has-text-color\">Her zaman al\u0131c\u0131n\u0131zla teyit edin<\/h2>\n\n\n\n<p class=\"has-text-align-left media-and-text__paragraph has-blue-900-color has-text-color\">IBAN kontrol arac\u0131m\u0131z format\u0131n do\u011fru olup olmad\u0131\u011f\u0131n\u0131 kontrol eder, ancak m\u00fclkiyeti garanti edemez. IBAN\u2019\u0131 her zaman do\u011frudan al\u0131c\u0131n\u0131zla teyit edin.<\/p>\n<\/div><\/div>\n<\/div><\/section>\n\n\n\n<section class=\"wp-block-tg-banner-with-image banner-with-image container-fluid alignfull is-style-image-with-gradient is-style-gradient-image-with-line\" align=\"full\"><div class=\"container\">\n<div class=\"wp-block-media-text has-media-on-the-right is-stacked-on-mobile is-vertically-aligned-top banner-with-image__container has-bw-250-background-color has-background\"><div class=\"wp-block-media-text__content\">\n<h2 class=\"wp-block-heading has-text-align-left banner-with-image__heading is-style-bold-xl-header-style has-blue-900-color has-text-color\">TransferGo ile yurt d\u0131\u015f\u0131na para g\u00f6nderin<\/h2>\n\n\n\n<p class=\"has-text-align-left banner-with-image__paragraph has-blue-900-color has-text-color\">IBAN\u2019\u0131n\u0131z\u0131 do\u011frulad\u0131ktan sonra, TransferGo ile para g\u00f6ndermek h\u0131zl\u0131, masrafs\u0131z ve g\u00fcvenilirdir. \u0130\u015fte elde ettikleriniz:<\/p>\n\n\n\n<ul class=\"wp-block-list is-style-with-blue-circle-icon\">\n<li class=\"is-style-h6-higher-header-style\">Harika d\u00f6viz kurlar\u0131<\/li>\n\n\n\n<li class=\"is-style-h6-higher-header-style\">D\u00fc\u015f\u00fck \u00fccretler<\/li>\n\n\n\n<li class=\"is-style-h6-higher-header-style\">H\u0131zl\u0131 teslimat s\u00fcreleri<\/li>\n<\/ul>\n\n\n\n<div class=\"wp-block-group banner-with-image__decorative-text-wrapper is-nowrap is-layout-flex wp-container-core-group-is-layout-6c531013 wp-block-group-is-layout-flex\">\n<p class=\"has-small-font-size\"><strong>Happy birthday!<\/strong><\/p>\n\n\n\n<p class=\"has-small-font-size\">+ 250 USD<\/p>\n<\/div>\n<\/div><figure class=\"wp-block-media-text__media\"><img decoding=\"async\" src=\"https:\/\/wpvip.tgalpha.com\/wp-content\/plugins\/transfergo-blocks\/assets\/img\/banner-with-image\/banner-with-gradient-image-and-line.webp\" alt=\"\"\/><\/figure><\/div>\n<\/div><\/section>\n\n\n\n<section class=\"wp-block-tg-faqs-accordion faqs-accordion container-fluid alignfull\" align=\"full\"><div class=\"container\">\n<h2 class=\"wp-block-heading has-text-align-center faqs-accordion__heading is-style-h3-higher-header-style has-blue-900-color has-text-color\">S\u0131k\u00e7a sorulan sorular<\/h2>\n\n\n\n<details class=\"wp-block-tg-faqs-accordion-item faqs-accordion-item open\" open><summary class=\"faqs-accordion-item__question is-style-h6-higher-header-style\">Bir y\u00fckleniciye \u00f6deme yapmak i\u00e7in yanl\u0131\u015f IBAN format\u0131 kullan\u0131rsam ne olur?<\/summary><div class=\"faqs-accordion-item__height-wrapper\"><div class=\"faqs-accordion-item__content-wrapper\">\n<p>\u00d6deme ba\u015far\u0131s\u0131z olabilir veya gecikebilir. Para g\u00f6ndermeden \u00f6nce IBAN\u2019\u0131 mutlaka do\u011frulay\u0131n.<\/p>\n<\/div><\/div><\/details>\n\n\n\n<details class=\"wp-block-tg-faqs-accordion-item faqs-accordion-item\"><summary class=\"faqs-accordion-item__question is-style-h6-higher-header-style\">Y\u00fcklenici \u00f6deme bilgilerini do\u011frulamak i\u00e7in bu IBAN hesaplay\u0131c\u0131s\u0131n\u0131 kullanabilir miyim?<\/summary><div class=\"faqs-accordion-item__height-wrapper\"><div class=\"faqs-accordion-item__content-wrapper\">\n<p>Evet, bu ara\u00e7 IBAN format\u0131n\u0131n do\u011fru oldu\u011funu sa\u011flar, ancak numaray\u0131 her zaman y\u00fckleniciyle do\u011frudan teyit edin.<\/p>\n<\/div><\/div><\/details>\n\n\n\n<details class=\"wp-block-tg-faqs-accordion-item faqs-accordion-item\"><summary class=\"faqs-accordion-item__question is-style-h6-higher-header-style\">\u0130\u015f g\u00fcc\u00fc \u00f6demeleri i\u00e7in t\u00fcm \u00fclkeler IBAN numaras\u0131 m\u0131 gerektiriyor?<\/summary><div class=\"faqs-accordion-item__height-wrapper\"><div class=\"faqs-accordion-item__content-wrapper\">\n<p>Avrupa\u2019daki \u00e7o\u011fu \u00fclke gerektirir. Avrupa d\u0131\u015f\u0131ndaki baz\u0131lar\u0131 SWIFT kodlar\u0131 gibi ba\u015fka sistemler kullan\u0131r.<\/p>\n<\/div><\/div><\/details>\n<\/div><\/section>\n\n\n\n<p>TransferGo\u2019nun \u00fccretsiz IBAN kontrol arac\u0131n\u0131 \u015fimdi deneyin ve yurt d\u0131\u015f\u0131na g\u00fcvenle para g\u00f6nderin.<\/p>\n","protected":false},"excerpt":{"rendered":"<p>TransferGo\u2019nun \u00fccretsiz IBAN kontrol arac\u0131n\u0131 \u015fimdi deneyin ve yurt d\u0131\u015f\u0131na g\u00fcvenle para g\u00f6nderin.<\/p>\n","protected":false},"author":7,"featured_media":0,"parent":0,"menu_order":0,"comment_status":"closed","ping_status":"closed","template":"","meta":{"hideMenuColor":false,"footnotes":""},"class_list":["post-720952","page","type-page","status-publish","hentry"],"jetpack_sharing_enabled":true,"hideMenuColor":false,"_links":{"self":[{"href":"https:\/\/wpvip.tgalpha.com\/tr\/wp-json\/wp\/v2\/pages\/720952","targetHints":{"allow":["GET"]}}],"collection":[{"href":"https:\/\/wpvip.tgalpha.com\/tr\/wp-json\/wp\/v2\/pages"}],"about":[{"href":"https:\/\/wpvip.tgalpha.com\/tr\/wp-json\/wp\/v2\/types\/page"}],"author":[{"embeddable":true,"href":"https:\/\/wpvip.tgalpha.com\/tr\/wp-json\/wp\/v2\/users\/7"}],"replies":[{"embeddable":true,"href":"https:\/\/wpvip.tgalpha.com\/tr\/wp-json\/wp\/v2\/comments?post=720952"}],"version-history":[{"count":5,"href":"https:\/\/wpvip.tgalpha.com\/tr\/wp-json\/wp\/v2\/pages\/720952\/revisions"}],"predecessor-version":[{"id":807728,"href":"https:\/\/wpvip.tgalpha.com\/tr\/wp-json\/wp\/v2\/pages\/720952\/revisions\/807728"}],"wp:attachment":[{"href":"https:\/\/wpvip.tgalpha.com\/tr\/wp-json\/wp\/v2\/media?parent=720952"}],"curies":[{"name":"wp","href":"https:\/\/api.w.org\/{rel}","templated":true}]}}