{"id":2593,"date":"2022-11-01T07:16:02","date_gmt":"2022-11-01T07:16:02","guid":{"rendered":"https:\/\/transfergo.wpengine.com\/terms-and-conditions\/refer-a-friend-programme"},"modified":"2025-10-10T15:06:33","modified_gmt":"2025-10-10T15:06:33","slug":"arkadas-davet-programi","status":"publish","type":"page","link":"https:\/\/wpvip.tgalpha.com\/tr\/hukum-ve-kosullarimiz\/arkadas-davet-programi","title":{"rendered":"Arkada\u015f Davet Program\u0131"},"content":{"rendered":"\n<section class=\"wp-block-tg-terms-and-conditions-hero terms-and-conditions-hero container-fluid alignfull\" align=\"full\"><div class=\"container\">\n<h1 class=\"wp-block-heading has-text-align-center terms-and-conditions-hero__title has-blue-900-color has-text-color\">Kullan\u0131m \u015eartlar\u0131:<br>Arkada\u015f\u0131n\u0131 Getir Program\u0131<\/h1>\n\n\n\n<div class=\"wp-block-group terms-and-conditions-hero__last-updated-wrapper is-layout-flow wp-block-group-is-layout-flow\">\n<p class=\"terms-and-conditions-hero__last-updated-text has-blue-900-color has-text-color has-medium-font-size\">GE\u00c7ERL\u0130L\u0130K TAR\u0130H\u0130<\/p>\n\n\n\t<p class=\"terms-and-conditions-hero__last-updated-date has-blue-900-color has-text-color has-large-font-size\">\n\t\t10\/10\/2025\t<\/p>\n<\/div>\n<\/div><\/section>\n\n\n\n<section class=\"wp-block-tg-terms-and-conditions-main-content terms-and-conditions-main-content container-fluid\"><div class=\"container\">\n<p><strong>1. Ho\u015fgeldiniz<\/strong><\/p>\n\n\n\n<p>1.1 Bu sayfa, TransferGo\u2019nun Arkada\u015f\u0131n\u0131 Getir Program\u0131\u2019na (\u201cY\u00f6nlendirme Program\u0131\u201d) uygulanacak olan \u015fart ve ko\u015fullar\u0131 belirler.<\/p>\n\n\n\n<p>1.2 Y\u00f6nlendirme Program\u0131, TransferGo Ltd (\u201cTransferGo\u201d, \u201cbiz\u201d, \u201cbizim\u201d) taraf\u0131ndan sponsor edilmi\u015f, te\u015fvik edilmi\u015f ve y\u00f6netilmi\u015ftir. Web sitemiz \u00fczerinden para transferi yapman\u0131za ve uluslararas\u0131 d\u00f6viz \u00f6demeleri yapman\u0131za olanak sa\u011flayan bir hizmet i\u015fletiyoruz, <a href=\"https:\/\/wpvip.tgalpha.com\/tr\/\">https:\/\/wpvip.tgalpha.com\/tr\/<\/a> ve uygulamam\u0131z ( \u201cHizmet\u201d).<\/p>\n\n\n\n<p>1.3 A\u015fa\u011f\u0131da belirtildi\u011fi gibi bize bir arkada\u015f\u0131n\u0131z\u0131 ( \u201cTavsiye Edilen Kullan\u0131c\u0131\u201d) y\u00f6nlendirerek, siz (\u201cTavsiye Eden\u201d) bu \u015fart ve ko\u015fullar\u0131 (\u201cProgram \u015eartlar\u0131\u201d) kabul etmi\u015f say\u0131l\u0131rs\u0131n\u0131z. L\u00fctfen bu Program \u015eartlar\u0131n\u0131 dikkatlice okuyun ve bize herhangi birini y\u00f6nlendirmeden \u00f6nce bunlar\u0131 anlad\u0131\u011f\u0131n\u0131zdan ve kabul etti\u011finizden emin olun.<\/p>\n\n\n\n<p>1.4 Y\u00f6nlendirme Program\u0131, yasalarla yasakland\u0131\u011f\u0131 yerlerde ge\u00e7ersizdir.<\/p>\n\n\n\n<p><strong>2. Y\u00f6nlendirme Program\u0131na nas\u0131l kat\u0131l\u0131r\u0131m<\/strong><\/p>\n\n\n\n<p>2.1. Y\u00f6nlendirme Program\u0131na kat\u0131lmak i\u00e7in, Servisimizi bir ki\u015fiye \u00f6nermeli ve a\u015fa\u011f\u0131dakilerden herhangi birini yapmal\u0131s\u0131n\u0131z:<\/p>\n\n\n\n<ul class=\"wp-block-list\">\n<li>\u2022 davet kodunuzu verin; veya<\/li>\n\n\n\n<li>\u2022 davet ba\u011flant\u0131n\u0131z\u0131 g\u00f6nderin; veya<\/li>\n\n\n\n<li>\u2022 Bize, Hizmetimizdeki \u2018Davet\u2019 sayfas\u0131ndaki i\u015flevi kullanarak e-posta adreslerini g\u00f6ndererek onlara bir tan\u0131t\u0131m e-postas\u0131 g\u00f6ndermemizi s\u00f6yleyin<\/li>\n<\/ul>\n\n\n\n<p>2.2 Bu ki\u015fi (\u201cTavsiye Edilen Kullan\u0131c\u0131\u201d) bizimle kay\u0131t olmal\u0131, bir profil olu\u015fturmal\u0131 ve a\u015fa\u011f\u0131dakilerden birini yaparak sizi hizmetimize y\u00f6nlendirdiklerini belirtmelidir:<\/p>\n\n\n\n<ul class=\"wp-block-list\">\n<li>\u2022 2.2.1 davet kodunuzu al\u0131nt\u0131 yapma; veya<\/li>\n\n\n\n<li>\u2022 2.2.2 davet ba\u011flant\u0131n\u0131z\u0131 takip ederek; veya<\/li>\n\n\n\n<li>\u2022 2.2.3 Hizmetimiz arac\u0131l\u0131\u011f\u0131yla g\u00f6nderilen tan\u0131t\u0131m e-postas\u0131nda bulunan ba\u011flant\u0131y\u0131 takip edin<\/li>\n<\/ul>\n\n\n\n<p>2.3 Profilinize giri\u015f yapt\u0131\u011f\u0131n\u0131zda ve Hizmetimizdeki Y\u00f6nlendirme b\u00f6l\u00fcm\u00fcne eri\u015fti\u011finizde size benzersiz davet kodunuz ve davet linkinizin eri\u015fimini sa\u011flayaca\u011f\u0131z. (E\u011fer bizden e-posta ileti\u015fimini kabul ettiyseniz, davet kodunuzu profilinizi olu\u015ftururken bize verdi\u011finiz e-posta adresine de g\u00f6nderece\u011fiz. Kay\u0131tl\u0131 e-posta adresinizi TransferGo profilinizin Ayarlar b\u00f6l\u00fcm\u00fcnden kontrol edebilir ve de\u011fi\u015ftirebilirsiniz.)<\/p>\n\n\n\n<p>2.4. Davet edilen Kullan\u0131c\u0131, \u00f6d\u00fcle hak kazanman\u0131z i\u00e7in uygulamada ve\/veya web \u00fczerinde belirtilen belirli miktar\u0131 ve transfer say\u0131s\u0131n\u0131 transfer etmelidir (Nitelikli Transfer(ler)). Bu miktar ve Nitelikli transfer say\u0131s\u0131, davet edildikten sonra 6 ay i\u00e7inde tamamlanmal\u0131d\u0131r.<\/p>\n\n\n\n<p>2.5 Nitelikli transferler uluslararas\u0131 (banka hesab\u0131n\u0131 veya kart\u0131n\u0131 veren \u00fclkeden bir di\u011ferine) ve bir para biriminden di\u011fer bir para birimine yap\u0131lm\u0131\u015f olmal\u0131d\u0131r. Ayn\u0131 para birimine yap\u0131lan transferler (\u00f6rne\u011fin, Avro\u2019dan Avro\u2019ya) nitelikli transferler olarak say\u0131lmaz.<\/p>\n\n\n\n<p>2.6 Hizmetimizin Y\u00f6nlendirme b\u00f6l\u00fcm\u00fcnde sizin ad\u0131n\u0131za tan\u0131t\u0131m e-postalar\u0131 g\u00f6ndermemizi de isteyebilirsiniz.<\/p>\n\n\n\n<p>2.7 Bize bir e-posta g\u00f6ndermelerini s\u00f6yleyerek (ve\/veya di\u011fer ileti\u015fim y\u00f6ntemleri) al\u0131c\u0131n\u0131n ileti\u015fim bilgilerini saklamam\u0131z ve bunlar\u0131 Y\u00f6nlendirme Program\u0131 i\u00e7in kullanmam\u0131z konusunda a\u00e7\u0131k r\u0131zalar\u0131 oldu\u011funu onaylam\u0131\u015f olursunuz.<\/p>\n\n\n\n<p>2.8 Davet kodunu veya hizmetimize davet linkini g\u00f6ndermek i\u00e7in Y\u00f6nlendirilen Kullan\u0131c\u0131n\u0131n onay\u0131n\u0131 alman\u0131z sizin sorumlulu\u011funuzdur.<\/p>\n\n\n\n<p>2.9 Y\u00f6nlendirilen Kullan\u0131c\u0131 Nitelikli Transfer(ler)i tamamlad\u0131\u011f\u0131nda, madde 3\u2019te belirtilen tutarda bir nakit \u00f6d\u00fcl talep etme hakk\u0131n\u0131z olabilir ( \u201cBonus\u201c). Bir Nitelikli Transfer, a\u015fa\u011f\u0131daki durumlarda tamamlanm\u0131\u015f say\u0131l\u0131r:<\/p>\n\n\n\n<ul class=\"wp-block-list\">\n<li>\u2022 Tavsiye edilen Kullan\u0131c\u0131 transferi ba\u015flatm\u0131\u015f, bize aktar\u0131lacak olan ilgili miktar\u0131 ve \u00fccretlerimizi \u00f6demi\u015f; ve<\/li>\n\n\n\n<li>\u2022 Al\u0131c\u0131\u2019n\u0131n banka hesab\u0131, Hizmetimizi kullanarak Tavsiye Edilen Kullan\u0131c\u0131 taraf\u0131ndan g\u00f6nderilen miktarla kredilendirilmi\u015ftir (\u015eartlar ve Ko\u015fullar\u0131m\u0131zda belirtilen ek \u00fccretler ve masraflar dahil <a href=\"https:\/\/wpvip.tgalpha.com\/tr\/hukum-ve-kosullarimiz\">https:\/\/wpvip.tgalpha.com\/tr\/hukum-ve-kosullarimiz)<\/a> ve hesab\u0131m\u0131za reddedilmedi veya geri \u00f6denmedi.<\/li>\n<\/ul>\n\n\n\n<p>2.10 2.12, 2.13, 2.14 ve 5. paragraflara tabi olarak, Y\u00f6nlendirilen Kullan\u0131c\u0131n\u0131n Nitelikli Transfer(ler)i tamamlamas\u0131n\u0131n ard\u0131ndan 5 i\u015f g\u00fcn\u00fc i\u00e7inde Hizmetimizdeki Y\u00f6nlendirme b\u00f6l\u00fcm\u00fcn\u00fc g\u00fcncelleyerek Bonus\u2019u talep edebilece\u011finizi size bildirece\u011fiz.<\/p>\n\n\n\n<p>2.11 Y\u00f6nlendirilen Kullan\u0131c\u0131, profilini olu\u015ftururken davet kodu yerine davet linkini kullan\u0131rsa, taray\u0131c\u0131lar\u0131nda \u00e7erezlerin etkin olmas\u0131 gerekir, b\u00f6ylece onlar\u0131 hizmetimize sizin taraf\u0131n\u0131zdan y\u00f6nlendirilmi\u015f olarak tan\u0131yabiliriz ve sizin bir Bonus alabilmeniz i\u00e7in uygun olabilirsiniz.having been referred to our Service by you, and for you to be eligible to receive a Bonus.<\/p>\n\n\n\n<p>2.12 Bonusunuzu talep edebilmeniz i\u00e7in sizden ve Tavsiye Edilen Kullan\u0131c\u0131dan daha fazla bilgiye ihtiyac\u0131m\u0131z olabilir. Biz:<\/p>\n\n\n\n<ul class=\"wp-block-list\">\n<li>\u2022 Sizden ve Y\u00f6nlendirilen Kullan\u0131c\u0131dan, makul olarak talep edebilece\u011fimiz herhangi bir detay\u0131 veya belgeyi sa\u011flayarak kimliklerinizi onaylaman\u0131z\u0131 talep ederiz (uygulanabilir oldu\u011fu kadar);<\/li>\n\n\n\n<li>\u2022 Sizin veya Tavsiye Edilen Kullan\u0131c\u0131 taraf\u0131ndan sa\u011flanan herhangi bir bilgi veya belgenin elektronik kimlik do\u011frulamas\u0131 i\u00e7in makul ad\u0131mlar\u0131 atma, \u00f6rne\u011fin h\u00fck\u00fcmet ve \u00f6zel veritabanlar\u0131na ve kredi referans ajanslar\u0131na eri\u015fme.<\/li>\n<\/ul>\n\n\n\n<p>2.13 TransferGo, a\u015fa\u011f\u0131daki durumlarda Bonus \u00f6demesini yapmama hakk\u0131n\u0131 sakl\u0131 tutar:<\/p>\n\n\n\n<ul class=\"wp-block-list\">\n<li>\u2022 E\u011fer sizin veya Tavsiye Edilen Kullan\u0131c\u0131n\u0131n kimli\u011fini veya ek bilgi ve belgeleri madde 2.8\u2019e uygun olarak do\u011frulayamazsak;<\/li>\n\n\n\n<li>\u2022 Profilin Tavsiye Edilen Kullan\u0131c\u0131 taraf\u0131ndan doland\u0131r\u0131c\u0131l\u0131kla olu\u015fturuldu\u011fundan makul bir \u015fekilde \u015f\u00fcpheleniyorsak veya Tavsiye Edilen Kullan\u0131c\u0131n\u0131n Profili bir \u015fekilde \u015eartlar ve Ko\u015fullar\u0131m\u0131z\u0131 ihlal ediyorsa (<a href=\"https:\/\/wpvip.tgalpha.com\/tr\/hukum-ve-kosullarimiz\">https:\/\/wpvip.tgalpha.com\/tr\/hukum-ve-kosullarimiz<\/a>);<\/li>\n\n\n\n<li>\u2022 Y\u00f6nlendirilen Kullan\u0131c\u0131, yasakl\u0131 listemize koydu\u011fumuz finansal hizmet sa\u011flay\u0131c\u0131lar\u0131na \u00f6deme g\u00f6ndererek veya bu sa\u011flay\u0131c\u0131lardan \u00f6deme alarak, kural ihlali tespit ettikten sonra (\u00f6rne\u011fin Revolut, Monese, ApplePay, Google Pay, N26 ve di\u011ferleri) Nitelikli Transfer(ler)ini ger\u00e7ekle\u015ftirirse<\/li>\n\n\n\n<li>\u2022 Y\u00f6nlendirilen Kullan\u0131c\u0131 paran\u0131z\u0131 size veya kendilerine g\u00f6nderirse<\/li>\n\n\n\n<li>\u2022 Y\u00f6nlendirme Program\u0131 kupon kodunu veya ba\u011flant\u0131s\u0131n\u0131 kullanarak bir i\u015flemi g\u00f6nderen ve alan ki\u015fi ayn\u0131 ki\u015fi ise, a) banka hesaplar\u0131, banka kartlar\u0131, kredi kartlar\u0131, \u00f6n \u00f6demeli kartlar\u0131 veya kimliklerindeki isim farkl\u0131 olsa bile veya b) fatura adresleri farkl\u0131 olsa bile<\/li>\n\n\n\n<li>\u2022 Banka kart\u0131n\u0131z\u0131n veya profilinizin \u00fczerindeki isim sizin ad\u0131n\u0131za de\u011filse veya TransferGo profilinizdeki isimle e\u015fle\u015fmiyorsa. \u0130simler e\u015fle\u015fmiyorsa, \u00f6d\u00fcl\u00fcn\u00fcz\u00fc \u00f6dememe hakk\u0131n\u0131 sakl\u0131 tutar\u0131z<\/li>\n\n\n\n<li>\u2022 Bu Program \u015eartlar\u0131 veya \u015eartlar ve Ko\u015fullar\u0131m\u0131zdaki herhangi bir h\u00fckm\u00fc ihlal ettiyseniz;<\/li>\n\n\n\n<li>\u2022 Y\u00f6nlendirme Program\u0131n\u0131 durdurmu\u015fsak ve Nitelikli Transfer(ler) Y\u00f6nlendirme Program\u0131n\u0131n durduruldu\u011fu tarihten sonra tamamlanm\u0131\u015fsa;<\/li>\n\n\n\n<li>\u2022 Ge\u00e7erli yasa taraf\u0131ndan size Bonus \u00f6deme yapmam\u0131z\u0131n yasaklanmas\u0131 durumunda; veya<\/li>\n\n\n\n<li>\u2022 E\u011fer bonusunuz 4.2 paragraf\u0131na uygun olarak s\u00fcresi dolmu\u015fsa<\/li>\n\n\n\n<li>\u2022 E\u011fer sizin veya Tavsiye Edilen Kullan\u0131c\u0131n\u0131z\u0131n birden fazla TransferGo profili varsa;<\/li>\n\n\n\n<li>\u2022 Ayn\u0131 kullan\u0131c\u0131 taraf\u0131ndan davet edilen di\u011fer profillerin ayn\u0131 \u00fc\u00e7\u00fcnc\u00fc ki\u015fiye para g\u00f6ndermesi durumunda;<\/li>\n\n\n\n<li>\u2022 Bonus\u2019un birden \u00e7ok kullan\u0131c\u0131 taraf\u0131ndan ayn\u0131 profile talep edilmesi durumunda<\/li>\n\n\n\n<li>\u2022 Y\u00f6nlendirilen Kullan\u0131c\u0131n\u0131n hizmetimizi ger\u00e7ekten kullanma niyeti olmad\u0131\u011f\u0131ndan ve sadece bir Bonus almak i\u00e7in bir kez kulland\u0131\u011f\u0131ndan \u015f\u00fcpheleniyorsak<\/li>\n\n\n\n<li>\u2022 Bonusun, size ait olmayan bir TransferGo Hesab\u0131na \u00f6denmesini talep etti\u011finizde (veya TransferGo Hesab\u0131 a\u00e7maya uygun de\u011filseniz, ki\u015fisel bir banka hesab\u0131na \u00f6denmesini istedi\u011finizde)<br>\u2022 Bonusu, Desteklemedi\u011fimiz bir \u00fclkedeki bir banka hesab\u0131na \u00f6dememizi istedi\u011finizde (yaln\u0131zca TransferGo Hesab\u0131 a\u00e7maya uygun olmayan kullan\u0131c\u0131lar i\u00e7in ge\u00e7erlidir)<\/li>\n\n\n\n<li>\u2022 Y\u00f6nlendirme Program\u0131 \u015eartlar\u0131\u2019n\u0131 ihlal eden di\u011fer durumlar, Y\u00f6nlendirilen Kullan\u0131c\u0131\u2019n\u0131n TransferGo profilini olu\u015ftururken veya bir transfer sipari\u015fi verirken benzersiz kodlar\u0131n\u0131 sa\u011flamamas\u0131 durumunda, \u00f6d\u00fcl ilk y\u00f6nlendiren ki\u015fiye atan\u0131r. Kullan\u0131c\u0131n\u0131n kulland\u0131\u011f\u0131 y\u00f6nlendirici kodundan. Bonuslar\u0131 yeniden atama yetene\u011fimiz yoktur.<\/li>\n<\/ul>\n\n\n\n<p>2.14 TransferGo\u2019ya bir kullan\u0131c\u0131y\u0131 y\u00f6nlendirdikten sonra, bu ki\u015fi sizi TransferGo\u2019ya geri y\u00f6nlendiremez.<\/p>\n\n\n\n<p>2.15 Y\u00f6nlendirme Program\u0131na kat\u0131lmak i\u00e7in t\u0131klama ba\u015f\u0131na \u00f6deme veya di\u011fer \u00fccretli veya otomatik m\u00fc\u015fteri aday\u0131 olu\u015fturma hizmetlerini kullanmamal\u0131s\u0131n\u0131z. Hizmetimize Y\u00f6nlendirilen Kullan\u0131c\u0131lar\u0131 davet etmek i\u00e7in bu t\u00fcr hizmetleri kulland\u0131\u011f\u0131n\u0131z\u0131 makul bir \u015fekilde \u015f\u00fcphelenirsek, Bonusunuzu talep edemeyebilirsiniz ve ayr\u0131ca makul olarak uygun g\u00f6rd\u00fc\u011f\u00fcm\u00fcz herhangi bir di\u011fer eylemi de alabiliriz, bu da Hizmetimizi kullanma hakk\u0131n\u0131z\u0131n hemen, ge\u00e7ici veya kal\u0131c\u0131 olarak geri \u00e7ekilmesini veya profilinizin kapat\u0131lmas\u0131n\u0131 i\u00e7erebilir.<\/p>\n\n\n\n<p>2.16 Y\u00f6nlendirdi\u011finiz Kullan\u0131c\u0131lar\u0131m\u0131z s\u00fcrekli olarak kurallar\u0131m\u0131z\u0131 ihlal ederse, Bonusunuzu alamaz ve y\u00f6nlendirme program\u0131ndan engellenirsiniz.<\/p>\n\n\n\n<p>2.17 E\u011fer sizin doland\u0131r\u0131c\u0131lar\u0131 davet etti\u011finizi d\u00fc\u015f\u00fcn\u00fcrsek, TransferGo profilinizi hemen sonland\u0131rma hakk\u0131n\u0131 sakl\u0131 tutar\u0131z.<\/p>\n\n\n\n<p>2.18 Bir Arkada\u015f ve bir Savunucunun ayn\u0131 ki\u015fi olabilece\u011fini sistemlerimiz tespit ederse, bir talebi ask\u0131ya alma hakk\u0131na sahibiz.<\/p>\n\n\n\n<p>2.19 TransferGo\u2019nun t\u00fcm konulardaki karar\u0131 nihai ve ba\u011flay\u0131c\u0131d\u0131r ve herhangi bir yaz\u0131\u015fma veya tart\u0131\u015fma yap\u0131lmayacakt\u0131r.<\/p>\n\n\n\n<p><strong>3. Bonus miktar\u0131<\/strong><\/p>\n\n\n\n<p>3.1 T\u00fcm Arkada\u015f\u0131n\u0131 Getir programlar\u0131, bonuslar ve para birimleri, birden \u00e7ok fakt\u00f6re ba\u011fl\u0131 olarak belirlenir ve farkl\u0131 kullan\u0131c\u0131lar i\u00e7in farkl\u0131 olabilir.<\/p>\n\n\n\n<p>3.2 Desteklenen \u00dclkelerimizde (T&amp;C\u2019de tan\u0131mland\u0131\u011f\u0131 gibi) kullan\u0131lan herhangi bir yasal para biriminde Bonusunuzu talep edebilirsiniz. \u0130lgili Bonus miktar\u0131n\u0131, Bonusu size \u00f6dedi\u011fimiz g\u00fcn ve saatte Serviste g\u00f6sterilen kura g\u00f6re se\u00e7ti\u011finiz para birimine \u00e7evirece\u011fiz. Bu oranlar, uluslararas\u0131 d\u00f6viz piyasalar\u0131ndaki dalgalanmalara g\u00f6re zaman zaman de\u011fi\u015febilir.<\/p>\n\n\n\n<p>3.3 Bonus miktarlar\u0131 \u00e7e\u015fitli fakt\u00f6rlere g\u00f6re de\u011fi\u015fir. Bu miktarlar her zaman Hizmetin Y\u00f6nlendirme b\u00f6l\u00fcm\u00fcnde belirtilir. Davet edilenler de indirimler, nakit bonuslar veya de\u011fi\u015fken miktarlarla \u00f6d\u00fcllendirilebilir. M\u00fc\u015fterilerimiz i\u00e7in en iyi \u00e7\u00f6z\u00fcmleri her zaman ar\u0131yoruz, bu y\u00fczden \u00f6d\u00fcl t\u00fcr\u00fcn\u00fc ve miktar\u0131n\u0131 herhangi bir zamanda de\u011fi\u015ftirme hakk\u0131n\u0131 sakl\u0131 tutar\u0131z.<\/p>\n\n\n\n<p><strong>4. Bonusunuzu Talep Etme<\/strong><\/p>\n\n\n\n<p>4.1 Bonusunuz kullan\u0131labilir hale geldi\u011finde, a\u015fa\u011f\u0131daki \u015fekilde talep edebilirsiniz:<\/p>\n\n\n\n<ul class=\"wp-block-list\">\n<li>\u2022 Ki\u015fisel detaylar\u0131n\u0131zla profilinizi doldurmak;<\/li>\n\n\n\n<li>\u2022 Hizmetimizdeki Y\u00f6nlendirme b\u00f6l\u00fcm\u00fcndeki \u201c\u00d6d\u00fcl\u00fcn\u00fcz\u00fc Talep Edin\u201d ba\u011flant\u0131s\u0131n\u0131 takip ederek;<\/li>\n\n\n\n<li>\u2022 Kendi banka hesap bilgilerinizi g\u00f6ndermek (yaln\u0131zca TransferGo Hesab\u0131 a\u00e7maya uygun olmayan kullan\u0131c\u0131lar i\u00e7in ge\u00e7erlidir);<\/li>\n<\/ul>\n\n\n\n<p>4.2 Bonusunuzu 30 g\u00fcn i\u00e7inde talep etmelisiniz. E-posta ileti\u015fimini ve\/veya bizden bildirim almay\u0131 kabul ettiyseniz, bunu yapma hakk\u0131n\u0131z oldu\u011funu size bildirece\u011fiz. Bu s\u00fcre i\u00e7inde Bonusunuzu talep etmezseniz, art\u0131k talep edemezsiniz. Bu durum oldu\u011funda sizi Hizmetimizdeki \u201cDavet\u201d sayfas\u0131nda bilgilendirece\u011fiz.<\/p>\n\n\n\n<p>4.3 Talebinizi ilettikten ve TransferGo Hesab\u0131n\u0131z ba\u015far\u0131l\u0131 bir \u015fekilde olu\u015fturulduktan sonra, Bonusunuz TransferGo Hesab\u0131n\u0131zda hemen kullan\u0131labilir olacakt\u0131r.<\/p>\n\n\n\n<p><strong>5. Sorumluluk S\u0131n\u0131rlamas\u0131bility<\/strong><\/p>\n\n\n\n<p>5.1 TransferGo, kontrol\u00fc d\u0131\u015f\u0131ndaki nedenlerle (doland\u0131r\u0131c\u0131l\u0131\u011f\u0131n beklendi\u011fi, \u015f\u00fcphelenildi\u011fi veya ger\u00e7ekle\u015fti\u011fi durumlar dahil olmak \u00fczere) \u00f6nceden haber vermeksizin Y\u00f6nlendirme Program\u0131n\u0131 ge\u00e7ici veya kal\u0131c\u0131 olarak de\u011fi\u015ftirme veya durdurma hakk\u0131n\u0131 her zaman sakl\u0131 tutar.<\/p>\n\n\n\n<p>5.2 Size makul bir bildirimle Y\u00f6nlendirme Program\u0131n\u0131 da de\u011fi\u015ftirebilir veya sonland\u0131rabiliriz. E\u011fer Y\u00f6nlendirme Program\u0131n\u0131 sonland\u0131r\u0131rsak, a\u015fa\u011f\u0131dakileri yapaca\u011f\u0131z:<\/p>\n\n\n\n<ul class=\"wp-block-list\">\n<li>\u2022 4.2 paragraf\u0131na tabi olarak, Y\u00f6nlendirme Program\u0131n\u0131n son tarihinde \u0130ngiltere saatiyle 23:59\u2019dan \u00f6nce hak kazand\u0131\u011f\u0131n\u0131z herhangi bir Bonus\u2019u onurland\u0131r\u0131n;<\/li>\n\n\n\n<li>\u2022 Size, Y\u00f6nlendirme Program\u0131n\u0131n son tarihinde saat 11:59\u2019da sizin i\u00e7in birikmi\u015f olan Bonus talep etme hakk\u0131n\u0131z\u0131n herhangi bir hakk\u0131 hakk\u0131nda bilgi veririz, e\u011fer bizden e-posta ileti\u015fimleri ve\/veya bildirimleri almay\u0131 kabul etmi\u015fseniz.<\/li>\n<\/ul>\n\n\n\n<p>5.3 TransferGo, Y\u00f6nlendirme Program\u0131na kat\u0131l\u0131m\u0131n\u0131z veya Bonusunuzu kabul etmeniz veya kullanman\u0131z sonucunda sizin taraf\u0131n\u0131zdan kar\u015f\u0131lanan veya \u00e7ekilen herhangi bir kay\u0131p veya zarardan sorumlu tutulamaz, bunlar aras\u0131nda (ancak bunlarla s\u0131n\u0131rl\u0131 olmamak \u00fczere) a\u015fa\u011f\u0131dakilerden kaynaklanan kay\u0131plar da bulunmaktad\u0131r:<\/p>\n\n\n\n<ul class=\"wp-block-list\">\n<li>\u2022 Y\u00f6nlendirme Program\u0131n\u0131n herhangi bir ertelenmesi veya iptali, ya da size bir Bonus talep etme hakk\u0131n\u0131z\u0131n bildirilmesinde herhangi bir gecikme;<\/li>\n\n\n\n<li>\u2022 Y\u00f6nlendirme Program\u0131 ile ilgili herhangi bir bildirim, kabul, talep veya di\u011fer belgelerin herhangi bir de\u011fi\u015fiklik, yetkisiz eri\u015fim, hasar, ge\u00e7 teslimat veya teslim edilmemesi;<\/li>\n\n\n\n<li>\u2022 Y\u00f6nlendirme Program\u0131na kat\u0131l\u0131m\u0131n\u0131z veya Y\u00f6nlendirme Program\u0131 ile ilgili herhangi bir materyali indirme sonucunda sizin veya ba\u015fka bir ki\u015finin bilgisayar\u0131na verilen herhangi bir zarar;<\/li>\n\n\n\n<li>\u2022 herhangi bir \u00fc\u00e7\u00fcnc\u00fc taraf tedarik\u00e7isinin herhangi bir eylemi veya ihmali.<\/li>\n<\/ul>\n\n\n\n<p>5.4 Bu Program \u015eartlar\u0131, TransferGo\u2019nun kendi ihmalinin sonucu olarak \u00f6l\u00fcm, ki\u015fisel yaralanma, doland\u0131r\u0131c\u0131l\u0131k veya doland\u0131r\u0131c\u0131l\u0131kla yan\u0131ltma gibi durumlar i\u00e7in sorumlulu\u011funu veya yasalar\u0131n bize sorumlulu\u011fumuzu s\u0131n\u0131rlamam\u0131za veya hari\u00e7 tutmam\u0131za izin vermedi\u011fi herhangi bir konu i\u00e7in sorumlulu\u011funu hari\u00e7 tutmaz.<\/p>\n\n\n\n<p>5.5 T\u00fcm vergiler ve di\u011fer idari masraflar referans verenin sorumlulu\u011fundad\u0131r.<\/p>\n\n\n\n<p><strong>6. Ki\u015fisel bilgileriniz<\/strong><\/p>\n\n\n\n<p>6.1 Bilgilerinizi nas\u0131l i\u015fledi\u011fimiz hakk\u0131nda daha fazla bilgi i\u00e7in l\u00fctfen Gizlilik Politikam\u0131za bak\u0131n. Gizlilik Politikas\u0131n\u0131n bir kopyas\u0131 talep \u00fczerine <a href=\"mailto:hello@transfergo.com\">hello@transfergo.com<\/a> adresinden al\u0131nabilir veya \u015fu adrese ziyaret ederek: <a href=\"https:\/\/wpvip.tgalpha.com\/tr\/gizlilik-politikasi\">https:\/\/wpvip.tgalpha.com\/tr\/gizlilik-politikasi<\/a>.<\/p>\n\n\n\n<p><strong>7. Ba\u011fl\u0131 Program\u0131na Ge\u00e7i\u015f<\/strong><\/p>\n\n\n\n<p>7.1 Y\u00f6nlendirme davran\u0131\u015f\u0131n\u0131za dayanarak, sizi Ortakl\u0131k program\u0131m\u0131za ta\u015f\u0131may\u0131 uygun g\u00f6rebiliriz. E\u011fer bu olursa, size yeterli bildirim yapar\u0131z ve revize edilmi\u015f nakit geri \u00f6deme avantajlar\u0131n\u0131z\u0131 belirtiriz.<\/p>\n\n\n\n<p><strong>8. Genel<\/strong><\/p>\n\n\n\n<p>8.1 Bu Program \u015eartlar\u0131ndan herhangi bir h\u00fckm\u00fcn yasa d\u0131\u015f\u0131 veya uygulanamaz oldu\u011fu h\u00fckme ba\u011flan\u0131rsa, bu durum di\u011fer h\u00fck\u00fcmlerin tam anlam\u0131yla y\u00fcr\u00fcrl\u00fckte kalmas\u0131n\u0131 etkilemeyecektir.<\/p>\n\n\n\n<p>8.2 Y\u00f6nlendirme Program\u0131 hakk\u0131nda herhangi bir sorunuz varsa, l\u00fctfen konu sat\u0131r\u0131nda \u2018Bir Arkada\u015f\u0131 Davet Et Program\u0131\u2019 yazarak bize <a href=\"mailto:hello@transfergo.com\">hello@transfergo.com<\/a> adresinden e-posta g\u00f6nderin.<\/p>\n\n\n\n<p>8.3 Y\u00f6nlendirme Program\u0131 \u015fartlar\u0131 \u0130ngiliz hukukuna tabi olacak ve kat\u0131l\u0131mc\u0131lar, yaln\u0131zca \u0130ngiliz mahkemelerinin yetkisini kabul eder.<\/p>\n\n\n\n<p>8.4 TransferGo, bu Bonus\u2019un \u00f6demesini kendi takdirine ba\u011fl\u0131 olarak reddetme hakk\u0131n\u0131 sakl\u0131 tutar.<\/p>\n\n\n\n<p>8.5 TransferGo, Bonus\u2019u tamamen kendi takdirine ba\u011fl\u0131 olarak de\u011fi\u015ftirme veya geri \u00e7ekme hakk\u0131n\u0131 sakl\u0131 tutar.<\/p>\n\n\n\n<p>8.6 TransferGo, Referans Program\u0131n\u0131 herhangi bir zamanda, bildirimde bulunmaks\u0131z\u0131n sonland\u0131rma hakk\u0131n\u0131 sakl\u0131 tutar.<\/p>\n\n\n\n<p>8.7 TransferGo, Program \u015eartlar\u0131n\u0131 herhangi bir zamanda de\u011fi\u015ftirme hakk\u0131n\u0131 sakl\u0131 tutar.<\/p>\n\n\n\n<p><strong>9. Mevcut teklif<\/strong><\/p>\n\n\n\n<p>9.1 Belirli d\u00f6nemlerde, uygun kullan\u0131c\u0131lar\u0131n bir k\u0131sm\u0131na (devam eden program\u0131m\u0131z\u0131n yan\u0131 s\u0131ra) \u00f6d\u00fcller sunuyoruz. Bu \u00f6d\u00fcllere uygun oldu\u011funuzda, profilinize giri\u015f yapt\u0131\u011f\u0131n\u0131zda bilgilendirileceksiniz.<\/p>\n\n\n\n<div class=\"wp-block-buttons is-layout-flex wp-block-buttons-is-layout-flex\">\n<div class=\"wp-block-button is-style-button-with-arrow\"><a class=\"wp-block-button__link wp-element-button\" href=\"https:\/\/app.transfergo.com\/tr\/register\" target=\"_blank\" rel=\"noopener\">\u015eimdi para g\u00f6nderin<\/a><\/div>\n<\/div>\n<\/div><\/section>\n\n\n\n<p><\/p>\n","protected":false},"excerpt":{"rendered":"","protected":false},"author":1,"featured_media":718157,"parent":1232,"menu_order":0,"comment_status":"closed","ping_status":"closed","template":"page-with-short-footer","meta":{"hideMenuColor":false,"footnotes":""},"class_list":["post-2593","page","type-page","status-publish","has-post-thumbnail","hentry"],"jetpack_sharing_enabled":true,"hideMenuColor":"","_links":{"self":[{"href":"https:\/\/wpvip.tgalpha.com\/tr\/wp-json\/wp\/v2\/pages\/2593","targetHints":{"allow":["GET"]}}],"collection":[{"href":"https:\/\/wpvip.tgalpha.com\/tr\/wp-json\/wp\/v2\/pages"}],"about":[{"href":"https:\/\/wpvip.tgalpha.com\/tr\/wp-json\/wp\/v2\/types\/page"}],"author":[{"embeddable":true,"href":"https:\/\/wpvip.tgalpha.com\/tr\/wp-json\/wp\/v2\/users\/1"}],"replies":[{"embeddable":true,"href":"https:\/\/wpvip.tgalpha.com\/tr\/wp-json\/wp\/v2\/comments?post=2593"}],"version-history":[{"count":4,"href":"https:\/\/wpvip.tgalpha.com\/tr\/wp-json\/wp\/v2\/pages\/2593\/revisions"}],"predecessor-version":[{"id":262546,"href":"https:\/\/wpvip.tgalpha.com\/tr\/wp-json\/wp\/v2\/pages\/2593\/revisions\/262546"}],"up":[{"embeddable":true,"href":"https:\/\/wpvip.tgalpha.com\/tr\/wp-json\/wp\/v2\/pages\/1232"}],"wp:featuredmedia":[{"embeddable":true,"href":"https:\/\/wpvip.tgalpha.com\/tr\/wp-json\/wp\/v2\/media\/718157"}],"wp:attachment":[{"href":"https:\/\/wpvip.tgalpha.com\/tr\/wp-json\/wp\/v2\/media?parent=2593"}],"curies":[{"name":"wp","href":"https:\/\/api.w.org\/{rel}","templated":true}]}}