{"id":1412,"date":"2022-08-09T15:21:13","date_gmt":"2022-08-09T15:21:13","guid":{"rendered":"https:\/\/transfergo.wpengine.com\/privacy-policy"},"modified":"2025-10-14T10:35:00","modified_gmt":"2025-10-14T10:35:00","slug":"gizlilik-politikasi","status":"publish","type":"page","link":"https:\/\/wpvip.tgalpha.com\/tr\/gizlilik-politikasi","title":{"rendered":"Gizlilik Politikas\u0131"},"content":{"rendered":"\n<section class=\"wp-block-tg-privacy-policy-hero privacy-policy-hero container-fluid alignfull\" align=\"full\"><div class=\"container\">\n<h1 class=\"wp-block-heading has-text-align-center privacy-policy-hero__title has-blue-900-color has-text-color\">TransferGo<br>Gizlilik Politikas\u0131<\/h1>\n\n\n\n<p class=\"has-text-align-center privacy-policy-hero__text has-blue-900-color has-text-color has-medium-font-size\">Kimse sayfalarca yasal politika okumaktan ho\u015flanmaz. \u0130\u015fte gizlilik haklar\u0131n\u0131z \u2013 \u00fcstelik hepsi tek bir sayfada.<br><\/p>\n<\/div><\/section>\n\n\n\n<section class=\"wp-block-tg-privacy-policy-cards-repeater privacy-policy-cards-repeater container-fluid\"><div class=\"container\"><div class=\"privacy-policy-cards-repeater__wrapper\">\n<div class=\"wp-block-tg-privacy-policy-small-card privacy-policy-small-card\">\n<h3 class=\"wp-block-heading has-text-align-left privacy-policy-small-card__title has-blue-900-color has-text-color\">A\u015fa\u011f\u0131daki haklara sahipsiniz\u2026<\/h3>\n\n\n\n<div class=\"wp-block-button privacy-policy-small-card__button is-style-button-blue-with-arrow-no-background\"><a class=\"wp-block-button__link has-text-align-center wp-element-button\" href=\"https:\/\/wpvip.tgalpha.com\/tr\/gizlilik-politikasi\/tamami#your-rights\">Haklar\u0131n\u0131z hakk\u0131nda daha fazla bilgi<\/a><\/div>\n\n\n\n<ul class=\"wp-block-list privacy-policy-small-card__list is-style-with-circle-icon has-blue-900-color has-text-color has-medium-font-size\">\n<li>verilerinizi tam olarak nas\u0131l kulland\u0131\u011f\u0131m\u0131z hakk\u0131nda bilgilendirilme hakk\u0131<\/li>\n\n\n\n<li>verilerinizi g\u00f6rme, d\u00fczeltme ve silme talebi hakk\u0131<\/li>\n\n\n\n<li>pazarlama iletilerini iptal etme hakk\u0131<\/li>\n\n\n\n<li>onay\u0131n\u0131z\u0131 istedi\u011finiz zaman geri \u00e7ekme hakk\u0131<\/li>\n<\/ul>\n<\/div>\n\n\n\n<div class=\"wp-block-tg-privacy-policy-small-card privacy-policy-small-card\">\n<h3 class=\"wp-block-heading has-text-align-left privacy-policy-small-card__title has-blue-900-color has-text-color\">S\u00f6z veriyoruz ki\u2026<\/h3>\n\n\n\n<ul class=\"wp-block-list privacy-policy-small-card__list is-style-with-circle-icon has-blue-900-color has-text-color has-medium-font-size\">\n<li>ki\u015fisel verilerinizi her zaman g\u00fcvende ve gizli tutaca\u011f\u0131z<\/li>\n\n\n\n<li>verilerinizi asla satmayaca\u011f\u0131z<\/li>\n\n\n\n<li>gizlilik ayarlar\u0131n\u0131z\u0131 istedi\u011finiz zaman g\u00f6zden ge\u00e7irmenize ve y\u00f6netmenize izin verece\u011fiz<\/li>\n<\/ul>\n<\/div>\n\n\n\n<div class=\"wp-block-tg-privacy-policy-large-card privacy-policy-large-card\">\n<h3 class=\"wp-block-heading has-text-align-left privacy-policy-large-card__title has-blue-900-color has-text-color\">Hangi verileri ne zaman topluyoruz?<\/h3>\n\n\n\n<div class=\"wp-block-button privacy-policy-large-card__button is-style-button-blue-with-arrow-no-background\"><a class=\"wp-block-button__link has-text-align-center wp-element-button\" href=\"https:\/\/wpvip.tgalpha.com\/tr\/gizlilik-politikasi\/tamami#collecting-your-data\">Hangi verileri ne zaman toplad\u0131\u011f\u0131m\u0131zla ilgili daha fazla bilgi<\/a><\/div>\n\n\n\n<div class=\"wp-block-tg-privacy-policy-card-items-repeater card-items-repeater\">\n<div class=\"wp-block-tg-privacy-policy-card-item card-item\">\n<h5 class=\"wp-block-heading has-text-align-left card-item__title has-blue-900-color has-text-color\">Sizinle ilgili veriler<\/h5>\n\n\n\n<p class=\"has-text-align-left card-item__text has-blue-900-color has-text-color has-medium-font-size\">kay\u0131t oldu\u011funuzda, formlar\u0131 doldurdu\u011funuzda veya bize ula\u015ft\u0131\u011f\u0131n\u0131zda<\/p>\n<\/div>\n\n\n\n<div class=\"wp-block-tg-privacy-policy-card-item card-item\">\n<h5 class=\"wp-block-heading has-text-align-left card-item__title has-blue-900-color has-text-color\">Konumunuzla ilgili veriler<\/h5>\n\n\n\n<p class=\"has-text-align-left card-item__text has-blue-900-color has-text-color has-medium-font-size\">konum hizmetleri a\u00e7\u0131k oldu\u011funda<\/p>\n<\/div>\n\n\n\n<div class=\"wp-block-tg-privacy-policy-card-item card-item\">\n<h5 class=\"wp-block-heading has-text-align-left card-item__title has-blue-900-color has-text-color\">Cihaz\u0131n\u0131zdaki veriler<\/h5>\n\n\n\n<p class=\"has-text-align-left card-item__text has-blue-900-color has-text-color has-medium-font-size\">TransferGo\u2019yu her kulland\u0131\u011f\u0131n\u0131zda<\/p>\n<\/div>\n\n\n\n<div class=\"wp-block-tg-privacy-policy-card-item card-item\">\n<h5 class=\"wp-block-heading has-text-align-left card-item__title has-blue-900-color has-text-color\">Ba\u015fkalar\u0131ndan gelen veriler<\/h5>\n\n\n\n<p class=\"has-text-align-left card-item__text has-blue-900-color has-text-color has-medium-font-size\">form g\u00f6nderdi\u011finizde veya i\u015flemleri kontrol etti\u011fimizde<\/p>\n<\/div>\n<\/div>\n<\/div>\n\n\n\n<div class=\"wp-block-tg-privacy-policy-small-card privacy-policy-small-card\">\n<h3 class=\"wp-block-heading has-text-align-left privacy-policy-small-card__title has-blue-900-color has-text-color\">Verilerinize \u015fu sebeplerden dolay\u0131 ihtiya\u00e7 duyuyoruz\u2026<\/h3>\n\n\n\n<div class=\"wp-block-button privacy-policy-small-card__button is-style-button-blue-with-arrow-no-background\"><a class=\"wp-block-button__link has-text-align-center wp-element-button\" href=\"https:\/\/wpvip.tgalpha.com\/tr\/gizlilik-politikasi\/tamami#how-and-when-we-use-your-data\">Sorumluluklar\u0131m\u0131z hakk\u0131nda daha fazla bilgi<\/a><\/div>\n\n\n\n<ul class=\"wp-block-list privacy-policy-small-card__list is-style-with-circle-icon has-blue-900-color has-text-color has-medium-font-size\">\n<li>uygulamam\u0131z\u0131n sorunsuzca \u00e7al\u0131\u015fmas\u0131n\u0131 sa\u011flamak<\/li>\n\n\n\n<li>doland\u0131r\u0131c\u0131l\u0131\u011fa kar\u015f\u0131 korumak<\/li>\n\n\n\n<li>be\u011fenece\u011finizi d\u00fc\u015f\u00fcnd\u00fc\u011f\u00fcm\u00fcz sizlere \u00f6nermek (dilerseniz deaktive edebilirsiniz)<\/li>\n\n\n\n<li>hizmetimizi geli\u015ftirmek<\/li>\n\n\n\n<li>yasalara uymak<\/li>\n<\/ul>\n<\/div>\n\n\n\n<div class=\"wp-block-tg-privacy-policy-small-card privacy-policy-small-card\">\n<h3 class=\"wp-block-heading has-text-align-left privacy-policy-small-card__title has-blue-900-color has-text-color\">Kimlerle bilgi payla\u015f\u0131yoruz?<\/h3>\n\n\n\n<div class=\"wp-block-button privacy-policy-small-card__button is-style-button-blue-with-arrow-no-background\"><a class=\"wp-block-button__link has-text-align-center wp-element-button\" href=\"https:\/\/wpvip.tgalpha.com\/tr\/gizlilik-politikasi\/tamami#sharing-your-information-with-others\">Verileri nas\u0131l payla\u015ft\u0131\u011f\u0131m\u0131z hakk\u0131nda daha fazla bilgi<\/a><\/div>\n\n\n\n<ul class=\"wp-block-list privacy-policy-small-card__list is-style-with-circle-icon has-blue-900-color has-text-color has-medium-font-size\">\n<li>hizmet verenlerle (\u00f6rne\u011fin kimlik kontrolleri yapan \u00fc\u00e7\u00fcnc\u00fc taraflarla)<\/li>\n\n\n\n<li>yasal nedenlerden \u00f6t\u00fcr\u00fc baz\u0131 kurumlarla<\/li>\n\n\n\n<li>sosyal medya platformlar\u0131 ile<\/li>\n<\/ul>\n<\/div>\n\n\n\n<div class=\"wp-block-tg-privacy-policy-large-card privacy-policy-large-card\">\n<h3 class=\"wp-block-heading has-text-align-left privacy-policy-large-card__title has-blue-900-color has-text-color\">\u015eunlar\u0131 da bilmenizde fayda var \u2026<\/h3>\n\n\n\n<div class=\"wp-block-button privacy-policy-large-card__button is-style-button-blue-with-arrow-no-background\"><a class=\"wp-block-button__link has-text-align-center wp-element-button\" href=\"https:\/\/wpvip.tgalpha.com\/tr\/gizlilik-politikasi\/tamami#protecting-your-personal-data\">Daha fazla bilgi<\/a><\/div>\n\n\n\n<div class=\"wp-block-tg-privacy-policy-card-items-repeater card-items-repeater\">\n<div class=\"wp-block-tg-privacy-policy-card-item card-item\">\n<h5 class=\"wp-block-heading has-text-align-left card-item__title has-blue-900-color has-text-color\">\u00c7erezler kullan\u0131yoruz<\/h5>\n\n\n\n<p class=\"has-text-align-left card-item__text has-blue-900-color has-text-color has-medium-font-size\">daha iyi bir deneyim sunabilmek i\u00e7in<\/p>\n<\/div>\n\n\n\n<div class=\"wp-block-tg-privacy-policy-card-item card-item\">\n<h5 class=\"wp-block-heading has-text-align-left card-item__title has-blue-900-color has-text-color\">Verilerinizi sakl\u0131yoruz<\/h5>\n\n\n\n<p class=\"has-text-align-left card-item__text has-blue-900-color has-text-color has-medium-font-size\">8 y\u0131la kadar (kanunen)<\/p>\n<\/div>\n\n\n\n<div class=\"wp-block-tg-privacy-policy-card-item card-item\">\n<h5 class=\"wp-block-heading has-text-align-left card-item__title has-blue-900-color has-text-color\">Hesab\u0131n\u0131z\u0131 koruyoruz<\/h5>\n\n\n\n<p class=\"has-text-align-left card-item__text has-blue-900-color has-text-color has-medium-font-size\">son derece g\u00fc\u00e7l\u00fc bir g\u00fcvenlikle<\/p>\n<\/div>\n<\/div>\n<\/div>\n<\/div><\/div><\/section>\n\n\n\n<section class=\"wp-block-tg-privacy-policy-text privacy-policy-text container-fluid\"><div class=\"container\">\n<p class=\"has-text-align-center privacy-policy-text__text has-blue-900-color has-text-color\">Gizlilik konusunda sorular\u0131n\u0131z m\u0131 var?\u00a0<a href=\"mailto:dpo@transfergo.com\"><mark style=\"background-color:rgba(0, 0, 0, 0)\" class=\"has-inline-color has-blue-500-color\">dpo@transfergo.com<\/mark><\/a>. adresine e-posta g\u00f6nderin. Bizim hakk\u0131m\u0131zda \u015fikayet mi etmek istiyorsunuz? Yerel veri koruma yetkililerine ba\u015fvurun.<\/p>\n<\/div><\/section>\n","protected":false},"excerpt":{"rendered":"","protected":false},"author":1,"featured_media":718157,"parent":0,"menu_order":0,"comment_status":"closed","ping_status":"closed","template":"page-with-short-footer","meta":{"hideMenuColor":true,"footnotes":""},"class_list":["post-1412","page","type-page","status-publish","has-post-thumbnail","hentry"],"jetpack_sharing_enabled":true,"hideMenuColor":"1","_links":{"self":[{"href":"https:\/\/wpvip.tgalpha.com\/tr\/wp-json\/wp\/v2\/pages\/1412","targetHints":{"allow":["GET"]}}],"collection":[{"href":"https:\/\/wpvip.tgalpha.com\/tr\/wp-json\/wp\/v2\/pages"}],"about":[{"href":"https:\/\/wpvip.tgalpha.com\/tr\/wp-json\/wp\/v2\/types\/page"}],"author":[{"embeddable":true,"href":"https:\/\/wpvip.tgalpha.com\/tr\/wp-json\/wp\/v2\/users\/1"}],"replies":[{"embeddable":true,"href":"https:\/\/wpvip.tgalpha.com\/tr\/wp-json\/wp\/v2\/comments?post=1412"}],"version-history":[{"count":1,"href":"https:\/\/wpvip.tgalpha.com\/tr\/wp-json\/wp\/v2\/pages\/1412\/revisions"}],"predecessor-version":[{"id":231823,"href":"https:\/\/wpvip.tgalpha.com\/tr\/wp-json\/wp\/v2\/pages\/1412\/revisions\/231823"}],"wp:featuredmedia":[{"embeddable":true,"href":"https:\/\/wpvip.tgalpha.com\/tr\/wp-json\/wp\/v2\/media\/718157"}],"wp:attachment":[{"href":"https:\/\/wpvip.tgalpha.com\/tr\/wp-json\/wp\/v2\/media?parent=1412"}],"curies":[{"name":"wp","href":"https:\/\/api.w.org\/{rel}","templated":true}]}}