{"id":1322,"date":"2022-08-29T07:37:28","date_gmt":"2022-08-29T07:37:28","guid":{"rendered":"https:\/\/transfergo.wpengine.com\/story"},"modified":"2024-10-08T11:00:58","modified_gmt":"2024-10-08T11:00:58","slug":"hikayemiz","status":"publish","type":"page","link":"https:\/\/wpvip.tgalpha.com\/tr\/hikayemiz","title":{"rendered":"Hikayemiz"},"content":{"rendered":"\n<h1 class=\"wp-block-heading\">Tam hikaye<\/h1>\n\n\n\n<h1 class=\"wp-block-heading\"><mark class=\"has-inline-color has-blue-500-color\">Nas\u0131l ba\u015flad\u0131<\/mark><\/h1>\n\n\n\n<section class=\"wp-block-tg-photo-and-text container-fluid photo-and-text\"><div class=\"container\">\n<div class=\"wp-block-media-text is-stacked-on-mobile photo-and-text__container\"><figure class=\"wp-block-media-text__media\"><img loading=\"lazy\" decoding=\"async\" width=\"677\" height=\"432\" src=\"https:\/\/wpvip.tgalpha.com\/wp-content\/uploads\/2024\/06\/human-image.jpg\" alt=\"\" class=\"wp-image-70985 size-full\" srcset=\"https:\/\/wpvip.tgalpha.com\/wp-content\/uploads\/2024\/06\/human-image.jpg 677w, https:\/\/wpvip.tgalpha.com\/wp-content\/uploads\/2024\/06\/human-image.jpg?resize=300,191 300w\" sizes=\"auto, (max-width: 677px) 100vw, 677px\" \/><\/figure><div class=\"wp-block-media-text__content\">\n<p class=\"photo-and-text__paragraph has-blue-900-color has-text-color has-medium-font-size\">Hayat\u0131n\u0131z\u0131 kolayla\u015ft\u0131rmak i\u00e7in buraday\u0131z. \u0130ster fatura \u00f6d\u00fcyor olun, ister ailenize destek olun, ister i\u015fletmelere yard\u0131m edin, ister acil durumlarla u\u011fra\u015f\u0131n; h\u0131zl\u0131 ve az masrafl\u0131 para transferlerini g\u00fcvenli ve emniyetli bir \u015fekilde yapabilmenizi istiyoruz. Neden mi? \u00c7\u00fcnk\u00fc yak\u0131n zamana kadar uluslararas\u0131 para transferi yapmak tam bir kabustu.<\/p>\n<\/div><\/div>\n<\/div><\/section>\n\n\n\n<section class=\"wp-block-tg-story-text-and-image container-fluid story-text-and-image story-text-and-image--transparent-rectangle-right\"><div class=\"container\">\n<div class=\"wp-block-media-text has-media-on-the-right is-stacked-on-mobile story-text-and-image__container\"><div class=\"wp-block-media-text__content\">\n<h3 class=\"wp-block-heading story-text-and-image__heading has-blue-900-color has-text-color\"><br>TransferGo&#8217;nun do\u011fu\u015fu<\/h3>\n\n\n\n<p>Y\u0131l 2012&#8217;ydi ve yurtd\u0131\u015f\u0131nda ithalat ve ihracat i\u015fine ba\u015flayan d\u00f6rt gen\u00e7 profesyoneldik. Ancak uluslararas\u0131 para transferi yapmak her zaman bir sorundu. Litvanya&#8217;da faturalar\u0131m\u0131z\u0131 \u00f6demekten tedarik\u00e7ilere para g\u00f6ndermeye bir\u00e7ok konuda olduk\u00e7a zorland\u0131k: y\u00fcksek \u00fccretler, yava\u015f transferler, s\u0131f\u0131r m\u00fc\u015fteri memnuniyeti ve kiosk kuyruklar\u0131nda saatlerce beklemek olduk\u00e7a can s\u0131k\u0131c\u0131yd\u0131.<\/p>\n\n\n\n<p>Neden y\u0131l 2012 olmu\u015fken basit bir para transferi yapmak i\u00e7in h\u00e2l\u00e2  bankalara gitmek zorundayd\u0131k? Bir transferimiz s\u0131ras\u0131nda param\u0131z yaln\u0131zca yanl\u0131\u015f \u00fclkeye de\u011fil, yanl\u0131\u015f para biriminde de g\u00f6nderilmi\u015fti ve bu hatalar\u0131ndan dolay\u0131 bize tazminat bile \u00f6denmedi\u011finde, art\u0131k sabr\u0131m\u0131z ta\u015fm\u0131\u015ft\u0131 ve bir de\u011fi\u015fime ihtiya\u00e7 vard\u0131. Uluslararas\u0131 para transferi sekt\u00f6r\u00fcn\u00fc tamamen sarsmak istedik. \u00dcst\u00fcn m\u00fc\u015fteri hizmetleriyle benzersiz bir i\u015f modeli yaratt\u0131k. \u0130\u015fte o zaman TransferGo do\u011fdu.<\/p>\n<\/div><figure class=\"wp-block-media-text__media\"><img loading=\"lazy\" decoding=\"async\" width=\"451\" height=\"453\" src=\"https:\/\/wpvip.tgalpha.com\/wp-content\/uploads\/2024\/06\/Story-2-1.png\" alt=\"\" class=\"wp-image-71047 size-full\" srcset=\"https:\/\/wpvip.tgalpha.com\/wp-content\/uploads\/2024\/06\/Story-2-1.png 451w, https:\/\/wpvip.tgalpha.com\/wp-content\/uploads\/2024\/06\/Story-2-1.png?resize=150,150 150w, https:\/\/wpvip.tgalpha.com\/wp-content\/uploads\/2024\/06\/Story-2-1.png?resize=300,300 300w\" sizes=\"auto, (max-width: 451px) 100vw, 451px\" \/><\/figure><\/div>\n<\/div><\/section>\n\n\n\n<section class=\"wp-block-tg-story-text-and-image container-fluid story-text-and-image story-text-and-image--yellow-circle-left\"><div class=\"container\">\n<div class=\"wp-block-media-text is-stacked-on-mobile story-text-and-image__container\"><figure class=\"wp-block-media-text__media\"><img loading=\"lazy\" decoding=\"async\" width=\"451\" height=\"451\" src=\"https:\/\/wpvip.tgalpha.com\/wp-content\/uploads\/2024\/06\/Story-3-1.png\" alt=\"\" class=\"wp-image-71058 size-full\" srcset=\"https:\/\/wpvip.tgalpha.com\/wp-content\/uploads\/2024\/06\/Story-3-1.png 451w, https:\/\/wpvip.tgalpha.com\/wp-content\/uploads\/2024\/06\/Story-3-1.png?resize=150,150 150w, https:\/\/wpvip.tgalpha.com\/wp-content\/uploads\/2024\/06\/Story-3-1.png?resize=300,300 300w\" sizes=\"auto, (max-width: 451px) 100vw, 451px\" \/><\/figure><div class=\"wp-block-media-text__content\">\n<h3 class=\"wp-block-heading story-text-and-image__heading has-blue-900-color has-text-color\">Zor ba\u015flang\u0131\u00e7lar<\/h3>\n\n\n\n<p>Bir i\u015fletme kurmak hi\u00e7bir zaman kolay de\u011fildir. Bizim i\u00e7in de durum pek farkl\u0131 olmad\u0131. Alt\u0131 ay boyunca d\u00fczenleyici lisans almay\u0131 denedik. Bize yard\u0131mc\u0131 olacak bir banka bulmak i\u00e7in d\u00f6rt ay daha bekledik. Bu s\u0131rada bir y\u0131ll\u0131k ki\u015fisel birikimlerimizi \u00e7oktan harcam\u0131\u015ft\u0131k. Tam i\u015fler d\u00fczelirken ve m\u00fc\u015fteri geri bildirimleri olumluyken, ba\u015fka bir aksilik daha ya\u015fad\u0131k.<\/p>\n\n\n\n<p>Lisansl\u0131 ve tam uyumlu bir finans kurumu olmam\u0131za ra\u011fmen bankam\u0131zdan bizi kapatacaklar\u0131n\u0131 belirten bir mektup ald\u0131k. \u00dcstelik nedensiz yere ve herhangi bir gerek\u00e7e sunmadan. Bunu sadece yapabildikleri i\u00e7in yapt\u0131lar. Nedenini sordu\u011fumuzda ise bize bunu s\u00f6ylemenin &#8216;politikalar\u0131na ayk\u0131r\u0131&#8217; oldu\u011fu s\u00f6ylendi.Bu noktadan sonra \u015firketi kurtarmak i\u00e7in 90 g\u00fcn\u00fcm\u00fcz vard\u0131.<\/p>\n\n\n\n<p>T\u00fcm zorluklara ra\u011fmen TransferGo&#8217;nun m\u00fc\u015fterilerimizin ya\u015famlar\u0131 \u00fczerinde anlaml\u0131 bir etki yaratt\u0131\u011f\u0131n\u0131 biliyorduk ve bundan vazge\u00e7mek istemedik. Tam zaman\u0131nda bizimle \u00e7al\u0131\u015facak ba\u015fka bir banka bulmay\u0131 ba\u015fard\u0131k. B\u00f6ylece \u015firket \u00e7al\u0131\u015fmalar\u0131na devam etti. O zamandan beri, her y\u0131l daha da fazla say\u0131da ki\u015finin para transferi yapmas\u0131na yard\u0131mc\u0131 olabiliyoruz.<\/p>\n<\/div><\/div>\n<\/div><\/section>\n\n\n\n<section class=\"wp-block-tg-story-text-and-image container-fluid story-text-and-image story-text-and-image--none\"><div class=\"container\">\n<div class=\"wp-block-media-text has-media-on-the-right is-stacked-on-mobile story-text-and-image__container\"><div class=\"wp-block-media-text__content\">\n<h3 class=\"wp-block-heading story-text-and-image__heading has-blue-900-color has-text-color\">Ba\u015far\u0131ya giden yol<\/h3>\n\n\n\n<p>Zorlu g\u00fcnlerimizden itibaren art\u0131k baz\u0131 tutumlarda de\u011fi\u015fiklik g\u00f6rmeye ba\u015flam\u0131\u015ft\u0131k. Bankalar yenilik\u00e7i fintech \u015firketleriyle ortakl\u0131k kurmaya daha istekliydi. Bug\u00fcnlerde d\u00fcnya \u00e7ap\u0131nda 30&#8217;dan fazla \u015firketle \u00e7al\u0131\u015f\u0131yoruz; ba\u015flang\u0131\u00e7ta bir tane bile bulmakta zorlan\u0131rken bu say\u0131 olduk\u00e7a b\u00fcy\u00fck bir d\u00f6n\u00fc\u015f\u00fcm.<\/p>\n\n\n\n<p>Ve yaratt\u0131\u011f\u0131m\u0131z olu\u015fumun fark edilmesinden olduk\u00e7a mutluyuz. TechCrunch Europa Awards 2018&#8217;de En H\u0131zl\u0131 Y\u00fckselen Start-up \u00f6d\u00fcl\u00fcne aday g\u00f6sterildik ve TNW taraf\u0131ndan Birle\u015fik Krall\u0131k&#8217;taki en h\u0131zl\u0131 b\u00fcy\u00fcyen 5 \u015firketten biri se\u00e7ildik.<\/p>\n\n\n\n<p>Ama as\u0131l te\u015fekk\u00fcr etmemiz gereken ki\u015fi sizsiniz. Ailenizi desteklemek ve ekonomiyi canl\u0131 tutmak i\u00e7in perde arkas\u0131nda s\u00fcrekli s\u0131k\u0131 \u00e7al\u0131\u015fan sizler. TransferGo&#8217;yu sizin i\u00e7in kurduk.<\/p>\n<\/div><figure class=\"wp-block-media-text__media\"><img loading=\"lazy\" decoding=\"async\" width=\"450\" height=\"442\" src=\"https:\/\/wpvip.tgalpha.com\/wp-content\/uploads\/2024\/06\/Story-4-1.png\" alt=\"\" class=\"wp-image-71069 size-full\" srcset=\"https:\/\/wpvip.tgalpha.com\/wp-content\/uploads\/2024\/06\/Story-4-1.png 450w, https:\/\/wpvip.tgalpha.com\/wp-content\/uploads\/2024\/06\/Story-4-1.png?resize=300,295 300w\" sizes=\"auto, (max-width: 450px) 100vw, 450px\" \/><\/figure><\/div>\n<\/div><\/section>\n\n\n\n<section class=\"wp-block-tg-story-text-and-image container-fluid story-text-and-image story-text-and-image--blue-rectangle-right\"><div class=\"container\">\n<div class=\"wp-block-media-text is-stacked-on-mobile story-text-and-image__container\"><figure class=\"wp-block-media-text__media\"><img loading=\"lazy\" decoding=\"async\" width=\"450\" height=\"442\" src=\"https:\/\/wpvip.tgalpha.com\/wp-content\/uploads\/2024\/06\/Story-5-1.png\" alt=\"\" class=\"wp-image-71080 size-full\" srcset=\"https:\/\/wpvip.tgalpha.com\/wp-content\/uploads\/2024\/06\/Story-5-1.png 450w, https:\/\/wpvip.tgalpha.com\/wp-content\/uploads\/2024\/06\/Story-5-1.png?resize=300,295 300w\" sizes=\"auto, (max-width: 450px) 100vw, 450px\" \/><\/figure><div class=\"wp-block-media-text__content\">\n<h3 class=\"wp-block-heading story-text-and-image__heading has-blue-900-color has-text-color\">Parlak bir gelecek<\/h3>\n\n\n\n<p class=\"story-text-and-image__paragraph has-blue-900-color has-text-color has-medium-font-size\">2012&#8217;den bu yana \u00e7ok yol kat ettik ama bu sadece ba\u015flang\u0131\u00e7. \u00d6n\u00fcm\u00fczdeki aylarda daha fazla plan\u0131m\u0131z var. \u00dclkeler aras\u0131nda daha fazla rota. Daha fazla para birimi. Daha fazla \u00fcr\u00fcn. Daha fazla teklif. Sonu\u00e7ta daha da fazla ki\u015fiye ula\u015fmak istiyoruz. Zorlukla kazand\u0131\u011f\u0131n\u0131z paran\u0131z\u0131 az masrafla, h\u0131zl\u0131 ve kolay bir \u015fekilde evinize g\u00f6ndermeyi hak ediyorsunuz. Bu f\u0131rsat\u0131 daha da \u00e7ok ki\u015fiye ula\u015ft\u0131rmak istiyoruz.<\/p>\n\n\n\n<div class=\"wp-block-button\"><a class=\"wp-block-button__link wp-element-button\" href=\"https:\/\/app.transfergo.com\/tr\/register\" target=\"_blank\" rel=\"noreferrer noopener\">\u015eimdi para g\u00f6nderin<\/a><\/div>\n<\/div><\/div>\n<\/div><\/section>\n","protected":false},"excerpt":{"rendered":"<p>Tam hikaye Nas\u0131l ba\u015flad\u0131<\/p>\n","protected":false},"author":1,"featured_media":0,"parent":0,"menu_order":0,"comment_status":"closed","ping_status":"closed","template":"","meta":{"hideMenuColor":false,"footnotes":""},"class_list":["post-1322","page","type-page","status-publish","hentry"],"jetpack_sharing_enabled":true,"hideMenuColor":false,"_links":{"self":[{"href":"https:\/\/wpvip.tgalpha.com\/tr\/wp-json\/wp\/v2\/pages\/1322","targetHints":{"allow":["GET"]}}],"collection":[{"href":"https:\/\/wpvip.tgalpha.com\/tr\/wp-json\/wp\/v2\/pages"}],"about":[{"href":"https:\/\/wpvip.tgalpha.com\/tr\/wp-json\/wp\/v2\/types\/page"}],"author":[{"embeddable":true,"href":"https:\/\/wpvip.tgalpha.com\/tr\/wp-json\/wp\/v2\/users\/1"}],"replies":[{"embeddable":true,"href":"https:\/\/wpvip.tgalpha.com\/tr\/wp-json\/wp\/v2\/comments?post=1322"}],"version-history":[{"count":0,"href":"https:\/\/wpvip.tgalpha.com\/tr\/wp-json\/wp\/v2\/pages\/1322\/revisions"}],"wp:attachment":[{"href":"https:\/\/wpvip.tgalpha.com\/tr\/wp-json\/wp\/v2\/media?parent=1322"}],"curies":[{"name":"wp","href":"https:\/\/api.w.org\/{rel}","templated":true}]}}