{"id":1232,"date":"2022-08-29T08:46:03","date_gmt":"2022-08-29T08:46:03","guid":{"rendered":"https:\/\/transfergo.wpengine.com\/terms-and-conditions"},"modified":"2025-10-10T14:51:03","modified_gmt":"2025-10-10T14:51:03","slug":"hukum-ve-kosullarimiz","status":"publish","type":"page","link":"https:\/\/wpvip.tgalpha.com\/tr\/hukum-ve-kosullarimiz","title":{"rendered":"H\u00fck\u00fcm ve Ko\u015fullar\u0131m\u0131z"},"content":{"rendered":"\n<section class=\"wp-block-tg-terms-and-conditions-hero terms-and-conditions-hero container-fluid alignfull\" align=\"full\"><div class=\"container\">\n<h1 class=\"wp-block-heading has-text-align-center terms-and-conditions-hero__title has-blue-900-color has-text-color\">H\u00fck\u00fcm ve<br>Ko\u015fullar\u0131m\u0131z<\/h1>\n<\/div><\/section>\n\n\n\n<section class=\"wp-block-tg-terms-and-conditions-cards-with-button terms-and-conditions-cards-with-button container-fluid alignfull\" align=\"full\"><div class=\"container\">\n<div class=\"wp-block-group terms-and-conditions-cards-with-button__cards-wrapper is-layout-flow wp-block-group-is-layout-flow\">\n<a href=\"https:\/\/wpvip.tgalpha.com\/tr\/hukum-ve-kosullarimiz\/transfergo-litvanya\" class=\"wp-block-tg-terms-and-conditions-card terms-and-conditions-card\">\n<figure class=\"wp-block-image aligncenter terms-and-conditions-card__image\"><img decoding=\"async\" src=\"https:\/\/wpvip.tgalpha.com\/wp-content\/plugins\/transfergo-blocks\/assets\/img\/flags\/EU.svg\" alt=\"\"\/><\/figure>\n\n\n\n<h4 class=\"wp-block-heading has-text-align-center terms-and-conditions-card__title has-blue-500-color has-text-color\">AB\u2019deki kullan\u0131c\u0131lar<\/h4>\n<\/a>\n\n\n\n<a href=\"https:\/\/wpvip.tgalpha.com\/tr\/hukum-ve-kosullarimiz\/transfergo-turkiye\" class=\"wp-block-tg-terms-and-conditions-card terms-and-conditions-card\">\n<figure class=\"wp-block-image aligncenter size-full terms-and-conditions-card__image\"><img decoding=\"async\" src=\"https:\/\/wpvip.tgalpha.com\/es\/wp-content\/uploads\/2024\/11\/turkey\u2022M-1.svg\" alt=\"\" class=\"wp-image-96519\"\/><\/figure>\n\n\n\n<h4 class=\"wp-block-heading has-text-align-center terms-and-conditions-card__title has-blue-500-color has-text-color\">T\u00fcrkiye\u2019deki Kullan\u0131c\u0131lar<\/h4>\n<\/a>\n\n\n\n<a href=\"https:\/\/wpvip.tgalpha.com\/terms-conditions\/business\" class=\"wp-block-tg-terms-and-conditions-card terms-and-conditions-card\">\n<figure class=\"wp-block-image aligncenter size-full terms-and-conditions-card__image\"><img decoding=\"async\" src=\"https:\/\/wpvip.tgalpha.com\/gb\/wp-content\/uploads\/2024\/12\/biz.svg\" alt=\"\" class=\"wp-image-98618\"\/><\/figure>\n\n\n\n<h4 class=\"wp-block-heading has-text-align-center terms-and-conditions-card__title has-blue-500-color has-text-color\">\u0130\u015fletme hesab\u0131 kullan\u0131c\u0131lar\u0131<\/h4>\n<\/a>\n<\/div>\n<\/div><\/section>\n","protected":false},"excerpt":{"rendered":"","protected":false},"author":1,"featured_media":718157,"parent":0,"menu_order":0,"comment_status":"closed","ping_status":"closed","template":"","meta":{"hideMenuColor":true,"footnotes":""},"class_list":["post-1232","page","type-page","status-publish","has-post-thumbnail","hentry"],"jetpack_sharing_enabled":true,"hideMenuColor":"1","_links":{"self":[{"href":"https:\/\/wpvip.tgalpha.com\/tr\/wp-json\/wp\/v2\/pages\/1232","targetHints":{"allow":["GET"]}}],"collection":[{"href":"https:\/\/wpvip.tgalpha.com\/tr\/wp-json\/wp\/v2\/pages"}],"about":[{"href":"https:\/\/wpvip.tgalpha.com\/tr\/wp-json\/wp\/v2\/types\/page"}],"author":[{"embeddable":true,"href":"https:\/\/wpvip.tgalpha.com\/tr\/wp-json\/wp\/v2\/users\/1"}],"replies":[{"embeddable":true,"href":"https:\/\/wpvip.tgalpha.com\/tr\/wp-json\/wp\/v2\/comments?post=1232"}],"version-history":[{"count":4,"href":"https:\/\/wpvip.tgalpha.com\/tr\/wp-json\/wp\/v2\/pages\/1232\/revisions"}],"predecessor-version":[{"id":238052,"href":"https:\/\/wpvip.tgalpha.com\/tr\/wp-json\/wp\/v2\/pages\/1232\/revisions\/238052"}],"wp:featuredmedia":[{"embeddable":true,"href":"https:\/\/wpvip.tgalpha.com\/tr\/wp-json\/wp\/v2\/media\/718157"}],"wp:attachment":[{"href":"https:\/\/wpvip.tgalpha.com\/tr\/wp-json\/wp\/v2\/media?parent=1232"}],"curies":[{"name":"wp","href":"https:\/\/api.w.org\/{rel}","templated":true}]}}