{"id":104881,"date":"2025-01-23T11:35:13","date_gmt":"2025-01-23T11:35:13","guid":{"rendered":"https:\/\/wpvip.tgalpha.com\/?page_id=104881"},"modified":"2026-02-11T14:41:20","modified_gmt":"2026-02-11T14:41:20","slug":"musteri-hikayeleri","status":"publish","type":"page","link":"https:\/\/wpvip.tgalpha.com\/tr\/isletme\/musteri-hikayeleri","title":{"rendered":"SME Customer Stories (TR)"},"content":{"rendered":"\n<section class=\"wp-block-tg-hero-text-and-image hero-text-and-image container-fluid alignfull has-blue-900-background-color has-background\" align=\"full\"><div class=\"container\">\n<div class=\"wp-block-columns hero-text-and-image__columns is-layout-flex wp-container-core-columns-is-layout-28f84493 wp-block-columns-is-layout-flex\">\n<div class=\"wp-block-column hero-text-and-image__column is-layout-flow wp-block-column-is-layout-flow\">\n<p class=\"hero-text-and-image__subheading is-style-h6-higher-header-style has-blue-900-color has-text-color\"><mark style=\"background-color:rgba(0, 0, 0, 0)\" class=\"has-inline-color has-bw-100-color\">TransferGo \u0130\u015fletme M\u00fc\u015fteri Hikayeleri<\/mark><\/p>\n\n\n\n<h1 class=\"wp-block-heading hero-text-and-image__heading is-style-h1-higher-header-style has-bw-100-color has-text-color\">Ger\u00e7ek hikayeler, <mark style=\"background-color:rgba(0, 0, 0, 0)\" class=\"has-inline-color has-yellow-color\">ger\u00e7ek ba\u015far\u0131lar.<\/mark><\/h1>\n\n\n\n<p class=\"hero-text-and-image__paragraph is-style-h6-higher-header-style has-blue-900-color has-text-color\"><mark style=\"background-color:rgba(0, 0, 0, 0)\" class=\"has-inline-color has-bw-100-color\">Amac\u0131m\u0131z basit\u2014b\u00fcy\u00fck hedefleri olan i\u015fletmelere finansal operasyonlar\u0131n\u0131 kolayla\u015ft\u0131rmalar\u0131nda ve geli\u015fmelerinde yard\u0131mc\u0131 olmak.<\/mark><\/p>\n\n\n\n<p class=\"hero-text-and-image__paragraph has-blue-900-color has-text-color\"><mark style=\"background-color:rgba(0, 0, 0, 0)\" class=\"has-inline-color has-bw-100-color\">Farkl\u0131 sekt\u00f6rlerdeki i\u015fletmelerin, uluslararas\u0131 i\u015f \u00f6demelerini kolayla\u015ft\u0131rmak i\u00e7in TransferGo&#8217;yu nas\u0131l ba\u015far\u0131l\u0131 bir \u015fekilde kulland\u0131klar\u0131n\u0131 ve \u00f6deme s\u00fcre\u00e7lerini h\u0131zland\u0131rmaktan i\u015flem maliyetlerini azaltmaya ve k\u00e2rlar\u0131 maksimize etmeye kadar bir\u00e7ok somut fayda sa\u011flad\u0131klar\u0131n\u0131 ke\u015ffedin.<\/mark><\/p>\n\n\n\n<div class=\"wp-block-buttons hero-text-and-image__buttons is-layout-flex wp-block-buttons-is-layout-flex\">\n<div class=\"wp-block-button hero-text-and-image__button is-style-button-with-arrow-light\"><a class=\"wp-block-button__link wp-element-button\" href=\"https:\/\/app.transfergo.com\/tr\/register\/business\" target=\"_blank\" rel=\"noreferrer noopener\">Ba\u015flay\u0131n<\/a><\/div>\n<\/div>\n<\/div>\n\n\n\n<div class=\"wp-block-column hero-text-and-image__column is-layout-flow wp-block-column-is-layout-flow\">\n<figure class=\"wp-block-image hero-text-and-image__image\"><img decoding=\"async\" src=\"https:\/\/wpvip.tgalpha.com\/wp-content\/plugins\/transfergo-blocks\/assets\/img\/hero-text-and-image\/hero-business-customer-stories.webp\" alt=\"\"\/><\/figure>\n<\/div>\n<\/div>\n<\/div><\/section>\n\n\n\n<section class=\"wp-block-tg-business-case-studies-with-title business-case-studies-with-title container-fluid\"><div class=\"container\">\n<h2 class=\"wp-block-heading has-text-align-center business-case-studies-with-title__title has-blue-900-color has-text-color\">TransferGo \u0130\u015fletme Vaka \u00c7al\u0131\u015fmalar\u0131n\u0131 Ke\u015ffedin<\/h2>\n\n\n\n<p class=\"has-text-align-center business-case-studies-with-title__subtitle is-style-h4-higher-header-style has-blue-900-color has-text-color has-medium-font-size\">Di\u011fer sekt\u00f6rlerden i\u015fletmelerin, TransferGo&#8217;nun platformunu kullanarak daha h\u0131zl\u0131 ve daha g\u00fcvenli, k\u00e2r dostu uluslararas\u0131 \u00f6demeler deneyimlediklerini \u00f6\u011frenin.<\/p>\n\n\n\n<div class=\"wp-block-query is-layout-flow wp-block-query-is-layout-flow\">\n\n<\/div>\n<\/div><\/section>\n\n\n\n<section class=\"wp-block-tg-text-with-button-and-images text-with-button-and-images container-fluid alignfull has-background-color has-bw-200-background-color\" align=\"full\"><div class=\"container\">\n<div class=\"wp-block-columns text-with-button-and-images__columns is-layout-flex wp-container-core-columns-is-layout-28f84493 wp-block-columns-is-layout-flex\">\n<div class=\"wp-block-column text-with-button-and-images__column is-layout-flow wp-block-column-is-layout-flow\">\n<div class=\"wp-block-group text-with-button-and-images__text-wrapper is-layout-flow wp-block-group-is-layout-flow\">\n<h2 class=\"wp-block-heading has-text-align-left text-with-button-and-images__heading has-blue-900-color has-text-color\">Bu m\u00fc\u015fteri ba\u015far\u0131 hikayeleri aras\u0131nda yer almaya haz\u0131r m\u0131s\u0131n\u0131z?<\/h2>\n\n\n\n<p class=\"has-text-align-left text-with-button-and-images__paragraph has-blue-900-color has-text-color has-medium-font-size\">TransferGo \u0130\u015fletme, \u015firketinizin k\u00fcresel \u00f6l\u00e7ekte b\u00fcy\u00fcmesi ve geli\u015fmesi i\u00e7in gereken esnekli\u011fi ve g\u00fcvenilirli\u011fi sunar.<\/p>\n\n\n\n<div class=\"wp-block-button text-with-button-and-images__button is-style-button-with-arrow\"><a class=\"wp-block-button__link has-text-align-center wp-element-button\" href=\"https:\/\/wpvip.tgalpha.com\/tr\/isletme\">Daha fazla \u00f6\u011frenin<\/a><\/div>\n<\/div>\n<\/div>\n\n\n\n<div class=\"wp-block-column text-with-button-and-images__column is-layout-flow wp-block-column-is-layout-flow\">\n<div class=\"wp-block-group text-with-button-and-images__images-wrapper is-layout-flow wp-block-group-is-layout-flow\">\n<figure class=\"wp-block-image text-with-button-and-images__image text-with-button-and-images__image--icon\"><img decoding=\"async\" src=\"https:\/\/wpvip.tgalpha.com\/wp-content\/plugins\/transfergo-blocks\/assets\/img\/text-with-button-and-images-0.webp\" alt=\"\"\/><\/figure>\n\n\n\n<figure class=\"wp-block-image text-with-button-and-images__image text-with-button-and-images__image--man\"><img decoding=\"async\" src=\"https:\/\/wpvip.tgalpha.com\/wp-content\/plugins\/transfergo-blocks\/assets\/img\/text-with-button-and-images-1.webp\" alt=\"\"\/><\/figure>\n\n\n\n<figure class=\"wp-block-image text-with-button-and-images__image text-with-button-and-images__image--woman\"><img decoding=\"async\" src=\"https:\/\/wpvip.tgalpha.com\/wp-content\/plugins\/transfergo-blocks\/assets\/img\/text-with-button-and-images-2.webp\" alt=\"\"\/><\/figure>\n<\/div>\n<\/div>\n<\/div>\n<\/div><\/section>\n","protected":false},"excerpt":{"rendered":"","protected":false},"author":7,"featured_media":239315,"parent":1372,"menu_order":0,"comment_status":"closed","ping_status":"closed","template":"business-page-template","meta":{"hideMenuColor":false,"footnotes":""},"class_list":["post-104881","page","type-page","status-publish","has-post-thumbnail","hentry"],"jetpack_sharing_enabled":true,"hideMenuColor":false,"_links":{"self":[{"href":"https:\/\/wpvip.tgalpha.com\/tr\/wp-json\/wp\/v2\/pages\/104881","targetHints":{"allow":["GET"]}}],"collection":[{"href":"https:\/\/wpvip.tgalpha.com\/tr\/wp-json\/wp\/v2\/pages"}],"about":[{"href":"https:\/\/wpvip.tgalpha.com\/tr\/wp-json\/wp\/v2\/types\/page"}],"author":[{"embeddable":true,"href":"https:\/\/wpvip.tgalpha.com\/tr\/wp-json\/wp\/v2\/users\/7"}],"replies":[{"embeddable":true,"href":"https:\/\/wpvip.tgalpha.com\/tr\/wp-json\/wp\/v2\/comments?post=104881"}],"version-history":[{"count":4,"href":"https:\/\/wpvip.tgalpha.com\/tr\/wp-json\/wp\/v2\/pages\/104881\/revisions"}],"predecessor-version":[{"id":862584,"href":"https:\/\/wpvip.tgalpha.com\/tr\/wp-json\/wp\/v2\/pages\/104881\/revisions\/862584"}],"up":[{"embeddable":true,"href":"https:\/\/wpvip.tgalpha.com\/tr\/wp-json\/wp\/v2\/pages\/1372"}],"wp:featuredmedia":[{"embeddable":true,"href":"https:\/\/wpvip.tgalpha.com\/tr\/wp-json\/wp\/v2\/media\/239315"}],"wp:attachment":[{"href":"https:\/\/wpvip.tgalpha.com\/tr\/wp-json\/wp\/v2\/media?parent=104881"}],"curies":[{"name":"wp","href":"https:\/\/api.w.org\/{rel}","templated":true}]}}