{"id":722289,"date":"2025-10-16T13:20:23","date_gmt":"2025-10-16T13:20:23","guid":{"rendered":"https:\/\/wpvip.tgalpha.com\/?page_id=722289"},"modified":"2025-11-11T15:59:18","modified_gmt":"2025-11-11T15:59:18","slug":"coduri-swift","status":"publish","type":"page","link":"https:\/\/wpvip.tgalpha.com\/ro\/coduri-swift","title":{"rendered":"SWIFT\/BIC"},"content":{"rendered":"\n<section class=\"wp-block-tg-hero-with-half-background hero-with-half-background container-fluid alignfull has-blue-500-background-color has-background\" align=\"full\"><div class=\"container\">\n<div class=\"wp-block-group hero-with-half-background__text-wrapper is-layout-flow wp-block-group-is-layout-flow\">\n<h1 class=\"wp-block-heading has-text-align-center hero-with-half-background__heading is-style-h1-higher-header-style has-bw-100-color has-text-color\">Coduri SWIFT\/BIC<\/h1>\n\n\n\n<p class=\"has-text-align-center hero-with-half-background__paragraph has-bw-100-color has-text-color\">Folose\u0219te verificatorul nostru gratuit de coduri SWIFT pentru a g\u0103si sau valida rapid codurile b\u0103ncilor. Caut\u0103 dup\u0103 banc\u0103 sau \u021bar\u0103, sau verific\u0103 un cod existent \u00eenainte de a face transferuri interna\u021bionale.<\/p>\n<\/div>\n\n\n\n<div class=\"wp-block-group hero-with-half-background__content-wrapper has-bw-200-background-color has-background is-layout-flow wp-block-group-is-layout-flow\">\n<p class=\"has-text-align-center hero-with-half-background__content-heading is-style-h5-higher-header-style has-blue-500-color has-text-color\">Verificatorul SWIFT\/BIC va fi disponibil \u00een cur\u00e2nd.<\/p>\n\n\n\n<p class=\"has-text-align-center hero-with-half-background__content-paragraph is-style-h6-higher-header-style has-blue-900-color has-text-color\">Lucr\u0103m la un instrument pentru a valida \u0219i c\u0103uta coduri SWIFT\/BIC direct la TransferGo. \u00centre timp, te rug\u0103m s\u0103 folose\u0219ti <a href=\"https:\/\/www.iban.com\/search-bic\" target=\"_blank\" rel=\"noopener\">IBAN.com<\/a><\/p>\n\n\n\n<div class=\"wp-block-buttons hero-with-half-background__content-buttons-wrapper is-content-justification-center is-layout-flex wp-container-core-buttons-is-layout-a89b3969 wp-block-buttons-is-layout-flex\">\n<div class=\"wp-block-button hero-with-half-background__content-button\"><a class=\"wp-block-button__link wp-element-button\" href=\"https:\/\/www.iban.com\/search-bic\" target=\"_blank\" rel=\"noopener\">Verific\u0103 SWIFT\/BIC pe IBAN.com<\/a><\/div>\n<\/div>\n<\/div>\n<\/div><\/section>\n\n\n\n<section class=\"wp-block-tg-media-and-text media-and-text container-fluid alignfull\" align=\"full\"><div class=\"container\">\n<div class=\"wp-block-media-text has-media-on-the-right is-stacked-on-mobile is-vertically-aligned-center media-and-text__container\"><div class=\"wp-block-media-text__content\">\n<h2 class=\"wp-block-heading has-text-align-left media-and-text__heading is-style-bold-header-style has-blue-900-color has-text-color\">Ce este un cod SWIFT\/BIC?<\/h2>\n\n\n\n<p class=\"has-text-align-left media-and-text__paragraph has-blue-900-color has-text-color\">Un cod SWIFT (numit \u0219i BIC) este un identificator unic pentru b\u0103ncile din \u00eentreaga lume. Se asigur\u0103 c\u0103 banii t\u0103i ajung la banca potrivit\u0103 atunci c\u00e2nd faci transferuri interna\u021bionale.<\/p>\n\n\n\n<p class=\"has-text-align-left media-and-text__paragraph has-blue-900-color has-text-color\">Aceste coduri sunt folosite \u00een transferurile bancare interna\u021bionale, pl\u0103\u021bile SEPA \u0219i tranzac\u021biile transfrontaliere. F\u0103r\u0103 ele, pl\u0103\u021bile ar putea fi \u00eent\u00e2rziate sau redirec\u021bionate gre\u0219it.<\/p>\n\n\n\n<p class=\"has-text-align-left media-and-text__paragraph has-blue-900-color has-text-color\">G\u00e2nde\u0219te-te la el ca la \u201eadresa&#8221; b\u0103ncii tale \u00een re\u021beaua financiar\u0103 global\u0103.<\/p>\n<\/div><figure class=\"wp-block-media-text__media\"><img loading=\"lazy\" decoding=\"async\" width=\"826\" height=\"672\" src=\"https:\/\/wpvip.tgalpha.com\/wp-content\/uploads\/2025\/10\/media-and-text-image-1-1.webp\" alt=\"\" class=\"wp-image-719233 size-full\" srcset=\"https:\/\/wpvip.tgalpha.com\/wp-content\/uploads\/2025\/10\/media-and-text-image-1-1.webp 826w, https:\/\/wpvip.tgalpha.com\/wp-content\/uploads\/2025\/10\/media-and-text-image-1-1.webp?resize=300,244 300w, https:\/\/wpvip.tgalpha.com\/wp-content\/uploads\/2025\/10\/media-and-text-image-1-1.webp?resize=768,625 768w\" sizes=\"auto, (max-width: 826px) 100vw, 826px\" \/><\/figure><\/div>\n<\/div><\/section>\n\n\n\n<section class=\"wp-block-tg-banner-with-image banner-with-image container-fluid alignfull\" align=\"full\"><div class=\"container\">\n<div class=\"wp-block-media-text is-stacked-on-mobile is-vertically-aligned-top banner-with-image__container has-bw-250-background-color has-background\"><figure class=\"wp-block-media-text__media\"><img decoding=\"async\" src=\"https:\/\/wpvip.tgalpha.com\/wp-content\/plugins\/transfergo-blocks\/assets\/img\/banner-with-image\/banner-with-image-on-left.webp\" alt=\"\"\/><\/figure><div class=\"wp-block-media-text__content\">\n<h2 class=\"wp-block-heading has-text-align-left banner-with-image__heading is-style-bold-header-style has-blue-900-color has-text-color\">De ce ai nevoie de un cod SWIFT\/BIC?<\/h2>\n\n\n\n<p class=\"has-text-align-left banner-with-image__paragraph has-blue-900-color has-text-color\">C\u00e2nd trimi\u021bi sau prime\u0219ti bani la nivel interna\u021bional, b\u0103ncile folosesc codurile SWIFT\/BIC pentru a se asigura c\u0103 fondurile tale ajung \u00een locul potrivit \u00een siguran\u021b\u0103 \u0219i securitate.<\/p>\n\n\n\n<p class=\"has-text-align-left banner-with-image__paragraph has-blue-900-color has-text-color\">Vei avea nevoie de un cod SWIFT\/BIC pentru transferurile bancare, pl\u0103\u021bile SEPA \u00een Europa \u0219i alte tranzac\u021bii transfrontaliere\u2014practic, de fiecare dat\u0103 c\u00e2nd trimi\u021bi bani \u00een str\u0103in\u0103tate, astfel \u00eenc\u00e2t plata ta s\u0103 ajung\u0103 la banca potrivit\u0103.<\/p>\n\n\n\n<p class=\"has-text-align-left banner-with-image__paragraph has-blue-900-color has-text-color\">Folosirea codului corect previne erorile, \u00eent\u00e2rzierile \u0219i taxele inutile.<\/p>\n\n\n\n<div class=\"wp-block-buttons banner-with-image__buttons-wrapper is-content-justification-left is-layout-flex wp-container-core-buttons-is-layout-fc4fd283 wp-block-buttons-is-layout-flex\">\n<div class=\"wp-block-button banner-with-image__button\"><a class=\"wp-block-button__link wp-element-button\" href=\"https:\/\/app.transfergo.com\/ro\/register\" target=\"_blank\" rel=\"noopener\">Trimite bani<\/a><\/div>\n<\/div>\n<\/div><\/div>\n<\/div><\/section>\n\n\n\n<section class=\"wp-block-tg-fullwidth-swift-banner fullwidth-swift-banner container-fluid has-background alignfull has-blue-500-background-color\" align=\"full\"><div class=\"container\">\n<div class=\"wp-block-columns fullwidth-swift-banner__columns is-layout-flex wp-container-core-columns-is-layout-28f84493 wp-block-columns-is-layout-flex\">\n<div class=\"wp-block-column is-vertically-aligned-center fullwidth-swift-banner__column fullwidth-swift-banner__column--left is-layout-flow wp-block-column-is-layout-flow\">\n<h2 class=\"wp-block-heading has-text-align-left fullwidth-swift-banner__heading is-style-bold-header-style has-blue-900-color has-text-color\"><mark style=\"background-color:rgba(0, 0, 0, 0)\" class=\"has-inline-color has-bw-100-color\">Cum este formatat un cod SWIFT\/BIC?<\/mark><\/h2>\n\n\n\n<p class=\"has-text-align-left fullwidth-swift-banner__paragraph has-blue-900-color has-text-color\"><mark style=\"background-color:rgba(0, 0, 0, 0)\" class=\"has-inline-color has-bw-100-color\">Un cod SWIFT\/BIC are 8\u201311 caractere \u0219i identific\u0103 banca, \u021bara, loca\u021bia \u0219i sucursala.<\/mark><\/p>\n<\/div>\n\n\n\n<div class=\"wp-block-column is-vertically-aligned-center fullwidth-swift-banner__column fullwidth-swift-banner__column--right is-layout-flow wp-block-column-is-layout-flow\">\n<div class=\"wp-block-group fullwidth-swift-banner__swift-container is-layout-flow wp-block-group-is-layout-flow\">\n<p class=\"has-text-align-center fullwidth-swift-banner__swift-heading is-style-h6-higher-header-style no-margin has-blue-900-color has-text-color\">Exemplu<\/p>\n\n\n\n<div class=\"wp-block-group fullwidth-swift-banner__swift-example-wrapper no-margin is-layout-flow wp-block-group-is-layout-flow\">\n<p class=\"has-text-align-center fullwidth-swift-banner__swift-example no-margin has-blue-900-color has-text-color has-medium-font-size\">Two check digits<\/p>\n\n\n\n<p class=\"has-text-align-center fullwidth-swift-banner__swift-example-code is-style-h5-higher-header-style no-margin has-blue-900-color has-blue-50-background-color has-text-color has-background\">AAAA &#8211; BB &#8211; CC &#8211; 123<\/p>\n<\/div>\n\n\n\n<div class=\"wp-block-group fullwidth-swift-banner__swift-bank-wrapper no-margin is-layout-flow wp-block-group-is-layout-flow\">\n<p class=\"has-text-align-center fullwidth-swift-banner__swift-bank no-margin has-blue-900-color has-text-color has-medium-font-size\">Codul b\u0103ncii<\/p>\n\n\n\n<p class=\"has-text-align-center fullwidth-swift-banner__swift-bank-code is-style-h6-higher-header-style no-margin has-blue-900-color has-blue-50-background-color has-text-color has-background\"> AAAA<\/p>\n<\/div>\n\n\n\n<div class=\"wp-block-group fullwidth-swift-banner__swift-country-wrapper no-margin is-layout-flow wp-block-group-is-layout-flow\">\n<p class=\"has-text-align-center fullwidth-swift-banner__swift-country no-margin has-blue-900-color has-text-color has-medium-font-size\">Codul \u021b\u0103rii<\/p>\n\n\n\n<p class=\"has-text-align-center fullwidth-swift-banner__swift-country-code is-style-h6-higher-header-style no-margin has-blue-900-color has-blue-50-background-color has-text-color has-background\">BB<\/p>\n<\/div>\n\n\n\n<div class=\"wp-block-group fullwidth-swift-banner__swift-location-wrapper no-margin is-layout-flow wp-block-group-is-layout-flow\">\n<p class=\"has-text-align-center fullwidth-swift-banner__swift-location no-margin has-blue-900-color has-text-color has-medium-font-size\">Codul loca\u021biei<\/p>\n\n\n\n<p class=\"has-text-align-center fullwidth-swift-banner__swift-location-code is-style-h6-higher-header-style no-margin has-blue-900-color has-blue-50-background-color has-text-color has-background\">CC<\/p>\n<\/div>\n\n\n\n<div class=\"wp-block-group fullwidth-swift-banner__swift-branch-wrapper no-margin is-layout-flow wp-block-group-is-layout-flow\">\n<p class=\"has-text-align-center fullwidth-swift-banner__swift-branch no-margin has-blue-900-color has-text-color has-medium-font-size\">Codul sucursalei<\/p>\n\n\n\n<p class=\"has-text-align-center fullwidth-swift-banner__swift-branch-code is-style-h6-higher-header-style no-margin has-blue-900-color has-blue-50-background-color has-text-color has-background\">123<\/p>\n<\/div>\n<\/div>\n<\/div>\n<\/div>\n<\/div><\/section>\n\n\n\n<section class=\"wp-block-tg-trustpilot-slider trustpilot-slider container-fluid alignfull\" align=\"full\"><div class=\"container\">\n<h2 class=\"wp-block-heading has-text-align-center trustpilot-slider__heading is-style-h3-higher-header-style has-blue-900-color has-text-color\">De \u00eencredere pentru peste <mark style=\"background-color:rgba(0, 0, 0, 0)\" class=\"has-inline-color has-blue-500-color\">9 milioane de oameni<\/mark><\/h2>\n\n\n\n<p class=\"has-text-align-center trustpilot-slider__subheading is-style-h6-higher-header-style has-bw-700-color has-text-color\">De peste un deceniu, TransferGo a f\u0103cut serviciile financiare mai rapide, mai simple, mai accesibile\u2014\u0219i mai u\u0219or de accesat pentru cei care au cea mai mare nevoie de ele.<\/p>\n\n\n\n<div class=\"wp-block-group trustpilot-slider__slider-container swiper is-layout-flow wp-block-group-is-layout-flow\">\n<div class=\"wp-block-tg-trustpilot-slider-repeater trustpilot-slider-repeater swiper-wrapper\">\n<div class=\"wp-block-tg-trustpilot-slider-item trustpilot-slider-item swiper-slide  has-alt-decoration\">\n<figure class=\"wp-block-image size-large trustpilot-slider-item__image--person\"><img decoding=\"async\" src=\"https:\/\/wpvip.tgalpha.com\/wp-content\/plugins\/transfergo-blocks\/assets\/img\/trustpilot-slider\/slider-woman.webp\" alt=\"\"\/><\/figure>\n\n\n\n<figure class=\"wp-block-image size-large trustpilot-slider-item__image--rating\"><img decoding=\"async\" src=\"https:\/\/wpvip.tgalpha.com\/wp-content\/plugins\/transfergo-blocks\/assets\/img\/trustpilot-slider\/trustpilot-rating.svg\" alt=\"\"\/><\/figure>\n\n\n\n<p class=\"has-text-align-left trustpilot-slider-item__heading is-style-h5-higher-header-style has-blue-900-color has-text-color\">&#8220;Serviciu foarte bun!&#8221;<\/p>\n\n\n\n<p class=\"has-text-align-left trustpilot-slider-item__paragraph has-blue-900-color has-text-color\">&#8220;TransferGo m-a contactat direct c\u00e2nd a ap\u0103rut o problem\u0103 \u0219i au rezolvat-o rapid. Am f\u0103cut un transfer interna\u021bional \u00een doar c\u00e2teva ore.&#8221;<\/p>\n\n\n\n<div class=\"wp-block-buttons trustpilot-slider-item__buttons-wrapper is-content-justification-right is-layout-flex wp-container-core-buttons-is-layout-ca13948c wp-block-buttons-is-layout-flex\">\n<div class=\"wp-block-button trustpilot-slider-item__button is-style-button-black-with-underline-and-arrow-no-background\"><a class=\"wp-block-button__link wp-element-button\" href=\"https:\/\/www.trustpilot.com\/review\/transfergo.com\" target=\"_blank\" rel=\"noopener\">Cite\u0219te mai mult<\/a><\/div>\n<\/div>\n<\/div>\n\n\n\n<div class=\"wp-block-tg-trustpilot-slider-item trustpilot-slider-item swiper-slide\">\n<figure class=\"wp-block-image size-large trustpilot-slider-item__image--person\"><img decoding=\"async\" src=\"https:\/\/wpvip.tgalpha.com\/wp-content\/plugins\/transfergo-blocks\/assets\/img\/trustpilot-slider\/person.webp\" alt=\"\"\/><\/figure>\n\n\n\n<figure class=\"wp-block-image size-large trustpilot-slider-item__image--rating\"><img decoding=\"async\" src=\"https:\/\/wpvip.tgalpha.com\/wp-content\/plugins\/transfergo-blocks\/assets\/img\/trustpilot-slider\/trustpilot-rating.svg\" alt=\"\"\/><\/figure>\n\n\n\n<p class=\"has-text-align-left trustpilot-slider-item__heading is-style-h5-higher-header-style has-blue-900-color has-text-color\">&#8220;Companie minunat\u0103 \u0219i tarife competitive&#8221;<\/p>\n\n\n\n<p class=\"has-text-align-left trustpilot-slider-item__paragraph has-blue-900-color has-text-color\">&#8220;Transferurile sunt rapide \u0219i nu exist\u0103 taxe. Majoritatea transferurilor sunt gratuite! Voi recomanda platforma tuturor nigerienilor.&#8221;<\/p>\n\n\n\n<div class=\"wp-block-buttons trustpilot-slider-item__buttons-wrapper is-content-justification-right is-layout-flex wp-container-core-buttons-is-layout-ca13948c wp-block-buttons-is-layout-flex\">\n<div class=\"wp-block-button trustpilot-slider-item__button is-style-button-black-with-underline-and-arrow-no-background\"><a class=\"wp-block-button__link wp-element-button\" href=\"https:\/\/www.trustpilot.com\/review\/transfergo.com\" target=\"_blank\" rel=\"noopener\">Cite\u0219te mai mult<\/a><\/div>\n<\/div>\n<\/div>\n\n\n\n<div class=\"wp-block-tg-trustpilot-slider-item trustpilot-slider-item swiper-slide  has-alt-decoration-center\">\n<figure class=\"wp-block-image size-large trustpilot-slider-item__image--person\"><img decoding=\"async\" src=\"https:\/\/wpvip.tgalpha.com\/wp-content\/plugins\/transfergo-blocks\/assets\/img\/trustpilot-slider\/slider-man.webp\" alt=\"\"\/><\/figure>\n\n\n\n<figure class=\"wp-block-image size-large trustpilot-slider-item__image--rating\"><img decoding=\"async\" src=\"https:\/\/wpvip.tgalpha.com\/wp-content\/plugins\/transfergo-blocks\/assets\/img\/trustpilot-slider\/trustpilot-rating.svg\" alt=\"\"\/><\/figure>\n\n\n\n<p class=\"has-text-align-left trustpilot-slider-item__heading is-style-h5-higher-header-style has-blue-900-color has-text-color\">&#8220;Serviciu foarte bun&#8221;<\/p>\n\n\n\n<p class=\"has-text-align-left trustpilot-slider-item__paragraph has-blue-900-color has-text-color\">&#8220;Am trimis bani \u00een cel\u0103lalt cont bancar \u0219i i-am primit \u00een c\u00e2teva secunde. L-am recomandat tuturor prietenilor mei. Bravo!&#8221;<\/p>\n\n\n\n<div class=\"wp-block-buttons trustpilot-slider-item__buttons-wrapper is-content-justification-right is-layout-flex wp-container-core-buttons-is-layout-ca13948c wp-block-buttons-is-layout-flex\">\n<div class=\"wp-block-button trustpilot-slider-item__button is-style-button-black-with-underline-and-arrow-no-background\"><a class=\"wp-block-button__link wp-element-button\" href=\"https:\/\/www.trustpilot.com\/review\/transfergo.com\" target=\"_blank\" rel=\"noopener\">Cite\u0219te mai mult<\/a><\/div>\n<\/div>\n<\/div>\n<\/div>\n<\/div>\n<div class=\"trustpilot-slider__navigation\"><button class=\"swiper-button-prev\"><\/button><button class=\"swiper-button-next\"><\/button><\/div><\/div><\/section>\n\n\n\n<section class=\"wp-block-tg-faqs-accordion faqs-accordion container-fluid alignfull\" align=\"full\"><div class=\"container\">\n<h2 class=\"wp-block-heading has-text-align-center faqs-accordion__heading is-style-h3-higher-header-style has-blue-900-color has-text-color\">\u00centreb\u0103ri frecvente<\/h2>\n\n\n\n<details class=\"wp-block-tg-faqs-accordion-item faqs-accordion-item open\" open><summary class=\"faqs-accordion-item__question is-style-h6-higher-header-style\">Ce este exact un cod SWIFT \u0219i de ce este folosit \u00een sistemul bancar interna\u021bional?<\/summary><div class=\"faqs-accordion-item__height-wrapper\"><div class=\"faqs-accordion-item__content-wrapper\">\n<p>Un cod SWIFT ajut\u0103 b\u0103ncile s\u0103 se identifice reciproc pentru transferurile interna\u021bionale, asigur\u00e2ndu-se c\u0103 banii t\u0103i ajung \u00een siguran\u021b\u0103 la destina\u021bia corect\u0103.<\/p>\n<\/div><\/div><\/details>\n\n\n\n<details class=\"wp-block-tg-faqs-accordion-item faqs-accordion-item\"><summary class=\"faqs-accordion-item__question is-style-h6-higher-header-style\">Ce \u00eenseamn\u0103 un cod BIC \u0219i cum func\u021bioneaz\u0103 \u00een tranzac\u021biile transfrontaliere?<\/summary><div class=\"faqs-accordion-item__height-wrapper\"><div class=\"faqs-accordion-item__content-wrapper\">\n<p>Un BIC (Bank Identifier Code) este un alt nume pentru un cod SWIFT\u2014ambii termeni sunt folosi\u021bi \u00een mod interschimbabil.<\/p>\n<\/div><\/div><\/details>\n\n\n\n<details class=\"wp-block-tg-faqs-accordion-item faqs-accordion-item\"><summary class=\"faqs-accordion-item__question is-style-h6-higher-header-style\">Sunt codurile SWIFT \u0219i BIC la fel?<\/summary><div class=\"faqs-accordion-item__height-wrapper\"><div class=\"faqs-accordion-item__content-wrapper\">\n<p>Da. Codurile SWIFT \u0219i BIC se refer\u0103 la acela\u0219i standard folosit pentru identificarea b\u0103ncilor din \u00eentreaga lume.<\/p>\n<\/div><\/div><\/details>\n\n\n\n<details class=\"wp-block-tg-faqs-accordion-item faqs-accordion-item\"><summary class=\"faqs-accordion-item__question is-style-h6-higher-header-style\">Cum pot g\u0103si codul SWIFT\/BIC corect pentru banca mea?<\/summary><div class=\"faqs-accordion-item__height-wrapper\"><div class=\"faqs-accordion-item__content-wrapper\">\n<p>Po\u021bi folosi instrumentul nostru de c\u0103utare de mai sus, s\u0103 verifici extrasul de cont bancar sau s\u0103 \u00eentrebi direct banca ta.<\/p>\n<\/div><\/div><\/details>\n\n\n\n<details class=\"wp-block-tg-faqs-accordion-item faqs-accordion-item\"><summary class=\"faqs-accordion-item__question is-style-h6-higher-header-style\">Care este diferen\u021ba dintre un cod SWIFT \u0219i un IBAN?<\/summary><div class=\"faqs-accordion-item__height-wrapper\"><div class=\"faqs-accordion-item__content-wrapper\">\n<p>Un cod SWIFT identific\u0103 banca, \u00een timp ce un IBAN identific\u0103 contul t\u0103u individual din cadrul acelei b\u0103nci.<\/p>\n<\/div><\/div><\/details>\n\n\n\n<details class=\"wp-block-tg-faqs-accordion-item faqs-accordion-item\"><summary class=\"faqs-accordion-item__question is-style-h6-higher-header-style\">Cum trimit bani la nivel interna\u021bional cu un cod SWIFT\/BIC?<\/summary><div class=\"faqs-accordion-item__height-wrapper\"><div class=\"faqs-accordion-item__content-wrapper\">\n<p>Pur \u0219i simplu introdu codul SWIFT\/BIC al destinatarului \u00eempreun\u0103 cu IBAN-ul sau num\u0103rul de cont al acestuia c\u00e2nd faci un transfer.<\/p>\n<\/div><\/div><\/details>\n<\/div><\/section>\n","protected":false},"excerpt":{"rendered":"","protected":false},"author":7,"featured_media":0,"parent":0,"menu_order":0,"comment_status":"closed","ping_status":"closed","template":"","meta":{"hideMenuColor":false,"footnotes":""},"class_list":["post-722289","page","type-page","status-publish","hentry"],"jetpack_sharing_enabled":true,"hideMenuColor":false,"_links":{"self":[{"href":"https:\/\/wpvip.tgalpha.com\/ro\/wp-json\/wp\/v2\/pages\/722289","targetHints":{"allow":["GET"]}}],"collection":[{"href":"https:\/\/wpvip.tgalpha.com\/ro\/wp-json\/wp\/v2\/pages"}],"about":[{"href":"https:\/\/wpvip.tgalpha.com\/ro\/wp-json\/wp\/v2\/types\/page"}],"author":[{"embeddable":true,"href":"https:\/\/wpvip.tgalpha.com\/ro\/wp-json\/wp\/v2\/users\/7"}],"replies":[{"embeddable":true,"href":"https:\/\/wpvip.tgalpha.com\/ro\/wp-json\/wp\/v2\/comments?post=722289"}],"version-history":[{"count":3,"href":"https:\/\/wpvip.tgalpha.com\/ro\/wp-json\/wp\/v2\/pages\/722289\/revisions"}],"predecessor-version":[{"id":722305,"href":"https:\/\/wpvip.tgalpha.com\/ro\/wp-json\/wp\/v2\/pages\/722289\/revisions\/722305"}],"wp:attachment":[{"href":"https:\/\/wpvip.tgalpha.com\/ro\/wp-json\/wp\/v2\/media?parent=722289"}],"curies":[{"name":"wp","href":"https:\/\/api.w.org\/{rel}","templated":true}]}}