{"id":2590,"date":"2022-11-01T07:16:02","date_gmt":"2022-11-01T07:16:02","guid":{"rendered":"https:\/\/transfergo.wpengine.com\/terms-and-conditions\/refer-a-friend-programme"},"modified":"2025-10-10T15:05:52","modified_gmt":"2025-10-10T15:05:52","slug":"programul-recomanda-un-prieten","status":"publish","type":"page","link":"https:\/\/wpvip.tgalpha.com\/ro\/termenii-si-conditiile\/programul-recomanda-un-prieten","title":{"rendered":"Programul &#8220;Invit\u0103 un prieten&#8221;"},"content":{"rendered":"\n<section class=\"wp-block-tg-terms-and-conditions-hero terms-and-conditions-hero container-fluid alignfull\" align=\"full\"><div class=\"container\">\n<h1 class=\"wp-block-heading has-text-align-center terms-and-conditions-hero__title has-blue-900-color has-text-color\">Termeni de utilizare:<br>Programul \u201eInivt\u0103 Un Prieten\u201d<\/h1>\n\n\n\n<div class=\"wp-block-group terms-and-conditions-hero__last-updated-wrapper is-layout-flow wp-block-group-is-layout-flow\">\n<p class=\"terms-and-conditions-hero__last-updated-text has-blue-900-color has-text-color has-medium-font-size\">DATA EFECTU\u0102RII<\/p>\n\n\n\t<p class=\"terms-and-conditions-hero__last-updated-date has-blue-900-color has-text-color has-large-font-size\">\n\t\t10\/10\/2025\t<\/p>\n<\/div>\n<\/div><\/section>\n\n\n\n<section class=\"wp-block-tg-terms-and-conditions-main-content terms-and-conditions-main-content container-fluid\"><div class=\"container\">\n<p><strong>1. Bine ai venit<\/strong><\/p>\n\n\n\n<p>1.1. Aceast\u0103 pagin\u0103 stabile\u0219te termenii \u0219i condi\u021biile care se aplic\u0103 Programului de Recomandare TransferGo (\u201eProgramul de Recomandare\u201c).<\/p>\n\n\n\n<p>1.2. Programul de recomandare este sponsorizat, promovat \u0219i administrat de TransferGo Ltd (\u201eTransferGo\u201d, \u201enoi\u201d). Oper\u0103m un serviciu care \u00ee\u021bi permite s\u0103 transferi bani \u0219i s\u0103 efectuezi pl\u0103\u021bi \u00een valut\u0103 str\u0103in\u0103 la nivel interna\u021bional prin intermediul site-ului nostru, <a href=\"https:\/\/wpvip.tgalpha.com\/ro\/\">wpvip.tgalpha.com\/ro<\/a>, \u0219i aplica\u021bia noastr\u0103 (denumit\u0103 \u201eServiciul\u201d).<\/p>\n\n\n\n<p>1.3. Prin recomandarea unui prieten (\u201eUtilizatorul recomandat\u201d) c\u0103tre noi, conform celor prezentate mai jos, se va considera c\u0103 tu (\u201eAvocatul\u201d) ai acceptat ace\u0219ti termeni \u0219i condi\u021bii (\u201eTermenii programului\u201d). Te rug\u0103m s\u0103 cite\u0219ti cu aten\u021bie ace\u0219ti Termeni ai programului \u0219i s\u0103 te asiguri c\u0103 \u00eei \u00een\u021belegi \u0219i \u00eei accep\u021bi \u00eenainte de a \u00eencepe s\u0103 ne recomanzi.<\/p>\n\n\n\n<p>1.4. Programul de recomandare este nul acolo unde este interzis de lege.<\/p>\n\n\n\n<p><strong>2. Cum s\u0103 participi la Programul de Recomandare<\/strong><\/p>\n\n\n\n<p>2.1. Pentru a participa la Programul de Recomandare, trebuie s\u0103 recomanzi Serviciul nostru unei persoane \u0219i s\u0103 faci oricare dintre urm\u0103toarele:<\/p>\n\n\n\n<ul class=\"wp-block-list\">\n<li>\u2022 trimite codul t\u0103u de invita\u021bie; sau<\/li>\n\n\n\n<li>\u2022 trimite linkul t\u0103u de invita\u021bie; sau<\/li>\n\n\n\n<li>\u2022 spune-ne nou\u0103 s\u0103 le trimitem un e-mail introductiv prin intermediul Serviciului nostru, trimi\u021b\u00e2ndu-ne adresa lor de e-mail folosind func\u021bionalitatea de pe pagina \u2018Invit\u0103\u2019 a Serviciului nostru<\/li>\n<\/ul>\n\n\n\n<p>2.2. Aceast\u0103 persoan\u0103 (\u201eUtilizatorul Recomandat\u201c) trebuie s\u0103 se \u00eenregistreze la noi, s\u0103 \u00ee\u0219i creeze un Profl \u0219i s\u0103 identifice faptul c\u0103 tu i-ai recomandat Serviciul nostru, f\u0103c\u00e2nd una dintre urm\u0103toarele:<\/p>\n\n\n\n<ul class=\"wp-block-list\">\n<li>\u2022 cit\u00e2nd codul t\u0103u de invita\u021bie; sau<\/li>\n\n\n\n<li>\u2022 urm\u00e2nd linkul t\u0103u de invita\u021bie; sau<\/li>\n\n\n\n<li>\u2022 urm\u00e2nd linkul con\u021binut \u00een e-mailul introductiv trimis prin intermediul Serviciului nostru<\/li>\n<\/ul>\n\n\n\n<p>2.3. \u00ce\u021bi vom oferi acces la codul unic de invita\u021bie \u0219i la link-ul de invita\u021bie atunci c\u00e2nd te conectezi la Profilul t\u0103u \u0219i accesezi sec\u021biunea Invit\u0103 &amp; C\u00e2\u0219tig\u0103 de pe Serviciul nostru. (Dac\u0103 ai fost de acord s\u0103 prime\u0219ti comunic\u0103ri prin e-mail de la noi, vom trimite, de asemenea, codul t\u0103u de invita\u021bie la adresa de e-mail pe care ne-ai furnizat-o atunci c\u00e2nd \u021bi-ai configurat Profilul. Po\u021bi verifica \u0219i modifica adresa de e-mail \u00een sec\u021biunea Set\u0103ri a Profilului t\u0103u TransferGo).<\/p>\n\n\n\n<p>2.4. Utilizatorul recomandat trebuie s\u0103 transfere suma specific\u0103 \u0219i num\u0103rul de transferuri men\u021bionate \u00een aplica\u021bie sau\/\u0219i pe web pentru a te califica pentru recompens\u0103 (Transferul\/Transferurile Calificat(e)). Aceast\u0103 sum\u0103 \u0219i num\u0103rul de transferuri calificate trebuie realizate \u00een termen de 6 luni de la momentul recomand\u0103rii.<\/p>\n\n\n\n<p>2.5. Transferurile calificate trebuie s\u0103 fie interna\u021bionale (dintr-o \u021bar\u0103 emitent\u0103 a unui card\/cont bancar \u00een alta) \u0219i dintr-o moned\u0103 \u00een alta. Transferurile \u00een aceea\u0219i moned\u0103 \u2013 de la EUR la EUR, de exemplu \u2013 nu se iau \u00een considerare ca transferuri calificate.<\/p>\n\n\n\n<p>2.6.De asemenea, ne po\u021bi cere s\u0103 trimitem noi emailuri introductive \u00een numele t\u0103u. \u00een cadrul sec\u021biunii de Recomand\u0103ri a Serviciului nostru.<\/p>\n\n\n\n<p>2.7. Spun\u00e2ndu-ne s\u0103 le trimitem un e-mail (\u0219i\/sau alte metode de comunicare), confirmi c\u0103 ai consim\u021b\u0103m\u00e2ntul expres al destinatarului pentru ca noi s\u0103 p\u0103str\u0103m datele sale de contact \u0219i s\u0103 le folosim pentru Programul de recomandare.<\/p>\n\n\n\n<p>2.8. Este responsabilitatea ta s\u0103 ob\u021bii consim\u021b\u0103m\u00e2ntul Utilizatorului Recomandat pentru a le trimite codul de invita\u021bie sau linkul de invita\u021bie la Serviciul nostru.<\/p>\n\n\n\n<p>2.9. Odat\u0103 ce utilizatorul recomandat a finalizat transferul (transferurile) calificat(e), po\u021bi fi eligibil s\u0103 pretinzi o recompens\u0103 \u00een numerar \u00een cuantumul stabilit \u00een clauza 3 (\u201eBonusul\u201d). Un transfer eligibil este considerat finalizat atunci c\u00e2nd:<\/p>\n\n\n\n<ul class=\"wp-block-list\">\n<li>\u2022 Utilizatorul recomandat a ini\u021biat transferul, ne-a pl\u0103tit suma relevant\u0103 care urmeaz\u0103 s\u0103 fie transferat\u0103 \u00eempreun\u0103 cu comisioanele noastre; \u0219i<\/li>\n\n\n\n<li>\u2022 Contul bancar al destinatarului a fost creditat cu suma trimis\u0103 de utilizatorul recomandat prin intermediul serviciului nostru (sub rezerva oric\u0103ror taxe \u0219i tarife suplimentare prev\u0103zute \u00een Termeni \u0219i Condi\u021bii <a href=\"https:\/\/wpvip.tgalpha.com\/ro\/termenii-si-conditiile\">https:\/\/wpvip.tgalpha.com\/ro\/termenii-si-conditiile<\/a>) \u0219i nu a fost respins\u0103 sau rambursat\u0103 \u00een contul nostru.<\/li>\n<\/ul>\n\n\n\n<p>2.10. \u00cen conformitate cu paragrafele 2.12, 2.13, 2.14 \u0219i 5, \u00ee\u021bi vom spune c\u0103 po\u021bi solicita Bonusul actualiz\u00e2nd sec\u021biunea de Invit\u0103 &amp; C\u00e2\u0219tig\u0103 de pe Serviciul nostru \u00een termen de 5 zile lucr\u0103toare de la finalizarea Transferului (transfeurilor) Calificat(e) de c\u0103tre Utilizatorul Recomandat.<\/p>\n\n\n\n<p>2.11. Dac\u0103 Utilizatorul Recomandat folose\u0219te un link de invita\u021bie \u00een locul codului de invita\u021bie atunci c\u00e2nd \u00ee\u0219i creeaz\u0103 Profilul, acesta trebuie s\u0103 aib\u0103 cookie-urile activate \u00een browserul s\u0103u, astfel \u00eenc\u00e2t s\u0103 \u00eel putem identifica ca fiind recomandat c\u0103tre Serviciul nostru de c\u0103tre tine, \u0219i pentru ca tu s\u0103 fii eligibil s\u0103 po\u021bi revendica Bonusul.<\/p>\n\n\n\n<p>2.12. \u00cenainte de a putea revendica Bonusul, este posibil s\u0103 avem nevoie de mai multe informa\u021bii de la tine \u0219i de la Utilizatorul Recomandat. Putem:<\/p>\n\n\n\n<ul class=\"wp-block-list\">\n<li>\u2022 s\u0103 \u00ee\u021bi solicit\u0103m \u021bie \u0219i utilizatorului recomandat s\u0103 v\u0103 confirma\u021bi identitatea prin furnizarea oric\u0103ror detalii sau documente pe care le putem cere \u00een mod rezonabil (dup\u0103 caz);<\/li>\n\n\n\n<li>\u2022 s\u0103 lu\u0103m toate m\u0103surile rezonabile pentru a verifica orice informa\u021bii sau documente furnizate de c\u0103tre tine sau de c\u0103tre utilizatorul recomandat pentru identificarea electronic\u0103, cum ar fi accesarea bazelor de date guvernamentale \u0219i private \u0219i a agen\u021biilor de referin\u021b\u0103 pentru credite.<\/li>\n<\/ul>\n\n\n\n<p>2.13. TransferGo \u00ee\u0219i rezerv\u0103 dreptul de a nu pl\u0103ti Bonusul \u00een urm\u0103toarele cazuri:<\/p>\n\n\n\n<ul class=\"wp-block-list\">\n<li>\u2022 \u00cen cazul \u00een care nu putem verifica identitatea ta sau a utilizatorului recomandat sau orice informa\u021bii \u0219i documente suplimentare \u00een conformitate cu clauza 2.8;<\/li>\n\n\n\n<li>\u2022 Dac\u0103 suspect\u0103m \u00een mod rezonabil c\u0103 Profilul a fost creat \u00een mod fraudulos de c\u0103tre Utilizatorul Recomandat sau c\u0103 Profilul Utilizatorului Recomandat \u00eencalc\u0103 \u00een vreun fel Termenii \u0219i Condi\u021biile noastre (<a href=\"https:\/\/wpvip.tgalpha.com\/ro\/termenii-si-conditiile\">https:\/\/wpvip.tgalpha.com\/ro\/termenii-si-conditiile<\/a>);<\/li>\n\n\n\n<li>\u2022 \u00cen cazul \u00een care Utilizatorul Recomandat efectueaz\u0103 transferul (transferurile) calificat(e) trimi\u021b\u00e2nd c\u0103tre sau de la un furnizor de servicii financiare pe care l-am introdus pe lista noastr\u0103 de interdic\u021bii dup\u0103 ce am detectat modele de abuz cu ace\u0219ti furnizori (de exemplu Revolut, Monese, ApplePay, Google Pay, N26 \u0219i al\u021bii).<\/li>\n\n\n\n<li>\u2022 Dac\u0103 Utilizatorul Recomandat \u00ee\u021bi trimite bani \u021bie sau lui \u00eensu\u0219i;<\/li>\n\n\n\n<li>\u2022 \u00een cazul \u00een care mai mul\u021bi utilizatori recomanda\u021bi de la acea\u0219i persoan\u0103 trimit bani aceleia\u0219i persoane ter\u021be;<\/li>\n\n\n\n<li>\u2022 \u00cen cazul \u00een care expeditorul \u0219i destinatarul unei tranzac\u021bii care utilizeaz\u0103 codul\u00a0 sau link-ul Programului de recomandare sunt aceea\u0219i persoan\u0103, indiferent dac\u0103 a) numele de pe contul bancar, cardul de debit, cardul de credit, cardul prepl\u0103tit sau actul de identitate este diferit sau b) adresa de facturare este diferit\u0103<\/li>\n\n\n\n<li>\u2022 Dac\u0103 numele de pe cardul bancar sau de pe cont nu este al t\u0103u sau dac\u0103 nu se potrive\u0219te cu numele de pe Profilul t\u0103u TransferGo. Dac\u0103 numele nu se potrivesc, ne rezerv\u0103m dreptul de a nu pl\u0103ti recompensa<\/li>\n\n\n\n<li>\u2022 Dac\u0103 ai \u00eenc\u0103lcat orice prevedere din ace\u0219ti Termeni ai Programului sau din Termenii \u0219i condi\u021biile noastre;<\/li>\n\n\n\n<li>\u2022 Dac\u0103 am \u00eentrerupt Programul de recomandare \u0219i Transferul (transferurile) calificat(e) a (au) fost finalizat(e) dup\u0103 data la care Programul de recomandare a fost \u00eentrerupt;<\/li>\n\n\n\n<li>\u2022 Dac\u0103 legea \u00een vigoare ne interzice s\u0103 \u00ee\u021bi pl\u0103tim Bonusul; sau<\/li>\n\n\n\n<li>\u2022 Dac\u0103 Bonusul t\u0103u a expirat \u00een conformitate cu paragraful 4.2<\/li>\n\n\n\n<li>\u2022 Dac\u0103 tu sau Utilizatorul Recomandat ave\u021bi mai multe Profiluri TransferGo;<\/li>\n\n\n\n<li>\u2022 Dac\u0103 Bonusul a fost revendicat pe acela\u0219i Profil de c\u0103tre mai mul\u021bi utilizatori<\/li>\n\n\n\n<li>\u2022 Dac\u0103 suspect\u0103m c\u0103 Utilizatorul Recomandat nu are inten\u021bia real\u0103 de a folosi serviciul nostru \u0219i l-a folosit o singur\u0103 dat\u0103 doar pentru a ob\u021bine un Bonus<\/li>\n\n\n\n<li>\u2022 Atunci c\u00e2nd ne solici\u021bi s\u0103 pl\u0103tim Bonusul \u00eentr-un Cont TransferGo care nu este al t\u0103u (sau \u00eentr-un cont bancar personal dac\u0103 nu e\u0219ti eligibil s\u0103 deschizi un Cont TransferGo)<\/li>\n\n\n\n<li>\u2022 Atunci c\u00e2nd ne solici\u021bi s\u0103 pl\u0103tim Bonusul \u00eentr-un cont bancar dintr-o \u021bar\u0103 pe care nu o sus\u021binem (aplicabil doar utilizatorilor care nu sunt eligibili s\u0103 deschid\u0103 un Cont TransferGo)<\/li>\n\n\n\n<li>\u2022 Alte cazuri care \u00eencalc\u0103 Termenii Programului de Recomandare, \u00een cazul \u00een care Utilizatorul Recomandat nu furnizeaz\u0103 codul s\u0103u unic atunci c\u00e2nd \u00ee\u0219i creeaz\u0103 Profilul TransferGo sau comand\u0103 un transfer, recompensa este atribuit\u0103 primului Referitor din codul Referitorului pe care \u00eel utilizeaz\u0103. Nu putem s\u0103 realoc\u0103m bonusurile.<\/li>\n<\/ul>\n\n\n\n<p>2.14. Odat\u0103 ce ai recomandat un utilizator la TransferGo, acea persoan\u0103 nu te poate recomanda \u00eenapoi la TransferGo.<\/p>\n\n\n\n<p>2.15. Nu trebuie s\u0103 utilizezi pay-per-click sau alte servicii de generare de lead-uri pl\u0103tite sau automatizate pentru a lua parte la Programul de recomandare. Este posibil s\u0103 nu mai po\u021bi revendica Bonusul dac\u0103 suspect\u0103m \u00een mod rezonabil c\u0103 ai folosit astfel de servicii pentru a invita Utilizatori Recomanda\u021bi la Serviciul nostru \u0219i, de asemenea, putem lua orice alte m\u0103suri pe care le consider\u0103m adecvate \u00een mod rezonabil, inclusiv retragerea imediat\u0103, temporar\u0103 sau permanent\u0103 a dreptului t\u0103u de a utiliza Serviciul nostru sau \u00eenchiderea Profilului t\u0103u.<\/p>\n\n\n\n<p>2.16. Dac\u0103 utilizatorii recomanda\u021bi de tine \u00eencalc\u0103 \u00een mod repetat regulile noastre, atunci nu vei primi bonusul \u0219i vei fi blocat din programul de recomandare.<\/p>\n\n\n\n<p>2.17. Dac\u0103 suspect\u0103m c\u0103 ai invitat persoane care comit fraude, ne rezerv\u0103m dreptul de a-\u021bi \u00eenchide Profilul TransferGo imediat.<\/p>\n\n\n\n<p>2.18. Avem dreptul s\u0103 suspend\u0103m o cerere dac\u0103 sistemele noastre detecteaz\u0103 c\u0103 un Prieten \u0219i un Avocat ar putea fi aceea\u0219i persoan\u0103.<\/p>\n\n\n\n<p>2.19. Decizia TransferGo \u00een toate problemele este final\u0103 \u0219i obligatorie \u0219i nu se va purta nicio coresponden\u021b\u0103 sau discu\u021bie.<\/p>\n\n\n\n<p><strong>3. Suma bonusului<\/strong><\/p>\n\n\n\n<p>3.1. Toate programele Recomand\u0103 Un Prieten, bonusurile \u0219i moneda sunt determinate de mai mul\u021bi factori \u0219i pot fi diferite pentru diferi\u021bi utilizatori.<\/p>\n\n\n\n<p>3.2. Po\u021bi revendica Bonusul \u00een orice moned\u0103 legal\u0103 utilizat\u0103 \u00een \u021b\u0103rile noastre de operare (astfel cum sunt definite \u00een T&amp;C). Vom converti suma relevant\u0103 a Bonusului \u00een moneda selectat\u0103 la cursul afi\u0219at pe Serviciu \u00een ziua \u0219i la ora la care \u00ee\u021bi pl\u0103tim Bonusul. Aceste rate pot fluctua din c\u00e2nd \u00een c\u00e2nd \u00een conformitate cu fluctua\u021biile de pe pie\u021bele interna\u021bionale ale cursurilor de schimb.<\/p>\n\n\n\n<p>3.3. Valoarea bonusurilor variaz\u0103 \u00een func\u021bie de o serie de factori. Aceste sume sunt \u00eentotdeauna men\u021bionate \u00een sec\u021biunea Invit\u0103 &amp; C\u00e2\u0219tig\u0103 a Serviciului. Cei care sunt invita\u021bi pot fi, de asemenea, recompensa\u021bi cu reduceri, bonusuri \u00een bani sau sume variabile. \u00centotdeauna c\u0103ut\u0103m cele mai bune solu\u021bii pentru clien\u021bii no\u0219tri, a\u0219a c\u0103 ne rezerv\u0103m dreptul de a modifica tipul \u0219i valoarea recompensei \u00een orice moment.<\/p>\n\n\n\n<p><strong>4. Revendicarea bonusului t\u0103u<\/strong><\/p>\n\n\n\n<p>4.1. Odat\u0103 ce Bonusul t\u0103u este disponibil, \u00eel po\u021bi revendica astfel:<\/p>\n\n\n\n<ul class=\"wp-block-list\">\n<li>\u2022 complet\u00e2nd Profilul cu datele tale personale;<\/li>\n\n\n\n<li>\u2022 urm\u00e2nd link-ul \u201eColecteaz\u0103 Recompensa\u201d din sec\u021biunea Invit\u0103 &amp; C\u00e2\u0219tig a Serviciului nostru;<\/li>\n\n\n\n<li>\u2022 ftransmiterea detaliilor propriului cont bancar (aplicabil doar utilizatorilor care nu sunt eligibili s\u0103 deschid\u0103 un Cont TransferGo);<\/li>\n<\/ul>\n\n\n\n<p>4.2. Trebuie s\u0103 \u00ee\u021bi revendici Bonusul \u00een termen de 30 de zile. Te vom informa cu privire la dreptul t\u0103u de a face acest lucru, dac\u0103 ai fost de acord s\u0103 prime\u0219ti comunic\u0103ri \u0219i\/sau notific\u0103ri prin e-mail de la noi. Dac\u0103 nu \u00ee\u021bi revendici Bonusul \u00een aceast\u0103 perioad\u0103, nu vei mai putea s\u0103 \u00eel revendici. Te vom informa c\u00e2nd se \u00eent\u00e2mpl\u0103 acest lucru pe pagina \u201eInvit\u0103 &amp; C\u00e2\u0219tig\u0103\u201d a Serviciului nostru.<\/p>\n\n\n\n<p>4.3. Odat\u0103 ce ai revendicat \u0219i Contul t\u0103u TransferGo a fost configurat cu succes, Bonusul t\u0103u va fi disponibil \u00een Contul t\u0103u TransferGo imediat.<\/p>\n\n\n\n<p><strong>5. Limitarea R\u0103spunderii<\/strong><\/p>\n\n\n\n<p>5.1. TransferGo \u00ee\u0219i rezerv\u0103 dreptul, \u00een orice moment \u0219i periodic, de a modifica sau \u00eentrerupe, temporar sau permanent, Programul de Recomandare, cu sau f\u0103r\u0103 notificare prealabil\u0103, din motive independente de voin\u021ba sa (inclusiv, f\u0103r\u0103 limitare, \u00een cazul unei fraude anticipate, suspectate sau reale).<\/p>\n\n\n\n<p>5.2. De asemenea, putem modifica sau \u00eentrerupe Programul de recomandare printr-o notificare rezonabil\u0103 adresat\u0103 \u021bie. Dac\u0103 vom \u00eentrerupe Programul de Recomandare, vom:<\/p>\n\n\n\n<ul class=\"wp-block-list\">\n<li>\u2022 \u00een conformitate cu punctul 4.2, onorarea oric\u0103rui Bonus pentru care ai devenit eligibil \u00eenainte de ora 11:59 pm, ora Marii Britanii, la ultima dat\u0103 a Programului de Recomandare;<\/li>\n\n\n\n<li>\u2022 s\u0103 te inform\u0103m cu privire la orice drept de a revendica un bonus care \u021bi-a revenit la ora 23:59, ora Marii Britanii, la ultima dat\u0103 a Programului de Recomandare, dac\u0103 ai fost de acord s\u0103 prime\u0219ti comunic\u0103ri \u0219i\/sau notific\u0103ri prin e-mail din partea noastr\u0103.\u00a0<\/li>\n<\/ul>\n\n\n\n<p>5.3. TransferGo nu \u00ee\u0219i asum\u0103 nicio responsabilitate pentru nicio pierdere sau daun\u0103 suferit\u0103 de tine ca urmare a particip\u0103rii la Programul de Recomandare sau a accept\u0103rii sau utiliz\u0103rii Bonusului t\u0103u, inclusiv (dar f\u0103r\u0103 a se limita la) orice pierdere care rezult\u0103 din urm\u0103toarele:<\/p>\n\n\n\n<ul class=\"wp-block-list\">\n<li>\u2022 orice am\u00e2nare sau anulare a Programului de Recomandare sau orice \u00eent\u00e2rziere \u00een informarea ta cu privire la dreptul t\u0103u de a solicita un Bonus;<\/li>\n\n\n\n<li>\u2022 orice modificare, acces neautorizat, deteriorare, livrare \u00eent\u00e2rziat\u0103 sau nelivrare a oric\u0103ror notific\u0103ri, accept\u0103ri, cereri sau alte documente legate de Programul de Recomandare;<\/li>\n\n\n\n<li>\u2022 orice daune aduse calculatorului\/computerului t\u0103u sau al oric\u0103rei alte persoane \u00een leg\u0103tur\u0103 cu sau ca urmare a particip\u0103rii la Programul de Recomandare sau a desc\u0103rc\u0103rii oric\u0103ror materiale \u00een leg\u0103tur\u0103 cu Programul de Recomandare;<\/li>\n\n\n\n<li>\u2022 orice act sau ne\u00eendeplinire a oric\u0103rui furnizor ter\u021b.<\/li>\n<\/ul>\n\n\n\n<p>5.4. Nicio prevedere din ace\u0219ti Termeni ai Programului nu exclude r\u0103spunderea TransferGo pentru deces, v\u0103t\u0103mare corporal\u0103, fraud\u0103 sau reprezentare frauduloas\u0103 ca rezultat al neglijen\u021bei sale, sau orice alt\u0103 problem\u0103 pentru care legea nu ne permite s\u0103 ne excludem sau s\u0103 ne limit\u0103m r\u0103spunderea.<\/p>\n\n\n\n<p>5.5. Toate taxele \u0219i alte cheltuieli administrative sunt \u00een responsabilitatea persoanei care face recomandarea.<\/p>\n\n\n\n<p><strong>6. Detaliile tale personale<\/strong><\/p>\n\n\n\n<p>6.1. Te rug\u0103m s\u0103 consul\u021bi Politica noastr\u0103 de confiden\u021bialitate pentru mai multe informa\u021bii despre modul \u00een care trat\u0103m informa\u021biile tale. O copie a Politicii de confiden\u021bialitate poate fi ob\u021binut\u0103 la cerere la adresa: <a href=\"mailto:hello@transfergo.com\">hello@transfergo.com<\/a>, sau acces\u00e2nd: <a href=\"https:\/\/wpvip.tgalpha.com\/ro\/politica-de-confidentialitate\">https:\/\/wpvip.tgalpha.com\/ro\/politica-de-confidentialitate<\/a>.<\/p>\n\n\n\n<p><strong>7. Mutarea la Programul de Afiliere<\/strong><\/p>\n\n\n\n<p>7.1. Pe baza comportamentului t\u0103u de recomandare, este posibil s\u0103 consider\u0103m oportun s\u0103 te mut\u0103m \u00een programul nostru de Afilia\u021bi. \u00cen acest caz, te vom anun\u021ba \u00een timp util \u0219i \u00ee\u021bi vom prezenta beneficiile cashback revizuite.<\/p>\n\n\n\n<p><strong>8. General<\/strong><\/p>\n\n\n\n<p>8.1. \u00cen cazul \u00een care orice dispozi\u021bie a acestor Termeni ai programului este considerat\u0103 ilegal\u0103 sau inaplicabil\u0103, acest lucru nu va afecta men\u021binerea \u00een vigoare \u0219i efect a celorlalte dispozi\u021bii.<\/p>\n\n\n\n<p>8.2. Dac\u0103 ai \u00eentreb\u0103ri cu privire la Programul de Recomandare, te rug\u0103m s\u0103 ne trimi\u021bi un e-mail la <a href=\"mailto:hello@transfergo.com\">hello@transfergo.com<\/a> cu \u201eProgramul Invit\u0103 Un Prieten\u201d \u00een linia de subiect.<\/p>\n\n\n\n<p>8.3. Termenii Programului de Recomandare vor fi reglementa\u021bi de legisla\u021bia britanic\u0103, iar participan\u021bii se supun jurisdic\u021biei exclusive a instan\u021belor din Marea Britanie.<\/p>\n\n\n\n<p>8.4. TransferGo \u00ee\u0219i rezerv\u0103 dreptul de a refuza plata acestui Bonus la discre\u021bia sa.<\/p>\n\n\n\n<p>8.5. TransferGo \u00ee\u0219i rezerv\u0103 dreptul de a modifica sau retrage Bonusul la discre\u021bia sa absolut\u0103.<\/p>\n\n\n\n<p>8.6. TransferGo \u00ee\u0219i rezerv\u0103 dreptul de a \u00eenceta Programul de Recomandare \u00een orice moment, f\u0103r\u0103 notificare prealabil\u0103.<\/p>\n\n\n\n<p>8.7. TransferGo \u00ee\u0219i rezerv\u0103 dreptul de a modifica Termenii programului \u00een orice moment.<\/p>\n\n\n\n<p><strong>9. Oferta curent\u0103<\/strong><\/p>\n\n\n\n<p>9.1 Exist\u0103 anumite perioade \u00een care oferim recompense unui grup de utilizatori eligibili (al\u0103turi de programul nostru continuu). Dac\u0103 e\u0219ti eligibil pentru aceste recompense, vei fi notificat c\u00e2nd te conectezi la Proflul t\u0103u.<\/p>\n\n\n\n<div class=\"wp-block-buttons is-layout-flex wp-block-buttons-is-layout-flex\">\n<div class=\"wp-block-button is-style-button-with-arrow\"><a class=\"wp-block-button__link wp-element-button\" href=\"https:\/\/app.transfergo.com\/ro\/register\" target=\"_blank\" rel=\"noopener\">Trimite bani acum<\/a><\/div>\n<\/div>\n<\/div><\/section>\n","protected":false},"excerpt":{"rendered":"","protected":false},"author":1,"featured_media":718154,"parent":1229,"menu_order":0,"comment_status":"closed","ping_status":"closed","template":"page-with-short-footer","meta":{"hideMenuColor":false,"footnotes":""},"class_list":["post-2590","page","type-page","status-publish","has-post-thumbnail","hentry"],"jetpack_sharing_enabled":true,"hideMenuColor":"","_links":{"self":[{"href":"https:\/\/wpvip.tgalpha.com\/ro\/wp-json\/wp\/v2\/pages\/2590","targetHints":{"allow":["GET"]}}],"collection":[{"href":"https:\/\/wpvip.tgalpha.com\/ro\/wp-json\/wp\/v2\/pages"}],"about":[{"href":"https:\/\/wpvip.tgalpha.com\/ro\/wp-json\/wp\/v2\/types\/page"}],"author":[{"embeddable":true,"href":"https:\/\/wpvip.tgalpha.com\/ro\/wp-json\/wp\/v2\/users\/1"}],"replies":[{"embeddable":true,"href":"https:\/\/wpvip.tgalpha.com\/ro\/wp-json\/wp\/v2\/comments?post=2590"}],"version-history":[{"count":8,"href":"https:\/\/wpvip.tgalpha.com\/ro\/wp-json\/wp\/v2\/pages\/2590\/revisions"}],"predecessor-version":[{"id":262542,"href":"https:\/\/wpvip.tgalpha.com\/ro\/wp-json\/wp\/v2\/pages\/2590\/revisions\/262542"}],"up":[{"embeddable":true,"href":"https:\/\/wpvip.tgalpha.com\/ro\/wp-json\/wp\/v2\/pages\/1229"}],"wp:featuredmedia":[{"embeddable":true,"href":"https:\/\/wpvip.tgalpha.com\/ro\/wp-json\/wp\/v2\/media\/718154"}],"wp:attachment":[{"href":"https:\/\/wpvip.tgalpha.com\/ro\/wp-json\/wp\/v2\/media?parent=2590"}],"curies":[{"name":"wp","href":"https:\/\/api.w.org\/{rel}","templated":true}]}}