{"id":1399,"date":"2022-08-20T08:01:05","date_gmt":"2022-08-20T08:01:05","guid":{"rendered":"https:\/\/transfergo.wpengine.com\/refer-a-friend"},"modified":"2026-02-23T09:23:33","modified_gmt":"2026-02-23T09:23:33","slug":"invita-un-prieten","status":"publish","type":"page","link":"https:\/\/wpvip.tgalpha.com\/ro\/invita-un-prieten","title":{"rendered":"Invit\u0103 un prieten"},"content":{"rendered":"\n<section class=\"wp-block-tg-hero-refer-a-friend hero-refer-a-friend container-fluid alignfull\" align=\"full\"><div class=\"container\">\n<div class=\"wp-block-columns hero-refer-a-friend__columns is-layout-flex wp-container-core-columns-is-layout-28f84493 wp-block-columns-is-layout-flex\">\n<div class=\"wp-block-column hero-refer-a-friend__column is-layout-flow wp-block-column-is-layout-flow\">\n<h1 class=\"wp-block-heading hero-refer-a-friend__title is-style-default\">Invit\u0103-\u021bi prietenii, c\u00e2\u0219tig\u0103 sume mari.<\/h1>\n\n\n\n<p class=\"hero-refer-a-friend__subtitle has-large-font-size\">Ob\u021bine \u00a320* pentru fiecare persoan\u0103 pe care o invi\u021bi la TransferGo \u0219i c\u00e2\u0219tig\u0103 sute de \u00a3\u00a3\u00a3 \u00een fiecare lun\u0103!<\/p>\n\n\n\n<p class=\"hero-refer-a-friend__text has-bw-700-color has-text-color has-medium-font-size\">*Monedele \u0219i sumele pot varia. Consult\u0103 oferta \u0219i condi\u021biile noastre actuale <a href=\"https:\/\/wpvip.tgalpha.com\/ro\/termenii-si-conditiile\/programul-recomanda-un-prieten\">aici.<\/a><\/p>\n\n\n\n<div class=\"wp-block-button hero-refer-a-friend__button is-style-button-with-arrow\"><a class=\"wp-block-button__link wp-element-button\" href=\"https:\/\/app.transfergo.com\/ro\/register\" target=\"_blank\" rel=\"noopener\">\u00cencepe s\u0103 invi\u021bi<\/a><\/div>\n<\/div>\n\n\n\n<div class=\"wp-block-column hero-refer-a-friend__column hero-refer-a-friend__column--images is-layout-flow wp-block-column-is-layout-flow\">\n<figure class=\"wp-block-image hero-refer-a-friend__image\"><img decoding=\"async\" src=\"https:\/\/wpvip.tgalpha.com\/wp-content\/plugins\/transfergo-blocks\/assets\/img\/hero-refer-a-friend\/hero-refer-a-friend-image-male.webp\" alt=\"\"\/><\/figure>\n\n\n\n<figure class=\"wp-block-image hero-refer-a-friend__image\"><img decoding=\"async\" src=\"https:\/\/wpvip.tgalpha.com\/wp-content\/plugins\/transfergo-blocks\/assets\/img\/hero-refer-a-friend\/hero-refer-a-friend-image-female.webp\" alt=\"\"\/><\/figure>\n<\/div>\n<\/div>\n<\/div><\/section>\n\n\n\n<section class=\"wp-block-tg-how-do-i-invite how-do-i-invite container-fluid alignfull has-blue-900-background-color has-background\" align=\"full\"><div class=\"container\">\n<h2 class=\"wp-block-heading has-text-align-center how-do-i-invite__title is-style-h3-higher-header-style has-bw-100-color has-text-color\">Cum pot s\u0103-mi invit prietenii?<\/h2>\n\n\n\n<h6 class=\"wp-block-heading has-text-align-center how-do-i-invite__subtitle has-bw-100-color has-text-color\">Este foarte u\u0219or &#8211; urmeaz\u0103 ace\u0219ti trei pa\u0219i simpli\u2026<\/h6>\n\n\n\n<div class=\"wp-block-columns how-do-i-invite__columns is-layout-flex wp-container-core-columns-is-layout-28f84493 wp-block-columns-is-layout-flex\">\n<div class=\"wp-block-column how-do-i-invite__column is-layout-flow wp-block-column-is-layout-flow\">\n<figure class=\"wp-block-image aligncenter is-resized how-do-i-invite__column-image\"><img decoding=\"async\" src=\"https:\/\/wpvip.tgalpha.com\/wp-content\/plugins\/transfergo-blocks\/assets\/img\/how-do-i-invite-icon-0.svg\" alt=\"\" style=\"width:56;height:56\"\/><\/figure>\n\n\n\n<h3 class=\"wp-block-heading has-text-align-center t2 how-do-i-invite__column-title is-style-h6-higher-header-style has-bw-100-color has-text-color\"><strong>1. G\u0103se\u0219te<\/strong><\/h3>\n\n\n\n<p class=\"has-text-align-center how-do-i-invite__column-subtitle has-bw-100-color has-text-color has-medium-font-size\">G\u0103se\u0219te-\u021bi codul de invita\u021bie. Acesta se afl\u0103 \u00een sec\u021biunea &#8220;Invit\u0103&#8221; din contul t\u0103u.<\/p>\n<\/div>\n\n\n\n<div class=\"wp-block-column how-do-i-invite__column is-layout-flow wp-block-column-is-layout-flow\">\n<figure class=\"wp-block-image aligncenter is-resized how-do-i-invite__column-image\"><img decoding=\"async\" src=\"https:\/\/wpvip.tgalpha.com\/wp-content\/plugins\/transfergo-blocks\/assets\/img\/how-do-i-invite-icon-1.svg\" alt=\"\" style=\"width:56;height:56\"\/><\/figure>\n\n\n\n<h3 class=\"wp-block-heading has-text-align-center t2 how-do-i-invite__column-title is-style-h6-higher-header-style has-bw-100-color has-text-color\"><strong>2. Distribuie<\/strong><\/h3>\n\n\n\n<p class=\"has-text-align-center how-do-i-invite__column-subtitle has-bw-100-color has-text-color has-medium-font-size\">Distribuie codul de invita\u021bie prin SMS, WhatsApp sau prin re\u021belele de socializare. Ace\u0219tia vor trebui s\u0103 \u00eel copieze.<\/p>\n<\/div>\n\n\n\n<div class=\"wp-block-column how-do-i-invite__column is-layout-flow wp-block-column-is-layout-flow\">\n<figure class=\"wp-block-image aligncenter is-resized how-do-i-invite__column-image\"><img decoding=\"async\" src=\"https:\/\/wpvip.tgalpha.com\/wp-content\/plugins\/transfergo-blocks\/assets\/img\/how-do-i-invite-icon-2.svg\" alt=\"\" style=\"width:56;height:56\"\/><\/figure>\n\n\n\n<h3 class=\"wp-block-heading has-text-align-center t2 how-do-i-invite__column-title is-style-h6-higher-header-style has-bw-100-color has-text-color\"><strong>3. \u00cendr\u0103zne\u0219te<\/strong><\/h3>\n\n\n\n<p class=\"has-text-align-center how-do-i-invite__column-subtitle has-bw-100-color has-text-color has-medium-font-size\">Ajut\u0103-\u021bi prietenii s\u0103 se \u00eenscrie \u0219i s\u0103 \u00eenceap\u0103 s\u0103 transfere. Vei primi 20\u00a3 de fiecare dat\u0103!<\/p>\n<\/div>\n<\/div>\n\n\n\n<div class=\"wp-block-button how-do-i-invite__button is-style-button-with-arrow-light\"><a class=\"wp-block-button__link wp-element-button\" href=\"https:\/\/app.transfergo.com\/ro\/register\" target=\"_blank\" rel=\"noopener\">\u00cencepe s\u0103 c\u00e2\u0219tigi!<\/a><\/div>\n<\/div><\/section>\n\n\n\n<section class=\"wp-block-tg-text-and-image-with-icons text-and-image-with-icons container-fluid alignfull\"><div class=\"container\">\n<div class=\"wp-block-columns text-and-image-with-icons__columns is-layout-flex wp-container-core-columns-is-layout-28f84493 wp-block-columns-is-layout-flex\">\n<div class=\"wp-block-column text-and-image-with-icons__column is-layout-flow wp-block-column-is-layout-flow\">\n<h2 class=\"wp-block-heading text-and-image-with-icons__heading has-blue-900-color has-text-color\">A \u00eemp\u0103rt\u0103\u0219i \u00eenseamn\u0103 a c\u00e2\u0219tiga<\/h2>\n\n\n\n<p class=\"text-and-image-with-icons__paragraph has-blue-900-color has-text-color has-medium-font-size\">\u00cemp\u0103rt\u0103\u0219e\u0219te codul de invita\u021bie oriunde \u0219i c\u0103tre oricine prin SMS, WhatsApp sau prin re\u021belele de socializare. C\u00e2nd o faci, spune-le oamenilor despre transferurile noastre rapide \u0219i u\u0219oare, despre tarifele noastre avantajoase \u0219i despre c\u00e2t de u\u0219or este de utilizat aplica\u021bia noastr\u0103.<br><br>Odat\u0103 ce au transferat \u00a3100 interna\u021bional c\u0103tre o alt\u0103 persoan\u0103 din alt\u0103 \u021bar\u0103, recompensa este a ta.<\/p>\n<\/div>\n\n\n\n<div class=\"wp-block-column text-and-image-with-icons__column text-and-image-with-icons__column--image is-layout-flow wp-block-column-is-layout-flow\">\n<figure class=\"wp-block-image text-and-image-with-icons__image\"><img decoding=\"async\" src=\"https:\/\/wpvip.tgalpha.com\/wp-content\/plugins\/transfergo-blocks\/assets\/img\/text-and-image-with-icons.webp\" alt=\"Talking people\"\/><\/figure>\n\n\n\n<figure class=\"wp-block-image text-and-image-with-icons__icon text-and-image-with-icons__icon--facebook\"><img decoding=\"async\" src=\"https:\/\/wpvip.tgalpha.com\/wp-content\/plugins\/transfergo-blocks\/assets\/icons\/facebook.svg\" alt=\"Facebook\"\/><\/figure>\n\n\n\n<figure class=\"wp-block-image text-and-image-with-icons__icon text-and-image-with-icons__icon--messenger\"><img decoding=\"async\" src=\"https:\/\/wpvip.tgalpha.com\/wp-content\/plugins\/transfergo-blocks\/assets\/icons\/messenger.svg\" alt=\"Messenger\"\/><\/figure>\n\n\n\n<figure class=\"wp-block-image text-and-image-with-icons__icon text-and-image-with-icons__icon--whatsapp\"><img decoding=\"async\" src=\"https:\/\/wpvip.tgalpha.com\/wp-content\/plugins\/transfergo-blocks\/assets\/icons\/whatsapp.svg\" alt=\"WhatsApp\"\/><\/figure>\n\n\n\n<figure class=\"wp-block-image text-and-image-with-icons__icon text-and-image-with-icons__icon--x\"><img decoding=\"async\" src=\"https:\/\/wpvip.tgalpha.com\/wp-content\/plugins\/transfergo-blocks\/assets\/icons\/X.svg\" alt=\"X\"\/><\/figure>\n<\/div>\n<\/div>\n<\/div><\/section>\n\n\n\n<section class=\"wp-block-tg-text-on-image text-on-image container-fluid alignfull\"><div class=\"container\">\n<figure class=\"wp-block-image text-on-image__background-image\"><img decoding=\"async\" src=\"https:\/\/wpvip.tgalpha.com\/wp-content\/plugins\/transfergo-blocks\/assets\/img\/text-on-image-background.webp\" alt=\"Transfergo Background Image\"\/><\/figure>\n\n\n\n<div class=\"wp-block-group text-on-image__content is-layout-flex wp-block-group-is-layout-flex\">\n<h2 class=\"wp-block-heading has-text-align-left text-on-image__title has-bw-100-color has-text-color\">Este un c\u00e2\u0219tig de ambele p\u0103r\u021bi!<\/h2>\n\n\n\n<p class=\"text-on-image__text has-bw-100-color has-text-color has-medium-font-size\">Ace\u0219tia beneficiaz\u0103 de transferuri de bani instantanee, rate avantajoase \u0219i comisioane reduse.<br><br>Tu prime\u0219ti \u00a320 de fiecare dat\u0103 c\u00e2nd se \u00eenscriu cu codul t\u0103u de invita\u021bie \u0219i trimit \u00a3100* interna\u021bional \u00eentre diferite valute. <br><br>Cu TransferGo, toat\u0103 lumea are de c\u00e2\u0219tigat.<\/p>\n\n\n\n<p class=\"text-on-image__remark has-bw-100-color has-text-color has-small-font-size\">*Monedele \u0219i sumele pot varia.<\/p>\n<\/div>\n<\/div><\/section>\n\n\n\n<section class=\"wp-block-tg-click-and-collect click-and-collect container-fluid alignfull\" align=\"full\"><div class=\"container\">\n<h2 class=\"wp-block-heading has-text-align-center click-and-collect__title is-style-h3-higher-header-style has-blue-900-color has-text-color\">Click \u0219i colecteaz\u0103 \u2014<mark class=\"has-inline-color has-blue-500-color\"> este at\u00e2t de simplu.<\/mark><\/h2>\n\n\n\n<p class=\"has-text-align-center click-and-collect__subtitle has-bw-700-color has-text-color has-medium-font-size\">Recompensa ta este ad\u0103ugat\u0103 automat \u00een contul t\u0103u TransferGo &#8211; trebuie doar s\u0103 o colectezi.<\/p>\n\n\n\n<div class=\"wp-block-button click-and-collect__button is-style-button-with-arrow\"><a class=\"wp-block-button__link wp-element-button\" href=\"https:\/\/app.transfergo.com\/ro\/register\" target=\"_blank\" rel=\"noopener\">Invit\u0103!<\/a><\/div>\n\n\n\n<div class=\"wp-block-group click-and-collect__animation is-layout-flow wp-block-group-is-layout-flow\">\n<p class=\"has-text-align-left click-and-collect__animation-text has-blue-900-color has-text-color has-medium-font-size\">Apas\u0103 pe \u2018COLECTEAZ\u0102 RECOMPENSA!\u2019 din sec\u021biunea \u2018Invit\u0103\u2019 din contul t\u0103u \u0219i completeaz\u0103 datele tale<\/p>\n<\/div>\n<\/div><\/section>\n\n\n\n<section class=\"wp-block-tg-faqs-accordion faqs-accordion container-fluid alignfull\" align=\"full\"><div class=\"container\">\n<h2 class=\"wp-block-heading has-text-align-center faqs-accordion__heading is-style-h3-higher-header-style has-blue-900-color has-text-color\">\u00centreb\u0103ri frecvente<\/h2>\n\n\n\n<details class=\"wp-block-tg-faqs-accordion-item faqs-accordion-item\"><summary class=\"faqs-accordion-item__question is-style-h6-higher-header-style\">Ce este programul TransferGo &#8220;Invit\u0103 un prieten&#8221;?<\/summary><div class=\"faqs-accordion-item__height-wrapper\"><div class=\"faqs-accordion-item__content-wrapper\">\n<p>TransferGo te r\u0103spl\u0103te\u0219te cu \u00a320 (sau echivalentul) de fiecare dat\u0103 c\u00e2nd cineva se \u00eenscrie la TransferGo folosind codul t\u0103u unic de invita\u021bie \u0219i trimite peste \u00a3100 interna\u021bional \u00een primele \u0219ase luni.<br>Uneori, programul variaz\u0103, recompensele ajung\u00e2nd p\u00e2n\u0103 la \u00a330 sau chiar \u00a350 pentru unele recomand\u0103ri.<\/p>\n<\/div><\/div><\/details>\n\n\n\n<details class=\"wp-block-tg-faqs-accordion-item faqs-accordion-item\"><summary class=\"faqs-accordion-item__question is-style-h6-higher-header-style\">C\u00e2\u021bi bani pot c\u00e2\u0219tiga din acest program?<\/summary><div class=\"faqs-accordion-item__height-wrapper\"><div class=\"faqs-accordion-item__content-wrapper\">\n<p>Po\u021bi s\u0103 faci c\u00e2\u021bi bani dore\u0219ti. Cei care c\u00e2\u0219tig\u0103 cel mai bine c\u00e2\u0219tig\u0103 c\u00e2teva mii de lire sterline \u00a3\u00a3\u00a3 \u00een fiecare lun\u0103, deoarece invit\u0103 sute de persoane pe canalele lor de socializare.<\/p>\n<\/div><\/div><\/details>\n\n\n\n<details class=\"wp-block-tg-faqs-accordion-item faqs-accordion-item\"><summary class=\"faqs-accordion-item__question is-style-h6-higher-header-style\">Cum func\u021bioneaz\u0103 programul TransferGo &#8220;Invit\u0103 un prieten&#8221;?<\/summary><div class=\"faqs-accordion-item__height-wrapper\"><div class=\"faqs-accordion-item__content-wrapper\">\n<p>TransferGo \u00ee\u021bi ofer\u0103 propriul cod unic de invita\u021bie atunci c\u00e2nd te \u00eenregistrezi. Astfel, de fiecare dat\u0103 c\u00e2nd cineva nou introduce acel cod atunci c\u00e2nd se \u00eenscrie la TransferGo, e\u0219ti recompensat (odat\u0103 ce au efectuat &#8220;transferurile eligibile&#8221; la nivel interna\u021bional).<\/p>\n<\/div><\/div><\/details>\n\n\n\n<details class=\"wp-block-tg-faqs-accordion-item faqs-accordion-item\"><summary class=\"faqs-accordion-item__question is-style-h6-higher-header-style\">Cum pot beneficia de recompens\u0103?<\/summary><div class=\"faqs-accordion-item__height-wrapper\"><div class=\"faqs-accordion-item__content-wrapper\">\n<p>At\u00e2ta timp c\u00e2t respec\u021bi termenii \u0219i condi\u021biile programului nostru, te califici pentru a-\u021bi revendica recompensa.<br>Exist\u0103 un link c\u0103tre acestea \u00een partea de sus a acestei pagini.<br>Regulile de baz\u0103 sunt c\u0103 trebuie s\u0103 recomanzi pe cineva care nu e\u0219ti tu, care nu te-a recomandat pe tine, iar transferurile lor trebuie s\u0103 fie interna\u021bionale, c\u0103tre o alt\u0103 persoan\u0103 \u0219i \u00een alt\u0103 moned\u0103, \u0219i s\u0103 ajung\u0103 la echivalentul a \u00a3100.<\/p>\n<\/div><\/div><\/details>\n\n\n\n<details class=\"wp-block-tg-faqs-accordion-item faqs-accordion-item\"><summary class=\"faqs-accordion-item__question is-style-h6-higher-header-style\">Unde pot g\u0103si codul meu de invita\u021bie TransferGo?<\/summary><div class=\"faqs-accordion-item__height-wrapper\"><div class=\"faqs-accordion-item__content-wrapper\">\n<p>Codul t\u0103u de invita\u021bie este \u00een aplica\u021bia TransferGo. Mergi la sec\u021biunea &#8220;Acas\u0103&#8221; a aplica\u021biei \u0219i caut\u0103 bannerul care men\u021bioneaz\u0103 c\u00e2\u0219tigarea unei recompense. Sau po\u021bi ap\u0103sa pe meniul din st\u00e2nga sus pe &#8220;C\u00e2\u0219tiguri&#8221; \u0219i g\u0103se\u0219te-l \u00een acest fel.<\/p>\n<\/div><\/div><\/details>\n\n\n\n<details class=\"wp-block-tg-faqs-accordion-item faqs-accordion-item\"><summary class=\"faqs-accordion-item__question is-style-h6-higher-header-style\">Trebuie s\u0103-mi fie prieteni?<\/summary><div class=\"faqs-accordion-item__height-wrapper\"><div class=\"faqs-accordion-item__content-wrapper\">\n<p>Ace\u0219tia pot fi prieteni, cunoscu\u021bi, membri ai familiei sau persoane complet str\u0103ine. At\u00e2ta timp c\u00e2t ace\u0219tia folosesc codul t\u0103u de invita\u021bie pentru a se \u00eenscrie, \u00eei vom num\u0103ra ca fiind prietenii t\u0103i.<\/p>\n<\/div><\/div><\/details>\n\n\n\n<details class=\"wp-block-tg-faqs-accordion-item faqs-accordion-item\"><summary class=\"faqs-accordion-item__question is-style-h6-higher-header-style\">Care este limita de c\u00e2\u0219tig?<\/summary><div class=\"faqs-accordion-item__height-wrapper\"><div class=\"faqs-accordion-item__content-wrapper\">\n<p>Nu exist\u0103 nicio limit\u0103. Prime\u0219ti \u00a320 (sau echivalentul) de fiecare dat\u0103 c\u00e2nd cineva care nu e\u0219ti tu folose\u0219te codul t\u0103u de invita\u021bie pentru a se \u00eenscrie la TransferGo, imediat ce a f\u0103cut primul transfer de \u00a3100 interna\u021bional \u00eentr-o alt\u0103 moned\u0103 \u0219i c\u0103tre o alt\u0103 persoan\u0103. Bine\u00een\u021beles, trebuie s\u0103 respecte Termenii \u0219i Condi\u021biile noastre.<\/p>\n<\/div><\/div><\/details>\n\n\n\n<details class=\"wp-block-tg-faqs-accordion-item faqs-accordion-item\"><summary class=\"faqs-accordion-item__question is-style-h6-higher-header-style\">\u00cen c\u00e2t timp \u00eemi primesc recompensa?<\/summary><div class=\"faqs-accordion-item__height-wrapper\"><div class=\"faqs-accordion-item__content-wrapper\">\n<p>Odat\u0103 ce prietenul t\u0103u s-a calificat \u0219i a trecut toate verific\u0103rile noastre pentru prieteni, recompensele tale vor fi disponibile instantaneu \u00een aplica\u021bie! Dac\u0103 ai trecut de toate verific\u0103rile Avocatului nostru, \u00ee\u021bi po\u021bi revendica recompensa.<br><br>Dup\u0103 ce \u021bi-ai revendicat recompensa, banii t\u0103i vor fi procesa\u021bi de Finan\u021be \u00een contul bancar indicat de tine. Acest lucru poate dura p\u00e2n\u0103 la 5 zile.<\/p>\n<\/div><\/div><\/details>\n\n\n\n<details class=\"wp-block-tg-faqs-accordion-item faqs-accordion-item\"><summary class=\"faqs-accordion-item__question is-style-h6-higher-header-style\">De ce nu mi-am primit recompensa de la un prieten care s-a \u00eenregistrat?<\/summary><div class=\"faqs-accordion-item__height-wrapper\"><div class=\"faqs-accordion-item__content-wrapper\">\n<p>Trebuie s\u0103 \u00eenceap\u0103 s\u0103 foloseasc\u0103 aplica\u021bia noastr\u0103. Noi definim acest lucru ca fiind transferul a cel pu\u021bin \u00a3100 c\u0103tre o alt\u0103 persoan\u0103, \u00een alt\u0103 moned\u0103 \u0219i \u00een alt\u0103 \u021bar\u0103, \u00een primele \u0219ase luni.<\/p>\n<\/div><\/div><\/details>\n\n\n\n<details class=\"wp-block-tg-faqs-accordion-item faqs-accordion-item\"><summary class=\"faqs-accordion-item__question is-style-h6-higher-header-style\">Este TransferGo sigur \u0219i legitim?<\/summary><div class=\"faqs-accordion-item__height-wrapper\"><div class=\"faqs-accordion-item__content-wrapper\">\n<p>8 milioane de clien\u021bi par s\u0103 cread\u0103 asta! Po\u021bi s\u0103 ne verifici recenziile pe Trustpilot, s\u0103 ne cau\u021bi online \u0219i s\u0103 cite\u0219ti despre noi \u00een publica\u021bii importante din \u00eentreaga lume, dac\u0103 vrei s\u0103 ai mai mult\u0103 siguran\u021b\u0103.<\/p>\n<\/div><\/div><\/details>\n\n\n\n<details class=\"wp-block-tg-faqs-accordion-item faqs-accordion-item\"><summary class=\"faqs-accordion-item__question is-style-h6-higher-header-style\">Cum pot c\u00e2\u0219tiga bani online prin recomandarea prietenilor?<\/summary><div class=\"faqs-accordion-item__height-wrapper\"><div class=\"faqs-accordion-item__content-wrapper\">\n<p>\u00cencepe cu prietenii \u0219i familia &#8211; dar nu te teme s\u0103 r\u0103sp\u00e2nde\u0219ti mesajul pe canalele tale sociale. Codul de invita\u021bie nu poate fi &#8220;furat&#8221;. Acesta poate fi folosit doar pentru a-\u021bi aduce bani.<\/p>\n<\/div><\/div><\/details>\n<\/div><\/section>\n\n\n\n<section class=\"wp-block-tg-make-faster-transfers make-faster-transfers container-fluid\" data-subtitle=\"Scaneaz\u0103 pentru a desc\u0103rca aplica\u021bia TransferGo\"><div class=\"container\">\n<h3 class=\"wp-block-heading has-text-align-left make-faster-transfers__title has-blue-900-color has-text-color\">Transferuri mai rapide \u0219i mai ieftine \u2014 descarc\u0103 aplica\u021bia TransferGo!<\/h3>\n\n\n\n<div class=\"wp-block-group make-faster-transfers__badges is-layout-flex wp-block-group-is-layout-flex\">\n<div class=\"badges__container\">\n\t<div class=\"wp-block-button badges__button  is-style-button-with-arrow\" data-button-id=\"tg-1089234045\">\n\t\t<a class=\"wp-block-button__link wp-element-button\" href=\"https:\/\/transfergo.onelink.me\/3553566860\/auava1pk\" target=\"_blank\" rel=\"noreferrer noopener\">\n\t\t\tDescarc\u0103 aplica\u021bia\t\t<\/a>\n\t<\/div>\n\t<div class=\"badges__popup\" data-popup-id=\"tg-1089234045\">\n\t\t<div class=\"badges__popup-wrapper\">\n\t\t\t<button class=\"badges__popup-button\"><\/button>\n\t\t\t<p class=\"badges__popup-title wp-heading is-style-h4-higher-header-style\">\n\t\t\t\t<mark style=\"background-color:rgba(0, 0, 0, 0)\" class=\"has-inline-color has-blue-500-color\">\n\t\t\t\t\tScaneaz\u0103\t\t\t\t<\/mark>\n\t\t\t\t pentru a desc\u0103rca aplica\u021bia TransferGo\t\t\t<\/p>\n\t\t\t<img decoding=\"async\" class=\"badges__popup-image\" src=\"https:\/\/wpvip.tgalpha.com\/wp-content\/plugins\/transfergo-blocks\/assets\/img\/QR_code.webp\"\n\t\t\t\talt=\"http:\/\/QR%20code\"\/>\n\t\t<\/div>\n\t<\/div>\n<\/div>\n<\/div>\n\n\n\n<figure class=\"wp-block-image make-faster-transfers__image\"><img decoding=\"async\" src=\"https:\/\/wpvip.tgalpha.com\/wp-content\/plugins\/transfergo-blocks\/assets\/img\/phone-image.webp\" alt=\"\"\/><\/figure>\n<\/div><\/section>\n","protected":false},"excerpt":{"rendered":"","protected":false},"author":1,"featured_media":241961,"parent":0,"menu_order":0,"comment_status":"closed","ping_status":"closed","template":"","meta":{"hideMenuColor":false,"footnotes":""},"class_list":["post-1399","page","type-page","status-publish","has-post-thumbnail","hentry"],"jetpack_sharing_enabled":true,"hideMenuColor":false,"_links":{"self":[{"href":"https:\/\/wpvip.tgalpha.com\/ro\/wp-json\/wp\/v2\/pages\/1399","targetHints":{"allow":["GET"]}}],"collection":[{"href":"https:\/\/wpvip.tgalpha.com\/ro\/wp-json\/wp\/v2\/pages"}],"about":[{"href":"https:\/\/wpvip.tgalpha.com\/ro\/wp-json\/wp\/v2\/types\/page"}],"author":[{"embeddable":true,"href":"https:\/\/wpvip.tgalpha.com\/ro\/wp-json\/wp\/v2\/users\/1"}],"replies":[{"embeddable":true,"href":"https:\/\/wpvip.tgalpha.com\/ro\/wp-json\/wp\/v2\/comments?post=1399"}],"version-history":[{"count":4,"href":"https:\/\/wpvip.tgalpha.com\/ro\/wp-json\/wp\/v2\/pages\/1399\/revisions"}],"predecessor-version":[{"id":865516,"href":"https:\/\/wpvip.tgalpha.com\/ro\/wp-json\/wp\/v2\/pages\/1399\/revisions\/865516"}],"wp:featuredmedia":[{"embeddable":true,"href":"https:\/\/wpvip.tgalpha.com\/ro\/wp-json\/wp\/v2\/media\/241961"}],"wp:attachment":[{"href":"https:\/\/wpvip.tgalpha.com\/ro\/wp-json\/wp\/v2\/media?parent=1399"}],"curies":[{"name":"wp","href":"https:\/\/api.w.org\/{rel}","templated":true}]}}