{"id":1319,"date":"2022-08-29T07:37:28","date_gmt":"2022-08-29T07:37:28","guid":{"rendered":"https:\/\/transfergo.wpengine.com\/story"},"modified":"2024-10-15T10:12:23","modified_gmt":"2024-10-15T10:12:23","slug":"povestea-noastra","status":"publish","type":"page","link":"https:\/\/wpvip.tgalpha.com\/ro\/povestea-noastra","title":{"rendered":"POVESTEA NOASTR\u0102"},"content":{"rendered":"\n<h1 class=\"wp-block-heading\">Povestea complet\u0103<\/h1>\n\n\n\n<h1 class=\"wp-block-heading\"><mark class=\"has-inline-color has-blue-500-color\">Cum a \u00eenceput totul<\/mark><\/h1>\n\n\n\n<section class=\"wp-block-tg-photo-and-text container-fluid photo-and-text\"><div class=\"container\">\n<div class=\"wp-block-media-text is-stacked-on-mobile photo-and-text__container\"><figure class=\"wp-block-media-text__media\"><img loading=\"lazy\" decoding=\"async\" width=\"677\" height=\"432\" src=\"https:\/\/wpvip.tgalpha.com\/wp-content\/uploads\/2024\/06\/human-image.jpg\" alt=\"\" class=\"wp-image-70985 size-full\" srcset=\"https:\/\/wpvip.tgalpha.com\/wp-content\/uploads\/2024\/06\/human-image.jpg 677w, https:\/\/wpvip.tgalpha.com\/wp-content\/uploads\/2024\/06\/human-image.jpg?resize=300,191 300w\" sizes=\"auto, (max-width: 677px) 100vw, 677px\" \/><\/figure><div class=\"wp-block-media-text__content\">\n<p class=\"photo-and-text__paragraph has-blue-900-color has-text-color has-medium-font-size\">Suntem aici pentru a-\u021bi u\u0219ura via\u021ba. Fie c\u0103 pl\u0103te\u0219ti facturi, \u00ee\u021bi sus\u021bii familia, aju\u021bi afaceri sau te confrun\u021bi cu situa\u021bii de urgen\u021b\u0103 &#8211; dorim s\u0103 po\u021bi face transferuri de bani rapide, la costuri reduse, \u00een siguran\u021b\u0103 \u0219i securizat. De ce? Pentru c\u0103 nu cu mult timp \u00een urm\u0103, trimiterea banilor era un co\u0219mar.<\/p>\n<\/div><\/div>\n<\/div><\/section>\n\n\n\n<section class=\"wp-block-tg-story-text-and-image container-fluid story-text-and-image story-text-and-image--transparent-rectangle-right\"><div class=\"container\">\n<div class=\"wp-block-media-text has-media-on-the-right is-stacked-on-mobile story-text-and-image__container\"><div class=\"wp-block-media-text__content\">\n<h3 class=\"wp-block-heading story-text-and-image__heading has-blue-900-color has-text-color\">Cum s-a n\u0103scut TransferGo<\/h3>\n\n\n\n<p class=\"story-text-and-image__paragraph has-blue-900-color has-text-color has-medium-font-size\">Era anul 2012 \u0219i eram patru tineri profesioni\u0219ti care \u00eencepeau o afacere de import \u0219i export \u00een str\u0103in\u0103tate. Dar transferurile interna\u021bionale de bani erau o problem\u0103. De la plata facturilor noastre \u00een Lituania la trimiterea de bani furnizorilor, ne-am confruntat cu dificult\u0103\u021bi: transferuri lente cu comisioane mari, zero servicii pentru clien\u021bi \u0219i ore de stat la coad\u0103 la chio\u0219curi.<\/p>\n\n\n\n<p class=\"story-text-and-image__paragraph has-blue-900-color has-text-color has-medium-font-size\">De ce, \u00een 2012, eram \u00eenc\u0103 dependen\u021bi de mersul \u00een persoan\u0103 la b\u0103ncile de pe strada principal\u0103 doar pentru a face transferuri simple de bani? \u0218i de ce pl\u0103team pentru acest &#8216;serviciu&#8217; foarte mult? C\u00e2nd banii no\u0219tri au fost trimi\u0219i nu numai \u00een \u021bara gre\u0219it\u0103, dar \u0219i \u00een valuta gre\u0219it\u0103 &#8211; \u0219i nici m\u0103car nu am fost compensa\u021bi pentru aceste gre\u0219eli- ne-am s\u0103turat. Am vrut o schimbare. Am vrut s\u0103 zguduim complet industria transferurilor interna\u021bionale de bani. Am vrut s\u0103 cre\u0103m un model de afaceri unic cu servicii superioare pentru clien\u021bi. \u0218i a\u0219a s-a n\u0103scut TransferGo.<\/p>\n<\/div><figure class=\"wp-block-media-text__media\"><img loading=\"lazy\" decoding=\"async\" width=\"451\" height=\"453\" src=\"https:\/\/wpvip.tgalpha.com\/wp-content\/uploads\/2024\/06\/Story-2-1.png\" alt=\"\" class=\"wp-image-71047 size-full\" srcset=\"https:\/\/wpvip.tgalpha.com\/wp-content\/uploads\/2024\/06\/Story-2-1.png 451w, https:\/\/wpvip.tgalpha.com\/wp-content\/uploads\/2024\/06\/Story-2-1.png?resize=150,150 150w, https:\/\/wpvip.tgalpha.com\/wp-content\/uploads\/2024\/06\/Story-2-1.png?resize=300,300 300w\" sizes=\"auto, (max-width: 451px) 100vw, 451px\" \/><\/figure><\/div>\n<\/div><\/section>\n\n\n\n<section class=\"wp-block-tg-story-text-and-image container-fluid story-text-and-image story-text-and-image--yellow-circle-left\"><div class=\"container\">\n<div class=\"wp-block-media-text is-stacked-on-mobile story-text-and-image__container\"><figure class=\"wp-block-media-text__media\"><img loading=\"lazy\" decoding=\"async\" width=\"451\" height=\"451\" src=\"https:\/\/wpvip.tgalpha.com\/wp-content\/uploads\/2024\/06\/Story-3-1.png\" alt=\"\" class=\"wp-image-71058 size-full\" srcset=\"https:\/\/wpvip.tgalpha.com\/wp-content\/uploads\/2024\/06\/Story-3-1.png 451w, https:\/\/wpvip.tgalpha.com\/wp-content\/uploads\/2024\/06\/Story-3-1.png?resize=150,150 150w, https:\/\/wpvip.tgalpha.com\/wp-content\/uploads\/2024\/06\/Story-3-1.png?resize=300,300 300w\" sizes=\"auto, (max-width: 451px) 100vw, 451px\" \/><\/figure><div class=\"wp-block-media-text__content\">\n<h3 class=\"wp-block-heading story-text-and-image__heading has-blue-900-color has-text-color\">\u00cenceputuri dificile<\/h3>\n\n\n\n<p>Pornirea unei afaceri nu este niciodat\u0103 u\u0219oar\u0103, \u0219i nu a fost diferit nici pentru noi. \u0218ase luni am \u00eencercat s\u0103 ob\u021binem licen\u021ba de reglementare. \u00cenc\u0103 patru luni pentru a g\u0103si o banc\u0103 care s\u0103 colaboreze cu noi. Un an de economii personale &#8211; disp\u0103rute. Exact c\u00e2nd lucrurile se \u00eembun\u0103t\u0103\u021beau \u0219i feedback-ul clien\u021bilor era pozitiv, am avut un alt obstacol.<\/p>\n\n\n\n<p>De\u0219i eram o institu\u021bie financiar\u0103 licen\u021biat\u0103, complet conform\u0103, am primit o scrisoare de la banca noastr\u0103 spun\u00e2nd c\u0103 urmau s\u0103 ne \u00eenchid\u0103. F\u0103r\u0103 motive. F\u0103r\u0103 justificare. Au f\u0103cut-o pentru c\u0103 puteau. \u0218i c\u00e2nd am \u00eentrebat de ce, ni s-a spus c\u0103 &#8216;era \u00eempotriva politicii lor&#8217;. Am avut 90 de zile s\u0103 salv\u0103m compania.<\/p>\n\n\n\n<p>\u0218tiam c\u0103 TransferGo are un impact semnificativ asupra vie\u021bilor clien\u021bilor no\u0219tri \u0219i nu am vrut s\u0103 renun\u021b\u0103m la asta. La timp, am reu\u0219it s\u0103 g\u0103sim o banc\u0103 care s\u0103 colaboreze cu noi. Compania a supravie\u021buit. De atunci, am reu\u0219it s\u0103 ajut\u0103m \u0219i mai mul\u021bi dintre voi s\u0103 trimite\u021bi transferuri de bani an de an.<\/p>\n<\/div><\/div>\n<\/div><\/section>\n\n\n\n<section class=\"wp-block-tg-story-text-and-image container-fluid story-text-and-image story-text-and-image--none\"><div class=\"container\">\n<div class=\"wp-block-media-text has-media-on-the-right is-stacked-on-mobile story-text-and-image__container\"><div class=\"wp-block-media-text__content\">\n<h3 class=\"wp-block-heading story-text-and-image__heading has-blue-900-color has-text-color\">Drumul c\u0103tre succes<\/h3>\n\n\n\n<p>De la \u00eenceputurile noastre dificile, am observat o schimbare a atitudinilor. B\u0103ncile sunt mai dispuse s\u0103 colaboreze cu companiile fintech inovatoare. Colabor\u0103m cu peste 30 la nivel global \u00een acest moment &#8211; o transformare destul de mare dup\u0103 ce ne-am chinuit s\u0103 g\u0103sim m\u0103car una la \u00eenceput.<\/p>\n\n\n\n<p>\u0218i este frumos s\u0103 fii remarcat pentru diferen\u021ba pe care o faci. Am fost nominaliza\u021bi pentru Fastest Rising Start-up la TechCrunch Europa Awards 2018 \u0219i desemnat\u0103 de TNW drept una dintre cele mai tari 5 \u00eentreprinderi din Marea Britanie..<\/p>\n\n\n\n<p>Dar \u021bie trebuie s\u0103-\u021bi mul\u021bumim cu adev\u0103rat. To\u021bi oamenii care muncesc constant din greu \u00een spatele scenei pentru a-\u0219i \u00eentre\u021bine familia \u0219i pentru ca economia s\u0103 func\u021bioneze. Am creat TransferGo pentru voi.<\/p>\n<\/div><figure class=\"wp-block-media-text__media\"><img loading=\"lazy\" decoding=\"async\" width=\"450\" height=\"442\" src=\"https:\/\/wpvip.tgalpha.com\/wp-content\/uploads\/2024\/06\/Story-4-1.png\" alt=\"\" class=\"wp-image-71069 size-full\" srcset=\"https:\/\/wpvip.tgalpha.com\/wp-content\/uploads\/2024\/06\/Story-4-1.png 450w, https:\/\/wpvip.tgalpha.com\/wp-content\/uploads\/2024\/06\/Story-4-1.png?resize=300,295 300w\" sizes=\"auto, (max-width: 450px) 100vw, 450px\" \/><\/figure><\/div>\n<\/div><\/section>\n\n\n\n<section class=\"wp-block-tg-story-text-and-image container-fluid story-text-and-image story-text-and-image--blue-rectangle-right\"><div class=\"container\">\n<div class=\"wp-block-media-text is-stacked-on-mobile story-text-and-image__container\"><figure class=\"wp-block-media-text__media\"><img loading=\"lazy\" decoding=\"async\" width=\"450\" height=\"442\" src=\"https:\/\/wpvip.tgalpha.com\/wp-content\/uploads\/2024\/06\/Story-5-1.png\" alt=\"\" class=\"wp-image-71080 size-full\" srcset=\"https:\/\/wpvip.tgalpha.com\/wp-content\/uploads\/2024\/06\/Story-5-1.png 450w, https:\/\/wpvip.tgalpha.com\/wp-content\/uploads\/2024\/06\/Story-5-1.png?resize=300,295 300w\" sizes=\"auto, (max-width: 450px) 100vw, 450px\" \/><\/figure><div class=\"wp-block-media-text__content\">\n<h3 class=\"wp-block-heading story-text-and-image__heading has-blue-900-color has-text-color\">Un viitor str\u0103lucitor<\/h3>\n\n\n\n<p class=\"story-text-and-image__paragraph has-blue-900-color has-text-color has-medium-font-size\">Am parcurs un drum lung din 2012, dar acesta este doar \u00eenceputul. Pentru lunile urm\u0103toare avem mai multe planuri. Mai multe rute \u00eentre \u021b\u0103ri. Mai multe valute. Mai multe produse. Mai multe oferte. \u00cen final, dorim s\u0103 ajungem la \u0219i mai mul\u021bi dintre voi. Merita\u021bi s\u0103 pute\u021bi trimite acas\u0103 banii munci\u021bi din greu la pre\u021buri reduse, rapid \u0219i u\u0219or. Dorim s\u0103 oferim aceast\u0103 oportunitate c\u00e2t mai multora dintre voi.<\/p>\n\n\n\n<div class=\"wp-block-button\"><a class=\"wp-block-button__link wp-element-button\" href=\"https:\/\/app.transfergo.com\/ro\/register\" target=\"_blank\" rel=\"noreferrer noopener\">Trimite bani acum<\/a><\/div>\n<\/div><\/div>\n<\/div><\/section>\n","protected":false},"excerpt":{"rendered":"<p>Povestea complet\u0103 Cum a \u00eenceput totul<\/p>\n","protected":false},"author":1,"featured_media":0,"parent":0,"menu_order":0,"comment_status":"closed","ping_status":"closed","template":"","meta":{"hideMenuColor":false,"footnotes":""},"class_list":["post-1319","page","type-page","status-publish","hentry"],"jetpack_sharing_enabled":true,"hideMenuColor":false,"_links":{"self":[{"href":"https:\/\/wpvip.tgalpha.com\/ro\/wp-json\/wp\/v2\/pages\/1319","targetHints":{"allow":["GET"]}}],"collection":[{"href":"https:\/\/wpvip.tgalpha.com\/ro\/wp-json\/wp\/v2\/pages"}],"about":[{"href":"https:\/\/wpvip.tgalpha.com\/ro\/wp-json\/wp\/v2\/types\/page"}],"author":[{"embeddable":true,"href":"https:\/\/wpvip.tgalpha.com\/ro\/wp-json\/wp\/v2\/users\/1"}],"replies":[{"embeddable":true,"href":"https:\/\/wpvip.tgalpha.com\/ro\/wp-json\/wp\/v2\/comments?post=1319"}],"version-history":[{"count":0,"href":"https:\/\/wpvip.tgalpha.com\/ro\/wp-json\/wp\/v2\/pages\/1319\/revisions"}],"wp:attachment":[{"href":"https:\/\/wpvip.tgalpha.com\/ro\/wp-json\/wp\/v2\/media?parent=1319"}],"curies":[{"name":"wp","href":"https:\/\/api.w.org\/{rel}","templated":true}]}}