{"id":841228,"date":"2025-12-09T15:22:56","date_gmt":"2025-12-09T15:22:56","guid":{"rendered":"https:\/\/wpvip.tgalpha.com\/?page_id=841228"},"modified":"2025-12-11T10:37:34","modified_gmt":"2025-12-11T10:37:34","slug":"wirtualny-iban","status":"publish","type":"page","link":"https:\/\/wpvip.tgalpha.com\/pl\/wirtualny-iban","title":{"rendered":"Virtual IBAN"},"content":{"rendered":"\n<section class=\"wp-block-tg-terms-and-conditions-hero terms-and-conditions-hero container-fluid alignfull\" align=\"full\"><div class=\"container\">\n<h1 class=\"wp-block-heading has-text-align-center terms-and-conditions-hero__title has-blue-900-color has-text-color\">Wirtualny IBAN (vIBAN) \u2014 jak dzia\u0142a przy przelewach<\/h1>\n<\/div><\/section>\n\n\n\n<section class=\"wp-block-tg-terms-and-conditions-main-content terms-and-conditions-main-content container-fluid\"><div class=\"container\">\n<p>Gdy wykonujesz lub otrzymujesz przelewy mi\u0119dzynarodowe przez TransferGo, mo\u017cesz otrzyma\u0107 wirtualny numer IBAN (vIBAN).<\/p>\n\n\n\n<p>vIBAN dzia\u0142a podobnie jak zwyk\u0142y IBAN, ale nie jest osobnym rachunkiem bankowym. To unikalny identyfikator powi\u0105zany z Twoim Kontem TransferGo.<\/p>\n\n\n\n<p>Umo\u017cliwia otrzymywanie przelew\u00f3w na Twoje nazwisko, w konkretnej walucie, a TransferGo pozwala szybko i prawid\u0142owo zaksi\u0119gowa\u0107 Twoje wp\u0142aty.<\/p>\n\n\n\n<h2 class=\"wp-block-heading has-x-large-font-size\"><strong>Kto wydaje Tw\u00f3j vIBAN dla EUR?<\/strong><\/h2>\n\n\n\n<p>Tw\u00f3j vIBAN jest wydawany i zarz\u0105dzany przez LHV Pank, licencjonowan\u0105 esto\u0144sk\u0105 instytucj\u0119 kredytow\u0105 regulowan\u0105 przez Bank Estonii (Eesti Pank).<\/p>\n\n\n\n<p>LHV Pank wsp\u00f3\u0142pracuje z TransferGo, \u015bwiadcz\u0105c okre\u015blone us\u0142ugi bankowe, w tym generowanie vIBAN-\u00f3w u\u017cywanych do wysy\u0142ania i odbierania przelew\u00f3w.<\/p>\n\n\n\n<h2 class=\"wp-block-heading has-x-large-font-size\"><strong>Kto wydaje Tw\u00f3j vIBAN dla PLN?<\/strong><\/h2>\n\n\n\n<p>Tw\u00f3j vIBAN jest wydawany i zarz\u0105dzany przez Santander Bank Polska S.A., licencjonowan\u0105 polsk\u0105 instytucj\u0119 kredytow\u0105 nadzorowan\u0105 przez Komisj\u0119 Nadzoru Finansowego.<\/p>\n\n\n\n<p>Santander Bank Polska S.A. wsp\u00f3\u0142pracuje z TransferGo, \u015bwiadcz\u0105c okre\u015blone us\u0142ugi bankowe, w tym generowanie vIBAN-\u00f3w u\u017cywanych do wysy\u0142ania i odbierania przelew\u00f3w.<\/p>\n\n\n\n<h2 class=\"wp-block-heading has-x-large-font-size\"><strong><strong>Kto wydaje Tw\u00f3j vIBAN dla USD?<\/strong><\/strong><\/h2>\n\n\n\n<p>Tw\u00f3j vIBAN jest wydawany i zarz\u0105dzany przez Santander Bank Polska S.A., licencjonowan\u0105 polsk\u0105 instytucj\u0119 kredytow\u0105 nadzorowan\u0105 przez Komisj\u0119 Nadzoru Finansowego.<\/p>\n\n\n\n<p>Santander Bank Polska S.A. wsp\u00f3\u0142pracuje z TransferGo, \u015bwiadcz\u0105c okre\u015blone us\u0142ugi bankowe, w tym generowanie vIBAN-\u00f3w u\u017cywanych do wysy\u0142ania i odbierania przelew\u00f3w.<\/p>\n\n\n\n<h2 class=\"wp-block-heading has-x-large-font-size\"><strong><strong>Kto wydaje Tw\u00f3j vIBAN dla GBP?<\/strong><\/strong><\/h2>\n\n\n\n<p>Tw\u00f3j vIBAN jest wydawany i zarz\u0105dzany przez LHV Bank Limited, instytucj\u0119 autoryzowan\u0105 przez Prudent Regulation Authority. LHV Bank wsp\u00f3\u0142pracuje z TransferGo, \u015bwiadcz\u0105c okre\u015blone us\u0142ugi bankowe, w tym generowanie vIBAN-\u00f3w u\u017cywanych do wysy\u0142ania i odbierania przelew\u00f3w.<\/p>\n\n\n\n<h2 class=\"wp-block-heading has-x-large-font-size\"><strong>Co to oznacza dla Ciebie<\/strong><\/h2>\n\n\n\n<p>Poniewa\u017c Tw\u00f3j vIBAN jest udost\u0119pniany za po\u015brednictwem tych bank\u00f3w, pami\u0119taj, \u017ce:<\/p>\n\n\n\n<ul class=\"wp-block-list\">\n<li>\u2022 Niekt\u00f3re us\u0142ugi podlegaj\u0105 ich jurysdykcji i regulacjom.<\/li>\n\n\n\n<li>\u2022 Twoje konto TransferGo dzia\u0142a jak dotychczas, jednak p\u0142atno\u015bci dokonywane z Twojego vIBAN lub na Tw\u00f3j vIBAN podlegaj\u0105 zasadom obowi\u0105zuj\u0105cym dla rachunk\u00f3w tych bank\u00f3w.<\/li>\n\n\n\n<li>\u2022 Takie rozwi\u0105zanie pozwala TransferGo oferowa\u0107 szybkie, niezawodne i lokalne przelewy w euro (EUR), polskich z\u0142otych (PLN), dolarach ameryka\u0144skich (USD) i funtach brytyjskich (GBP).<\/li>\n\n\n\n<li><\/li>\n<\/ul>\n\n\n\n<p><strong>Wa\u017cne: <\/strong>chocia\u017c Tw\u00f3j vIBAN jest wydawany przez zewn\u0119trzne banki, \u015brodki na Twoim koncie TransferGo pozostaj\u0105 w pe\u0142ni chronione i zabezpieczone zgodnie z obowi\u0105zuj\u0105cymi wymogami regulacyjnymi.<\/p>\n<\/div><\/section>\n","protected":false},"excerpt":{"rendered":"","protected":false},"author":7,"featured_media":0,"parent":0,"menu_order":0,"comment_status":"closed","ping_status":"closed","template":"","meta":{"hideMenuColor":false,"footnotes":""},"class_list":["post-841228","page","type-page","status-publish","hentry"],"jetpack_sharing_enabled":true,"hideMenuColor":false,"_links":{"self":[{"href":"https:\/\/wpvip.tgalpha.com\/pl\/wp-json\/wp\/v2\/pages\/841228","targetHints":{"allow":["GET"]}}],"collection":[{"href":"https:\/\/wpvip.tgalpha.com\/pl\/wp-json\/wp\/v2\/pages"}],"about":[{"href":"https:\/\/wpvip.tgalpha.com\/pl\/wp-json\/wp\/v2\/types\/page"}],"author":[{"embeddable":true,"href":"https:\/\/wpvip.tgalpha.com\/pl\/wp-json\/wp\/v2\/users\/7"}],"replies":[{"embeddable":true,"href":"https:\/\/wpvip.tgalpha.com\/pl\/wp-json\/wp\/v2\/comments?post=841228"}],"version-history":[{"count":1,"href":"https:\/\/wpvip.tgalpha.com\/pl\/wp-json\/wp\/v2\/pages\/841228\/revisions"}],"predecessor-version":[{"id":841229,"href":"https:\/\/wpvip.tgalpha.com\/pl\/wp-json\/wp\/v2\/pages\/841228\/revisions\/841229"}],"wp:attachment":[{"href":"https:\/\/wpvip.tgalpha.com\/pl\/wp-json\/wp\/v2\/media?parent=841228"}],"curies":[{"name":"wp","href":"https:\/\/api.w.org\/{rel}","templated":true}]}}