{"id":722316,"date":"2025-10-16T13:20:23","date_gmt":"2025-10-16T13:20:23","guid":{"rendered":"https:\/\/wpvip.tgalpha.com\/?page_id=722316"},"modified":"2025-11-13T12:38:55","modified_gmt":"2025-11-13T12:38:55","slug":"swift-kody","status":"publish","type":"page","link":"https:\/\/wpvip.tgalpha.com\/pl\/swift-kody","title":{"rendered":"SWIFT\/BIC"},"content":{"rendered":"\n<section class=\"wp-block-tg-hero-with-half-background hero-with-half-background container-fluid alignfull has-blue-500-background-color has-background\" align=\"full\"><div class=\"container\">\n<div class=\"wp-block-group hero-with-half-background__text-wrapper is-layout-flow wp-block-group-is-layout-flow\">\n<h1 class=\"wp-block-heading has-text-align-center hero-with-half-background__heading is-style-h1-higher-header-style has-bw-100-color has-text-color\">Kody SWIFT\/BIC<\/h1>\n\n\n\n<p class=\"has-text-align-center hero-with-half-background__paragraph has-bw-100-color has-text-color\">Skorzystaj z naszego bezp\u0142atnego narz\u0119dzia, aby szybko wyszuka\u0107 lub zweryfikowa\u0107 kod banku SWIFT\/BIC. Wyszukaj po nazwie banku lub kraju albo sprawd\u017a istniej\u0105cy kod przed wykonaniem mi\u0119dzynarodowego przelewu.<\/p>\n<\/div>\n\n\n\n<div class=\"wp-block-group hero-with-half-background__content-wrapper has-bw-200-background-color has-background is-layout-flow wp-block-group-is-layout-flow\">\n<p class=\"has-text-align-center hero-with-half-background__content-heading is-style-h5-higher-header-style has-blue-500-color has-text-color\">Wyszukiwarka kod\u00f3w SWIFT\/BIC ju\u017c wkr\u00f3tce.<\/p>\n\n\n\n<p class=\"has-text-align-center hero-with-half-background__content-paragraph is-style-h6-higher-header-style has-blue-900-color has-text-color\">Pracujemy nad narz\u0119dziem do weryfikacji i wyszukiwania kod\u00f3w SWIFT\/BIC bezpo\u015brednio w TransferGo. W mi\u0119dzyczasie skorzystaj z <a href=\"https:\/\/www.iban.com\/search-bic\" target=\"_blank\" rel=\"noopener\">IBAN.com<\/a><\/p>\n\n\n\n<div class=\"wp-block-buttons hero-with-half-background__content-buttons-wrapper is-content-justification-center is-layout-flex wp-container-core-buttons-is-layout-a89b3969 wp-block-buttons-is-layout-flex\">\n<div class=\"wp-block-button hero-with-half-background__content-button\"><a class=\"wp-block-button__link wp-element-button\" href=\"https:\/\/www.iban.com\/search-bic\" target=\"_blank\" rel=\"noopener\">Sprawd\u017a SWIFT\/BIC na IBAN.com<\/a><\/div>\n<\/div>\n<\/div>\n<\/div><\/section>\n\n\n\n<section class=\"wp-block-tg-media-and-text media-and-text container-fluid alignfull\" align=\"full\"><div class=\"container\">\n<div class=\"wp-block-media-text has-media-on-the-right is-stacked-on-mobile is-vertically-aligned-center media-and-text__container\"><div class=\"wp-block-media-text__content\">\n<h2 class=\"wp-block-heading has-text-align-left media-and-text__heading is-style-bold-header-style has-blue-900-color has-text-color\">Czym jest kod SWIFT\/BIC?<\/h2>\n\n\n\n<p class=\"has-text-align-left media-and-text__paragraph has-blue-900-color has-text-color\">Kod SWIFT (nazywany te\u017c BIC) to unikalny identyfikator banku u\u017cywany na ca\u0142ym \u015bwiecie. Dzi\u0119ki niemu Twoje pieni\u0105dze trafiaj\u0105 do w\u0142a\u015bciwego banku podczas wysy\u0142ania przelew\u00f3w mi\u0119dzynarodowych.<\/p>\n\n\n\n<p class=\"has-text-align-left media-and-text__paragraph has-blue-900-color has-text-color\">Kody te s\u0105 wykorzystywane w mi\u0119dzynarodowych przelewach bankowych, p\u0142atno\u015bciach SEPA i innych transakcjach mi\u0119dzynarodowych. Bez nich p\u0142atno\u015b\u0107 mog\u0142aby zosta\u0107 op\u00f3\u017aniona lub trafi\u0107 w niew\u0142a\u015bciwe miejsce.<\/p>\n\n\n\n<p class=\"has-text-align-left media-and-text__paragraph has-blue-900-color has-text-color\">Pomy\u015bl o nim jak o \u201eadresie\u201d Twojego banku w globalnej sieci finansowej.<\/p>\n<\/div><figure class=\"wp-block-media-text__media\"><img loading=\"lazy\" decoding=\"async\" width=\"826\" height=\"672\" src=\"https:\/\/wpvip.tgalpha.com\/wp-content\/uploads\/2025\/10\/media-and-text-image-1-1.webp\" alt=\"\" class=\"wp-image-719233 size-full\" srcset=\"https:\/\/wpvip.tgalpha.com\/wp-content\/uploads\/2025\/10\/media-and-text-image-1-1.webp 826w, https:\/\/wpvip.tgalpha.com\/wp-content\/uploads\/2025\/10\/media-and-text-image-1-1.webp?resize=300,244 300w, https:\/\/wpvip.tgalpha.com\/wp-content\/uploads\/2025\/10\/media-and-text-image-1-1.webp?resize=768,625 768w\" sizes=\"auto, (max-width: 826px) 100vw, 826px\" \/><\/figure><\/div>\n<\/div><\/section>\n\n\n\n<section class=\"wp-block-tg-banner-with-image banner-with-image container-fluid alignfull\" align=\"full\"><div class=\"container\">\n<div class=\"wp-block-media-text is-stacked-on-mobile is-vertically-aligned-top banner-with-image__container has-bw-250-background-color has-background\"><figure class=\"wp-block-media-text__media\"><img decoding=\"async\" src=\"https:\/\/wpvip.tgalpha.com\/wp-content\/plugins\/transfergo-blocks\/assets\/img\/banner-with-image\/banner-with-image-on-left.webp\" alt=\"\"\/><\/figure><div class=\"wp-block-media-text__content\">\n<h2 class=\"wp-block-heading has-text-align-left banner-with-image__heading is-style-bold-header-style has-blue-900-color has-text-color\">Dlaczego potrzebny jest kod SWIFT\/BIC?<\/h2>\n\n\n\n<p class=\"has-text-align-left banner-with-image__paragraph has-blue-900-color has-text-color\">Gdy wysy\u0142asz lub otrzymujesz pieni\u0105dze za granic\u0105, banki u\u017cywaj\u0105 kod\u00f3w SWIFT\/BIC, aby mie\u0107 pewno\u015b\u0107, \u017ce Twoje \u015brodki bezpiecznie dotr\u0105 we w\u0142a\u015bciwe miejsce.<\/p>\n\n\n\n<p class=\"has-text-align-left banner-with-image__paragraph has-blue-900-color has-text-color\">Kod SWIFT\/BIC b\u0119dzie Ci potrzebny do przelew\u00f3w bankowych, p\u0142atno\u015bci SEPA w Europie oraz innych transakcji transgranicznych. Za ka\u017cdym razem, gdy wysy\u0142asz pieni\u0105dze za granic\u0119, aby Twoja p\u0142atno\u015b\u0107 dotar\u0142a do w\u0142a\u015bciwego banku.<\/p>\n\n\n\n<p class=\"has-text-align-left banner-with-image__paragraph has-blue-900-color has-text-color\">U\u017cycie w\u0142a\u015bciwego kodu pozwala unikn\u0105\u0107 b\u0142\u0119d\u00f3w, op\u00f3\u017anie\u0144 i niepotrzebnych op\u0142at.<\/p>\n\n\n\n<div class=\"wp-block-buttons banner-with-image__buttons-wrapper is-content-justification-left is-layout-flex wp-container-core-buttons-is-layout-fc4fd283 wp-block-buttons-is-layout-flex\">\n<div class=\"wp-block-button banner-with-image__button\"><a class=\"wp-block-button__link wp-element-button\" href=\"https:\/\/app.transfergo.com\/pl\/register\" target=\"_blank\" rel=\"noopener\">Wy\u015blij pieni\u0105dze<\/a><\/div>\n<\/div>\n<\/div><\/div>\n<\/div><\/section>\n\n\n\n<section class=\"wp-block-tg-fullwidth-swift-banner fullwidth-swift-banner container-fluid has-background alignfull has-blue-500-background-color\" align=\"full\"><div class=\"container\">\n<div class=\"wp-block-columns fullwidth-swift-banner__columns is-layout-flex wp-container-core-columns-is-layout-28f84493 wp-block-columns-is-layout-flex\">\n<div class=\"wp-block-column is-vertically-aligned-center fullwidth-swift-banner__column fullwidth-swift-banner__column--left is-layout-flow wp-block-column-is-layout-flow\">\n<h2 class=\"wp-block-heading has-text-align-left fullwidth-swift-banner__heading is-style-bold-header-style has-blue-900-color has-text-color\"><mark style=\"background-color:rgba(0, 0, 0, 0)\" class=\"has-inline-color has-bw-100-color\">Jak jest zbudowany kod SWIFT\/BIC?<\/mark><\/h2>\n\n\n\n<p class=\"has-text-align-left fullwidth-swift-banner__paragraph has-blue-900-color has-text-color\"><mark style=\"background-color:rgba(0, 0, 0, 0)\" class=\"has-inline-color has-bw-100-color\">Kod SWIFT\/BIC ma od 8 do 11 znak\u00f3w i identyfikuje bank, kraj, lokalizacj\u0119 oraz oddzia\u0142.<\/mark><\/p>\n<\/div>\n\n\n\n<div class=\"wp-block-column is-vertically-aligned-center fullwidth-swift-banner__column fullwidth-swift-banner__column--right is-layout-flow wp-block-column-is-layout-flow\">\n<div class=\"wp-block-group fullwidth-swift-banner__swift-container is-layout-flow wp-block-group-is-layout-flow\">\n<p class=\"has-text-align-center fullwidth-swift-banner__swift-heading is-style-h6-higher-header-style no-margin has-blue-900-color has-text-color\">Przyk\u0142ad<\/p>\n\n\n\n<div class=\"wp-block-group fullwidth-swift-banner__swift-example-wrapper no-margin is-layout-flow wp-block-group-is-layout-flow\">\n<p class=\"has-text-align-center fullwidth-swift-banner__swift-example no-margin has-blue-900-color has-text-color has-medium-font-size\">Two check digits<\/p>\n\n\n\n<p class=\"has-text-align-center fullwidth-swift-banner__swift-example-code is-style-h5-higher-header-style no-margin has-blue-900-color has-blue-50-background-color has-text-color has-background\">AAAA &#8211; BB &#8211; CC &#8211; 123<\/p>\n<\/div>\n\n\n\n<div class=\"wp-block-group fullwidth-swift-banner__swift-bank-wrapper no-margin is-layout-flow wp-block-group-is-layout-flow\">\n<p class=\"has-text-align-center fullwidth-swift-banner__swift-bank no-margin has-blue-900-color has-text-color has-medium-font-size\">Kod banku<\/p>\n\n\n\n<p class=\"has-text-align-center fullwidth-swift-banner__swift-bank-code is-style-h6-higher-header-style no-margin has-blue-900-color has-blue-50-background-color has-text-color has-background\"> AAAA<\/p>\n<\/div>\n\n\n\n<div class=\"wp-block-group fullwidth-swift-banner__swift-country-wrapper no-margin is-layout-flow wp-block-group-is-layout-flow\">\n<p class=\"has-text-align-center fullwidth-swift-banner__swift-country no-margin has-blue-900-color has-text-color has-medium-font-size\">Kod kraju<\/p>\n\n\n\n<p class=\"has-text-align-center fullwidth-swift-banner__swift-country-code is-style-h6-higher-header-style no-margin has-blue-900-color has-blue-50-background-color has-text-color has-background\">BB<\/p>\n<\/div>\n\n\n\n<div class=\"wp-block-group fullwidth-swift-banner__swift-location-wrapper no-margin is-layout-flow wp-block-group-is-layout-flow\">\n<p class=\"has-text-align-center fullwidth-swift-banner__swift-location no-margin has-blue-900-color has-text-color has-medium-font-size\">Kod lokalizacji<\/p>\n\n\n\n<p class=\"has-text-align-center fullwidth-swift-banner__swift-location-code is-style-h6-higher-header-style no-margin has-blue-900-color has-blue-50-background-color has-text-color has-background\">CC<\/p>\n<\/div>\n\n\n\n<div class=\"wp-block-group fullwidth-swift-banner__swift-branch-wrapper no-margin is-layout-flow wp-block-group-is-layout-flow\">\n<p class=\"has-text-align-center fullwidth-swift-banner__swift-branch no-margin has-blue-900-color has-text-color has-medium-font-size\">Kod oddzia\u0142u<\/p>\n\n\n\n<p class=\"has-text-align-center fullwidth-swift-banner__swift-branch-code is-style-h6-higher-header-style no-margin has-blue-900-color has-blue-50-background-color has-text-color has-background\">123<\/p>\n<\/div>\n<\/div>\n<\/div>\n<\/div>\n<\/div><\/section>\n\n\n\n<section class=\"wp-block-tg-trustpilot-slider trustpilot-slider container-fluid alignfull\" align=\"full\"><div class=\"container\">\n<h2 class=\"wp-block-heading has-text-align-center trustpilot-slider__heading is-style-h3-higher-header-style has-blue-900-color has-text-color\">Zaufa\u0142o nam ju\u017c ponad <mark style=\"background-color:rgba(0, 0, 0, 0)\" class=\"has-inline-color has-blue-500-color\">9 milion\u00f3w os\u00f3b<\/mark><\/h2>\n\n\n\n<p class=\"has-text-align-center trustpilot-slider__subheading is-style-h6-higher-header-style has-bw-700-color has-text-color\">Od ponad dekady TransferGo sprawia, \u017ce us\u0142ugi finansowe s\u0105 szybsze, prostsze, ta\u0144sze i dost\u0119pne dla ka\u017cdego, kto ich potrzebuje.<\/p>\n\n\n\n<div class=\"wp-block-group trustpilot-slider__slider-container swiper is-layout-flow wp-block-group-is-layout-flow\">\n<div class=\"wp-block-tg-trustpilot-slider-repeater trustpilot-slider-repeater swiper-wrapper\">\n<div class=\"wp-block-tg-trustpilot-slider-item trustpilot-slider-item swiper-slide  has-alt-decoration\">\n<figure class=\"wp-block-image size-large trustpilot-slider-item__image--person\"><img decoding=\"async\" src=\"https:\/\/wpvip.tgalpha.com\/wp-content\/plugins\/transfergo-blocks\/assets\/img\/trustpilot-slider\/slider-woman.webp\" alt=\"\"\/><\/figure>\n\n\n\n<figure class=\"wp-block-image size-large trustpilot-slider-item__image--rating\"><img decoding=\"async\" src=\"https:\/\/wpvip.tgalpha.com\/wp-content\/plugins\/transfergo-blocks\/assets\/img\/trustpilot-slider\/trustpilot-rating.svg\" alt=\"\"\/><\/figure>\n\n\n\n<p class=\"has-text-align-left trustpilot-slider-item__heading is-style-h5-higher-header-style has-blue-900-color has-text-color\">&#8220;Naprawd\u0119 dobra us\u0142uga!&#8221;<\/p>\n\n\n\n<p class=\"has-text-align-left trustpilot-slider-item__paragraph has-blue-900-color has-text-color\">&#8220;TransferGo skontaktowa\u0142 si\u0119 ze mn\u0105 od razu, gdy pojawi\u0142 si\u0119 problem i szybko go rozwi\u0105za\u0142. Wykona\u0142am przelew mi\u0119dzynarodowy w zaledwie kilka godzin.&#8221;<\/p>\n\n\n\n<div class=\"wp-block-buttons trustpilot-slider-item__buttons-wrapper is-content-justification-right is-layout-flex wp-container-core-buttons-is-layout-ca13948c wp-block-buttons-is-layout-flex\">\n<div class=\"wp-block-button trustpilot-slider-item__button is-style-button-black-with-underline-and-arrow-no-background\"><a class=\"wp-block-button__link wp-element-button\" href=\"https:\/\/www.trustpilot.com\/review\/transfergo.com\" target=\"_blank\" rel=\"noopener\">Przeczytaj wi\u0119cej<\/a><\/div>\n<\/div>\n<\/div>\n\n\n\n<div class=\"wp-block-tg-trustpilot-slider-item trustpilot-slider-item swiper-slide\">\n<figure class=\"wp-block-image size-large trustpilot-slider-item__image--person\"><img decoding=\"async\" src=\"https:\/\/wpvip.tgalpha.com\/wp-content\/plugins\/transfergo-blocks\/assets\/img\/trustpilot-slider\/person.webp\" alt=\"\"\/><\/figure>\n\n\n\n<figure class=\"wp-block-image size-large trustpilot-slider-item__image--rating\"><img decoding=\"async\" src=\"https:\/\/wpvip.tgalpha.com\/wp-content\/plugins\/transfergo-blocks\/assets\/img\/trustpilot-slider\/trustpilot-rating.svg\" alt=\"\"\/><\/figure>\n\n\n\n<p class=\"has-text-align-left trustpilot-slider-item__heading is-style-h5-higher-header-style has-blue-900-color has-text-color\">&#8220;\u015awietna firma i konkurencyjne kursy&#8221;<\/p>\n\n\n\n<p class=\"has-text-align-left trustpilot-slider-item__paragraph has-blue-900-color has-text-color\">&#8220;Przelewy s\u0105 szybkie i nie ma \u017cadnych op\u0142at. Wi\u0119kszo\u015b\u0107 przelew\u00f3w jest darmowa! B\u0119d\u0119 poleca\u0107 t\u0119 platform\u0119 wszystkim Nigeryjczykom.&#8221;<\/p>\n\n\n\n<div class=\"wp-block-buttons trustpilot-slider-item__buttons-wrapper is-content-justification-right is-layout-flex wp-container-core-buttons-is-layout-ca13948c wp-block-buttons-is-layout-flex\">\n<div class=\"wp-block-button trustpilot-slider-item__button is-style-button-black-with-underline-and-arrow-no-background\"><a class=\"wp-block-button__link wp-element-button\" href=\"https:\/\/www.trustpilot.com\/review\/transfergo.com\" target=\"_blank\" rel=\"noopener\">Przeczytaj wi\u0119cej<\/a><\/div>\n<\/div>\n<\/div>\n\n\n\n<div class=\"wp-block-tg-trustpilot-slider-item trustpilot-slider-item swiper-slide  has-alt-decoration-center\">\n<figure class=\"wp-block-image size-large trustpilot-slider-item__image--person\"><img decoding=\"async\" src=\"https:\/\/wpvip.tgalpha.com\/wp-content\/plugins\/transfergo-blocks\/assets\/img\/trustpilot-slider\/slider-man.webp\" alt=\"\"\/><\/figure>\n\n\n\n<figure class=\"wp-block-image size-large trustpilot-slider-item__image--rating\"><img decoding=\"async\" src=\"https:\/\/wpvip.tgalpha.com\/wp-content\/plugins\/transfergo-blocks\/assets\/img\/trustpilot-slider\/trustpilot-rating.svg\" alt=\"\"\/><\/figure>\n\n\n\n<p class=\"has-text-align-left trustpilot-slider-item__heading is-style-h5-higher-header-style has-blue-900-color has-text-color\">&#8220;Bardzo dobra us\u0142uga&#8221;<\/p>\n\n\n\n<p class=\"has-text-align-left trustpilot-slider-item__paragraph has-blue-900-color has-text-color\">&#8220;Wys\u0142a\u0142em pieni\u0105dze na moje drugie konto bankowe i otrzyma\u0142em je w ci\u0105gu kilku sekund. Poleci\u0142em ju\u017c platform\u0119 wszystkim moim znajomym. Dobra robota!&#8221;<\/p>\n\n\n\n<div class=\"wp-block-buttons trustpilot-slider-item__buttons-wrapper is-content-justification-right is-layout-flex wp-container-core-buttons-is-layout-ca13948c wp-block-buttons-is-layout-flex\">\n<div class=\"wp-block-button trustpilot-slider-item__button is-style-button-black-with-underline-and-arrow-no-background\"><a class=\"wp-block-button__link wp-element-button\" href=\"https:\/\/www.trustpilot.com\/review\/transfergo.com\" target=\"_blank\" rel=\"noopener\">Przeczytaj wi\u0119cej<\/a><\/div>\n<\/div>\n<\/div>\n<\/div>\n<\/div>\n<div class=\"trustpilot-slider__navigation\"><button class=\"swiper-button-prev\"><\/button><button class=\"swiper-button-next\"><\/button><\/div><\/div><\/section>\n\n\n\n<section class=\"wp-block-tg-faqs-accordion faqs-accordion container-fluid alignfull\" align=\"full\"><div class=\"container\">\n<h2 class=\"wp-block-heading has-text-align-center faqs-accordion__heading is-style-h3-higher-header-style has-blue-900-color has-text-color\">Najcz\u0119\u015bciej zadawane pytania<\/h2>\n\n\n\n<details class=\"wp-block-tg-faqs-accordion-item faqs-accordion-item open\" open><summary class=\"faqs-accordion-item__question is-style-h6-higher-header-style\">Czym dok\u0142adnie jest kod SWIFT i dlaczego u\u017cywa si\u0119 go w bankowo\u015bci mi\u0119dzynarodowej?<\/summary><div class=\"faqs-accordion-item__height-wrapper\"><div class=\"faqs-accordion-item__content-wrapper\">\n<p>Kod SWIFT pomaga bankom identyfikowa\u0107 si\u0119 nawzajem przy przelewach mi\u0119dzynarodowych, dzi\u0119ki czemu Twoje pieni\u0105dze trafiaj\u0105 bezpiecznie we w\u0142a\u015bciwe miejsce.<\/p>\n<\/div><\/div><\/details>\n\n\n\n<details class=\"wp-block-tg-faqs-accordion-item faqs-accordion-item\"><summary class=\"faqs-accordion-item__question is-style-h6-higher-header-style\">Co oznacza kod BIC i jak dzia\u0142a w transakcjach mi\u0119dzynarodowych?<\/summary><div class=\"faqs-accordion-item__height-wrapper\"><div class=\"faqs-accordion-item__content-wrapper\">\n<p>BIC (Bank Identifier Code) to inna nazwa kodu SWIFT \u2014 oba terminy s\u0105 u\u017cywane zamiennie.<\/p>\n<\/div><\/div><\/details>\n\n\n\n<details class=\"wp-block-tg-faqs-accordion-item faqs-accordion-item\"><summary class=\"faqs-accordion-item__question is-style-h6-higher-header-style\">Czy kody SWIFT i BIC to to samo?<\/summary><div class=\"faqs-accordion-item__height-wrapper\"><div class=\"faqs-accordion-item__content-wrapper\">\n<p>Tak. Kody SWIFT i BIC odnosz\u0105 si\u0119 do tego samego standardu identyfikacji bank\u00f3w na ca\u0142ym \u015bwiecie.<\/p>\n<\/div><\/div><\/details>\n\n\n\n<details class=\"wp-block-tg-faqs-accordion-item faqs-accordion-item\"><summary class=\"faqs-accordion-item__question is-style-h6-higher-header-style\">Jak mog\u0119 znale\u017a\u0107 w\u0142a\u015bciwy kod SWIFT\/BIC dla mojego banku?<\/summary><div class=\"faqs-accordion-item__height-wrapper\"><div class=\"faqs-accordion-item__content-wrapper\">\n<p>Mo\u017cesz skorzysta\u0107 z naszego narz\u0119dzia powy\u017cej, sprawdzi\u0107 wyci\u0105g bankowy albo zapyta\u0107 bezpo\u015brednio w swoim banku.<\/p>\n<\/div><\/div><\/details>\n\n\n\n<details class=\"wp-block-tg-faqs-accordion-item faqs-accordion-item\"><summary class=\"faqs-accordion-item__question is-style-h6-higher-header-style\">Jaka jest r\u00f3\u017cnica mi\u0119dzy kodem SWIFT a numerem IBAN?<\/summary><div class=\"faqs-accordion-item__height-wrapper\"><div class=\"faqs-accordion-item__content-wrapper\">\n<p>Kod SWIFT identyfikuje bank, a IBAN identyfikuje konkretny rachunek w tym banku.<\/p>\n<\/div><\/div><\/details>\n\n\n\n<details class=\"wp-block-tg-faqs-accordion-item faqs-accordion-item\"><summary class=\"faqs-accordion-item__question is-style-h6-higher-header-style\">Jak wys\u0142a\u0107 pieni\u0105dze za granic\u0119 przy u\u017cyciu kodu SWIFT\/BIC?<\/summary><div class=\"faqs-accordion-item__height-wrapper\"><div class=\"faqs-accordion-item__content-wrapper\">\n<p>Wystarczy wpisa\u0107 kod SWIFT\/BIC odbiorcy wraz z jego numerem IBAN podczas wykonywania przelewu.<\/p>\n<\/div><\/div><\/details>\n<\/div><\/section>\n","protected":false},"excerpt":{"rendered":"","protected":false},"author":7,"featured_media":0,"parent":0,"menu_order":0,"comment_status":"closed","ping_status":"closed","template":"","meta":{"hideMenuColor":false,"footnotes":""},"class_list":["post-722316","page","type-page","status-publish","hentry"],"jetpack_sharing_enabled":true,"hideMenuColor":false,"_links":{"self":[{"href":"https:\/\/wpvip.tgalpha.com\/pl\/wp-json\/wp\/v2\/pages\/722316","targetHints":{"allow":["GET"]}}],"collection":[{"href":"https:\/\/wpvip.tgalpha.com\/pl\/wp-json\/wp\/v2\/pages"}],"about":[{"href":"https:\/\/wpvip.tgalpha.com\/pl\/wp-json\/wp\/v2\/types\/page"}],"author":[{"embeddable":true,"href":"https:\/\/wpvip.tgalpha.com\/pl\/wp-json\/wp\/v2\/users\/7"}],"replies":[{"embeddable":true,"href":"https:\/\/wpvip.tgalpha.com\/pl\/wp-json\/wp\/v2\/comments?post=722316"}],"version-history":[{"count":4,"href":"https:\/\/wpvip.tgalpha.com\/pl\/wp-json\/wp\/v2\/pages\/722316\/revisions"}],"predecessor-version":[{"id":722458,"href":"https:\/\/wpvip.tgalpha.com\/pl\/wp-json\/wp\/v2\/pages\/722316\/revisions\/722458"}],"wp:attachment":[{"href":"https:\/\/wpvip.tgalpha.com\/pl\/wp-json\/wp\/v2\/media?parent=722316"}],"curies":[{"name":"wp","href":"https:\/\/api.w.org\/{rel}","templated":true}]}}