{"id":720956,"date":"2025-10-16T09:18:00","date_gmt":"2025-10-16T09:18:00","guid":{"rendered":"https:\/\/wpvip.tgalpha.com\/?page_id=720956"},"modified":"2025-11-04T15:01:26","modified_gmt":"2025-11-04T15:01:26","slug":"iban-weryfikator","status":"publish","type":"page","link":"https:\/\/wpvip.tgalpha.com\/pl\/iban-weryfikator","title":{"rendered":"IBAN"},"content":{"rendered":"\n<section class=\"wp-block-tg-hero-with-half-background hero-with-half-background container-fluid alignfull has-blue-500-background-color has-background\" align=\"full\"><div class=\"container\">\n<div class=\"wp-block-group hero-with-half-background__text-wrapper is-layout-flow wp-block-group-is-layout-flow\">\n<h1 class=\"wp-block-heading has-text-align-center hero-with-half-background__heading is-style-h1-higher-header-style has-bw-100-color has-text-color\">Weryfikator IBAN<\/h1>\n\n\n\n<p class=\"has-text-align-center hero-with-half-background__paragraph has-bw-100-color has-text-color\">Sprawd\u017a sw\u00f3j IBAN natychmiast dzi\u0119ki weryfikatorowi TransferGo.<br>Upewnij si\u0119, \u017ce Tw\u00f3j numer IBAN ma poprawny format, zanim wy\u015blesz pieni\u0105dze za granic\u0119.<\/p>\n<\/div>\n\n\n\n<div class=\"wp-block-group hero-with-half-background__content-wrapper has-bw-200-background-color has-background is-layout-flow wp-block-group-is-layout-flow\">\n<p class=\"has-text-align-center hero-with-half-background__content-heading is-style-h5-higher-header-style has-blue-500-color has-text-color\">Weryfikator IBAN ju\u017c wkr\u00f3tce.<\/p>\n\n\n\n<p class=\"has-text-align-center hero-with-half-background__content-paragraph is-style-h6-higher-header-style has-blue-900-color has-text-color\">Pracujemy nad rozwi\u0105zaniem, kt\u00f3re pozwoli sprawdza\u0107 i generowa\u0107 numery IBAN bezpo\u015brednio w TransferGo. Tymczasem skorzystaj ze strony <a href=\"https:\/\/www.iban.com\/\" target=\"_blank\" rel=\"noopener\">IBAN.com<\/a>.<\/p>\n\n\n\n<div class=\"wp-block-buttons hero-with-half-background__content-buttons-wrapper is-content-justification-center is-layout-flex wp-container-core-buttons-is-layout-a89b3969 wp-block-buttons-is-layout-flex\">\n<div class=\"wp-block-button hero-with-half-background__content-button\"><a class=\"wp-block-button__link wp-element-button\" href=\"https:\/\/www.iban.com\/\" target=\"_blank\" rel=\"noopener\">Przejd\u017a do IBAN.com<\/a><\/div>\n<\/div>\n<\/div>\n<\/div><\/section>\n\n\n\n<section class=\"wp-block-tg-fullwidth-swift-banner fullwidth-swift-banner container-fluid has-background alignfull is-style-iban-banner\" align=\"full\"><div class=\"container\">\n<div class=\"wp-block-columns fullwidth-swift-banner__columns is-layout-flex wp-container-core-columns-is-layout-28f84493 wp-block-columns-is-layout-flex\">\n<div class=\"wp-block-column is-vertically-aligned-center fullwidth-swift-banner__column fullwidth-swift-banner__column--left is-layout-flow wp-block-column-is-layout-flow\">\n<h2 class=\"wp-block-heading has-text-align-left fullwidth-swift-banner__heading is-style-bold-header-style has-blue-900-color has-text-color\"><mark style=\"background-color:rgba(0, 0, 0, 0)\" class=\"has-inline-color has-blue-500-color\">Czym jest numer IBAN i jak wygl\u0105da?<\/mark><\/h2>\n\n\n\n<p class=\"has-text-align-left fullwidth-swift-banner__paragraph has-blue-900-color has-text-color\"><strong>IBAN (International Bank Account Number)<\/strong> to unikalny identyfikator u\u017cywany przy mi\u0119dzynarodowych p\u0142atno\u015bciach. Gwarantuje on, \u017ce Twoje pieni\u0105dze trafi\u0105 do w\u0142a\u015bciwego banku i na w\u0142a\u015bciwe konto.<\/p>\n<\/div>\n\n\n\n<div class=\"wp-block-column is-vertically-aligned-center fullwidth-swift-banner__column fullwidth-swift-banner__column--right is-layout-flow wp-block-column-is-layout-flow\">\n<div class=\"wp-block-group fullwidth-swift-banner__swift-container has-bw-200-background-color has-background is-layout-flow wp-block-group-is-layout-flow\">\n<p class=\"has-text-align-center fullwidth-swift-banner__swift-heading is-style-h6-higher-header-style no-margin has-blue-900-color has-text-color\">IBAN zazwyczaj zawiera:<\/p>\n\n\n\n<div class=\"wp-block-group fullwidth-swift-banner__swift-example-wrapper no-margin is-layout-flow wp-block-group-is-layout-flow\">\n<p class=\"has-text-align-center fullwidth-swift-banner__swift-example no-margin has-blue-900-color has-text-color has-medium-font-size\">Dwuliterowy kod kraju<\/p>\n\n\n\n<p class=\"has-text-align-center fullwidth-swift-banner__swift-example-code is-style-h5-higher-header-style no-margin has-blue-900-color has-blue-50-background-color has-text-color has-background\">GB<\/p>\n<\/div>\n\n\n\n<div class=\"wp-block-group fullwidth-swift-banner__swift-bank-wrapper no-margin is-layout-flow wp-block-group-is-layout-flow\">\n<p class=\"has-text-align-center fullwidth-swift-banner__swift-bank no-margin has-blue-900-color has-text-color has-medium-font-size\">Dwie cyfry kontrolne<\/p>\n\n\n\n<p class=\"has-text-align-center fullwidth-swift-banner__swift-bank-code is-style-h6-higher-header-style no-margin has-blue-900-color has-blue-50-background-color has-text-color has-background\">12<\/p>\n<\/div>\n\n\n\n<div class=\"wp-block-group fullwidth-swift-banner__swift-country-wrapper no-margin is-layout-flow wp-block-group-is-layout-flow\">\n<p class=\"has-text-align-center fullwidth-swift-banner__swift-country no-margin has-blue-900-color has-text-color has-medium-font-size\">Kod banku<\/p>\n\n\n\n<p class=\"has-text-align-center fullwidth-swift-banner__swift-country-code is-style-h6-higher-header-style no-margin has-blue-900-color has-blue-50-background-color has-text-color has-background\">ABCD<\/p>\n<\/div>\n\n\n\n<div class=\"wp-block-group fullwidth-swift-banner__swift-location-wrapper no-margin is-layout-flow wp-block-group-is-layout-flow\">\n<p class=\"has-text-align-center fullwidth-swift-banner__swift-location no-margin has-blue-900-color has-text-color has-medium-font-size\">Identyfikator oddzia\u0142u<\/p>\n\n\n\n<p class=\"has-text-align-center fullwidth-swift-banner__swift-location-code is-style-h6-higher-header-style no-margin has-blue-900-color has-blue-50-background-color has-text-color has-background\">123***<\/p>\n<\/div>\n\n\n\n<div class=\"wp-block-group fullwidth-swift-banner__swift-branch-wrapper no-margin is-layout-flow wp-block-group-is-layout-flow\">\n<p class=\"has-text-align-center fullwidth-swift-banner__swift-branch no-margin has-blue-900-color has-text-color has-medium-font-size\">Numer konta odbiorcy<\/p>\n\n\n\n<p class=\"has-text-align-center fullwidth-swift-banner__swift-branch-code is-style-h6-higher-header-style no-margin has-blue-900-color has-blue-50-background-color has-text-color has-background\">123*****<\/p>\n<\/div>\n<\/div>\n<\/div>\n<\/div>\n<\/div><\/section>\n\n\n\n<section class=\"wp-block-tg-iban-examples iban-examples container-fluid alignfull\" align=\"full\"><div class=\"container\">\n<h2 class=\"wp-block-heading has-text-align-center iban-examples__heading is-style-bold-header-style has-blue-900-color has-text-color\">Przyk\u0142ady i struktura numeru IBAN<\/h2>\n\n\n\n<p class=\"has-text-align-center iban-examples__subheading is-style-h6-higher-header-style has-blue-900-color has-text-color\">Oto kilka przyk\u0142ad\u00f3w format\u00f3w IBAN:<\/p>\n\n\n\n<div class=\"wp-block-group iban-examples__examples-wrapper has-bw-300-background-color has-background is-layout-flow wp-block-group-is-layout-flow\">\n<div class=\"wp-block-group iban-examples__titles-wrapper is-layout-flow wp-block-group-is-layout-flow\">\n<p class=\"has-text-align-left iban-examples__title iban-examples__title--country has-bw-700-color has-text-color\"><strong>Pa\u0144stwo<\/strong><\/p>\n\n\n\n<p class=\"has-text-align-left iban-examples__title iban-examples__title--code has-bw-700-color has-text-color\"><strong>Kod<\/strong><\/p>\n<\/div>\n\n\n\n<div class=\"wp-block-group iban-examples__example is-layout-flow wp-block-group-is-layout-flow\">\n<div class=\"wp-block-group iban-examples__example-country-wrapper is-layout-flow wp-block-group-is-layout-flow\">\n<figure class=\"wp-block-image size-full iban-examples__example-flag\"><img decoding=\"async\" src=\"https:\/\/wpvip.tgalpha.com\/wp-content\/plugins\/transfergo-blocks\/assets\/img\/flags\/GB.svg\" alt=\"\"\/><\/figure>\n\n\n\n<p class=\"has-text-align-left iban-examples__example-country has-blue-900-color has-text-color\">Wielka Brytania<\/p>\n<\/div>\n\n\n\n<p class=\"has-text-align-left iban-examples__example-code has-blue-900-color has-bw-100-background-color has-text-color has-background\"><strong>GB29 NWBK 6016 1331 9268 19<\/strong><\/p>\n<\/div>\n\n\n\n<div class=\"wp-block-group iban-examples__example is-layout-flow wp-block-group-is-layout-flow\">\n<div class=\"wp-block-group iban-examples__example-country-wrapper is-layout-flow wp-block-group-is-layout-flow\">\n<figure class=\"wp-block-image size-full iban-examples__example-flag\"><img decoding=\"async\" src=\"https:\/\/wpvip.tgalpha.com\/wp-content\/plugins\/transfergo-blocks\/assets\/img\/flags\/DE.svg\" alt=\"\"\/><\/figure>\n\n\n\n<p class=\"has-text-align-left iban-examples__example-country has-blue-900-color has-text-color\">Niemcy<\/p>\n<\/div>\n\n\n\n<p class=\"has-text-align-left iban-examples__example-code has-blue-900-color has-bw-100-background-color has-text-color has-background\"><strong>DE89 3704 0044 0532 0130 00<\/strong><\/p>\n<\/div>\n\n\n\n<div class=\"wp-block-group iban-examples__example is-layout-flow wp-block-group-is-layout-flow\">\n<div class=\"wp-block-group iban-examples__example-country-wrapper is-layout-flow wp-block-group-is-layout-flow\">\n<figure class=\"wp-block-image size-full iban-examples__example-flag\"><img decoding=\"async\" src=\"https:\/\/wpvip.tgalpha.com\/wp-content\/plugins\/transfergo-blocks\/assets\/img\/flags\/FR.svg\" alt=\"\"\/><\/figure>\n\n\n\n<p class=\"has-text-align-left iban-examples__example-country has-blue-900-color has-text-color\">Francja<\/p>\n<\/div>\n\n\n\n<p class=\"has-text-align-left iban-examples__example-code has-blue-900-color has-bw-100-background-color has-text-color has-background\"><strong>FR14 2004 1010 0505 0001 3M02 606<\/strong><\/p>\n<\/div>\n<\/div>\n\n\n\n<p class=\"has-text-align-center iban-examples__paragraph has-blue-900-color has-text-color\">Ka\u017cdy kraj ma nieco inny format IBAN, ale nasze narz\u0119dzie dzia\u0142a poprawnie dla wszystkich.<\/p>\n<\/div><\/section>\n\n\n\n<section class=\"wp-block-tg-media-and-text media-and-text container-fluid alignfull\" align=\"full\"><div class=\"container\">\n<div class=\"wp-block-media-text is-stacked-on-mobile is-vertically-aligned-center media-and-text__container\"><figure class=\"wp-block-media-text__media\"><img loading=\"lazy\" decoding=\"async\" width=\"826\" height=\"628\" src=\"https:\/\/wpvip.tgalpha.com\/wp-content\/uploads\/2025\/10\/media-and-text-image-0.webp\" alt=\"\" class=\"wp-image-719194 size-full\" srcset=\"https:\/\/wpvip.tgalpha.com\/wp-content\/uploads\/2025\/10\/media-and-text-image-0.webp 826w, https:\/\/wpvip.tgalpha.com\/wp-content\/uploads\/2025\/10\/media-and-text-image-0.webp?resize=300,228 300w, https:\/\/wpvip.tgalpha.com\/wp-content\/uploads\/2025\/10\/media-and-text-image-0.webp?resize=768,584 768w\" sizes=\"auto, (max-width: 826px) 100vw, 826px\" \/><\/figure><div class=\"wp-block-media-text__content\">\n<h2 class=\"wp-block-heading has-text-align-left media-and-text__heading is-style-bold-header-style has-blue-900-color has-text-color\">Kiedy potrzebny jest numer IBAN?<\/h2>\n\n\n\n<p class=\"has-text-align-left media-and-text__paragraph has-blue-900-color has-text-color\">Numer IBAN jest wymagany zawsze, gdy:<\/p>\n\n\n\n<ul class=\"wp-block-list media-and-text__list is-style-with-circle-icon\">\n<li><strong><strong>Wysy\u0142asz lub otrzymujesz pieni\u0105dze z zagranicy<\/strong><\/strong><\/li>\n\n\n\n<li><strong>P\u0142acisz mi\u0119dzynarodowym kontrahentom lub dostawcom<\/strong><\/li>\n\n\n\n<li><strong>Otrzymujesz wynagrodzenie lub emerytur\u0119 z zagranicy<\/strong><\/li>\n<\/ul>\n<\/div><\/div>\n<\/div><\/section>\n\n\n\n<section class=\"wp-block-tg-media-and-text media-and-text container-fluid alignfull\" align=\"full\"><div class=\"container\">\n<div class=\"wp-block-media-text has-media-on-the-right is-stacked-on-mobile is-vertically-aligned-center media-and-text__container\"><div class=\"wp-block-media-text__content\">\n<h2 class=\"wp-block-heading has-text-align-left media-and-text__heading is-style-bold-header-style has-blue-900-color has-text-color\">Co si\u0119 stanie, je\u015bli u\u017cyjesz nieprawid\u0142owego numeru?<\/h2>\n\n\n\n<p class=\"has-text-align-left media-and-text__paragraph has-blue-900-color has-text-color\">Je\u015bli podasz b\u0142\u0119dny numer IBAN, Twoja p\u0142atno\u015b\u0107 mo\u017ce zosta\u0107:<\/p>\n\n\n\n<ul class=\"wp-block-list media-and-text__list is-style-with-circle-icon has-red-50-background-color has-background\">\n<li><strong>Op\u00f3\u017aniona<\/strong><\/li>\n\n\n\n<li><strong>Odrzucona przez bank<\/strong><\/li>\n\n\n\n<li><strong>Wys\u0142ana na niew\u0142a\u015bciwe konto<\/strong><\/li>\n<\/ul>\n<\/div><figure class=\"wp-block-media-text__media\"><img loading=\"lazy\" decoding=\"async\" width=\"826\" height=\"628\" src=\"https:\/\/wpvip.tgalpha.com\/wp-content\/uploads\/2025\/10\/media-and-text-image-1.webp\" alt=\"\" class=\"wp-image-719219 size-full\" srcset=\"https:\/\/wpvip.tgalpha.com\/wp-content\/uploads\/2025\/10\/media-and-text-image-1.webp 826w, https:\/\/wpvip.tgalpha.com\/wp-content\/uploads\/2025\/10\/media-and-text-image-1.webp?resize=300,228 300w, https:\/\/wpvip.tgalpha.com\/wp-content\/uploads\/2025\/10\/media-and-text-image-1.webp?resize=768,584 768w\" sizes=\"auto, (max-width: 826px) 100vw, 826px\" \/><\/figure><\/div>\n<\/div><\/section>\n\n\n\n<section class=\"wp-block-tg-three-column-cards three-column-cards container-fluid alignfull is-style-full-width-images has-blue-500-background-color has-background\" align=\"full\"><div class=\"container\">\n<h2 class=\"wp-block-heading has-text-align-center three-column-cards__heading is-style-bold-xl-header-style has-blue-900-color has-text-color\"><mark style=\"background-color:rgba(0, 0, 0, 0)\" class=\"has-inline-color has-bw-100-color\">Najcz\u0119stsze b\u0142\u0119dy i wskaz\u00f3wki<\/mark><\/h2>\n\n\n\n<div class=\"wp-block-columns three-column-cards__columns is-layout-flex wp-container-core-columns-is-layout-28f84493 wp-block-columns-is-layout-flex\">\n<div class=\"wp-block-column three-column-cards__column three-column-cards__column--first has-bw-100-background-color has-background is-layout-flow wp-block-column-is-layout-flow\">\n<div class=\"wp-block-group three-column-cards__text-wrapper is-layout-flow wp-block-group-is-layout-flow\">\n<h3 class=\"wp-block-heading has-text-align-left three-column-cards__card-heading is-style-h5-higher-header-style has-blue-900-color has-text-color\">B\u0142\u0119dy w pisowni<\/h3>\n<\/div>\n\n\n\n<p class=\"has-text-align-left three-column-cards__card-paragraph has-blue-900-color has-text-color\">Nawet jedna b\u0142\u0119dna cyfra sprawia, \u017ce IBAN jest niewa\u017cny.<\/p>\n\n\n\n<div class=\"wp-block-group three-column-cards__card-image-wrapper is-layout-flow wp-block-group-is-layout-flow\">\n<figure class=\"wp-block-image three-column-cards__card-image\"><img decoding=\"async\" src=\"https:\/\/wpvip.tgalpha.com\/wp-content\/plugins\/transfergo-blocks\/assets\/img\/three-column-cards\/full-width-card-image-0.svg\" alt=\"\"\/><\/figure>\n<\/div>\n<\/div>\n\n\n\n<div class=\"wp-block-column three-column-cards__column three-column-cards__column--second has-bw-100-background-color has-background is-layout-flow wp-block-column-is-layout-flow\">\n<div class=\"wp-block-group three-column-cards__text-wrapper is-layout-flow wp-block-group-is-layout-flow\">\n<h3 class=\"wp-block-heading has-text-align-left three-column-cards__card-heading is-style-h5-higher-header-style has-blue-900-color has-text-color\">Niepoprawny format<\/h3>\n<\/div>\n\n\n\n<p class=\"has-text-align-left three-column-cards__card-paragraph has-blue-900-color has-text-color\">Zawsze sprawdzaj, czy numer ma odpowiedni\u0105 d\u0142ugo\u015b\u0107 dla danego kraju.<\/p>\n\n\n\n<div class=\"wp-block-group three-column-cards__card-image-wrapper is-layout-flow wp-block-group-is-layout-flow\">\n<figure class=\"wp-block-image three-column-cards__card-image\"><img decoding=\"async\" src=\"https:\/\/wpvip.tgalpha.com\/wp-content\/plugins\/transfergo-blocks\/assets\/img\/three-column-cards\/full-width-card-image-1.svg\" alt=\"\"\/><\/figure>\n<\/div>\n<\/div>\n\n\n\n<div class=\"wp-block-column three-column-cards__column three-column-cards__column--third has-bw-100-background-color has-background is-layout-flow wp-block-column-is-layout-flow\">\n<div class=\"wp-block-group three-column-cards__text-wrapper is-layout-flow wp-block-group-is-layout-flow\">\n<h3 class=\"wp-block-heading has-text-align-left three-column-cards__card-heading is-style-h5-higher-header-style has-blue-900-color has-text-color\">Dane odbiorcy<\/h3>\n<\/div>\n\n\n\n<p class=\"has-text-align-left three-column-cards__card-paragraph has-blue-900-color has-text-color\">Przed wys\u0142aniem dok\u0142adnie zweryfikuj imi\u0119, nazwisko i numer konta odbiorcy.<\/p>\n\n\n\n<div class=\"wp-block-group three-column-cards__card-image-wrapper is-layout-flow wp-block-group-is-layout-flow\">\n<figure class=\"wp-block-image three-column-cards__card-image\"><img decoding=\"async\" src=\"https:\/\/wpvip.tgalpha.com\/wp-content\/plugins\/transfergo-blocks\/assets\/img\/three-column-cards\/full-width-card-image-2.svg\" alt=\"\"\/><\/figure>\n<\/div>\n<\/div>\n<\/div>\n<\/div><\/section>\n\n\n\n<section class=\"wp-block-tg-media-and-text media-and-text container-fluid alignfull\" align=\"full\"><div class=\"container\">\n<div class=\"wp-block-media-text is-stacked-on-mobile is-vertically-aligned-center media-and-text__container\"><figure class=\"wp-block-media-text__media\"><img loading=\"lazy\" decoding=\"async\" width=\"826\" height=\"628\" src=\"https:\/\/wpvip.tgalpha.com\/wp-content\/uploads\/2025\/10\/media-and-text-image-2.webp\" alt=\"\" class=\"wp-image-719207 size-full\" srcset=\"https:\/\/wpvip.tgalpha.com\/wp-content\/uploads\/2025\/10\/media-and-text-image-2.webp 826w, https:\/\/wpvip.tgalpha.com\/wp-content\/uploads\/2025\/10\/media-and-text-image-2.webp?resize=300,228 300w, https:\/\/wpvip.tgalpha.com\/wp-content\/uploads\/2025\/10\/media-and-text-image-2.webp?resize=768,584 768w\" sizes=\"auto, (max-width: 826px) 100vw, 826px\" \/><\/figure><div class=\"wp-block-media-text__content\">\n<h2 class=\"wp-block-heading has-text-align-left media-and-text__heading is-style-bold-header-style has-blue-900-color has-text-color\">Zawsze potwierdzaj numer z odbiorc\u0105<\/h2>\n\n\n\n<p class=\"has-text-align-left media-and-text__paragraph has-blue-900-color has-text-color\">Nasz weryfikator IBAN sprawdza, czy numer ma poprawny format, ale nie potwierdza jego w\u0142a\u015bciciela. Zawsze zweryfikuj numer IBAN bezpo\u015brednio z odbiorc\u0105.<\/p>\n<\/div><\/div>\n<\/div><\/section>\n\n\n\n<section class=\"wp-block-tg-banner-with-image banner-with-image container-fluid alignfull is-style-image-with-gradient is-style-gradient-image-with-line\" align=\"full\"><div class=\"container\">\n<div class=\"wp-block-media-text has-media-on-the-right is-stacked-on-mobile is-vertically-aligned-top banner-with-image__container has-bw-250-background-color has-background\"><div class=\"wp-block-media-text__content\">\n<h2 class=\"wp-block-heading has-text-align-left banner-with-image__heading is-style-bold-xl-header-style has-blue-900-color has-text-color\">Wysy\u0142aj pieni\u0105dze za granic\u0119 z TransferGo<\/h2>\n\n\n\n<p class=\"has-text-align-left banner-with-image__paragraph has-blue-900-color has-text-color\">Po sprawdzeniu IBAN, wysy\u0142anie pieni\u0119dzy z TransferGo jest szybkie, tanie i niezawodne. Oto co zyskujesz:<\/p>\n\n\n\n<ul class=\"wp-block-list is-style-with-blue-circle-icon\">\n<li class=\"is-style-h6-higher-header-style\">\u015awietne kursy wymiany<\/li>\n\n\n\n<li class=\"is-style-h6-higher-header-style\">Niskie op\u0142aty<\/li>\n\n\n\n<li class=\"is-style-h6-higher-header-style\">Szybki czas dostawy \u015brodk\u00f3w<\/li>\n<\/ul>\n\n\n\n<div class=\"wp-block-group banner-with-image__decorative-text-wrapper is-nowrap is-layout-flex wp-container-core-group-is-layout-6c531013 wp-block-group-is-layout-flex\">\n<p class=\"has-small-font-size\"><strong>Happy birthday!<\/strong><\/p>\n\n\n\n<p class=\"has-small-font-size\">+ 250 USD<\/p>\n<\/div>\n<\/div><figure class=\"wp-block-media-text__media\"><img decoding=\"async\" src=\"https:\/\/wpvip.tgalpha.com\/wp-content\/plugins\/transfergo-blocks\/assets\/img\/banner-with-image\/banner-with-gradient-image-and-line.webp\" alt=\"\"\/><\/figure><\/div>\n<\/div><\/section>\n\n\n\n<section class=\"wp-block-tg-faqs-accordion faqs-accordion container-fluid alignfull\" align=\"full\"><div class=\"container\">\n<h2 class=\"wp-block-heading has-text-align-center faqs-accordion__heading is-style-h3-higher-header-style has-blue-900-color has-text-color\">Najcz\u0119\u015bciej zadawane pytania<\/h2>\n\n\n\n<details class=\"wp-block-tg-faqs-accordion-item faqs-accordion-item open\" open><summary class=\"faqs-accordion-item__question is-style-h6-higher-header-style\">Co si\u0119 stanie, je\u015bli u\u017cyj\u0119 niew\u0142a\u015bciwego formatu IBAN do zap\u0142aty kontrahentowi?<\/summary><div class=\"faqs-accordion-item__height-wrapper\"><div class=\"faqs-accordion-item__content-wrapper\">\n<p>Je\u015bli podasz b\u0142\u0119dny numer IBAN, Twoja p\u0142atno\u015b\u0107 mo\u017ce zosta\u0107:<\/p>\n\n\n\n<p>Op\u00f3\u017aniona<br>Odrzucona przez bank<br>Wys\u0142ana na niew\u0142a\u015bciwe konto<\/p>\n<\/div><\/div><\/details>\n\n\n\n<details class=\"wp-block-tg-faqs-accordion-item faqs-accordion-item\"><summary class=\"faqs-accordion-item__question is-style-h6-higher-header-style\">Czy mog\u0119 u\u017cy\u0107 tego narz\u0119dzia do weryfikacji danych p\u0142atniczych kontrahenta?<\/summary><div class=\"faqs-accordion-item__height-wrapper\"><div class=\"faqs-accordion-item__content-wrapper\">\n<p>Tak, narz\u0119dzie pozwala upewni\u0107 si\u0119, \u017ce format IBAN jest poprawny, ale zawsze potwierd\u017a numer bezpo\u015brednio z kontrahentem.<\/p>\n<\/div><\/div><\/details>\n\n\n\n<details class=\"wp-block-tg-faqs-accordion-item faqs-accordion-item\"><summary class=\"faqs-accordion-item__question is-style-h6-higher-header-style\">Czy wszystkie kraje wymagaj\u0105 numeru IBAN przy p\u0142atno\u015bciach dla pracownik\u00f3w lub kontrahent\u00f3w?<\/summary><div class=\"faqs-accordion-item__height-wrapper\"><div class=\"faqs-accordion-item__content-wrapper\">\n<p>Wi\u0119kszo\u015b\u0107 kraj\u00f3w europejskich tak. Poza Europ\u0105 niekt\u00f3re pa\u0144stwa u\u017cywaj\u0105 innych system\u00f3w, takich jak np. kody SWIFT.<\/p>\n<\/div><\/div><\/details>\n<\/div><\/section>\n\n\n\n<p>Wypr\u00f3buj bezp\u0142atny weryfikator IBAN od TransferGo i wysy\u0142aj pieni\u0105dze za granic\u0119 bez obaw.<\/p>\n","protected":false},"excerpt":{"rendered":"<p>Wypr\u00f3buj bezp\u0142atny weryfikator IBAN od TransferGo i wysy\u0142aj pieni\u0105dze za granic\u0119 bez obaw.<\/p>\n","protected":false},"author":7,"featured_media":0,"parent":0,"menu_order":0,"comment_status":"closed","ping_status":"closed","template":"","meta":{"hideMenuColor":false,"footnotes":""},"class_list":["post-720956","page","type-page","status-publish","hentry"],"jetpack_sharing_enabled":true,"hideMenuColor":false,"_links":{"self":[{"href":"https:\/\/wpvip.tgalpha.com\/pl\/wp-json\/wp\/v2\/pages\/720956","targetHints":{"allow":["GET"]}}],"collection":[{"href":"https:\/\/wpvip.tgalpha.com\/pl\/wp-json\/wp\/v2\/pages"}],"about":[{"href":"https:\/\/wpvip.tgalpha.com\/pl\/wp-json\/wp\/v2\/types\/page"}],"author":[{"embeddable":true,"href":"https:\/\/wpvip.tgalpha.com\/pl\/wp-json\/wp\/v2\/users\/7"}],"replies":[{"embeddable":true,"href":"https:\/\/wpvip.tgalpha.com\/pl\/wp-json\/wp\/v2\/comments?post=720956"}],"version-history":[{"count":9,"href":"https:\/\/wpvip.tgalpha.com\/pl\/wp-json\/wp\/v2\/pages\/720956\/revisions"}],"predecessor-version":[{"id":721006,"href":"https:\/\/wpvip.tgalpha.com\/pl\/wp-json\/wp\/v2\/pages\/720956\/revisions\/721006"}],"wp:attachment":[{"href":"https:\/\/wpvip.tgalpha.com\/pl\/wp-json\/wp\/v2\/media?parent=720956"}],"curies":[{"name":"wp","href":"https:\/\/api.w.org\/{rel}","templated":true}]}}