{"id":39424,"date":"2025-01-23T11:35:13","date_gmt":"2025-01-23T11:35:13","guid":{"rendered":"https:\/\/wpvip.tgalpha.com\/pl\/?page_id=39424"},"modified":"2026-02-11T14:33:48","modified_gmt":"2026-02-11T14:33:48","slug":"historie-klientow","status":"publish","type":"page","link":"https:\/\/wpvip.tgalpha.com\/pl\/biznes\/historie-klientow","title":{"rendered":"SME Customer Stories (PL)"},"content":{"rendered":"\n<section class=\"wp-block-tg-hero-text-and-image hero-text-and-image container-fluid alignfull has-blue-900-background-color has-background\" align=\"full\"><div class=\"container\">\n<div class=\"wp-block-columns hero-text-and-image__columns is-layout-flex wp-container-core-columns-is-layout-28f84493 wp-block-columns-is-layout-flex\">\n<div class=\"wp-block-column hero-text-and-image__column is-layout-flow wp-block-column-is-layout-flow\">\n<p class=\"hero-text-and-image__subheading is-style-h6-higher-header-style has-blue-900-color has-text-color\"><mark style=\"background-color:rgba(0, 0, 0, 0)\" class=\"has-inline-color has-bw-100-color\">Historie klient\u00f3w TransferGo Biznes<\/mark><\/p>\n\n\n\n<h1 class=\"wp-block-heading hero-text-and-image__heading is-style-h1-higher-header-style has-bw-100-color has-text-color\">Prawdziwe historie, <mark style=\"background-color:rgba(0, 0, 0, 0)\" class=\"has-inline-color has-yellow-color\">prawdziwe sukcesy.<\/mark><\/h1>\n\n\n\n<p class=\"hero-text-and-image__paragraph is-style-h6-higher-header-style has-blue-900-color has-text-color\"><mark style=\"background-color:rgba(0, 0, 0, 0)\" class=\"has-inline-color has-bw-100-color\">Nasz cel jest prosty \u2014 pom\u00f3c firmom o du\u017cych ambicjach usprawni\u0107 ich operacje finansowe i odnie\u015b\u0107 sukces.<\/mark><\/p>\n\n\n\n<p class=\"hero-text-and-image__paragraph has-blue-900-color has-text-color\"><mark style=\"background-color:rgba(0, 0, 0, 0)\" class=\"has-inline-color has-bw-100-color\">Odkryj, w jaki spos\u00f3b przedsi\u0119biorstwa z r\u00f3\u017cnych bran\u017c z powodzeniem wykorzysta\u0142y TransferGo do usprawnienia mi\u0119dzynarodowych p\u0142atno\u015bci biznesowych, osi\u0105gaj\u0105c przy tym wiele namacalnych korzy\u015bci \u2014 od przyspieszenia proces\u00f3w p\u0142atniczych po obni\u017cenie koszt\u00f3w transakcji i maksymalizacj\u0119 zysk\u00f3w.<\/mark><\/p>\n\n\n\n<div class=\"wp-block-buttons hero-text-and-image__buttons is-layout-flex wp-block-buttons-is-layout-flex\">\n<div class=\"wp-block-button hero-text-and-image__button is-style-button-with-arrow-light\"><a class=\"wp-block-button__link wp-element-button\" href=\"https:\/\/app.transfergo.com\/pl\/register\/business\" target=\"_blank\" rel=\"noreferrer noopener\">Zaczynajmy<\/a><\/div>\n<\/div>\n<\/div>\n\n\n\n<div class=\"wp-block-column hero-text-and-image__column is-layout-flow wp-block-column-is-layout-flow\">\n<figure class=\"wp-block-image hero-text-and-image__image\"><img decoding=\"async\" src=\"https:\/\/wpvip.tgalpha.com\/wp-content\/plugins\/transfergo-blocks\/assets\/img\/hero-text-and-image\/hero-business-customer-stories.webp\" alt=\"\"\/><\/figure>\n<\/div>\n<\/div>\n<\/div><\/section>\n\n\n\n<section class=\"wp-block-tg-business-case-studies-with-title business-case-studies-with-title container-fluid\"><div class=\"container\">\n<h2 class=\"wp-block-heading has-text-align-center business-case-studies-with-title__title has-blue-900-color has-text-color\">Odkryj inne studia przypadk\u00f3w biznesowych TransferGo<\/h2>\n\n\n\n<p class=\"has-text-align-center business-case-studies-with-title__subtitle is-style-h4-higher-header-style has-blue-900-color has-text-color has-medium-font-size\">Dowiedz si\u0119, w jaki spos\u00f3b inne firmy z r\u00f3\u017cnych sektor\u00f3w wykorzysta\u0142y platform\u0119 TransferGo, aby cieszy\u0107 si\u0119 szybszymi i bezpieczniejszymi p\u0142atno\u015bciami mi\u0119dzynarodowymi.<\/p>\n\n\n\n<div class=\"wp-block-query is-layout-flow wp-block-query-is-layout-flow\"><ul class=\"business-case-studies-with-title__items wp-block-post-template is-layout-flow wp-block-post-template-is-layout-flow\"><li class=\"wp-block-post post-248222 post type-post status-publish format-standard has-post-thumbnail hentry category-biznes category-finanse-osobiste category-studia-przypadkow\">\n<a href=\"https:\/\/wpvip.tgalpha.com\/pl\/historia-sukcesu-firmy-edger\">\n<div class=\"wp-block-group wp-block-post-link is-layout-flow wp-block-group-is-layout-flow\"><figure class=\"wp-block-post-featured-image\"><img loading=\"lazy\" decoding=\"async\" width=\"1024\" height=\"536\" src=\"https:\/\/wpvip.tgalpha.com\/wp-content\/uploads\/2025\/03\/Projekt-bez-nazwy-46.png?resize=1024,536\" class=\"attachment-large size-large wp-post-image\" alt=\"Edger\" style=\"object-fit:cover;\" srcset=\"https:\/\/wpvip.tgalpha.com\/wp-content\/uploads\/2025\/03\/Projekt-bez-nazwy-46.png?resize=1024,536 1024w, https:\/\/wpvip.tgalpha.com\/wp-content\/uploads\/2025\/03\/Projekt-bez-nazwy-46.png?resize=300,157 300w, https:\/\/wpvip.tgalpha.com\/wp-content\/uploads\/2025\/03\/Projekt-bez-nazwy-46.png?resize=768,402 768w, https:\/\/wpvip.tgalpha.com\/wp-content\/uploads\/2025\/03\/Projekt-bez-nazwy-46.png 1200w\" sizes=\"auto, (max-width: 1024px) 100vw, 1024px\" \/><\/figure>\n\n\n<div class=\"wp-block-group wp-block-post-terms-wrapper is-layout-flow wp-block-group-is-layout-flow\"><\/div>\n\n\n<h3 class=\"wp-block-heading is-style-h5-higher-header-style wp-block-post-title\">Historia sukcesu firmy Edger<\/h3>\n\n<div class=\"wp-block-post-excerpt\"><p class=\"wp-block-post-excerpt__excerpt\">Bran\u017ca i lokalizacja: Firma zajmuj\u0105ca si\u0119 produkcj\u0105 akcesori\u00f3w ogrodowych z siedzib\u0105 w Polsce. Korzy\u015bci: Dzi\u0119ki TransferGo firma Edger znalaz\u0142a rozwi\u0105zanie umo\u017cliwiaj\u0105ce realizacj\u0119 przelew\u00f3w z Polski do Chin, eliminuj\u0105c wysokie op\u0142aty bankowe i korzystaj\u0105c z lepszych kurs\u00f3w walutowych. &#8220;Mieli\u015bmy problem, \u017ceby znale\u017a\u0107 firm\u0119, kt\u00f3ra wysy\u0142a przelewy z Polski do Chin. Op\u0142aty w bankach tradycyjnych by\u0142y bardzo&hellip; <\/p><\/div><\/div>\n<\/a>\n<\/li><li class=\"wp-block-post post-248213 post type-post status-publish format-standard has-post-thumbnail hentry category-biznes category-studia-przypadkow\">\n<a href=\"https:\/\/wpvip.tgalpha.com\/pl\/historia-sukcesu-firmy-baleidetale-pl\">\n<div class=\"wp-block-group wp-block-post-link is-layout-flow wp-block-group-is-layout-flow\"><figure class=\"wp-block-post-featured-image\"><img loading=\"lazy\" decoding=\"async\" width=\"1024\" height=\"536\" src=\"https:\/\/wpvip.tgalpha.com\/wp-content\/uploads\/2025\/02\/Untitled-design-3.png?resize=1024,536\" class=\"attachment-large size-large wp-post-image\" alt=\"BaleiDetale.pl\" style=\"object-fit:cover;\" srcset=\"https:\/\/wpvip.tgalpha.com\/wp-content\/uploads\/2025\/02\/Untitled-design-3.png?resize=1024,536 1024w, https:\/\/wpvip.tgalpha.com\/wp-content\/uploads\/2025\/02\/Untitled-design-3.png?resize=300,157 300w, https:\/\/wpvip.tgalpha.com\/wp-content\/uploads\/2025\/02\/Untitled-design-3.png?resize=768,402 768w, https:\/\/wpvip.tgalpha.com\/wp-content\/uploads\/2025\/02\/Untitled-design-3.png 1200w\" sizes=\"auto, (max-width: 1024px) 100vw, 1024px\" \/><\/figure>\n\n\n<div class=\"wp-block-group wp-block-post-terms-wrapper is-layout-flow wp-block-group-is-layout-flow\"><\/div>\n\n\n<h3 class=\"wp-block-heading is-style-h5-higher-header-style wp-block-post-title\">Historia sukcesu firmy BaleiDetale.pl<\/h3>\n\n<div class=\"wp-block-post-excerpt\"><p class=\"wp-block-post-excerpt__excerpt\">Bran\u017ca i lokalizacja: Firma zajmuj\u0105ca si\u0119 doradztwem w zakresie budowy i konserwacji dom\u00f3w z bali w Polsce. Korzy\u015bci: Dzi\u0119ki TransferGo firma BaleiDetale.pl kilkukrotnie obni\u017cy\u0142a koszty mi\u0119dzynarodowych przelew\u00f3w, eliminuj\u0105c wysokie op\u0142aty tradycyjnych bank\u00f3w. &#8220;Kiedy okaza\u0142o si\u0119, \u017ce za jeden przelew bankowy do Czech musimy zap\u0142aci\u0107 nawet 1700 z\u0142, wiedzia\u0142em, \u017ce potrzebujemy lepszego rozwi\u0105zania. Szuka\u0142em alternatywy i&hellip; <\/p><\/div><\/div>\n<\/a>\n<\/li><li class=\"wp-block-post post-248178 post type-post status-publish format-standard has-post-thumbnail hentry category-biznes category-studia-przypadkow\">\n<a href=\"https:\/\/wpvip.tgalpha.com\/pl\/historia-sukcesu-nomi-fame\">\n<div class=\"wp-block-group wp-block-post-link is-layout-flow wp-block-group-is-layout-flow\"><figure class=\"wp-block-post-featured-image\"><img loading=\"lazy\" decoding=\"async\" width=\"1024\" height=\"536\" src=\"https:\/\/wpvip.tgalpha.com\/wp-content\/uploads\/2025\/02\/Raimonda.png?resize=1024,536\" class=\"attachment-large size-large wp-post-image\" alt=\"\" style=\"object-fit:cover;\" srcset=\"https:\/\/wpvip.tgalpha.com\/wp-content\/uploads\/2025\/02\/Raimonda.png?resize=1024,536 1024w, https:\/\/wpvip.tgalpha.com\/wp-content\/uploads\/2025\/02\/Raimonda.png?resize=300,157 300w, https:\/\/wpvip.tgalpha.com\/wp-content\/uploads\/2025\/02\/Raimonda.png?resize=768,402 768w, https:\/\/wpvip.tgalpha.com\/wp-content\/uploads\/2025\/02\/Raimonda.png 1200w\" sizes=\"auto, (max-width: 1024px) 100vw, 1024px\" \/><\/figure>\n\n\n<div class=\"wp-block-group wp-block-post-terms-wrapper is-layout-flow wp-block-group-is-layout-flow\"><\/div>\n\n\n<h3 class=\"wp-block-heading is-style-h5-higher-header-style wp-block-post-title\">Historia sukcesu Nomi Fame<\/h3>\n\n<div class=\"wp-block-post-excerpt\"><p class=\"wp-block-post-excerpt__excerpt\">Bran\u017ca i lokalizacja: Producent luksusowych sukienek koktajlowych na Litwie. Korzy\u015bci: Dzi\u0119ki TransferGo Nomi Fame znacz\u0105co obni\u017cy\u0142o koszty mi\u0119dzynarodowych transakcji. \u201eNasza firma zmaga\u0142a si\u0119 z wysokimi kosztami i d\u0142ugim czasem realizacji zwrot\u00f3w mi\u0119dzynarodowych, korzystaj\u0105c z\u00a0Wix i PayPal. Jednak dzi\u0119ki TransferGo mog\u0119 teraz korzysta\u0107 z niskich op\u0142at, szybkich transakcji i intuicyjnego interfejsu. Ta zmiana pozwoli\u0142a nam obni\u017cy\u0107&hellip; <\/p><\/div><\/div>\n<\/a>\n<\/li><li class=\"wp-block-post post-39582 post type-post status-publish format-standard has-post-thumbnail hentry category-biznes category-studia-przypadkow\">\n<a href=\"https:\/\/wpvip.tgalpha.com\/pl\/historia-sukcesu-pirmas-pasirinkimas-mb\">\n<div class=\"wp-block-group wp-block-post-link is-layout-flow wp-block-group-is-layout-flow\"><figure class=\"wp-block-post-featured-image\"><img loading=\"lazy\" decoding=\"async\" width=\"1024\" height=\"536\" src=\"https:\/\/wpvip.tgalpha.com\/wp-content\/uploads\/2025\/02\/Pirmas-pasirinkimas_1.png?resize=1024,536\" class=\"attachment-large size-large wp-post-image\" alt=\"\" style=\"object-fit:cover;\" srcset=\"https:\/\/wpvip.tgalpha.com\/wp-content\/uploads\/2025\/02\/Pirmas-pasirinkimas_1.png?resize=1024,536 1024w, https:\/\/wpvip.tgalpha.com\/wp-content\/uploads\/2025\/02\/Pirmas-pasirinkimas_1.png?resize=300,157 300w, https:\/\/wpvip.tgalpha.com\/wp-content\/uploads\/2025\/02\/Pirmas-pasirinkimas_1.png?resize=768,402 768w, https:\/\/wpvip.tgalpha.com\/wp-content\/uploads\/2025\/02\/Pirmas-pasirinkimas_1.png 1200w\" sizes=\"auto, (max-width: 1024px) 100vw, 1024px\" \/><\/figure>\n\n\n<div class=\"wp-block-group wp-block-post-terms-wrapper is-layout-flow wp-block-group-is-layout-flow\"><\/div>\n\n\n<h3 class=\"wp-block-heading is-style-h5-higher-header-style wp-block-post-title\">Historia sukcesu Pirmas Pasirinkimas, MB<\/h3>\n\n<div class=\"wp-block-post-excerpt\"><p class=\"wp-block-post-excerpt__excerpt\">Bran\u017ca i lokalizacja: Dealer samochod\u00f3w u\u017cywanych na Litwie. Korzy\u015bci: TransferGo da\u0142o Pirmas Pasirinkimas, MB przewag\u0119 konkurencyjn\u0105 w pozyskiwaniu nowych um\u00f3w. \u201eTradycyjne przelewy bankowe trwa\u0142y kilka dni, ale dzi\u0119ki TransferGo mog\u0119 przesy\u0142a\u0107 pieni\u0105dze w oko\u0142o 30 minut. To da\u0142o mi przewag\u0119 konkurencyjn\u0105, pozwalaj\u0105c\u0105 na szybkie finalizowanie transakcji. Platforma jest prosta i niezawodna, a powiadomienia w czasie&hellip; <\/p><\/div><\/div>\n<\/a>\n<\/li><li class=\"wp-block-post post-248166 post type-post status-publish format-standard has-post-thumbnail hentry category-biznes category-studia-przypadkow\">\n<a href=\"https:\/\/wpvip.tgalpha.com\/pl\/historia-sukcesu-noviti-finance\">\n<div class=\"wp-block-group wp-block-post-link is-layout-flow wp-block-group-is-layout-flow\"><figure class=\"wp-block-post-featured-image\"><img loading=\"lazy\" decoding=\"async\" width=\"1024\" height=\"536\" src=\"https:\/\/wpvip.tgalpha.com\/wp-content\/uploads\/2025\/02\/1104_CaseStudy_Noviti-noop-1.png?resize=1024,536\" class=\"attachment-large size-large wp-post-image\" alt=\"\" style=\"object-fit:cover;\" srcset=\"https:\/\/wpvip.tgalpha.com\/wp-content\/uploads\/2025\/02\/1104_CaseStudy_Noviti-noop-1.png?resize=1024,536 1024w, https:\/\/wpvip.tgalpha.com\/wp-content\/uploads\/2025\/02\/1104_CaseStudy_Noviti-noop-1.png?resize=300,157 300w, https:\/\/wpvip.tgalpha.com\/wp-content\/uploads\/2025\/02\/1104_CaseStudy_Noviti-noop-1.png?resize=768,402 768w, https:\/\/wpvip.tgalpha.com\/wp-content\/uploads\/2025\/02\/1104_CaseStudy_Noviti-noop-1.png 1200w\" sizes=\"auto, (max-width: 1024px) 100vw, 1024px\" \/><\/figure>\n\n\n<div class=\"wp-block-group wp-block-post-terms-wrapper is-layout-flow wp-block-group-is-layout-flow\"><\/div>\n\n\n<h3 class=\"wp-block-heading is-style-h5-higher-header-style wp-block-post-title\">Historia sukcesu Noviti Finance<\/h3>\n\n<div class=\"wp-block-post-excerpt\"><p class=\"wp-block-post-excerpt__excerpt\">Bran\u017ca i lokalizacja: Firma finansowa z siedzib\u0105 na Litwie. Korzy\u015bci: Dzi\u0119ki TransferGo Noviti Finance obni\u017cy\u0142o koszty przewalutowania, co pozwoli\u0142o zaoszcz\u0119dzi\u0107 tysi\u0105ce euro na mi\u0119dzynarodowych p\u0142atno\u015bciach biznesowych. \u201eDzi\u0119ki konkurencyjnym kursom TransferGo zaoszcz\u0119dzili\u015bmy tysi\u0105ce euro na naszych przelewach. Bardzo doceniamy dost\u0119pno\u015b\u0107 us\u0142ug przewalutowania i przelew\u00f3w 24\/7. Jednocze\u015bnie dedykowany zesp\u00f3\u0142 wsparcia klienta zadba\u0142 o to, aby wszystkie nasze&hellip; <\/p><\/div><\/div>\n<\/a>\n<\/li><li class=\"wp-block-post post-248170 post type-post status-publish format-standard has-post-thumbnail hentry category-biznes category-studia-przypadkow\">\n<a href=\"https:\/\/wpvip.tgalpha.com\/pl\/historia-sukcesu-directors-lab\">\n<div class=\"wp-block-group wp-block-post-link is-layout-flow wp-block-group-is-layout-flow\"><figure class=\"wp-block-post-featured-image\"><img loading=\"lazy\" decoding=\"async\" width=\"1024\" height=\"536\" src=\"https:\/\/wpvip.tgalpha.com\/wp-content\/uploads\/2025\/02\/Directors-lab-1.png?resize=1024,536\" class=\"attachment-large size-large wp-post-image\" alt=\"\" style=\"object-fit:cover;\" srcset=\"https:\/\/wpvip.tgalpha.com\/wp-content\/uploads\/2025\/02\/Directors-lab-1.png?resize=1024,536 1024w, https:\/\/wpvip.tgalpha.com\/wp-content\/uploads\/2025\/02\/Directors-lab-1.png?resize=300,157 300w, https:\/\/wpvip.tgalpha.com\/wp-content\/uploads\/2025\/02\/Directors-lab-1.png?resize=768,402 768w, https:\/\/wpvip.tgalpha.com\/wp-content\/uploads\/2025\/02\/Directors-lab-1.png 1200w\" sizes=\"auto, (max-width: 1024px) 100vw, 1024px\" \/><\/figure>\n\n\n<div class=\"wp-block-group wp-block-post-terms-wrapper is-layout-flow wp-block-group-is-layout-flow\"><\/div>\n\n\n<h3 class=\"wp-block-heading is-style-h5-higher-header-style wp-block-post-title\">Historia sukcesu Directors Lab<\/h3>\n\n<div class=\"wp-block-post-excerpt\"><p class=\"wp-block-post-excerpt__excerpt\">Bran\u017ca i lokalizacja: Szkolenia dla aktor\u00f3w i re\u017cyser\u00f3w na Litwie i w Polsce. Korzy\u015bci: TransferGo sta\u0142o si\u0119 lepsz\u0105 alternatyw\u0105 ni\u017c banki, umo\u017cliwiaj\u0105c Directors Lab skupienie si\u0119 na dostarczaniu wyj\u0105tkowych szkole\u0144. \u201eTransferGo odegra\u0142o kluczow\u0105 rol\u0119 dla Directors Lab. Przelewy biznesowe s\u0105 szybkie i przejrzyste \u2013 mog\u0142am skupi\u0107 si\u0119 na zapewnianiu szkole\u0144 na najwy\u017cszym poziomie, jednocze\u015bnie realizuj\u0105c&hellip; <\/p><\/div><\/div>\n<\/a>\n<\/li><\/ul>\n\n<\/div>\n<\/div><\/section>\n\n\n\n<section class=\"wp-block-tg-text-with-button-and-images text-with-button-and-images container-fluid alignfull has-background-color has-bw-200-background-color\" align=\"full\"><div class=\"container\">\n<div class=\"wp-block-columns text-with-button-and-images__columns is-layout-flex wp-container-core-columns-is-layout-28f84493 wp-block-columns-is-layout-flex\">\n<div class=\"wp-block-column text-with-button-and-images__column is-layout-flow wp-block-column-is-layout-flow\">\n<div class=\"wp-block-group text-with-button-and-images__text-wrapper is-layout-flow wp-block-group-is-layout-flow\">\n<h2 class=\"wp-block-heading has-text-align-left text-with-button-and-images__heading has-blue-900-color has-text-color\">Chcesz do\u0142\u0105czy\u0107 do grona klient\u00f3w, kt\u00f3rzy odnie\u015bli sukces?<\/h2>\n\n\n\n<p class=\"has-text-align-left text-with-button-and-images__paragraph has-blue-900-color has-text-color has-medium-font-size\">TransferGo Biznes oferuje elastyczno\u015b\u0107 i niezawodno\u015b\u0107, kt\u00f3rych potrzebuje Twoja firma, aby rozwija\u0107 si\u0119 i prosperowa\u0107 na arenie mi\u0119dzynarodowej.<\/p>\n\n\n\n<div class=\"wp-block-button text-with-button-and-images__button is-style-button-with-arrow\"><a class=\"wp-block-button__link has-text-align-center wp-element-button\" href=\"https:\/\/wpvip.tgalpha.com\/pl\/biznes\">Dowiedz si\u0119 wi\u0119cej<\/a><\/div>\n<\/div>\n<\/div>\n\n\n\n<div class=\"wp-block-column text-with-button-and-images__column is-layout-flow wp-block-column-is-layout-flow\">\n<div class=\"wp-block-group text-with-button-and-images__images-wrapper is-layout-flow wp-block-group-is-layout-flow\">\n<figure class=\"wp-block-image text-with-button-and-images__image text-with-button-and-images__image--icon\"><img decoding=\"async\" src=\"https:\/\/wpvip.tgalpha.com\/wp-content\/plugins\/transfergo-blocks\/assets\/img\/text-with-button-and-images-0.webp\" alt=\"\"\/><\/figure>\n\n\n\n<figure class=\"wp-block-image text-with-button-and-images__image text-with-button-and-images__image--man\"><img decoding=\"async\" src=\"https:\/\/wpvip.tgalpha.com\/wp-content\/plugins\/transfergo-blocks\/assets\/img\/text-with-button-and-images-1.webp\" alt=\"\"\/><\/figure>\n\n\n\n<figure class=\"wp-block-image text-with-button-and-images__image text-with-button-and-images__image--woman\"><img decoding=\"async\" src=\"https:\/\/wpvip.tgalpha.com\/wp-content\/plugins\/transfergo-blocks\/assets\/img\/text-with-button-and-images-2.webp\" alt=\"\"\/><\/figure>\n<\/div>\n<\/div>\n<\/div>\n<\/div><\/section>\n","protected":false},"excerpt":{"rendered":"","protected":false},"author":7,"featured_media":55255,"parent":1368,"menu_order":0,"comment_status":"closed","ping_status":"closed","template":"business-page-template","meta":{"hideMenuColor":false,"footnotes":""},"class_list":["post-39424","page","type-page","status-publish","has-post-thumbnail","hentry"],"jetpack_sharing_enabled":true,"hideMenuColor":false,"_links":{"self":[{"href":"https:\/\/wpvip.tgalpha.com\/pl\/wp-json\/wp\/v2\/pages\/39424","targetHints":{"allow":["GET"]}}],"collection":[{"href":"https:\/\/wpvip.tgalpha.com\/pl\/wp-json\/wp\/v2\/pages"}],"about":[{"href":"https:\/\/wpvip.tgalpha.com\/pl\/wp-json\/wp\/v2\/types\/page"}],"author":[{"embeddable":true,"href":"https:\/\/wpvip.tgalpha.com\/pl\/wp-json\/wp\/v2\/users\/7"}],"replies":[{"embeddable":true,"href":"https:\/\/wpvip.tgalpha.com\/pl\/wp-json\/wp\/v2\/comments?post=39424"}],"version-history":[{"count":2,"href":"https:\/\/wpvip.tgalpha.com\/pl\/wp-json\/wp\/v2\/pages\/39424\/revisions"}],"predecessor-version":[{"id":862575,"href":"https:\/\/wpvip.tgalpha.com\/pl\/wp-json\/wp\/v2\/pages\/39424\/revisions\/862575"}],"up":[{"embeddable":true,"href":"https:\/\/wpvip.tgalpha.com\/pl\/wp-json\/wp\/v2\/pages\/1368"}],"wp:featuredmedia":[{"embeddable":true,"href":"https:\/\/wpvip.tgalpha.com\/pl\/wp-json\/wp\/v2\/media\/55255"}],"wp:attachment":[{"href":"https:\/\/wpvip.tgalpha.com\/pl\/wp-json\/wp\/v2\/media?parent=39424"}],"curies":[{"name":"wp","href":"https:\/\/api.w.org\/{rel}","templated":true}]}}