{"id":2589,"date":"2022-11-01T07:16:02","date_gmt":"2022-11-01T07:16:02","guid":{"rendered":"https:\/\/pl.transfergo.wpengine.com\/terms-and-conditions\/refer-a-friend-programme"},"modified":"2025-10-10T15:05:33","modified_gmt":"2025-10-10T15:05:33","slug":"program-polec-znajomego","status":"publish","type":"page","link":"https:\/\/wpvip.tgalpha.com\/pl\/nasze-warunki\/program-polec-znajomego","title":{"rendered":"Program pole\u0107 znajomego"},"content":{"rendered":"\n<section class=\"wp-block-tg-terms-and-conditions-hero terms-and-conditions-hero container-fluid alignfull\" align=\"full\"><div class=\"container\">\n<h1 class=\"wp-block-heading has-text-align-center terms-and-conditions-hero__title has-blue-900-color has-text-color\">Warunki korzystania:<br>Program polece\u0144<\/h1>\n\n\n\n<div class=\"wp-block-group terms-and-conditions-hero__last-updated-wrapper is-layout-flow wp-block-group-is-layout-flow\">\n<p class=\"terms-and-conditions-hero__last-updated-text has-blue-900-color has-text-color has-medium-font-size\">DATA WEJ\u015aCIA W \u017bYCIE<\/p>\n\n\n\t<p class=\"terms-and-conditions-hero__last-updated-date has-blue-900-color has-text-color has-large-font-size\">\n\t\t10\/10\/2025\t<\/p>\n<\/div>\n<\/div><\/section>\n\n\n\n<section class=\"wp-block-tg-terms-and-conditions-main-content terms-and-conditions-main-content container-fluid\"><div class=\"container\">\n<p><strong>1. Witamy<\/strong><\/p>\n\n\n\n<p>1.1 Niniejsza strona okre\u015bla zasady i warunki maj\u0105ce zastosowanie do Programu Pole\u0107 Przyjacielowi TransferGo (\u201eProgram polece\u0144\u201d).<\/p>\n\n\n\n<p>1.2 Program polece\u0144 jest sponsorowany, promowany i administrowany przez TransferGo Ltd (\u201eTransferGo\u201d, \u201emy\u201d, \u201enas\u201d). Oferujemy us\u0142ug\u0119, kt\u00f3ra umo\u017cliwia przesy\u0142anie pieni\u0119dzy i dokonywanie p\u0142atno\u015bci w walutach obcych za granic\u0119 za po\u015brednictwem naszej strony internetowej, <a href=\"http:\/\/transfergo.com\/\" target=\"_blank\" rel=\"noopener\">transfergo.com<\/a> i naszej aplikacji (\u201eUs\u0142uga\u201d).<\/p>\n\n\n\n<p>1.3 Polecaj\u0105c nas znajomemu (\u201ePolecony u\u017cytkownik\u201d) w spos\u00f3b opisany poni\u017cej, uznaje si\u0119, \u017ce Ty (\u201eOsoba polecaj\u0105ca\u201d) zaakceptowa\u0142e\u015b niniejsze warunki (\u201eWarunki programu\u201d). Przeczytaj uwa\u017cnie Warunki programu i upewnij si\u0119, \u017ce je rozumiesz i zgadzasz si\u0119 z nimi, zanim polecisz nam kogokolwiek.<\/p>\n\n\n\n<p>1.4 Program Polece\u0144 nie ma zastosowania tam, gdzie jest to zabronione przez prawo.<\/p>\n\n\n\n<p><strong>2. Jak wzi\u0105\u0107 udzia\u0142 w Programie Polece\u0144<\/strong><\/p>\n\n\n\n<p>2.1. Aby wzi\u0105\u0107 udzia\u0142 w Programie Polece\u0144, musisz poleci\u0107 nasz\u0105 Us\u0142ug\u0119 innej osobie wykonuj\u0105c dowoln\u0105 z poni\u017cszych czynno\u015bci:<\/p>\n\n\n\n<ul class=\"wp-block-list\">\n<li>\u2022 podaj jej sw\u00f3j kod zaproszenia lub<\/li>\n\n\n\n<li>\u2022 wy\u015blij jej link z zaproszeniem lub<\/li>\n\n\n\n<li>\u2022 popro\u015b nas o przes\u0142anie jej wiadomo\u015bci e-mail z powitaniem. Prze\u015blij nam jej adres e-mail, korzystaj\u0105c z odpowiedniej funkcji na stronie \u201eZapraszaj i zarabiaj\u201d<\/li>\n<\/ul>\n\n\n\n<p>2.2 Osoba ta (\u201ePolecony u\u017cytkownik\u201d) musi si\u0119 u nas zarejestrowa\u0107, za\u0142o\u017cy\u0107 profil i potwierdzi\u0107, \u017ce poleci\u0142e\u015b mu nasz\u0105 Us\u0142ug\u0119, wykonuj\u0105c jedn\u0105 z poni\u017cszych czynno\u015bci:<\/p>\n\n\n\n<ul class=\"wp-block-list\">\n<li>\u2022 2.2.1 udost\u0119pni\u0107 Tw\u00f3j kod zaproszenia lub<br>\u2022 2.2.2 wej\u015b\u0107 w link z zaproszeniem lub<br>\u2022 2.2.3 wej\u015b\u0107 w link zawarty w e-mailu powitalnym przes\u0142anym za po\u015brednictwem naszego serwisu<\/li>\n<\/ul>\n\n\n\n<p>2.3 Zapewnimy Ci dost\u0119p do Twojego osobistego kodu zaproszenia i linku z zaproszeniem, gdy zalogujesz si\u0119 na sw\u00f3j profil i uzyskasz dost\u0119p do sekcji polece\u0144 w naszej Us\u0142udze. (Je\u015bli wyrazi\u0142e\u015b zgod\u0119 na otrzymywanie od nas wiadomo\u015bci e-mail, wy\u015blemy r\u00f3wnie\u017c Tw\u00f3j kod zaproszenia na adres e-mail, kt\u00f3ry nam poda\u0142e\u015b podczas zak\u0142adania profilu. Mo\u017cesz zobaczy\u0107 sw\u00f3j zapisany adres e-mail w sekcji ustawienia profilu TransferGo.)<\/p>\n\n\n\n<p>2.4. Polecony u\u017cytkownik musi dokona\u0107 przelewu na okre\u015blon\u0105 kwot\u0119 oraz wykona\u0107 okre\u015blon\u0105 liczb\u0119 przelew\u00f3w wymienionych w aplikacji i\/lub na stronie internetowej, aby zakwalifikowa\u0107 si\u0119 do nagrody (kwalifikuj\u0105cy si\u0119 przelew). Ta kwota i liczba kwalifikuj\u0105cych si\u0119 przelew\u00f3w musz\u0105 zosta\u0107 zrealizowane w ci\u0105gu 6 miesi\u0119cy od momentu polecenia.<\/p>\n\n\n\n<p>2.5 Kwalifikuj\u0105ce si\u0119 przelewy musz\u0105 by\u0107 przelewami mi\u0119dzynarodowymi (z kraju, kt\u00f3ry wyda\u0142 kart\u0119\/rachunek bankowy, do innego kraju) oraz z jednej waluty na inn\u0105. Przelewy w tej samej walucie, np. z EUR na EUR nie licz\u0105 si\u0119 jako przelewy kwalifikuj\u0105ce.<\/p>\n\n\n\n<p>2.6 Mo\u017cesz tak\u017ce poprosi\u0107 nas o wys\u0142anie w Twoim imieniu e-maili powitalnych w sekcji Polecenia w naszej Us\u0142udze.<\/p>\n\n\n\n<p>2.7 Prosz\u0105c nas o przes\u0142anie Twoim znajomym wiadomo\u015bci e-mail, potwierdzasz, \u017ce masz wyra\u017an\u0105 zgod\u0119 odbiorcy na zachowanie przez nas jego danych kontaktowych i wykorzystanie ich w programie polece\u0144.<\/p>\n\n\n\n<p>2.8 Twoim obowi\u0105zkiem jest uzyskanie zgody Poleconego U\u017cytkownika na przes\u0142anie mu kodu zaproszenia lub linku zapraszaj\u0105cego do naszej Us\u0142ugi.<\/p>\n\n\n\n<p>2.9 Gdy Polecony u\u017cytkownik wykona Kwalifikuj\u0105cy si\u0119 przelew(y), b\u0119dziesz uprawniony do ubiegania si\u0119 o nagrod\u0119 pieni\u0119\u017cn\u0105 w kwocie okre\u015blonej w punkcie 3 (\u201eBonus\u201d). Kwalifikuj\u0105cy si\u0119 przelew uznaje si\u0119 za zrealizowany, gdy:<\/p>\n\n\n\n<ul class=\"wp-block-list\">\n<li>\u2022 polecony u\u017cytkownik zleci\u0142 przelew, przekaza\u0142 nam kwot\u0119 do przelewu wraz z naszymi op\u0142atami i<\/li>\n\n\n\n<li>\u2022 konto bankowe odbiorcy zosta\u0142o zasilone kwot\u0105 przes\u0142an\u0105 przez Poleconego u\u017cytkownika za po\u015brednictwem naszej Us\u0142ugi (z zastrze\u017ceniem dodatkowych op\u0142at i prowizji okre\u015blonych w naszym Regulaminie (<a href=\"https:\/\/wpvip.tgalpha.com\/pl\/nasze-warunki\">https:\/\/wpvip.tgalpha.com\/pl\/nasze-warunki<\/a>) i nie zosta\u0142a ona odrzucona ani zwr\u00f3cona na nasze konto.<\/li>\n<\/ul>\n\n\n\n<p>2.10 Z zastrze\u017ceniem postanowie\u0144 punkt\u00f3w 2.12, 2.13, 2.14 i 5, poinformujemy Ci\u0119, \u017ce mo\u017cesz odebra\u0107 Bonus, aktualizuj\u0105c sekcj\u0119 Polece\u0144 w naszej Us\u0142udze w ci\u0105gu 5 dni roboczych od momentu wykonania przez Poleconego u\u017cytkownika Kwalifikuj\u0105cego si\u0119 Przelewu(\u00f3w).<\/p>\n\n\n\n<p>2.11 Je\u015bli Polecony u\u017cytkownik u\u017cyje linku z zaproszeniem zamiast kodu zaproszenia podczas tworzenia swojego profilu, musi mie\u0107 w\u0142\u0105czon\u0105 obs\u0142ug\u0119 plik\u00f3w cookie w swojej przegl\u0105darce, aby\u015bmy mogli zidentyfikowa\u0107 go jako skierowanego do naszej Us\u0142ugi przez Ciebie i aby\u015b kwalifikowa\u0142 si\u0119 aby otrzyma\u0107 Bonus.<\/p>\n\n\n\n<p>2.12 Zanim b\u0119dziesz m\u00f3g\u0142 ubiega\u0107 si\u0119 o sw\u00f3j Bonus, mo\u017cemy potrzebowa\u0107 dodatkowych informacji od Ciebie i Poleconego u\u017cytkownika. Mo\u017cemy:<\/p>\n\n\n\n<ul class=\"wp-block-list\">\n<li>\u2022 poprosi\u0107 Ciebie i Poleconego u\u017cytkownika o potwierdzenie to\u017csamo\u015bci poprzez podanie wszelkich szczeg\u00f3\u0142\u00f3w lub dokument\u00f3w, kt\u00f3rych mo\u017cemy zasadnie wymaga\u0107 (w stosownych przypadkach);<\/li>\n\n\n\n<li>\u2022 podj\u0105\u0107 wszelkie uzasadnione kroki w celu weryfikacji wszelkich informacji lub dokument\u00f3w dostarczonych przez Ciebie lub Poleconego u\u017cytkownika w celu identyfikacji elektronicznej, np. w celu uzyskania dost\u0119pu do rz\u0105dowych i prywatnych baz danych oraz agencji informacji kredytowej.<\/li>\n<\/ul>\n\n\n\n<p>2.13 TransferGo zastrzega sobie prawo do niewyp\u0142acenia Bonusui w nast\u0119puj\u0105cych przypadkach:<\/p>\n\n\n\n<ul class=\"wp-block-list\">\n<li>\u2022 je\u015bli nie b\u0119dziemy w stanie zweryfikowa\u0107 to\u017csamo\u015bci Twojej lub Poleconego u\u017cytkownika ani \u017cadnych dodatkowych informacji i dokument\u00f3w zgodnie z punktem 2.8;<\/li>\n\n\n\n<li>\u2022 je\u015bli mamy uzasadnione podejrzenia, \u017ce profil zosta\u0142 utworzony w wyniku oszustwa przez Poleconego u\u017cytkownika lub \u017ce profil Poleconego u\u017cytkownika w jakikolwiek spos\u00f3b narusza nasz Regulamin (<a href=\"https:\/\/wpvip.tgalpha.com\/pl\/nasze-warunki\">https:\/\/wpvip.tgalpha.com\/pl\/nasze-warunki<\/a>);<\/li>\n\n\n\n<li>\u2022 je\u015bli Polecony u\u017cytkownik wykona Kwalifikuj\u0105cy si\u0119 przelew(y) do lub od dostawcy us\u0142ug finansowych, kt\u00f3rego umie\u015bcili\u015bmy na naszej li\u015bcie zablokowanych po wykryciu wzorc\u00f3w nadu\u017cy\u0107 u tych dostawc\u00f3w (np. Revolut, Monese, ApplePay, Google Pay, N26 i innych);<\/li>\n\n\n\n<li>\u2022 je\u015bli Polecony u\u017cytkownik prze\u015ble pieni\u0105dze Tobie lub sobie;<\/li>\n\n\n\n<li>\u2022 je\u015bli nadawca i odbiorca transakcji korzystaj\u0105cy z\u00a0 kodu lub linku Programu polece\u0144 to ta sama osoba, niezale\u017cnie od tego, czy a) imi\u0119 i nazwisko na ich rachunku bankowym, karcie debetowej, karcie kredytowej, karcie przedp\u0142aconej lub identyfikatorze s\u0105 r\u00f3\u017cne lub b) ich adres rozliczeniowy jest inny;<\/li>\n\n\n\n<li>\u2022 je\u015bli imi\u0119 i nazwisko na karcie bankowej lub koncie nie jest Twoje lub nie zgadza si\u0119 z imieniem i nazwiskiem na Twoim profilu TransferGo. Je\u015bli imiona i nazwiska nie b\u0119d\u0105 si\u0119 zgadza\u0107, zastrzegamy sobie prawo do niewyp\u0142acenia nagrody;<\/li>\n\n\n\n<li>\u2022 je\u015bli naruszy\u0142e\u015b jakiekolwiek postanowienie niniejszych Warunk\u00f3w Programu lub naszych Regulamin\u00f3w;<\/li>\n\n\n\n<li>\u2022 je\u015bli zako\u0144czyli\u015bmy Program polece\u0144 i Kwalifikuj\u0105cy si\u0119 Przelew(y) zosta\u0142(-y) zrealizowany po dacie zako\u0144czenia Programu polece\u0144;<\/li>\n\n\n\n<li>\u2022 je\u015bli obowi\u0105zuj\u0105ce prawo zabrania nam wyp\u0142aty Bonusu;<\/li>\n\n\n\n<li>\u2022 je\u015bli Tw\u00f3j Bonus wygas\u0142 zgodnie z paragrafem 4.2;<\/li>\n\n\n\n<li>\u2022 je\u015bli Ty lub Tw\u00f3j Polecony u\u017cytkownik macie wi\u0119cej ni\u017c jeden profil TransferGo;<\/li>\n\n\n\n<li>\u2022 je\u015bli Bonus zosta\u0142 odebrany na tym samym profilu przez wielu u\u017cytkownik\u00f3w;<\/li>\n\n\n\n<li>\u2022 je\u015bli kilku poleconych znajomych przez tego samego u\u017cytkownika prze\u015ble pieni\u0105dze tej samej osobie trzeciej;<\/li>\n\n\n\n<li>\u2022 je\u015bli podejrzewamy, \u017ce Polecony u\u017cytkownik nie ma rzeczywistego zamiaru korzystania z naszej us\u0142ugi, a skorzysta\u0142 z niej tylko raz w celu uzyskania Bonusu;<\/li>\n\n\n\n<li>\u2022 gdy poprosisz nas o wyp\u0142at\u0119 Bonusu na konto TransferGo, kt\u00f3re nie nale\u017cy do Ciebie (lub na osobiste konto bankowe, je\u015bli nie kwalifikujesz si\u0119 do otwarcia konta TransferGo);<\/li>\n\n\n\n<li>\u2022 gdy poprosisz nas o wyp\u0142at\u0119 Bonusu na konto TransferGo, kt\u00f3re nie nale\u017cy do Ciebie (lub na osobiste konto bankowe, je\u015bli nie kwalifikujesz si\u0119 do otwarcia konta TransferGo);<\/li>\n\n\n\n<li>\u2022 inne przypadki naruszaj\u0105ce Warunki Programu polece\u0144, je\u015bli Polecony u\u017cytkownik nie poda swojego unikalnego kodu podczas tworzenia profilu TransferGo lub zlecania przelewu, nagroda zostanie przypisana do pierwszego polecaj\u0105cego na podstawie kodu polecaj\u0105cego, kt\u00f3rego u\u017cywa. Nie jeste\u015bmy w stanie ponownie przypisa\u0107 premii.<\/li>\n<\/ul>\n\n\n\n<p>2.14 Gdy ju\u017c polecisz u\u017cytkownika do TransferGo, osoba ta nie b\u0119dzie mog\u0142a Ci ponownie poleci\u0107 TransferGo.<\/p>\n\n\n\n<p>2.15 Aby wzi\u0105\u0107 udzia\u0142 w programie polece\u0144, nie mo\u017cesz korzysta\u0107 z p\u0142atno\u015bci za klikni\u0119cie ani innych p\u0142atnych lub automatycznych us\u0142ug generowania potencjalnych klient\u00f3w. Mo\u017cesz nie by\u0107 w stanie ubiega\u0107 si\u0119 o bonus, je\u015bli mamy uzasadnione podejrzenia, \u017ce \u200b\u200bskorzysta\u0142e\u015b z takich us\u0142ug, aby zaprosi\u0107 zaproszonych u\u017cytkownik\u00f3w do naszej Us\u0142ugi, a my mo\u017cemy r\u00f3wnie\u017c podj\u0105\u0107 wszelkie inne dzia\u0142ania, kt\u00f3re uznamy za stosowne, w tym natychmiastowe, tymczasowe lub trwa\u0142e wyga\u015bni\u0119cie Twojego prawa do korzystania z naszej Us\u0142ugi lub zamkni\u0119cia profilu.<\/p>\n\n\n\n<p>2.16 Je\u015bli Poleceni u\u017cytkownicy wielokrotnie z\u0142ami\u0105 nasze zasady, nie otrzymasz bonusu i zostaniesz zablokowany w programie polece\u0144.<\/p>\n\n\n\n<p>2.17 Je\u015bli podejrzewamy, \u017ce zaprosi\u0142e\u015b oszust\u00f3w, zastrzegamy sobie prawo do natychmiastowego zamkni\u0119cia Twojego profilu TransferGo.<\/p>\n\n\n\n<p>2.18 Mamy prawo zawiesi\u0107 reklamacj\u0119, je\u017celi nasze systemy wykryj\u0105, \u017ce Przyjaciel i Osoba Polecaj\u0105ca to ta sama osoba.<\/p>\n\n\n\n<p>2.19 Decyzja TransferGo we wszystkich sprawach jest ostateczna i wi\u0105\u017c\u0105ca i nie b\u0119dzie prowadzona \u017cadna korespondencja ani dyskusja.<\/p>\n\n\n\n<p><strong>3. Kwota bonusu<\/strong><\/p>\n\n\n\n<p>3.1 Wszystkie programy polecaj\u0105ce, bonusy i waluty zale\u017c\u0105 od kilku czynnik\u00f3w i mog\u0105 by\u0107 r\u00f3\u017cne dla r\u00f3\u017cnych u\u017cytkownik\u00f3w.<\/p>\n\n\n\n<p>3.2 Mo\u017cesz ubiega\u0107 si\u0119 o bonus w dowolnej legalnej walucie u\u017cywanej w obs\u0142ugiwanych przez nas krajach (zgodnie z definicj\u0105 w naszych Warunkach korzystania z us\u0142ugi). Przeliczymy odpowiedni\u0105 kwot\u0119 bonusu na wybran\u0105 walut\u0119 po kursie wy\u015bwietlonym w naszym serwisie w dniu i o godzinie, w kt\u00f3rej wyp\u0142acimy Ci Bonus. Kursy te mog\u0105 od czasu do czasu si\u0119 zmienia\u0107 w zale\u017cno\u015bci od waha\u0144 na mi\u0119dzynarodowych rynkach walutowych.<\/p>\n\n\n\n<p>3.3 Wysoko\u015b\u0107 bonusu r\u00f3\u017cni si\u0119 w zale\u017cno\u015bci od wielu czynnik\u00f3w. Kwoty te s\u0105 zawsze podane w sekcji Polecenia. Zaproszeni mog\u0105 r\u00f3wnie\u017c zosta\u0107 nagrodzeni rabatami, premiami pieni\u0119\u017cnymi lub r\u00f3\u017cnymi innymi kwotami. Zawsze szukamy najlepszych rozwi\u0105za\u0144 dla naszych klient\u00f3w, dlatego zastrzegamy sobie prawo do zmiany rodzaju i wysoko\u015bci nagrody w dowolnym momencie.<\/p>\n\n\n\n<p><strong>4. Odebranie bonusu<\/strong><\/p>\n\n\n\n<p>4.1 Gdy Tw\u00f3j Bonus b\u0119dzie ju\u017c dost\u0119pnu, mo\u017cesz go odebra\u0107 w nast\u0119puj\u0105cy spos\u00f3b:<\/p>\n\n\n\n<ul class=\"wp-block-list\">\n<li>\u2022 uzupe\u0142nienie profilu danymi osobowymi;<\/li>\n\n\n\n<li>\u2022 po klikni\u0119ciu linku \u201eOdbierz nagrod\u0119\u201d w sekcji Polecenia w naszej Us\u0142udze;<\/li>\n\n\n\n<li>\u2022 przekazanie danych swojego konta bankowego (dotyczy tylko u\u017cytkownik\u00f3w, kt\u00f3rzy nie kwalifikuj\u0105 si\u0119 do otwarcia konta TransferGo);.<\/li>\n<\/ul>\n\n\n\n<p>4.2 Musisz ubiega\u0107 si\u0119 o bonus w ci\u0105gu 30 dni. Poinformujemy Ci\u0119 o Twoim prawie, je\u015bli wyrazi\u0142e\u015b zgod\u0119 na otrzymywanie od nas wiadomo\u015bci e-mail i\/lub powiadomie\u0144. Je\u015bli nie odbierzesz bonusu w tym okresie, nie b\u0119dziesz m\u00f3g\u0142 si\u0119 ju\u017c o niego ubiega\u0107. Poinformujemy Ci\u0119, kiedy to nast\u0105pi, na stronie \u201eZapro\u015b znajomych\u201d w naszym serwisie.<\/p>\n\n\n\n<p>4.3 Po z\u0142o\u017ceniu wniosku i pomy\u015blnym skonfigurowaniu konta TransferGo bonus b\u0119dzie od razu dost\u0119pny na koncie TransferGo.<\/p>\n\n\n\n<p><strong>5. Ograniczenie odpowiedzialno\u015bci<\/strong><\/p>\n\n\n\n<p>5.1 TransferGo zastrzega sobie prawo do modyfikowania lub zaprzestania, czasowo lub na sta\u0142e, w dowolnym momencie Programu polece\u0144 za uprzednim powiadomieniem lub bez niego z przyczyn od niego niezale\u017cnych (w tym mi\u0119dzy innymi w przypadku przewidywanego, podejrzewanego lub rzeczywistego oszustwa).<\/p>\n\n\n\n<p>5.2 Zastrzegamy sobie r\u00f3wnie\u017c prawo do zmiany lub zako\u0144czenia Programu Polece\u0144 z zachowaniem odpowiedniego okresu wypowiedzenia. Je\u015bli zaprzestaniemy Programu polece\u0144:<\/p>\n\n\n\n<ul class=\"wp-block-list\">\n<li>\u2022 z zastrze\u017ceniem punktu 4.2,b\u0119d\u0105 honorowane wszelkie Bonusy, do kt\u00f3rych naby\u0142e\u015b uprawnienia przed godzin\u0105 23:59 czasu brytyjskiego ostatniego dnia Programu polece\u0144;<\/li>\n\n\n\n<li>\u2022 poinformujemy Ci\u0119 o wszelkich prawach do ubiegania si\u0119 o bonus, do kt\u00f3rego by\u0142e\u015b uprawniony, do godziny 23:59 czasu brytyjskiego ostatniego dnia Programu polece\u0144, je\u015bli wyrazi\u0142e\u015b zgod\u0119 na otrzymywanie od nas wiadomo\u015bci e-mail i\/lub powiadomie\u0144.<\/li>\n<\/ul>\n\n\n\n<p>5.3 TransferGo nie ponosi \u017cadnej odpowiedzialno\u015bci za jakiekolwiek straty lub szkody poniesione przez Ciebie w wyniku uczestnictwa w Programie polece\u0144 lub przyj\u0119cia i wykorzystania Twojego Bonusu, w tym (ale nie wy\u0142\u0105cznie) za jakiekolwiek straty wynikaj\u0105ce z nast\u0119puj\u0105cych przyczyn:<\/p>\n\n\n\n<ul class=\"wp-block-list\">\n<li>\u2022 jakiekolwiek odroczenie lub anulowanie Programu polece\u0144 lub jakiekolwiek op\u00f3\u017anienie w poinformowaniu Ci\u0119 o Twoim prawie do ubiegania si\u0119 o Bonus;<\/li>\n\n\n\n<li>\u2022 wszelkie zmiany, nieautoryzowany dost\u0119p, uszkodzenie, op\u00f3\u017aniona dostawa lub niedostarczenie jakichkolwiek powiadomie\u0144, akceptacji, pr\u00f3\u015bb lub innych dokument\u00f3w zwi\u0105zanych z Programem polece\u0144;<\/li>\n\n\n\n<li>\u2022 jakiekolwiek uszkodzenia komputera U\u017cytkownika lub innego komputera poniesione w zwi\u0105zku z uczestnictwem w Programie polece\u0144 lub pobieraniem materia\u0142\u00f3w zwi\u0105zanych z Programem polece\u0144;<\/li>\n\n\n\n<li>\u2022 jakiekolwiek dzia\u0142anie lub zaniedbanie jakiegokolwiek dostawcy b\u0119d\u0105cego stron\u0105 trzeci\u0105.<\/li>\n<\/ul>\n\n\n\n<p>5.4 \u017badne z postanowie\u0144 niniejszych Warunk\u00f3w programu nie wy\u0142\u0105cza odpowiedzialno\u015bci TransferGo za \u015bmier\u0107, obra\u017cenia cia\u0142a, oszustwo lub \u015bwiadome wprowadzenie w b\u0142\u0105d w wyniku zaniedbania lub za jak\u0105kolwiek inn\u0105 spraw\u0119, w przypadku kt\u00f3rej prawo nie pozwala nam wy\u0142\u0105czy\u0107 ani ograniczy\u0107 naszej odpowiedzialno\u015bci.<\/p>\n\n\n\n<p>5.5 Wszelkie podatki i inne koszty administracyjne ponosi Polecaj\u0105cy.<\/p>\n\n\n\n<p><strong>6. Twoje dane osobowe<\/strong><\/p>\n\n\n\n<p>6.1\u00a0 Prosimy o zapoznanie si\u0119 z nasz\u0105 Polityk\u0105 prywatno\u015bci, aby uzyska\u0107 wi\u0119cej informacji o tym, jak przetwarzamy Twoje dane. Kopi\u0119 Polityki prywatno\u015bci mo\u017cna uzyska\u0107 na \u017c\u0105danie pod nast\u0119puj\u0105cym adresem: <a href=\"mailto:hello@transfergo.com\">hello@transfergo.com<\/a> lub odwiedzaj\u0105c stron\u0119: <a href=\"https:\/\/wpvip.tgalpha.com\/pl\/polityka-prywatnosci\">https:\/\/wpvip.tgalpha.com\/pl\/polityka-prywatnosci<\/a><\/p>\n\n\n\n<p><strong>7. Przej\u015bcie do Programu Partnerskiego<\/strong><\/p>\n\n\n\n<p>7.1. Na podstawie Twojego zachowania zwi\u0105zanego z polecaniem, mo\u017cemy uzna\u0107 za stosowne w\u0142\u0105czenie Ci\u0119 do naszego programu partnerskiego. W takim przypadku poinformujemy Ci\u0119 o tym z odpowiednim wyprzedzeniem i wyja\u015bnimy zmienione korzy\u015bci p\u0142yn\u0105ce ze zwrotu got\u00f3wki.<\/p>\n\n\n\n<p><strong>8. Postanowienia og\u00f3lne<\/strong><\/p>\n\n\n\n<p>8.1 Je\u015bli kt\u00f3rekolwiek z postanowie\u0144 niniejszych Warunk\u00f3w programu zostanie uznane za niezgodne z prawem lub niewykonalne, nie b\u0119dzie to mia\u0142o wp\u0142ywu na utrzymanie pozosta\u0142ych postanowie\u0144 w pe\u0142nej mocy.<\/p>\n\n\n\n<p>8.2 Je\u015bli masz jakiekolwiek pytania dotycz\u0105ce Programu polece\u0144, napisz do nas na adres <a href=\"mailto:hello@transfergo.com\">hello@transfergo.com<\/a>, w tytule wpisuj\u0105c \u201eZapro\u015b znajomego\u201d.<\/p>\n\n\n\n<p>8.3 Warunki Programu polece\u0144 podlegaj\u0105 prawu angielskiemu, a uczestnicy poddaj\u0105 si\u0119 wy\u0142\u0105cznej jurysdykcji s\u0105d\u00f3w angielskich.<\/p>\n\n\n\n<p>8.4 TransferGo zastrzega sobie prawo do odmowy wyp\u0142aty Bonusu wed\u0142ug w\u0142asnego uznania.<\/p>\n\n\n\n<p>8.5 TransferGo zastrzega sobie prawo do zmiany lub wycofania Bonusu wed\u0142ug w\u0142asnego uznania.<\/p>\n\n\n\n<p>8.6 TransferGo zastrzega sobie prawo do zako\u0144czenia Programu polece\u0144 w dowolnym momencie i bez uprzedzenia.<\/p>\n\n\n\n<p>8.7 TransferGo zastrzega sobie prawo do zmiany Warunk\u00f3w programu w dowolnym momencie.<\/p>\n\n\n\n<p><strong>9. Aktualna oferta<\/strong><\/p>\n\n\n\n<p>9.1 Istniej\u0105 okre\u015blone okresy, w kt\u00f3rych oferujemy nagrody wybranym uprawnionym u\u017cytkownikom (obok naszego sta\u0142ego programu). Je\u015bli kwalifikujesz si\u0119 do tych nagr\u00f3d, zostaniesz powiadomiony po zalogowaniu si\u0119 na sw\u00f3j profil.<\/p>\n\n\n\n<div class=\"wp-block-buttons is-layout-flex wp-block-buttons-is-layout-flex\">\n<div class=\"wp-block-button is-style-button-with-arrow\"><a class=\"wp-block-button__link wp-element-button\" href=\"https:\/\/app.transfergo.com\/pl\/login\" target=\"_blank\" rel=\"noopener\">Wy\u015blij \u015brodki teraz<\/a><\/div>\n<\/div>\n<\/div><\/section>\n","protected":false},"excerpt":{"rendered":"","protected":false},"author":1,"featured_media":718153,"parent":1228,"menu_order":0,"comment_status":"closed","ping_status":"closed","template":"page-with-short-footer","meta":{"hideMenuColor":true,"footnotes":""},"class_list":["post-2589","page","type-page","status-publish","has-post-thumbnail","hentry"],"jetpack_sharing_enabled":true,"hideMenuColor":"1","_links":{"self":[{"href":"https:\/\/wpvip.tgalpha.com\/pl\/wp-json\/wp\/v2\/pages\/2589","targetHints":{"allow":["GET"]}}],"collection":[{"href":"https:\/\/wpvip.tgalpha.com\/pl\/wp-json\/wp\/v2\/pages"}],"about":[{"href":"https:\/\/wpvip.tgalpha.com\/pl\/wp-json\/wp\/v2\/types\/page"}],"author":[{"embeddable":true,"href":"https:\/\/wpvip.tgalpha.com\/pl\/wp-json\/wp\/v2\/users\/1"}],"replies":[{"embeddable":true,"href":"https:\/\/wpvip.tgalpha.com\/pl\/wp-json\/wp\/v2\/comments?post=2589"}],"version-history":[{"count":3,"href":"https:\/\/wpvip.tgalpha.com\/pl\/wp-json\/wp\/v2\/pages\/2589\/revisions"}],"predecessor-version":[{"id":262368,"href":"https:\/\/wpvip.tgalpha.com\/pl\/wp-json\/wp\/v2\/pages\/2589\/revisions\/262368"}],"up":[{"embeddable":true,"href":"https:\/\/wpvip.tgalpha.com\/pl\/wp-json\/wp\/v2\/pages\/1228"}],"wp:featuredmedia":[{"embeddable":true,"href":"https:\/\/wpvip.tgalpha.com\/pl\/wp-json\/wp\/v2\/media\/718153"}],"wp:attachment":[{"href":"https:\/\/wpvip.tgalpha.com\/pl\/wp-json\/wp\/v2\/media?parent=2589"}],"curies":[{"name":"wp","href":"https:\/\/api.w.org\/{rel}","templated":true}]}}