{"id":242128,"date":"2024-07-02T12:21:17","date_gmt":"2024-07-02T12:21:17","guid":{"rendered":"https:\/\/wpvip.tgalpha.com\/pl\/?page_id=34561"},"modified":"2024-07-02T12:21:17","modified_gmt":"2024-07-02T12:21:17","slug":"cala-historia","status":"publish","type":"page","link":"https:\/\/wpvip.tgalpha.com\/pl\/cala-historia","title":{"rendered":"Story (PL)"},"content":{"rendered":"\n<h1 class=\"wp-block-heading\">Ca\u0142a historia<\/h1>\n\n\n\n<h1 class=\"wp-block-heading\"><mark class=\"has-inline-color has-blue-500-color\">Jak to wszystko si\u0119 zacz\u0119\u0142o<\/mark><\/h1>\n\n\n\n<section class=\"wp-block-tg-photo-and-text container-fluid photo-and-text\"><div class=\"container\">\n<div class=\"wp-block-media-text is-stacked-on-mobile photo-and-text__container\"><figure class=\"wp-block-media-text__media\"><img loading=\"lazy\" decoding=\"async\" width=\"677\" height=\"432\" src=\"https:\/\/wpvip.tgalpha.com\/wp-content\/uploads\/2024\/06\/human-image.jpg\" alt=\"\" class=\"wp-image-70985 size-full\" srcset=\"https:\/\/wpvip.tgalpha.com\/wp-content\/uploads\/2024\/06\/human-image.jpg 677w, https:\/\/wpvip.tgalpha.com\/wp-content\/uploads\/2024\/06\/human-image.jpg?resize=300,191 300w\" sizes=\"auto, (max-width: 677px) 100vw, 677px\" \/><\/figure><div class=\"wp-block-media-text__content\">\n<p class=\"photo-and-text__paragraph has-blue-900-color has-text-color has-medium-font-size\">Jeste\u015bmy po to, aby u\u0142atwi\u0107 Ci \u017cycie. Bez wzgl\u0119du na to, czy p\u0142acisz rachunki, wspierasz rodzin\u0119, prowadzisz firm\u0119 czy musisz opanowa\u0107 nag\u0142\u0105 sytuacj\u0119 &#8211; chcemy, aby dokonywanie szybkich i tanich przelew\u00f3w pieni\u0119\u017cnych by\u0142o bezpieczne i pewne. Dlaczego? Poniewa\u017c jeszcze nie tak dawno, wysy\u0142anie pieni\u0119dzy by\u0142o koszmarem.<\/p>\n<\/div><\/div>\n<\/div><\/section>\n\n\n\n<section class=\"wp-block-tg-story-text-and-image container-fluid story-text-and-image story-text-and-image--transparent-rectangle-right\"><div class=\"container\">\n<div class=\"wp-block-media-text has-media-on-the-right is-stacked-on-mobile story-text-and-image__container\"><div class=\"wp-block-media-text__content\">\n<h3 class=\"wp-block-heading story-text-and-image__heading has-blue-900-color has-text-color\">Narodziny TransferGo<\/h3>\n\n\n\n<p>By\u0142 rok 2012. Czterech, m\u0142odych profesjonalist\u00f3w rozpoczyna\u0142o biznes importowo-eksportowy za granic\u0105. Niestety wysy\u0142anie mi\u0119dzynarodowych przelew\u00f3w pieni\u0119\u017cnych stanowi\u0142o problem. Zaczynaj\u0105c od p\u0142acenia rachunk\u00f3w na Litwie a sko\u0144czywszy na wysy\u0142aniu pieni\u0119dzy dostawcom. Zmagali\u015bmy si\u0119 z wolnymi przelewami, wysokimi op\u0142atami, brakiem obs\u0142ugi klienta i godzinami sp\u0119dzonymi w kolejce do banku.<\/p>\n\n\n\n<p>Dlaczego, w 2012 roku, nadal byli\u015bmy zmuszeni osobi\u015bcie odwiedza\u0107 banki, tylko po to, aby dokona\u0107 prostych przelew\u00f3w pieni\u0119\u017cnych? I dlaczego p\u0142acili\u015bmy za t\u0119 &#8220;us\u0142ug\u0119&#8221; krocie? Kiedy pewnego razu nasze pieni\u0105dze zosta\u0142y wys\u0142ane nie tylko do niew\u0142a\u015bciwego kraju, ale tak\u017ce w z\u0142ej walucie &#8211; a my nawet nie otrzymali\u015bmy za taki b\u0142\u0105d odszkodowania &#8211; mieli\u015bmy do\u015b\u0107. Pragn\u0119li\u015bmy zmiany. Chcieli\u015bmy ca\u0142kowicie zrewolucjonizowa\u0107 bran\u017c\u0119 mi\u0119dzynarodowych przelew\u00f3w pieni\u0119\u017cnych tworz\u0105c unikalny model biznesowy z doskona\u0142\u0105 obs\u0142ug\u0105 klienta. Wtedy w\u0142a\u015bnie narodzi\u0142 si\u0119 TransferGo.<\/p>\n<\/div><figure class=\"wp-block-media-text__media\"><img loading=\"lazy\" decoding=\"async\" width=\"451\" height=\"453\" src=\"https:\/\/wpvip.tgalpha.com\/wp-content\/uploads\/2024\/06\/Story-2-1.png\" alt=\"\" class=\"wp-image-71047 size-full\" srcset=\"https:\/\/wpvip.tgalpha.com\/wp-content\/uploads\/2024\/06\/Story-2-1.png 451w, https:\/\/wpvip.tgalpha.com\/wp-content\/uploads\/2024\/06\/Story-2-1.png?resize=150,150 150w, https:\/\/wpvip.tgalpha.com\/wp-content\/uploads\/2024\/06\/Story-2-1.png?resize=300,300 300w\" sizes=\"auto, (max-width: 451px) 100vw, 451px\" \/><\/figure><\/div>\n<\/div><\/section>\n\n\n\n<section class=\"wp-block-tg-story-text-and-image container-fluid story-text-and-image story-text-and-image--yellow-circle-left\"><div class=\"container\">\n<div class=\"wp-block-media-text is-stacked-on-mobile story-text-and-image__container\"><figure class=\"wp-block-media-text__media\"><img loading=\"lazy\" decoding=\"async\" width=\"451\" height=\"451\" src=\"https:\/\/wpvip.tgalpha.com\/wp-content\/uploads\/2024\/06\/Story-3-1.png\" alt=\"\" class=\"wp-image-71058 size-full\" srcset=\"https:\/\/wpvip.tgalpha.com\/wp-content\/uploads\/2024\/06\/Story-3-1.png 451w, https:\/\/wpvip.tgalpha.com\/wp-content\/uploads\/2024\/06\/Story-3-1.png?resize=150,150 150w, https:\/\/wpvip.tgalpha.com\/wp-content\/uploads\/2024\/06\/Story-3-1.png?resize=300,300 300w\" sizes=\"auto, (max-width: 451px) 100vw, 451px\" \/><\/figure><div class=\"wp-block-media-text__content\">\n<h3 class=\"wp-block-heading story-text-and-image__heading has-blue-900-color has-text-color\">Trudne pocz\u0105tki<\/h3>\n\n\n\n<p>Za\u0142o\u017cenie firmy nie jest \u0142atwe. My te\u017c nie byli\u015bmy wyj\u0105tkiem. Sze\u015b\u0107 miesi\u0119cy starali\u015bmy si\u0119 o licencj\u0119. Kolejne cztery miesi\u0105ce szukali\u015bmy banku, kt\u00f3ry chcia\u0142by z nami wsp\u00f3\u0142pracowa\u0107. Roczne oszcz\u0119dno\u015bci &#8211; znikn\u0119\u0142y. Kiedy sytuacja zaczyna\u0142a si\u0119 poprawia\u0107 i otrzymywali\u015bmy ju\u017c pozytywne opinie od klient\u00f3w, spotka\u0142 nas kolejny cios.<\/p>\n\n\n\n<p>Mimo \u017ce byli\u015bmy licencjonowan\u0105, w pe\u0142ni zgodn\u0105 z prawem instytucj\u0105 finansow\u0105, otrzymali\u015bmy list od naszego banku, w kt\u00f3rym poinformowano nas o zako\u0144czeniu wsp\u00f3\u0142pracy. Bez powodu. Bez \u017cadnego uzasadnienia. Zrobili to, bo mogli. Kiedy zapytali\u015bmy dlaczego, powiedziano nam, \u017ce nie mog\u0105 udziela\u0107 takich informacji, bo to wbrew ich polityce. Mieli\u015bmy 90 dni, aby uratowa\u0107 firm\u0119.<\/p>\n\n\n\n<p>Wiedzieli\u015bmy, \u017ce TransferGo ma znacz\u0105cy wp\u0142yw na \u017cycie naszych klient\u00f3w i nie chcieli\u015bmy z tego rezygnowa\u0107. W sam\u0105 por\u0119 uda\u0142o nam si\u0119 znale\u017a\u0107 bank, kt\u00f3ry zdecydowa\u0142 si\u0119 z nami wsp\u00f3\u0142pracowa\u0107. Firma przetrwa\u0142a. Od tamtej pory, ka\u017cdego roku byli\u015bmy w stanie pom\u00f3c wysy\u0142a\u0107 pieni\u0105dze jeszcze wi\u0119kszej liczbie os\u00f3b.<\/p>\n<\/div><\/div>\n<\/div><\/section>\n\n\n\n<section class=\"wp-block-tg-story-text-and-image container-fluid story-text-and-image story-text-and-image--none\"><div class=\"container\">\n<div class=\"wp-block-media-text has-media-on-the-right is-stacked-on-mobile story-text-and-image__container\"><div class=\"wp-block-media-text__content\">\n<h3 class=\"wp-block-heading story-text-and-image__heading has-blue-900-color has-text-color\">Droga do sukcesu<\/h3>\n\n\n\n<p>Por\u00f3wnuj\u0105c nasze trudne pocz\u0105tki i obecn\u0105 sytuacj\u0119, widzimy znacz\u0105c\u0105 zmian\u0119 postawy. Banki s\u0105 bardziej sk\u0142onne do wsp\u00f3\u0142pracy z innowacyjnymi firmami fintech. Obecnie wsp\u00f3\u0142pracujemy z ponad 30 bankami na ca\u0142ym \u015bwiecie. To ca\u0142kiem  spora transformacja bior\u0105c pod uwag\u0119 trudno\u015bci ze znalezieniem cho\u0107by jednego na pocz\u0105tku.<\/p>\n\n\n\n<p>Doceniamy, \u017ce nas zauwa\u017cono. Zostali\u015bmy nominowani do nagrody Fastest Rising Start-up na TechCrunch Europa Awards 2018 i uznani przez TNW za jedn\u0105 z 5 najszybciej rozwijaj\u0105cych si\u0119 firm w Wielkiej Brytanii.<\/p>\n\n\n\n<p>Ale to w\u0142a\u015bnie Wam chcieliby\u015bmy podzi\u0119kowa\u0107. Wszystkim tym, kt\u00f3rzy nieustannie ci\u0119\u017cko pracuj\u0105, aby wspiera\u0107 swoj\u0105 rodzin\u0119 i utrzyma\u0107 gospodark\u0119. To dla Was stworzyli\u015bmy TransferGo.<\/p>\n<\/div><figure class=\"wp-block-media-text__media\"><img loading=\"lazy\" decoding=\"async\" width=\"450\" height=\"442\" src=\"https:\/\/wpvip.tgalpha.com\/wp-content\/uploads\/2024\/06\/Story-4-1.png\" alt=\"\" class=\"wp-image-71069 size-full\" srcset=\"https:\/\/wpvip.tgalpha.com\/wp-content\/uploads\/2024\/06\/Story-4-1.png 450w, https:\/\/wpvip.tgalpha.com\/wp-content\/uploads\/2024\/06\/Story-4-1.png?resize=300,295 300w\" sizes=\"auto, (max-width: 450px) 100vw, 450px\" \/><\/figure><\/div>\n<\/div><\/section>\n\n\n\n<section class=\"wp-block-tg-story-text-and-image container-fluid story-text-and-image story-text-and-image--blue-rectangle-right\"><div class=\"container\">\n<div class=\"wp-block-media-text is-stacked-on-mobile story-text-and-image__container\"><figure class=\"wp-block-media-text__media\"><img loading=\"lazy\" decoding=\"async\" width=\"450\" height=\"442\" src=\"https:\/\/wpvip.tgalpha.com\/wp-content\/uploads\/2024\/06\/Story-5-1.png\" alt=\"\" class=\"wp-image-71080 size-full\" srcset=\"https:\/\/wpvip.tgalpha.com\/wp-content\/uploads\/2024\/06\/Story-5-1.png 450w, https:\/\/wpvip.tgalpha.com\/wp-content\/uploads\/2024\/06\/Story-5-1.png?resize=300,295 300w\" sizes=\"auto, (max-width: 450px) 100vw, 450px\" \/><\/figure><div class=\"wp-block-media-text__content\">\n<h3 class=\"wp-block-heading story-text-and-image__heading has-blue-900-color has-text-color\">Jasna przysz\u0142o\u015b\u0107<\/h3>\n\n\n\n<p class=\"story-text-and-image__paragraph has-blue-900-color has-text-color has-medium-font-size\">Od 2012 roku przeszli\u015bmy d\u0142ug\u0105 drog\u0119 , ale to dopiero pocz\u0105tek. Mamy wiele plan\u00f3w na nadchodz\u0105ce miesi\u0105ce. Otwieramy si\u0119 na nowe rynki, nowe waluty, wi\u0119cej produkt\u00f3w i wi\u0119cej ofert. Chcemy dotrze\u0107 do jeszcze wi\u0119kszej liczby z Was. Ka\u017cdy zas\u0142uguje na to, aby m\u00f3c wysy\u0142a\u0107 ci\u0119\u017cko zarobione pieni\u0105dze do domu szybko, tanio i \u0142atwo. Jeste\u015bmy po to, by Wam to umo\u017cliwi\u0107.<\/p>\n\n\n\n<div class=\"wp-block-button\"><a class=\"wp-block-button__link wp-element-button\" href=\"https:\/\/app.transfergo.com\/pl\/user\/login\" target=\"_blank\" rel=\"noopener\">Wy\u015blij pieni\u0105dze teraz<\/a><\/div>\n<\/div><\/div>\n<\/div><\/section>\n","protected":false},"excerpt":{"rendered":"<p>Ca\u0142a historia Jak to wszystko si\u0119 zacz\u0119\u0142o<\/p>\n","protected":false},"author":7,"featured_media":0,"parent":0,"menu_order":0,"comment_status":"closed","ping_status":"closed","template":"","meta":{"hideMenuColor":false,"footnotes":""},"class_list":["post-242128","page","type-page","status-publish","hentry"],"jetpack_sharing_enabled":true,"hideMenuColor":false,"_links":{"self":[{"href":"https:\/\/wpvip.tgalpha.com\/pl\/wp-json\/wp\/v2\/pages\/242128","targetHints":{"allow":["GET"]}}],"collection":[{"href":"https:\/\/wpvip.tgalpha.com\/pl\/wp-json\/wp\/v2\/pages"}],"about":[{"href":"https:\/\/wpvip.tgalpha.com\/pl\/wp-json\/wp\/v2\/types\/page"}],"author":[{"embeddable":true,"href":"https:\/\/wpvip.tgalpha.com\/pl\/wp-json\/wp\/v2\/users\/7"}],"replies":[{"embeddable":true,"href":"https:\/\/wpvip.tgalpha.com\/pl\/wp-json\/wp\/v2\/comments?post=242128"}],"version-history":[{"count":1,"href":"https:\/\/wpvip.tgalpha.com\/pl\/wp-json\/wp\/v2\/pages\/242128\/revisions"}],"predecessor-version":[{"id":248767,"href":"https:\/\/wpvip.tgalpha.com\/pl\/wp-json\/wp\/v2\/pages\/242128\/revisions\/248767"}],"wp:attachment":[{"href":"https:\/\/wpvip.tgalpha.com\/pl\/wp-json\/wp\/v2\/media?parent=242128"}],"curies":[{"name":"wp","href":"https:\/\/api.w.org\/{rel}","templated":true}]}}