{"id":1408,"date":"2022-08-09T15:21:13","date_gmt":"2022-08-09T15:21:13","guid":{"rendered":"https:\/\/pl.transfergo.wpengine.com\/privacy-policy"},"modified":"2025-10-14T10:33:51","modified_gmt":"2025-10-14T10:33:51","slug":"polityka-prywatnosci","status":"publish","type":"page","link":"https:\/\/wpvip.tgalpha.com\/pl\/polityka-prywatnosci","title":{"rendered":"Polityka prywatno\u015bci"},"content":{"rendered":"\n<section class=\"wp-block-tg-privacy-policy-hero privacy-policy-hero container-fluid alignfull\" align=\"full\"><div class=\"container\">\n<h1 class=\"wp-block-heading has-text-align-center privacy-policy-hero__title has-blue-900-color has-text-color\">Polityka Prywatno\u015bci<br>TransferGo<\/h1>\n\n\n\n<p class=\"has-text-align-center privacy-policy-hero__text has-blue-900-color has-text-color has-medium-font-size\">Przedzieranie si\u0119 przez g\u0105szcz dokumentacji prawnej to \u017cadna frajda. Dlatego Twoje prawa w zakresie prywatno\u015bci prezentujemy na jednej stronie.<\/p>\n<\/div><\/section>\n\n\n\n<section class=\"wp-block-tg-privacy-policy-cards-repeater privacy-policy-cards-repeater container-fluid\"><div class=\"container\"><div class=\"privacy-policy-cards-repeater__wrapper\">\n<div class=\"wp-block-tg-privacy-policy-small-card privacy-policy-small-card\">\n<h3 class=\"wp-block-heading has-text-align-left privacy-policy-small-card__title has-blue-900-color has-text-color\">Masz prawo\u2026<\/h3>\n\n\n\n<div class=\"wp-block-button privacy-policy-small-card__button is-style-button-blue-with-arrow-no-background\"><a class=\"wp-block-button__link has-text-align-center wp-element-button\" href=\"https:\/\/wpvip.tgalpha.com\/pl\/polityka-prywatnosci\/pelny#your-rights\">Dowiedz si\u0119 wi\u0119cej na temat swoich praw<\/a><\/div>\n\n\n\n<ul class=\"wp-block-list privacy-policy-small-card__list is-style-with-circle-icon has-blue-900-color has-text-color has-medium-font-size\">\n<li>wiedzie\u0107, w jaki spos\u00f3b u\u017cywamy Twoich danych<\/li>\n\n\n\n<li>zapozna\u0107 si\u0119 ze zbieranymi przez nas danymi, poprawi\u0107 je oraz wnioskowa\u0107 o ich usuni\u0119cie<\/li>\n\n\n\n<li>zrezygnowa\u0107 z otrzymywania komunikacji marketingowej<\/li>\n\n\n\n<li>do wycofania zgody w ka\u017cdej chwili<\/li>\n<\/ul>\n<\/div>\n\n\n\n<div class=\"wp-block-tg-privacy-policy-small-card privacy-policy-small-card\">\n<h3 class=\"wp-block-heading has-text-align-left privacy-policy-small-card__title has-blue-900-color has-text-color\">Obiecujemy\u2026<\/h3>\n\n\n\n<ul class=\"wp-block-list privacy-policy-small-card__list is-style-with-circle-icon has-blue-900-color has-text-color has-medium-font-size\">\n<li>zapewni\u0107 bezpiecze\u0144stwo i prywatno\u015b\u0107 Twoich danych osobowych<\/li>\n\n\n\n<li>nigdy nie sprzedawa\u0107 Twoich danych<\/li>\n\n\n\n<li>mo\u017cliwo\u015b\u0107 przegl\u0105dania i zarz\u0105dzania swoimi ustawieniami prywatno\u015bci w dowolnym momencie<\/li>\n<\/ul>\n<\/div>\n\n\n\n<div class=\"wp-block-tg-privacy-policy-large-card privacy-policy-large-card\">\n<h3 class=\"wp-block-heading has-text-align-left privacy-policy-large-card__title has-blue-900-color has-text-color\">Jakie dane gromadzimy i kiedy to robimy<\/h3>\n\n\n\n<div class=\"wp-block-button privacy-policy-large-card__button is-style-button-blue-with-arrow-no-background\"><a class=\"wp-block-button__link has-text-align-center wp-element-button\" href=\"https:\/\/wpvip.tgalpha.com\/pl\/polityka-prywatnosci\/pelny#collecting-your-data\">Wi\u0119cej informacji o tym, jakie dane gromadzimy i kiedy to robimy<\/a><\/div>\n\n\n\n<div class=\"wp-block-tg-privacy-policy-card-items-repeater card-items-repeater\">\n<div class=\"wp-block-tg-privacy-policy-card-item card-item\">\n<h5 class=\"wp-block-heading has-text-align-left card-item__title has-blue-900-color has-text-color\">Dane dotycz\u0105ce Ciebie<\/h5>\n\n\n\n<p class=\"has-text-align-left card-item__text has-blue-900-color has-text-color has-medium-font-size\">podczas rejestracji, wype\u0142niania formularzy lub kontaktu z nami<\/p>\n<\/div>\n\n\n\n<div class=\"wp-block-tg-privacy-policy-card-item card-item\">\n<h5 class=\"wp-block-heading has-text-align-left card-item__title has-blue-900-color has-text-color\">Dane o Twojej lokalizacji<\/h5>\n\n\n\n<p class=\"has-text-align-left card-item__text has-blue-900-color has-text-color has-medium-font-size\">gdy us\u0142ugi lokalizacyjne s\u0105 w\u0142\u0105czone<\/p>\n<\/div>\n\n\n\n<div class=\"wp-block-tg-privacy-policy-card-item card-item\">\n<h5 class=\"wp-block-heading has-text-align-left card-item__title has-blue-900-color has-text-color\">Dane z Twojego urz\u0105dzenia<\/h5>\n\n\n\n<p class=\"has-text-align-left card-item__text has-blue-900-color has-text-color has-medium-font-size\">za ka\u017cdym razem, gdy u\u017cywasz TransferGo<\/p>\n<\/div>\n\n\n\n<div class=\"wp-block-tg-privacy-policy-card-item card-item\">\n<h5 class=\"wp-block-heading has-text-align-left card-item__title has-blue-900-color has-text-color\">Dane od innych<\/h5>\n\n\n\n<p class=\"has-text-align-left card-item__text has-blue-900-color has-text-color has-medium-font-size\">kiedy przesy\u0142asz formularze lub sprawdzamy transakcje<\/p>\n<\/div>\n<\/div>\n<\/div>\n\n\n\n<div class=\"wp-block-tg-privacy-policy-small-card privacy-policy-small-card\">\n<h3 class=\"wp-block-heading has-text-align-left privacy-policy-small-card__title has-blue-900-color has-text-color\">Potrzebujemy Twoich danych\u2026<\/h3>\n\n\n\n<div class=\"wp-block-button privacy-policy-small-card__button is-style-button-blue-with-arrow-no-background\"><a class=\"wp-block-button__link has-text-align-center wp-element-button\" href=\"https:\/\/wpvip.tgalpha.com\/pl\/polityka-prywatnosci\/pelny#how-and-when-we-use-your-data\">Wi\u0119cej o naszych obowi\u0105zkach<\/a><\/div>\n\n\n\n<ul class=\"wp-block-list privacy-policy-small-card__list is-style-with-circle-icon has-blue-900-color has-text-color has-medium-font-size\">\n<li>dla poprawnego dzia\u0142ania naszej aplikacji<\/li>\n\n\n\n<li>w celu ochrony przed oszustwami<\/li>\n\n\n\n<li>aby wy\u015bwietla\u0107 tre\u015bci, kt\u00f3re mog\u0105 Ci si\u0119 spodoba\u0107 (mo\u017cesz zrezygnowa\u0107 z tej opcji)<\/li>\n\n\n\n<li>do ulepszenia naszych us\u0142ug<\/li>\n\n\n\n<li>ze wzgl\u0119d\u00f3w prawnych<\/li>\n<\/ul>\n<\/div>\n\n\n\n<div class=\"wp-block-tg-privacy-policy-small-card privacy-policy-small-card\">\n<h3 class=\"wp-block-heading has-text-align-left privacy-policy-small-card__title has-blue-900-color has-text-color\">Udost\u0119pniamy Twoje dane\u2026<\/h3>\n\n\n\n<div class=\"wp-block-button privacy-policy-small-card__button is-style-button-blue-with-arrow-no-background\"><a class=\"wp-block-button__link has-text-align-center wp-element-button\" href=\"https:\/\/wpvip.tgalpha.com\/pl\/polityka-prywatnosci\/pelny#sharing-your-information-with-others\">Wi\u0119cej o udost\u0119pnianiu danych<\/a><\/div>\n\n\n\n<ul class=\"wp-block-list privacy-policy-small-card__list is-style-with-circle-icon has-blue-900-color has-text-color has-medium-font-size\">\n<li>dostawawcom us\u0142ug (np. zewn\u0119trznym firmom, kt\u00f3re zajmuj\u0105 si\u0119 weryfikacj\u0105 dokument\u00f3w to\u017csamo\u015bci)<\/li>\n\n\n\n<li>ze wzgl\u0119d\u00f3w prawnych<\/li>\n\n\n\n<li>platformom medi\u00f3w spo\u0142eczno\u015bciowych<\/li>\n<\/ul>\n<\/div>\n\n\n\n<div class=\"wp-block-tg-privacy-policy-large-card privacy-policy-large-card\">\n<h3 class=\"wp-block-heading has-text-align-left privacy-policy-large-card__title has-blue-900-color has-text-color\">Warto te\u017c wiedzie\u0107, \u017ce\u2026<\/h3>\n\n\n\n<div class=\"wp-block-button privacy-policy-large-card__button is-style-button-blue-with-arrow-no-background\"><a class=\"wp-block-button__link has-text-align-center wp-element-button\" href=\"https:\/\/wpvip.tgalpha.com\/pl\/polityka-prywatnosci\/pelny#protecting-your-personal-data\">Wi\u0119cej na ten temat<\/a><\/div>\n\n\n\n<div class=\"wp-block-tg-privacy-policy-card-items-repeater card-items-repeater\">\n<div class=\"wp-block-tg-privacy-policy-card-item card-item\">\n<h5 class=\"wp-block-heading has-text-align-left card-item__title has-blue-900-color has-text-color\">U\u017cywamy plik\u00f3w cookies<\/h5>\n\n\n\n<p class=\"has-text-align-left card-item__text has-blue-900-color has-text-color has-medium-font-size\">aby poprawi\u0107 Twoje wra\u017cenia<\/p>\n<\/div>\n\n\n\n<div class=\"wp-block-tg-privacy-policy-card-item card-item\">\n<h5 class=\"wp-block-heading has-text-align-left card-item__title has-blue-900-color has-text-color\">Przechowujemy Twoje dane<\/h5>\n\n\n\n<p class=\"has-text-align-left card-item__text has-blue-900-color has-text-color has-medium-font-size\">przez okres do 8 lat (zgodnie z prawem)<\/p>\n<\/div>\n\n\n\n<div class=\"wp-block-tg-privacy-policy-card-item card-item\">\n<h5 class=\"wp-block-heading has-text-align-left card-item__title has-blue-900-color has-text-color\">Chronimy Twoje dane<\/h5>\n\n\n\n<p class=\"has-text-align-left card-item__text has-blue-900-color has-text-color has-medium-font-size\">za pomoc\u0105 silnych zabezpiecze\u0144<\/p>\n<\/div>\n<\/div>\n<\/div>\n<\/div><\/div><\/section>\n\n\n\n<section class=\"wp-block-tg-privacy-policy-text privacy-policy-text container-fluid\"><div class=\"container\">\n<p class=\"has-text-align-center privacy-policy-text__text has-blue-900-color has-text-color\">Masz pytania dotycz\u0105ce Twojej prywatno\u015bci? Napisz do nas na&nbsp;<a href=\"mailto:dpo@transfergo.com\"><mark class=\"has-inline-color has-blue-500-color\">dpo@transfergo.com<\/mark><\/a>. Chcesz z\u0142o\u017cy\u0107 skarg\u0119 na nasze post\u0119powanie? Skontaktuj si\u0119 z lokalnym inspektorem ds. ochrony danych.<br><\/p>\n<\/div><\/section>\n","protected":false},"excerpt":{"rendered":"","protected":false},"author":1,"featured_media":718153,"parent":0,"menu_order":0,"comment_status":"closed","ping_status":"closed","template":"page-with-short-footer","meta":{"hideMenuColor":true,"footnotes":""},"class_list":["post-1408","page","type-page","status-publish","has-post-thumbnail","hentry"],"jetpack_sharing_enabled":true,"hideMenuColor":"1","_links":{"self":[{"href":"https:\/\/wpvip.tgalpha.com\/pl\/wp-json\/wp\/v2\/pages\/1408","targetHints":{"allow":["GET"]}}],"collection":[{"href":"https:\/\/wpvip.tgalpha.com\/pl\/wp-json\/wp\/v2\/pages"}],"about":[{"href":"https:\/\/wpvip.tgalpha.com\/pl\/wp-json\/wp\/v2\/types\/page"}],"author":[{"embeddable":true,"href":"https:\/\/wpvip.tgalpha.com\/pl\/wp-json\/wp\/v2\/users\/1"}],"replies":[{"embeddable":true,"href":"https:\/\/wpvip.tgalpha.com\/pl\/wp-json\/wp\/v2\/comments?post=1408"}],"version-history":[{"count":1,"href":"https:\/\/wpvip.tgalpha.com\/pl\/wp-json\/wp\/v2\/pages\/1408\/revisions"}],"predecessor-version":[{"id":253752,"href":"https:\/\/wpvip.tgalpha.com\/pl\/wp-json\/wp\/v2\/pages\/1408\/revisions\/253752"}],"wp:featuredmedia":[{"embeddable":true,"href":"https:\/\/wpvip.tgalpha.com\/pl\/wp-json\/wp\/v2\/media\/718153"}],"wp:attachment":[{"href":"https:\/\/wpvip.tgalpha.com\/pl\/wp-json\/wp\/v2\/media?parent=1408"}],"curies":[{"name":"wp","href":"https:\/\/api.w.org\/{rel}","templated":true}]}}