{"id":840330,"date":"2025-12-09T15:22:56","date_gmt":"2025-12-09T15:22:56","guid":{"rendered":"https:\/\/wpvip.tgalpha.com\/?page_id=840330"},"modified":"2025-12-10T10:21:25","modified_gmt":"2025-12-10T10:21:25","slug":"virtualais-iban","status":"publish","type":"page","link":"https:\/\/wpvip.tgalpha.com\/lv\/virtualais-iban","title":{"rendered":"Virtual IBAN (iBAN)"},"content":{"rendered":"\n<section class=\"wp-block-tg-terms-and-conditions-hero terms-and-conditions-hero container-fluid alignfull\" align=\"full\"><div class=\"container\">\n<h1 class=\"wp-block-heading has-text-align-center terms-and-conditions-hero__title has-blue-900-color has-text-color\"><strong><strong><strong><strong>Izpratne par j\u016bsu virtu\u0101lo IBAN (vIBAN) p\u0101rskait\u012bjumiem<\/strong><\/strong><\/strong><\/strong><\/h1>\n<\/div><\/section>\n\n\n\n<section class=\"wp-block-tg-terms-and-conditions-main-content terms-and-conditions-main-content container-fluid\"><div class=\"container\">\n<p>Kad veicat vai sa\u0146emat starptautiskus p\u0101rskait\u012bjumus ar TransferGo starpniec\u012bbu, jums var tikt pie\u0161\u0137irts virtu\u0101ls IBAN (vIBAN).<\/p>\n\n\n\n<p>vIBAN darbojas l\u012bdz\u012bgi k\u0101 parasts IBAN, ta\u010du, t\u0101 viet\u0101 lai p\u0101rst\u0101v\u0113tu atsevi\u0161\u0137u bankas kontu, tas ir unik\u0101ls identifikators, kas ir piesaist\u012bts j\u016bsu TransferGo kontam.<\/p>\n\n\n\n<p>Tas \u013cauj sa\u0146emt naudu uz j\u016bsu v\u0101rda, konkr\u0113t\u0101 val\u016bt\u0101, un pal\u012bdz TransferGo \u0101tri un prec\u012bzi novirz\u012bt l\u012bdzek\u013cus.<\/p>\n\n\n\n<h2 class=\"wp-block-heading has-x-large-font-size\"><strong>Kur\u0161 izsniedz j\u016bsu vIBAN EUR val\u016btai?<\/strong><\/h2>\n\n\n\n<p>J\u016bsu vIBAN izsniedz un p\u0101rvalda LHV Pank, licenc\u0113ta Igaunijas kred\u012btiest\u0101de, ko regul\u0113 Igaunijas Banka (Eesti Pank).<\/p>\n\n\n\n<p>LHV Pank sadarbojas ar TransferGo, lai nodro\u0161in\u0101tu noteiktus bankas pakalpojumus, tostarp vIBAN veido\u0161anu, ko izmanto p\u0101rskait\u012bjumu nos\u016bt\u012b\u0161anai un sa\u0146em\u0161anai.<\/p>\n\n\n\n<h2 class=\"wp-block-heading has-x-large-font-size\"><strong>Kur\u0161 izsniedz j\u016bsu vIBAN PLN val\u016btai?<\/strong><\/h2>\n\n\n\n<p>J\u016bsu vIBAN izsniedz un p\u0101rvalda Santander Bank Polska S.A., licenc\u0113ta Polijas kred\u012btiest\u0101de, ko regul\u0113 Polijas finan\u0161u uzraugs (Komisja Nadzoru Finansowego).<\/p>\n\n\n\n<p>Santander Bank Polska S.A. sadarbojas ar TransferGo, lai nodro\u0161in\u0101tu noteiktus bankas pakalpojumus, tostarp vIBAN veido\u0161anu, ko izmanto p\u0101rskait\u012bjumu nos\u016bt\u012b\u0161anai un sa\u0146em\u0161anai.<\/p>\n\n\n\n<h2 class=\"wp-block-heading has-x-large-font-size\"><strong><strong>Kur\u0161 izsniedz j\u016bsu vIBAN USD val\u016btai?<\/strong><\/strong><\/h2>\n\n\n\n<p>J\u016bsu vIBAN izsniedz un p\u0101rvalda Santander Bank Polska S.A., licenc\u0113ta Polijas kred\u012btiest\u0101de, ko regul\u0113 Polijas finan\u0161u uzraugs (Komisja Nadzoru Finansowego).<\/p>\n\n\n\n<p>Santander Bank Polska S.A. sadarbojas ar TransferGo, lai nodro\u0161in\u0101tu noteiktus bankas pakalpojumus, tostarp vIBAN veido\u0161anu, ko izmanto p\u0101rskait\u012bjumu nos\u016bt\u012b\u0161anai un sa\u0146em\u0161anai.<\/p>\n\n\n\n<h2 class=\"wp-block-heading has-x-large-font-size\"><strong><strong>Kur\u0161 izsniedz j\u016bsu vIBAN GBP val\u016btai?<\/strong><\/strong><\/h2>\n\n\n\n<p>J\u016bsu vIBAN izsniedz un p\u0101rvalda LHV Bank Limited, finan\u0161u iest\u0101de, kuru ir pilnvarojusi Prudential Regulation Authority. LHV Bank sadarbojas ar TransferGo, lai nodro\u0161in\u0101tu noteiktus bankas pakalpojumus, tostarp vIBAN veido\u0161anu, ko izmanto p\u0101rskait\u012bjumu nos\u016bt\u012b\u0161anai un sa\u0146em\u0161anai.<\/p>\n\n\n\n<h2 class=\"wp-block-heading has-x-large-font-size\"><strong>Ko tas noz\u012bm\u0113 jums<\/strong><\/h2>\n\n\n\n<p>T\u0101 k\u0101 j\u016bsu vIBAN tiek nodro\u0161in\u0101ts, izmantojot \u0161\u012bs bankas, l\u016bdzu, \u0146emiet v\u0113r\u0101, ka:<\/p>\n\n\n\n<ul class=\"wp-block-list\">\n<li>\u2022 Da\u017eiem pakalpojumiem ir piem\u0113rojama to jurisdikcija un regul\u0113jums.<\/li>\n\n\n\n<li>\u2022 J\u016bsu TransferGo konts turpina darboties k\u0101 parasti, ta\u010du maks\u0101jumiem, kas tiek veikti uz j\u016bsu vIBAN vai no t\u0101, ir j\u0101iev\u0113ro noteikumi, kas attiecas uz \u0161o banku kontiem.<\/li>\n\n\n\n<li>\u2022 \u0160\u0101da strukt\u016bra pal\u012bdz TransferGo nodro\u0161in\u0101t \u0101trus, uzticamus un lok\u0101lam l\u012bmenim l\u012bdz\u012bgus p\u0101rskait\u012bjumus eiro (EUR), Polijas zlotos (PLN), ASV dol\u0101ros (USD) un Lielbrit\u0101nijas m\u0101rci\u0146\u0101s (GBP).<\/li>\n\n\n\n<li><\/li>\n<\/ul>\n\n\n\n<p><strong>Svar\u012bgi<\/strong>:<strong> <\/strong>lai gan j\u016bsu vIBAN izsniedz \u0161\u012bs bankas, l\u012bdzek\u013ci j\u016bsu TransferGo kont\u0101 joproj\u0101m tiek glab\u0101ti dro\u0161i un aizsarg\u0101ti atbilsto\u0161i vis\u0101m regulat\u012bvaj\u0101m pras\u012bb\u0101m.<\/p>\n<\/div><\/section>\n","protected":false},"excerpt":{"rendered":"","protected":false},"author":7,"featured_media":0,"parent":0,"menu_order":0,"comment_status":"closed","ping_status":"closed","template":"","meta":{"hideMenuColor":false,"footnotes":""},"class_list":["post-840330","page","type-page","status-publish","hentry"],"jetpack_sharing_enabled":true,"hideMenuColor":false,"_links":{"self":[{"href":"https:\/\/wpvip.tgalpha.com\/lv\/wp-json\/wp\/v2\/pages\/840330","targetHints":{"allow":["GET"]}}],"collection":[{"href":"https:\/\/wpvip.tgalpha.com\/lv\/wp-json\/wp\/v2\/pages"}],"about":[{"href":"https:\/\/wpvip.tgalpha.com\/lv\/wp-json\/wp\/v2\/types\/page"}],"author":[{"embeddable":true,"href":"https:\/\/wpvip.tgalpha.com\/lv\/wp-json\/wp\/v2\/users\/7"}],"replies":[{"embeddable":true,"href":"https:\/\/wpvip.tgalpha.com\/lv\/wp-json\/wp\/v2\/comments?post=840330"}],"version-history":[{"count":1,"href":"https:\/\/wpvip.tgalpha.com\/lv\/wp-json\/wp\/v2\/pages\/840330\/revisions"}],"predecessor-version":[{"id":840331,"href":"https:\/\/wpvip.tgalpha.com\/lv\/wp-json\/wp\/v2\/pages\/840330\/revisions\/840331"}],"wp:attachment":[{"href":"https:\/\/wpvip.tgalpha.com\/lv\/wp-json\/wp\/v2\/media?parent=840330"}],"curies":[{"name":"wp","href":"https:\/\/api.w.org\/{rel}","templated":true}]}}