{"id":720982,"date":"2025-10-16T09:18:00","date_gmt":"2025-10-16T09:18:00","guid":{"rendered":"https:\/\/wpvip.tgalpha.com\/?page_id=720982"},"modified":"2025-11-04T14:25:53","modified_gmt":"2025-11-04T14:25:53","slug":"iban-parbauditajs","status":"publish","type":"page","link":"https:\/\/wpvip.tgalpha.com\/lv\/iban-parbauditajs","title":{"rendered":"IBAN"},"content":{"rendered":"\n<section class=\"wp-block-tg-hero-with-half-background hero-with-half-background container-fluid alignfull has-blue-500-background-color has-background\" align=\"full\"><div class=\"container\">\n<div class=\"wp-block-group hero-with-half-background__text-wrapper is-layout-flow wp-block-group-is-layout-flow\">\n<h1 class=\"wp-block-heading has-text-align-center hero-with-half-background__heading is-style-h1-higher-header-style has-bw-100-color has-text-color\">IBAN p\u0101rbaud\u012bt\u0101js<\/h1>\n\n\n\n<p class=\"has-text-align-center hero-with-half-background__paragraph has-bw-100-color has-text-color\">P\u0101rbaudiet savu IBAN uzreiz ar TransferGo IBAN p\u0101rbaud\u012bt\u0101ju. Pirms naudas nos\u016bt\u012b\u0161anas uz \u0101rzem\u0113m p\u0101rliecinieties, ka j\u016bsu IBAN ir pareiz\u0101 form\u0101t\u0101.<\/p>\n<\/div>\n\n\n\n<div class=\"wp-block-group hero-with-half-background__content-wrapper has-bw-200-background-color has-background is-layout-flow wp-block-group-is-layout-flow\">\n<p class=\"has-text-align-center hero-with-half-background__content-heading is-style-h5-higher-header-style has-blue-500-color has-text-color\">IBAN p\u0101rbaud\u012bt\u0101js dr\u012bzum\u0101 b\u016bs pieejams.<\/p>\n\n\n\n<p class=\"has-text-align-center hero-with-half-background__content-paragraph is-style-h6-higher-header-style has-blue-900-color has-text-color\">M\u0113s str\u0101d\u0101jam pie r\u012bka, kas \u013caus valid\u0113t un apr\u0113\u0137in\u0101t IBAN kodus tie\u0161i TransferGo platform\u0101. Tikm\u0113r, l\u016bdzu, izmantojiet <a href=\"https:\/\/www.iban.com\/\" target=\"_blank\" rel=\"noopener\">IBAN.com<\/a>.<\/p>\n\n\n\n<div class=\"wp-block-buttons hero-with-half-background__content-buttons-wrapper is-content-justification-center is-layout-flex wp-container-core-buttons-is-layout-a89b3969 wp-block-buttons-is-layout-flex\">\n<div class=\"wp-block-button hero-with-half-background__content-button\"><a class=\"wp-block-button__link wp-element-button\" href=\"https:\/\/www.iban.com\/\" target=\"_blank\" rel=\"noopener\">Dodieties uz IBAN.com<\/a><\/div>\n<\/div>\n<\/div>\n<\/div><\/section>\n\n\n\n<section class=\"wp-block-tg-fullwidth-swift-banner fullwidth-swift-banner container-fluid has-background alignfull is-style-iban-banner\" align=\"full\"><div class=\"container\">\n<div class=\"wp-block-columns fullwidth-swift-banner__columns is-layout-flex wp-container-core-columns-is-layout-28f84493 wp-block-columns-is-layout-flex\">\n<div class=\"wp-block-column is-vertically-aligned-center fullwidth-swift-banner__column fullwidth-swift-banner__column--left is-layout-flow wp-block-column-is-layout-flow\">\n<h2 class=\"wp-block-heading has-text-align-left fullwidth-swift-banner__heading is-style-bold-header-style has-blue-900-color has-text-color\"><mark style=\"background-color:rgba(0, 0, 0, 0)\" class=\"has-inline-color has-blue-500-color\">Kas ir IBAN numurs un k\u0101 tas izskat\u0101s?<\/mark><\/h2>\n\n\n\n<p class=\"has-text-align-left fullwidth-swift-banner__paragraph has-blue-900-color has-text-color\"><strong>IBAN (International Bank Account Number)<\/strong> ir unik\u0101ls identifikators, ko izmanto starptautiskajos maks\u0101jumos. Tas nodro\u0161ina, ka j\u016bsu nauda non\u0101k pareizaj\u0101 bank\u0101 un kont\u0101..<\/p>\n<\/div>\n\n\n\n<div class=\"wp-block-column is-vertically-aligned-center fullwidth-swift-banner__column fullwidth-swift-banner__column--right is-layout-flow wp-block-column-is-layout-flow\">\n<div class=\"wp-block-group fullwidth-swift-banner__swift-container has-bw-200-background-color has-background is-layout-flow wp-block-group-is-layout-flow\">\n<p class=\"has-text-align-center fullwidth-swift-banner__swift-heading is-style-h6-higher-header-style no-margin has-blue-900-color has-text-color\">IBAN parasti ietver:<\/p>\n\n\n\n<div class=\"wp-block-group fullwidth-swift-banner__swift-example-wrapper no-margin is-layout-flow wp-block-group-is-layout-flow\">\n<p class=\"has-text-align-center fullwidth-swift-banner__swift-example no-margin has-blue-900-color has-text-color has-medium-font-size\">Divburtu valsts kodu<\/p>\n\n\n\n<p class=\"has-text-align-center fullwidth-swift-banner__swift-example-code is-style-h5-higher-header-style no-margin has-blue-900-color has-blue-50-background-color has-text-color has-background\">GB<\/p>\n<\/div>\n\n\n\n<div class=\"wp-block-group fullwidth-swift-banner__swift-bank-wrapper no-margin is-layout-flow wp-block-group-is-layout-flow\">\n<p class=\"has-text-align-center fullwidth-swift-banner__swift-bank no-margin has-blue-900-color has-text-color has-medium-font-size\">Divus kontroles ciparus<\/p>\n\n\n\n<p class=\"has-text-align-center fullwidth-swift-banner__swift-bank-code is-style-h6-higher-header-style no-margin has-blue-900-color has-blue-50-background-color has-text-color has-background\">12<\/p>\n<\/div>\n\n\n\n<div class=\"wp-block-group fullwidth-swift-banner__swift-country-wrapper no-margin is-layout-flow wp-block-group-is-layout-flow\">\n<p class=\"has-text-align-center fullwidth-swift-banner__swift-country no-margin has-blue-900-color has-text-color has-medium-font-size\">Bankas kodu<\/p>\n\n\n\n<p class=\"has-text-align-center fullwidth-swift-banner__swift-country-code is-style-h6-higher-header-style no-margin has-blue-900-color has-blue-50-background-color has-text-color has-background\">ABCD<\/p>\n<\/div>\n\n\n\n<div class=\"wp-block-group fullwidth-swift-banner__swift-location-wrapper no-margin is-layout-flow wp-block-group-is-layout-flow\">\n<p class=\"has-text-align-center fullwidth-swift-banner__swift-location no-margin has-blue-900-color has-text-color has-medium-font-size\">un fili\u0101les identifikatoru<\/p>\n\n\n\n<p class=\"has-text-align-center fullwidth-swift-banner__swift-location-code is-style-h6-higher-header-style no-margin has-blue-900-color has-blue-50-background-color has-text-color has-background\">123***<\/p>\n<\/div>\n\n\n\n<div class=\"wp-block-group fullwidth-swift-banner__swift-branch-wrapper no-margin is-layout-flow wp-block-group-is-layout-flow\">\n<p class=\"has-text-align-center fullwidth-swift-banner__swift-branch no-margin has-blue-900-color has-text-color has-medium-font-size\">Sa\u0146\u0113m\u0113ja konta numuru<\/p>\n\n\n\n<p class=\"has-text-align-center fullwidth-swift-banner__swift-branch-code is-style-h6-higher-header-style no-margin has-blue-900-color has-blue-50-background-color has-text-color has-background\">123*****<\/p>\n<\/div>\n<\/div>\n<\/div>\n<\/div>\n<\/div><\/section>\n\n\n\n<section class=\"wp-block-tg-iban-examples iban-examples container-fluid alignfull\" align=\"full\"><div class=\"container\">\n<h2 class=\"wp-block-heading has-text-align-center iban-examples__heading is-style-bold-header-style has-blue-900-color has-text-color\">IBAN piem\u0113ri un strukt\u016bra<\/h2>\n\n\n\n<p class=\"has-text-align-center iban-examples__subheading is-style-h6-higher-header-style has-blue-900-color has-text-color\">L\u016bk, da\u017ei IBAN form\u0101ti:<\/p>\n\n\n\n<div class=\"wp-block-group iban-examples__examples-wrapper has-bw-300-background-color has-background is-layout-flow wp-block-group-is-layout-flow\">\n<div class=\"wp-block-group iban-examples__titles-wrapper is-layout-flow wp-block-group-is-layout-flow\">\n<p class=\"has-text-align-left iban-examples__title iban-examples__title--country has-bw-700-color has-text-color\"><strong>Country<\/strong><\/p>\n\n\n\n<p class=\"has-text-align-left iban-examples__title iban-examples__title--code has-bw-700-color has-text-color\"><strong>Code<\/strong><\/p>\n<\/div>\n\n\n\n<div class=\"wp-block-group iban-examples__example is-layout-flow wp-block-group-is-layout-flow\">\n<div class=\"wp-block-group iban-examples__example-country-wrapper is-layout-flow wp-block-group-is-layout-flow\">\n<figure class=\"wp-block-image size-full iban-examples__example-flag\"><img decoding=\"async\" src=\"https:\/\/wpvip.tgalpha.com\/wp-content\/plugins\/transfergo-blocks\/assets\/img\/flags\/GB.svg\" alt=\"\"\/><\/figure>\n\n\n\n<p class=\"has-text-align-left iban-examples__example-country has-blue-900-color has-text-color\">Apvienot\u0101 Karaliste<\/p>\n<\/div>\n\n\n\n<p class=\"has-text-align-left iban-examples__example-code has-blue-900-color has-bw-100-background-color has-text-color has-background\"><strong>GB29 NWBK 6016 1331 9268 19<\/strong><\/p>\n<\/div>\n\n\n\n<div class=\"wp-block-group iban-examples__example is-layout-flow wp-block-group-is-layout-flow\">\n<div class=\"wp-block-group iban-examples__example-country-wrapper is-layout-flow wp-block-group-is-layout-flow\">\n<figure class=\"wp-block-image size-full iban-examples__example-flag\"><img decoding=\"async\" src=\"https:\/\/wpvip.tgalpha.com\/wp-content\/plugins\/transfergo-blocks\/assets\/img\/flags\/DE.svg\" alt=\"\"\/><\/figure>\n\n\n\n<p class=\"has-text-align-left iban-examples__example-country has-blue-900-color has-text-color\">V\u0101cija<\/p>\n<\/div>\n\n\n\n<p class=\"has-text-align-left iban-examples__example-code has-blue-900-color has-bw-100-background-color has-text-color has-background\"><strong>DE89 3704 0044 0532 0130 00<\/strong><\/p>\n<\/div>\n\n\n\n<div class=\"wp-block-group iban-examples__example is-layout-flow wp-block-group-is-layout-flow\">\n<div class=\"wp-block-group iban-examples__example-country-wrapper is-layout-flow wp-block-group-is-layout-flow\">\n<figure class=\"wp-block-image size-full iban-examples__example-flag\"><img decoding=\"async\" src=\"https:\/\/wpvip.tgalpha.com\/wp-content\/plugins\/transfergo-blocks\/assets\/img\/flags\/FR.svg\" alt=\"\"\/><\/figure>\n\n\n\n<p class=\"has-text-align-left iban-examples__example-country has-blue-900-color has-text-color\">Francija<\/p>\n<\/div>\n\n\n\n<p class=\"has-text-align-left iban-examples__example-code has-blue-900-color has-bw-100-background-color has-text-color has-background\"><strong>FR14 2004 1010 0505 0001 3M02 606<\/strong><\/p>\n<\/div>\n<\/div>\n\n\n\n<p class=\"has-text-align-center iban-examples__paragraph has-blue-900-color has-text-color\">Katrai valstij ir nedaudz at\u0161\u0137ir\u012bga strukt\u016bra, ta\u010du m\u016bsu IBAN p\u0101rbaud\u012bt\u0101js darbojas visiem.<\/p>\n<\/div><\/section>\n\n\n\n<section class=\"wp-block-tg-media-and-text media-and-text container-fluid alignfull\" align=\"full\"><div class=\"container\">\n<div class=\"wp-block-media-text is-stacked-on-mobile is-vertically-aligned-center media-and-text__container\"><figure class=\"wp-block-media-text__media\"><img loading=\"lazy\" decoding=\"async\" width=\"826\" height=\"628\" src=\"https:\/\/wpvip.tgalpha.com\/wp-content\/uploads\/2025\/10\/media-and-text-image-0.webp\" alt=\"\" class=\"wp-image-719194 size-full\" srcset=\"https:\/\/wpvip.tgalpha.com\/wp-content\/uploads\/2025\/10\/media-and-text-image-0.webp 826w, https:\/\/wpvip.tgalpha.com\/wp-content\/uploads\/2025\/10\/media-and-text-image-0.webp?resize=300,228 300w, https:\/\/wpvip.tgalpha.com\/wp-content\/uploads\/2025\/10\/media-and-text-image-0.webp?resize=768,584 768w\" sizes=\"auto, (max-width: 826px) 100vw, 826px\" \/><\/figure><div class=\"wp-block-media-text__content\">\n<h2 class=\"wp-block-heading has-text-align-left media-and-text__heading is-style-bold-header-style has-blue-900-color has-text-color\">Kad vajadz\u012bgs IBAN?<\/h2>\n\n\n\n<p class=\"has-text-align-left media-and-text__paragraph has-blue-900-color has-text-color\">IBAN b\u016bs nepiecie\u0161ams, kad:<\/p>\n\n\n\n<ul class=\"wp-block-list media-and-text__list is-style-with-circle-icon\">\n<li><strong><strong>S\u016bt\u0101t vai sa\u0146emat naudu uz\/ no \u0101rvalst\u012bm<\/strong><\/strong><\/li>\n\n\n\n<li><strong>Maks\u0101jat starptautiskiem darbuz\u0146\u0113m\u0113jiem vai pieg\u0101d\u0101t\u0101jiem<\/strong><\/li>\n\n\n\n<li><strong>Sa\u0146emat algas vai pensijas no \u0101rzem\u0113m<\/strong><\/li>\n<\/ul>\n<\/div><\/div>\n<\/div><\/section>\n\n\n\n<section class=\"wp-block-tg-media-and-text media-and-text container-fluid alignfull\" align=\"full\"><div class=\"container\">\n<div class=\"wp-block-media-text has-media-on-the-right is-stacked-on-mobile is-vertically-aligned-center media-and-text__container\"><div class=\"wp-block-media-text__content\">\n<h2 class=\"wp-block-heading has-text-align-left media-and-text__heading is-style-bold-header-style has-blue-900-color has-text-color\">Kas notiek, ja izmantojat nepareizu IBAN?<\/h2>\n\n\n\n<p class=\"has-text-align-left media-and-text__paragraph has-blue-900-color has-text-color\">Ja ievad\u0101t nepareizu IBAN, j\u016bsu maks\u0101jums var tikt:<\/p>\n\n\n\n<ul class=\"wp-block-list media-and-text__list is-style-with-circle-icon has-red-50-background-color has-background\">\n<li><strong>Aizkav\u0113ts<\/strong><\/li>\n\n\n\n<li><strong>Noraid\u012bts bank\u0101<\/strong><\/li>\n\n\n\n<li><strong>Nos\u016bt\u012bts uz nepareizu kontu<\/strong><\/li>\n<\/ul>\n<\/div><figure class=\"wp-block-media-text__media\"><img loading=\"lazy\" decoding=\"async\" width=\"826\" height=\"628\" src=\"https:\/\/wpvip.tgalpha.com\/wp-content\/uploads\/2025\/10\/media-and-text-image-1.webp\" alt=\"\" class=\"wp-image-719219 size-full\" srcset=\"https:\/\/wpvip.tgalpha.com\/wp-content\/uploads\/2025\/10\/media-and-text-image-1.webp 826w, https:\/\/wpvip.tgalpha.com\/wp-content\/uploads\/2025\/10\/media-and-text-image-1.webp?resize=300,228 300w, https:\/\/wpvip.tgalpha.com\/wp-content\/uploads\/2025\/10\/media-and-text-image-1.webp?resize=768,584 768w\" sizes=\"auto, (max-width: 826px) 100vw, 826px\" \/><\/figure><\/div>\n<\/div><\/section>\n\n\n\n<section class=\"wp-block-tg-three-column-cards three-column-cards container-fluid alignfull is-style-full-width-images has-blue-500-background-color has-background\" align=\"full\"><div class=\"container\">\n<h2 class=\"wp-block-heading has-text-align-center three-column-cards__heading is-style-bold-xl-header-style has-blue-900-color has-text-color\"><mark style=\"background-color:rgba(0, 0, 0, 0)\" class=\"has-inline-color has-bw-100-color\">Bie\u017e\u0101k\u0101s k\u013c\u016bdas un padomi<\/mark><\/h2>\n\n\n\n<div class=\"wp-block-columns three-column-cards__columns is-layout-flex wp-container-core-columns-is-layout-28f84493 wp-block-columns-is-layout-flex\">\n<div class=\"wp-block-column three-column-cards__column three-column-cards__column--first has-bw-100-background-color has-background is-layout-flow wp-block-column-is-layout-flow\">\n<div class=\"wp-block-group three-column-cards__text-wrapper is-layout-flow wp-block-group-is-layout-flow\">\n<h3 class=\"wp-block-heading has-text-align-left three-column-cards__card-heading is-style-h5-higher-header-style has-blue-900-color has-text-color\">Rakst\u012b\u0161anas k\u013c\u016bdas<\/h3>\n<\/div>\n\n\n\n<p class=\"has-text-align-left three-column-cards__card-paragraph has-blue-900-color has-text-color\">Pat viens nepareizs cipars padara IBAN neder\u012bgu.<\/p>\n\n\n\n<div class=\"wp-block-group three-column-cards__card-image-wrapper is-layout-flow wp-block-group-is-layout-flow\">\n<figure class=\"wp-block-image three-column-cards__card-image\"><img decoding=\"async\" src=\"https:\/\/wpvip.tgalpha.com\/wp-content\/plugins\/transfergo-blocks\/assets\/img\/three-column-cards\/full-width-card-image-0.svg\" alt=\"\"\/><\/figure>\n<\/div>\n<\/div>\n\n\n\n<div class=\"wp-block-column three-column-cards__column three-column-cards__column--second has-bw-100-background-color has-background is-layout-flow wp-block-column-is-layout-flow\">\n<div class=\"wp-block-group three-column-cards__text-wrapper is-layout-flow wp-block-group-is-layout-flow\">\n<h3 class=\"wp-block-heading has-text-align-left three-column-cards__card-heading is-style-h5-higher-header-style has-blue-900-color has-text-color\">Nepareizi form\u0101ti<\/h3>\n<\/div>\n\n\n\n<p class=\"has-text-align-left three-column-cards__card-paragraph has-blue-900-color has-text-color\">Vienm\u0113r p\u0101rbaudiet attiec\u012bg\u0101s valsts pareizo garumu.<\/p>\n\n\n\n<div class=\"wp-block-group three-column-cards__card-image-wrapper is-layout-flow wp-block-group-is-layout-flow\">\n<figure class=\"wp-block-image three-column-cards__card-image\"><img decoding=\"async\" src=\"https:\/\/wpvip.tgalpha.com\/wp-content\/plugins\/transfergo-blocks\/assets\/img\/three-column-cards\/full-width-card-image-1.svg\" alt=\"\"\/><\/figure>\n<\/div>\n<\/div>\n\n\n\n<div class=\"wp-block-column three-column-cards__column three-column-cards__column--third has-bw-100-background-color has-background is-layout-flow wp-block-column-is-layout-flow\">\n<div class=\"wp-block-group three-column-cards__text-wrapper is-layout-flow wp-block-group-is-layout-flow\">\n<h3 class=\"wp-block-heading has-text-align-left three-column-cards__card-heading is-style-h5-higher-header-style has-blue-900-color has-text-color\">Sa\u0146\u0113m\u0113ja dati<\/h3>\n<\/div>\n\n\n\n<p class=\"has-text-align-left three-column-cards__card-paragraph has-blue-900-color has-text-color\">Pirms s\u016bt\u012b\u0161anas divreiz p\u0101rbaudiet sa\u0146\u0113m\u0113ja v\u0101rdu un konta inform\u0101ciju.<\/p>\n\n\n\n<div class=\"wp-block-group three-column-cards__card-image-wrapper is-layout-flow wp-block-group-is-layout-flow\">\n<figure class=\"wp-block-image three-column-cards__card-image\"><img decoding=\"async\" src=\"https:\/\/wpvip.tgalpha.com\/wp-content\/plugins\/transfergo-blocks\/assets\/img\/three-column-cards\/full-width-card-image-2.svg\" alt=\"\"\/><\/figure>\n<\/div>\n<\/div>\n<\/div>\n<\/div><\/section>\n\n\n\n<section class=\"wp-block-tg-media-and-text media-and-text container-fluid alignfull\" align=\"full\"><div class=\"container\">\n<div class=\"wp-block-media-text is-stacked-on-mobile is-vertically-aligned-center media-and-text__container\"><figure class=\"wp-block-media-text__media\"><img loading=\"lazy\" decoding=\"async\" width=\"826\" height=\"628\" src=\"https:\/\/wpvip.tgalpha.com\/wp-content\/uploads\/2025\/10\/media-and-text-image-2.webp\" alt=\"\" class=\"wp-image-719207 size-full\" srcset=\"https:\/\/wpvip.tgalpha.com\/wp-content\/uploads\/2025\/10\/media-and-text-image-2.webp 826w, https:\/\/wpvip.tgalpha.com\/wp-content\/uploads\/2025\/10\/media-and-text-image-2.webp?resize=300,228 300w, https:\/\/wpvip.tgalpha.com\/wp-content\/uploads\/2025\/10\/media-and-text-image-2.webp?resize=768,584 768w\" sizes=\"auto, (max-width: 826px) 100vw, 826px\" \/><\/figure><div class=\"wp-block-media-text__content\">\n<h2 class=\"wp-block-heading has-text-align-left media-and-text__heading is-style-bold-header-style has-blue-900-color has-text-color\">Vienm\u0113r apstipriniet ar savu Sa\u0146\u0113m\u0113ju<\/h2>\n\n\n\n<p class=\"has-text-align-left media-and-text__paragraph has-blue-900-color has-text-color\">M\u016bsu IBAN p\u0101rbaud\u012bt\u0101js nosaka, vai form\u0101ts ir pareizs, ta\u010du tas nevar garant\u0113t \u012bpa\u0161umties\u012bbas. Vienm\u0113r apstipriniet IBAN tie\u0161i ar savu Sa\u0146\u0113m\u0113ju.<\/p>\n<\/div><\/div>\n<\/div><\/section>\n\n\n\n<section class=\"wp-block-tg-banner-with-image banner-with-image container-fluid alignfull is-style-image-with-gradient is-style-gradient-image-with-line\" align=\"full\"><div class=\"container\">\n<div class=\"wp-block-media-text has-media-on-the-right is-stacked-on-mobile is-vertically-aligned-top banner-with-image__container has-bw-250-background-color has-background\"><div class=\"wp-block-media-text__content\">\n<h2 class=\"wp-block-heading has-text-align-left banner-with-image__heading is-style-bold-xl-header-style has-blue-900-color has-text-color\">S\u016btiet naudu uz \u0101rzem\u0113m ar TransferGo<\/h2>\n\n\n\n<p class=\"has-text-align-left banner-with-image__paragraph has-blue-900-color has-text-color\">Kad esat p\u0101rbaud\u012bju\u0161i savu IBAN, naudas s\u016bt\u012b\u0161ana ar TransferGo ir \u0101tra, l\u0113ta un uzticama. L\u016bk, ko j\u016bs ieg\u016bstat:<\/p>\n\n\n\n<ul class=\"wp-block-list is-style-with-blue-circle-icon\">\n<li class=\"is-style-h6-higher-header-style\">Izdev\u012bgi val\u016btas mai\u0146as kursi<\/li>\n\n\n\n<li class=\"is-style-h6-higher-header-style\">Zemas komisijas maksas<\/li>\n\n\n\n<li class=\"is-style-h6-higher-header-style\">\u0100tri pieg\u0101des laiki<\/li>\n<\/ul>\n\n\n\n<div class=\"wp-block-group banner-with-image__decorative-text-wrapper is-nowrap is-layout-flex wp-container-core-group-is-layout-6c531013 wp-block-group-is-layout-flex\">\n<p class=\"has-small-font-size\"><strong>Happy birthday!<\/strong><\/p>\n\n\n\n<p class=\"has-small-font-size\">+ 250 USD<\/p>\n<\/div>\n<\/div><figure class=\"wp-block-media-text__media\"><img decoding=\"async\" src=\"https:\/\/wpvip.tgalpha.com\/wp-content\/plugins\/transfergo-blocks\/assets\/img\/banner-with-image\/banner-with-gradient-image-and-line.webp\" alt=\"\"\/><\/figure><\/div>\n<\/div><\/section>\n\n\n\n<section class=\"wp-block-tg-faqs-accordion faqs-accordion container-fluid alignfull\" align=\"full\"><div class=\"container\">\n<h2 class=\"wp-block-heading has-text-align-center faqs-accordion__heading is-style-h3-higher-header-style has-blue-900-color has-text-color\">Bie\u017e\u0101k uzdotie jaut\u0101jumi<\/h2>\n\n\n\n<details class=\"wp-block-tg-faqs-accordion-item faqs-accordion-item open\" open><summary class=\"faqs-accordion-item__question is-style-h6-higher-header-style\">Kas notiek, ja darbuz\u0146\u0113m\u0113ja apmaksai izmantoju nepareizu IBAN form\u0101tu?<\/summary><div class=\"faqs-accordion-item__height-wrapper\"><div class=\"faqs-accordion-item__content-wrapper\">\n<p>Maks\u0101jums var neizdoties vai kav\u0113ties. Vienm\u0113r p\u0101rbaudiet IBAN, pirms s\u016bt\u0101t naudu.<\/p>\n<\/div><\/div><\/details>\n\n\n\n<details class=\"wp-block-tg-faqs-accordion-item faqs-accordion-item\"><summary class=\"faqs-accordion-item__question is-style-h6-higher-header-style\">Vai varu izmantot \u0161o IBAN kalkulatoru, lai p\u0101rbaud\u012btu darbuz\u0146\u0113m\u0113ja maks\u0101jumu datus?<\/summary><div class=\"faqs-accordion-item__height-wrapper\"><div class=\"faqs-accordion-item__content-wrapper\">\n<p>J\u0101, r\u012bks p\u0101rbauda, vai IBAN form\u0101ts ir pareizs, ta\u010du vienm\u0113r apstipriniet numuru ar\u012b tie\u0161i ar savu darbuz\u0146\u0113m\u0113ju.<\/p>\n<\/div><\/div><\/details>\n\n\n\n<details class=\"wp-block-tg-faqs-accordion-item faqs-accordion-item\"><summary class=\"faqs-accordion-item__question is-style-h6-higher-header-style\">Vai vis\u0101m valst\u012bm darbasp\u0113ka maks\u0101jumiem nepiecie\u0161ams IBAN numurs?<\/summary><div class=\"faqs-accordion-item__height-wrapper\"><div class=\"faqs-accordion-item__content-wrapper\">\n<p>Liel\u0101kaj\u0101 da\u013c\u0101 Eiropas valstu \u2014 j\u0101. Da\u017eas valstis \u0101rpus Eiropas izmanto citus sist\u0113mas kodus, piem\u0113ram, SWIFT kodus.<\/p>\n<\/div><\/div><\/details>\n<\/div><\/section>\n\n\n\n<p>Izm\u0113\u0123iniet TransferGo bezmaksas IBAN p\u0101rbaud\u012bt\u0101ju jau tagad un s\u016btiet naudu uz \u0101rzem\u0113m ar p\u0101rliec\u012bbu.<\/p>\n","protected":false},"excerpt":{"rendered":"<p>Izm\u0113\u0123iniet TransferGo bezmaksas IBAN p\u0101rbaud\u012bt\u0101ju jau tagad un s\u016btiet naudu uz \u0101rzem\u0113m ar p\u0101rliec\u012bbu.<\/p>\n","protected":false},"author":7,"featured_media":0,"parent":0,"menu_order":0,"comment_status":"closed","ping_status":"closed","template":"","meta":{"hideMenuColor":false,"footnotes":""},"class_list":["post-720982","page","type-page","status-publish","hentry"],"jetpack_sharing_enabled":true,"hideMenuColor":false,"_links":{"self":[{"href":"https:\/\/wpvip.tgalpha.com\/lv\/wp-json\/wp\/v2\/pages\/720982","targetHints":{"allow":["GET"]}}],"collection":[{"href":"https:\/\/wpvip.tgalpha.com\/lv\/wp-json\/wp\/v2\/pages"}],"about":[{"href":"https:\/\/wpvip.tgalpha.com\/lv\/wp-json\/wp\/v2\/types\/page"}],"author":[{"embeddable":true,"href":"https:\/\/wpvip.tgalpha.com\/lv\/wp-json\/wp\/v2\/users\/7"}],"replies":[{"embeddable":true,"href":"https:\/\/wpvip.tgalpha.com\/lv\/wp-json\/wp\/v2\/comments?post=720982"}],"version-history":[{"count":6,"href":"https:\/\/wpvip.tgalpha.com\/lv\/wp-json\/wp\/v2\/pages\/720982\/revisions"}],"predecessor-version":[{"id":720988,"href":"https:\/\/wpvip.tgalpha.com\/lv\/wp-json\/wp\/v2\/pages\/720982\/revisions\/720988"}],"wp:attachment":[{"href":"https:\/\/wpvip.tgalpha.com\/lv\/wp-json\/wp\/v2\/media?parent=720982"}],"curies":[{"name":"wp","href":"https:\/\/api.w.org\/{rel}","templated":true}]}}