{"id":1406,"date":"2022-08-09T15:21:13","date_gmt":"2022-08-09T15:21:13","guid":{"rendered":"https:\/\/transfergo.wpengine.com\/privacy-policy"},"modified":"2025-10-14T10:33:18","modified_gmt":"2025-10-14T10:33:18","slug":"privatuma-politika","status":"publish","type":"page","link":"https:\/\/wpvip.tgalpha.com\/lv\/privatuma-politika","title":{"rendered":"Priv\u0101tuma politika"},"content":{"rendered":"\n<section class=\"wp-block-tg-privacy-policy-hero privacy-policy-hero container-fluid alignfull\" align=\"full\"><div class=\"container\">\n<h1 class=\"wp-block-heading has-text-align-center privacy-policy-hero__title has-blue-900-color has-text-color\">TransferGo<br>Priv\u0101tuma Politika<\/h1>\n\n\n\n<p class=\"has-text-align-center privacy-policy-hero__text has-blue-900-color has-text-color has-medium-font-size\">Nevienam nepat\u012bk burties pa gar\u0101m priv\u0101tuma politik\u0101m. T\u0101p\u0113c esam apkopoju\u0161i tavas priv\u0101tuma ties\u012bbas vien\u0101 lap\u0101.<\/p>\n<\/div><\/section>\n\n\n\n<section class=\"wp-block-tg-privacy-policy-cards-repeater privacy-policy-cards-repeater container-fluid\"><div class=\"container\"><div class=\"privacy-policy-cards-repeater__wrapper\">\n<div class=\"wp-block-tg-privacy-policy-small-card privacy-policy-small-card\">\n<h3 class=\"wp-block-heading has-text-align-left privacy-policy-small-card__title has-blue-900-color has-text-color\">Tev ir ties\u012bbas\u2026<\/h3>\n\n\n\n<div class=\"wp-block-button privacy-policy-small-card__button is-style-button-blue-with-arrow-no-background\"><a class=\"wp-block-button__link has-text-align-center wp-element-button\" href=\"https:\/\/wpvip.tgalpha.com\/lv\/privatuma-politika\/pilns#your-rights\">Pla\u0161\u0101k par tav\u0101m ties\u012bb\u0101m<\/a><\/div>\n\n\n\n<ul class=\"wp-block-list privacy-policy-small-card__list is-style-with-circle-icon has-blue-900-color has-text-color has-medium-font-size\">\n<li>uzzin\u0101t, k\u0101 m\u0113s izmantojam tavus datus<\/li>\n\n\n\n<li>redz\u0113t, labot un l\u016bgt mums dz\u0113st tavus datus<\/li>\n\n\n\n<li>atteikties no m\u0101rketinga satura sa\u0146em\u0161anas<\/li>\n\n\n\n<li>atsaukt savu piekri\u0161anu jebkur\u0101 br\u012bd\u012b<\/li>\n<\/ul>\n<\/div>\n\n\n\n<div class=\"wp-block-tg-privacy-policy-small-card privacy-policy-small-card\">\n<h3 class=\"wp-block-heading has-text-align-left privacy-policy-small-card__title has-blue-900-color has-text-color\">M\u0113s apsol\u0101m\u2026<\/h3>\n\n\n\n<ul class=\"wp-block-list privacy-policy-small-card__list is-style-with-circle-icon has-blue-900-color has-text-color has-medium-font-size\">\n<li>vienm\u0113r nodro\u0161in\u0101t tavu personas datu dro\u0161\u012bbu un priv\u0101tumu<\/li>\n\n\n\n<li>nekad nep\u0101rdot tavus datus<\/li>\n\n\n\n<li>jebkur\u0101 br\u012bd\u012b \u013caut tev p\u0101rskat\u012bt un p\u0101rvald\u012bt savus priv\u0101tuma iestat\u012bjumus<\/li>\n<\/ul>\n<\/div>\n\n\n\n<div class=\"wp-block-tg-privacy-policy-large-card privacy-policy-large-card\">\n<h3 class=\"wp-block-heading has-text-align-left privacy-policy-large-card__title has-blue-900-color has-text-color\">Ko m\u0113s iev\u0101cam un kad<\/h3>\n\n\n\n<div class=\"wp-block-button privacy-policy-large-card__button is-style-button-blue-with-arrow-no-background\"><a class=\"wp-block-button__link has-text-align-center wp-element-button\" href=\"https:\/\/wpvip.tgalpha.com\/lv\/privatuma-politika\/pilns#collecting-your-data\">Pla\u0161\u0101k par to, ko m\u0113s iev\u0101cam un kad<\/a><\/div>\n\n\n\n<div class=\"wp-block-tg-privacy-policy-card-items-repeater card-items-repeater\">\n<div class=\"wp-block-tg-privacy-policy-card-item card-item\">\n<h5 class=\"wp-block-heading has-text-align-left card-item__title has-blue-900-color has-text-color\">Dati par tevi,<\/h5>\n\n\n\n<p class=\"has-text-align-left card-item__text has-blue-900-color has-text-color has-medium-font-size\">kad tu re\u0123istr\u0113jies, aizpildi formas vai sazinies ar mums<\/p>\n<\/div>\n\n\n\n<div class=\"wp-block-tg-privacy-policy-card-item card-item\">\n<h5 class=\"wp-block-heading has-text-align-left card-item__title has-blue-900-color has-text-color\">Dati par tavu atra\u0161an\u0101s vietu<\/h5>\n\n\n\n<p class=\"has-text-align-left card-item__text has-blue-900-color has-text-color has-medium-font-size\">kad ir iesl\u0113gti atra\u0161an\u0101s vietas pakalpojumi<\/p>\n<\/div>\n\n\n\n<div class=\"wp-block-tg-privacy-policy-card-item card-item\">\n<h5 class=\"wp-block-heading has-text-align-left card-item__title has-blue-900-color has-text-color\">Dati no tavas ier\u012bces<\/h5>\n\n\n\n<p class=\"has-text-align-left card-item__text has-blue-900-color has-text-color has-medium-font-size\">ikreiz, kad tu izmanto TransferGo<\/p>\n<\/div>\n\n\n\n<div class=\"wp-block-tg-privacy-policy-card-item card-item\">\n<h5 class=\"wp-block-heading has-text-align-left card-item__title has-blue-900-color has-text-color\">Dati no citiem<\/h5>\n\n\n\n<p class=\"has-text-align-left card-item__text has-blue-900-color has-text-color has-medium-font-size\">kad tu iesniedz formas, vai m\u0113s p\u0101rbaud\u0101m transakcijas<\/p>\n<\/div>\n<\/div>\n<\/div>\n\n\n\n<div class=\"wp-block-tg-privacy-policy-small-card privacy-policy-small-card\">\n<h3 class=\"wp-block-heading has-text-align-left privacy-policy-small-card__title has-blue-900-color has-text-color\">Mums ir nepiecie\u0161ami tavi dati, lai\u2026<\/h3>\n\n\n\n<div class=\"wp-block-button privacy-policy-small-card__button is-style-button-blue-with-arrow-no-background\"><a class=\"wp-block-button__link has-text-align-center wp-element-button\" href=\"https:\/\/wpvip.tgalpha.com\/lv\/privatuma-politika\/pilns#how-and-when-we-use-your-data\">Pla\u0161\u0101k par m\u016bsu pien\u0101kumiem<\/a><\/div>\n\n\n\n<ul class=\"wp-block-list privacy-policy-small-card__list is-style-with-circle-icon has-blue-900-color has-text-color has-medium-font-size\">\n<li>m\u016bsu lietotne darbotos<\/li>\n\n\n\n<li>pasarg\u0101tu no kr\u0101p\u0161anas<\/li>\n\n\n\n<li>pied\u0101v\u0101tu to, kas, m\u016bsupr\u0101t, tev patiktu (tu \u0161o vari izsl\u0113gt)<\/li>\n\n\n\n<li>uzlabotu m\u016bsu pakalpojumu<\/li>\n\n\n\n<li>iev\u0113rotu likumu<\/li>\n<\/ul>\n<\/div>\n\n\n\n<div class=\"wp-block-tg-privacy-policy-small-card privacy-policy-small-card\">\n<h3 class=\"wp-block-heading has-text-align-left privacy-policy-small-card__title has-blue-900-color has-text-color\">M\u0113s kop\u012bgojam datus\u2026<\/h3>\n\n\n\n<div class=\"wp-block-button privacy-policy-small-card__button is-style-button-blue-with-arrow-no-background\"><a class=\"wp-block-button__link has-text-align-center wp-element-button\" href=\"https:\/\/wpvip.tgalpha.com\/lv\/privatuma-politika\/pilns#sharing-your-information-with-others\">Pla\u0161\u0101k par to, k\u0101 m\u0113s kop\u012bgojam datus<\/a><\/div>\n\n\n\n<ul class=\"wp-block-list privacy-policy-small-card__list is-style-with-circle-icon has-blue-900-color has-text-color has-medium-font-size\">\n<li>ar pieg\u0101d\u0101t\u0101jiem (piem\u0113ram, tre\u0161\u0101m person\u0101m, kas veic ID p\u0101rbaudes)<\/li>\n\n\n\n<li>juridisku iemeslu d\u0113\u013c<\/li>\n\n\n\n<li>ar soci\u0101lo mediju platform\u0101m<\/li>\n<\/ul>\n<\/div>\n\n\n\n<div class=\"wp-block-tg-privacy-policy-large-card privacy-policy-large-card\">\n<h3 class=\"wp-block-heading has-text-align-left privacy-policy-large-card__title has-blue-900-color has-text-color\">Ir v\u0113rts zin\u0101t ar\u012b to, ka\u2026<\/h3>\n\n\n\n<div class=\"wp-block-button privacy-policy-large-card__button is-style-button-blue-with-arrow-no-background\"><a class=\"wp-block-button__link has-text-align-center wp-element-button\" href=\"https:\/\/wpvip.tgalpha.com\/lv\/privatuma-politika\/pilns#protecting-your-personal-data\">Pla\u0161\u0101k par \u0161o<\/a><\/div>\n\n\n\n<div class=\"wp-block-tg-privacy-policy-card-items-repeater card-items-repeater\">\n<div class=\"wp-block-tg-privacy-policy-card-item card-item\">\n<h5 class=\"wp-block-heading has-text-align-left card-item__title has-blue-900-color has-text-color\">M\u0113s izmantojam s\u012bkdatnes,<\/h5>\n\n\n\n<p class=\"has-text-align-left card-item__text has-blue-900-color has-text-color has-medium-font-size\">lai uzlabotu tavu pieredzi<\/p>\n<\/div>\n\n\n\n<div class=\"wp-block-tg-privacy-policy-card-item card-item\">\n<h5 class=\"wp-block-heading has-text-align-left card-item__title has-blue-900-color has-text-color\">M\u0113s glab\u0101jam tavus datus<\/h5>\n\n\n\n<p class=\"has-text-align-left card-item__text has-blue-900-color has-text-color has-medium-font-size\">l\u012bdz 8 gadiem (saska\u0146\u0101 ar likumu)<\/p>\n<\/div>\n\n\n\n<div class=\"wp-block-tg-privacy-policy-card-item card-item\">\n<h5 class=\"wp-block-heading has-text-align-left card-item__title has-blue-900-color has-text-color\">M\u0113s aizsarg\u0101jam tavus datus<\/h5>\n\n\n\n<p class=\"has-text-align-left card-item__text has-blue-900-color has-text-color has-medium-font-size\">ar sp\u0113c\u012bgu dro\u0161\u012bbu<\/p>\n<\/div>\n<\/div>\n<\/div>\n<\/div><\/div><\/section>\n\n\n\n<section class=\"wp-block-tg-privacy-policy-text privacy-policy-text container-fluid\"><div class=\"container\">\n<p class=\"has-text-align-center privacy-policy-text__text has-blue-900-color has-text-color\">Tev ir jaut\u0101jumi par savu priv\u0101tumu? Raksti mums uz&nbsp;<a href=\"mailto:dpo@transfergo.com\"><mark style=\"background-color:rgba(0, 0, 0, 0)\" class=\"has-inline-color has-blue-500-color\">dpo@transfergo.com<\/mark><\/a>. Gribi iesniegt par mums s\u016bdz\u012bbu? Sazinies ar viet\u0113jo datu aizsardz\u012bbas iest\u0101di.<br><\/p>\n<\/div><\/section>\n","protected":false},"excerpt":{"rendered":"","protected":false},"author":1,"featured_media":718151,"parent":0,"menu_order":0,"comment_status":"closed","ping_status":"closed","template":"page-with-short-footer","meta":{"hideMenuColor":true,"footnotes":""},"class_list":["post-1406","page","type-page","status-publish","has-post-thumbnail","hentry"],"jetpack_sharing_enabled":true,"hideMenuColor":"1","_links":{"self":[{"href":"https:\/\/wpvip.tgalpha.com\/lv\/wp-json\/wp\/v2\/pages\/1406","targetHints":{"allow":["GET"]}}],"collection":[{"href":"https:\/\/wpvip.tgalpha.com\/lv\/wp-json\/wp\/v2\/pages"}],"about":[{"href":"https:\/\/wpvip.tgalpha.com\/lv\/wp-json\/wp\/v2\/types\/page"}],"author":[{"embeddable":true,"href":"https:\/\/wpvip.tgalpha.com\/lv\/wp-json\/wp\/v2\/users\/1"}],"replies":[{"embeddable":true,"href":"https:\/\/wpvip.tgalpha.com\/lv\/wp-json\/wp\/v2\/comments?post=1406"}],"version-history":[{"count":1,"href":"https:\/\/wpvip.tgalpha.com\/lv\/wp-json\/wp\/v2\/pages\/1406\/revisions"}],"predecessor-version":[{"id":231818,"href":"https:\/\/wpvip.tgalpha.com\/lv\/wp-json\/wp\/v2\/pages\/1406\/revisions\/231818"}],"wp:featuredmedia":[{"embeddable":true,"href":"https:\/\/wpvip.tgalpha.com\/lv\/wp-json\/wp\/v2\/media\/718151"}],"wp:attachment":[{"href":"https:\/\/wpvip.tgalpha.com\/lv\/wp-json\/wp\/v2\/media?parent=1406"}],"curies":[{"name":"wp","href":"https:\/\/api.w.org\/{rel}","templated":true}]}}