{"id":1316,"date":"2022-08-29T07:37:28","date_gmt":"2022-08-29T07:37:28","guid":{"rendered":"https:\/\/transfergo.wpengine.com\/story"},"modified":"2024-10-14T09:21:26","modified_gmt":"2024-10-14T09:21:26","slug":"pilns-stasts","status":"publish","type":"page","link":"https:\/\/wpvip.tgalpha.com\/lv\/pilns-stasts","title":{"rendered":"PILNS ST\u0100STS"},"content":{"rendered":"\n<h1 class=\"wp-block-heading\">Piln\u012bgais st\u0101sts <\/h1>\n\n\n\n<h1 class=\"wp-block-heading\"><mark class=\"has-inline-color has-blue-500-color\">K\u0101 viss s\u0101k\u0101s<\/mark><\/h1>\n\n\n\n<section class=\"wp-block-tg-photo-and-text container-fluid photo-and-text\"><div class=\"container\">\n<div class=\"wp-block-media-text is-stacked-on-mobile photo-and-text__container\"><figure class=\"wp-block-media-text__media\"><img loading=\"lazy\" decoding=\"async\" width=\"677\" height=\"432\" src=\"https:\/\/wpvip.tgalpha.com\/wp-content\/uploads\/2024\/06\/human-image.jpg\" alt=\"\" class=\"wp-image-70985 size-full\" srcset=\"https:\/\/wpvip.tgalpha.com\/wp-content\/uploads\/2024\/06\/human-image.jpg 677w, https:\/\/wpvip.tgalpha.com\/wp-content\/uploads\/2024\/06\/human-image.jpg?resize=300,191 300w\" sizes=\"auto, (max-width: 677px) 100vw, 677px\" \/><\/figure><div class=\"wp-block-media-text__content\">\n<p class=\"photo-and-text__paragraph has-blue-900-color has-text-color has-medium-font-size\">M\u0113s esam \u0161eit, lai padar\u012btu j\u016bsu dz\u012bvi viegl\u0101ku. Vai maks\u0101jat r\u0113\u0137inus, atbalst\u0101t \u0123imeni, pal\u012bdzat uz\u0146\u0113mumiem vai risin\u0101t kr\u012bzes situ\u0101cijas &#8211; m\u0113s v\u0113lamies, lai j\u016bs var\u0113tu veikt \u0101tras, zemas izmaksas naudas p\u0101rskait\u012bjumus dro\u0161i. K\u0101p\u0113c? Jo ne tik sen, naudas s\u016bt\u012b\u0161ana bija murgs.<\/p>\n<\/div><\/div>\n<\/div><\/section>\n\n\n\n<section class=\"wp-block-tg-story-text-and-image container-fluid story-text-and-image story-text-and-image--transparent-rectangle-right\"><div class=\"container\">\n<div class=\"wp-block-media-text has-media-on-the-right is-stacked-on-mobile story-text-and-image__container\"><div class=\"wp-block-media-text__content\">\n<h3 class=\"wp-block-heading story-text-and-image__heading has-blue-900-color has-text-color\">TransferGo ra\u0161an\u0101s<\/h3>\n\n\n\n<p>Tas bija 2012. gad\u0101, un m\u0113s bij\u0101m \u010detri jauni profesion\u0101\u013ci, kas s\u0101ka importa un eksporta biznesu \u0101rzem\u0113s. Bet starptautisko naudas p\u0101rskait\u012bjumu veik\u0161ana bija probl\u0113ma. No r\u0113\u0137inu apmaksas Lietuv\u0101 l\u012bdz naudas s\u016bt\u012b\u0161anai pieg\u0101d\u0101t\u0101jiem, m\u0113s c\u012bn\u012bj\u0101mies: l\u0113ni p\u0101rskait\u012bjumi ar liel\u0101m maks\u0101m, nulle klientu apkalpo\u0161ana un stundas, st\u0101vot kiosku rind\u0101s.<\/p>\n\n\n\n<p>K\u0101p\u0113c, 2012. gad\u0101, m\u0113s joproj\u0101m bij\u0101m atkar\u012bgi no person\u012bgas ierad\u0161an\u0101s bank\u0101s, lai veiktu vienk\u0101r\u0161us naudas p\u0101rskait\u012bjumus? Un k\u0101p\u0113c m\u0113s par \u0161o &#8220;pakalpojumu&#8221; maks\u0101j\u0101m tik daudz? Kad m\u016bsu nauda tika nos\u016bt\u012bta ne tikai uz nepareizo valsti, bet ar\u012b nepareiz\u0101 val\u016bt\u0101 &#8211; un mums pat netika pied\u0101v\u0101ta kompens\u0101cija &#8211; mums pietika. M\u0113s v\u0113l\u0113j\u0101mies p\u0101rmai\u0146as. M\u0113s v\u0113l\u0113j\u0101mies piln\u012bb\u0101 p\u0101rveidot starptautisko naudas p\u0101rskait\u012bjumu nozari. M\u0113s v\u0113l\u0113j\u0101mies izveidot unik\u0101lu biznesa modeli ar augst\u0101kas klases klientu apkalpo\u0161anu. Un tad rad\u0101s TransferGo.<\/p>\n<\/div><figure class=\"wp-block-media-text__media\"><img loading=\"lazy\" decoding=\"async\" width=\"451\" height=\"453\" src=\"https:\/\/wpvip.tgalpha.com\/wp-content\/uploads\/2024\/06\/Story-2-1.png\" alt=\"\" class=\"wp-image-71047 size-full\" srcset=\"https:\/\/wpvip.tgalpha.com\/wp-content\/uploads\/2024\/06\/Story-2-1.png 451w, https:\/\/wpvip.tgalpha.com\/wp-content\/uploads\/2024\/06\/Story-2-1.png?resize=150,150 150w, https:\/\/wpvip.tgalpha.com\/wp-content\/uploads\/2024\/06\/Story-2-1.png?resize=300,300 300w\" sizes=\"auto, (max-width: 451px) 100vw, 451px\" \/><\/figure><\/div>\n<\/div><\/section>\n\n\n\n<section class=\"wp-block-tg-story-text-and-image container-fluid story-text-and-image story-text-and-image--yellow-circle-left\"><div class=\"container\">\n<div class=\"wp-block-media-text is-stacked-on-mobile story-text-and-image__container\"><figure class=\"wp-block-media-text__media\"><img loading=\"lazy\" decoding=\"async\" width=\"451\" height=\"451\" src=\"https:\/\/wpvip.tgalpha.com\/wp-content\/uploads\/2024\/06\/Story-3-1.png\" alt=\"\" class=\"wp-image-71058 size-full\" srcset=\"https:\/\/wpvip.tgalpha.com\/wp-content\/uploads\/2024\/06\/Story-3-1.png 451w, https:\/\/wpvip.tgalpha.com\/wp-content\/uploads\/2024\/06\/Story-3-1.png?resize=150,150 150w, https:\/\/wpvip.tgalpha.com\/wp-content\/uploads\/2024\/06\/Story-3-1.png?resize=300,300 300w\" sizes=\"auto, (max-width: 451px) 100vw, 451px\" \/><\/figure><div class=\"wp-block-media-text__content\">\n<h3 class=\"wp-block-heading story-text-and-image__heading has-blue-900-color has-text-color\">Gr\u016bti s\u0101kumi<\/h3>\n\n\n\n<p>Uzs\u0101kt biznesu nekad nav viegli, un mums tas nebija nek\u0101ds iz\u0146\u0113mums. Se\u0161i m\u0113ne\u0161i, cen\u0161oties ieg\u016bt regulat\u012bvo licenci. V\u0113l \u010detri m\u0113ne\u0161i, lai atrastu banku, kas ar mums sadarbotos. Gada ietaup\u012bjumi &#8211; pazudu\u0161i. Tie\u0161i tad, kad lietas s\u0101ka uzlaboties un klientu atsauksmes bija pozit\u012bvas, m\u0113s piedz\u012bvoj\u0101m v\u0113l vienu neveiksmi.<\/p>\n\n\n\n<p>Lai ar\u012b m\u0113s bij\u0101m licenc\u0113ta, piln\u012bb\u0101 atbilsto\u0161a finan\u0161u iest\u0101de, m\u0113s sa\u0146\u0113m\u0101m v\u0113stuli no m\u016bsu bankas, kur\u0101 teica, ka m\u016bs sl\u0113gs. Bez iemesliem. Bez pamatojuma. Vi\u0146i to dar\u012bja, jo vi\u0146i var\u0113ja. Un, kad m\u0113s jaut\u0101j\u0101m, k\u0101p\u0113c, mums tika teikts, ka mums to pateikt &#8216;ir pret vi\u0146u politiku&#8217;. Mums bija 90 dienas, lai gl\u0101btu uz\u0146\u0113mumu.<\/p>\n\n\n\n<p class=\"story-text-and-image__paragraph has-blue-900-color has-text-color has-medium-font-size\">M\u0113s zin\u0101j\u0101m, ka TransferGo ir noz\u012bm\u012bgi ietekm\u0113jis m\u016bsu klientu dz\u012bvi, un m\u0113s nev\u0113l\u0113j\u0101mies to zaud\u0113t. Tie\u0161i laik\u0101 mums izdev\u0101s atrast banku, kas sadarbosies ar mums. Uz\u0146\u0113mums izdz\u012bvoja. Kop\u0161 t\u0101 laika m\u0113s esam sp\u0113ju\u0161i pal\u012bdz\u0113t v\u0113l vair\u0101k jums nos\u016bt\u012bt naudas p\u0101rskait\u012bjumus gadu no gada.<\/p>\n<\/div><\/div>\n<\/div><\/section>\n\n\n\n<section class=\"wp-block-tg-story-text-and-image container-fluid story-text-and-image story-text-and-image--none\"><div class=\"container\">\n<div class=\"wp-block-media-text has-media-on-the-right is-stacked-on-mobile story-text-and-image__container\"><div class=\"wp-block-media-text__content\">\n<h3 class=\"wp-block-heading story-text-and-image__heading has-blue-900-color has-text-color\">Ce\u013c\u0161 uz pan\u0101kumiem<\/h3>\n\n\n\n<p>No s\u0101kuma mums bija gr\u016bti, bet m\u0113s esam nov\u0113roju\u0161i attieksmes mai\u0146u. Bankas ir gatav\u0101kas sadarboties ar inovat\u012bviem fintech uz\u0146\u0113mumiem. M\u0113s \u0161obr\u012bd str\u0101d\u0101jam ar vair\u0101k nek\u0101 30 uz\u0146\u0113mumiem vis\u0101 pasaul\u0113 &#8211; t\u0101 ir liela p\u0101rmai\u0146a, \u0146emot v\u0113r\u0101, ka s\u0101kum\u0101 mums bija gr\u016bti atrast pat vienu. <\/p>\n\n\n\n<p>Un ir pat\u012bkami, ka m\u016bsu darbs tiek nov\u0113rt\u0113ts. M\u016bs nomin\u0113ja par \u0101tr\u0101k augo\u0161o start-up uz\u0146\u0113mumu TechCrunch Europa balv\u0101s 2018. gad\u0101, un TNW m\u016bs nosauca par vienu no 5 karst\u0101kajiem scale-up uz\u0146\u0113mumiem Lielbrit\u0101nij\u0101. <\/p>\n\n\n\n<p>Bet paties\u012bb\u0101 m\u0113s v\u0113lamies pateikties jums. Visiem jums, kas nep\u0101rtraukti smagi str\u0101d\u0101 aizkulis\u0113s, lai atbalst\u012btu savu \u0123imeni un uztur\u0113tu ekonomiku. M\u0113s s\u0101k\u0101m TransferGo j\u016bsu d\u0113\u013c.<\/p>\n<\/div><figure class=\"wp-block-media-text__media\"><img loading=\"lazy\" decoding=\"async\" width=\"450\" height=\"442\" src=\"https:\/\/wpvip.tgalpha.com\/wp-content\/uploads\/2024\/06\/Story-4-1.png\" alt=\"\" class=\"wp-image-71069 size-full\" srcset=\"https:\/\/wpvip.tgalpha.com\/wp-content\/uploads\/2024\/06\/Story-4-1.png 450w, https:\/\/wpvip.tgalpha.com\/wp-content\/uploads\/2024\/06\/Story-4-1.png?resize=300,295 300w\" sizes=\"auto, (max-width: 450px) 100vw, 450px\" \/><\/figure><\/div>\n<\/div><\/section>\n\n\n\n<section class=\"wp-block-tg-story-text-and-image container-fluid story-text-and-image story-text-and-image--blue-rectangle-right\"><div class=\"container\">\n<div class=\"wp-block-media-text is-stacked-on-mobile story-text-and-image__container\"><figure class=\"wp-block-media-text__media\"><img loading=\"lazy\" decoding=\"async\" width=\"450\" height=\"442\" src=\"https:\/\/wpvip.tgalpha.com\/wp-content\/uploads\/2024\/06\/Story-5-1.png\" alt=\"\" class=\"wp-image-71080 size-full\" srcset=\"https:\/\/wpvip.tgalpha.com\/wp-content\/uploads\/2024\/06\/Story-5-1.png 450w, https:\/\/wpvip.tgalpha.com\/wp-content\/uploads\/2024\/06\/Story-5-1.png?resize=300,295 300w\" sizes=\"auto, (max-width: 450px) 100vw, 450px\" \/><\/figure><div class=\"wp-block-media-text__content\">\n<h3 class=\"wp-block-heading story-text-and-image__heading has-blue-900-color has-text-color\">Gai\u0161a n\u0101kotne<\/h3>\n\n\n\n<p class=\"story-text-and-image__paragraph has-blue-900-color has-text-color has-medium-font-size\">M\u0113s esam t\u0101lu tiku\u0161i kop\u0161 2012. gada, bet tas ir tikai s\u0101kums. N\u0101kamajos m\u0113ne\u0161os mums ir pl\u0101nots v\u0113l vair\u0101k. Vair\u0101k mar\u0161rutu starp valst\u012bm. Vair\u0101k val\u016btas. Vair\u0101k produktu. Vair\u0101k pied\u0101v\u0101jumu. Galu gal\u0101, m\u0113s v\u0113lamies sasniegt v\u0113l vair\u0101k j\u016bs. J\u016bs esat peln\u012bju\u0161i iesp\u0113ju s\u016bt\u012bt savu gr\u016bti nopeln\u012bto naudu m\u0101j\u0101s par zem\u0101m cen\u0101m, \u0101tri un viegli. M\u0113s v\u0113lamies dot \u0161o iesp\u0113ju v\u0113l vair\u0101k jums.<\/p>\n\n\n\n<div class=\"wp-block-button\"><a class=\"wp-block-button__link wp-element-button\" href=\"https:\/\/app.transfergo.com\/lv\/register\" target=\"_blank\" rel=\"noopener\">S\u016btiet naudu t\u016bl\u012bt<\/a><\/div>\n<\/div><\/div>\n<\/div><\/section>\n","protected":false},"excerpt":{"rendered":"<p>Piln\u012bgais st\u0101sts K\u0101 viss s\u0101k\u0101s<\/p>\n","protected":false},"author":1,"featured_media":0,"parent":0,"menu_order":0,"comment_status":"closed","ping_status":"closed","template":"","meta":{"hideMenuColor":false,"footnotes":""},"class_list":["post-1316","page","type-page","status-publish","hentry"],"jetpack_sharing_enabled":true,"hideMenuColor":false,"_links":{"self":[{"href":"https:\/\/wpvip.tgalpha.com\/lv\/wp-json\/wp\/v2\/pages\/1316","targetHints":{"allow":["GET"]}}],"collection":[{"href":"https:\/\/wpvip.tgalpha.com\/lv\/wp-json\/wp\/v2\/pages"}],"about":[{"href":"https:\/\/wpvip.tgalpha.com\/lv\/wp-json\/wp\/v2\/types\/page"}],"author":[{"embeddable":true,"href":"https:\/\/wpvip.tgalpha.com\/lv\/wp-json\/wp\/v2\/users\/1"}],"replies":[{"embeddable":true,"href":"https:\/\/wpvip.tgalpha.com\/lv\/wp-json\/wp\/v2\/comments?post=1316"}],"version-history":[{"count":0,"href":"https:\/\/wpvip.tgalpha.com\/lv\/wp-json\/wp\/v2\/pages\/1316\/revisions"}],"wp:attachment":[{"href":"https:\/\/wpvip.tgalpha.com\/lv\/wp-json\/wp\/v2\/media?parent=1316"}],"curies":[{"name":"wp","href":"https:\/\/api.w.org\/{rel}","templated":true}]}}