{"id":104875,"date":"2025-01-23T11:35:13","date_gmt":"2025-01-23T11:35:13","guid":{"rendered":"https:\/\/wpvip.tgalpha.com\/?page_id=104875"},"modified":"2026-02-11T14:30:36","modified_gmt":"2026-02-11T14:30:36","slug":"klientu-stasti","status":"publish","type":"page","link":"https:\/\/wpvip.tgalpha.com\/lv\/bizness\/klientu-stasti","title":{"rendered":"SME Customer Stories (LV)"},"content":{"rendered":"\n<section class=\"wp-block-tg-hero-text-and-image hero-text-and-image container-fluid alignfull has-blue-900-background-color has-background\" align=\"full\"><div class=\"container\">\n<div class=\"wp-block-columns hero-text-and-image__columns is-layout-flex wp-container-core-columns-is-layout-28f84493 wp-block-columns-is-layout-flex\">\n<div class=\"wp-block-column hero-text-and-image__column is-layout-flow wp-block-column-is-layout-flow\">\n<p class=\"hero-text-and-image__subheading is-style-h6-higher-header-style has-blue-900-color has-text-color\"><mark style=\"background-color:rgba(0, 0, 0, 0)\" class=\"has-inline-color has-bw-100-color\">TransferGo Biznesa Klientu St\u0101sti<\/mark><\/p>\n\n\n\n<h1 class=\"wp-block-heading hero-text-and-image__heading is-style-h1-higher-header-style has-bw-100-color has-text-color\">\u012asti st\u0101sti, <mark style=\"background-color:rgba(0, 0, 0, 0)\" class=\"has-inline-color has-yellow-color\">\u012bsti pan\u0101kumi.<\/mark><\/h1>\n\n\n\n<p class=\"hero-text-and-image__paragraph is-style-h6-higher-header-style has-blue-900-color has-text-color\"><mark style=\"background-color:rgba(0, 0, 0, 0)\" class=\"has-inline-color has-bw-100-color\">M\u016bsu m\u0113r\u0137is ir vienk\u0101r\u0161s\u2014pal\u012bdz\u0113t uz\u0146\u0113mumiem ar liel\u0101m amb\u012bcij\u0101m optimiz\u0113t savas finan\u0161u oper\u0101cijas un uzplaukt.<\/mark><\/p>\n\n\n\n<p class=\"hero-text-and-image__paragraph has-blue-900-color has-text-color\"><mark style=\"background-color:rgba(0, 0, 0, 0)\" class=\"has-inline-color has-bw-100-color\">Uzziniet, k\u0101 uz\u0146\u0113mumi da\u017e\u0101d\u0101s nozar\u0113s veiksm\u012bgi izmanto TransferGo, lai atvieglotu savus starptautiskos biznesa maks\u0101jumus ar daudziem taust\u0101miem ieguvumiem\u2014no maks\u0101jumu procesu pa\u0101trin\u0101\u0161anas l\u012bdz dar\u012bjumu izmaksu samazin\u0101\u0161anai un pe\u013c\u0146as maksimiz\u0113\u0161anai.<\/mark><\/p>\n\n\n\n<div class=\"wp-block-buttons hero-text-and-image__buttons is-layout-flex wp-block-buttons-is-layout-flex\">\n<div class=\"wp-block-button hero-text-and-image__button is-style-button-with-arrow-light\"><a class=\"wp-block-button__link wp-element-button\" href=\"https:\/\/app.transfergo.com\/lv\/register\/business\" target=\"_blank\" rel=\"noreferrer noopener\">S\u0101ciet tagad<\/a><\/div>\n<\/div>\n<\/div>\n\n\n\n<div class=\"wp-block-column hero-text-and-image__column is-layout-flow wp-block-column-is-layout-flow\">\n<figure class=\"wp-block-image hero-text-and-image__image\"><img decoding=\"async\" src=\"https:\/\/wpvip.tgalpha.com\/wp-content\/plugins\/transfergo-blocks\/assets\/img\/hero-text-and-image\/hero-business-customer-stories.webp\" alt=\"\"\/><\/figure>\n<\/div>\n<\/div>\n<\/div><\/section>\n\n\n\n<section class=\"wp-block-tg-business-case-studies-with-title business-case-studies-with-title container-fluid\"><div class=\"container\">\n<h2 class=\"wp-block-heading has-text-align-center business-case-studies-with-title__title has-blue-900-color has-text-color\">Izp\u0113tiet vair\u0101k TransferGo biznesa gad\u012bjumu izp\u0113tes<\/h2>\n\n\n\n<p class=\"has-text-align-center business-case-studies-with-title__subtitle is-style-h4-higher-header-style has-blue-900-color has-text-color has-medium-font-size\">Uzziniet, k\u0101 citi uz\u0146\u0113mumi no da\u017e\u0101diem sektoriem ir izmantoju\u0161i TransferGo platformu, lai piedz\u012bvotu pe\u013c\u0146ai draudz\u012bgus starptautiskos maks\u0101jumus, kas ir \u0101tr\u0101ki un dro\u0161\u0101ki.<\/p>\n\n\n\n<div class=\"wp-block-query is-layout-flow wp-block-query-is-layout-flow\">\n\n<\/div>\n<\/div><\/section>\n\n\n\n<section class=\"wp-block-tg-text-with-button-and-images text-with-button-and-images container-fluid alignfull has-background-color has-bw-200-background-color\" align=\"full\"><div class=\"container\">\n<div class=\"wp-block-columns text-with-button-and-images__columns is-layout-flex wp-container-core-columns-is-layout-28f84493 wp-block-columns-is-layout-flex\">\n<div class=\"wp-block-column text-with-button-and-images__column is-layout-flow wp-block-column-is-layout-flow\">\n<div class=\"wp-block-group text-with-button-and-images__text-wrapper is-layout-flow wp-block-group-is-layout-flow\">\n<h2 class=\"wp-block-heading has-text-align-left text-with-button-and-images__heading has-blue-900-color has-text-color\">Vai esat gatavs tikt iek\u013cauts \u0161o klientu veiksmes st\u0101stu vid\u016b?<\/h2>\n\n\n\n<p class=\"has-text-align-left text-with-button-and-images__paragraph has-blue-900-color has-text-color has-medium-font-size\">TransferGo Bizness pied\u0101v\u0101 elast\u012bbu un uzticam\u012bbu, kas j\u016bsu uz\u0146\u0113mumam nepiecie\u0161ama, lai augtu un plauktu glob\u0101li.<\/p>\n\n\n\n<div class=\"wp-block-button text-with-button-and-images__button is-style-button-with-arrow\"><a class=\"wp-block-button__link has-text-align-center wp-element-button\" href=\"https:\/\/wpvip.tgalpha.com\/lv\/bizness\">Uzzin\u0101t vair\u0101k<\/a><\/div>\n<\/div>\n<\/div>\n\n\n\n<div class=\"wp-block-column text-with-button-and-images__column is-layout-flow wp-block-column-is-layout-flow\">\n<div class=\"wp-block-group text-with-button-and-images__images-wrapper is-layout-flow wp-block-group-is-layout-flow\">\n<figure class=\"wp-block-image text-with-button-and-images__image text-with-button-and-images__image--icon\"><img decoding=\"async\" src=\"https:\/\/wpvip.tgalpha.com\/wp-content\/plugins\/transfergo-blocks\/assets\/img\/text-with-button-and-images-0.webp\" alt=\"\"\/><\/figure>\n\n\n\n<figure class=\"wp-block-image text-with-button-and-images__image text-with-button-and-images__image--man\"><img decoding=\"async\" src=\"https:\/\/wpvip.tgalpha.com\/wp-content\/plugins\/transfergo-blocks\/assets\/img\/text-with-button-and-images-1.webp\" alt=\"\"\/><\/figure>\n\n\n\n<figure class=\"wp-block-image text-with-button-and-images__image text-with-button-and-images__image--woman\"><img decoding=\"async\" src=\"https:\/\/wpvip.tgalpha.com\/wp-content\/plugins\/transfergo-blocks\/assets\/img\/text-with-button-and-images-2.webp\" alt=\"\"\/><\/figure>\n<\/div>\n<\/div>\n<\/div>\n<\/div><\/section>\n","protected":false},"excerpt":{"rendered":"","protected":false},"author":7,"featured_media":239249,"parent":1366,"menu_order":0,"comment_status":"closed","ping_status":"closed","template":"business-page-template","meta":{"hideMenuColor":false,"footnotes":""},"class_list":["post-104875","page","type-page","status-publish","has-post-thumbnail","hentry"],"jetpack_sharing_enabled":true,"hideMenuColor":false,"_links":{"self":[{"href":"https:\/\/wpvip.tgalpha.com\/lv\/wp-json\/wp\/v2\/pages\/104875","targetHints":{"allow":["GET"]}}],"collection":[{"href":"https:\/\/wpvip.tgalpha.com\/lv\/wp-json\/wp\/v2\/pages"}],"about":[{"href":"https:\/\/wpvip.tgalpha.com\/lv\/wp-json\/wp\/v2\/types\/page"}],"author":[{"embeddable":true,"href":"https:\/\/wpvip.tgalpha.com\/lv\/wp-json\/wp\/v2\/users\/7"}],"replies":[{"embeddable":true,"href":"https:\/\/wpvip.tgalpha.com\/lv\/wp-json\/wp\/v2\/comments?post=104875"}],"version-history":[{"count":6,"href":"https:\/\/wpvip.tgalpha.com\/lv\/wp-json\/wp\/v2\/pages\/104875\/revisions"}],"predecessor-version":[{"id":862571,"href":"https:\/\/wpvip.tgalpha.com\/lv\/wp-json\/wp\/v2\/pages\/104875\/revisions\/862571"}],"up":[{"embeddable":true,"href":"https:\/\/wpvip.tgalpha.com\/lv\/wp-json\/wp\/v2\/pages\/1366"}],"wp:featuredmedia":[{"embeddable":true,"href":"https:\/\/wpvip.tgalpha.com\/lv\/wp-json\/wp\/v2\/media\/239249"}],"wp:attachment":[{"href":"https:\/\/wpvip.tgalpha.com\/lv\/wp-json\/wp\/v2\/media?parent=104875"}],"curies":[{"name":"wp","href":"https:\/\/api.w.org\/{rel}","templated":true}]}}