{"id":840224,"date":"2025-12-09T15:22:56","date_gmt":"2025-12-09T15:22:56","guid":{"rendered":"https:\/\/wpvip.tgalpha.com\/?page_id=840224"},"modified":"2025-12-10T09:23:47","modified_gmt":"2025-12-10T09:23:47","slug":"virtualus-iban","status":"publish","type":"page","link":"https:\/\/wpvip.tgalpha.com\/lt\/virtualus-iban","title":{"rendered":"Virtual iBAN"},"content":{"rendered":"\n<section class=\"wp-block-tg-terms-and-conditions-hero terms-and-conditions-hero container-fluid alignfull\" align=\"full\"><div class=\"container\">\n<h1 class=\"wp-block-heading has-text-align-center terms-and-conditions-hero__title has-blue-900-color has-text-color\"><strong><strong><strong><strong>Viskas apie j\u016bs\u0173 virtual\u0173 IBAN (vIBAN) pervedimams<\/strong><\/strong><\/strong><\/strong><\/h1>\n<\/div><\/section>\n\n\n\n<section class=\"wp-block-tg-terms-and-conditions-main-content terms-and-conditions-main-content container-fluid\"><div class=\"container\">\n<p>Kai per TransferGo atliekate arba gaunate tarptautinius pervedimus, jums gali b\u016bti suteiktas virtualus IBAN (vIBAN).<\/p>\n\n\n\n<p>vIBAN veikia labai pana\u0161iai kaip \u012fprastas IBAN, ta\u010diau vietoj to, kad atstovaut\u0173 atskir\u0105 banko s\u0105skait\u0105, jis yra unikalus identifikatorius, susietas su j\u016bs\u0173 TransferGo s\u0105skaita.<\/p>\n\n\n\n<p>Jis leid\u017eia j\u016bs\u0173 vardu gauti pinigus konkre\u010dia valiuta ir padeda TransferGo greitai ir tiksliai nukreipti l\u0117\u0161as.<\/p>\n\n\n\n<h2 class=\"wp-block-heading has-x-large-font-size\"><strong>Kas i\u0161duoda j\u016bs\u0173 vIBAN eurais (EUR)?<\/strong><\/h2>\n\n\n\n<p>J\u016bs\u0173 vIBAN i\u0161duoda ir valdo \u201eLHV Pank\u201c \u2013 licencijuota Estijos kredito \u012fstaiga, kuri\u0105 pri\u017ei\u016bri Estijos bankas (Eesti Pank).<\/p>\n\n\n\n<p>\u201eLHV Pank\u201c bendradarbiauja su TransferGo, kad teikt\u0173 tam tikras bankines paslaugas, \u012fskaitant vIBAN generavim\u0105, kuris naudojamas pervedimams si\u0173sti ir gauti.<\/p>\n\n\n\n<h2 class=\"wp-block-heading has-x-large-font-size\"><strong>Kas i\u0161duoda j\u016bs\u0173 vIBAN Lenkijos zlotais (PLN)?<\/strong><\/h2>\n\n\n\n<p>J\u016bs\u0173 vIBAN i\u0161duoda ir valdo \u201eSantander Bank Polska S.A.\u201c \u2013 licencijuota Lenkijos kredito \u012fstaiga, kuri\u0105 pri\u017ei\u016bri Lenkijos finans\u0173 prie\u017ei\u016bros institucija (Komisja Nadzoru Finansowego).<\/p>\n\n\n\n<p>\u201eSantander Bank Polska S.A.\u201c bendradarbiauja su TransferGo, kad teikt\u0173 tam tikras bankines paslaugas, \u012fskaitant vIBAN generavim\u0105, kuris naudojamas pervedimams si\u0173sti ir gauti.<\/p>\n\n\n\n<h2 class=\"wp-block-heading has-x-large-font-size\"><strong><strong>Kas i\u0161duoda j\u016bs\u0173 vIBAN JAV doleriais (USD)?<\/strong><\/strong><\/h2>\n\n\n\n<p>J\u016bs\u0173 vIBAN i\u0161duoda ir valdo \u201eSantander Bank Polska S.A.\u201c \u2013 licencijuota Lenkijos kredito \u012fstaiga, kuri\u0105 pri\u017ei\u016bri Lenkijos finans\u0173 prie\u017ei\u016bros institucija (Komisja Nadzoru Finansowego).<\/p>\n\n\n\n<p>\u201eSantander Bank Polska S.A.\u201c bendradarbiauja su TransferGo, kad teikt\u0173 tam tikras bankines paslaugas, \u012fskaitant vIBAN generavim\u0105, kuris naudojamas pervedimams si\u0173sti ir gauti.<\/p>\n\n\n\n<h2 class=\"wp-block-heading has-x-large-font-size\"><strong><strong>Kas i\u0161duoda j\u016bs\u0173 vIBAN Did\u017eiosios Britanijos svarais (GBP)?<\/strong><\/strong><\/h2>\n\n\n\n<p>J\u016bs\u0173 vIBAN i\u0161duoda ir valdo \u201eLHV Bank Limited\u201c, kuri\u0105 kaip finans\u0173 \u012fstaig\u0105 yra \u012fgaliojusi prudencin\u0117s prie\u017ei\u016bros institucija (Prudent Regulation Authority). \u201eLHV Bank\u201c bendradarbiauja su TransferGo, kad teikt\u0173 tam tikras bankines paslaugas, \u012fskaitant vIBAN generavim\u0105, kuris naudojamas pervedimams si\u0173sti ir gauti.<\/p>\n\n\n\n<h2 class=\"wp-block-heading has-x-large-font-size\"><strong>K\u0105 tai rei\u0161kia jums<\/strong><\/h2>\n\n\n\n<p>Kadangi j\u016bs\u0173 vIBAN suteikia \u0161ie bankai, atkreipkite d\u0117mes\u012f, kad:<\/p>\n\n\n\n<ul class=\"wp-block-list\">\n<li>\u2022 Kai kurioms paslaugoms taikoma j\u0173 jurisdikcija ir reglamentavimas.<\/li>\n\n\n\n<li>\u2022 J\u016bs\u0173 TransferGo s\u0105skaita ir toliau veikia \u012fprastai, ta\u010diau mok\u0117jimams \u012f j\u016bs\u0173 vIBAN arba i\u0161 jo taikomos taisykl\u0117s, galiojan\u010dios j\u0173 banko s\u0105skaitoms.<\/li>\n\n\n\n<li>\u2022 Toks veikimo principas padeda TransferGo si\u016blyti greitus, patikimus ir \u012f vietinius pana\u0161ius pervedimus eurais (EUR), Lenkijos zlotais (PLN), JAV doleriais (USD) ir Did\u017eiosios Britanijos svarais (GBP).<\/li>\n\n\n\n<li><\/li>\n<\/ul>\n\n\n\n<p><strong>Svarbu \u017einoti: <\/strong>nors j\u016bs\u0173 vIBAN i\u0161duoda \u0161ie bankai, l\u0117\u0161os j\u016bs\u0173 TransferGo s\u0105skaitoje i\u0161lieka laikomos atskirai ir apsaugotos pagal visus taikomus reguliavimo reikalavimus.<\/p>\n<\/div><\/section>\n","protected":false},"excerpt":{"rendered":"","protected":false},"author":7,"featured_media":0,"parent":0,"menu_order":0,"comment_status":"closed","ping_status":"closed","template":"","meta":{"hideMenuColor":false,"footnotes":""},"class_list":["post-840224","page","type-page","status-publish","hentry"],"jetpack_sharing_enabled":true,"hideMenuColor":false,"_links":{"self":[{"href":"https:\/\/wpvip.tgalpha.com\/lt\/wp-json\/wp\/v2\/pages\/840224","targetHints":{"allow":["GET"]}}],"collection":[{"href":"https:\/\/wpvip.tgalpha.com\/lt\/wp-json\/wp\/v2\/pages"}],"about":[{"href":"https:\/\/wpvip.tgalpha.com\/lt\/wp-json\/wp\/v2\/types\/page"}],"author":[{"embeddable":true,"href":"https:\/\/wpvip.tgalpha.com\/lt\/wp-json\/wp\/v2\/users\/7"}],"replies":[{"embeddable":true,"href":"https:\/\/wpvip.tgalpha.com\/lt\/wp-json\/wp\/v2\/comments?post=840224"}],"version-history":[{"count":2,"href":"https:\/\/wpvip.tgalpha.com\/lt\/wp-json\/wp\/v2\/pages\/840224\/revisions"}],"predecessor-version":[{"id":840227,"href":"https:\/\/wpvip.tgalpha.com\/lt\/wp-json\/wp\/v2\/pages\/840224\/revisions\/840227"}],"wp:attachment":[{"href":"https:\/\/wpvip.tgalpha.com\/lt\/wp-json\/wp\/v2\/media?parent=840224"}],"curies":[{"name":"wp","href":"https:\/\/api.w.org\/{rel}","templated":true}]}}