{"id":722313,"date":"2025-10-16T13:20:23","date_gmt":"2025-10-16T13:20:23","guid":{"rendered":"https:\/\/wpvip.tgalpha.com\/?page_id=722313"},"modified":"2025-11-18T08:59:30","modified_gmt":"2025-11-18T08:59:30","slug":"swift-kodai","status":"publish","type":"page","link":"https:\/\/wpvip.tgalpha.com\/lt\/swift-kodai","title":{"rendered":"SWIFT\/BIC"},"content":{"rendered":"\n<section class=\"wp-block-tg-hero-with-half-background hero-with-half-background container-fluid alignfull has-blue-500-background-color has-background\" align=\"full\"><div class=\"container\">\n<div class=\"wp-block-group hero-with-half-background__text-wrapper is-layout-flow wp-block-group-is-layout-flow\">\n<h1 class=\"wp-block-heading has-text-align-center hero-with-half-background__heading is-style-h1-higher-header-style has-bw-100-color has-text-color\">SWIFT\/BIC kodai<\/h1>\n\n\n\n<p class=\"has-text-align-center hero-with-half-background__paragraph has-bw-100-color has-text-color\">Naudokite m\u016bs\u0173 nemokam\u0105 SWIFT kodo tikrintuv\u0105, kad greitai rastum\u0117te ar patikrintum\u0117te bank\u0173 kodus. Ie\u0161kokite pagal bank\u0105 ar \u0161al\u012f arba patikrinkite esam\u0105 kod\u0105 prie\u0161 atlikdami tarptautinius pervedimus.<\/p>\n<\/div>\n\n\n\n<div class=\"wp-block-group hero-with-half-background__content-wrapper has-bw-200-background-color has-background is-layout-flow wp-block-group-is-layout-flow\">\n<p class=\"has-text-align-center hero-with-half-background__content-heading is-style-h5-higher-header-style has-blue-500-color has-text-color\">SWIFT\/BIC tikrintuvas jau netrukus.<\/p>\n\n\n\n<p class=\"has-text-align-center hero-with-half-background__content-paragraph is-style-h6-higher-header-style has-blue-900-color has-text-color\">Kuriame \u012frank\u012f su kuriuo gal\u0117site tikrinti ir ie\u0161koti SWIFT\/BIC kod\u0173 tiesiogiai TransferGo platformoje. Tuo tarpu naudokite\u00a0<a href=\"http:\/\/iban.com\/\" target=\"_blank\" rel=\"noreferrer noopener\">IBAN.com<\/a>.<\/p>\n\n\n\n<div class=\"wp-block-buttons hero-with-half-background__content-buttons-wrapper is-content-justification-center is-layout-flex wp-container-core-buttons-is-layout-a89b3969 wp-block-buttons-is-layout-flex\">\n<div class=\"wp-block-button hero-with-half-background__content-button\"><a class=\"wp-block-button__link wp-element-button\" href=\"https:\/\/www.iban.com\/search-bic\" target=\"_blank\" rel=\"noopener\">Tikrinti SWIFT\/BIC IBAN.com svetain\u0117je<\/a><\/div>\n<\/div>\n<\/div>\n<\/div><\/section>\n\n\n\n<section class=\"wp-block-tg-media-and-text media-and-text container-fluid alignfull\" align=\"full\"><div class=\"container\">\n<div class=\"wp-block-media-text has-media-on-the-right is-stacked-on-mobile is-vertically-aligned-center media-and-text__container\"><div class=\"wp-block-media-text__content\">\n<h2 class=\"wp-block-heading has-text-align-left media-and-text__heading is-style-bold-header-style has-blue-900-color has-text-color\">Kas yra SWIFT\/BIC kodas?<\/h2>\n\n\n\n<p class=\"has-text-align-left media-and-text__paragraph has-blue-900-color has-text-color\">SWIFT kodas (dar vadinamas BIC) \u2013 tai unikalus viso pasaulio bank\u0173 identifikatorius. Jis u\u017etikrina, kad siun\u010diant tarptautinius pervedimus j\u016bs\u0173 pinigai pasiekt\u0173 tinkam\u0105 bank\u0105.<\/p>\n\n\n\n<p class=\"has-text-align-left media-and-text__paragraph has-blue-900-color has-text-color\">\u0160ie kodai naudojami tarptautiniams banko pavedimams, SEPA mok\u0117jimams ir tarpvalstybin\u0117ms operacijoms. Be j\u0173 mok\u0117jimai gali v\u0117luoti arba b\u016bti nukreipti neteisingai.<\/p>\n\n\n\n<p class=\"has-text-align-left media-and-text__paragraph has-blue-900-color has-text-color\">Apie SWIFT kod\u0105 galvokite kaip apie savo banko \u201eadres\u0105\u201c pasauliniame finans\u0173 tinkle.<\/p>\n<\/div><figure class=\"wp-block-media-text__media\"><img loading=\"lazy\" decoding=\"async\" width=\"826\" height=\"672\" src=\"https:\/\/wpvip.tgalpha.com\/wp-content\/uploads\/2025\/10\/media-and-text-image-1-1.webp\" alt=\"\" class=\"wp-image-719233 size-full\" srcset=\"https:\/\/wpvip.tgalpha.com\/wp-content\/uploads\/2025\/10\/media-and-text-image-1-1.webp 826w, https:\/\/wpvip.tgalpha.com\/wp-content\/uploads\/2025\/10\/media-and-text-image-1-1.webp?resize=300,244 300w, https:\/\/wpvip.tgalpha.com\/wp-content\/uploads\/2025\/10\/media-and-text-image-1-1.webp?resize=768,625 768w\" sizes=\"auto, (max-width: 826px) 100vw, 826px\" \/><\/figure><\/div>\n<\/div><\/section>\n\n\n\n<section class=\"wp-block-tg-banner-with-image banner-with-image container-fluid alignfull\" align=\"full\"><div class=\"container\">\n<div class=\"wp-block-media-text is-stacked-on-mobile is-vertically-aligned-top banner-with-image__container has-bw-250-background-color has-background\"><figure class=\"wp-block-media-text__media\"><img decoding=\"async\" src=\"https:\/\/wpvip.tgalpha.com\/wp-content\/plugins\/transfergo-blocks\/assets\/img\/banner-with-image\/banner-with-image-on-left.webp\" alt=\"\"\/><\/figure><div class=\"wp-block-media-text__content\">\n<h2 class=\"wp-block-heading has-text-align-left banner-with-image__heading is-style-bold-header-style has-blue-900-color has-text-color\">Kam reikalingas SWIFT\/BIC kodas?<\/h2>\n\n\n\n<p class=\"has-text-align-left banner-with-image__paragraph has-blue-900-color has-text-color\">Kai siun\u010diate ar gaunate pinigus tarptautiniu mastu, bankai naudoja SWIFT\/BIC kodus, kad j\u016bs\u0173 l\u0117\u0161os saugiai ir patikimai pasiekt\u0173 reikiam\u0105 viet\u0105.<\/p>\n\n\n\n<p class=\"has-text-align-left banner-with-image__paragraph has-blue-900-color has-text-color\">SWIFT\/BIC kodo prireiks atliekant banko pervedimus, SEPA mok\u0117jimus Europoje ir kitus tarpvalstybinius sandorius \u2013 i\u0161 esm\u0117s visada, kai siun\u010diate pinigus \u012f u\u017esien\u012f, norint u\u017etikrinti, kad mok\u0117jimas pasiekt\u0173 tinkam\u0105 bank\u0105.<\/p>\n\n\n\n<p class=\"has-text-align-left banner-with-image__paragraph has-blue-900-color has-text-color\">Naudodami teising\u0105 kod\u0105 i\u0161vengsite klaid\u0173, v\u0117lavim\u0173 ir nereikaling\u0173 mokes\u010di\u0173.<\/p>\n\n\n\n<div class=\"wp-block-buttons banner-with-image__buttons-wrapper is-content-justification-left is-layout-flex wp-container-core-buttons-is-layout-fc4fd283 wp-block-buttons-is-layout-flex\">\n<div class=\"wp-block-button banner-with-image__button\"><a class=\"wp-block-button__link wp-element-button\" href=\"https:\/\/app.transfergo.com\/lt\/register\" target=\"_blank\" rel=\"noopener\">Si\u0173sti pinigus<\/a><\/div>\n<\/div>\n<\/div><\/div>\n<\/div><\/section>\n\n\n\n<section class=\"wp-block-tg-fullwidth-swift-banner fullwidth-swift-banner container-fluid has-background alignfull has-blue-500-background-color\" align=\"full\"><div class=\"container\">\n<div class=\"wp-block-columns fullwidth-swift-banner__columns is-layout-flex wp-container-core-columns-is-layout-28f84493 wp-block-columns-is-layout-flex\">\n<div class=\"wp-block-column is-vertically-aligned-center fullwidth-swift-banner__column fullwidth-swift-banner__column--left is-layout-flow wp-block-column-is-layout-flow\">\n<h2 class=\"wp-block-heading has-text-align-left fullwidth-swift-banner__heading is-style-bold-header-style has-blue-900-color has-text-color\"><mark style=\"background-color:rgba(0, 0, 0, 0)\" class=\"has-inline-color has-bw-100-color\">Kaip suformatuotas SWIFT\/BIC kodas?<\/mark><\/h2>\n\n\n\n<p class=\"has-text-align-left fullwidth-swift-banner__paragraph has-blue-900-color has-text-color\"><mark style=\"background-color:rgba(0, 0, 0, 0)\" class=\"has-inline-color has-bw-100-color\">SWIFT\/BIC kod\u0105 sudaro 8\u201311 simboli\u0173; jis nurodo bank\u0105, \u0161al\u012f, vietov\u0119 ir padalin\u012f.<\/mark><\/p>\n<\/div>\n\n\n\n<div class=\"wp-block-column is-vertically-aligned-center fullwidth-swift-banner__column fullwidth-swift-banner__column--right is-layout-flow wp-block-column-is-layout-flow\">\n<div class=\"wp-block-group fullwidth-swift-banner__swift-container is-layout-flow wp-block-group-is-layout-flow\">\n<p class=\"has-text-align-center fullwidth-swift-banner__swift-heading is-style-h6-higher-header-style no-margin has-blue-900-color has-text-color\">Pavyzdys<\/p>\n\n\n\n<div class=\"wp-block-group fullwidth-swift-banner__swift-example-wrapper no-margin is-layout-flow wp-block-group-is-layout-flow\">\n<p class=\"has-text-align-center fullwidth-swift-banner__swift-example no-margin has-blue-900-color has-text-color has-medium-font-size\">Two check digits<\/p>\n\n\n\n<p class=\"has-text-align-center fullwidth-swift-banner__swift-example-code is-style-h5-higher-header-style no-margin has-blue-900-color has-blue-50-background-color has-text-color has-background\">AAAA &#8211; BB &#8211; CC &#8211; 123<\/p>\n<\/div>\n\n\n\n<div class=\"wp-block-group fullwidth-swift-banner__swift-bank-wrapper no-margin is-layout-flow wp-block-group-is-layout-flow\">\n<p class=\"has-text-align-center fullwidth-swift-banner__swift-bank no-margin has-blue-900-color has-text-color has-medium-font-size\">Banko kodas<\/p>\n\n\n\n<p class=\"has-text-align-center fullwidth-swift-banner__swift-bank-code is-style-h6-higher-header-style no-margin has-blue-900-color has-blue-50-background-color has-text-color has-background\"> AAAA<\/p>\n<\/div>\n\n\n\n<div class=\"wp-block-group fullwidth-swift-banner__swift-country-wrapper no-margin is-layout-flow wp-block-group-is-layout-flow\">\n<p class=\"has-text-align-center fullwidth-swift-banner__swift-country no-margin has-blue-900-color has-text-color has-medium-font-size\">\u0160alies kodas<\/p>\n\n\n\n<p class=\"has-text-align-center fullwidth-swift-banner__swift-country-code is-style-h6-higher-header-style no-margin has-blue-900-color has-blue-50-background-color has-text-color has-background\">BB<\/p>\n<\/div>\n\n\n\n<div class=\"wp-block-group fullwidth-swift-banner__swift-location-wrapper no-margin is-layout-flow wp-block-group-is-layout-flow\">\n<p class=\"has-text-align-center fullwidth-swift-banner__swift-location no-margin has-blue-900-color has-text-color has-medium-font-size\">Vietov\u0117s kodas<\/p>\n\n\n\n<p class=\"has-text-align-center fullwidth-swift-banner__swift-location-code is-style-h6-higher-header-style no-margin has-blue-900-color has-blue-50-background-color has-text-color has-background\">CC<\/p>\n<\/div>\n\n\n\n<div class=\"wp-block-group fullwidth-swift-banner__swift-branch-wrapper no-margin is-layout-flow wp-block-group-is-layout-flow\">\n<p class=\"has-text-align-center fullwidth-swift-banner__swift-branch no-margin has-blue-900-color has-text-color has-medium-font-size\">Padalinio kodas<\/p>\n\n\n\n<p class=\"has-text-align-center fullwidth-swift-banner__swift-branch-code is-style-h6-higher-header-style no-margin has-blue-900-color has-blue-50-background-color has-text-color has-background\">123<\/p>\n<\/div>\n<\/div>\n<\/div>\n<\/div>\n<\/div><\/section>\n\n\n\n<section class=\"wp-block-tg-trustpilot-slider trustpilot-slider container-fluid alignfull\" align=\"full\"><div class=\"container\">\n<h2 class=\"wp-block-heading has-text-align-center trustpilot-slider__heading is-style-h3-higher-header-style has-blue-900-color has-text-color\">Mumis pasitiki daugiau nei <mark style=\"background-color:rgba(0, 0, 0, 0)\" class=\"has-inline-color has-blue-500-color\">9 milijonai \u017emoni\u0173<\/mark><\/h2>\n\n\n\n<p class=\"has-text-align-center trustpilot-slider__subheading is-style-h6-higher-header-style has-bw-700-color has-text-color\">Jau daugiau nei de\u0161imtmet\u012f TransferGo finansines paslaugas daro greitesnes, paprastesnes, prieinamesnes ir lengviau pasiekiamas tiems, kuriems j\u0173 labiausiai reikia.<\/p>\n\n\n\n<div class=\"wp-block-group trustpilot-slider__slider-container swiper is-layout-flow wp-block-group-is-layout-flow\">\n<div class=\"wp-block-tg-trustpilot-slider-repeater trustpilot-slider-repeater swiper-wrapper\">\n<div class=\"wp-block-tg-trustpilot-slider-item trustpilot-slider-item swiper-slide  has-alt-decoration\">\n<figure class=\"wp-block-image size-large trustpilot-slider-item__image--person\"><img decoding=\"async\" src=\"https:\/\/wpvip.tgalpha.com\/wp-content\/plugins\/transfergo-blocks\/assets\/img\/trustpilot-slider\/slider-woman.webp\" alt=\"\"\/><\/figure>\n\n\n\n<figure class=\"wp-block-image size-large trustpilot-slider-item__image--rating\"><img decoding=\"async\" src=\"https:\/\/wpvip.tgalpha.com\/wp-content\/plugins\/transfergo-blocks\/assets\/img\/trustpilot-slider\/trustpilot-rating.svg\" alt=\"\"\/><\/figure>\n\n\n\n<p class=\"has-text-align-left trustpilot-slider-item__heading is-style-h5-higher-header-style has-blue-900-color has-text-color\">&#8220;Tikrai geras aptarnavimas!&#8221;<\/p>\n\n\n\n<p class=\"has-text-align-left trustpilot-slider-item__paragraph has-blue-900-color has-text-color\">&#8220;TransferGo susisiek\u0117 su manimi tiesiogiai, kai kilo problema, ir jie greitai j\u0105 i\u0161sprend\u0117. A\u0161 atlikau tarptautin\u012f pervedim\u0105 vos per kelias valandas.&#8221;<\/p>\n\n\n\n<div class=\"wp-block-buttons trustpilot-slider-item__buttons-wrapper is-content-justification-right is-layout-flex wp-container-core-buttons-is-layout-ca13948c wp-block-buttons-is-layout-flex\">\n<div class=\"wp-block-button trustpilot-slider-item__button is-style-button-black-with-underline-and-arrow-no-background\"><a class=\"wp-block-button__link wp-element-button\" href=\"https:\/\/www.trustpilot.com\/review\/transfergo.com\" target=\"_blank\" rel=\"noopener\">Skaityti daugiau<\/a><\/div>\n<\/div>\n<\/div>\n\n\n\n<div class=\"wp-block-tg-trustpilot-slider-item trustpilot-slider-item swiper-slide\">\n<figure class=\"wp-block-image size-large trustpilot-slider-item__image--person\"><img decoding=\"async\" src=\"https:\/\/wpvip.tgalpha.com\/wp-content\/plugins\/transfergo-blocks\/assets\/img\/trustpilot-slider\/person.webp\" alt=\"\"\/><\/figure>\n\n\n\n<figure class=\"wp-block-image size-large trustpilot-slider-item__image--rating\"><img decoding=\"async\" src=\"https:\/\/wpvip.tgalpha.com\/wp-content\/plugins\/transfergo-blocks\/assets\/img\/trustpilot-slider\/trustpilot-rating.svg\" alt=\"\"\/><\/figure>\n\n\n\n<p class=\"has-text-align-left trustpilot-slider-item__heading is-style-h5-higher-header-style has-blue-900-color has-text-color\">&#8220;Puiki \u012fmon\u0117 ir konkurencingi valiut\u0173 keitimo kursai&#8221;<\/p>\n\n\n\n<p class=\"has-text-align-left trustpilot-slider-item__paragraph has-blue-900-color has-text-color\">&#8220;Pervedimai yra greiti ir n\u0117ra joki\u0173 mokes\u010di\u0173. Dauguma pervedim\u0173 yra nemokami! Rekomenduosiu platform\u0105 visiems nigerie\u010diams.&#8221;<\/p>\n\n\n\n<div class=\"wp-block-buttons trustpilot-slider-item__buttons-wrapper is-content-justification-right is-layout-flex wp-container-core-buttons-is-layout-ca13948c wp-block-buttons-is-layout-flex\">\n<div class=\"wp-block-button trustpilot-slider-item__button is-style-button-black-with-underline-and-arrow-no-background\"><a class=\"wp-block-button__link wp-element-button\" href=\"https:\/\/www.trustpilot.com\/review\/transfergo.com\" target=\"_blank\" rel=\"noopener\">Skaityti daugiau<\/a><\/div>\n<\/div>\n<\/div>\n\n\n\n<div class=\"wp-block-tg-trustpilot-slider-item trustpilot-slider-item swiper-slide  has-alt-decoration-center\">\n<figure class=\"wp-block-image size-large trustpilot-slider-item__image--person\"><img decoding=\"async\" src=\"https:\/\/wpvip.tgalpha.com\/wp-content\/plugins\/transfergo-blocks\/assets\/img\/trustpilot-slider\/slider-man.webp\" alt=\"\"\/><\/figure>\n\n\n\n<figure class=\"wp-block-image size-large trustpilot-slider-item__image--rating\"><img decoding=\"async\" src=\"https:\/\/wpvip.tgalpha.com\/wp-content\/plugins\/transfergo-blocks\/assets\/img\/trustpilot-slider\/trustpilot-rating.svg\" alt=\"\"\/><\/figure>\n\n\n\n<p class=\"has-text-align-left trustpilot-slider-item__heading is-style-h5-higher-header-style has-blue-900-color has-text-color\">&#8220;Labai geras aptarnavimas&#8221;<\/p>\n\n\n\n<p class=\"has-text-align-left trustpilot-slider-item__paragraph has-blue-900-color has-text-color\">&#8220;A\u0161 nusiun\u010diau pinigus \u012f savo kit\u0105 banko s\u0105skait\u0105 ir gavau juos per kelias sekundes. Rekomendavau tai visiems savo draugams. A\u010di\u016b jums!&#8221;<\/p>\n\n\n\n<div class=\"wp-block-buttons trustpilot-slider-item__buttons-wrapper is-content-justification-right is-layout-flex wp-container-core-buttons-is-layout-ca13948c wp-block-buttons-is-layout-flex\">\n<div class=\"wp-block-button trustpilot-slider-item__button is-style-button-black-with-underline-and-arrow-no-background\"><a class=\"wp-block-button__link wp-element-button\" href=\"https:\/\/www.trustpilot.com\/review\/transfergo.com\" target=\"_blank\" rel=\"noopener\">Skaityti daugiau<\/a><\/div>\n<\/div>\n<\/div>\n<\/div>\n<\/div>\n<div class=\"trustpilot-slider__navigation\"><button class=\"swiper-button-prev\"><\/button><button class=\"swiper-button-next\"><\/button><\/div><\/div><\/section>\n\n\n\n<section class=\"wp-block-tg-faqs-accordion faqs-accordion container-fluid alignfull\" align=\"full\"><div class=\"container\">\n<h2 class=\"wp-block-heading has-text-align-center faqs-accordion__heading is-style-h3-higher-header-style has-blue-900-color has-text-color\">Da\u017eniausiai u\u017eduodami klausimai<\/h2>\n\n\n\n<details class=\"wp-block-tg-faqs-accordion-item faqs-accordion-item open\" open><summary class=\"faqs-accordion-item__question is-style-h6-higher-header-style\">Kas tiksliai yra SWIFT kodas ir kod\u0117l jis naudojamas tarptautin\u0117je bankininkyst\u0117je?<\/summary><div class=\"faqs-accordion-item__height-wrapper\"><div class=\"faqs-accordion-item__content-wrapper\">\n<p>SWIFT kodas padeda bankams atpa\u017einti vienas kit\u0105 vykdant tarptautinius pervedimus, u\u017etikrindamas, kad j\u016bs\u0173 pinigai saugiai pasiekt\u0173 tinkam\u0105 viet\u0105.<\/p>\n<\/div><\/div><\/details>\n\n\n\n<details class=\"wp-block-tg-faqs-accordion-item faqs-accordion-item\"><summary class=\"faqs-accordion-item__question is-style-h6-higher-header-style\">K\u0105 rei\u0161kia BIC kodas ir kaip jis veikia tarpvalstybin\u0117se operacijose?<\/summary><div class=\"faqs-accordion-item__height-wrapper\"><div class=\"faqs-accordion-item__content-wrapper\">\n<p>BIC (Bank Identifier Code) yra kitas SWIFT kodo pavadinimas \u2013 abu terminai vartojami kaip sinonimai.<\/p>\n<\/div><\/div><\/details>\n\n\n\n<details class=\"wp-block-tg-faqs-accordion-item faqs-accordion-item\"><summary class=\"faqs-accordion-item__question is-style-h6-higher-header-style\">Ar SWIFT ir BIC kodai yra tas pats?<\/summary><div class=\"faqs-accordion-item__height-wrapper\"><div class=\"faqs-accordion-item__content-wrapper\">\n<p>Taip. SWIFT ir BIC kodai rei\u0161kia t\u0105 pat\u012f standart\u0105, naudojam\u0105 bankams visame pasaulyje identifikuoti.<\/p>\n<\/div><\/div><\/details>\n\n\n\n<details class=\"wp-block-tg-faqs-accordion-item faqs-accordion-item\"><summary class=\"faqs-accordion-item__question is-style-h6-higher-header-style\">Kaip rasti teising\u0105 mano banko SWIFT\/BIC kod\u0105?<\/summary><div class=\"faqs-accordion-item__height-wrapper\"><div class=\"faqs-accordion-item__content-wrapper\">\n<p>Galite pasinaudoti m\u016bs\u0173 paie\u0161ka auk\u0161\u010diau, patikrinti savo banko i\u0161ra\u0161\u0105 arba tiesiogiai kreiptis \u012f savo bank\u0105.<\/p>\n<\/div><\/div><\/details>\n\n\n\n<details class=\"wp-block-tg-faqs-accordion-item faqs-accordion-item\"><summary class=\"faqs-accordion-item__question is-style-h6-higher-header-style\">Kuo skiriasi SWIFT kodas nuo IBAN?<\/summary><div class=\"faqs-accordion-item__height-wrapper\"><div class=\"faqs-accordion-item__content-wrapper\">\n<p>SWIFT kodas identifikuoja bank\u0105, o IBAN identifikuoja j\u016bs\u0173 individuali\u0105 s\u0105skait\u0105 tame banke.<\/p>\n<\/div><\/div><\/details>\n\n\n\n<details class=\"wp-block-tg-faqs-accordion-item faqs-accordion-item\"><summary class=\"faqs-accordion-item__question is-style-h6-higher-header-style\">Kaip nusi\u0173sti pinigus \u012f u\u017esien\u012f naudojant SWIFT\/BIC kod\u0105?<\/summary><div class=\"faqs-accordion-item__height-wrapper\"><div class=\"faqs-accordion-item__content-wrapper\">\n<p>Tiesiog \u012fveskite gav\u0117jo SWIFT\/BIC kod\u0105 kartu su j\u0173 IBAN arba s\u0105skaitos numeriu, kai atliekate pervedim\u0105.<\/p>\n<\/div><\/div><\/details>\n<\/div><\/section>\n","protected":false},"excerpt":{"rendered":"","protected":false},"author":7,"featured_media":0,"parent":0,"menu_order":0,"comment_status":"closed","ping_status":"closed","template":"","meta":{"hideMenuColor":false,"footnotes":""},"class_list":["post-722313","page","type-page","status-publish","hentry"],"jetpack_sharing_enabled":true,"hideMenuColor":false,"_links":{"self":[{"href":"https:\/\/wpvip.tgalpha.com\/lt\/wp-json\/wp\/v2\/pages\/722313","targetHints":{"allow":["GET"]}}],"collection":[{"href":"https:\/\/wpvip.tgalpha.com\/lt\/wp-json\/wp\/v2\/pages"}],"about":[{"href":"https:\/\/wpvip.tgalpha.com\/lt\/wp-json\/wp\/v2\/types\/page"}],"author":[{"embeddable":true,"href":"https:\/\/wpvip.tgalpha.com\/lt\/wp-json\/wp\/v2\/users\/7"}],"replies":[{"embeddable":true,"href":"https:\/\/wpvip.tgalpha.com\/lt\/wp-json\/wp\/v2\/comments?post=722313"}],"version-history":[{"count":4,"href":"https:\/\/wpvip.tgalpha.com\/lt\/wp-json\/wp\/v2\/pages\/722313\/revisions"}],"predecessor-version":[{"id":836693,"href":"https:\/\/wpvip.tgalpha.com\/lt\/wp-json\/wp\/v2\/pages\/722313\/revisions\/836693"}],"wp:attachment":[{"href":"https:\/\/wpvip.tgalpha.com\/lt\/wp-json\/wp\/v2\/media?parent=722313"}],"curies":[{"name":"wp","href":"https:\/\/api.w.org\/{rel}","templated":true}]}}