{"id":2588,"date":"2022-11-01T07:16:02","date_gmt":"2022-11-01T07:16:02","guid":{"rendered":"https:\/\/transfergo.wpengine.com\/terms-and-conditions\/refer-a-friend-programme"},"modified":"2025-10-10T15:05:25","modified_gmt":"2025-10-10T15:05:25","slug":"pakviesk-drauga-programa","status":"publish","type":"page","link":"https:\/\/wpvip.tgalpha.com\/lt\/taisykles\/pakviesk-drauga-programa","title":{"rendered":"Pakviesk draug\u0105 programa"},"content":{"rendered":"\n<section class=\"wp-block-tg-terms-and-conditions-hero terms-and-conditions-hero container-fluid alignfull\" align=\"full\"><div class=\"container\">\n<h1 class=\"wp-block-heading has-text-align-center terms-and-conditions-hero__title has-blue-900-color has-text-color\">Naudojimosi s\u0105lygos:<br>Pakviesk draug\u0105 programa<\/h1>\n\n\n\n<div class=\"wp-block-group terms-and-conditions-hero__last-updated-wrapper is-layout-flow wp-block-group-is-layout-flow\">\n<p class=\"terms-and-conditions-hero__last-updated-text has-blue-900-color has-text-color has-medium-font-size\">\u012eSIGALIOJIMO DATA<\/p>\n\n\n\t<p class=\"terms-and-conditions-hero__last-updated-date has-blue-900-color has-text-color has-large-font-size\">\n\t\t10\/10\/2025\t<\/p>\n<\/div>\n<\/div><\/section>\n\n\n\n<section class=\"wp-block-tg-terms-and-conditions-main-content terms-and-conditions-main-content container-fluid\"><div class=\"container\">\n<p><strong>1. \u012evadas\u00a0<\/strong><\/p>\n\n\n\n<p>1.1 \u0160iame puslapyje nurodytos s\u0105lygos ir nuostatos, taikomos TransferGo Pakviesk draug\u0105 programai (\u201eRekomendacij\u0173 programa\u201c)<\/p>\n\n\n\n<p>1.2. \u201eRekomendacij\u0173 programa\u201c yra remiama, skatinama ir administruojama \u201eTransferGo Ltd\u201c (\u201eTransferGo\u201c, \u201emes\u201c, \u201em\u016bs\u0173\u201c). Mes teikiame paslaug\u0105, kuri leid\u017eia jums si\u0173sti pinigus ir atlikti u\u017esienio valiutos mok\u0117jimus tarptautiniu mastu per m\u016bs\u0173 svetain\u0119, <a href=\"https:\/\/wpvip.tgalpha.com\/lt\/\">transfergo.com<\/a>, ir m\u016bs\u0173 program\u0117l\u0119 (\u201ePaslauga\u201c).<\/p>\n\n\n\n<p>1.3. Pakviesdami draug\u0105 (\u201eRekomenduotas vartotojas\u201c) kaip nurodyta \u017eemiau, j\u016bs (\u201eRekomenduotojas\u201c) b\u016bsite laikomas sutikusiu su \u0161iomis s\u0105lygomis ir nuostatomis (\u201eProgramos s\u0105lygos\u201c). Pra\u0161ome atid\u017eiai perskaityti \u0161ias Programos s\u0105lygas ir \u012fsitikinti, kad jas suprantate ir sutinkate su jomis prie\u0161 siun\u010diant mums bet kur\u012f asmen\u012f.<\/p>\n\n\n\n<p>1.4. \u201eRekomendacij\u0173 programa\u201c yra negaliojanti ten, kur tai draud\u017eiama \u012fstatymas.<\/p>\n\n\n\n<p><strong>2. Kaip dalyvauti rekomendacij\u0173 programoje<\/strong><\/p>\n\n\n\n<p>2.1. Nor\u0117dami dalyvauti \u201eRekomendacij\u0173 programoje\u201c, turite rekomenduoti m\u016bs\u0173 \u201ePaslaug\u0105\u201c asmeniui ir atlikti bet kur\u012f i\u0161 \u0161i\u0173 veiksm\u0173:<\/p>\n\n\n\n<ul class=\"wp-block-list\">\n<li>\u2022\u00a0perduoti jiems savo pakvietimo kod\u0105;<\/li>\n\n\n\n<li>\u2022\u00a0i\u0161si\u0173sti jiems savo pakvietimo nuorod\u0105; arba<\/li>\n\n\n\n<li>\u2022\u00a0papra\u0161yti m\u016bs\u0173 i\u0161si\u0173sti jiems \u012fvadin\u012f el. lai\u0161k\u0105 per m\u016bs\u0173 \u201ePaslaug\u0105\u201c, atsi\u0173sdami mums j\u0173 el. pa\u0161to adres\u0105 naudojant funkcij\u0105 \u2018Pakviesti draugus\u2019 puslapyje m\u016bs\u0173 \u201ePaslaugoje\u201c<\/li>\n<\/ul>\n\n\n\n<p>2.2. Tas asmuo (\u201eRekomenduotas vartotojas\u201c) privalo u\u017esiregistruoti, sukurti paskyr\u0105 ir nurodyti, kad j\u016bs j\u012f rekomendavote m\u016bs\u0173 \u201ePaslaugai\u201c atlikdamas vien\u0105 i\u0161 \u0161i\u0173 veiksm\u0173:<\/p>\n\n\n\n<ul class=\"wp-block-list\">\n<li>\u2022\u00a02.2.1. pateikiant j\u016bs\u0173 pakvietimo kod\u0105; arba<\/li>\n\n\n\n<li>\u2022\u00a02.2.2. sekti j\u016bs\u0173 pakvietimo nuorod\u0105; arba<\/li>\n\n\n\n<li>\u2022\u00a02.2.3. sekti nuorod\u0105, esan\u010di\u0105 \u012fvadiniame el. lai\u0161ke, i\u0161si\u0173stame per m\u016bs\u0173 \u201ePaslaug\u0105\u201c<\/li>\n<\/ul>\n\n\n\n<p>2.3. Suteiksime jums prieig\u0105 prie j\u016bs\u0173 unikalaus pakvietimo kodo ir pakvietimo nuorodos, kai prisijungsite prie savo paskyros ir eisite \u012f \u201ePakvieskite ir u\u017edirbkite\u201c skilt\u012f m\u016bs\u0173 \u201ePaslaugoje\u201c. (Jeigu sutikote gauti el. lai\u0161kus i\u0161 m\u016bs\u0173, taip pat i\u0161si\u0173sime j\u016bs\u0173 pakvietimo kod\u0105 \u012f el. pa\u0161to adres\u0105, kur\u012f nurod\u0117te sukurdami savo paskyr\u0105. Galite patikrinti ir pakeisti savo i\u0161saugot\u0105 el. pa\u0161to adres\u0105 TransferGo paskyros skiltyje \u201eNustatymai\u201c.)<\/p>\n\n\n\n<p>2.4. Pakviestas vartotojas turi pervesti konkre\u010di\u0105 sum\u0105 ir atlikti pervedim\u0173 skai\u010di\u0173, nurodyt\u0105 program\u0117l\u0117je ir\/arba internetin\u0117je svetain\u0117je, kad j\u016bs gal\u0117tum\u0117te gauti atlyg\u012f (Reikalavimus atitinkantis pervedimas (-ai)). Pervesti \u0161i\u0105 sum\u0105 ir atlikti nurodyt\u0105 reikalavimus atitinkan\u010di\u0173 pervedim\u0173 skai\u010di\u0173 b\u016btina per 6 m\u0117nesius nuo pakviesto vartotojo registracijos.<\/p>\n\n\n\n<p>2.5. \u201eReikalavimus atitinkantys pervedimai\u201c&nbsp; turi b\u016bti tarptautiniai (i\u0161 kortel\u0117s\/banko s\u0105skaitos, i\u0161 vienos \u0161alies \u012f kit\u0105) ir i\u0161 vienos valiutos \u012f kit\u0105. Pervedimai ta pa\u010dia valiuta, pavyzd\u017eiui, i\u0161 EUR \u012f EUR, n\u0117ra laikomi \u201eReikalavimus atitinkan\u010diais pervedimais\u201c.<\/p>\n\n\n\n<p>2.6. M\u016bs\u0173 \u201ePaslaugoje\u201c skiltyje \u201ePakvieskite ir u\u017edirbkite\u201c taip pat galite m\u016bs\u0173 papra\u0161yti, kad j\u016bs\u0173 vardu i\u0161si\u0173stum\u0117me lai\u0161k\u0105 \u012f nurodyt\u0105 el. pa\u0161to adres\u0105.&nbsp;<\/p>\n\n\n\n<p>2.7. Patvirtindami, kad pra\u0161ote m\u016bs\u0173 i\u0161si\u0173sti jiems el. lai\u0161k\u0105 (ir\/ar kitus komunikacijos b\u016bdus), patvirtinate, kad turite gav\u0117jo ai\u0161k\u0173 sutikim\u0105 mums laikyti j\u0173 kontaktinius duomenis ir naudoti juos \u201eRekomendacij\u0173 programai\u201c.<\/p>\n\n\n\n<p>2.8. Tai yra j\u016bs\u0173 atsakomyb\u0117 gauti \u201eRekomenduoto vartotojo\u201c sutikim\u0105 jiems si\u0173sti pakvietimo kod\u0105 ar pakvietimo nuorod\u0105 \u012f m\u016bs\u0173 \u201ePaslaug\u0105\u201c.<\/p>\n\n\n\n<p>2.9. Kai \u201eRekomenduotas vartotojas\u201c atliks \u201eReikalavimus atitinkant\u012f(-us) pervedim\u0105(-us)\u201c, galite pretenduoti \u012f pinigin\u012f atlyg\u012f, nurodyt\u0105 3 punkte (tai \u201ePremija\u201c). \u201eReikalavimus atitinkantis pervedimas\u201c laikomas \u012fvykdytu, kai:<\/p>\n\n\n\n<ul class=\"wp-block-list\">\n<li>\u2022\u00a0\u201eRekomenduotas vartotojas\u201c inicijavo pervedim\u0105, sumok\u0117jo mums atitinkam\u0105 pervestin\u0105 sum\u0105 kartu su m\u016bs\u0173 mokes\u010diais;<\/li>\n\n\n\n<li>\u2022\u00a0ir\u012f gav\u0117jo banko s\u0105skait\u0105 buvo \u012fskaityta suma, kuri\u0105 \u201eRekomenduotas vartotojas\u201c i\u0161siunt\u0117 naudodamasis m\u016bs\u0173 \u201ePaslauga\u201c (atsi\u017evelgiant \u012f bet kokius papildomus mokes\u010dius ir mokes\u010dius, nurodytus m\u016bs\u0173 taisykl\u0117se ir s\u0105lygose <a href=\"https:\/\/wpvip.tgalpha.com\/lt\/taisykles\">https:\/\/wpvip.tgalpha.com\/lt\/taisykles<\/a>) ir suma nebuvo atmesta arba gr\u0105\u017einta \u012f m\u016bs\u0173 s\u0105skait\u0105.<\/li>\n<\/ul>\n\n\n\n<p>2.10. Atsi\u017evelgiant \u012f 2.12, 2.13, 2.14 ir 5 punktus, prane\u0161ime jums, kad galite gauti \u201ePremij\u0105\u201c atnaujindami informacij\u0105 j\u016bs\u0173 \u201eRekomendacijos\u201c skiltyje m\u016bs\u0173 \u201ePaslaugoje\u201c per 5 darbo dienas nuo to momento, kai \u201eRekomenduotas vartotojas\u201c atlieka \u201eReikalavimus atitinkant\u012f(-us) pervedim\u0105(-us)\u201c.<\/p>\n\n\n\n<p>2.11. Jeigu \u201eRekomenduotas vartotojas\u201c naudoja kvietimo nuorod\u0105, o ne kvietimo kod\u0105, kurdamas savo paskyr\u0105, jis privalo \u012fjungti slapukus savo nar\u0161ykl\u0117je, kad gal\u0117tume j\u012f identifikuoti kaip \u201ePaslaug\u0105\u201c naudojant\u012f d\u0117l j\u016bs\u0173 pakvietimo, ir kad j\u016bs gal\u0117tum\u0117te gauti \u201ePremij\u0105\u201c.<\/p>\n\n\n\n<p>2.12. Kad gal\u0117tum\u0117te atsiimti \u201ePremij\u0105\u201c, mums gali prireikti papildomos informacijos i\u0161 j\u016bs\u0173 ir \u201eRekomenduoto vartotojo\u201c. Mes galime:<\/p>\n\n\n\n<ul class=\"wp-block-list\">\n<li>\u2022\u00a0papra\u0161yti j\u016bs\u0173 ir \u201eRekomenduoto vartotojo\u201c patvirtinti savo tapatybes, pateikiant bet kokias detales ar dokumentus, kuri\u0173 mes galime pagr\u012fstai reikalauti (priklausomai nuo situacijos);<\/li>\n\n\n\n<li>\u2022\u00a0imtis bet koki\u0173 pagr\u012fst\u0173 veiksm\u0173, kad patikrintume j\u016bs\u0173 arba \u201eRekomenduoto vartotojo\u201c pateikt\u0105 informacij\u0105 ar dokumentus elektroniniam tapatumui nustatyti, pavyzd\u017eiui, pasiekiant vyriausyb\u0117s ir priva\u010dias duomen\u0173 bazes bei kredito informacijos agent\u016bras.<\/li>\n<\/ul>\n\n\n\n<p>2.13.TransferGo pasilieka teis\u0119 nemok\u0117ti \u201ePremijos\u201c \u0161iais atvejais:<\/p>\n\n\n\n<ul class=\"wp-block-list\">\n<li>\u2022\u00a0jei negalime patvirtinti j\u016bs\u0173 ar \u201eRekomenduoto vartotojo\u201c tapatyb\u0117s ar bet kokios papildomos informacijos ir dokumentacijos pagal 2.8 punkt\u0105;<\/li>\n\n\n\n<li>\u2022\u00a0Jeigu mes pagr\u012fstai \u012ftariame, kad paskyra suklastota \u201eRekomenduoto vartotojo\u201c, arba kad\u00a0\u201eRekomenduoto vartotojo\u201c paskyra kaip nors pa\u017eeid\u017eia m\u016bs\u0173 Taisykles ir s\u0105lygas (<a href=\"https:\/\/wpvip.tgalpha.com\/lt\/taisykles\">https:\/\/wpvip.tgalpha.com\/lt\/taisykles<\/a>);<\/li>\n\n\n\n<li>\u2022\u00a0jei \u201eRekomenduotas vartotojas\u201c savo \u201eReikalavimus atitinkant\u012f(-us) pervedim\u0105(-us)\u201c siun\u010dia \u012f arba i\u0161 finansini\u0173 \u201ePaslaug\u0173\u201c teik\u0117j\u0173, kuriuos \u012ftrauk\u0117me \u012f u\u017edraust\u0173 \u201ePaslaug\u0173\u201c s\u0105ra\u0161\u0105, nustat\u0119 piktnaud\u017eiavimo su \u0161iais teik\u0117jais atvejus (pavyzd\u017eiui, \u201eRevolut\u201c, \u201eMonese\u201c, \u201eApplePay\u201c, \u201eGoogle Pay\u201c, \u201eN26\u201c ir kt.).<\/li>\n\n\n\n<li>\u2022\u00a0jei \u201eRekomenduotas vartotojas\u201c siun\u010dia pinigus jums arba sau,<\/li>\n\n\n\n<li>\u2022\u00a0jei keli \u201eRekomenduoti vartotojai\u201c, pakviesti to paties asmens, siun\u010dia pinigus tam pa\u010diam tre\u010diajam asmeniui;\u00a0<\/li>\n\n\n\n<li>\u2022\u00a0jei siunt\u0117jas ir gav\u0117jas naudoja t\u0105 pa\u010di\u0105 nuorod\u0105 ar kupono kod\u0105 pagal \u201eRekomendacij\u0173 program\u0105\u201c, nepaisant to, ar a) j\u0173 banko s\u0105skaitos, debeto kortel\u0117s, kredito kortel\u0117s, i\u0161ankstinio mok\u0117jimo kortel\u0117s ar ID vardas yra kitoks, ar b) j\u0173 s\u0105skaitos adresas yra kitoks<\/li>\n\n\n\n<li>\u2022\u00a0jei banko kortel\u0117je ar s\u0105skaitoje nurodytas vardas n\u0117ra j\u016bs\u0173, arba jei jis nesutampa su vardu, nurodytu j\u016bs\u0173 TransferGo paskyroje. Jei vardai nesutampa, pasiliekame teis\u0119 nemok\u0117ti j\u016bs\u0173 atlygio<\/li>\n\n\n\n<li>\u2022\u00a0jei pa\u017eeid\u0117te bet kur\u012f \u0161i\u0173 Programos s\u0105lyg\u0173 ar m\u016bs\u0173 S\u0105lyg\u0173 ir nuostat\u0173 punkt\u0105;<\/li>\n\n\n\n<li>\u2022\u00a0jei mes nutrauk\u0117me \u201eRekomendacij\u0173 program\u0105\u201c ir \u201eReikalavimus atitinkantys pervedimai\u201c\u00a0 buvo atlikti po to, kai \u201eRekomendacij\u0173 programa\u201c buvo nutraukta;<\/li>\n\n\n\n<li>\u2022\u00a0jei pagal galiojan\u010dius \u012fstatymus mes negalime jums mok\u0117ti \u201ePremijos\u201c; arba<\/li>\n\n\n\n<li>\u2022\u00a0jei j\u016bs\u0173 \u201ePremija\u201c nustojo galioti pagal 4.2 punkt\u0105<\/li>\n\n\n\n<li>\u2022\u00a0jei j\u016bs arba j\u016bs\u0173 \u201eRekomenduotas vartotojas\u201c turi kelias TransferGo paskyras;<\/li>\n\n\n\n<li>\u2022\u00a0jei daugiau nei vienas vartotojas reikalauja i\u0161mok\u0117ti \u201ePremij\u0105\u201c \u012f t\u0105 pa\u010di\u0105 paskyr\u0105<\/li>\n\n\n\n<li>\u2022\u00a0jei \u012ftariame, kad \u201eRekomenduotas vartotojas\u201c neturi realaus ketinimo naudotis m\u016bs\u0173 \u201ePaslauga\u201c ir j\u0105 naudojo tik vien\u0105 kart\u0105, kad gaut\u0173 \u201ePremij\u0105\u201c<\/li>\n\n\n\n<li>\u2022\u00a0kai papra\u0161ote m\u016bs\u0173 i\u0161mok\u0117ti Atlyg\u012f \u012f TransferGo s\u0105skait\u0105, kuri n\u0117ra j\u016bs\u0173 (arba \u012f asmenin\u0119 banko s\u0105skait\u0105, jei neturite galimyb\u0117s atsidaryti TransferGo s\u0105skaitos)<\/li>\n\n\n\n<li>\u2022\u00a0kai papra\u0161ote m\u016bs\u0173 i\u0161mok\u0117ti Atlyg\u012f \u012f banko s\u0105skait\u0105 \u0161alyje, kurios mes nepalaikome (taikoma tik vartotojams, kurie neturi galimyb\u0117s atsidaryti TransferGo s\u0105skaitos)<\/li>\n\n\n\n<li>\u2022\u00a0kitais atvejais, kurie pa\u017eeid\u017eia \u201eRekomendacij\u0173 programos\u201c s\u0105lygas, jei \u201eRekomenduotas vartotojas\u201c nepateikia savo unikalaus pakvietimo kodo, kai jis sukuria savo TransferGo paskyr\u0105 arba atlieka pervedim\u0105, \u201ePremij\u0105\u201c priskiriama pirmajam \u201eRekomenduotojui\u201c pagal \u201eRekomenduoto vartotojo\u201c kod\u0105, kur\u012f jie panaudoja. Mes negalime perkelti \u201ePremij\u0173\u201c.<\/li>\n<\/ul>\n\n\n\n<p>2.14. Kai rekomenduojate vartotoj\u0105 prisijungti prie TransferGo, \u0161is asmuo negali j\u016bs\u0173 rekomenduoti atgal \u012f TransferGo.<\/p>\n\n\n\n<p>2.15. J\u016bs negalite naudoti mokam\u0173j\u0173 paspaudim\u0173 ar kit\u0173 mokam\u0173j\u0173 ar automatizuot\u0173 potenciali\u0173 klient\u0173 generavimo \u201ePaslaug\u0173\u201c, nor\u0117dami dalyvauti \u201eRekomendacij\u0173 programoje\u201c. Gali b\u016bti, kad negal\u0117site gauti savo \u201ePremijos\u201c, jei pagr\u012fstai \u012ftariame, kad naudojote toki\u0105 \u201ePaslaug\u0105\u201c, kviesdami \u201eRekomenduotus vartotojus\u201c \u012f m\u016bs\u0173 \u201ePaslaug\u0105\u201c, ir taip pat galime imtis bet kokios kitos veiksm\u0173, kurias laikome pagr\u012fstai tinkamomis, \u012fskaitant j\u016bs\u0173 teis\u0117s naudoti m\u016bs\u0173 \u201ePaslaug\u0105\u201c nedelsiant, laikinai ar nuolat at\u0161aukimas arba j\u016bs\u0173 paskyros u\u017edarymas.<\/p>\n\n\n\n<p>2.16. Jeigu j\u016bs\u0173 \u201eRekomenduoti vartotojai\u201c nuolat pa\u017eeid\u017eia m\u016bs\u0173 taisykles, tuomet j\u016bs negausite savo \u201ePremijos\u201c ir b\u016bsite u\u017eblokuotas nuo \u201eRekomendacij\u0173 programos\u201c.<\/p>\n\n\n\n<p>2.17. Jeigu \u012ftariame, kad prisijungti pakviet\u0117te suk\u010dius, pasiliekame teis\u0119 nedelsiant u\u017edaryti j\u016bs\u0173 TransferGo paskyr\u0105.<\/p>\n\n\n\n<p>2.18. Mes turime teis\u0119 sustabdyti \u201ePremijos\u201c atsi\u0117mim\u0105, jei m\u016bs\u0173 sistemos aptinka, kad \u201eRekomenduotas vartotojas\u201c ir \u201eRekomenduotojas\u201c gali b\u016bti tas pats asmuo.<\/p>\n\n\n\n<p>2.19. TransferGo sprendimas visais klausimais yra galutinis ir privalomas, ir nebus gin\u010dijamas ar diskutuotinas.<\/p>\n\n\n\n<p><strong>3. Premijos suma<\/strong><\/p>\n\n\n\n<p>3.1. Visos \u201eRekomendacij\u0173 programos\u201c, \u201ePremijos\u201c ir valiuta yra nustatomos pagal daugel\u012f veiksni\u0173 ir gali skirtis skirtingiems vartotojams.<\/p>\n\n\n\n<p>3.2. J\u016bs galite gauti savo \u201ePremij\u0105\u201c bet kuria teis\u0117ta valiuta, naudojama m\u016bs\u0173 palaikomose \u0161alyse (kaip apibr\u0117\u017eta m\u016bs\u0173 T&amp;C). Mes konvertuosime atitinkam\u0105 \u201ePremijos\u201c sum\u0105 \u012f pasirinkt\u0105 valiut\u0105 pagal kurs\u0105, rodom\u0105 \u201ePaslaugoje\u201c t\u0105 dien\u0105 ir laik\u0105, kai mokame jums Premij\u0105. \u0160ie kursai gali kisti laikui b\u0117gant pagal tarptautini\u0173 valiut\u0173 kurs\u0173 svyravimus.<\/p>\n\n\n\n<p>3.3 \u201ePremij\u0173\u201c dyd\u017eiai kinta priklausomai nuo \u012fvairi\u0173 veiksni\u0173. \u0160ie dyd\u017eiai visada nurodomi \u201ePaslaugos\u201c&nbsp; \u201ePakvieskite ir u\u017edirbkite\u201c skiltyje. Pakviesti asmenys taip pat gali b\u016bti apdovanoti nuolaidomis, grynaisiais ar \u012fvairi\u0173 dyd\u017ei\u0173 premijomis. Visada ie\u0161kome geriausi\u0173 sprendim\u0173 m\u016bs\u0173 klientams, tod\u0117l pasiliekame teis\u0119 bet kuriuo metu keisti premijos tip\u0105 ir dyd\u012f.<\/p>\n\n\n\n<p><strong>4. Atlygio atsi\u0117mimas<\/strong><\/p>\n\n\n\n<p>4.1. Kai j\u016bs\u0173 \u201ePremija\u201c bus prieinama, gal\u0117site j\u0105 pasiimti:<\/p>\n\n\n\n<ul class=\"wp-block-list\">\n<li>\u2022\u00a0u\u017epildydami savo paskyr\u0105 su reikiamomis asmenin\u0117mis detal\u0117mis;<\/li>\n\n\n\n<li>\u2022\u00a0paspausdami \u201eAtsiimti atlyg\u012f\u201c m\u016bs\u0173 \u201ePaslaugos\u201c skiltyje \u201ePakvieskite ir u\u017edirbkite\u201c;<\/li>\n\n\n\n<li>\u2022\u00a0pateikdami savo banko s\u0105skaitos duomenis (taikoma tik tiems naudotojams, kurie neturi galimyb\u0117s atsidaryti TransferGo s\u0105skaitos);<\/li>\n<\/ul>\n\n\n\n<p>4.2. Privalote savo \u201ePremij\u0105\u201c atsiimti per 30 dien\u0173. Mes informuosime jus apie galimyb\u0119 tai padaryti, jei sutikote gauti el. pa\u0161to komunikacijas ir\/ar prane\u0161imus i\u0161 m\u016bs\u0173. Jei per \u0161\u012f laikotarp\u012f neatsiimsite savo \u201ePremijos\u201c, daugiau jos nebegal\u0117site atsiimti. Apie tai informuosime jus m\u016bs\u0173 \u201ePaslaugos\u201c \u201ePakvieskite ir u\u017edirbkite\u201c skiltyje.<\/p>\n\n\n\n<p>4.3 Kai j\u016bs\u0173 TransferGo s\u0105skaita bus s\u0117kmingai sukurta ir atsiimsite atlyg\u012f, j\u016bs\u0173 atlygis i\u0161kart bus prieinamas j\u016bs\u0173 TransferGo s\u0105skaitoje.<\/p>\n\n\n\n<p><strong>5. Atsakomyb\u0117s apribojimas<\/strong><\/p>\n\n\n\n<p>5.1. TransferGo pasilieka teis\u0119 bet kuriuo metu ir i\u0161 karto keisti ar nutraukti \u201eRekomendacij\u0173 program\u0105\u201c laikinai arba visam laikui, prane\u0161ant arba neprane\u0161ant i\u0161 anksto d\u0117l prie\u017eas\u010di\u0173, kurios yra u\u017e jos kontrol\u0117s (\u012fskaitant, bet neapsiribojant, numatomais, \u012ftariamais ar faktiniais suk\u010diavimais).<\/p>\n\n\n\n<p>5.2. Galime taip pat keisti arba nutraukti \u201eRekomendacij\u0173 program\u0105\u201c, pateikdami jums pagr\u012fst\u0105 prane\u0161im\u0105. Jei nutrauksime \u201eRekomendacij\u0173 program\u0105\u201c, mes:<\/p>\n\n\n\n<ul class=\"wp-block-list\">\n<li>\u2022\u00a0atsi\u017evelgiant \u012f 4.2 punkt\u0105, taikysime \u201ePremij\u0105\u201c, kuri\u0105 gavote iki 11:59 vakaro JK laiku paskutin\u0119 \u201eRekomendacij\u0173 programos\u201c dien\u0105;<\/li>\n\n\n\n<li>\u2022\u00a0informuosime jus apie bet kok\u012f teis\u0119 reikalauti \u201ePremijos\u201c, kuri buvo kaupiama jums iki 23:59 UK laiku paskutin\u0119 \u201eRekomendacij\u0173 programos\u201c dien\u0105, jei sutikote gauti el. pa\u0161to prane\u0161imus ir\/ar prane\u0161imus i\u0161 m\u016bs\u0173.<\/li>\n<\/ul>\n\n\n\n<p>5.3. TransferGo nepriima jokios atsakomyb\u0117s u\u017e j\u016bs\u0173 patirtus nuostolius ar \u017eal\u0105, d\u0117l dalyvavimo \u201eRekomendacij\u0173 programoje\u201c ar j\u016bs\u0173 \u201ePremijos\u201c pri\u0117mimo ar naudojimo, \u012fskaitant (bet neapsiribojant) nuostolius, atsirandan\u010dius d\u0117l \u0161i\u0173 prie\u017eas\u010di\u0173:<\/p>\n\n\n\n<ul class=\"wp-block-list\">\n<li>\u2022\u00a0bet koks \u201eRekomendacij\u0173 programos\u201c atid\u0117jimas ar at\u0161aukimas arba v\u0117lavimas informuoti jus apie j\u016bs\u0173 teis\u0119 reikalauti \u201ePremijos\u201c;<\/li>\n\n\n\n<li>\u2022\u00a0bet koks pakeitimas, neleid\u017eiamas prieiga, \u017eala, v\u0117luojantis pristatymas arba nepateikimas bet koki\u0173 prane\u0161im\u0173, patvirtinim\u0173, u\u017eklaus\u0173 ar kit\u0173 dokument\u0173, susijusi\u0173 su \u201eRekomendacij\u0173 programa\u201c;<\/li>\n\n\n\n<li>\u2022\u00a0bet kokia \u017eala j\u016bs\u0173 ar bet kurio kito asmens kompiuteriui, susijusi su dalyvavimu \u201eRekomendacij\u0173 programoje\u201c arba med\u017eiag\u0173 atsisiuntimu susijus su \u201eRekomendacij\u0173 programa\u201c;<\/li>\n\n\n\n<li>\u2022\u00a0bet kurio tre\u010diosios \u0161alies tiek\u0117jo veiksmas arba neveikimas.<\/li>\n<\/ul>\n\n\n\n<p>5.4. Niekas \u0161iose \u201eProgramos s\u0105lygose\u201c nepanaikina TransferGo atsakomyb\u0117s u\u017e mirt\u012f, k\u016bno su\u017ealojim\u0105, suk\u010diavim\u0105 ar apgauling\u0105 klaiding\u0105 informacij\u0105, atsiradusi\u0105 d\u0117l jos aplaidumo, arba bet kokio kito dalyko, d\u0117l kurio \u012fstatymai neleid\u017eia atmesti ar apriboti savo atsakomyb\u0117s.&nbsp;<\/p>\n\n\n\n<p>5.5. Visi mokes\u010diai ir kiti administraciniai i\u0161laidos yra \u201eRekomenduotojo\u201c atsakomyb\u0117.<\/p>\n\n\n\n<p><strong>6. J\u016bs\u0173 asmeniniai duomenys<\/strong><\/p>\n\n\n\n<p>6.1. Pra\u0161ome per\u017ei\u016br\u0117ti m\u016bs\u0173 privatumo politik\u0105, kad su\u017einotum\u0117te, kaip tvarkome j\u016bs\u0173 informacij\u0105. Privatumo politikos kopij\u0105 galima gauti u\u017eklausus el. pa\u0161tu: <a href=\"mailto:hello@transfergo.com\">hello@transfergo.com<\/a>, arba apsilankius: <a href=\"https:\/\/wpvip.tgalpha.com\/lt\/privatumo-politika\">https:\/\/wpvip.tgalpha.com\/lt\/privatumo-politika<\/a>.<\/p>\n\n\n\n<p><strong>7. Perk\u0117limas \u012f \u201eAffiliates\u201c program\u0105<\/strong><\/p>\n\n\n\n<p>7.1. Remiantis j\u016bs\u0173 rekomendavimo elgsena, galime laikyti tinkamu jus perkelti \u012f m\u016bs\u0173 Affiliates program\u0105. Jei tai \u012fvyks, suteiksime jums pakankamai laiko ir i\u0161d\u0117stysime j\u016bs\u0173 per\u017ei\u016br\u0117tas gryn\u0173j\u0173 pinig\u0173 gr\u0105\u017einimo naudas.<\/p>\n\n\n\n<p><strong>8. Bendros salygos<\/strong><\/p>\n\n\n\n<p>8.1. Jeigu bet kuris \u0161i\u0173 \u201eRekomendacij\u0173 programos\u201c s\u0105lyg\u0173 punktas bus pripa\u017eintas neteis\u0117tu arba ne\u012fgyvendinamu, tai ne\u012ftakos likusi\u0173 nuostat\u0173 galiojimo ir veikimo.<\/p>\n\n\n\n<p>8.2. Jeigu turite klausim\u0173 apie \u201eRekomendacij\u0173 program\u0105\u201c, pra\u0161ome ra\u0161yti mums el. pa\u0161tu <a href=\"mailto:hello@transfergo.com\">hello@transfergo.com<\/a> su tema \u201ePakviesk draug\u0105 programa\u201c.<\/p>\n\n\n\n<p>8.3. \u201eRekomendacij\u0173 programos\u201c s\u0105lygas reglamentuos Anglijos teis\u0117, o dalyviai pripa\u017e\u012fsta i\u0161imtin\u0119 Anglijos teism\u0173 jurisdikcij\u0105.<\/p>\n\n\n\n<p>8.4. TransferGo pasilieka teis\u0119 atsisakyti i\u0161mok\u0117ti \u0161i\u0105 \u201ePremij\u0105\u201c pagal savo nuo\u017ei\u016br\u0105.<\/p>\n\n\n\n<p>8.5. TransferGo pasilieka teis\u0119 keisti arba at\u0161aukti \u201ePremij\u0105\u201c pagal savo nuo\u017ei\u016br\u0105.<\/p>\n\n\n\n<p>8.6. TransferGo turi teis\u0119 bet kada nutraukti \u201eRekomendacij\u0173 program\u0105\u201c be i\u0161ankstinio prane\u0161imo.<\/p>\n\n\n\n<p>8.7. TransferGo pasilieka teis\u0119 bet kada keisti \u201eRekomendacij\u0173 programos\u201c s\u0105lygas.<\/p>\n\n\n\n<p><strong>9. Dabartinis pasi\u016blymas<\/strong><\/p>\n\n\n\n<p>9.1 Yra tam tikri laikotarpiai, per kuriuos si\u016blome apdovanojimus tam tikriems tinkamiems naudotojams (kartu su m\u016bs\u0173 nuolatine programa). Jei esate tinkamas \u0161iems apdovanojimams, b\u016bsite informuotas, kai prisijungsite prie savo paskyros.<\/p>\n\n\n\n<div class=\"wp-block-buttons is-layout-flex wp-block-buttons-is-layout-flex\">\n<div class=\"wp-block-button is-style-button-with-arrow\"><a class=\"wp-block-button__link wp-element-button\" href=\"https:\/\/app.transfergo.com\/lt\/register\" target=\"_blank\" rel=\"noopener\">Si\u0173skite pinigus jau dabar<\/a><\/div>\n<\/div>\n<\/div><\/section>\n","protected":false},"excerpt":{"rendered":"","protected":false},"author":1,"featured_media":718152,"parent":1227,"menu_order":0,"comment_status":"closed","ping_status":"closed","template":"page-with-short-footer","meta":{"hideMenuColor":false,"footnotes":""},"class_list":["post-2588","page","type-page","status-publish","has-post-thumbnail","hentry"],"jetpack_sharing_enabled":true,"hideMenuColor":"","_links":{"self":[{"href":"https:\/\/wpvip.tgalpha.com\/lt\/wp-json\/wp\/v2\/pages\/2588","targetHints":{"allow":["GET"]}}],"collection":[{"href":"https:\/\/wpvip.tgalpha.com\/lt\/wp-json\/wp\/v2\/pages"}],"about":[{"href":"https:\/\/wpvip.tgalpha.com\/lt\/wp-json\/wp\/v2\/types\/page"}],"author":[{"embeddable":true,"href":"https:\/\/wpvip.tgalpha.com\/lt\/wp-json\/wp\/v2\/users\/1"}],"replies":[{"embeddable":true,"href":"https:\/\/wpvip.tgalpha.com\/lt\/wp-json\/wp\/v2\/comments?post=2588"}],"version-history":[{"count":7,"href":"https:\/\/wpvip.tgalpha.com\/lt\/wp-json\/wp\/v2\/pages\/2588\/revisions"}],"predecessor-version":[{"id":262364,"href":"https:\/\/wpvip.tgalpha.com\/lt\/wp-json\/wp\/v2\/pages\/2588\/revisions\/262364"}],"up":[{"embeddable":true,"href":"https:\/\/wpvip.tgalpha.com\/lt\/wp-json\/wp\/v2\/pages\/1227"}],"wp:featuredmedia":[{"embeddable":true,"href":"https:\/\/wpvip.tgalpha.com\/lt\/wp-json\/wp\/v2\/media\/718152"}],"wp:attachment":[{"href":"https:\/\/wpvip.tgalpha.com\/lt\/wp-json\/wp\/v2\/media?parent=2588"}],"curies":[{"name":"wp","href":"https:\/\/api.w.org\/{rel}","templated":true}]}}