{"id":238624,"date":"2025-04-14T09:44:49","date_gmt":"2025-04-14T09:44:49","guid":{"rendered":"https:\/\/wpvip.tgalpha.com\/?page_id=238624"},"modified":"2025-10-27T15:01:39","modified_gmt":"2025-10-27T15:01:39","slug":"saskaita","status":"publish","type":"page","link":"https:\/\/wpvip.tgalpha.com\/lt\/saskaita","title":{"rendered":"Multi-currency account (LT)"},"content":{"rendered":"\n<section class=\"wp-block-tg-hero-multi-currency-account hero-multi-currency-account container-fluid alignfull\" align=\"full\"><div class=\"container\">\n<div class=\"wp-block-columns hero-multi-currency-account__columns is-layout-flex wp-container-core-columns-is-layout-28f84493 wp-block-columns-is-layout-flex\">\n<div class=\"wp-block-column hero-multi-currency-account__column hero-multi-currency-account__column--left is-layout-flow wp-block-column-is-layout-flow\">\n<p class=\"hero-multi-currency-account__subtitle is-style-h4-higher-header-style is-style-bold-subheader-style has-blue-500-color has-text-color\">Daugiavaliut\u0117 s\u0105skaita<\/p>\n\n\n\n<h1 class=\"wp-block-heading has-text-align-left hero-multi-currency-account__title has-blue-900-color has-text-color\">Kad pinigai jud\u0117t\u0173 laisvai<\/h1>\n\n\n\n<p class=\"has-text-align-left hero-multi-currency-account__text has-blue-900-color has-text-color\">Momentiniai ir nemokami pervedimai tarp s\u0105skait\u0173, galimyb\u0117 laikyti keli\u0173 valiut\u0173 liku\u010dius, atlikti tarptautinius mok\u0117jimus bei valiut\u0173 keitim\u0105 vienoje vietoje \u2013 viskas m\u016bs\u0173 daugiavaliut\u0117je s\u0105skaitoje.<\/p>\n\n\n\n<div class=\"wp-block-buttons hero-multi-currency-account__buttons is-layout-flex wp-block-buttons-is-layout-flex\">\n<div class=\"wp-block-button hero-multi-currency-account__button is-style-button-with-arrow\"><a class=\"wp-block-button__link wp-element-button\" href=\"https:\/\/app.transfergo.com\/lt\/register\" target=\"_blank\" rel=\"noopener\">Atidarykite nemokam\u0105 s\u0105skait\u0105<\/a><\/div>\n<\/div>\n<\/div>\n\n\n\n<div class=\"wp-block-column hero-multi-currency-account__column hero-multi-currency-account__column--right is-layout-flow wp-block-column-is-layout-flow\">\n<figure class=\"wp-block-image size-large hero-multi-currency-account__image\"><img decoding=\"async\" src=\"https:\/\/wpvip.tgalpha.com\/wp-content\/plugins\/transfergo-blocks\/assets\/img\/multi-currency-images\/multi-currency-main-image.webp\" alt=\"\"\/><\/figure>\n\n\n\n<figure class=\"wp-block-gallery has-nested-images columns-default is-cropped hero-multi-currency-account__gallery wp-block-gallery-1 is-layout-flex wp-block-gallery-is-layout-flex\">\n<figure class=\"wp-block-image size-large\"><img decoding=\"async\" src=\"https:\/\/wpvip.tgalpha.com\/wp-content\/plugins\/transfergo-blocks\/assets\/img\/multi-currency-images\/gallery-image-0.svg\" alt=\"\"\/><\/figure>\n\n\n\n<figure class=\"wp-block-image size-large\"><img decoding=\"async\" src=\"https:\/\/wpvip.tgalpha.com\/wp-content\/plugins\/transfergo-blocks\/assets\/img\/multi-currency-images\/gallery-image-1.svg\" alt=\"\"\/><\/figure>\n\n\n\n<figure class=\"wp-block-image size-large\"><img decoding=\"async\" src=\"https:\/\/wpvip.tgalpha.com\/wp-content\/plugins\/transfergo-blocks\/assets\/img\/multi-currency-images\/gallery-image-2.svg\" alt=\"\"\/><\/figure>\n\n\n\n<figure class=\"wp-block-image size-large\"><img decoding=\"async\" data-id=\"717952\" src=\"https:\/\/wpvip.tgalpha.com\/wp-content\/plugins\/transfergo-blocks\/assets\/img\/multi-currency-images\/gallery-image-3.svg\" alt=\"\" class=\"wp-image-717952\"\/><\/figure>\n\n\n\n<figure class=\"wp-block-image size-full size-large\"><img decoding=\"async\" data-id=\"720456\" src=\"https:\/\/wpvip.tgalpha.com\/lt\/wp-content\/uploads\/2025\/10\/account-widget-add-3.svg\" alt=\"\" class=\"wp-image-720456\"\/><\/figure>\n<\/figure>\n<\/div>\n<\/div>\n<\/div><\/section>\n\n\n\n<section class=\"wp-block-tg-slider slider container-fluid alignfull\" align=\"full\"><div class=\"container\">\n<h2 class=\"wp-block-heading has-text-align-center slider__heading is-style-bold-header-style typo-fix has-blue-900-color has-text-color\"><mark class=\"has-inline-color has-blue-500-color\">Si\u0173skite, gaukite ir keiskite<\/mark> <br>valiutas i\u0161 vienos globalios s\u0105skaitos<\/h2>\n\n\n\n<p class=\"has-text-align-center slider__subheading is-style-h6-higher-header-style typo-fix has-blue-900-color has-text-color\">TransferGo daugiavaliut\u0117 s\u0105skaita sukurta tam, kad pinig\u0173 valdymas tarptautiniu mastu b\u016bt\u0173 paprastas, patogus ir ekonomi\u0161kas. Viena s\u0105skaita \u2013 daugyb\u0117 galimybi\u0173.<\/p>\n\n\n\n<div class=\"wp-block-group slider__cards-group is-layout-flow wp-block-group-is-layout-flow\">\n<div class=\"wp-block-columns slider__cards swiper-wrapper is-layout-flex wp-container-core-columns-is-layout-28f84493 wp-block-columns-is-layout-flex\">\n<div class=\"wp-block-column slider__card swiper-slide is-layout-flow wp-block-column-is-layout-flow\">\n<figure class=\"wp-block-image aligncenter size-full slider__card-image\"><img loading=\"lazy\" decoding=\"async\" width=\"328\" height=\"420\" src=\"https:\/\/wpvip.tgalpha.com\/lt\/wp-content\/uploads\/2025\/05\/multiple_currency_3c077c.webp\" alt=\"\" class=\"wp-image-253356\" srcset=\"https:\/\/wpvip.tgalpha.com\/wp-content\/uploads\/2025\/05\/multiple_currency_3c077c.webp 328w, https:\/\/wpvip.tgalpha.com\/wp-content\/uploads\/2025\/05\/multiple_currency_3c077c.webp?resize=234,300 234w\" sizes=\"auto, (max-width: 328px) 100vw, 328px\" \/><\/figure>\n\n\n\n<h3 class=\"wp-block-heading has-text-align-left slider__card-title is-style-h4-higher-header-style typo-fix has-blue-900-color has-text-color\">Keli\u0173 valiut\u0173 valdymas<\/h3>\n\n\n\n<p class=\"has-text-align-left slider__card-paragraph typo-fix has-bw-900-color has-text-color\">Valdykite liku\u010dius GBP, EUR, PLN ir RON \u2013 ir tai tik prad\u017eia. Aplankykite m\u016bs\u0173 valiut\u0173 puslapius ir su\u017einokite daugiau.<\/p>\n<\/div>\n\n\n\n<div class=\"wp-block-column slider__card swiper-slide is-layout-flow wp-block-column-is-layout-flow\">\n<figure class=\"wp-block-image aligncenter size-full slider__card-image\"><img loading=\"lazy\" decoding=\"async\" width=\"328\" height=\"420\" src=\"https:\/\/wpvip.tgalpha.com\/lt\/wp-content\/uploads\/2025\/05\/send_24c829.webp\" alt=\"\" class=\"wp-image-253368\" srcset=\"https:\/\/wpvip.tgalpha.com\/wp-content\/uploads\/2025\/05\/send_24c829.webp 328w, https:\/\/wpvip.tgalpha.com\/wp-content\/uploads\/2025\/05\/send_24c829.webp?resize=234,300 234w\" sizes=\"auto, (max-width: 328px) 100vw, 328px\" \/><\/figure>\n\n\n\n<h3 class=\"wp-block-heading has-text-align-left slider__card-title is-style-h4-higher-header-style typo-fix has-blue-900-color has-text-color\">Privalumai pervedimams tarp s\u0105skait\u0173<\/h3>\n\n\n\n<p class=\"has-text-align-left slider__card-paragraph typo-fix has-bw-900-color has-text-color\">M\u0117gaukit\u0117s momentiniais pervedimais be joki\u0173 mokes\u010di\u0173 \u012f bet kuri\u0105 kit\u0105 TransferGo daugiavaliut\u0119 s\u0105skait\u0105. Joki\u0173 banko duomen\u0173, joki\u0173 papildom\u0173 \u017eingsni\u0173 \u2013 tiesiog bakstel\u0117kite ir m\u0117gaukit\u0117s ne\u012ftik\u0117tinu grei\u010diu ir verte.<\/p>\n<\/div>\n\n\n\n<div class=\"wp-block-column slider__card swiper-slide is-layout-flow wp-block-column-is-layout-flow\">\n<figure class=\"wp-block-image aligncenter size-full slider__card-image\"><img loading=\"lazy\" decoding=\"async\" width=\"328\" height=\"420\" src=\"https:\/\/wpvip.tgalpha.com\/lt\/wp-content\/uploads\/2025\/05\/exchange_8b5025.webp\" alt=\"\" class=\"wp-image-253380\" srcset=\"https:\/\/wpvip.tgalpha.com\/wp-content\/uploads\/2025\/05\/exchange_8b5025.webp 328w, https:\/\/wpvip.tgalpha.com\/wp-content\/uploads\/2025\/05\/exchange_8b5025.webp?resize=234,300 234w\" sizes=\"auto, (max-width: 328px) 100vw, 328px\" \/><\/figure>\n\n\n\n<h3 class=\"wp-block-heading has-text-align-left slider__card-title is-style-h4-higher-header-style typo-fix has-blue-900-color has-text-color\">I\u0161skirtinis valiut\u0173 keitimas program\u0117l\u0117je<\/h3>\n\n\n\n<p class=\"has-text-align-left slider__card-paragraph typo-fix has-bw-900-color has-text-color\">Pasinaudokite realaus laiko FX kursais ir keiskite valiutas tiesiogiai savo s\u0105skaitoje.<\/p>\n<\/div>\n<\/div>\n\n\n\n<div style=\"height:6px\" aria-hidden=\"true\" class=\"wp-block-spacer swiper-pagination\"><\/div>\n<\/div>\n\n\n\n<div class=\"wp-block-buttons slider__buttons-wrapper is-content-justification-center is-layout-flex wp-container-core-buttons-is-layout-a89b3969 wp-block-buttons-is-layout-flex\">\n<div class=\"wp-block-button slider__button is-style-button-with-arrow\"><a class=\"wp-block-button__link wp-element-button\" href=\"https:\/\/app.transfergo.com\/lt\/register\" target=\"_blank\" rel=\"noopener\">Registruokit\u0117s nemokamai<\/a><\/div>\n<\/div>\n<\/div><\/section>\n\n\n\n<section class=\"wp-block-tg-scroll-pinned-cards scroll-pinned-cards container-fluid alignfull\" align=\"full\"><div class=\"container\">\n<h2 class=\"wp-block-heading has-text-align-center scroll-pinned-cards__title is-style-bold-header-style has-blue-900-color has-text-color\">Kod\u0117l verta rinktis TransferGo daugiavaliut\u0119 s\u0105skait\u0105?<\/h2>\n\n\n\n<p class=\"has-text-align-center scroll-pinned-cards__paragraph has-blue-900-color has-text-color has-large-font-size\">M\u016bs\u0173 daugiavaliut\u0117 s\u0105skaita, turinti tiek ES, tiek JK IBAN, puikiai tinka \u017emon\u0117ms, kurie atlieka ar gauna reguliarius u\u017esienio pervedimus, valdo turt\u0105 tarp \u0161ali\u0173, da\u017enai keliauja arba tiesiog turi daugiau nei vien\u0105 gyvenam\u0105j\u0105 viet\u0105.<\/p>\n\n\n\n<div class=\"wp-block-group scroll-pinned-cards__cards-container is-layout-flow wp-block-group-is-layout-flow\">\n<div class=\"wp-block-tg-pinned-cards-repeater pinned-cards-repeater\">\n<div class=\"wp-block-tg-pinned-card-with-image pinned-card-with-image scroll-pinned-cards__card has-background-color\">\n<div class=\"wp-block-columns pinned-card-with-image__columns is-layout-flex wp-container-core-columns-is-layout-28f84493 wp-block-columns-is-layout-flex\">\n<div class=\"wp-block-column pinned-card-with-image__column pinned-card-with-image__column--left is-layout-flow wp-block-column-is-layout-flow\">\n<h3 class=\"wp-block-heading has-text-align-left pinned-card-with-image__card-heading is-style-bold-header-style has-blue-900-color has-text-color\">Padidinkite savo pinig\u0173 vert\u0119<\/h3>\n\n\n\n<p class=\"has-text-align-left pinned-card-with-image__card-paragraph has-blue-900-color has-text-color has-large-font-size\">Su itin \u017eemais mokes\u010diais, konkurencingais valiut\u0173 kursais ir nemokamais pervedimais tarp s\u0105skait\u0173 \u2013 m\u016bs\u0173 u\u017esienio valiut\u0173 s\u0105skaita suteikia didel\u0119 vert\u0119.<\/p>\n<\/div>\n\n\n\n<div class=\"wp-block-column pinned-card-with-image__column pinned-card-with-image__column--right is-layout-flow wp-block-column-is-layout-flow\">\n<figure class=\"wp-block-image size-full pinned-card-with-image__card-image\"><img loading=\"lazy\" decoding=\"async\" width=\"998\" height=\"848\" src=\"https:\/\/wpvip.tgalpha.com\/fr\/wp-content\/uploads\/2025\/10\/card-image-0.webp\" alt=\"\" class=\"wp-image-720205\" srcset=\"https:\/\/wpvip.tgalpha.com\/wp-content\/uploads\/2025\/10\/card-image-0.webp 998w, https:\/\/wpvip.tgalpha.com\/wp-content\/uploads\/2025\/10\/card-image-0.webp?resize=300,255 300w, https:\/\/wpvip.tgalpha.com\/wp-content\/uploads\/2025\/10\/card-image-0.webp?resize=768,653 768w\" sizes=\"auto, (max-width: 998px) 100vw, 998px\" \/><\/figure>\n<\/div>\n<\/div>\n<\/div>\n\n\n\n<div class=\"wp-block-tg-pinned-card-with-image pinned-card-with-image scroll-pinned-cards__card has-background-color\">\n<div class=\"wp-block-columns pinned-card-with-image__columns is-layout-flex wp-container-core-columns-is-layout-28f84493 wp-block-columns-is-layout-flex\">\n<div class=\"wp-block-column pinned-card-with-image__column pinned-card-with-image__column--left is-layout-flow wp-block-column-is-layout-flow\">\n<h3 class=\"wp-block-heading has-text-align-left pinned-card-with-image__card-heading is-style-bold-header-style has-blue-900-color has-text-color\">Valdykite kelias valiutas i\u0161 JK<\/h3>\n\n\n\n<p class=\"has-text-align-left pinned-card-with-image__card-paragraph has-blue-900-color has-text-color has-large-font-size\">Galite laikyti, gauti ir keisti iki keturi\u0173 valiut\u0173, o m\u016bs\u0173 paslauga palaiko pervedimus \u012f daugiau nei 160 \u0161ali\u0173.<\/p>\n<\/div>\n\n\n\n<div class=\"wp-block-column pinned-card-with-image__column pinned-card-with-image__column--right is-layout-flow wp-block-column-is-layout-flow\">\n<figure class=\"wp-block-image size-large pinned-card-with-image__card-image\"><img loading=\"lazy\" decoding=\"async\" height=\"775\" width=\"1024\" src=\"https:\/\/wpvip.tgalpha.com\/fr\/wp-content\/uploads\/2025\/10\/card-image-1.webp?resize=1024,775\" alt=\"\" class=\"wp-image-720217\" srcset=\"https:\/\/wpvip.tgalpha.com\/wp-content\/uploads\/2025\/10\/card-image-1.webp 1120w, https:\/\/wpvip.tgalpha.com\/wp-content\/uploads\/2025\/10\/card-image-1.webp?resize=300,227 300w, https:\/\/wpvip.tgalpha.com\/wp-content\/uploads\/2025\/10\/card-image-1.webp?resize=768,581 768w, https:\/\/wpvip.tgalpha.com\/wp-content\/uploads\/2025\/10\/card-image-1.webp?resize=1024,775 1024w\" sizes=\"auto, (max-width: 1024px) 100vw, 1024px\" \/><\/figure>\n<\/div>\n<\/div>\n<\/div>\n\n\n\n<div class=\"wp-block-tg-pinned-card-with-image pinned-card-with-image scroll-pinned-cards__card has-background-color\">\n<div class=\"wp-block-columns pinned-card-with-image__columns is-layout-flex wp-container-core-columns-is-layout-28f84493 wp-block-columns-is-layout-flex\">\n<div class=\"wp-block-column pinned-card-with-image__column pinned-card-with-image__column--left is-layout-flow wp-block-column-is-layout-flow\">\n<h3 class=\"wp-block-heading has-text-align-left pinned-card-with-image__card-heading is-style-bold-header-style has-blue-900-color has-text-color\">Momentiniai pervedimai<\/h3>\n\n\n\n<p class=\"has-text-align-left pinned-card-with-image__card-paragraph has-blue-900-color has-text-color has-large-font-size\">Pasiruo\u0161\u0119 greitai atlikti pervedimus? Tarptautiniai mok\u0117jimai yra ne tik greiti, bet ir patog\u016bs \u2013 be to, pervedimai \u012f kitas TransferGo daugiavaliutes s\u0105skaitas vyksta momentaliai.<\/p>\n<\/div>\n\n\n\n<div class=\"wp-block-column pinned-card-with-image__column pinned-card-with-image__column--right is-layout-flow wp-block-column-is-layout-flow\">\n<figure class=\"wp-block-image size-large pinned-card-with-image__card-image\"><img loading=\"lazy\" decoding=\"async\" height=\"740\" width=\"1024\" src=\"https:\/\/wpvip.tgalpha.com\/lt\/wp-content\/uploads\/2025\/10\/lt-card.webp?resize=1024,740\" alt=\"\" class=\"wp-image-720468\" srcset=\"https:\/\/wpvip.tgalpha.com\/wp-content\/uploads\/2025\/10\/lt-card.webp 1218w, https:\/\/wpvip.tgalpha.com\/wp-content\/uploads\/2025\/10\/lt-card.webp?resize=300,217 300w, https:\/\/wpvip.tgalpha.com\/wp-content\/uploads\/2025\/10\/lt-card.webp?resize=768,555 768w, https:\/\/wpvip.tgalpha.com\/wp-content\/uploads\/2025\/10\/lt-card.webp?resize=1024,740 1024w\" sizes=\"auto, (max-width: 1024px) 100vw, 1024px\" \/><\/figure>\n<\/div>\n<\/div>\n<\/div>\n\n\n\n<div class=\"wp-block-tg-pinned-card-with-image pinned-card-with-image scroll-pinned-cards__card has-background-color\">\n<div class=\"wp-block-columns pinned-card-with-image__columns is-layout-flex wp-container-core-columns-is-layout-28f84493 wp-block-columns-is-layout-flex\">\n<div class=\"wp-block-column pinned-card-with-image__column pinned-card-with-image__column--left is-layout-flow wp-block-column-is-layout-flow\">\n<h3 class=\"wp-block-heading has-text-align-left pinned-card-with-image__card-heading is-style-bold-header-style has-blue-900-color has-text-color\">Banko lygio saugumas<\/h3>\n\n\n\n<p class=\"has-text-align-left pinned-card-with-image__card-paragraph has-blue-900-color has-text-color has-large-font-size\">J\u016bs\u0173 pinigai saugomi su pa\u017eangiausiomis saugumo priemon\u0117mis ir protokolais.<br><br>Kadangi laikom\u0117s vis\u0173 teisini\u0173 reikalavim\u0173, kiekvienas pervedimas yra apsaugotas iki jo i\u0161mok\u0117jimo.<\/p>\n<\/div>\n\n\n\n<div class=\"wp-block-column pinned-card-with-image__column pinned-card-with-image__column--right is-layout-flow wp-block-column-is-layout-flow\">\n<figure class=\"wp-block-image size-large pinned-card-with-image__card-image\"><img loading=\"lazy\" decoding=\"async\" height=\"740\" width=\"1024\" src=\"https:\/\/wpvip.tgalpha.com\/fr\/wp-content\/uploads\/2025\/10\/card-image-3.webp?resize=1024,740\" alt=\"\" class=\"wp-image-720241\" srcset=\"https:\/\/wpvip.tgalpha.com\/wp-content\/uploads\/2025\/10\/card-image-3.webp 1251w, https:\/\/wpvip.tgalpha.com\/wp-content\/uploads\/2025\/10\/card-image-3.webp?resize=300,217 300w, https:\/\/wpvip.tgalpha.com\/wp-content\/uploads\/2025\/10\/card-image-3.webp?resize=768,555 768w, https:\/\/wpvip.tgalpha.com\/wp-content\/uploads\/2025\/10\/card-image-3.webp?resize=1024,740 1024w\" sizes=\"auto, (max-width: 1024px) 100vw, 1024px\" \/><\/figure>\n<\/div>\n<\/div>\n<\/div>\n\n\n\n<div class=\"wp-block-tg-pinned-card-with-image pinned-card-with-image scroll-pinned-cards__card has-background-color\">\n<div class=\"wp-block-columns pinned-card-with-image__columns is-layout-flex wp-container-core-columns-is-layout-28f84493 wp-block-columns-is-layout-flex\">\n<div class=\"wp-block-column pinned-card-with-image__column pinned-card-with-image__column--left is-layout-flow wp-block-column-is-layout-flow\">\n<h3 class=\"wp-block-heading has-text-align-left pinned-card-with-image__card-heading is-style-bold-header-style has-blue-900-color has-text-color\">Ekspert\u0173 pagalbos komanda \u2013 visada \u0161alia<\/h3>\n\n\n\n<p class=\"has-text-align-left pinned-card-with-image__card-paragraph has-blue-900-color has-text-color has-large-font-size\">Jei turite klausim\u0173, m\u016bs\u0173 klient\u0173 aptarnavimo komanda greitai atsakys ir suteiks jums reikiam\u0105 pagalb\u0105 devyniomis kalbomis.<\/p>\n<\/div>\n\n\n\n<div class=\"wp-block-column pinned-card-with-image__column pinned-card-with-image__column--right is-layout-flow wp-block-column-is-layout-flow\">\n<figure class=\"wp-block-image size-large pinned-card-with-image__card-image\"><img loading=\"lazy\" decoding=\"async\" height=\"740\" width=\"1024\" src=\"https:\/\/wpvip.tgalpha.com\/fr\/wp-content\/uploads\/2025\/10\/card-image-4.webp?resize=1024,740\" alt=\"\" class=\"wp-image-720253\" srcset=\"https:\/\/wpvip.tgalpha.com\/wp-content\/uploads\/2025\/10\/card-image-4.webp 1309w, https:\/\/wpvip.tgalpha.com\/wp-content\/uploads\/2025\/10\/card-image-4.webp?resize=300,217 300w, https:\/\/wpvip.tgalpha.com\/wp-content\/uploads\/2025\/10\/card-image-4.webp?resize=768,555 768w, https:\/\/wpvip.tgalpha.com\/wp-content\/uploads\/2025\/10\/card-image-4.webp?resize=1024,740 1024w\" sizes=\"auto, (max-width: 1024px) 100vw, 1024px\" \/><\/figure>\n<\/div>\n<\/div>\n<\/div>\n<\/div>\n<\/div>\n<\/div><\/section>\n\n\n\n<section class=\"wp-block-tg-banner-with-two-cards banner-with-two-cards container-fluid alignfull\" align=\"full\"><div class=\"container\">\n<div class=\"wp-block-columns banner-with-two-cards__columns is-layout-flex wp-container-core-columns-is-layout-28f84493 wp-block-columns-is-layout-flex\">\n<div class=\"wp-block-column banner-with-two-cards__column banner-with-two-cards__column--right has-blue-500-background-color has-background is-layout-flow wp-block-column-is-layout-flow\">\n<h2 class=\"wp-block-heading has-text-align-left banner-with-two-cards__card-heading typo-fix is-style-bold-header-style has-bw-100-color has-text-color\">Pasiruo\u0161\u0119 atidaryti savo daugiavaliut\u0119 s\u0105skait\u0105?<\/h2>\n\n\n\n<p class=\"has-text-align-left banner-with-two-cards__card-paragraph typo-fix has-bw-100-color has-text-color\">I\u0161naudokite visas pa\u017eangias finansines galimybes be joki\u0173 s\u0105skaitos atidarymo ar palaikymo mokes\u010di\u0173 \u2013 s\u0105skaitos suk\u016brimas ir palaikymas yra nemokamas, tod\u0117l neturite ko prarasti!<\/p>\n\n\n\n<figure class=\"wp-block-image banner-with-two-cards__card-image banner-with-two-cards__card-image--right-column\"><img decoding=\"async\" src=\"https:\/\/wpvip.tgalpha.com\/wp-content\/plugins\/transfergo-blocks\/assets\/img\/banner-with-two-cards\/coins.svg\" alt=\"\"\/><\/figure>\n\n\n\n<div class=\"wp-block-buttons banner-with-two-cards__card-buttons is-layout-flex wp-block-buttons-is-layout-flex\">\n<div class=\"wp-block-button is-style-button-with-arrow\"><a class=\"wp-block-button__link wp-element-button\" href=\"https:\/\/app.transfergo.com\/lt\/register\" target=\"_blank\" rel=\"noopener\">Atidaryti s\u0105skait\u0105<\/a><\/div>\n<\/div>\n<\/div>\n\n\n\n<div class=\"wp-block-column banner-with-two-cards__column banner-with-two-cards__column--left has-bw-250-background-color has-background is-layout-flow wp-block-column-is-layout-flow\">\n<h2 class=\"wp-block-heading has-text-align-left banner-with-two-cards__card-heading typo-fix is-style-bold-header-style has-bw-900-color has-text-color\">Pasitiki milijonai \u017emoni\u0173 visame pasaulyje<\/h2>\n\n\n\n<p class=\"has-text-align-left banner-with-two-cards__card-paragraph typo-fix has-bw-900-color has-text-color\">Daugiau nei de\u0161imtmet\u012f TransferGo daro finansines paslaugas greitesnes, paprastesnes, pigesnes ir prieinamesnes tiems, kuriems j\u0173 labiausiai reikia.<\/p>\n\n\n\n<figure class=\"wp-block-image banner-with-two-cards__card-image banner-with-two-cards__card-image--left-column\"><img decoding=\"async\" src=\"https:\/\/wpvip.tgalpha.com\/wp-content\/plugins\/transfergo-blocks\/assets\/img\/banner-with-two-cards\/portraits-with-decorations.webp\" alt=\"\"\/><\/figure>\n\n\n\n\n<div class=\"wp-block-button button-fca\"><button type=\"button\" class=\"wp-block-button__link wp-element-button\">Saugu ir \u012fgaliota FCA<\/button><\/div>\n\n<\/div>\n<\/div>\n<\/div><\/section>\n\n\n\n<section class=\"wp-block-tg-faqs-accordion faqs-accordion container-fluid alignfull\" align=\"full\"><div class=\"container\">\n<h2 class=\"wp-block-heading has-text-align-center faqs-accordion__heading is-style-h3-higher-header-style has-blue-900-color has-text-color\">Da\u017eniausiai u\u017eduodami klausimai<\/h2>\n\n\n\n<details class=\"wp-block-tg-faqs-accordion-item faqs-accordion-item open\" open><summary class=\"faqs-accordion-item__question is-style-h6-higher-header-style\">Kaip atsidaryti daugiavaliut\u0119 s\u0105skait\u0105?<\/summary><div class=\"faqs-accordion-item__height-wrapper\"><div class=\"faqs-accordion-item__content-wrapper\">\n<p>Tai paprasta ir greita.<br><br>Apsilankykite m\u016bs\u0173 registracijos puslapyje ir sekite nurodymus. Tur\u0117kite \u0161alia asmens tapatyb\u0117s dokument\u0105, kad gal\u0117tume patvirtinti j\u016bs\u0173 tapatyb\u0119 (tai \u012fprasta visiems finans\u0173 paslaug\u0173 teik\u0117jams ir u\u017etikrina m\u016bs\u0173 platformos saugum\u0105).<\/p>\n<\/div><\/div><\/details>\n\n\n\n<details class=\"wp-block-tg-faqs-accordion-item faqs-accordion-item\"><summary class=\"faqs-accordion-item__question is-style-h6-higher-header-style\">Kokios valiutos yra prieinamos TransferGo daugiavaliut\u0117je s\u0105skaitoje?<\/summary><div class=\"faqs-accordion-item__height-wrapper\"><div class=\"faqs-accordion-item__content-wrapper\">\n<p>\u0160iuo metu si\u016blome keturias valiutas: GBP, EUR, PLN ir RON, o netrukus bus daugiau pasirinkim\u0173.<br><br>I\u0161 kiekvieno liku\u010dio galite si\u0173sti pinigus, gauti mok\u0117jimus ir keisti valiutas.<\/p>\n<\/div><\/div><\/details>\n\n\n\n<details class=\"wp-block-tg-faqs-accordion-item faqs-accordion-item\"><summary class=\"faqs-accordion-item__question is-style-h6-higher-header-style\">Ar reikia mok\u0117ti u\u017e keli\u0173 valiut\u0173 laikym\u0105?<\/summary><div class=\"faqs-accordion-item__height-wrapper\"><div class=\"faqs-accordion-item__content-wrapper\">\n<p>Ne, laikyti bet kok\u012f valiut\u0173 kiek\u012f yra nemokama. Mokes\u010diai atsiranda tik atliekant pervedimus ir visuomet bus ai\u0161kiai nurodyti prie\u0161 atliekant veiksm\u0105.<\/p>\n<\/div><\/div><\/details>\n\n\n\n<details class=\"wp-block-tg-faqs-accordion-item faqs-accordion-item\"><summary class=\"faqs-accordion-item__question is-style-h6-higher-header-style\">Kaip keisti valiutas daugiavaliut\u0117je s\u0105skaitoje?<\/summary><div class=\"faqs-accordion-item__height-wrapper\"><div class=\"faqs-accordion-item__content-wrapper\">\n<p>Valiut\u0173 keitimas yra paprastas. Apsilankykite savo s\u0105skaitoje per program\u0117l\u0119 arba svetain\u0119 ir pasirinkite \u201ekonvertuoti\u201c pasirinktoje valiutos s\u0105skaitoje, i\u0161 kurios norite keisti pinigus.<br><br>Pamatysite tiesiogin\u012f valiutos kurs\u0105 ir sum\u0105, kuri\u0105 gausite po keitimo. Jei nurodyra suma tinka, patvirtinkite.<\/p>\n<\/div><\/div><\/details>\n\n\n\n<details class=\"wp-block-tg-faqs-accordion-item faqs-accordion-item\"><summary class=\"faqs-accordion-item__question is-style-h6-higher-header-style\">Kokie yra valiut\u0173 keitimo kursai ir mokes\u010diai?<\/summary><div class=\"faqs-accordion-item__height-wrapper\"><div class=\"faqs-accordion-item__content-wrapper\">\n<p>Nors valiut\u0173 kursai gali kisti, TransferGo kursai nuolat yra vieni geriausi\u0173.<br><br>Taikomi mokes\u010diai taip pat priklauso nuo mok\u0117jimo metodo (pavyzd\u017eiui, mok\u0117jimai i\u0161 vienos TransferGo paskyros \u012f kit\u0105 n\u0117ra apmokestinami)<\/p>\n<\/div><\/div><\/details>\n\n\n\n<details class=\"wp-block-tg-faqs-accordion-item faqs-accordion-item\"><summary class=\"faqs-accordion-item__question is-style-h6-higher-header-style\">Kaip bus apdorojami mano asmens duomenys?<\/summary><div class=\"faqs-accordion-item__height-wrapper\"><div class=\"faqs-accordion-item__content-wrapper\">\n<p>J\u016bs\u0173 saugumas ir privatumas yra m\u016bs\u0173 prioritetas. I\u0161sami\u0105 informacij\u0105 apie tai, kaip tvarkome j\u016bs\u0173 asmens duomenis, rasite m\u016bs\u0173 privatumo politikoje.<br><br>Jei turite daugiau klausim\u0173, nedvejodami kreipkit\u0117s adresu: <a href=\"mailto:dpo@transfergo.com\">dpo@transfergo.com<\/a><\/p>\n<\/div><\/div><\/details>\n<\/div><\/section>\n","protected":false},"excerpt":{"rendered":"","protected":false},"author":7,"featured_media":0,"parent":0,"menu_order":0,"comment_status":"closed","ping_status":"closed","template":"","meta":{"hideMenuColor":false,"footnotes":""},"class_list":["post-238624","page","type-page","status-publish","hentry"],"jetpack_sharing_enabled":true,"hideMenuColor":"","_links":{"self":[{"href":"https:\/\/wpvip.tgalpha.com\/lt\/wp-json\/wp\/v2\/pages\/238624","targetHints":{"allow":["GET"]}}],"collection":[{"href":"https:\/\/wpvip.tgalpha.com\/lt\/wp-json\/wp\/v2\/pages"}],"about":[{"href":"https:\/\/wpvip.tgalpha.com\/lt\/wp-json\/wp\/v2\/types\/page"}],"author":[{"embeddable":true,"href":"https:\/\/wpvip.tgalpha.com\/lt\/wp-json\/wp\/v2\/users\/7"}],"replies":[{"embeddable":true,"href":"https:\/\/wpvip.tgalpha.com\/lt\/wp-json\/wp\/v2\/comments?post=238624"}],"version-history":[{"count":7,"href":"https:\/\/wpvip.tgalpha.com\/lt\/wp-json\/wp\/v2\/pages\/238624\/revisions"}],"predecessor-version":[{"id":720480,"href":"https:\/\/wpvip.tgalpha.com\/lt\/wp-json\/wp\/v2\/pages\/238624\/revisions\/720480"}],"wp:attachment":[{"href":"https:\/\/wpvip.tgalpha.com\/lt\/wp-json\/wp\/v2\/media?parent=238624"}],"curies":[{"name":"wp","href":"https:\/\/api.w.org\/{rel}","templated":true}]}}