{"id":1317,"date":"2022-08-29T07:37:28","date_gmt":"2022-08-29T07:37:28","guid":{"rendered":"https:\/\/transfergo.wpengine.com\/story"},"modified":"2024-10-07T10:30:56","modified_gmt":"2024-10-07T10:30:56","slug":"visa-istorija","status":"publish","type":"page","link":"https:\/\/wpvip.tgalpha.com\/lt\/visa-istorija","title":{"rendered":"VISA ISTORIJA"},"content":{"rendered":"\n<h1 class=\"wp-block-heading\">M\u016bs\u0173 istorija<\/h1>\n\n\n\n<h1 class=\"wp-block-heading\"><mark class=\"has-inline-color has-blue-500-color\">Kaip viskas prasid\u0117jo<\/mark><\/h1>\n\n\n\n<section class=\"wp-block-tg-photo-and-text container-fluid photo-and-text\"><div class=\"container\">\n<div class=\"wp-block-media-text is-stacked-on-mobile photo-and-text__container\"><figure class=\"wp-block-media-text__media\"><img loading=\"lazy\" decoding=\"async\" width=\"677\" height=\"432\" src=\"https:\/\/wpvip.tgalpha.com\/wp-content\/uploads\/2024\/06\/human-image.jpg\" alt=\"\" class=\"wp-image-70985 size-full\" srcset=\"https:\/\/wpvip.tgalpha.com\/wp-content\/uploads\/2024\/06\/human-image.jpg 677w, https:\/\/wpvip.tgalpha.com\/wp-content\/uploads\/2024\/06\/human-image.jpg?resize=300,191 300w\" sizes=\"auto, (max-width: 677px) 100vw, 677px\" \/><\/figure><div class=\"wp-block-media-text__content\">\n<p class=\"photo-and-text__paragraph has-blue-900-color has-text-color has-medium-font-size\">Mes \u010dia, kad palengvintume j\u016bs\u0173 gyvenim\u0105. Nesvarbu, ar mokate s\u0105skaitas, remiate \u0161eim\u0105 ar sprend\u017eiate nenumatytas situacijas &#8211; norime, kad gal\u0117tum\u0117te saugiai ir patikimai atlikti greitus ir nebrangius pinig\u0173 pervedimus. Kod\u0117l? Nes dar visai neseniai pinig\u0173 siuntimas buvo tikras ko\u0161maras.<\/p>\n<\/div><\/div>\n<\/div><\/section>\n\n\n\n<section class=\"wp-block-tg-story-text-and-image container-fluid story-text-and-image story-text-and-image--transparent-rectangle-right\"><div class=\"container\">\n<div class=\"wp-block-media-text has-media-on-the-right is-stacked-on-mobile story-text-and-image__container\"><div class=\"wp-block-media-text__content\">\n<h3 class=\"wp-block-heading story-text-and-image__heading has-blue-900-color has-text-color\">TransferGo gimimas<\/h3>\n\n\n\n<p>2012 metais mes, keturi jauni specialistai, prad\u0117jome importo ir eksporto versl\u0105 u\u017esienyje. Ta\u010diau tarptautini\u0173 pinig\u0173 pervedimai buvo problema. Mok\u0117dami s\u0105skaitas Lietuvoje ir si\u0173sdami pinigus tiek\u0117jams, susid\u016br\u0117me su problemomis: l\u0117ti pervedimai su dideliais mokes\u010diais, nulin\u0117 klient\u0173 aptarnavimo kokyb\u0117 ir valandos, praleistos stovint kiosko eil\u0117se.<\/p>\n\n\n\n<p>Kod\u0117l, 2012 metais, vis dar tur\u0117jome asmeni\u0161kai lankytis bankuose, kad atliktume paprastus pinig\u0173 pervedimus? Ir kod\u0117l u\u017e \u0161i\u0105 \u201epaslaug\u0105\u201c mok\u0117jome tiek daug? Kai m\u016bs\u0173 pinigai buvo siun\u010diami ne tik \u012f ne t\u0105 \u0161al\u012f, bet ir neteisinga valiuta, o mums net nebuvo pasi\u016blyta kompensacija, mes supratome, kad reikia poky\u010di\u0173. Nor\u0117jome visi\u0161kai pakeisti tarptautini\u0173 pinig\u0173 pervedim\u0173 srit\u012f. Nor\u0117jome sukurti unikal\u0173 verslo model\u012f su auk\u0161\u010diausios kokyb\u0117s klient\u0173 aptarnavimu. Ir taip gim\u0117 TransferGo.<\/p>\n<\/div><figure class=\"wp-block-media-text__media\"><img loading=\"lazy\" decoding=\"async\" width=\"451\" height=\"453\" src=\"https:\/\/wpvip.tgalpha.com\/wp-content\/uploads\/2024\/06\/Story-2-1.png\" alt=\"\" class=\"wp-image-71047 size-full\" srcset=\"https:\/\/wpvip.tgalpha.com\/wp-content\/uploads\/2024\/06\/Story-2-1.png 451w, https:\/\/wpvip.tgalpha.com\/wp-content\/uploads\/2024\/06\/Story-2-1.png?resize=150,150 150w, https:\/\/wpvip.tgalpha.com\/wp-content\/uploads\/2024\/06\/Story-2-1.png?resize=300,300 300w\" sizes=\"auto, (max-width: 451px) 100vw, 451px\" \/><\/figure><\/div>\n<\/div><\/section>\n\n\n\n<section class=\"wp-block-tg-story-text-and-image container-fluid story-text-and-image story-text-and-image--yellow-circle-left\"><div class=\"container\">\n<div class=\"wp-block-media-text is-stacked-on-mobile story-text-and-image__container\"><figure class=\"wp-block-media-text__media\"><img loading=\"lazy\" decoding=\"async\" width=\"451\" height=\"451\" src=\"https:\/\/wpvip.tgalpha.com\/wp-content\/uploads\/2024\/06\/Story-3-1.png\" alt=\"\" class=\"wp-image-71058 size-full\" srcset=\"https:\/\/wpvip.tgalpha.com\/wp-content\/uploads\/2024\/06\/Story-3-1.png 451w, https:\/\/wpvip.tgalpha.com\/wp-content\/uploads\/2024\/06\/Story-3-1.png?resize=150,150 150w, https:\/\/wpvip.tgalpha.com\/wp-content\/uploads\/2024\/06\/Story-3-1.png?resize=300,300 300w\" sizes=\"auto, (max-width: 451px) 100vw, 451px\" \/><\/figure><div class=\"wp-block-media-text__content\">\n<h3 class=\"wp-block-heading story-text-and-image__heading has-blue-900-color has-text-color\">Sunki prad\u017eia<\/h3>\n\n\n\n<p>\u012emon\u0117s \u012fk\u016brimas niekada n\u0117ra lengvas, ir mums tai nebuvo i\u0161imtis. \u0160e\u0161i m\u0117nesiai praleisti bandant gauti reguliavimo licencijas. Dar keturi m\u0117nesiai, kol radome bank\u0105, kuris sutiko su mumis dirbti. Metus taupytos asmenin\u0117s santaupos &#8211; i\u0161leistos. Vos tik viskas prad\u0117jo ger\u0117ti ir klient\u0173 atsiliepimai buvo teigiami, mus i\u0161tiko dar vienas nuosmukis.<\/p>\n\n\n\n<p>Nepaisant to, kad esame licencijuoti, visi\u0161kai laikom\u0117s finansini\u0173 \u012fstaig\u0173 taisykli\u0173, gavome lai\u0161k\u0105 i\u0161 m\u016bs\u0173 banko, kuriame sakoma, kad jie ketina mus u\u017edaryti. Joki\u0173 prie\u017eas\u010di\u0173. Jokio paai\u0161kinimo. Jie tai padar\u0117, nes gal\u0117jo. Ir kai paklaus\u0117me, kod\u0117l, mums buvo atsakyta, kad pateikti paai\u0161kinim\u0105 &#8220;prie\u0161tarauja j\u0173 politikai&#8221;. Tur\u0117jome 90 dien\u0173 i\u0161gelb\u0117ti \u012fmon\u0119.<\/p>\n\n\n\n<p class=\"story-text-and-image__paragraph has-blue-900-color has-text-color has-medium-font-size\">\u017dinojome, kad TransferGo teikia reik\u0161ming\u0105 poveik\u012f m\u016bs\u0173 klient\u0173 gyvenimui, ir nenor\u0117jome to atsisakyti. Laiku radome bank\u0105, kuris su mumis dirbt\u0173. \u012emon\u0117 i\u0161gyveno. Nuo to laiko kasmet galime vis daugiau j\u016bs\u0173 pad\u0117ti si\u0173sti pinig\u0173 pervedimus. <\/p>\n<\/div><\/div>\n<\/div><\/section>\n\n\n\n<section class=\"wp-block-tg-story-text-and-image container-fluid story-text-and-image story-text-and-image--none\"><div class=\"container\">\n<div class=\"wp-block-media-text has-media-on-the-right is-stacked-on-mobile story-text-and-image__container\"><div class=\"wp-block-media-text__content\">\n<h3 class=\"wp-block-heading story-text-and-image__heading has-blue-900-color has-text-color\">Kelias \u012f s\u0117km\u0119<\/h3>\n\n\n\n<p>Palyginus su m\u016bs\u0173 pirmosiomis sunkiomis dienomis po\u017ei\u016bris pasikeit\u0117 \u012f ger\u0105. Dabar bankai yra labiau link\u0119 bendradarbiauti su inovatyviomis <em>fintech<\/em> \u012fmon\u0117mis. \u0160iandien dirbame su daugiau nei 30 pasaulio \u012fmoni\u0173 &#8211; tai tikrai didelis pokytis, kai prad\u017eioje sunkiai radome bent vien\u0105.<\/p>\n\n\n\n<p>Malonu, kad mus pastebi d\u0117l to, kad darome skirtum\u0105. 2018 m. \u201eTechCrunch Europa Awards\u201d apdovanojimuose buvome nominuoti grei\u010diausiai augan\u010dio startuolio kategorijoje, ir \u012fvardinti, kaip viena i\u0161 5 \u201ekar\u0161\u010diausi\u0173\u201d augan\u010di\u0173 \u012fmoni\u0173 JK pagal TNW.<\/p>\n\n\n\n<p>Ta\u010diau i\u0161 tikr\u0173j\u0173 turime pad\u0117koti jums. Visiems jums, kurie nuolat sunkiai dirbate, kad i\u0161laikytum\u0117te savo \u0161eim\u0105 ir u\u017etikrintum\u0117te ekonomikos klest\u0117jim\u0105. TransferGo prad\u0117jome d\u0117l j\u016bs\u0173.<\/p>\n<\/div><figure class=\"wp-block-media-text__media\"><img loading=\"lazy\" decoding=\"async\" width=\"450\" height=\"442\" src=\"https:\/\/wpvip.tgalpha.com\/wp-content\/uploads\/2024\/06\/Story-4-1.png\" alt=\"\" class=\"wp-image-71069 size-full\" srcset=\"https:\/\/wpvip.tgalpha.com\/wp-content\/uploads\/2024\/06\/Story-4-1.png 450w, https:\/\/wpvip.tgalpha.com\/wp-content\/uploads\/2024\/06\/Story-4-1.png?resize=300,295 300w\" sizes=\"auto, (max-width: 450px) 100vw, 450px\" \/><\/figure><\/div>\n<\/div><\/section>\n\n\n\n<section class=\"wp-block-tg-story-text-and-image container-fluid story-text-and-image story-text-and-image--blue-rectangle-right\"><div class=\"container\">\n<div class=\"wp-block-media-text is-stacked-on-mobile story-text-and-image__container\"><figure class=\"wp-block-media-text__media\"><img loading=\"lazy\" decoding=\"async\" width=\"450\" height=\"442\" src=\"https:\/\/wpvip.tgalpha.com\/wp-content\/uploads\/2024\/06\/Story-5-1.png\" alt=\"\" class=\"wp-image-71080 size-full\" srcset=\"https:\/\/wpvip.tgalpha.com\/wp-content\/uploads\/2024\/06\/Story-5-1.png 450w, https:\/\/wpvip.tgalpha.com\/wp-content\/uploads\/2024\/06\/Story-5-1.png?resize=300,295 300w\" sizes=\"auto, (max-width: 450px) 100vw, 450px\" \/><\/figure><div class=\"wp-block-media-text__content\">\n<h3 class=\"wp-block-heading story-text-and-image__heading has-blue-900-color has-text-color\">\u0160viesi ateitis<\/h3>\n\n\n\n<p class=\"story-text-and-image__paragraph has-blue-900-color has-text-color has-medium-font-size\">Nuo 2012 m. mes nu\u0117jome ilg\u0105 keli\u0105, bet tai tik prad\u017eia. Art\u0117jan\u010diais m\u0117nesiais mes planuojame daugiau. Daugiau pervedimo kryp\u010di\u0173 tarp \u0161ali\u0173. Daugiau valiut\u0173. Daugiau produkt\u0173. Daugiau pasi\u016blym\u0173. Galiausiai, mes norime pasiekti dar daugiau j\u016bs\u0173. J\u016bs nusipelnote galimyb\u0117s si\u0173sti savo sunkiai u\u017edirbtus pinigus namo u\u017e ma\u017eas kainas, greitai ir lengvai. Norime suteikti toki\u0105 galimyb\u0119 dar daugiau j\u016bs\u0173. <\/p>\n\n\n\n<div class=\"wp-block-button\"><a class=\"wp-block-button__link wp-element-button\" href=\"https:\/\/app.transfergo.com\/lt\/register\" target=\"_blank\" rel=\"noopener\">Si\u0173sti pinigus dabar<\/a><\/div>\n<\/div><\/div>\n<\/div><\/section>\n","protected":false},"excerpt":{"rendered":"<p>M\u016bs\u0173 istorija Kaip viskas prasid\u0117jo<\/p>\n","protected":false},"author":1,"featured_media":0,"parent":0,"menu_order":0,"comment_status":"closed","ping_status":"closed","template":"","meta":{"hideMenuColor":false,"footnotes":""},"class_list":["post-1317","page","type-page","status-publish","hentry"],"jetpack_sharing_enabled":true,"hideMenuColor":false,"_links":{"self":[{"href":"https:\/\/wpvip.tgalpha.com\/lt\/wp-json\/wp\/v2\/pages\/1317","targetHints":{"allow":["GET"]}}],"collection":[{"href":"https:\/\/wpvip.tgalpha.com\/lt\/wp-json\/wp\/v2\/pages"}],"about":[{"href":"https:\/\/wpvip.tgalpha.com\/lt\/wp-json\/wp\/v2\/types\/page"}],"author":[{"embeddable":true,"href":"https:\/\/wpvip.tgalpha.com\/lt\/wp-json\/wp\/v2\/users\/1"}],"replies":[{"embeddable":true,"href":"https:\/\/wpvip.tgalpha.com\/lt\/wp-json\/wp\/v2\/comments?post=1317"}],"version-history":[{"count":0,"href":"https:\/\/wpvip.tgalpha.com\/lt\/wp-json\/wp\/v2\/pages\/1317\/revisions"}],"wp:attachment":[{"href":"https:\/\/wpvip.tgalpha.com\/lt\/wp-json\/wp\/v2\/media?parent=1317"}],"curies":[{"name":"wp","href":"https:\/\/api.w.org\/{rel}","templated":true}]}}