{"id":1227,"date":"2022-08-29T08:46:03","date_gmt":"2022-08-29T08:46:03","guid":{"rendered":"https:\/\/transfergo.wpengine.com\/terms-and-conditions"},"modified":"2025-10-10T14:48:30","modified_gmt":"2025-10-10T14:48:30","slug":"taisykles","status":"publish","type":"page","link":"https:\/\/wpvip.tgalpha.com\/lt\/taisykles","title":{"rendered":"Taisykl\u0117s"},"content":{"rendered":"\n<section class=\"wp-block-tg-terms-and-conditions-hero terms-and-conditions-hero container-fluid alignfull\" align=\"full\"><div class=\"container\">\n<h1 class=\"wp-block-heading has-text-align-center terms-and-conditions-hero__title has-blue-900-color has-text-color\">M\u016bs\u0173 s\u0105lygos<\/h1>\n<\/div><\/section>\n\n\n\n<section class=\"wp-block-tg-terms-and-conditions-cards-with-button terms-and-conditions-cards-with-button container-fluid alignfull\" align=\"full\"><div class=\"container\">\n<div class=\"wp-block-group terms-and-conditions-cards-with-button__cards-wrapper is-layout-flow wp-block-group-is-layout-flow\">\n<a href=\"https:\/\/wpvip.tgalpha.com\/lt\/taisykles\/transfergo-lietuva\" class=\"wp-block-tg-terms-and-conditions-card terms-and-conditions-card\">\n<figure class=\"wp-block-image aligncenter terms-and-conditions-card__image\"><img decoding=\"async\" src=\"https:\/\/wpvip.tgalpha.com\/wp-content\/plugins\/transfergo-blocks\/assets\/img\/flags\/EU.svg\" alt=\"\"\/><\/figure>\n\n\n\n<h4 class=\"wp-block-heading has-text-align-center terms-and-conditions-card__title has-blue-500-color has-text-color\">Vartotojams Europos S\u0105jungoje<\/h4>\n<\/a>\n\n\n\n<a href=\"https:\/\/wpvip.tgalpha.com\/lt\/taisykles\/verslui\" class=\"wp-block-tg-terms-and-conditions-card terms-and-conditions-card\">\n<figure class=\"wp-block-image aligncenter terms-and-conditions-card__image\"><img decoding=\"async\" src=\"https:\/\/wpvip.tgalpha.com\/wp-content\/plugins\/transfergo-blocks\/assets\/img\/flags\/EU.svg\" alt=\"\"\/><\/figure>\n\n\n\n<h4 class=\"wp-block-heading has-text-align-center terms-and-conditions-card__title has-blue-500-color has-text-color\"><strong>Verslo vartotojai<\/strong><\/h4>\n<\/a>\n\n\n\n<a href=\"https:\/\/wpvip.tgalpha.com\/lt\/taisykles\/transfergo-turkija\" class=\"wp-block-tg-terms-and-conditions-card terms-and-conditions-card\">\n<figure class=\"wp-block-image aligncenter size-full terms-and-conditions-card__image\"><img decoding=\"async\" src=\"https:\/\/wpvip.tgalpha.com\/de\/wp-content\/uploads\/2024\/11\/turkey\u2022M-1.svg\" alt=\"\" class=\"wp-image-96515\"\/><\/figure>\n\n\n\n<h4 class=\"wp-block-heading has-text-align-center terms-and-conditions-card__title has-blue-500-color has-text-color\">Vartotojams Turkijoje<\/h4>\n<\/a>\n<\/div>\n<\/div><\/section>\n","protected":false},"excerpt":{"rendered":"","protected":false},"author":1,"featured_media":718152,"parent":0,"menu_order":0,"comment_status":"closed","ping_status":"closed","template":"","meta":{"hideMenuColor":true,"footnotes":""},"class_list":["post-1227","page","type-page","status-publish","has-post-thumbnail","hentry"],"jetpack_sharing_enabled":true,"hideMenuColor":"1","_links":{"self":[{"href":"https:\/\/wpvip.tgalpha.com\/lt\/wp-json\/wp\/v2\/pages\/1227","targetHints":{"allow":["GET"]}}],"collection":[{"href":"https:\/\/wpvip.tgalpha.com\/lt\/wp-json\/wp\/v2\/pages"}],"about":[{"href":"https:\/\/wpvip.tgalpha.com\/lt\/wp-json\/wp\/v2\/types\/page"}],"author":[{"embeddable":true,"href":"https:\/\/wpvip.tgalpha.com\/lt\/wp-json\/wp\/v2\/users\/1"}],"replies":[{"embeddable":true,"href":"https:\/\/wpvip.tgalpha.com\/lt\/wp-json\/wp\/v2\/comments?post=1227"}],"version-history":[{"count":7,"href":"https:\/\/wpvip.tgalpha.com\/lt\/wp-json\/wp\/v2\/pages\/1227\/revisions"}],"predecessor-version":[{"id":238054,"href":"https:\/\/wpvip.tgalpha.com\/lt\/wp-json\/wp\/v2\/pages\/1227\/revisions\/238054"}],"wp:featuredmedia":[{"embeddable":true,"href":"https:\/\/wpvip.tgalpha.com\/lt\/wp-json\/wp\/v2\/media\/718152"}],"wp:attachment":[{"href":"https:\/\/wpvip.tgalpha.com\/lt\/wp-json\/wp\/v2\/media?parent=1227"}],"curies":[{"name":"wp","href":"https:\/\/api.w.org\/{rel}","templated":true}]}}