{"id":104828,"date":"2025-01-23T11:35:13","date_gmt":"2025-01-23T11:35:13","guid":{"rendered":"https:\/\/wpvip.tgalpha.com\/?page_id=104828"},"modified":"2026-02-11T14:32:25","modified_gmt":"2026-02-11T14:32:25","slug":"klientu-istorijos","status":"publish","type":"page","link":"https:\/\/wpvip.tgalpha.com\/lt\/verslui\/klientu-istorijos","title":{"rendered":"SME Customer Stories (LT)"},"content":{"rendered":"\n<section class=\"wp-block-tg-hero-text-and-image hero-text-and-image container-fluid alignfull has-blue-900-background-color has-background\" align=\"full\"><div class=\"container\">\n<div class=\"wp-block-columns hero-text-and-image__columns is-layout-flex wp-container-core-columns-is-layout-28f84493 wp-block-columns-is-layout-flex\">\n<div class=\"wp-block-column hero-text-and-image__column is-layout-flow wp-block-column-is-layout-flow\">\n<p class=\"hero-text-and-image__subheading is-style-h6-higher-header-style has-blue-900-color has-text-color\"><mark style=\"background-color:rgba(0, 0, 0, 0)\" class=\"has-inline-color has-bw-100-color\">TransferGo Business klient\u0173 istorijos<\/mark><\/p>\n\n\n\n<h1 class=\"wp-block-heading hero-text-and-image__heading is-style-h1-higher-header-style has-bw-100-color has-text-color\">Tikros istorijos, <mark style=\"background-color:rgba(0, 0, 0, 0)\" class=\"has-inline-color has-yellow-color\">tikri pasiekimai.<\/mark><\/h1>\n\n\n\n<p class=\"hero-text-and-image__paragraph is-style-h6-higher-header-style has-blue-900-color has-text-color\"><mark style=\"background-color:rgba(0, 0, 0, 0)\" class=\"has-inline-color has-bw-100-color\">M\u016bs\u0173 tikslas paprastas &#8211; pad\u0117ti dideli\u0173 ambicij\u0173 turin\u010dioms \u012fmon\u0117ms supaprastinti savo finansines operacijas ir klest\u0117ti.<\/mark><\/p>\n\n\n\n<p class=\"hero-text-and-image__paragraph has-blue-900-color has-text-color\"><mark style=\"background-color:rgba(0, 0, 0, 0)\" class=\"has-inline-color has-bw-100-color\">Su\u017einokite, kaip \u012fvairi\u0173 sektori\u0173 \u012fmon\u0117s s\u0117kmingai naudoja TransferGo tarptautiniams verslo mok\u0117jimams palengvinti ir gauna daug ap\u010diuopiamos naudos &#8211; nuo mok\u0117jimo proces\u0173 pagreitinimo iki sandori\u0173 s\u0105naud\u0173 suma\u017einimo ir pelno didinimo.<\/mark><\/p>\n\n\n\n<div class=\"wp-block-buttons hero-text-and-image__buttons is-layout-flex wp-block-buttons-is-layout-flex\">\n<div class=\"wp-block-button hero-text-and-image__button is-style-button-with-arrow-light\"><a class=\"wp-block-button__link wp-element-button\" href=\"https:\/\/app.transfergo.com\/lt\/register\/business\" target=\"_blank\" rel=\"noreferrer noopener\">Prad\u0117kite dabar<\/a><\/div>\n<\/div>\n<\/div>\n\n\n\n<div class=\"wp-block-column hero-text-and-image__column is-layout-flow wp-block-column-is-layout-flow\">\n<figure class=\"wp-block-image hero-text-and-image__image\"><img decoding=\"async\" src=\"https:\/\/wpvip.tgalpha.com\/wp-content\/plugins\/transfergo-blocks\/assets\/img\/hero-text-and-image\/hero-business-customer-stories.webp\" alt=\"\"\/><\/figure>\n<\/div>\n<\/div>\n<\/div><\/section>\n\n\n\n<section class=\"wp-block-tg-business-case-studies-with-title business-case-studies-with-title container-fluid\"><div class=\"container\">\n<h2 class=\"wp-block-heading has-text-align-center business-case-studies-with-title__title has-blue-900-color has-text-color\">Atraskite daugiau TransferGo Business klient\u0173 s\u0117km\u0117s istorij\u0173<\/h2>\n\n\n\n<p class=\"has-text-align-center business-case-studies-with-title__subtitle is-style-h4-higher-header-style has-blue-900-color has-text-color has-medium-font-size\">Su\u017einokite, kaip kitos \u012fvairi\u0173 sektori\u0173 \u012fmon\u0117s pasinaudojo TransferGo paslaugomis, kad gal\u0117t\u0173 atlikti pelningus, greitesnius ir saugesnius tarptautinius mok\u0117jimus.<\/p>\n\n\n\n<div class=\"wp-block-query is-layout-flow wp-block-query-is-layout-flow\"><ul class=\"business-case-studies-with-title__items wp-block-post-template is-layout-flow wp-block-post-template-is-layout-flow\"><li class=\"wp-block-post post-171098 post type-post status-publish format-standard has-post-thumbnail hentry category-klientu-istorijos category-verslas\">\n<a href=\"https:\/\/wpvip.tgalpha.com\/lt\/edger-kliento-sekmes-istorija\">\n<div class=\"wp-block-group wp-block-post-link is-layout-flow wp-block-group-is-layout-flow\"><figure class=\"wp-block-post-featured-image\"><img loading=\"lazy\" decoding=\"async\" width=\"1024\" height=\"536\" src=\"https:\/\/wpvip.tgalpha.com\/wp-content\/uploads\/2025\/03\/edger-main.webp?resize=1024,536\" class=\"attachment-large size-large wp-post-image\" alt=\"edger\" style=\"object-fit:cover;\" srcset=\"https:\/\/wpvip.tgalpha.com\/wp-content\/uploads\/2025\/03\/edger-main.webp?resize=1024,536 1024w, https:\/\/wpvip.tgalpha.com\/wp-content\/uploads\/2025\/03\/edger-main.webp?resize=300,157 300w, https:\/\/wpvip.tgalpha.com\/wp-content\/uploads\/2025\/03\/edger-main.webp?resize=768,402 768w, https:\/\/wpvip.tgalpha.com\/wp-content\/uploads\/2025\/03\/edger-main.webp 1200w\" sizes=\"auto, (max-width: 1024px) 100vw, 1024px\" \/><\/figure>\n\n\n<div class=\"wp-block-group wp-block-post-terms-wrapper is-layout-flow wp-block-group-is-layout-flow\"><\/div>\n\n\n<h3 class=\"wp-block-heading is-style-h5-higher-header-style wp-block-post-title\">Edger kliento s\u0117km\u0117s istorija<\/h3>\n\n<div class=\"wp-block-post-excerpt\"><p class=\"wp-block-post-excerpt__excerpt\">Industrija ir vieta: Sodo reikmen\u0173 \u012fmon\u0117, \u012fsik\u016brusi Lenkijoje. Privalumai: TransferGo suteik\u0117 Edger sprendim\u0105 pervesti pinigus i\u0161 Lenkijos \u012f Kinij\u0105, panaikinant didelius banko mokes\u010dius ir leid\u017eiant \u012fmonei pasinaudoti geresniais valiut\u0173 kursais.u tradiciniais bankais. \u201eTur\u0117jome problem\u0173 ie\u0161kant \u012fmon\u0117s, kuri siun\u010dia pavedimus i\u0161 Lenkijos \u012f Kinij\u0105. Tradiciniai banko mokes\u010diai buvo labai dideli, o \u012fkainiai nebuvo palank\u016bs, tod\u0117l ie\u0161kojome&hellip; <\/p><\/div><\/div>\n<\/a>\n<\/li><li class=\"wp-block-post post-170377 post type-post status-publish format-standard has-post-thumbnail hentry category-klientu-istorijos category-verslas\">\n<a href=\"https:\/\/wpvip.tgalpha.com\/lt\/baleidetale-pl-kliento-sekmes-istorija\">\n<div class=\"wp-block-group wp-block-post-link is-layout-flow wp-block-group-is-layout-flow\"><figure class=\"wp-block-post-featured-image\"><img loading=\"lazy\" decoding=\"async\" width=\"1024\" height=\"724\" src=\"https:\/\/wpvip.tgalpha.com\/wp-content\/uploads\/2025\/03\/baleir-detale.webp?resize=1024,724\" class=\"attachment-large size-large wp-post-image\" alt=\"BaleiDetale.pl\" style=\"object-fit:cover;\" srcset=\"https:\/\/wpvip.tgalpha.com\/wp-content\/uploads\/2025\/03\/baleir-detale.webp?resize=1024,724 1024w, https:\/\/wpvip.tgalpha.com\/wp-content\/uploads\/2025\/03\/baleir-detale.webp?resize=300,212 300w, https:\/\/wpvip.tgalpha.com\/wp-content\/uploads\/2025\/03\/baleir-detale.webp?resize=768,543 768w, https:\/\/wpvip.tgalpha.com\/wp-content\/uploads\/2025\/03\/baleir-detale.webp?resize=1536,1086 1536w, https:\/\/wpvip.tgalpha.com\/wp-content\/uploads\/2025\/03\/baleir-detale.webp 2000w\" sizes=\"auto, (max-width: 1024px) 100vw, 1024px\" \/><\/figure>\n\n\n<div class=\"wp-block-group wp-block-post-terms-wrapper is-layout-flow wp-block-group-is-layout-flow\"><\/div>\n\n\n<h3 class=\"wp-block-heading is-style-h5-higher-header-style wp-block-post-title\">BaleiDetale.pl kliento s\u0117km\u0117s istorija<\/h3>\n\n<div class=\"wp-block-post-excerpt\"><p class=\"wp-block-post-excerpt__excerpt\">Industrija ir vieta: R\u0105stini\u0173 nam\u0173 statybos ir konsultacij\u0173 \u012fmon\u0117, \u012fsik\u016brusi Lenkijoje. Privalumai: TransferGo reik\u0161mingai suma\u017eino BaleiDetale.pl tarptautini\u0173 pervedim\u0173 i\u0161laidas d\u0117l itin ma\u017e\u0173 mokes\u010di\u0173, palyginus su tradiciniais bankais. \u201eKai paai\u0161k\u0117jo, kad vienas banko pervedimas \u012f \u010cekij\u0105 mums gali kainuoti iki 1 700 PLN, supratau, jog reikia kito sprendimo, tod\u0117l prad\u0117jau ie\u0161koti geresn\u0117s alternatyvos. Taip atradau TransferGo.&hellip; <\/p><\/div><\/div>\n<\/a>\n<\/li><li class=\"wp-block-post post-101924 post type-post status-publish format-standard has-post-thumbnail hentry category-klientu-istorijos category-verslas\">\n<a href=\"https:\/\/wpvip.tgalpha.com\/lt\/pirmas-pasirinkimas-kliento-sekmes-istorija\">\n<div class=\"wp-block-group wp-block-post-link is-layout-flow wp-block-group-is-layout-flow\"><figure class=\"wp-block-post-featured-image\"><img loading=\"lazy\" decoding=\"async\" width=\"1024\" height=\"536\" src=\"https:\/\/wpvip.tgalpha.com\/wp-content\/uploads\/2024\/09\/Pirmas-pasirinkimas_1.png?resize=1024,536\" class=\"attachment-large size-large wp-post-image\" alt=\"\" style=\"object-fit:cover;\" srcset=\"https:\/\/wpvip.tgalpha.com\/wp-content\/uploads\/2024\/09\/Pirmas-pasirinkimas_1.png?resize=1024,536 1024w, https:\/\/wpvip.tgalpha.com\/wp-content\/uploads\/2024\/09\/Pirmas-pasirinkimas_1.png?resize=300,157 300w, https:\/\/wpvip.tgalpha.com\/wp-content\/uploads\/2024\/09\/Pirmas-pasirinkimas_1.png?resize=768,402 768w, https:\/\/wpvip.tgalpha.com\/wp-content\/uploads\/2024\/09\/Pirmas-pasirinkimas_1.png 1200w\" sizes=\"auto, (max-width: 1024px) 100vw, 1024px\" \/><\/figure>\n\n\n<div class=\"wp-block-group wp-block-post-terms-wrapper is-layout-flow wp-block-group-is-layout-flow\"><\/div>\n\n\n<h3 class=\"wp-block-heading is-style-h5-higher-header-style wp-block-post-title\">MB \u201ePirmas Pasirinkimas\u201c kliento s\u0117km\u0117s istorija<\/h3>\n\n<div class=\"wp-block-post-excerpt\"><p class=\"wp-block-post-excerpt__excerpt\">Pramon\u0117 ir vieta: Naudot\u0173 automobili\u0173 pardav\u0117jas Lietuvoje. Privalumai: TransferGo suteik\u0117 MB \u201ePirmas Pasirinkimas\u201c konkurencing\u0105 prana\u0161um\u0105 sudarant naujus sandorius. \u201eTradiciniai bankiniai pervedimai u\u017etrukdavo kelias dienas, o su TransferGo galiu pervesti pinigus ma\u017edaug per 30 minu\u010di\u0173. Tai suteik\u0117 man konkurencing\u0105 prana\u0161um\u0105, leid\u017eiant\u012f greitai u\u017etikrinti sandorius. Platforma yra paprasta ir patikima, o realiuoju laiku gaunami prane\u0161imai suteikia pasitik\u0117jimo.&hellip; <\/p><\/div><\/div>\n<\/a>\n<\/li><li class=\"wp-block-post post-101936 post type-post status-publish format-standard has-post-thumbnail hentry category-klientu-istorijos category-verslas\">\n<a href=\"https:\/\/wpvip.tgalpha.com\/lt\/nomi-fame-kliento-sekmes-istorija\">\n<div class=\"wp-block-group wp-block-post-link is-layout-flow wp-block-group-is-layout-flow\"><figure class=\"wp-block-post-featured-image\"><img loading=\"lazy\" decoding=\"async\" width=\"1024\" height=\"536\" src=\"https:\/\/wpvip.tgalpha.com\/wp-content\/uploads\/2024\/09\/Raimonda.png?resize=1024,536\" class=\"attachment-large size-large wp-post-image\" alt=\"\" style=\"object-fit:cover;\" srcset=\"https:\/\/wpvip.tgalpha.com\/wp-content\/uploads\/2024\/09\/Raimonda.png?resize=1024,536 1024w, https:\/\/wpvip.tgalpha.com\/wp-content\/uploads\/2024\/09\/Raimonda.png?resize=300,157 300w, https:\/\/wpvip.tgalpha.com\/wp-content\/uploads\/2024\/09\/Raimonda.png?resize=768,402 768w, https:\/\/wpvip.tgalpha.com\/wp-content\/uploads\/2024\/09\/Raimonda.png 1200w\" sizes=\"auto, (max-width: 1024px) 100vw, 1024px\" \/><\/figure>\n\n\n<div class=\"wp-block-group wp-block-post-terms-wrapper is-layout-flow wp-block-group-is-layout-flow\"><\/div>\n\n\n<h3 class=\"wp-block-heading is-style-h5-higher-header-style wp-block-post-title\">\u201eNomi Fame\u201c kliento s\u0117km\u0117s istorija<\/h3>\n\n<div class=\"wp-block-post-excerpt\"><p class=\"wp-block-post-excerpt__excerpt\">Industrija ir vieta: Prabangi\u0173 kokteilini\u0173 drabu\u017ei\u0173 gamintojas Lietuvoje Privalumai: TransferGo suma\u017eino \u201eNomi Fame\u201c tarptautini\u0173 sandori\u0173 i\u0161laidas. \u201eM\u016bs\u0173 verslas susid\u016br\u0117 su dideliais sunkumais, susijusiais su tarptautiniais gr\u0105\u017einamaisiais mok\u0117jimais, ir r\u0117m\u0117m\u0117s l\u0117tais ir brangiais metodais, tokiais kaip \u201eWix\u201c ir \u201ePayPal\u201c. Ta\u010diau dabar, naudodamasi TransferGo galiu d\u017eiaugtis ma\u017eais mokes\u010diais, greitomis operacijomis ir patogia vartotojo s\u0105saja. \u0160is pokytis l\u0117m\u0117&hellip; <\/p><\/div><\/div>\n<\/a>\n<\/li><li class=\"wp-block-post post-101873 post type-post status-publish format-standard has-post-thumbnail hentry category-klientu-istorijos category-verslas\">\n<a href=\"https:\/\/wpvip.tgalpha.com\/lt\/noviti-finance-kliento-sekmes-istorija\">\n<div class=\"wp-block-group wp-block-post-link is-layout-flow wp-block-group-is-layout-flow\"><figure class=\"wp-block-post-featured-image\"><img loading=\"lazy\" decoding=\"async\" width=\"1024\" height=\"536\" src=\"https:\/\/wpvip.tgalpha.com\/wp-content\/uploads\/2024\/11\/1104_CaseStudy_Noviti-noop-1.png?resize=1024,536\" class=\"attachment-large size-large wp-post-image\" alt=\"\" style=\"object-fit:cover;\" srcset=\"https:\/\/wpvip.tgalpha.com\/wp-content\/uploads\/2024\/11\/1104_CaseStudy_Noviti-noop-1.png?resize=1024,536 1024w, https:\/\/wpvip.tgalpha.com\/wp-content\/uploads\/2024\/11\/1104_CaseStudy_Noviti-noop-1.png?resize=300,157 300w, https:\/\/wpvip.tgalpha.com\/wp-content\/uploads\/2024\/11\/1104_CaseStudy_Noviti-noop-1.png?resize=768,402 768w, https:\/\/wpvip.tgalpha.com\/wp-content\/uploads\/2024\/11\/1104_CaseStudy_Noviti-noop-1.png 1200w\" sizes=\"auto, (max-width: 1024px) 100vw, 1024px\" \/><\/figure>\n\n\n<div class=\"wp-block-group wp-block-post-terms-wrapper is-layout-flow wp-block-group-is-layout-flow\"><\/div>\n\n\n<h3 class=\"wp-block-heading is-style-h5-higher-header-style wp-block-post-title\">\u201eNoviti Finance\u201c kliento s\u0117km\u0117s istorija<\/h3>\n\n<div class=\"wp-block-post-excerpt\"><p class=\"wp-block-post-excerpt__excerpt\">Pramon\u0117 ir vieta: Finans\u0173 bendrov\u0117, \u012fsik\u016brusi Lietuvoje. Privalumai: TransferGo suma\u017eino \u201eNoviti Finance\u201c valiutos konvertavimo i\u0161laidas ir sutaup\u0117 t\u016bkstan\u010dius eur\u0173 tarptautiniams verslo mok\u0117jimams. \u201eD\u0117l TransferGo konkurencing\u0173 tarif\u0173 perve\u017eimams sutaup\u0117me t\u016bkstan\u010dius eur\u0173. Labai vertiname tai, kad TransferGo konvertavimo ir perve\u017eimo paslaugos teikiamos 24 valandas per par\u0105, 7 dienas per savait\u0119. Tuo pat metu jos atsidavusi klient\u0173 aptarnavimo&hellip; <\/p><\/div><\/div>\n<\/a>\n<\/li><li class=\"wp-block-post post-101949 post type-post status-publish format-standard has-post-thumbnail hentry category-klientu-istorijos category-verslas\">\n<a href=\"https:\/\/wpvip.tgalpha.com\/lt\/directors-lab-kliento-sekmes-istorija\">\n<div class=\"wp-block-group wp-block-post-link is-layout-flow wp-block-group-is-layout-flow\"><figure class=\"wp-block-post-featured-image\"><img loading=\"lazy\" decoding=\"async\" width=\"1024\" height=\"536\" src=\"https:\/\/wpvip.tgalpha.com\/wp-content\/uploads\/2024\/09\/Directors-lab.png?resize=1024,536\" class=\"attachment-large size-large wp-post-image\" alt=\"\" style=\"object-fit:cover;\" srcset=\"https:\/\/wpvip.tgalpha.com\/wp-content\/uploads\/2024\/09\/Directors-lab.png?resize=1024,536 1024w, https:\/\/wpvip.tgalpha.com\/wp-content\/uploads\/2024\/09\/Directors-lab.png?resize=300,157 300w, https:\/\/wpvip.tgalpha.com\/wp-content\/uploads\/2024\/09\/Directors-lab.png?resize=768,402 768w, https:\/\/wpvip.tgalpha.com\/wp-content\/uploads\/2024\/09\/Directors-lab.png 1200w\" sizes=\"auto, (max-width: 1024px) 100vw, 1024px\" \/><\/figure>\n\n\n<div class=\"wp-block-group wp-block-post-terms-wrapper is-layout-flow wp-block-group-is-layout-flow\"><\/div>\n\n\n<h3 class=\"wp-block-heading is-style-h5-higher-header-style wp-block-post-title\">\u201eDirectors Lab\u201c kliento s\u0117km\u0117s istorija<\/h3>\n\n<div class=\"wp-block-post-excerpt\"><p class=\"wp-block-post-excerpt__excerpt\">Industrija ir vieta: Aktori\u0173 ir re\u017eisieri\u0173 mokymai Lietuvoje ir Lenkijoje.nd. Privalumai: TransferGo pranoko bankus ir pad\u0117jo \u201eDirectors Lab\u201c sutelkti d\u0117mes\u012f \u012f i\u0161skirtini\u0173 mokym\u0173 organizavim\u0105. \u201eTransferGo teikiamos paslaugos buvo labai svarbios \u201eDirectors Lab\u201c &#8211; pinig\u0173 pervedimai atliekami laiku ir skaidriai, tod\u0117l gal\u0117jau susitelkti \u012f auk\u0161tos kokyb\u0117s mokymus ir tuo pat metu si\u0173sti ekonomi\u0161kus mok\u0117jimus lektoriams. Ir&hellip; <\/p><\/div><\/div>\n<\/a>\n<\/li><\/ul>\n\n<nav class=\"business-case-studies-with-title__pagination wp-block-query-pagination is-layout-flex wp-block-query-pagination-is-layout-flex\" aria-label=\"Pagination\">\n<div class=\"business-case-studies-with-title__pagination-numbers wp-block-query-pagination-numbers\"><span aria-current=\"page\" class=\"page-numbers current\">1<\/span>\n<a class=\"page-numbers\" href=\"?query-1-page=2\">2<\/a><\/div>\n<\/nav><\/div>\n<\/div><\/section>\n\n\n\n<section class=\"wp-block-tg-text-with-button-and-images text-with-button-and-images container-fluid alignfull has-background-color has-bw-200-background-color\" align=\"full\"><div class=\"container\">\n<div class=\"wp-block-columns text-with-button-and-images__columns is-layout-flex wp-container-core-columns-is-layout-28f84493 wp-block-columns-is-layout-flex\">\n<div class=\"wp-block-column text-with-button-and-images__column is-layout-flow wp-block-column-is-layout-flow\">\n<div class=\"wp-block-group text-with-button-and-images__text-wrapper is-layout-flow wp-block-group-is-layout-flow\">\n<h2 class=\"wp-block-heading has-text-align-left text-with-button-and-images__heading has-blue-900-color has-text-color\">Ar esate pasireng\u0119 b\u016bti \u012ftraukti \u012f klient\u0173 s\u0117km\u0117s istorij\u0173 s\u0105ra\u0161\u0105?<\/h2>\n\n\n\n<p class=\"has-text-align-left text-with-button-and-images__paragraph has-blue-900-color has-text-color has-medium-font-size\">TransferGo Business si\u016blo lankstum\u0105 ir patikimum\u0105, kuri\u0173 reikia j\u016bs\u0173 \u012fmonei augti ir klest\u0117ti visame pasaulyje.<\/p>\n\n\n\n<div class=\"wp-block-button text-with-button-and-images__button is-style-button-with-arrow\"><a class=\"wp-block-button__link has-text-align-center wp-element-button\" href=\"https:\/\/wpvip.tgalpha.com\/lt\/verslo\">Daugiau informacijos<\/a><\/div>\n<\/div>\n<\/div>\n\n\n\n<div class=\"wp-block-column text-with-button-and-images__column is-layout-flow wp-block-column-is-layout-flow\">\n<div class=\"wp-block-group text-with-button-and-images__images-wrapper is-layout-flow wp-block-group-is-layout-flow\">\n<figure class=\"wp-block-image text-with-button-and-images__image text-with-button-and-images__image--icon\"><img decoding=\"async\" src=\"https:\/\/wpvip.tgalpha.com\/wp-content\/plugins\/transfergo-blocks\/assets\/img\/text-with-button-and-images-0.webp\" alt=\"\"\/><\/figure>\n\n\n\n<figure class=\"wp-block-image text-with-button-and-images__image text-with-button-and-images__image--man\"><img decoding=\"async\" src=\"https:\/\/wpvip.tgalpha.com\/wp-content\/plugins\/transfergo-blocks\/assets\/img\/text-with-button-and-images-1.webp\" alt=\"\"\/><\/figure>\n\n\n\n<figure class=\"wp-block-image text-with-button-and-images__image text-with-button-and-images__image--woman\"><img decoding=\"async\" src=\"https:\/\/wpvip.tgalpha.com\/wp-content\/plugins\/transfergo-blocks\/assets\/img\/text-with-button-and-images-2.webp\" alt=\"\"\/><\/figure>\n<\/div>\n<\/div>\n<\/div>\n<\/div><\/section>\n","protected":false},"excerpt":{"rendered":"","protected":false},"author":7,"featured_media":239260,"parent":1367,"menu_order":0,"comment_status":"closed","ping_status":"closed","template":"business-page-template","meta":{"hideMenuColor":false,"footnotes":""},"class_list":["post-104828","page","type-page","status-publish","has-post-thumbnail","hentry"],"jetpack_sharing_enabled":true,"hideMenuColor":false,"_links":{"self":[{"href":"https:\/\/wpvip.tgalpha.com\/lt\/wp-json\/wp\/v2\/pages\/104828","targetHints":{"allow":["GET"]}}],"collection":[{"href":"https:\/\/wpvip.tgalpha.com\/lt\/wp-json\/wp\/v2\/pages"}],"about":[{"href":"https:\/\/wpvip.tgalpha.com\/lt\/wp-json\/wp\/v2\/types\/page"}],"author":[{"embeddable":true,"href":"https:\/\/wpvip.tgalpha.com\/lt\/wp-json\/wp\/v2\/users\/7"}],"replies":[{"embeddable":true,"href":"https:\/\/wpvip.tgalpha.com\/lt\/wp-json\/wp\/v2\/comments?post=104828"}],"version-history":[{"count":5,"href":"https:\/\/wpvip.tgalpha.com\/lt\/wp-json\/wp\/v2\/pages\/104828\/revisions"}],"predecessor-version":[{"id":862573,"href":"https:\/\/wpvip.tgalpha.com\/lt\/wp-json\/wp\/v2\/pages\/104828\/revisions\/862573"}],"up":[{"embeddable":true,"href":"https:\/\/wpvip.tgalpha.com\/lt\/wp-json\/wp\/v2\/pages\/1367"}],"wp:featuredmedia":[{"embeddable":true,"href":"https:\/\/wpvip.tgalpha.com\/lt\/wp-json\/wp\/v2\/media\/239260"}],"wp:attachment":[{"href":"https:\/\/wpvip.tgalpha.com\/lt\/wp-json\/wp\/v2\/media?parent=104828"}],"curies":[{"name":"wp","href":"https:\/\/api.w.org\/{rel}","templated":true}]}}