{"id":841883,"date":"2025-12-09T15:22:56","date_gmt":"2025-12-09T15:22:56","guid":{"rendered":"https:\/\/wpvip.tgalpha.com\/?page_id=841883"},"modified":"2025-12-16T09:07:42","modified_gmt":"2025-12-16T09:07:42","slug":"iban-virtuel","status":"publish","type":"page","link":"https:\/\/wpvip.tgalpha.com\/fr\/iban-virtuel","title":{"rendered":"Virtual IBAN (vIBAN)"},"content":{"rendered":"\n<section class=\"wp-block-tg-terms-and-conditions-hero terms-and-conditions-hero container-fluid alignfull\" align=\"full\"><div class=\"container\">\n<h1 class=\"wp-block-heading has-text-align-center terms-and-conditions-hero__title has-blue-900-color has-text-color\"><strong><strong><strong><strong>Comprendre votre IBAN virtuel (vIBAN) pour les virements<\/strong><\/strong><\/strong><\/strong><\/h1>\n<\/div><\/section>\n\n\n\n<section class=\"wp-block-tg-terms-and-conditions-main-content terms-and-conditions-main-content container-fluid\"><div class=\"container\">\n<p>Lorsque vous effectuez ou recevez des virements internationaux via TransferGo, un IBAN virtuel (vIBAN) peut vous \u00eatre fourni.<\/p>\n\n\n\n<p>Un vIBAN fonctionne un peu comme un IBAN classique, mais au lieu de repr\u00e9senter un compte bancaire ind\u00e9pendant, il s&#8217;agit d&#8217;un identifiant unique li\u00e9 \u00e0 votre compte TransferGo.<\/p>\n\n\n\n<p>Il vous permet de recevoir de l&#8217;argent \u00e0 votre nom, dans une devise sp\u00e9cifique, et aide TransferGo \u00e0 acheminer les fonds rapidement et avec pr\u00e9cision.<\/p>\n\n\n\n<h2 class=\"wp-block-heading has-x-large-font-size\"><strong>Qui \u00e9met votre vIBAN pour les EUR ?<\/strong><\/h2>\n\n\n\n<p>Votre vIBAN est \u00e9mis et g\u00e9r\u00e9 par LHV Pank, un \u00e9tablissement de cr\u00e9dit estonien agr\u00e9\u00e9 et r\u00e9glement\u00e9 par la Banque d&#8217;Estonie (Eesti Pank).<\/p>\n\n\n\n<p>LHV Pank travaille avec TransferGo pour fournir certains services bancaires, notamment la g\u00e9n\u00e9ration de vIBAN utilis\u00e9s pour envoyer et recevoir des virements.<\/p>\n\n\n\n<h2 class=\"wp-block-heading has-x-large-font-size\"><strong>Qui \u00e9met votre vIBAN pour les PLN ?<\/strong><\/h2>\n\n\n\n<p>Votre vIBAN est \u00e9mis et g\u00e9r\u00e9 par Santander Bank Polska S.A., un \u00e9tablissement de cr\u00e9dit polonais agr\u00e9\u00e9 et r\u00e9glement\u00e9 par l&#8217;autorit\u00e9 de r\u00e9gulation financi\u00e8re polonaise (Komisja Nadzoru Finansowego).<\/p>\n\n\n\n<p>Santander Bank Polska S.A. travaille avec TransferGo pour fournir certains services bancaires, notamment la g\u00e9n\u00e9ration de vIBAN utilis\u00e9s pour envoyer et recevoir des virements.<\/p>\n\n\n\n<h2 class=\"wp-block-heading has-x-large-font-size\"><strong><strong>Qui \u00e9met votre vIBAN pour les USD ?<\/strong><\/strong><\/h2>\n\n\n\n<p>Votre vIBAN est \u00e9mis et g\u00e9r\u00e9 par Santander Bank Polska S.A., un \u00e9tablissement de cr\u00e9dit polonais agr\u00e9\u00e9 et r\u00e9glement\u00e9 par l&#8217;autorit\u00e9 de r\u00e9gulation financi\u00e8re polonaise (Komisja Nadzoru Finansowego).<\/p>\n\n\n\n<p>Santander Bank Polska S.A. travaille avec TransferGo pour fournir certains services bancaires, notamment la g\u00e9n\u00e9ration de vIBAN utilis\u00e9s pour envoyer et recevoir des virements.<\/p>\n\n\n\n<h2 class=\"wp-block-heading has-x-large-font-size\"><strong><strong>Qui \u00e9met votre vIBAN pour les GBP ?<\/strong><\/strong><\/h2>\n\n\n\n<p>Votre vIBAN est \u00e9mis et g\u00e9r\u00e9 par LHV Bank Limited, autoris\u00e9e en tant qu&#8217;institution financi\u00e8re par la Prudent Regulation Authority. LHV Bank travaille avec TransferGo pour fournir certains services bancaires, notamment la g\u00e9n\u00e9ration de vIBAN utilis\u00e9s pour envoyer et recevoir des virements.<\/p>\n\n\n\n<h2 class=\"wp-block-heading has-x-large-font-size\"><strong>Ce que cela signifie pour vous<\/strong><\/h2>\n\n\n\n<p>\u00c9tant donn\u00e9 que votre vIBAN est fourni par l&#8217;interm\u00e9diaire de ces banques, veuillez noter que :<\/p>\n\n\n\n<ul class=\"wp-block-list\">\n<li>\u2022 Certains services sont soumis \u00e0 leur juridiction et \u00e0 leur r\u00e9glementation.<\/li>\n\n\n\n<li>\u2022 Votre compte TransferGo continue de fonctionner normalement ; toutefois, les paiements effectu\u00e9s vers ou depuis votre vIBAN suivent les r\u00e8gles qui s&#8217;appliquent \u00e0 leurs comptes bancaires.<\/li>\n\n\n\n<li>\u2022 Cette configuration permet \u00e0 TransferGo de proposer des virements rapides, fiables et de type local en euros (EUR), en zloty polonais (PLN), en dollar am\u00e9ricain (USD) et en livre sterling (GBP).<\/li>\n\n\n\n<li><\/li>\n<\/ul>\n\n\n\n<p><strong>Important \u00e0 noter<\/strong> <strong>: <\/strong>m\u00eame si votre vIBAN est \u00e9mis par ces banques, les fonds de votre compte TransferGo restent prot\u00e9g\u00e9s et s\u00e9curis\u00e9s conform\u00e9ment \u00e0 toutes les exigences r\u00e9glementaires.<\/p>\n<\/div><\/section>\n","protected":false},"excerpt":{"rendered":"","protected":false},"author":7,"featured_media":0,"parent":0,"menu_order":0,"comment_status":"closed","ping_status":"closed","template":"","meta":{"hideMenuColor":false,"footnotes":""},"class_list":["post-841883","page","type-page","status-publish","hentry"],"jetpack_sharing_enabled":true,"hideMenuColor":false,"_links":{"self":[{"href":"https:\/\/wpvip.tgalpha.com\/fr\/wp-json\/wp\/v2\/pages\/841883","targetHints":{"allow":["GET"]}}],"collection":[{"href":"https:\/\/wpvip.tgalpha.com\/fr\/wp-json\/wp\/v2\/pages"}],"about":[{"href":"https:\/\/wpvip.tgalpha.com\/fr\/wp-json\/wp\/v2\/types\/page"}],"author":[{"embeddable":true,"href":"https:\/\/wpvip.tgalpha.com\/fr\/wp-json\/wp\/v2\/users\/7"}],"replies":[{"embeddable":true,"href":"https:\/\/wpvip.tgalpha.com\/fr\/wp-json\/wp\/v2\/comments?post=841883"}],"version-history":[{"count":2,"href":"https:\/\/wpvip.tgalpha.com\/fr\/wp-json\/wp\/v2\/pages\/841883\/revisions"}],"predecessor-version":[{"id":841885,"href":"https:\/\/wpvip.tgalpha.com\/fr\/wp-json\/wp\/v2\/pages\/841883\/revisions\/841885"}],"wp:attachment":[{"href":"https:\/\/wpvip.tgalpha.com\/fr\/wp-json\/wp\/v2\/media?parent=841883"}],"curies":[{"name":"wp","href":"https:\/\/api.w.org\/{rel}","templated":true}]}}