{"id":722204,"date":"2025-10-16T09:18:00","date_gmt":"2025-10-16T09:18:00","guid":{"rendered":"https:\/\/wpvip.tgalpha.com\/?page_id=722204"},"modified":"2025-11-11T11:38:01","modified_gmt":"2025-11-11T11:38:01","slug":"verificateur-iban","status":"publish","type":"page","link":"https:\/\/wpvip.tgalpha.com\/fr\/verificateur-iban","title":{"rendered":"IBAN checker"},"content":{"rendered":"\n<section class=\"wp-block-tg-hero-with-half-background hero-with-half-background container-fluid alignfull has-blue-500-background-color has-background\" align=\"full\"><div class=\"container\">\n<div class=\"wp-block-group hero-with-half-background__text-wrapper is-layout-flow wp-block-group-is-layout-flow\">\n<h1 class=\"wp-block-heading has-text-align-center hero-with-half-background__heading is-style-h1-higher-header-style has-bw-100-color has-text-color\">V\u00e9rificateur IBAN<\/h1>\n\n\n\n<p class=\"has-text-align-center hero-with-half-background__paragraph has-bw-100-color has-text-color\">Validez votre IBAN instantan\u00e9ment avec le v\u00e9rificateur d&#8217;IBAN de TransferGo. Assurez-vous que votre IBAN est au bon format avant d&#8217;envoyer de l&#8217;argent \u00e0 l&#8217;\u00e9tranger.<\/p>\n<\/div>\n\n\n\n<div class=\"wp-block-group hero-with-half-background__content-wrapper has-bw-200-background-color has-background is-layout-flow wp-block-group-is-layout-flow\">\n<p class=\"has-text-align-center hero-with-half-background__content-heading is-style-h5-higher-header-style has-blue-500-color has-text-color\">V\u00e9rificateur IBAN bient\u00f4t disponible.<\/p>\n\n\n\n<p class=\"has-text-align-center hero-with-half-background__content-paragraph is-style-h6-higher-header-style has-blue-900-color has-text-color\">Nous travaillons sur un outil pour valider et calculer les IBAN directement sur TransferGo. En attendant, veuillez utiliser <a href=\"https:\/\/www.iban.com\/\" target=\"_blank\" rel=\"noopener\">IBAN.com<\/a>.<\/p>\n\n\n\n<div class=\"wp-block-buttons hero-with-half-background__content-buttons-wrapper is-content-justification-center is-layout-flex wp-container-core-buttons-is-layout-a89b3969 wp-block-buttons-is-layout-flex\">\n<div class=\"wp-block-button hero-with-half-background__content-button\"><a class=\"wp-block-button__link wp-element-button\" href=\"https:\/\/www.iban.com\/\" target=\"_blank\" rel=\"noopener\">Aller sur IBAN.com<\/a><\/div>\n<\/div>\n<\/div>\n<\/div><\/section>\n\n\n\n<section class=\"wp-block-tg-fullwidth-swift-banner fullwidth-swift-banner container-fluid has-background alignfull is-style-iban-banner\" align=\"full\"><div class=\"container\">\n<div class=\"wp-block-columns fullwidth-swift-banner__columns is-layout-flex wp-container-core-columns-is-layout-28f84493 wp-block-columns-is-layout-flex\">\n<div class=\"wp-block-column is-vertically-aligned-center fullwidth-swift-banner__column fullwidth-swift-banner__column--left is-layout-flow wp-block-column-is-layout-flow\">\n<h2 class=\"wp-block-heading has-text-align-left fullwidth-swift-banner__heading is-style-bold-header-style has-blue-900-color has-text-color\"><mark style=\"background-color:rgba(0, 0, 0, 0)\" class=\"has-inline-color has-blue-500-color\">Qu&#8217;est-ce qu&#8217;un num\u00e9ro IBAN et \u00e0 quoi ressemble-t-il ?<\/mark><\/h2>\n\n\n\n<p class=\"has-text-align-left fullwidth-swift-banner__paragraph has-blue-900-color has-text-color\"><strong>Un IBAN (International Bank Account Number) <\/strong>est un identifiant unique utilis\u00e9 pour les paiements internationaux. Il garantit que votre argent arrive \u00e0 la bonne banque et au bon compte.<\/p>\n<\/div>\n\n\n\n<div class=\"wp-block-column is-vertically-aligned-center fullwidth-swift-banner__column fullwidth-swift-banner__column--right is-layout-flow wp-block-column-is-layout-flow\">\n<div class=\"wp-block-group fullwidth-swift-banner__swift-container has-bw-200-background-color has-background is-layout-flow wp-block-group-is-layout-flow\">\n<p class=\"has-text-align-center fullwidth-swift-banner__swift-heading is-style-h6-higher-header-style no-margin has-blue-900-color has-text-color\">Un IBAN comprend g\u00e9n\u00e9ralement :<\/p>\n\n\n\n<div class=\"wp-block-group fullwidth-swift-banner__swift-example-wrapper no-margin is-layout-flow wp-block-group-is-layout-flow\">\n<p class=\"has-text-align-center fullwidth-swift-banner__swift-example no-margin has-blue-900-color has-text-color has-medium-font-size\">Un code pays de deux lettres<\/p>\n\n\n\n<p class=\"has-text-align-center fullwidth-swift-banner__swift-example-code is-style-h5-higher-header-style no-margin has-blue-900-color has-blue-50-background-color has-text-color has-background\">GB<\/p>\n<\/div>\n\n\n\n<div class=\"wp-block-group fullwidth-swift-banner__swift-bank-wrapper no-margin is-layout-flow wp-block-group-is-layout-flow\">\n<p class=\"has-text-align-center fullwidth-swift-banner__swift-bank no-margin has-blue-900-color has-text-color has-medium-font-size\">Deux chiffres de contr\u00f4le<\/p>\n\n\n\n<p class=\"has-text-align-center fullwidth-swift-banner__swift-bank-code is-style-h6-higher-header-style no-margin has-blue-900-color has-blue-50-background-color has-text-color has-background\">12<\/p>\n<\/div>\n\n\n\n<div class=\"wp-block-group fullwidth-swift-banner__swift-country-wrapper no-margin is-layout-flow wp-block-group-is-layout-flow\">\n<p class=\"has-text-align-center fullwidth-swift-banner__swift-country no-margin has-blue-900-color has-text-color has-medium-font-size\">Un code banque<\/p>\n\n\n\n<p class=\"has-text-align-center fullwidth-swift-banner__swift-country-code is-style-h6-higher-header-style no-margin has-blue-900-color has-blue-50-background-color has-text-color has-background\">ABCD<\/p>\n<\/div>\n\n\n\n<div class=\"wp-block-group fullwidth-swift-banner__swift-location-wrapper no-margin is-layout-flow wp-block-group-is-layout-flow\">\n<p class=\"has-text-align-center fullwidth-swift-banner__swift-location no-margin has-blue-900-color has-text-color has-medium-font-size\">et un identifiant d&#8217;agence<\/p>\n\n\n\n<p class=\"has-text-align-center fullwidth-swift-banner__swift-location-code is-style-h6-higher-header-style no-margin has-blue-900-color has-blue-50-background-color has-text-color has-background\">123***<\/p>\n<\/div>\n\n\n\n<div class=\"wp-block-group fullwidth-swift-banner__swift-branch-wrapper no-margin is-layout-flow wp-block-group-is-layout-flow\">\n<p class=\"has-text-align-center fullwidth-swift-banner__swift-branch no-margin has-blue-900-color has-text-color has-medium-font-size\">Le num\u00e9ro de compte du b\u00e9n\u00e9ficiaire<\/p>\n\n\n\n<p class=\"has-text-align-center fullwidth-swift-banner__swift-branch-code is-style-h6-higher-header-style no-margin has-blue-900-color has-blue-50-background-color has-text-color has-background\">123*****<\/p>\n<\/div>\n<\/div>\n<\/div>\n<\/div>\n<\/div><\/section>\n\n\n\n<section class=\"wp-block-tg-iban-examples iban-examples container-fluid alignfull\" align=\"full\"><div class=\"container\">\n<h2 class=\"wp-block-heading has-text-align-center iban-examples__heading is-style-bold-header-style has-blue-900-color has-text-color\">Exemples et structure d&#8217;IBAN<\/h2>\n\n\n\n<p class=\"has-text-align-center iban-examples__subheading is-style-h6-higher-header-style has-blue-900-color has-text-color\">Voici quelques formats d&#8217;IBAN :<\/p>\n\n\n\n<div class=\"wp-block-group iban-examples__examples-wrapper has-bw-300-background-color has-background is-layout-flow wp-block-group-is-layout-flow\">\n<div class=\"wp-block-group iban-examples__titles-wrapper is-layout-flow wp-block-group-is-layout-flow\">\n<p class=\"has-text-align-left iban-examples__title iban-examples__title--country has-bw-700-color has-text-color\"><strong>Country<\/strong><\/p>\n\n\n\n<p class=\"has-text-align-left iban-examples__title iban-examples__title--code has-bw-700-color has-text-color\"><strong>Code<\/strong><\/p>\n<\/div>\n\n\n\n<div class=\"wp-block-group iban-examples__example is-layout-flow wp-block-group-is-layout-flow\">\n<div class=\"wp-block-group iban-examples__example-country-wrapper is-layout-flow wp-block-group-is-layout-flow\">\n<figure class=\"wp-block-image size-full iban-examples__example-flag\"><img decoding=\"async\" src=\"https:\/\/wpvip.tgalpha.com\/wp-content\/plugins\/transfergo-blocks\/assets\/img\/flags\/GB.svg\" alt=\"\"\/><\/figure>\n\n\n\n<p class=\"has-text-align-left iban-examples__example-country has-blue-900-color has-text-color\">Royaume-Uni<\/p>\n<\/div>\n\n\n\n<p class=\"has-text-align-left iban-examples__example-code has-blue-900-color has-bw-100-background-color has-text-color has-background\"><strong>GB29 NWBK 6016 1331 9268 19<\/strong><\/p>\n<\/div>\n\n\n\n<div class=\"wp-block-group iban-examples__example is-layout-flow wp-block-group-is-layout-flow\">\n<div class=\"wp-block-group iban-examples__example-country-wrapper is-layout-flow wp-block-group-is-layout-flow\">\n<figure class=\"wp-block-image size-full iban-examples__example-flag\"><img decoding=\"async\" src=\"https:\/\/wpvip.tgalpha.com\/wp-content\/plugins\/transfergo-blocks\/assets\/img\/flags\/DE.svg\" alt=\"\"\/><\/figure>\n\n\n\n<p class=\"has-text-align-left iban-examples__example-country has-blue-900-color has-text-color\">Allemagne<\/p>\n<\/div>\n\n\n\n<p class=\"has-text-align-left iban-examples__example-code has-blue-900-color has-bw-100-background-color has-text-color has-background\"><strong>DE89 3704 0044 0532 0130 00<\/strong><\/p>\n<\/div>\n\n\n\n<div class=\"wp-block-group iban-examples__example is-layout-flow wp-block-group-is-layout-flow\">\n<div class=\"wp-block-group iban-examples__example-country-wrapper is-layout-flow wp-block-group-is-layout-flow\">\n<figure class=\"wp-block-image size-full iban-examples__example-flag\"><img decoding=\"async\" src=\"https:\/\/wpvip.tgalpha.com\/wp-content\/plugins\/transfergo-blocks\/assets\/img\/flags\/FR.svg\" alt=\"\"\/><\/figure>\n\n\n\n<p class=\"has-text-align-left iban-examples__example-country has-blue-900-color has-text-color\">France<\/p>\n<\/div>\n\n\n\n<p class=\"has-text-align-left iban-examples__example-code has-blue-900-color has-bw-100-background-color has-text-color has-background\"><strong>FR14 2004 1010 0505 0001 3M02 606<\/strong><\/p>\n<\/div>\n<\/div>\n\n\n\n<p class=\"has-text-align-center iban-examples__paragraph has-blue-900-color has-text-color\">Chaque pays a une structure l\u00e9g\u00e8rement diff\u00e9rente, mais notre v\u00e9rificateur d&#8217;IBAN fonctionne pour tous.<\/p>\n<\/div><\/section>\n\n\n\n<section class=\"wp-block-tg-media-and-text media-and-text container-fluid alignfull\" align=\"full\"><div class=\"container\">\n<div class=\"wp-block-media-text is-stacked-on-mobile is-vertically-aligned-center media-and-text__container\"><figure class=\"wp-block-media-text__media\"><img loading=\"lazy\" decoding=\"async\" width=\"826\" height=\"628\" src=\"https:\/\/wpvip.tgalpha.com\/wp-content\/uploads\/2025\/10\/media-and-text-image-0.webp\" alt=\"\" class=\"wp-image-719194 size-full\" srcset=\"https:\/\/wpvip.tgalpha.com\/wp-content\/uploads\/2025\/10\/media-and-text-image-0.webp 826w, https:\/\/wpvip.tgalpha.com\/wp-content\/uploads\/2025\/10\/media-and-text-image-0.webp?resize=300,228 300w, https:\/\/wpvip.tgalpha.com\/wp-content\/uploads\/2025\/10\/media-and-text-image-0.webp?resize=768,584 768w\" sizes=\"auto, (max-width: 826px) 100vw, 826px\" \/><\/figure><div class=\"wp-block-media-text__content\">\n<h2 class=\"wp-block-heading has-text-align-left media-and-text__heading is-style-bold-header-style has-blue-900-color has-text-color\">Quand avez-vous besoin d&#8217;un IBAN ?<\/h2>\n\n\n\n<p class=\"has-text-align-left media-and-text__paragraph has-blue-900-color has-text-color\">Vous aurez besoin d&#8217;un IBAN chaque fois que vous :<\/p>\n\n\n\n<ul class=\"wp-block-list media-and-text__list is-style-with-circle-icon\">\n<li><strong><strong>Envoyez ou recevez de l&#8217;argent \u00e0 l&#8217;\u00e9tranger<\/strong><\/strong><\/li>\n\n\n\n<li><strong>Payez des prestataires ou fournisseurs internationaux<\/strong><\/li>\n\n\n\n<li><strong>Recevez un salaire ou une pension de l&#8217;\u00e9tranger<\/strong><\/li>\n<\/ul>\n<\/div><\/div>\n<\/div><\/section>\n\n\n\n<section class=\"wp-block-tg-media-and-text media-and-text container-fluid alignfull\" align=\"full\"><div class=\"container\">\n<div class=\"wp-block-media-text has-media-on-the-right is-stacked-on-mobile is-vertically-aligned-center media-and-text__container\"><div class=\"wp-block-media-text__content\">\n<h2 class=\"wp-block-heading has-text-align-left media-and-text__heading is-style-bold-header-style has-blue-900-color has-text-color\">Que se passe-t-il si vous utilisez le mauvais IBAN ?<\/h2>\n\n\n\n<p class=\"has-text-align-left media-and-text__paragraph has-blue-900-color has-text-color\">Si vous utilisez un IBAN incorrect, votre paiement pourrait \u00eatre :<\/p>\n\n\n\n<ul class=\"wp-block-list media-and-text__list is-style-with-circle-icon has-red-50-background-color has-background\">\n<li><strong>Retard\u00e9<\/strong><\/li>\n\n\n\n<li><strong>Rejet\u00e9 par la banque<\/strong><\/li>\n\n\n\n<li><strong>Envoy\u00e9 sur le mauvais compte<\/strong><\/li>\n<\/ul>\n<\/div><figure class=\"wp-block-media-text__media\"><img loading=\"lazy\" decoding=\"async\" width=\"826\" height=\"628\" src=\"https:\/\/wpvip.tgalpha.com\/wp-content\/uploads\/2025\/10\/media-and-text-image-1.webp\" alt=\"\" class=\"wp-image-719219 size-full\" srcset=\"https:\/\/wpvip.tgalpha.com\/wp-content\/uploads\/2025\/10\/media-and-text-image-1.webp 826w, https:\/\/wpvip.tgalpha.com\/wp-content\/uploads\/2025\/10\/media-and-text-image-1.webp?resize=300,228 300w, https:\/\/wpvip.tgalpha.com\/wp-content\/uploads\/2025\/10\/media-and-text-image-1.webp?resize=768,584 768w\" sizes=\"auto, (max-width: 826px) 100vw, 826px\" \/><\/figure><\/div>\n<\/div><\/section>\n\n\n\n<section class=\"wp-block-tg-three-column-cards three-column-cards container-fluid alignfull is-style-full-width-images has-blue-500-background-color has-background\" align=\"full\"><div class=\"container\">\n<h2 class=\"wp-block-heading has-text-align-center three-column-cards__heading is-style-bold-xl-header-style has-blue-900-color has-text-color\"><mark style=\"background-color:rgba(0, 0, 0, 0)\" class=\"has-inline-color has-bw-100-color\">Erreurs courantes et conseils<\/mark><\/h2>\n\n\n\n<div class=\"wp-block-columns three-column-cards__columns is-layout-flex wp-container-core-columns-is-layout-28f84493 wp-block-columns-is-layout-flex\">\n<div class=\"wp-block-column three-column-cards__column three-column-cards__column--first has-bw-100-background-color has-background is-layout-flow wp-block-column-is-layout-flow\">\n<div class=\"wp-block-group three-column-cards__text-wrapper is-layout-flow wp-block-group-is-layout-flow\">\n<h3 class=\"wp-block-heading has-text-align-left three-column-cards__card-heading is-style-h5-higher-header-style has-blue-900-color has-text-color\">Erreurs de frappe<\/h3>\n<\/div>\n\n\n\n<p class=\"has-text-align-left three-column-cards__card-paragraph has-blue-900-color has-text-color\">M\u00eame un seul chiffre incorrect rend l&#8217;IBAN invalide.<\/p>\n\n\n\n<div class=\"wp-block-group three-column-cards__card-image-wrapper is-layout-flow wp-block-group-is-layout-flow\">\n<figure class=\"wp-block-image three-column-cards__card-image\"><img decoding=\"async\" src=\"https:\/\/wpvip.tgalpha.com\/wp-content\/plugins\/transfergo-blocks\/assets\/img\/three-column-cards\/full-width-card-image-0.svg\" alt=\"\"\/><\/figure>\n<\/div>\n<\/div>\n\n\n\n<div class=\"wp-block-column three-column-cards__column three-column-cards__column--second has-bw-100-background-color has-background is-layout-flow wp-block-column-is-layout-flow\">\n<div class=\"wp-block-group three-column-cards__text-wrapper is-layout-flow wp-block-group-is-layout-flow\">\n<h3 class=\"wp-block-heading has-text-align-left three-column-cards__card-heading is-style-h5-higher-header-style has-blue-900-color has-text-color\">Formats incorrects<\/h3>\n<\/div>\n\n\n\n<p class=\"has-text-align-left three-column-cards__card-paragraph has-blue-900-color has-text-color\">V\u00e9rifiez toujours la longueur correcte pour le pays.<\/p>\n\n\n\n<div class=\"wp-block-group three-column-cards__card-image-wrapper is-layout-flow wp-block-group-is-layout-flow\">\n<figure class=\"wp-block-image three-column-cards__card-image\"><img decoding=\"async\" src=\"https:\/\/wpvip.tgalpha.com\/wp-content\/plugins\/transfergo-blocks\/assets\/img\/three-column-cards\/full-width-card-image-1.svg\" alt=\"\"\/><\/figure>\n<\/div>\n<\/div>\n\n\n\n<div class=\"wp-block-column three-column-cards__column three-column-cards__column--third has-bw-100-background-color has-background is-layout-flow wp-block-column-is-layout-flow\">\n<div class=\"wp-block-group three-column-cards__text-wrapper is-layout-flow wp-block-group-is-layout-flow\">\n<h3 class=\"wp-block-heading has-text-align-left three-column-cards__card-heading is-style-h5-higher-header-style has-blue-900-color has-text-color\">D\u00e9tails du destinataire<\/h3>\n<\/div>\n\n\n\n<p class=\"has-text-align-left three-column-cards__card-paragraph has-blue-900-color has-text-color\">V\u00e9rifiez bien le nom de votre destinataire et les informations du compte avant d&#8217;envoyer.<\/p>\n\n\n\n<div class=\"wp-block-group three-column-cards__card-image-wrapper is-layout-flow wp-block-group-is-layout-flow\">\n<figure class=\"wp-block-image three-column-cards__card-image\"><img decoding=\"async\" src=\"https:\/\/wpvip.tgalpha.com\/wp-content\/plugins\/transfergo-blocks\/assets\/img\/three-column-cards\/full-width-card-image-2.svg\" alt=\"\"\/><\/figure>\n<\/div>\n<\/div>\n<\/div>\n<\/div><\/section>\n\n\n\n<section class=\"wp-block-tg-media-and-text media-and-text container-fluid alignfull\" align=\"full\"><div class=\"container\">\n<div class=\"wp-block-media-text is-stacked-on-mobile is-vertically-aligned-center media-and-text__container\"><figure class=\"wp-block-media-text__media\"><img loading=\"lazy\" decoding=\"async\" width=\"826\" height=\"628\" src=\"https:\/\/wpvip.tgalpha.com\/wp-content\/uploads\/2025\/10\/media-and-text-image-2.webp\" alt=\"\" class=\"wp-image-719207 size-full\" srcset=\"https:\/\/wpvip.tgalpha.com\/wp-content\/uploads\/2025\/10\/media-and-text-image-2.webp 826w, https:\/\/wpvip.tgalpha.com\/wp-content\/uploads\/2025\/10\/media-and-text-image-2.webp?resize=300,228 300w, https:\/\/wpvip.tgalpha.com\/wp-content\/uploads\/2025\/10\/media-and-text-image-2.webp?resize=768,584 768w\" sizes=\"auto, (max-width: 826px) 100vw, 826px\" \/><\/figure><div class=\"wp-block-media-text__content\">\n<h2 class=\"wp-block-heading has-text-align-left media-and-text__heading is-style-bold-header-style has-blue-900-color has-text-color\">Confirmez toujours avec votre destinataire<\/h2>\n\n\n\n<p class=\"has-text-align-left media-and-text__paragraph has-blue-900-color has-text-color\">Notre validateur IBAN v\u00e9rifie si le format est correct, mais il ne peut pas garantir la propri\u00e9t\u00e9. Confirmez toujours l&#8217;IBAN directement avec votre destinataire.<\/p>\n<\/div><\/div>\n<\/div><\/section>\n\n\n\n<section class=\"wp-block-tg-banner-with-image banner-with-image container-fluid alignfull is-style-image-with-gradient is-style-gradient-image-with-line\" align=\"full\"><div class=\"container\">\n<div class=\"wp-block-media-text has-media-on-the-right is-stacked-on-mobile is-vertically-aligned-top banner-with-image__container has-bw-250-background-color has-background\"><div class=\"wp-block-media-text__content\">\n<h2 class=\"wp-block-heading has-text-align-left banner-with-image__heading is-style-bold-xl-header-style has-blue-900-color has-text-color\">Envoyez de l&#8217;argent \u00e0 l&#8217;\u00e9tranger avec TransferGo<\/h2>\n\n\n\n<p class=\"has-text-align-left banner-with-image__paragraph has-blue-900-color has-text-color\">Une fois que vous avez valid\u00e9 votre IBAN, envoyer de l&#8217;argent avec TransferGo est rapide, \u00e9conomique et fiable. Voici ce que vous obtenez :<\/p>\n\n\n\n<ul class=\"wp-block-list is-style-with-blue-circle-icon\">\n<li class=\"is-style-h6-higher-header-style\">Excellents taux de change<\/li>\n\n\n\n<li class=\"is-style-h6-higher-header-style\">Frais r\u00e9duits<\/li>\n\n\n\n<li class=\"is-style-h6-higher-header-style\">D\u00e9lais de livraison rapides<\/li>\n<\/ul>\n\n\n\n<div class=\"wp-block-group banner-with-image__decorative-text-wrapper is-nowrap is-layout-flex wp-container-core-group-is-layout-6c531013 wp-block-group-is-layout-flex\">\n<p class=\"has-small-font-size\"><strong>Happy birthday!<\/strong><\/p>\n\n\n\n<p class=\"has-small-font-size\">+ 250 USD<\/p>\n<\/div>\n<\/div><figure class=\"wp-block-media-text__media\"><img decoding=\"async\" src=\"https:\/\/wpvip.tgalpha.com\/wp-content\/plugins\/transfergo-blocks\/assets\/img\/banner-with-image\/banner-with-gradient-image-and-line.webp\" alt=\"\"\/><\/figure><\/div>\n<\/div><\/section>\n\n\n\n<section class=\"wp-block-tg-faqs-accordion faqs-accordion container-fluid alignfull\" align=\"full\"><div class=\"container\">\n<h2 class=\"wp-block-heading has-text-align-center faqs-accordion__heading is-style-h3-higher-header-style has-blue-900-color has-text-color\">Questions fr\u00e9quemment pos\u00e9es<\/h2>\n\n\n\n<details class=\"wp-block-tg-faqs-accordion-item faqs-accordion-item open\" open><summary class=\"faqs-accordion-item__question is-style-h6-higher-header-style\">Que se passe-t-il si j&#8217;utilise le mauvais format IBAN pour payer un prestataire ?<\/summary><div class=\"faqs-accordion-item__height-wrapper\"><div class=\"faqs-accordion-item__content-wrapper\">\n<p>Le paiement peut \u00e9chouer ou \u00eatre retard\u00e9. Validez toujours l&#8217;IBAN avant d&#8217;envoyer de l&#8217;argent.<\/p>\n<\/div><\/div><\/details>\n\n\n\n<details class=\"wp-block-tg-faqs-accordion-item faqs-accordion-item\"><summary class=\"faqs-accordion-item__question is-style-h6-higher-header-style\">Puis-je utiliser ce calculateur IBAN pour v\u00e9rifier les d\u00e9tails de paiement d&#8217;un prestataire ?<\/summary><div class=\"faqs-accordion-item__height-wrapper\"><div class=\"faqs-accordion-item__content-wrapper\">\n<p>Oui, l&#8217;outil s&#8217;assure que le format IBAN est correct, mais confirmez toujours le num\u00e9ro directement avec votre prestataire.<\/p>\n<\/div><\/div><\/details>\n\n\n\n<details class=\"wp-block-tg-faqs-accordion-item faqs-accordion-item\"><summary class=\"faqs-accordion-item__question is-style-h6-higher-header-style\">Tous les pays exigent-ils un num\u00e9ro IBAN pour les paiements de main-d&#8217;\u0153uvre ?<\/summary><div class=\"faqs-accordion-item__height-wrapper\"><div class=\"faqs-accordion-item__content-wrapper\">\n<p>La plupart des pays europ\u00e9ens l&#8217;exigent. Certains pays hors d&#8217;Europe utilisent d&#8217;autres syst\u00e8mes, comme les codes SWIFT.<\/p>\n<\/div><\/div><\/details>\n<\/div><\/section>\n\n\n\n<p>Essayez d\u00e8s maintenant le v\u00e9rificateur IBAN gratuit de TransferGo et envoyez de l&#8217;argent \u00e0 l&#8217;\u00e9tranger en toute confiance.<\/p>\n","protected":false},"excerpt":{"rendered":"<p>Essayez d\u00e8s maintenant le v\u00e9rificateur IBAN gratuit de TransferGo et envoyez de l&#8217;argent \u00e0 l&#8217;\u00e9tranger en toute confiance.<\/p>\n","protected":false},"author":7,"featured_media":0,"parent":0,"menu_order":0,"comment_status":"closed","ping_status":"closed","template":"","meta":{"hideMenuColor":false,"footnotes":""},"class_list":["post-722204","page","type-page","status-publish","hentry"],"jetpack_sharing_enabled":true,"hideMenuColor":false,"_links":{"self":[{"href":"https:\/\/wpvip.tgalpha.com\/fr\/wp-json\/wp\/v2\/pages\/722204","targetHints":{"allow":["GET"]}}],"collection":[{"href":"https:\/\/wpvip.tgalpha.com\/fr\/wp-json\/wp\/v2\/pages"}],"about":[{"href":"https:\/\/wpvip.tgalpha.com\/fr\/wp-json\/wp\/v2\/types\/page"}],"author":[{"embeddable":true,"href":"https:\/\/wpvip.tgalpha.com\/fr\/wp-json\/wp\/v2\/users\/7"}],"replies":[{"embeddable":true,"href":"https:\/\/wpvip.tgalpha.com\/fr\/wp-json\/wp\/v2\/comments?post=722204"}],"version-history":[{"count":3,"href":"https:\/\/wpvip.tgalpha.com\/fr\/wp-json\/wp\/v2\/pages\/722204\/revisions"}],"predecessor-version":[{"id":722207,"href":"https:\/\/wpvip.tgalpha.com\/fr\/wp-json\/wp\/v2\/pages\/722204\/revisions\/722207"}],"wp:attachment":[{"href":"https:\/\/wpvip.tgalpha.com\/fr\/wp-json\/wp\/v2\/media?parent=722204"}],"curies":[{"name":"wp","href":"https:\/\/api.w.org\/{rel}","templated":true}]}}