{"id":62989,"date":"2024-05-07T10:05:09","date_gmt":"2024-05-07T10:05:09","guid":{"rendered":"https:\/\/wpvip.tgalpha.com\/?page_id=62989"},"modified":"2025-04-14T09:17:19","modified_gmt":"2025-04-14T09:17:19","slug":"plaintes","status":"publish","type":"page","link":"https:\/\/wpvip.tgalpha.com\/fr\/plaintes","title":{"rendered":"Plaintes"},"content":{"rendered":"\n<h1 class=\"wp-block-heading has-text-align-left has-blue-500-color has-text-color has-link-color wp-elements-e2bf0991fcbac672515da0d4ea39e1f6\">Processus de gestion des r\u00e9clamations<\/h1>\n\n\n\n<p><strong>Nous accordons une grande importance \u00e0 votre exp\u00e9rience.<\/strong><\/p>\n\n\n\n<p>Chez TransferGo, nous sommes l\u00e0 pour nous assurer que vous b\u00e9n\u00e9ficiez du meilleur service possible. Si quelque chose ne va pas, nous sommes pr\u00eats \u00e0 le r\u00e9soudre rapidement et \u00e9quitablement.<\/p>\n\n\n\n<h3 class=\"wp-block-heading\"><strong>Comment soumettre une r\u00e9clamation<\/strong><\/h3>\n\n\n\n<p>Vous pouvez soumettre une r\u00e9clamation par les canaux suivants :<\/p>\n\n\n\n<ul class=\"wp-block-list\">\n<li><strong>\ud83d\udce7 Email <\/strong>: <a href=\"mailto:complaints@transfergo.com\">complaints@transfergo.com<\/a><\/li>\n\n\n\n<li><strong>\ud83d\udcde T\u00e9l\u00e9phone<\/strong> :\n<ul class=\"wp-block-list\">\n<li>Royaume-Uni : +44 13 9269 4030<\/li>\n\n\n\n<li>UE : +49 30 2000 42053<\/li>\n<\/ul>\n<\/li>\n\n\n\n<li><strong>\ud83d\udcac Chat<\/strong> : Connectez-vous \u00e0 votre compte TransferGo pour commencer un chat.<\/li>\n<\/ul>\n\n\n\n<h3 class=\"wp-block-heading\"><strong>Notre processus de traitement des r\u00e9clamations<\/strong><\/h3>\n\n\n\n<p><strong>Accus\u00e9 de r\u00e9ception : <\/strong>Nous vous enverrons un accus\u00e9 de r\u00e9ception \u00e9crit de votre r\u00e9clamation dans un d\u00e9lai de 2 jours ouvrables.<br><strong>R\u00e9solution : <\/strong>Nous viserons \u00e0 vous fournir une r\u00e9ponse finale dans un d\u00e9lai de 15 jours ouvrables \u00e0 compter de la r\u00e9ception de votre r\u00e9clamation.<br><strong>D\u00e9lai prolong\u00e9 :<\/strong> Si nous avons besoin de plus de temps pour r\u00e9soudre votre r\u00e9clamation, nous vous en informerons et vous fournirons une r\u00e9ponse finale dans un d\u00e9lai de 35 jours ouvrables \u00e0 compter de sa r\u00e9ception.<\/p>\n\n\n\n<p>Si vous n&#8217;\u00eates pas satisfait de notre r\u00e9ponse ou si nous n&#8217;avons pas r\u00e9pondu dans le d\u00e9lai requis, vous pouvez escalader votre r\u00e9clamation aupr\u00e8s de l&#8217;autorit\u00e9 comp\u00e9tente. Plus de d\u00e9tails sont fournis ci-dessous.<\/p>\n\n\n\n<p>Ces informations seront \u00e9galement incluses dans notre r\u00e9ponse finale.<\/p>\n\n\n\n<h3 class=\"wp-block-heading\"><strong>Ce que votre r\u00e9clamation doit contenir :<\/strong><\/h3>\n\n\n\n<p>Pour garantir une r\u00e9solution fluide et efficace, merci d&#8217;inclure les informations suivantes lors de la soumission d&#8217;une r\u00e9clamation :<\/p>\n\n\n\n<p>&#8211;<strong>Votre nom et pr\u00e9nom <\/strong>(si vous repr\u00e9sentez une entreprise, incluez \u00e9galement les coordonn\u00e9es de l&#8217;entreprise).<br>&#8211;<strong>Vos coordonn\u00e9es <\/strong>(email, num\u00e9ro de t\u00e9l\u00e9phone, etc.).<br>&#8211;<strong>Une description d\u00e9taill\u00e9e du probl\u00e8me,<\/strong> y compris les faits et circonstances pertinents.<br>&#8211;<strong>Votre m\u00e9thode de communication pr\u00e9f\u00e9r\u00e9e<\/strong> (par exemple, email, t\u00e9l\u00e9phone).<\/p>\n\n\n\n<p>Fournir tous les d\u00e9tails n\u00e9cessaires nous aidera \u00e0 traiter votre r\u00e9clamation le plus rapidement possible.<\/p>\n\n\n\n<h3 class=\"wp-block-heading\"><strong>Pas satisfait du r\u00e9sultat ?<\/strong><\/h3>\n\n\n\n<p>Si vous n&#8217;\u00eates pas satisfait de notre r\u00e9ponse, veuillez consulter ci-dessous les \u00e9tapes qui s&#8217;offrent \u00e0 vous.<\/p>\n\n\n\n<h3 class=\"wp-block-heading\"><strong>Clients de TransferGo Lithuania UAB (Banque de Lituanie \u2013 BoL)<\/strong><\/h3>\n\n\n\n<p><strong>Pour les clients professionnels (non-consommateurs) :<\/strong><br>Si vous \u00eates un client professionnel et que vous n&#8217;\u00eates pas satisfait de notre r\u00e9ponse, vous avez le droit d&#8217;entreprendre des actions suppl\u00e9mentaires en d\u00e9posant une r\u00e9clamation devant le tribunal.<\/p>\n\n\n\n<p><strong>Pour les consommateurs :<\/strong><br>Si vous \u00eates un consommateur et que vous n&#8217;\u00eates pas satisfait de notre r\u00e9ponse, vous pouvez faire escalader votre r\u00e9clamation aupr\u00e8s de la Banque de Lituanie en utilisant l&#8217;une des m\u00e9thodes suivantes :<\/p>\n\n\n\n<p><strong>Par courrier : <\/strong>Totori\u0173 g. 4, 01121 Vilnius<br><strong>Par email : <\/strong><a href=\"mailto:prieziura@lb.lt\">prieziura@lb.lt<\/a><br><strong>Via le syst\u00e8me de la Banque de Lituanie<br>Par le r\u00e9seau FIN-NET<\/strong> \u2013 <a href=\"https:\/\/finance.ec.europa.eu\/consumer-finance-and-payments\/retail-financial-services\/financial-dispute-resolution-network-fin-net_en\" target=\"_blank\" rel=\"noopener\">cliquez ici pour acc\u00e9der \u00e0 FIN-NET<\/a><\/p>\n\n\n\n<ul class=\"wp-block-list\"><\/ul>\n\n\n\n<h3 class=\"wp-block-heading\"><strong>Clients de TransferGo Ltd (Service de M\u00e9diation Financi\u00e8re \u2013 FOS)<\/strong><\/h3>\n\n\n\n<ul class=\"wp-block-list\">\n<li><strong>Pour les clients professionnels :<\/strong><\/li>\n\n\n\n<li>Si vous \u00eates un client professionnel et que vous n&#8217;\u00eates pas satisfait de notre r\u00e9ponse, vous pouvez \u00eatre \u00e9ligible pour faire escalader votre r\u00e9clamation aupr\u00e8s du <strong>Service de M\u00e9diation Financi\u00e8re (FOS)<\/strong>. Pour v\u00e9rifier votre \u00e9ligibilit\u00e9, veuillez visiter : le Service de M\u00e9diation Financi\u00e8re \u2013 Qui nous pouvons aider.<br>\ud83d\udccc <strong>Site web :<\/strong> <a href=\"https:\/\/www.financial-ombudsman.org.uk\/\" target=\"_blank\" rel=\"noopener\">www.financial-ombudsman.org.uk<br><\/a>\ud83d\udccc <strong>Site web :<\/strong> 0800 023 4567<br>\ud83d\udccc <strong>E-mail :<\/strong> <a href=\"mailto:complaint.info@financial-ombudsman.org.uk\">complaint.info@financial-ombudsman.org.uk<\/a><br>\ud83d\udccc <strong>Adresse<\/strong> : Exchange Tower, London, E14 9SR<\/li>\n<\/ul>\n\n\n\n<p>Le Service de M\u00e9diation Financi\u00e8re (FOS) offre une r\u00e9solution ind\u00e9pendante \u00e0 votre plainte si elle n\u2019a pas \u00e9t\u00e9 r\u00e9solue \u00e0 votre satisfaction.<\/p>\n\n\n\n<p>Si vous ne correspondez \u00e0 aucune de ces cat\u00e9gories, nous ferons tout notre possible pour traiter votre plainte de mani\u00e8re \u00e9quitable et objective.<\/p>\n","protected":false},"excerpt":{"rendered":"<p>Processus de gestion des r\u00e9clamations Nous accordons une grande importance \u00e0 votre exp\u00e9rience. Chez TransferGo, nous sommes l\u00e0 pour nous assurer que vous b\u00e9n\u00e9ficiez du meilleur service possible. Si quelque chose ne va pas, nous sommes pr\u00eats \u00e0 le r\u00e9soudre rapidement et \u00e9quitablement. Comment soumettre une r\u00e9clamation Vous pouvez soumettre une r\u00e9clamation par les canaux [&hellip;]<\/p>\n","protected":false},"author":1,"featured_media":0,"parent":0,"menu_order":0,"comment_status":"closed","ping_status":"closed","template":"","meta":{"hideMenuColor":false,"footnotes":""},"class_list":["post-62989","page","type-page","status-publish","hentry"],"jetpack_sharing_enabled":true,"hideMenuColor":false,"_links":{"self":[{"href":"https:\/\/wpvip.tgalpha.com\/fr\/wp-json\/wp\/v2\/pages\/62989","targetHints":{"allow":["GET"]}}],"collection":[{"href":"https:\/\/wpvip.tgalpha.com\/fr\/wp-json\/wp\/v2\/pages"}],"about":[{"href":"https:\/\/wpvip.tgalpha.com\/fr\/wp-json\/wp\/v2\/types\/page"}],"author":[{"embeddable":true,"href":"https:\/\/wpvip.tgalpha.com\/fr\/wp-json\/wp\/v2\/users\/1"}],"replies":[{"embeddable":true,"href":"https:\/\/wpvip.tgalpha.com\/fr\/wp-json\/wp\/v2\/comments?post=62989"}],"version-history":[{"count":2,"href":"https:\/\/wpvip.tgalpha.com\/fr\/wp-json\/wp\/v2\/pages\/62989\/revisions"}],"predecessor-version":[{"id":237961,"href":"https:\/\/wpvip.tgalpha.com\/fr\/wp-json\/wp\/v2\/pages\/62989\/revisions\/237961"}],"wp:attachment":[{"href":"https:\/\/wpvip.tgalpha.com\/fr\/wp-json\/wp\/v2\/media?parent=62989"}],"curies":[{"name":"wp","href":"https:\/\/api.w.org\/{rel}","templated":true}]}}