{"id":2585,"date":"2022-11-01T07:16:02","date_gmt":"2022-11-01T07:16:02","guid":{"rendered":"https:\/\/transfergo.wpengine.com\/terms-and-conditions\/refer-a-friend-programme"},"modified":"2025-10-10T15:04:25","modified_gmt":"2025-10-10T15:04:25","slug":"programme-parrainez-un-ami","status":"publish","type":"page","link":"https:\/\/wpvip.tgalpha.com\/fr\/conditions-generales\/programme-parrainez-un-ami","title":{"rendered":"Programme Parrainez un ami"},"content":{"rendered":"\n<section class=\"wp-block-tg-terms-and-conditions-hero terms-and-conditions-hero container-fluid alignfull\" align=\"full\"><div class=\"container\">\n<h1 class=\"wp-block-heading has-text-align-center terms-and-conditions-hero__title has-blue-900-color has-text-color\">Conditions d\u2019utilisation :<br>Programme de parrainage<\/h1>\n\n\n\n<div class=\"wp-block-group terms-and-conditions-hero__last-updated-wrapper is-layout-flow wp-block-group-is-layout-flow\">\n<p class=\"terms-and-conditions-hero__last-updated-text has-blue-900-color has-text-color has-medium-font-size\">DATE D\u2019EFFET <\/p>\n\n\n\t<p class=\"terms-and-conditions-hero__last-updated-date has-blue-900-color has-text-color has-large-font-size\">\n\t\t10\/10\/2025\t<\/p>\n<\/div>\n<\/div><\/section>\n\n\n\n<section class=\"wp-block-tg-terms-and-conditions-main-content terms-and-conditions-main-content container-fluid\"><div class=\"container\">\n<p><strong>1. Bienvenue<\/strong><\/p>\n\n\n\n<p>1. Cette page \u00e9tablit les termes et conditions qui s\u2019appliquent au Programme de Parrainage TransferGo (le \u00ab&nbsp;Programme de Parrainage&nbsp;\u00bb).<\/p>\n\n\n\n<p>2. Le Programme de Parrainage est sponsoris\u00e9, promu et administr\u00e9 par TransferGo Ltd (\u00ab&nbsp;TransferGo&nbsp;\u00bb, \u00ab&nbsp;nous&nbsp;\u00bb). Nous exploitons un service qui vous permet de transf\u00e9rer de l\u2019argent et d\u2019effectuer des paiements en devises \u00e9trang\u00e8res \u00e0 l\u2019international via notre site web,&nbsp;<a href=\"https:\/\/wpvip.tgalpha.com\/fr\/\" target=\"_blank\" rel=\"noreferrer noopener\">transfergo.com<\/a>, et notre application (le \u00ab&nbsp;Service&nbsp;\u00bb).<\/p>\n\n\n\n<p>3. En nous r\u00e9f\u00e9rant un ami (l\u2019\u00ab Utilisateur R\u00e9f\u00e9r\u00e9 \u00bb) comme indiqu\u00e9 ci-dessous, vous (\u00ab l\u2019Avocat \u00bb) serez consid\u00e9r\u00e9 comme ayant accept\u00e9 ces termes et conditions (\u00ab Conditions du Programme \u00bb). Veuillez lire attentivement ces Conditions du Programme et assurez-vous de les comprendre et de les accepter avant de nous r\u00e9f\u00e9rer quelqu\u2019un.<\/p>\n\n\n\n<p>4. Le Programme de Parrainage est nul l\u00e0 o\u00f9 la loi l\u2019interdit.<\/p>\n\n\n\n<p><strong>2. Comment participer au Programme de Parrainage<\/strong><\/p>\n\n\n\n<p>2.1 Pour participer au Programme de Parrainage, vous devez recommander notre Service \u00e0 une personne et faire l\u2019une des choses suivantes :<\/p>\n\n\n\n<ul class=\"wp-block-list is-style-with-circle-icon\">\n<li>donnez-leur votre code d\u2019invitation; ou<\/li>\n\n\n\n<li>envoyez-leur votre lien d\u2019invitation; ou<\/li>\n\n\n\n<li>dites-nous de leur envoyer un e-mail d\u2019introduction par le biais de notre Service en nous envoyant leur adresse e-mail en utilisant la fonctionnalit\u00e9 sur la page \u2018Inviter\u2019 de notre Service<\/li>\n<\/ul>\n\n\n\n<p>2.2 Cette personne (l\u2019\u00ab Utilisateur Parrain\u00e9 \u00bb) doit s\u2019inscrire chez nous, cr\u00e9er un profil et indiquer que vous l\u2019avez recommand\u00e9e \u00e0 notre Service en faisant l\u2019une des choses suivantes :<\/p>\n\n\n\n<ul class=\"wp-block-list\">\n<li>2.1. citant votre code d\u2019invitation; ou<\/li>\n\n\n\n<li>2.2. suivant votre lien d\u2019invitation; ou<\/li>\n\n\n\n<li>2.3. en suivant le lien contenu dans l\u2019email d\u2019introduction envoy\u00e9 par notre Service<\/li>\n<\/ul>\n\n\n\n<p>2.3 Nous vous donnerons acc\u00e8s \u00e0 votre code d\u2019invitation unique et \u00e0 votre lien d\u2019invitation lorsque vous vous connecterez \u00e0 votre profil et acc\u00e9derez \u00e0 la section Parrainage sur notre Service. (Si vous avez accept\u00e9 de recevoir des communications par e-mail de notre part, nous enverrons \u00e9galement votre code d\u2019invitation \u00e0 l\u2019adresse e-mail que vous nous avez donn\u00e9e lorsque vous avez cr\u00e9\u00e9 votre profil. Vous pouvez v\u00e9rifier et modifier votre adresse e-mail stock\u00e9e dans la section Param\u00e8tres de votre profil TransferGo.)<\/p>\n\n\n\n<p>2.4 L&#8217;Utilisateur R\u00e9f\u00e9r\u00e9 doit transf\u00e9rer le montant sp\u00e9cifique et le nombre de transferts mentionn\u00e9s dans l&#8217;application ou\/et sur le web pour que vous puissiez \u00eatre eligible \u00e0 la r\u00e9compense (le(s) Transfert(s) Qualifiant(s)). Ce montant et ce nombre de Transferts Qualifiants doivent \u00eatre r\u00e9alis\u00e9s dans les premiers 6 mois suivant la recommandation\/la r\u00e9f\u00e9rence.<\/p>\n\n\n\n<p>2.5 Les virements admissibles doivent \u00eatre internationaux (d\u2019un pays d\u2019\u00e9mission de carte\/compte bancaire \u00e0 un autre) et d\u2019une devise \u00e0 une autre. Les transferts d\u2019une m\u00eame devise (d\u2019EUR \u00e0 EUR, par exemple) ne sont pas consid\u00e9r\u00e9s comme des virements admissibles.<\/p>\n\n\n\n<p>2.6 Vous pouvez \u00e9galement nous demander d\u2019envoyer des e-mails d\u2019introduction en votre nom dans la section R\u00e9f\u00e9rence de notre Service.<\/p>\n\n\n\n<p>2.7 En nous demandant de leur envoyer un email (et\/ou d\u2019autres m\u00e9thodes de communication), vous confirmez que vous avez le consentement expr\u00e8s du destinataire pour que nous conservions leurs coordonn\u00e9es et les utilisions pour le Programme de Parrainage.<\/p>\n\n\n\n<p>2.8 C\u2019est votre responsabilit\u00e9 d\u2019obtenir le consentement de l\u2019Utilisateur R\u00e9f\u00e9r\u00e9 pour lui envoyer le code d\u2019invitation ou le lien d\u2019invitation \u00e0 notre Service.<\/p>\n\n\n\n<p>2.9 Une fois que l\u2019utilisateur parrain\u00e9 a effectu\u00e9 le(s) transfert(s) qualificatif(s), vous pourriez \u00eatre \u00e9ligible pour r\u00e9clamer une r\u00e9compense en esp\u00e8ces du montant indiqu\u00e9 \u00e0 la clause 3 (le<strong>\u00a0\u201cBonus\u201c<\/strong>). Un transfert qualificatif est consid\u00e9r\u00e9 comme termin\u00e9 lorsque :<\/p>\n\n\n\n<ul class=\"wp-block-list is-style-with-circle-icon\">\n<li>l\u2019Utilisateur R\u00e9f\u00e9r\u00e9 a initi\u00e9 le transfert, nous a pay\u00e9 le montant pertinent \u00e0 transf\u00e9rer ainsi que nos frais; et<\/li>\n\n\n\n<li>le compte bancaire du destinataire a \u00e9t\u00e9 cr\u00e9dit\u00e9 du montant envoy\u00e9 par l\u2019Utilisateur R\u00e9f\u00e9r\u00e9 en utilisant notre Service (sous r\u00e9serve de frais et charges suppl\u00e9mentaires comme indiqu\u00e9 dans nos Conditions G\u00e9n\u00e9rales&nbsp;<a href=\"https:\/\/wpvip.tgalpha.com\/fr\/conditions-generales\" target=\"_blank\" rel=\"noreferrer noopener\">https:\/\/wpvip.tgalpha.com\/terms-and-conditions)<\/a>&nbsp;et n\u2019a pas \u00e9t\u00e9 rejet\u00e9 ou rembours\u00e9 sur notre compte.<\/li>\n<\/ul>\n\n\n\n<p>2.10 Sous r\u00e9serve des paragraphes 2.12, 2.13, 2.14 et 5, nous vous informerons que vous pouvez r\u00e9clamer le Bonus en mettant \u00e0 jour la section de parrainage sur notre Service dans les 5 jours ouvrables suivant la r\u00e9alisation du ou des transfert(s) qualificatif(s) par l\u2019utilisateur parrain\u00e9.<\/p>\n\n\n\n<p>2.11 Si l\u2019utilisateur parrain\u00e9 utilise un lien d\u2019invitation plut\u00f4t que le code d\u2019invitation lorsqu\u2019il cr\u00e9e son profil, il doit avoir activ\u00e9 les cookies sur son navigateur afin que nous puissions l\u2019identifier comme ayant \u00e9t\u00e9 r\u00e9f\u00e9r\u00e9 \u00e0 notre Service par vous, et pour que vous soyez \u00e9ligible \u00e0 recevoir un Bonus.<\/p>\n\n\n\n<p>2.12 Avant que vous puissiez r\u00e9clamer votre Bonus, nous pourrions avoir besoin de plus d\u2019informations de votre part et de l\u2019Utilisateur R\u00e9f\u00e9r\u00e9. Nous pourrions :<\/p>\n\n\n\n<ul class=\"wp-block-list is-style-with-circle-icon\">\n<li>vous demander, \u00e0 vous et \u00e0 l\u2019utilisateur recommand\u00e9, de confirmer vos identit\u00e9s en fournissant tous les d\u00e9tails ou documents que nous pourrions raisonnablement exiger (le cas \u00e9ch\u00e9ant) ;<\/li>\n\n\n\n<li>prendre toutes les mesures raisonnables pour v\u00e9rifier toute information ou document fourni par vous ou l\u2019Utilisateur R\u00e9f\u00e9r\u00e9 pour l\u2019identification \u00e9lectronique, comme l\u2019acc\u00e8s \u00e0 des bases de donn\u00e9es gouvernementales et priv\u00e9es et \u00e0 des agences de r\u00e9f\u00e9rence de cr\u00e9dit.<\/li>\n<\/ul>\n\n\n\n<p>2.13 TransferGo se r\u00e9serve le droit de ne pas verser le Bonus dans les cas suivants :<\/p>\n\n\n\n<ul class=\"wp-block-list is-style-with-circle-icon\">\n<li>si nous ne sommes pas en mesure de v\u00e9rifier votre identit\u00e9 ou celle de l\u2019utilisateur recommand\u00e9 ou toute information et documentation suppl\u00e9mentaire conform\u00e9ment \u00e0 la clause 2.8;<\/li>\n\n\n\n<li>Si nous soup\u00e7onnons raisonnablement que le profil a \u00e9t\u00e9 frauduleusement cr\u00e9\u00e9 par l\u2019utilisateur r\u00e9f\u00e9r\u00e9, ou que le profil de l\u2019utilisateur r\u00e9f\u00e9r\u00e9 enfreint d\u2019une mani\u00e8re ou d\u2019une autre nos conditions g\u00e9n\u00e9rales (<a href=\"https:\/\/wpvip.tgalpha.com\/fr\/conditions-generales\" target=\"_blank\" rel=\"noreferrer noopener\">https:\/\/wpvip.tgalpha.com\/terms-and-conditions<\/a>);<\/li>\n\n\n\n<li>si l\u2019Utilisateur Parrain\u00e9 effectue ses Transferts Qualifiants en envoyant&nbsp;vers ou depuis&nbsp;un prestataire de services financiers que nous avons plac\u00e9 sur notre liste d\u2019interdiction apr\u00e8s avoir d\u00e9tect\u00e9 des sch\u00e9mas d\u2019abus avec ces fournisseurs (par exemple Revolut, Monese, ApplePay, Google Pay, N26 et autres).<\/li>\n\n\n\n<li>si l\u2019utilisateur recommand\u00e9 vous envoie de l\u2019argent, ou \u00e0 lui-m\u00eame<\/li>\n\n\n\n<li>si l\u2019exp\u00e9diteur et le destinataire d\u2019une transaction utilisant le code ou le lien du programme de parrainage sont la m\u00eame personne, ind\u00e9pendamment du fait que a) le nom sur leur compte bancaire, carte de d\u00e9bit, carte de cr\u00e9dit, carte pr\u00e9pay\u00e9e ou ID est diff\u00e9rent ou b) leur adresse de facturation est diff\u00e9rente<\/li>\n\n\n\n<li>si le nom sur la carte bancaire ou le compte n\u2019est pas le v\u00f4tre, ou s\u2019il ne correspond pas au nom sur votre profil TransferGo. Si les noms ne correspondent pas, nous nous r\u00e9servons le droit de ne pas verser votre r\u00e9compense<\/li>\n\n\n\n<li>si vous avez enfreint une quelconque disposition de ces Conditions du Programme ou de nos Conditions G\u00e9n\u00e9rales;<\/li>\n\n\n\n<li>si nous avons mis fin au Programme de Parrainage et que le(s) Transfert(s) Qualificatif(s) a\/ont \u00e9t\u00e9 effectu\u00e9(s) apr\u00e8s la date \u00e0 laquelle le Programme de Parrainage a \u00e9t\u00e9 interrompu;<\/li>\n\n\n\n<li>si la loi applicable nous interdit de vous verser la Prime ; ou<\/li>\n\n\n\n<li>si votre Bonus a expir\u00e9 conform\u00e9ment au paragraphe 4.2<\/li>\n\n\n\n<li>si vous ou votre Utilisateur Parrain\u00e9 avez plusieurs profils TransferGo;<\/li>\n\n\n\n<li>si plusieurs Utilisateurs Parrain\u00e9s d\u2019un m\u00eame Avocat envoient de l\u2019argent au m\u00eame tiers;<\/li>\n\n\n\n<li>si le Bonus a \u00e9t\u00e9 r\u00e9clam\u00e9 sur le m\u00eame profil par plusieurs utilisateurs<\/li>\n\n\n\n<li>si nous soup\u00e7onnons que l\u2019Utilisateur R\u00e9f\u00e9r\u00e9 n\u2019a pas r\u00e9ellement l\u2019intention d\u2019utiliser notre service, et ne l\u2019a utilis\u00e9 qu\u2019une seule fois afin d\u2019obtenir un Bonus<\/li>\n\n\n\n<li>lorsque vous nous demandez de verser le Bonus sur un Compte TransferGo qui n&#8217;est pas le v\u00f4tre (ou sur un compte bancaire personnel si vous n&#8217;\u00eates pas \u00e9ligible \u00e0 l&#8217;ouverture d&#8217;un Compte TransferGo)<\/li>\n\n\n\n<li>lorsque vous nous demandez de verser le Bonus sur un compte bancaire dans un pays que nous ne prenons pas en charge (applicable uniquement aux utilisateurs qui ne sont pas \u00e9ligibles \u00e0 l&#8217;ouverture d&#8217;un Compte TransferGo)<\/li>\n\n\n\n<li>dans d\u2019autres cas qui enfreignent les Conditions du Programme de Parrainage, si l\u2019Utilisateur Parrain\u00e9 ne fournit pas son code unique lorsqu\u2019il cr\u00e9e son profil TransferGo ou commande un transfert, la r\u00e9compense est attribu\u00e9e au premier parrain \u00e0 partir du code du parrain qu\u2019ils utilisent. Nous ne sommes pas en mesure de r\u00e9attribuer les Bonus.<\/li>\n<\/ul>\n\n\n\n<p>2.14 Une fois que vous avez recommand\u00e9 un utilisateur \u00e0 TransferGo, cette personne ne peut pas vous recommander \u00e0 son tour \u00e0 TransferGo.<\/p>\n\n\n\n<p>2.15 Vous ne devez pas utiliser de services de g\u00e9n\u00e9ration de leads payants ou automatis\u00e9s, tels que le pay-per-click, pour participer au Programme de Parrainage. Vous pourriez ne pas \u00eatre en mesure de r\u00e9clamer votre Bonus si nous soup\u00e7onnons raisonnablement que vous avez utilis\u00e9 de tels services pour inviter des Utilisateurs Parrain\u00e9s \u00e0 notre Service, et nous pourrions \u00e9galement prendre toute autre mesure que nous jugeons raisonnablement appropri\u00e9e, y compris le retrait imm\u00e9diat, temporaire ou permanent de votre droit d\u2019utiliser notre Service ou la fermeture de votre Profil.<\/p>\n\n\n\n<p>2.16 Si vos utilisateurs parrain\u00e9s enfreignent \u00e0 plusieurs reprises nos r\u00e8gles, alors vous ne recevrez pas votre Bonus et serez bloqu\u00e9 du programme de parrainage.<\/p>\n\n\n\n<p>2.17 Si nous soup\u00e7onnons que vous avez invit\u00e9 des fraudeurs, alors nous nous r\u00e9servons le droit de terminer votre profil TransferGo imm\u00e9diatement.<\/p>\n\n\n\n<p>2.18. Nous avons le droit de suspendre une r\u00e9clamation si nos syst\u00e8mes d\u00e9tectent qu\u2019un Ami et un Avocat peuvent \u00eatre la m\u00eame personne.<\/p>\n\n\n\n<p>2.19 La d\u00e9cision de TransferGo dans toutes les affaires est d\u00e9finitive et contraignante, et aucune correspondance ou discussion ne sera engag\u00e9e.<\/p>\n\n\n\n<p><strong>3. Montant du bonus<\/strong><\/p>\n\n\n\n<p>3.1 Tous les programmes de parrainage, les bonus et la monnaie sont d\u00e9termin\u00e9s par plusieurs facteurs, et peuvent varier pour diff\u00e9rents utilisateurs.<\/p>\n\n\n\n<p>3.2 Vous pouvez r\u00e9clamer votre Bonus dans toute devise l\u00e9gale utilis\u00e9e dans nos Pays Support\u00e9s (tel que d\u00e9fini dans nos T&amp;C). Nous convertirons le montant du Bonus pertinent dans la devise s\u00e9lectionn\u00e9e au taux affich\u00e9 sur le Service le jour et \u00e0 l\u2019heure o\u00f9 nous vous payons le Bonus. Ces taux peuvent fluctuer de temps en temps en fonction des fluctuations sur les march\u00e9s internationaux des taux de change.<\/p>\n\n\n\n<p>3.3 Les montants des bonus varient en fonction d\u2019une s\u00e9rie de facteurs. Ces montants sont toujours indiqu\u00e9s dans la section Parrainage du Service. Ceux qui sont invit\u00e9s peuvent \u00e9galement \u00eatre r\u00e9compens\u00e9s par des r\u00e9ductions, des bonus en esp\u00e8ces ou des montants variables. Nous sommes toujours \u00e0 la recherche des meilleures solutions pour nos clients, nous nous r\u00e9servons donc le droit de modifier le type et le montant de la r\u00e9compense \u00e0 tout moment.<\/p>\n\n\n\n<p><strong>4. R\u00e9clamer votre Bonus<\/strong><\/p>\n\n\n\n<p>4.1 Une fois votre bonus disponible, vous pouvez le r\u00e9clamer en :<\/p>\n\n\n\n<ul class=\"wp-block-list is-style-with-circle-icon\">\n<li>remplir votre profil avec vos informations personnelles;<\/li>\n\n\n\n<li>en suivant le lien \u00ab&nbsp;R\u00e9clamez votre r\u00e9compense&nbsp;\u00bb dans la section Parrainage sur notre Service;<\/li>\n\n\n\n<li>soumettre vos propres coordonn\u00e9es bancaires (applicable uniquement aux utilisateurs qui ne sont pas \u00e9ligibles \u00e0 l&#8217;ouverture d&#8217;un Compte TransferGo) <\/li>\n<\/ul>\n\n\n\n<p>4.2 Vous devez r\u00e9clamer votre Bonus dans les 30 jours. Nous vous informerons de votre droit de le faire, si vous avez accept\u00e9 de recevoir des communications par e-mail et\/ou des notifications de notre part. Si vous ne r\u00e9clamez pas votre Bonus pendant cette p\u00e9riode, vous ne pourrez plus le r\u00e9clamer. Nous vous informerons lorsque cela se produit sur la page \u00ab\u00a0Inviter\u00a0\u00bb de notre Service.<\/p>\n\n\n\n<p>4.3 Une fois que vous avez effectu\u00e9 votre r\u00e9clamation et que votre Compte TransferGo a \u00e9t\u00e9 configur\u00e9 avec succ\u00e8s, votre Bonus sera imm\u00e9diatement disponible dans votre Compte TransferGo.<\/p>\n\n\n\n<p><strong>5. Limitation de Responsabilit\u00e9<\/strong><\/p>\n\n\n\n<p>5.1 TransferGo se r\u00e9serve le droit \u00e0 tout moment et de temps \u00e0 autre de modifier ou d\u2019interrompre, temporairement ou d\u00e9finitivement, le Programme de Parrainage avec ou sans pr\u00e9avis pour des raisons ind\u00e9pendantes de sa volont\u00e9 (y compris, sans limitation, en cas de fraude anticip\u00e9e, suspect\u00e9e ou av\u00e9r\u00e9e).<\/p>\n\n\n\n<p>5.2 Nous pouvons \u00e9galement modifier ou mettre fin au Programme de Parrainage en vous donnant un pr\u00e9avis raisonnable. Si nous mettons fin au Programme de Parrainage, nous ferons :<\/p>\n\n\n\n<ul class=\"wp-block-list\">\n<li>sous r\u00e9serve du paragraphe 4.2, honorer tout Bonus pour lequel vous \u00eates devenu \u00e9ligible avant 23h59 heure britannique le dernier jour du Programme de Parrainage;<\/li>\n\n\n\n<li>vous informer de tout droit de r\u00e9clamer un Bonus qui vous avait \u00e9t\u00e9 attribu\u00e9 \u00e0 23h59 heure britannique le dernier jour du Programme de Parrainage si vous avez accept\u00e9 de recevoir des communications par e-mail et\/ou des notifications de notre part.<\/li>\n<\/ul>\n\n\n\n<p>5.3 TransferGo n\u2019accepte aucune responsabilit\u00e9 pour toute perte ou dommage subi ou souffert par vous en raison de votre participation au Programme de Parrainage ou de l\u2019acceptation ou de l\u2019utilisation de votre Bonus, y compris (mais sans s\u2019y limiter) toute perte r\u00e9sultant de ce qui suit :<\/p>\n\n\n\n<ul class=\"wp-block-list\">\n<li>tout report ou annulation du Programme de Parrainage, ou tout retard dans l\u2019information de votre droit \u00e0 r\u00e9clamer un Bonus;<\/li>\n\n\n\n<li>toute modification, acc\u00e8s non autoris\u00e9, dommage, livraison tardive ou non-livraison de tout avis, acceptations, demandes ou autres documents li\u00e9s au Programme de Parrainage;<\/li>\n\n\n\n<li>tout dommage \u00e0 votre ordinateur ou \u00e0 celui de toute autre personne, r\u00e9sultant de la participation au Programme de Parrainage ou du t\u00e9l\u00e9chargement de tout mat\u00e9riel en lien avec le Programme de Parrainage;<\/li>\n\n\n\n<li>tout acte ou d\u00e9faut de tout fournisseur tiers.<\/li>\n<\/ul>\n\n\n\n<p>5.4 Rien dans ces Conditions du Programme ne doit exclure la responsabilit\u00e9 de TransferGo pour d\u00e9c\u00e8s, blessure personnelle, fraude ou fausse d\u00e9claration frauduleuse r\u00e9sultant de sa n\u00e9gligence, ou toute autre question pour laquelle la loi ne nous permet pas d\u2019exclure ou de limiter notre responsabilit\u00e9.<\/p>\n\n\n\n<p>5.5 Toutes les taxes et autres frais administratifs sont \u00e0 la charge du r\u00e9f\u00e9rent.<\/p>\n\n\n\n<p><strong>6. Vos informations personnelles<\/strong><\/p>\n\n\n\n<p>6.1 Veuillez consulter notre Politique de Confidentialit\u00e9 pour plus d\u2019informations sur la mani\u00e8re dont nous traitons vos informations. Une copie de la Politique de Confidentialit\u00e9 peut \u00eatre obtenue sur demande \u00e0 :\u00a0hello@transfergo.com, ou en visitant :\u00a0<a href=\"https:\/\/wpvip.tgalpha.com\/fr\/politique-de-confidentialite\" target=\"_blank\" rel=\"noreferrer noopener\">https:\/\/wpvip.tgalpha.com\/privacy-policy<\/a>.<\/p>\n\n\n\n<p><strong>7. Passer au Programme d\u2019Affili\u00e9s<\/strong><\/p>\n\n\n\n<p>7.1 En fonction de votre comportement de parrainage, nous pourrions juger appropri\u00e9 de vous transf\u00e9rer vers notre programme d\u2019affili\u00e9s. Si cela se produit, nous vous donnerons un pr\u00e9avis suffisant et d\u00e9taillerons vos avantages de cashback r\u00e9vis\u00e9s.<\/p>\n\n\n\n<p><strong>8. G\u00e9n\u00e9ral<\/strong><\/p>\n\n\n\n<p>8.1 Si une disposition de ces Conditions du Programme est jug\u00e9e ill\u00e9gale ou inapplicable, cela n\u2019affectera pas la continuation en pleine force et effet du reste des dispositions.<br>8.2 Si vous avez des questions sur le Programme de Parrainage, veuillez nous envoyer un courriel \u00e0\u00a0<a href=\"mailto:hello@transfergo.com\">hello@transfergo.com<\/a>\u00a0avec \u2018Programme Invitez un Ami\u2019 dans la ligne d\u2019objet.<br>8.3 Les conditions du Programme de Parrainage seront r\u00e9gies par le droit anglais et les participants se soumettent \u00e0 la juridiction exclusive des tribunaux anglais.<br>8.4 TransferGo se r\u00e9serve le droit de refuser le paiement de ce Bonus \u00e0 leur discr\u00e9tion.<br>8.5 TransferGo se r\u00e9serve le droit de modifier ou de retirer le Bonus \u00e0 sa discr\u00e9tion absolue.<br>8.6 TransferGo se r\u00e9serve le droit de mettre fin au Programme de Parrainage \u00e0 tout moment, sans pr\u00e9avis.<br>8.7 TransferGo se r\u00e9serve le droit de modifier les Conditions du Programme \u00e0 tout moment.<\/p>\n\n\n\n<p><strong>9. Offre actuelle<\/strong><\/p>\n\n\n\n<p>9.1 Il y a certaines p\u00e9riodes pendant lesquelles nous offrons des r\u00e9compenses \u00e0 une s\u00e9lection d&#8217;utilisateurs \u00e9ligibles (en plus de notre programme en cours). Si vous \u00eates \u00e9ligible \u00e0 ces r\u00e9compenses, vous serez inform\u00e9 lorsque vous vous connecterez \u00e0 votre profil.<\/p>\n\n\n\n<div class=\"wp-block-buttons is-layout-flex wp-block-buttons-is-layout-flex\">\n<div class=\"wp-block-button is-style-button-with-arrow\"><a class=\"wp-block-button__link wp-element-button\" href=\"https:\/\/app.transfergo.com\/fr\/register\" target=\"_blank\" rel=\"noopener\">Envoyez de l\u2019argent maintenant<\/a><\/div>\n<\/div>\n\n\n\n<p><br><\/p>\n<\/div><\/section>\n","protected":false},"excerpt":{"rendered":"","protected":false},"author":1,"featured_media":718147,"parent":1224,"menu_order":0,"comment_status":"closed","ping_status":"closed","template":"page-with-short-footer","meta":{"hideMenuColor":false,"footnotes":""},"class_list":["post-2585","page","type-page","status-publish","has-post-thumbnail","hentry"],"jetpack_sharing_enabled":true,"hideMenuColor":"","_links":{"self":[{"href":"https:\/\/wpvip.tgalpha.com\/fr\/wp-json\/wp\/v2\/pages\/2585","targetHints":{"allow":["GET"]}}],"collection":[{"href":"https:\/\/wpvip.tgalpha.com\/fr\/wp-json\/wp\/v2\/pages"}],"about":[{"href":"https:\/\/wpvip.tgalpha.com\/fr\/wp-json\/wp\/v2\/types\/page"}],"author":[{"embeddable":true,"href":"https:\/\/wpvip.tgalpha.com\/fr\/wp-json\/wp\/v2\/users\/1"}],"replies":[{"embeddable":true,"href":"https:\/\/wpvip.tgalpha.com\/fr\/wp-json\/wp\/v2\/comments?post=2585"}],"version-history":[{"count":7,"href":"https:\/\/wpvip.tgalpha.com\/fr\/wp-json\/wp\/v2\/pages\/2585\/revisions"}],"predecessor-version":[{"id":262313,"href":"https:\/\/wpvip.tgalpha.com\/fr\/wp-json\/wp\/v2\/pages\/2585\/revisions\/262313"}],"up":[{"embeddable":true,"href":"https:\/\/wpvip.tgalpha.com\/fr\/wp-json\/wp\/v2\/pages\/1224"}],"wp:featuredmedia":[{"embeddable":true,"href":"https:\/\/wpvip.tgalpha.com\/fr\/wp-json\/wp\/v2\/media\/718147"}],"wp:attachment":[{"href":"https:\/\/wpvip.tgalpha.com\/fr\/wp-json\/wp\/v2\/media?parent=2585"}],"curies":[{"name":"wp","href":"https:\/\/api.w.org\/{rel}","templated":true}]}}