{"id":1404,"date":"2022-08-09T15:21:13","date_gmt":"2022-08-09T15:21:13","guid":{"rendered":"https:\/\/transfergo.wpengine.com\/privacy-policy"},"modified":"2025-10-14T10:32:35","modified_gmt":"2025-10-14T10:32:35","slug":"politique-de-confidentialite","status":"publish","type":"page","link":"https:\/\/wpvip.tgalpha.com\/fr\/politique-de-confidentialite","title":{"rendered":"Politique de confidentialit\u00e9"},"content":{"rendered":"\n<section class=\"wp-block-tg-privacy-policy-hero privacy-policy-hero container-fluid alignfull\" align=\"full\"><div class=\"container\">\n<h1 class=\"wp-block-heading has-text-align-center privacy-policy-hero__title has-blue-900-color has-text-color\">TransferGo politique<br>de confidentialit\u00e9<\/h1>\n\n\n\n<p class=\"has-text-align-center privacy-policy-hero__text has-blue-900-color has-text-color has-medium-font-size\">Personne n\u2019aime parcourir des pages de politiques juridiques. Voici donc vos droits \u00e0 la vie priv\u00e9e, le tout sur une seule page.<\/p>\n<\/div><\/section>\n\n\n\n<section class=\"wp-block-tg-privacy-policy-cards-repeater privacy-policy-cards-repeater container-fluid\"><div class=\"container\"><div class=\"privacy-policy-cards-repeater__wrapper\">\n<div class=\"wp-block-tg-privacy-policy-small-card privacy-policy-small-card\">\n<h3 class=\"wp-block-heading has-text-align-left privacy-policy-small-card__title has-blue-900-color has-text-color\">Vous avez le droit de\u2026<\/h3>\n\n\n\n<div class=\"wp-block-button privacy-policy-small-card__button is-style-button-blue-with-arrow-no-background\"><a class=\"wp-block-button__link has-text-align-center wp-element-button\" href=\"https:\/\/wpvip.tgalpha.com\/fr\/politique-de-confidentialite\/complet#your-rights\">En savoir plus sur vos droits<\/a><\/div>\n\n\n\n<ul class=\"wp-block-list privacy-policy-small-card__list is-style-with-circle-icon has-blue-900-color has-text-color has-medium-font-size\">\n<li>savoir exactement comment nous utilisons vos donn\u00e9es<\/li>\n\n\n\n<li>voir, corriger et nous demander de supprimer vos donn\u00e9es<\/li>\n\n\n\n<li>d\u00e9sactiver les communications marketing<\/li>\n\n\n\n<li>retirer votre consentement \u00e0 tout moment<\/li>\n<\/ul>\n<\/div>\n\n\n\n<div class=\"wp-block-tg-privacy-policy-small-card privacy-policy-small-card\">\n<h3 class=\"wp-block-heading has-text-align-left privacy-policy-small-card__title has-blue-900-color has-text-color\">Nous promettons de\u2026<\/h3>\n\n\n\n<ul class=\"wp-block-list privacy-policy-small-card__list is-style-with-circle-icon has-blue-900-color has-text-color has-medium-font-size\">\n<li>gardez toujours vos donn\u00e9es personnelles en s\u00e9curit\u00e9 et priv\u00e9es<\/li>\n\n\n\n<li>ne vendez jamais vos donn\u00e9es<\/li>\n\n\n\n<li>vous permet de consulter et de g\u00e9rer vos param\u00e8tres de confidentialit\u00e9 quand vous le souhaitez<\/li>\n<\/ul>\n<\/div>\n\n\n\n<div class=\"wp-block-tg-privacy-policy-large-card privacy-policy-large-card\">\n<h3 class=\"wp-block-heading has-text-align-left privacy-policy-large-card__title has-blue-900-color has-text-color\">Ce que nous collectons et quand<\/h3>\n\n\n\n<div class=\"wp-block-button privacy-policy-large-card__button is-style-button-blue-with-arrow-no-background\"><a class=\"wp-block-button__link has-text-align-center wp-element-button\" href=\"https:\/\/wpvip.tgalpha.com\/fr\/politique-de-confidentialite\/complet#collecting-your-data\">En savoir plus sur ce que nous collectons et quand<\/a><\/div>\n\n\n\n<div class=\"wp-block-tg-privacy-policy-card-items-repeater card-items-repeater\">\n<div class=\"wp-block-tg-privacy-policy-card-item card-item\">\n<h5 class=\"wp-block-heading has-text-align-left card-item__title has-blue-900-color has-text-color\">Donn\u00e9es vous concernant<\/h5>\n\n\n\n<p class=\"has-text-align-left card-item__text has-blue-900-color has-text-color has-medium-font-size\">lorsque vous vous inscrivez, remplissez des formulaires ou nous contactez<\/p>\n<\/div>\n\n\n\n<div class=\"wp-block-tg-privacy-policy-card-item card-item\">\n<h5 class=\"wp-block-heading has-text-align-left card-item__title has-blue-900-color has-text-color\">Donn\u00e9es sur votre emplacement<\/h5>\n\n\n\n<p class=\"has-text-align-left card-item__text has-blue-900-color has-text-color has-medium-font-size\">lorsque les services de localisation sont activ\u00e9s<\/p>\n<\/div>\n\n\n\n<div class=\"wp-block-tg-privacy-policy-card-item card-item\">\n<h5 class=\"wp-block-heading has-text-align-left card-item__title has-blue-900-color has-text-color\">Les donn\u00e9es des autres<\/h5>\n\n\n\n<p class=\"has-text-align-left card-item__text has-blue-900-color has-text-color has-medium-font-size\">lorsque vous soumettez des formulaires ou que nous v\u00e9rifions les transactions<\/p>\n<\/div>\n\n\n\n<div class=\"wp-block-tg-privacy-policy-card-item card-item\">\n<h5 class=\"wp-block-heading has-text-align-left card-item__title has-blue-900-color has-text-color\">chaque fois que vous utilisez TransferGo<\/h5>\n\n\n\n<p class=\"has-text-align-left card-item__text has-blue-900-color has-text-color has-medium-font-size\">Donn\u00e9es de votre appareil<\/p>\n<\/div>\n<\/div>\n<\/div>\n\n\n\n<div class=\"wp-block-tg-privacy-policy-small-card privacy-policy-small-card\">\n<h3 class=\"wp-block-heading has-text-align-left privacy-policy-small-card__title has-blue-900-color has-text-color\">Nous avons besoin de vos donn\u00e9es pour\u2026<\/h3>\n\n\n\n<div class=\"wp-block-button privacy-policy-small-card__button is-style-button-blue-with-arrow-no-background\"><a class=\"wp-block-button__link has-text-align-center wp-element-button\" href=\"https:\/\/wpvip.tgalpha.com\/fr\/politique-de-confidentialite\/complet#how-and-when-we-use-your-data\">En savoir plus sur nos responsabilit\u00e9s<\/a><\/div>\n\n\n\n<ul class=\"wp-block-list privacy-policy-small-card__list is-style-with-circle-icon has-blue-900-color has-text-color has-medium-font-size\">\n<li>faire fonctionner notre application<\/li>\n\n\n\n<li>prot\u00e9ger contre la fraude<\/li>\n\n\n\n<li>commercialiser des choses que nous pensons que vous aimerez (vous pouvez d\u00e9sactiver cette option)<\/li>\n\n\n\n<li>am\u00e9liorer notre service<\/li>\n\n\n\n<li>ob\u00e9i \u00e0 la loi<\/li>\n<\/ul>\n<\/div>\n\n\n\n<div class=\"wp-block-tg-privacy-policy-small-card privacy-policy-small-card\">\n<h3 class=\"wp-block-heading has-text-align-left privacy-policy-small-card__title has-blue-900-color has-text-color\">Nous partageons des donn\u00e9es\u2026<\/h3>\n\n\n\n<div class=\"wp-block-button privacy-policy-small-card__button is-style-button-blue-with-arrow-no-background\"><a class=\"wp-block-button__link has-text-align-center wp-element-button\" href=\"https:\/\/wpvip.tgalpha.com\/fr\/politique-de-confidentialite\/complet#sharing-your-information-with-others\">En savoir plus sur la fa\u00e7on dont nous partageons les donn\u00e9es<\/a><\/div>\n\n\n\n<ul class=\"wp-block-list privacy-policy-small-card__list is-style-with-circle-icon has-blue-900-color has-text-color has-medium-font-size\">\n<li>avec des fournisseurs (par exemple des tiers qui effectuent des contr\u00f4les d\u2019identit\u00e9)<\/li>\n\n\n\n<li>pour des raisons juridiques<\/li>\n\n\n\n<li>avec les plateformes de m\u00e9dias sociaux<\/li>\n<\/ul>\n<\/div>\n\n\n\n<div class=\"wp-block-tg-privacy-policy-large-card privacy-policy-large-card\">\n<h3 class=\"wp-block-heading has-text-align-left privacy-policy-large-card__title has-blue-900-color has-text-color\">C\u2019est aussi \u00e0 savoir\u2026<\/h3>\n\n\n\n<div class=\"wp-block-button privacy-policy-large-card__button is-style-button-blue-with-arrow-no-background\"><a class=\"wp-block-button__link has-text-align-center wp-element-button\" href=\"https:\/\/wpvip.tgalpha.com\/fr\/politique-de-confidentialite\/complet#protecting-your-personal-data\">Plus \u00e0 ce sujet<\/a><\/div>\n\n\n\n<div class=\"wp-block-tg-privacy-policy-card-items-repeater card-items-repeater\">\n<div class=\"wp-block-tg-privacy-policy-card-item card-item\">\n<h5 class=\"wp-block-heading has-text-align-left card-item__title has-blue-900-color has-text-color\">Nous utilisons des cookies<\/h5>\n\n\n\n<p class=\"has-text-align-left card-item__text has-blue-900-color has-text-color has-medium-font-size\">pour am\u00e9liorer votre exp\u00e9rience<\/p>\n<\/div>\n\n\n\n<div class=\"wp-block-tg-privacy-policy-card-item card-item\">\n<h5 class=\"wp-block-heading has-text-align-left card-item__title has-blue-900-color has-text-color\">Nous stockons vos donn\u00e9es<\/h5>\n\n\n\n<p class=\"has-text-align-left card-item__text has-blue-900-color has-text-color has-medium-font-size\">jusqu\u2019\u00e0 8 ans (conform\u00e9ment \u00e0 la loi)<\/p>\n<\/div>\n\n\n\n<div class=\"wp-block-tg-privacy-policy-card-item card-item\">\n<h5 class=\"wp-block-heading has-text-align-left card-item__title has-blue-900-color has-text-color\">Nous prot\u00e9geons vos donn\u00e9es<\/h5>\n\n\n\n<p class=\"has-text-align-left card-item__text has-blue-900-color has-text-color has-medium-font-size\">avec une s\u00e9curit\u00e9 renforc\u00e9e<\/p>\n<\/div>\n<\/div>\n<\/div>\n<\/div><\/div><\/section>\n\n\n\n<section class=\"wp-block-tg-privacy-policy-text privacy-policy-text container-fluid\"><div class=\"container\">\n<p class=\"has-text-align-center privacy-policy-text__text has-blue-900-color has-text-color\">Des questions sur votre vie priv\u00e9e ? Envoyez-nous un courriel \u00e0&nbsp;<a href=\"mailto:dpo@transfergo.com\"><mark style=\"background-color:rgba(0, 0, 0, 0)\" class=\"has-inline-color has-blue-500-color\">dpo@transfergo.com<\/mark><\/a>. Vous voulez vous plaindre de nous ? Contactez votre autorit\u00e9 locale de protection des donn\u00e9es.<br><\/p>\n<\/div><\/section>\n","protected":false},"excerpt":{"rendered":"","protected":false},"author":1,"featured_media":718147,"parent":0,"menu_order":0,"comment_status":"closed","ping_status":"closed","template":"page-with-short-footer","meta":{"hideMenuColor":true,"footnotes":""},"class_list":["post-1404","page","type-page","status-publish","has-post-thumbnail","hentry"],"jetpack_sharing_enabled":true,"hideMenuColor":"1","_links":{"self":[{"href":"https:\/\/wpvip.tgalpha.com\/fr\/wp-json\/wp\/v2\/pages\/1404","targetHints":{"allow":["GET"]}}],"collection":[{"href":"https:\/\/wpvip.tgalpha.com\/fr\/wp-json\/wp\/v2\/pages"}],"about":[{"href":"https:\/\/wpvip.tgalpha.com\/fr\/wp-json\/wp\/v2\/types\/page"}],"author":[{"embeddable":true,"href":"https:\/\/wpvip.tgalpha.com\/fr\/wp-json\/wp\/v2\/users\/1"}],"replies":[{"embeddable":true,"href":"https:\/\/wpvip.tgalpha.com\/fr\/wp-json\/wp\/v2\/comments?post=1404"}],"version-history":[{"count":1,"href":"https:\/\/wpvip.tgalpha.com\/fr\/wp-json\/wp\/v2\/pages\/1404\/revisions"}],"predecessor-version":[{"id":231816,"href":"https:\/\/wpvip.tgalpha.com\/fr\/wp-json\/wp\/v2\/pages\/1404\/revisions\/231816"}],"wp:featuredmedia":[{"embeddable":true,"href":"https:\/\/wpvip.tgalpha.com\/fr\/wp-json\/wp\/v2\/media\/718147"}],"wp:attachment":[{"href":"https:\/\/wpvip.tgalpha.com\/fr\/wp-json\/wp\/v2\/media?parent=1404"}],"curies":[{"name":"wp","href":"https:\/\/api.w.org\/{rel}","templated":true}]}}