{"id":1314,"date":"2022-08-29T07:37:28","date_gmt":"2022-08-29T07:37:28","guid":{"rendered":"https:\/\/transfergo.wpengine.com\/story"},"modified":"2024-10-14T09:07:01","modified_gmt":"2024-10-14T09:07:01","slug":"lhistoire","status":"publish","type":"page","link":"https:\/\/wpvip.tgalpha.com\/fr\/lhistoire","title":{"rendered":"L&#8217;histoire"},"content":{"rendered":"\n<h1 class=\"wp-block-heading\"><br>L&#8217;histoire compl\u00e8te<\/h1>\n\n\n\n<h1 class=\"wp-block-heading\"><mark class=\"has-inline-color has-blue-500-color\">Comment tout a commenc\u00e9<\/mark><\/h1>\n\n\n\n<section class=\"wp-block-tg-photo-and-text container-fluid photo-and-text\"><div class=\"container\">\n<div class=\"wp-block-media-text is-stacked-on-mobile photo-and-text__container\"><figure class=\"wp-block-media-text__media\"><img loading=\"lazy\" decoding=\"async\" width=\"677\" height=\"432\" src=\"https:\/\/wpvip.tgalpha.com\/wp-content\/uploads\/2024\/06\/human-image.jpg\" alt=\"\" class=\"wp-image-70985 size-full\" srcset=\"https:\/\/wpvip.tgalpha.com\/wp-content\/uploads\/2024\/06\/human-image.jpg 677w, https:\/\/wpvip.tgalpha.com\/wp-content\/uploads\/2024\/06\/human-image.jpg?resize=300,191 300w\" sizes=\"auto, (max-width: 677px) 100vw, 677px\" \/><\/figure><div class=\"wp-block-media-text__content\">\n<p class=\"photo-and-text__paragraph has-blue-900-color has-text-color has-medium-font-size\">Nous sommes l\u00e0 pour vous faciliter la vie. Que vous payiez des factures, souteniez votre famille, aidiez des entreprises ou que vous soyez confront\u00e9 \u00e0 des urgences, nous voulons que vous puissiez effectuer des transferts d&#8217;argent rapides, \u00e0 faible co\u00fbt, en toute s\u00e9curit\u00e9 et en toute tranquillit\u00e9. Pourquoi ? Parce qu&#8217;il n&#8217;y a pas si longtemps, envoyer de l&#8217;argent \u00e9tait un cauchemar.<\/p>\n<\/div><\/div>\n<\/div><\/section>\n\n\n\n<section class=\"wp-block-tg-story-text-and-image container-fluid story-text-and-image story-text-and-image--transparent-rectangle-right\"><div class=\"container\">\n<div class=\"wp-block-media-text has-media-on-the-right is-stacked-on-mobile story-text-and-image__container\"><div class=\"wp-block-media-text__content\">\n<h3 class=\"wp-block-heading story-text-and-image__heading has-blue-900-color has-text-color\">La naissance de TransferGo<\/h3>\n\n\n\n<p class=\"story-text-and-image__paragraph has-blue-900-color has-text-color has-medium-font-size\">C&#8217;\u00e9tait en 2012, et nous \u00e9tions quatre jeunes professionnels qui lancions une entreprise d&#8217;importation et d&#8217;exportation \u00e0 l&#8217;\u00e9tranger. Mais l&#8217;envoi de transferts d&#8217;argent internationaux \u00e9tait un probl\u00e8me. De payer nos factures en Lituanie \u00e0 envoyer de l&#8217;argent aux fournisseurs, nous avons eu du mal : des transferts lents avec des frais \u00e9lev\u00e9s, aucun service client et des heures pass\u00e9es \u00e0 faire la queue dans les kiosques. <\/p>\n\n\n\n<p class=\"story-text-and-image__paragraph has-blue-900-color has-text-color has-medium-font-size\">Pourquoi, en 2012, \u00e9tions-nous encore oblig\u00e9s de nous rendre en personne dans les banques de la rue principale pour effectuer de simples transferts d&#8217;argent ? Et pourquoi payions-nous ce &#8220;service&#8221; au prix \u00e9lev\u00e9 ? Lorsque notre argent a \u00e9t\u00e9 envoy\u00e9 non seulement dans le mauvais pays, mais aussi dans la mauvaise devise &#8211; et que nous n&#8217;avons m\u00eame pas \u00e9t\u00e9 d\u00e9dommag\u00e9s &#8211; nous en avions assez. Nous voulions du changement. Nous voulions compl\u00e8tement bouleverser l&#8217;industrie des transferts d&#8217;argent internationaux. Nous voulions cr\u00e9er un mod\u00e8le d&#8217;entreprise unique avec un service client sup\u00e9rieur. Et c&#8217;est alors que TransferGo est n\u00e9.<\/p>\n<\/div><figure class=\"wp-block-media-text__media\"><img loading=\"lazy\" decoding=\"async\" width=\"451\" height=\"453\" src=\"https:\/\/wpvip.tgalpha.com\/wp-content\/uploads\/2024\/06\/Story-2-1.png\" alt=\"\" class=\"wp-image-71047 size-full\" srcset=\"https:\/\/wpvip.tgalpha.com\/wp-content\/uploads\/2024\/06\/Story-2-1.png 451w, https:\/\/wpvip.tgalpha.com\/wp-content\/uploads\/2024\/06\/Story-2-1.png?resize=150,150 150w, https:\/\/wpvip.tgalpha.com\/wp-content\/uploads\/2024\/06\/Story-2-1.png?resize=300,300 300w\" sizes=\"auto, (max-width: 451px) 100vw, 451px\" \/><\/figure><\/div>\n<\/div><\/section>\n\n\n\n<section class=\"wp-block-tg-story-text-and-image container-fluid story-text-and-image story-text-and-image--yellow-circle-left\"><div class=\"container\">\n<div class=\"wp-block-media-text is-stacked-on-mobile story-text-and-image__container\"><figure class=\"wp-block-media-text__media\"><img loading=\"lazy\" decoding=\"async\" width=\"451\" height=\"451\" src=\"https:\/\/wpvip.tgalpha.com\/wp-content\/uploads\/2024\/06\/Story-3-1.png\" alt=\"\" class=\"wp-image-71058 size-full\" srcset=\"https:\/\/wpvip.tgalpha.com\/wp-content\/uploads\/2024\/06\/Story-3-1.png 451w, https:\/\/wpvip.tgalpha.com\/wp-content\/uploads\/2024\/06\/Story-3-1.png?resize=150,150 150w, https:\/\/wpvip.tgalpha.com\/wp-content\/uploads\/2024\/06\/Story-3-1.png?resize=300,300 300w\" sizes=\"auto, (max-width: 451px) 100vw, 451px\" \/><\/figure><div class=\"wp-block-media-text__content\">\n<h3 class=\"wp-block-heading story-text-and-image__heading has-blue-900-color has-text-color\">Des d\u00e9buts difficiles<\/h3>\n\n\n\n<p>Cr\u00e9er une entreprise n&#8217;est jamais facile, et ce n&#8217;\u00e9tait pas diff\u00e9rent pour nous. Six mois pour obtenir une licence r\u00e9glementaire. Quatre autres mois pour trouver une banque qui voudrait travailler avec nous. Une ann\u00e9e d&#8217;\u00e9conomies personnelles &#8211; disparues. Juste au moment o\u00f9 les choses s&#8217;am\u00e9lioraient et que les retours des clients \u00e9taient positifs, nous avons eu un autre revers.<\/p>\n\n\n\n<p>Malgr\u00e9 le fait que nous soyons une institution financi\u00e8re licenci\u00e9e et enti\u00e8rement conforme, nous avons re\u00e7u une lettre de notre banque disant qu&#8217;ils allaient nous fermer. Aucune raison. Aucune justification. Ils l&#8217;ont fait parce qu&#8217;ils le pouvaient. Et quand nous avons demand\u00e9 pourquoi, on nous a dit que nous le dire \u00e9tait &#8216;contre leur politique&#8217;. Nous avions 90 jours pour sauver l&#8217;entreprise.<\/p>\n\n\n\n<p class=\"story-text-and-image__paragraph has-blue-900-color has-text-color has-medium-font-size\">Nous savions que TransferGo avait un impact significatif sur la vie de nos clients, et nous ne voulions pas abandonner cela. Juste \u00e0 temps, nous avons r\u00e9ussi \u00e0 trouver une banque qui travaillerait avec nous. L&#8217;entreprise a surv\u00e9cu. Depuis, nous avons pu aider encore plus d&#8217;entre vous \u00e0 envoyer des transferts d&#8217;argent ann\u00e9e apr\u00e8s ann\u00e9e.<\/p>\n<\/div><\/div>\n<\/div><\/section>\n\n\n\n<section class=\"wp-block-tg-story-text-and-image container-fluid story-text-and-image story-text-and-image--none\"><div class=\"container\">\n<div class=\"wp-block-media-text has-media-on-the-right is-stacked-on-mobile story-text-and-image__container\"><div class=\"wp-block-media-text__content\">\n<h3 class=\"wp-block-heading story-text-and-image__heading has-blue-900-color has-text-color\">La route vers le succ\u00e8s<\/h3>\n\n\n\n<p>Depuis nos d\u00e9buts difficiles, nous avons constat\u00e9 un changement d&#8217;attitude. Les banques sont plus dispos\u00e9es \u00e0 s&#8217;associer \u00e0 des entreprises fintech innovantes. Nous travaillons avec plus de 30 \u00e0 l&#8217;\u00e9chelle mondiale ces jours-ci, une v\u00e9ritable transformation apr\u00e8s avoir eu du mal \u00e0 en trouver une seule au d\u00e9but.<\/p>\n\n\n\n<p>Et c&#8217;est agr\u00e9able d&#8217;\u00eatre reconnu pour la diff\u00e9rence que nous faisons. Nous avons \u00e9t\u00e9 nomin\u00e9s pour la Start-up \u00e0 la croissance la plus rapide aux TechCrunch Europa Awards 2018, et nomm\u00e9s parmi les 5 scale-ups les plus en vogue au Royaume-Uni par TNW.<\/p>\n\n\n\n<p>Mais c&#8217;est \u00e0 toi que nous devons vraiment dire merci. \u00c0 vous tous qui travaillez constamment en coulisse pour soutenir votre famille et faire tourner l&#8217;\u00e9conomie. Nous avons cr\u00e9\u00e9 TransferGo pour toi.<\/p>\n<\/div><figure class=\"wp-block-media-text__media\"><img loading=\"lazy\" decoding=\"async\" width=\"450\" height=\"442\" src=\"https:\/\/wpvip.tgalpha.com\/wp-content\/uploads\/2024\/06\/Story-4-1.png\" alt=\"\" class=\"wp-image-71069 size-full\" srcset=\"https:\/\/wpvip.tgalpha.com\/wp-content\/uploads\/2024\/06\/Story-4-1.png 450w, https:\/\/wpvip.tgalpha.com\/wp-content\/uploads\/2024\/06\/Story-4-1.png?resize=300,295 300w\" sizes=\"auto, (max-width: 450px) 100vw, 450px\" \/><\/figure><\/div>\n<\/div><\/section>\n\n\n\n<section class=\"wp-block-tg-story-text-and-image container-fluid story-text-and-image story-text-and-image--blue-rectangle-right\"><div class=\"container\">\n<div class=\"wp-block-media-text is-stacked-on-mobile story-text-and-image__container\"><figure class=\"wp-block-media-text__media\"><img loading=\"lazy\" decoding=\"async\" width=\"450\" height=\"442\" src=\"https:\/\/wpvip.tgalpha.com\/wp-content\/uploads\/2024\/06\/Story-5-1.png\" alt=\"\" class=\"wp-image-71080 size-full\" srcset=\"https:\/\/wpvip.tgalpha.com\/wp-content\/uploads\/2024\/06\/Story-5-1.png 450w, https:\/\/wpvip.tgalpha.com\/wp-content\/uploads\/2024\/06\/Story-5-1.png?resize=300,295 300w\" sizes=\"auto, (max-width: 450px) 100vw, 450px\" \/><\/figure><div class=\"wp-block-media-text__content\">\n<h3 class=\"wp-block-heading story-text-and-image__heading has-blue-900-color has-text-color\">Un avenir radieux<\/h3>\n\n\n\n<p class=\"story-text-and-image__paragraph has-blue-900-color has-text-color has-medium-font-size\">Nous avons parcouru un long chemin depuis 2012, mais ce n&#8217;est que le d\u00e9but. Dans les mois \u00e0 venir, nous avons pr\u00e9vu d&#8217;aller plus loin. Plus de routes entre les pays. Plus de devises. Plus de produits. Plus d&#8217;offres. En fin de compte, nous voulons toucher encore plus d&#8217;entre vous. Vous m\u00e9ritez de pouvoir envoyer l&#8217;argent que vous avez durement gagn\u00e9 chez vous \u00e0 des prix abordables, rapidement et facilement. Nous voulons donner cette opportunit\u00e9 \u00e0 encore plus d&#8217;entre vous.<\/p>\n\n\n\n<div class=\"wp-block-button\"><a class=\"wp-block-button__link wp-element-button\" href=\"https:\/\/app.transfergo.com\/fr\/register\" target=\"_blank\" rel=\"noopener\">Envoyez de l&#8217;argent maintenant<\/a><\/div>\n<\/div><\/div>\n<\/div><\/section>\n","protected":false},"excerpt":{"rendered":"<p>L&#8217;histoire compl\u00e8te Comment tout a commenc\u00e9<\/p>\n","protected":false},"author":1,"featured_media":0,"parent":0,"menu_order":0,"comment_status":"closed","ping_status":"closed","template":"","meta":{"hideMenuColor":false,"footnotes":""},"class_list":["post-1314","page","type-page","status-publish","hentry"],"jetpack_sharing_enabled":true,"hideMenuColor":false,"_links":{"self":[{"href":"https:\/\/wpvip.tgalpha.com\/fr\/wp-json\/wp\/v2\/pages\/1314","targetHints":{"allow":["GET"]}}],"collection":[{"href":"https:\/\/wpvip.tgalpha.com\/fr\/wp-json\/wp\/v2\/pages"}],"about":[{"href":"https:\/\/wpvip.tgalpha.com\/fr\/wp-json\/wp\/v2\/types\/page"}],"author":[{"embeddable":true,"href":"https:\/\/wpvip.tgalpha.com\/fr\/wp-json\/wp\/v2\/users\/1"}],"replies":[{"embeddable":true,"href":"https:\/\/wpvip.tgalpha.com\/fr\/wp-json\/wp\/v2\/comments?post=1314"}],"version-history":[{"count":0,"href":"https:\/\/wpvip.tgalpha.com\/fr\/wp-json\/wp\/v2\/pages\/1314\/revisions"}],"wp:attachment":[{"href":"https:\/\/wpvip.tgalpha.com\/fr\/wp-json\/wp\/v2\/media?parent=1314"}],"curies":[{"name":"wp","href":"https:\/\/api.w.org\/{rel}","templated":true}]}}