{"id":722306,"date":"2025-10-16T13:20:23","date_gmt":"2025-10-16T13:20:23","guid":{"rendered":"https:\/\/wpvip.tgalpha.com\/?page_id=722306"},"modified":"2025-11-17T10:57:01","modified_gmt":"2025-11-17T10:57:01","slug":"codigos-swift","status":"publish","type":"page","link":"https:\/\/wpvip.tgalpha.com\/es\/codigos-swift","title":{"rendered":"SWIFT\/BIC"},"content":{"rendered":"\n<section class=\"wp-block-tg-hero-with-half-background hero-with-half-background container-fluid alignfull has-blue-500-background-color has-background\" align=\"full\"><div class=\"container\">\n<div class=\"wp-block-group hero-with-half-background__text-wrapper is-layout-flow wp-block-group-is-layout-flow\">\n<h1 class=\"wp-block-heading has-text-align-center hero-with-half-background__heading is-style-h1-higher-header-style has-bw-100-color has-text-color\">C\u00f3digos SWIFT\/BIC<\/h1>\n\n\n\n<p class=\"has-text-align-center hero-with-half-background__paragraph has-bw-100-color has-text-color\">Usa nuestro verificador gratuito de c\u00f3digos SWIFT para encontrar o validar c\u00f3digos bancarios al instante. Busca por banco o pa\u00eds, o comprueba un c\u00f3digo antes de hacer transferencias internacionales.<\/p>\n<\/div>\n\n\n\n<div class=\"wp-block-group hero-with-half-background__content-wrapper has-bw-200-background-color has-background is-layout-flow wp-block-group-is-layout-flow\">\n<p class=\"has-text-align-center hero-with-half-background__content-heading is-style-h5-higher-header-style has-blue-500-color has-text-color\">El verificador de SWIFT\/BIC llegar\u00e1 pronto.<\/p>\n\n\n\n<p class=\"has-text-align-center hero-with-half-background__content-paragraph is-style-h6-higher-header-style has-blue-900-color has-text-color\">Estamos trabajando en una herramienta para validar y consultar c\u00f3digos SWIFT\/BIC directamente en TransferGo. Mientras tanto, utiliza <a href=\"https:\/\/www.iban.com\/search-bic\" target=\"_blank\" rel=\"noopener\">IBAN.com<\/a><\/p>\n\n\n\n<div class=\"wp-block-buttons hero-with-half-background__content-buttons-wrapper is-content-justification-center is-layout-flex wp-container-core-buttons-is-layout-a89b3969 wp-block-buttons-is-layout-flex\">\n<div class=\"wp-block-button hero-with-half-background__content-button\"><a class=\"wp-block-button__link wp-element-button\" href=\"https:\/\/www.iban.com\/search-bic\" target=\"_blank\" rel=\"noopener\">Consultar SWIFT\/BIC en IBAN.com<\/a><\/div>\n<\/div>\n<\/div>\n<\/div><\/section>\n\n\n\n<section class=\"wp-block-tg-media-and-text media-and-text container-fluid alignfull\" align=\"full\"><div class=\"container\">\n<div class=\"wp-block-media-text has-media-on-the-right is-stacked-on-mobile is-vertically-aligned-center media-and-text__container\"><div class=\"wp-block-media-text__content\">\n<h2 class=\"wp-block-heading has-text-align-left media-and-text__heading is-style-bold-header-style has-blue-900-color has-text-color\">\u00bfQu\u00e9 es un c\u00f3digo SWIFT\/BIC?<\/h2>\n\n\n\n<p class=\"has-text-align-left media-and-text__paragraph has-blue-900-color has-text-color\">Un c\u00f3digo SWIFT (tambi\u00e9n llamado BIC) es un identificador \u00fanico para bancos de todo el mundo. Garantiza que tu dinero llegue al banco correcto cuando haces transferencias internacionales.<\/p>\n\n\n\n<p class=\"has-text-align-left media-and-text__paragraph has-blue-900-color has-text-color\">Estos c\u00f3digos se usan en transferencias internacionales por cable, pagos SEPA y operaciones transfronterizas. Sin ellos, los pagos podr\u00edan retrasarse o enviarse al destinatario equivocado.<\/p>\n\n\n\n<p class=\"has-text-align-left media-and-text__paragraph has-blue-900-color has-text-color\">Pi\u00e9nsalo como la \u201cdirecci\u00f3n\u201d de tu banco en la red financiera global.<\/p>\n<\/div><figure class=\"wp-block-media-text__media\"><img loading=\"lazy\" decoding=\"async\" width=\"826\" height=\"672\" src=\"https:\/\/wpvip.tgalpha.com\/wp-content\/uploads\/2025\/10\/media-and-text-image-1-1.webp\" alt=\"\" class=\"wp-image-719233 size-full\" srcset=\"https:\/\/wpvip.tgalpha.com\/wp-content\/uploads\/2025\/10\/media-and-text-image-1-1.webp 826w, https:\/\/wpvip.tgalpha.com\/wp-content\/uploads\/2025\/10\/media-and-text-image-1-1.webp?resize=300,244 300w, https:\/\/wpvip.tgalpha.com\/wp-content\/uploads\/2025\/10\/media-and-text-image-1-1.webp?resize=768,625 768w\" sizes=\"auto, (max-width: 826px) 100vw, 826px\" \/><\/figure><\/div>\n<\/div><\/section>\n\n\n\n<section class=\"wp-block-tg-banner-with-image banner-with-image container-fluid alignfull\" align=\"full\"><div class=\"container\">\n<div class=\"wp-block-media-text is-stacked-on-mobile is-vertically-aligned-top banner-with-image__container has-bw-250-background-color has-background\"><figure class=\"wp-block-media-text__media\"><img decoding=\"async\" src=\"https:\/\/wpvip.tgalpha.com\/wp-content\/plugins\/transfergo-blocks\/assets\/img\/banner-with-image\/banner-with-image-on-left.webp\" alt=\"\"\/><\/figure><div class=\"wp-block-media-text__content\">\n<h2 class=\"wp-block-heading has-text-align-left banner-with-image__heading is-style-bold-header-style has-blue-900-color has-text-color\">\u00bfPor qu\u00e9 necesitas un c\u00f3digo SWIFT\/BIC?<\/h2>\n\n\n\n<p class=\"has-text-align-left banner-with-image__paragraph has-blue-900-color has-text-color\">Cuando env\u00edas o recibes dinero internacionalmente, los bancos usan c\u00f3digos SWIFT\/BIC para asegurarse de que tus fondos lleguen al lugar correcto de forma segura.<\/p>\n\n\n\n<p class=\"has-text-align-left banner-with-image__paragraph has-blue-900-color has-text-color\">Necesitar\u00e1s un c\u00f3digo SWIFT\/BIC para transferencias bancarias, pagos SEPA en Europa y otras transacciones transfronterizas; b\u00e1sicamente, siempre que env\u00edes dinero al extranjero, para que tu pago llegue al banco correcto.<\/p>\n\n\n\n<p class=\"has-text-align-left banner-with-image__paragraph has-blue-900-color has-text-color\">Usar el c\u00f3digo correcto evita errores, retrasos y comisiones innecesarias.<\/p>\n\n\n\n<div class=\"wp-block-buttons banner-with-image__buttons-wrapper is-content-justification-left is-layout-flex wp-container-core-buttons-is-layout-fc4fd283 wp-block-buttons-is-layout-flex\">\n<div class=\"wp-block-button banner-with-image__button\"><a class=\"wp-block-button__link wp-element-button\" href=\"https:\/\/app.transfergo.com\/es\/register\" target=\"_blank\" rel=\"noopener\">Enviar dinero<\/a><\/div>\n<\/div>\n<\/div><\/div>\n<\/div><\/section>\n\n\n\n<section class=\"wp-block-tg-fullwidth-swift-banner fullwidth-swift-banner container-fluid has-background alignfull has-blue-500-background-color\" align=\"full\"><div class=\"container\">\n<div class=\"wp-block-columns fullwidth-swift-banner__columns is-layout-flex wp-container-core-columns-is-layout-28f84493 wp-block-columns-is-layout-flex\">\n<div class=\"wp-block-column is-vertically-aligned-center fullwidth-swift-banner__column fullwidth-swift-banner__column--left is-layout-flow wp-block-column-is-layout-flow\">\n<h2 class=\"wp-block-heading has-text-align-left fullwidth-swift-banner__heading is-style-bold-header-style has-blue-900-color has-text-color\"><mark style=\"background-color:rgba(0, 0, 0, 0)\" class=\"has-inline-color has-bw-100-color\">\u00bfCU\u00c1L ES EL FORMATO DE UN C\u00d3DIGO SWIFT\/BIC?<\/mark><\/h2>\n\n\n\n<p class=\"has-text-align-left fullwidth-swift-banner__paragraph has-blue-900-color has-text-color\"><mark style=\"background-color:rgba(0, 0, 0, 0)\" class=\"has-inline-color has-bw-100-color\">Un c\u00f3digo SWIFT\/BIC tiene entre 8 y 11 caracteres e identifica el banco, el pa\u00eds, la ubicaci\u00f3n y la sucursal.<\/mark><\/p>\n<\/div>\n\n\n\n<div class=\"wp-block-column is-vertically-aligned-center fullwidth-swift-banner__column fullwidth-swift-banner__column--right is-layout-flow wp-block-column-is-layout-flow\">\n<div class=\"wp-block-group fullwidth-swift-banner__swift-container is-layout-flow wp-block-group-is-layout-flow\">\n<p class=\"has-text-align-center fullwidth-swift-banner__swift-heading is-style-h6-higher-header-style no-margin has-blue-900-color has-text-color\">Ejemplo<\/p>\n\n\n\n<div class=\"wp-block-group fullwidth-swift-banner__swift-example-wrapper no-margin is-layout-flow wp-block-group-is-layout-flow\">\n<p class=\"has-text-align-center fullwidth-swift-banner__swift-example no-margin has-blue-900-color has-text-color has-medium-font-size\">Two check digits<\/p>\n\n\n\n<p class=\"has-text-align-center fullwidth-swift-banner__swift-example-code is-style-h5-higher-header-style no-margin has-blue-900-color has-blue-50-background-color has-text-color has-background\">AAAA &#8211; BB &#8211; CC &#8211; 123<\/p>\n<\/div>\n\n\n\n<div class=\"wp-block-group fullwidth-swift-banner__swift-bank-wrapper no-margin is-layout-flow wp-block-group-is-layout-flow\">\n<p class=\"has-text-align-center fullwidth-swift-banner__swift-bank no-margin has-blue-900-color has-text-color has-medium-font-size\">C\u00f3digo de banco<\/p>\n\n\n\n<p class=\"has-text-align-center fullwidth-swift-banner__swift-bank-code is-style-h6-higher-header-style no-margin has-blue-900-color has-blue-50-background-color has-text-color has-background\"> AAAA<\/p>\n<\/div>\n\n\n\n<div class=\"wp-block-group fullwidth-swift-banner__swift-country-wrapper no-margin is-layout-flow wp-block-group-is-layout-flow\">\n<p class=\"has-text-align-center fullwidth-swift-banner__swift-country no-margin has-blue-900-color has-text-color has-medium-font-size\">C\u00f3digo de pa\u00eds<\/p>\n\n\n\n<p class=\"has-text-align-center fullwidth-swift-banner__swift-country-code is-style-h6-higher-header-style no-margin has-blue-900-color has-blue-50-background-color has-text-color has-background\">BB<\/p>\n<\/div>\n\n\n\n<div class=\"wp-block-group fullwidth-swift-banner__swift-location-wrapper no-margin is-layout-flow wp-block-group-is-layout-flow\">\n<p class=\"has-text-align-center fullwidth-swift-banner__swift-location no-margin has-blue-900-color has-text-color has-medium-font-size\">C\u00f3digo de ubicaci\u00f3n<\/p>\n\n\n\n<p class=\"has-text-align-center fullwidth-swift-banner__swift-location-code is-style-h6-higher-header-style no-margin has-blue-900-color has-blue-50-background-color has-text-color has-background\">CC<\/p>\n<\/div>\n\n\n\n<div class=\"wp-block-group fullwidth-swift-banner__swift-branch-wrapper no-margin is-layout-flow wp-block-group-is-layout-flow\">\n<p class=\"has-text-align-center fullwidth-swift-banner__swift-branch no-margin has-blue-900-color has-text-color has-medium-font-size\">C\u00f3digo de sucursal<\/p>\n\n\n\n<p class=\"has-text-align-center fullwidth-swift-banner__swift-branch-code is-style-h6-higher-header-style no-margin has-blue-900-color has-blue-50-background-color has-text-color has-background\">123<\/p>\n<\/div>\n<\/div>\n<\/div>\n<\/div>\n<\/div><\/section>\n\n\n\n<section class=\"wp-block-tg-trustpilot-slider trustpilot-slider container-fluid alignfull\" align=\"full\"><div class=\"container\">\n<h2 class=\"wp-block-heading has-text-align-center trustpilot-slider__heading is-style-h3-higher-header-style has-blue-900-color has-text-color\">De confianza para m\u00e1s de <mark style=\"background-color:rgba(0, 0, 0, 0)\" class=\"has-inline-color has-blue-500-color\">9 millones de personas<\/mark><\/h2>\n\n\n\n<p class=\"has-text-align-center trustpilot-slider__subheading is-style-h6-higher-header-style has-bw-700-color has-text-color\">Desde hace m\u00e1s de una d\u00e9cada, TransferGo ha hecho que los servicios financieros sean m\u00e1s r\u00e1pidos, sencillos, asequibles y, sobre todo, m\u00e1s accesibles para quienes m\u00e1s los necesitan.<\/p>\n\n\n\n<div class=\"wp-block-group trustpilot-slider__slider-container swiper is-layout-flow wp-block-group-is-layout-flow\">\n<div class=\"wp-block-tg-trustpilot-slider-repeater trustpilot-slider-repeater swiper-wrapper\">\n<div class=\"wp-block-tg-trustpilot-slider-item trustpilot-slider-item swiper-slide  has-alt-decoration\">\n<figure class=\"wp-block-image size-large trustpilot-slider-item__image--person\"><img decoding=\"async\" src=\"https:\/\/wpvip.tgalpha.com\/wp-content\/plugins\/transfergo-blocks\/assets\/img\/trustpilot-slider\/slider-woman.webp\" alt=\"\"\/><\/figure>\n\n\n\n<figure class=\"wp-block-image size-large trustpilot-slider-item__image--rating\"><img decoding=\"async\" src=\"https:\/\/wpvip.tgalpha.com\/wp-content\/plugins\/transfergo-blocks\/assets\/img\/trustpilot-slider\/trustpilot-rating.svg\" alt=\"\"\/><\/figure>\n\n\n\n<p class=\"has-text-align-left trustpilot-slider-item__heading is-style-h5-higher-header-style has-blue-900-color has-text-color\">\u00ab\u00a1El servicio es realmente bueno!\u00bb<\/p>\n\n\n\n<p class=\"has-text-align-left trustpilot-slider-item__paragraph has-blue-900-color has-text-color\">\u00abTransferGo me contact\u00f3 directamente cuando ocurri\u00f3 un problema, y lo resolvieron r\u00e1pidamente. Hice una transferencia internacional en solo un par de horas\u00bb.<\/p>\n\n\n\n<div class=\"wp-block-buttons trustpilot-slider-item__buttons-wrapper is-content-justification-right is-layout-flex wp-container-core-buttons-is-layout-ca13948c wp-block-buttons-is-layout-flex\">\n<div class=\"wp-block-button trustpilot-slider-item__button is-style-button-black-with-underline-and-arrow-no-background\"><a class=\"wp-block-button__link wp-element-button\" href=\"https:\/\/es.trustpilot.com\/review\/transfergo.com\" target=\"_blank\" rel=\"noopener\">Leer m\u00e1s<\/a><\/div>\n<\/div>\n<\/div>\n\n\n\n<div class=\"wp-block-tg-trustpilot-slider-item trustpilot-slider-item swiper-slide\">\n<figure class=\"wp-block-image size-large trustpilot-slider-item__image--person\"><img decoding=\"async\" src=\"https:\/\/wpvip.tgalpha.com\/wp-content\/plugins\/transfergo-blocks\/assets\/img\/trustpilot-slider\/person.webp\" alt=\"\"\/><\/figure>\n\n\n\n<figure class=\"wp-block-image size-large trustpilot-slider-item__image--rating\"><img decoding=\"async\" src=\"https:\/\/wpvip.tgalpha.com\/wp-content\/plugins\/transfergo-blocks\/assets\/img\/trustpilot-slider\/trustpilot-rating.svg\" alt=\"\"\/><\/figure>\n\n\n\n<p class=\"has-text-align-left trustpilot-slider-item__heading is-style-h5-higher-header-style has-blue-900-color has-text-color\">\u00abLa empresa es fant\u00e1stica y los tipos de cambio son competitivos\u00bb<\/p>\n\n\n\n<p class=\"has-text-align-left trustpilot-slider-item__paragraph has-blue-900-color has-text-color\">\u00abLas transferencias son r\u00e1pidas y sin cargos. \u00a1La mayor\u00eda de las transferencias son gratuitas! Recomendar\u00e9 la plataforma a todos los nigerianos\u00bb.<\/p>\n\n\n\n<div class=\"wp-block-buttons trustpilot-slider-item__buttons-wrapper is-content-justification-right is-layout-flex wp-container-core-buttons-is-layout-ca13948c wp-block-buttons-is-layout-flex\">\n<div class=\"wp-block-button trustpilot-slider-item__button is-style-button-black-with-underline-and-arrow-no-background\"><a class=\"wp-block-button__link wp-element-button\" href=\"https:\/\/es.trustpilot.com\/review\/transfergo.com\" target=\"_blank\" rel=\"noopener\">Leer m\u00e1s<\/a><\/div>\n<\/div>\n<\/div>\n\n\n\n<div class=\"wp-block-tg-trustpilot-slider-item trustpilot-slider-item swiper-slide  has-alt-decoration-center\">\n<figure class=\"wp-block-image size-large trustpilot-slider-item__image--person\"><img decoding=\"async\" src=\"https:\/\/wpvip.tgalpha.com\/wp-content\/plugins\/transfergo-blocks\/assets\/img\/trustpilot-slider\/slider-man.webp\" alt=\"\"\/><\/figure>\n\n\n\n<figure class=\"wp-block-image size-large trustpilot-slider-item__image--rating\"><img decoding=\"async\" src=\"https:\/\/wpvip.tgalpha.com\/wp-content\/plugins\/transfergo-blocks\/assets\/img\/trustpilot-slider\/trustpilot-rating.svg\" alt=\"\"\/><\/figure>\n\n\n\n<p class=\"has-text-align-left trustpilot-slider-item__heading is-style-h5-higher-header-style has-blue-900-color has-text-color\">\u00abMuy buen servicio\u00bb<\/p>\n\n\n\n<p class=\"has-text-align-left trustpilot-slider-item__paragraph has-blue-900-color has-text-color\">\u00abEnvi\u00e9 dinero a mi otra cuenta bancaria y lo recib\u00ed en segundos. Lo he recomendado a todos mis amigos. \u00a1Buen trabajo!\u00bb<\/p>\n\n\n\n<div class=\"wp-block-buttons trustpilot-slider-item__buttons-wrapper is-content-justification-right is-layout-flex wp-container-core-buttons-is-layout-ca13948c wp-block-buttons-is-layout-flex\">\n<div class=\"wp-block-button trustpilot-slider-item__button is-style-button-black-with-underline-and-arrow-no-background\"><a class=\"wp-block-button__link wp-element-button\" href=\"https:\/\/es.trustpilot.com\/review\/transfergo.com\" target=\"_blank\" rel=\"noopener\">Leer m\u00e1s<\/a><\/div>\n<\/div>\n<\/div>\n<\/div>\n<\/div>\n<div class=\"trustpilot-slider__navigation\"><button class=\"swiper-button-prev\"><\/button><button class=\"swiper-button-next\"><\/button><\/div><\/div><\/section>\n\n\n\n<section class=\"wp-block-tg-faqs-accordion faqs-accordion container-fluid alignfull\" align=\"full\"><div class=\"container\">\n<h2 class=\"wp-block-heading has-text-align-center faqs-accordion__heading is-style-h3-higher-header-style has-blue-900-color has-text-color\">Preguntas frecuentes<\/h2>\n\n\n\n<details class=\"wp-block-tg-faqs-accordion-item faqs-accordion-item open\" open><summary class=\"faqs-accordion-item__question is-style-h6-higher-header-style\">\u00bfQu\u00e9 es exactamente un c\u00f3digo SWIFT y por qu\u00e9 se utiliza en la banca internacional?<\/summary><div class=\"faqs-accordion-item__height-wrapper\"><div class=\"faqs-accordion-item__content-wrapper\">\n<p>Un c\u00f3digo SWIFT ayuda a los bancos a identificarse entre s\u00ed para transferencias internacionales, asegurando que tu dinero llegue al lugar correcto de forma segura.<\/p>\n<\/div><\/div><\/details>\n\n\n\n<details class=\"wp-block-tg-faqs-accordion-item faqs-accordion-item\"><summary class=\"faqs-accordion-item__question is-style-h6-higher-header-style\">\u00bfQu\u00e9 significa un c\u00f3digo BIC y c\u00f3mo funciona en las transacciones transfronterizas?<\/summary><div class=\"faqs-accordion-item__height-wrapper\"><div class=\"faqs-accordion-item__content-wrapper\">\n<p>Un BIC (Bank Identifier Code) es otro nombre para un c\u00f3digo SWIFT; ambos t\u00e9rminos se usan indistintamente.<\/p>\n<\/div><\/div><\/details>\n\n\n\n<details class=\"wp-block-tg-faqs-accordion-item faqs-accordion-item\"><summary class=\"faqs-accordion-item__question is-style-h6-higher-header-style\">\u00bfSon lo mismo los c\u00f3digos SWIFT y BIC?<\/summary><div class=\"faqs-accordion-item__height-wrapper\"><div class=\"faqs-accordion-item__content-wrapper\">\n<p>S\u00ed. Los c\u00f3digos SWIFT y BIC se refieren al mismo est\u00e1ndar utilizado para identificar bancos en todo el mundo.<\/p>\n<\/div><\/div><\/details>\n\n\n\n<details class=\"wp-block-tg-faqs-accordion-item faqs-accordion-item\"><summary class=\"faqs-accordion-item__question is-style-h6-higher-header-style\">\u00bfC\u00f3mo puedo encontrar el c\u00f3digo SWIFT\/BIC correcto de mi banco?<\/summary><div class=\"faqs-accordion-item__height-wrapper\"><div class=\"faqs-accordion-item__content-wrapper\">\n<p>Puedes usar nuestro buscador de arriba, revisar tu estado de cuenta bancario o preguntarle directamente a tu banco.<\/p>\n<\/div><\/div><\/details>\n\n\n\n<details class=\"wp-block-tg-faqs-accordion-item faqs-accordion-item\"><summary class=\"faqs-accordion-item__question is-style-h6-higher-header-style\">\u00bfCu\u00e1l es la diferencia entre un c\u00f3digo SWIFT y un IBAN?<\/summary><div class=\"faqs-accordion-item__height-wrapper\"><div class=\"faqs-accordion-item__content-wrapper\">\n<p>Un c\u00f3digo SWIFT identifica al banco, mientras que un IBAN identifica tu cuenta individual dentro de ese banco.<\/p>\n<\/div><\/div><\/details>\n\n\n\n<details class=\"wp-block-tg-faqs-accordion-item faqs-accordion-item\"><summary class=\"faqs-accordion-item__question is-style-h6-higher-header-style\">\u00bfC\u00f3mo env\u00edo dinero internacionalmente con un c\u00f3digo SWIFT\/BIC?<\/summary><div class=\"faqs-accordion-item__height-wrapper\"><div class=\"faqs-accordion-item__content-wrapper\">\n<p>Simplemente ingresa el c\u00f3digo SWIFT\/BIC del destinatario junto con su IBAN o n\u00famero de cuenta al realizar la transferencia.<\/p>\n<\/div><\/div><\/details>\n<\/div><\/section>\n","protected":false},"excerpt":{"rendered":"","protected":false},"author":7,"featured_media":0,"parent":0,"menu_order":0,"comment_status":"closed","ping_status":"closed","template":"","meta":{"hideMenuColor":false,"footnotes":""},"class_list":["post-722306","page","type-page","status-publish","hentry"],"jetpack_sharing_enabled":true,"hideMenuColor":false,"_links":{"self":[{"href":"https:\/\/wpvip.tgalpha.com\/es\/wp-json\/wp\/v2\/pages\/722306","targetHints":{"allow":["GET"]}}],"collection":[{"href":"https:\/\/wpvip.tgalpha.com\/es\/wp-json\/wp\/v2\/pages"}],"about":[{"href":"https:\/\/wpvip.tgalpha.com\/es\/wp-json\/wp\/v2\/types\/page"}],"author":[{"embeddable":true,"href":"https:\/\/wpvip.tgalpha.com\/es\/wp-json\/wp\/v2\/users\/7"}],"replies":[{"embeddable":true,"href":"https:\/\/wpvip.tgalpha.com\/es\/wp-json\/wp\/v2\/comments?post=722306"}],"version-history":[{"count":4,"href":"https:\/\/wpvip.tgalpha.com\/es\/wp-json\/wp\/v2\/pages\/722306\/revisions"}],"predecessor-version":[{"id":836690,"href":"https:\/\/wpvip.tgalpha.com\/es\/wp-json\/wp\/v2\/pages\/722306\/revisions\/836690"}],"wp:attachment":[{"href":"https:\/\/wpvip.tgalpha.com\/es\/wp-json\/wp\/v2\/media?parent=722306"}],"curies":[{"name":"wp","href":"https:\/\/api.w.org\/{rel}","templated":true}]}}