{"id":720976,"date":"2025-10-16T09:18:00","date_gmt":"2025-10-16T09:18:00","guid":{"rendered":"https:\/\/wpvip.tgalpha.com\/?page_id=720976"},"modified":"2025-11-11T11:33:38","modified_gmt":"2025-11-11T11:33:38","slug":"comprobador-de-iban","status":"publish","type":"page","link":"https:\/\/wpvip.tgalpha.com\/es\/comprobador-de-iban","title":{"rendered":"IBAN"},"content":{"rendered":"\n<section class=\"wp-block-tg-hero-with-half-background hero-with-half-background container-fluid alignfull has-blue-500-background-color has-background\" align=\"full\"><div class=\"container\">\n<div class=\"wp-block-group hero-with-half-background__text-wrapper is-layout-flow wp-block-group-is-layout-flow\">\n<h1 class=\"wp-block-heading has-text-align-center hero-with-half-background__heading is-style-h1-higher-header-style has-bw-100-color has-text-color\">Comprobador de IBAN<\/h1>\n\n\n\n<p class=\"has-text-align-center hero-with-half-background__paragraph has-bw-100-color has-text-color\">Valida tu IBAN al instante con el comprobador de IBAN de TransferGo. Aseg\u00farate de que tu IBAN tiene el formato correcto antes de enviar dinero al extranjero.<\/p>\n<\/div>\n\n\n\n<div class=\"wp-block-group hero-with-half-background__content-wrapper has-bw-200-background-color has-background is-layout-flow wp-block-group-is-layout-flow\">\n<p class=\"has-text-align-center hero-with-half-background__content-heading is-style-h5-higher-header-style has-blue-500-color has-text-color\">Pr\u00f3ximamente: comprobador de IBAN.<\/p>\n\n\n\n<p class=\"has-text-align-center hero-with-half-background__content-paragraph is-style-h6-higher-header-style has-blue-900-color has-text-color\">Estamos creando una herramienta para validar y calcular IBANs directamente en TransferGo. Mientras tanto, utiliza <a href=\"https:\/\/www.iban.com\/\" target=\"_blank\" rel=\"noopener\">IBAN.com<\/a>.<\/p>\n\n\n\n<div class=\"wp-block-buttons hero-with-half-background__content-buttons-wrapper is-content-justification-center is-layout-flex wp-container-core-buttons-is-layout-a89b3969 wp-block-buttons-is-layout-flex\">\n<div class=\"wp-block-button hero-with-half-background__content-button\"><a class=\"wp-block-button__link wp-element-button\" href=\"https:\/\/www.iban.com\/\" target=\"_blank\" rel=\"noopener\">Ir a IBAN.com<\/a><\/div>\n<\/div>\n<\/div>\n<\/div><\/section>\n\n\n\n<section class=\"wp-block-tg-fullwidth-swift-banner fullwidth-swift-banner container-fluid has-background alignfull is-style-iban-banner\" align=\"full\"><div class=\"container\">\n<div class=\"wp-block-columns fullwidth-swift-banner__columns is-layout-flex wp-container-core-columns-is-layout-28f84493 wp-block-columns-is-layout-flex\">\n<div class=\"wp-block-column is-vertically-aligned-center fullwidth-swift-banner__column fullwidth-swift-banner__column--left is-layout-flow wp-block-column-is-layout-flow\">\n<h2 class=\"wp-block-heading has-text-align-left fullwidth-swift-banner__heading is-style-bold-header-style has-blue-900-color has-text-color\"><mark style=\"background-color:rgba(0, 0, 0, 0)\" class=\"has-inline-color has-blue-500-color\">\u00bfQu\u00e9 es un n\u00famero IBAN y c\u00f3mo es?<\/mark><\/h2>\n\n\n\n<p class=\"has-text-align-left fullwidth-swift-banner__paragraph has-blue-900-color has-text-color\"><strong>Un IBAN (International Bank Account Number)<\/strong> es un identificador \u00fanico usado para pagos internacionales. Garantiza que tu dinero llegue al banco y a la cuenta correctos.<\/p>\n<\/div>\n\n\n\n<div class=\"wp-block-column is-vertically-aligned-center fullwidth-swift-banner__column fullwidth-swift-banner__column--right is-layout-flow wp-block-column-is-layout-flow\">\n<div class=\"wp-block-group fullwidth-swift-banner__swift-container has-bw-200-background-color has-background is-layout-flow wp-block-group-is-layout-flow\">\n<p class=\"has-text-align-center fullwidth-swift-banner__swift-heading is-style-h6-higher-header-style no-margin has-blue-900-color has-text-color\">Un IBAN normalmente incluye:<\/p>\n\n\n\n<div class=\"wp-block-group fullwidth-swift-banner__swift-example-wrapper no-margin is-layout-flow wp-block-group-is-layout-flow\">\n<p class=\"has-text-align-center fullwidth-swift-banner__swift-example no-margin has-blue-900-color has-text-color has-medium-font-size\">Un c\u00f3digo de pa\u00eds de dos letras<\/p>\n\n\n\n<p class=\"has-text-align-center fullwidth-swift-banner__swift-example-code is-style-h5-higher-header-style no-margin has-blue-900-color has-blue-50-background-color has-text-color has-background\">GB<\/p>\n<\/div>\n\n\n\n<div class=\"wp-block-group fullwidth-swift-banner__swift-bank-wrapper no-margin is-layout-flow wp-block-group-is-layout-flow\">\n<p class=\"has-text-align-center fullwidth-swift-banner__swift-bank no-margin has-blue-900-color has-text-color has-medium-font-size\">Dos d\u00edgitos de control<\/p>\n\n\n\n<p class=\"has-text-align-center fullwidth-swift-banner__swift-bank-code is-style-h6-higher-header-style no-margin has-blue-900-color has-blue-50-background-color has-text-color has-background\">12<\/p>\n<\/div>\n\n\n\n<div class=\"wp-block-group fullwidth-swift-banner__swift-country-wrapper no-margin is-layout-flow wp-block-group-is-layout-flow\">\n<p class=\"has-text-align-center fullwidth-swift-banner__swift-country no-margin has-blue-900-color has-text-color has-medium-font-size\">Un c\u00f3digo bancario<\/p>\n\n\n\n<p class=\"has-text-align-center fullwidth-swift-banner__swift-country-code is-style-h6-higher-header-style no-margin has-blue-900-color has-blue-50-background-color has-text-color has-background\">ABCD<\/p>\n<\/div>\n\n\n\n<div class=\"wp-block-group fullwidth-swift-banner__swift-location-wrapper no-margin is-layout-flow wp-block-group-is-layout-flow\">\n<p class=\"has-text-align-center fullwidth-swift-banner__swift-location no-margin has-blue-900-color has-text-color has-medium-font-size\">y un identificador de sucursal<\/p>\n\n\n\n<p class=\"has-text-align-center fullwidth-swift-banner__swift-location-code is-style-h6-higher-header-style no-margin has-blue-900-color has-blue-50-background-color has-text-color has-background\">123***<\/p>\n<\/div>\n\n\n\n<div class=\"wp-block-group fullwidth-swift-banner__swift-branch-wrapper no-margin is-layout-flow wp-block-group-is-layout-flow\">\n<p class=\"has-text-align-center fullwidth-swift-banner__swift-branch no-margin has-blue-900-color has-text-color has-medium-font-size\">El n\u00famero de cuenta del destinatario<\/p>\n\n\n\n<p class=\"has-text-align-center fullwidth-swift-banner__swift-branch-code is-style-h6-higher-header-style no-margin has-blue-900-color has-blue-50-background-color has-text-color has-background\">123*****<\/p>\n<\/div>\n<\/div>\n<\/div>\n<\/div>\n<\/div><\/section>\n\n\n\n<section class=\"wp-block-tg-iban-examples iban-examples container-fluid alignfull\" align=\"full\"><div class=\"container\">\n<h2 class=\"wp-block-heading has-text-align-center iban-examples__heading is-style-bold-header-style has-blue-900-color has-text-color\">Ejemplos y estructura del IBAN<\/h2>\n\n\n\n<p class=\"has-text-align-center iban-examples__subheading is-style-h6-higher-header-style has-blue-900-color has-text-color\">Aqu\u00ed tienes algunos formatos de IBAN:<\/p>\n\n\n\n<div class=\"wp-block-group iban-examples__examples-wrapper has-bw-300-background-color has-background is-layout-flow wp-block-group-is-layout-flow\">\n<div class=\"wp-block-group iban-examples__titles-wrapper is-layout-flow wp-block-group-is-layout-flow\">\n<p class=\"has-text-align-left iban-examples__title iban-examples__title--country has-bw-700-color has-text-color\"><strong>Country<\/strong><\/p>\n\n\n\n<p class=\"has-text-align-left iban-examples__title iban-examples__title--code has-bw-700-color has-text-color\"><strong>Code<\/strong><\/p>\n<\/div>\n\n\n\n<div class=\"wp-block-group iban-examples__example is-layout-flow wp-block-group-is-layout-flow\">\n<div class=\"wp-block-group iban-examples__example-country-wrapper is-layout-flow wp-block-group-is-layout-flow\">\n<figure class=\"wp-block-image size-full iban-examples__example-flag\"><img decoding=\"async\" src=\"https:\/\/wpvip.tgalpha.com\/wp-content\/plugins\/transfergo-blocks\/assets\/img\/flags\/GB.svg\" alt=\"\"\/><\/figure>\n\n\n\n<p class=\"has-text-align-left iban-examples__example-country has-blue-900-color has-text-color\">Reino Unido<\/p>\n<\/div>\n\n\n\n<p class=\"has-text-align-left iban-examples__example-code has-blue-900-color has-bw-100-background-color has-text-color has-background\"><strong>GB29 NWBK 6016 1331 9268 19<\/strong><\/p>\n<\/div>\n\n\n\n<div class=\"wp-block-group iban-examples__example is-layout-flow wp-block-group-is-layout-flow\">\n<div class=\"wp-block-group iban-examples__example-country-wrapper is-layout-flow wp-block-group-is-layout-flow\">\n<figure class=\"wp-block-image size-full iban-examples__example-flag\"><img decoding=\"async\" src=\"https:\/\/wpvip.tgalpha.com\/wp-content\/plugins\/transfergo-blocks\/assets\/img\/flags\/DE.svg\" alt=\"\"\/><\/figure>\n\n\n\n<p class=\"has-text-align-left iban-examples__example-country has-blue-900-color has-text-color\">Alemania<\/p>\n<\/div>\n\n\n\n<p class=\"has-text-align-left iban-examples__example-code has-blue-900-color has-bw-100-background-color has-text-color has-background\"><strong>DE89 3704 0044 0532 0130 00<\/strong><\/p>\n<\/div>\n\n\n\n<div class=\"wp-block-group iban-examples__example is-layout-flow wp-block-group-is-layout-flow\">\n<div class=\"wp-block-group iban-examples__example-country-wrapper is-layout-flow wp-block-group-is-layout-flow\">\n<figure class=\"wp-block-image size-full iban-examples__example-flag\"><img decoding=\"async\" src=\"https:\/\/wpvip.tgalpha.com\/wp-content\/plugins\/transfergo-blocks\/assets\/img\/flags\/FR.svg\" alt=\"\"\/><\/figure>\n\n\n\n<p class=\"has-text-align-left iban-examples__example-country has-blue-900-color has-text-color\">Francia<\/p>\n<\/div>\n\n\n\n<p class=\"has-text-align-left iban-examples__example-code has-blue-900-color has-bw-100-background-color has-text-color has-background\"><strong>FR14 2004 1010 0505 0001 3M02 606<\/strong><\/p>\n<\/div>\n<\/div>\n\n\n\n<p class=\"has-text-align-center iban-examples__paragraph has-blue-900-color has-text-color\">Cada pa\u00eds tiene una estructura ligeramente distinta, pero nuestro verificador de IBAN funciona para todos.<\/p>\n<\/div><\/section>\n\n\n\n<section class=\"wp-block-tg-media-and-text media-and-text container-fluid alignfull\" align=\"full\"><div class=\"container\">\n<div class=\"wp-block-media-text is-stacked-on-mobile is-vertically-aligned-center media-and-text__container\"><figure class=\"wp-block-media-text__media\"><img loading=\"lazy\" decoding=\"async\" width=\"826\" height=\"628\" src=\"https:\/\/wpvip.tgalpha.com\/wp-content\/uploads\/2025\/10\/media-and-text-image-0.webp\" alt=\"\" class=\"wp-image-719194 size-full\" srcset=\"https:\/\/wpvip.tgalpha.com\/wp-content\/uploads\/2025\/10\/media-and-text-image-0.webp 826w, https:\/\/wpvip.tgalpha.com\/wp-content\/uploads\/2025\/10\/media-and-text-image-0.webp?resize=300,228 300w, https:\/\/wpvip.tgalpha.com\/wp-content\/uploads\/2025\/10\/media-and-text-image-0.webp?resize=768,584 768w\" sizes=\"auto, (max-width: 826px) 100vw, 826px\" \/><\/figure><div class=\"wp-block-media-text__content\">\n<h2 class=\"wp-block-heading has-text-align-left media-and-text__heading is-style-bold-header-style has-blue-900-color has-text-color\">\u00bfCu\u00e1ndo necesitas un IBAN?<\/h2>\n\n\n\n<p class=\"has-text-align-left media-and-text__paragraph has-blue-900-color has-text-color\">Necesitas un IBAN cuando:<\/p>\n\n\n\n<ul class=\"wp-block-list media-and-text__list is-style-with-circle-icon\">\n<li><strong><strong>Env\u00edas o recibes dinero al extranjero<\/strong><\/strong><\/li>\n\n\n\n<li><strong>Pagas a contratistas o proveedores internacionales<\/strong><\/li>\n\n\n\n<li><strong>Recibes salario o pensiones del extranjero<\/strong><\/li>\n<\/ul>\n<\/div><\/div>\n<\/div><\/section>\n\n\n\n<section class=\"wp-block-tg-media-and-text media-and-text container-fluid alignfull\" align=\"full\"><div class=\"container\">\n<div class=\"wp-block-media-text has-media-on-the-right is-stacked-on-mobile is-vertically-aligned-center media-and-text__container\"><div class=\"wp-block-media-text__content\">\n<h2 class=\"wp-block-heading has-text-align-left media-and-text__heading is-style-bold-header-style has-blue-900-color has-text-color\">\u00bfQu\u00e9 pasa si usas el IBAN equivocado?<\/h2>\n\n\n\n<p class=\"has-text-align-left media-and-text__paragraph has-blue-900-color has-text-color\">Si usas un IBAN incorrecto, tu pago podr\u00eda:<\/p>\n\n\n\n<ul class=\"wp-block-list media-and-text__list is-style-with-circle-icon has-red-50-background-color has-background\">\n<li><strong>Retrasarse<\/strong><\/li>\n\n\n\n<li><strong>Ser rechazado por el banco<\/strong><\/li>\n\n\n\n<li><strong>Enviarse a la cuenta equivocada<\/strong><\/li>\n<\/ul>\n<\/div><figure class=\"wp-block-media-text__media\"><img loading=\"lazy\" decoding=\"async\" width=\"826\" height=\"628\" src=\"https:\/\/wpvip.tgalpha.com\/wp-content\/uploads\/2025\/10\/media-and-text-image-1.webp\" alt=\"\" class=\"wp-image-719219 size-full\" srcset=\"https:\/\/wpvip.tgalpha.com\/wp-content\/uploads\/2025\/10\/media-and-text-image-1.webp 826w, https:\/\/wpvip.tgalpha.com\/wp-content\/uploads\/2025\/10\/media-and-text-image-1.webp?resize=300,228 300w, https:\/\/wpvip.tgalpha.com\/wp-content\/uploads\/2025\/10\/media-and-text-image-1.webp?resize=768,584 768w\" sizes=\"auto, (max-width: 826px) 100vw, 826px\" \/><\/figure><\/div>\n<\/div><\/section>\n\n\n\n<section class=\"wp-block-tg-three-column-cards three-column-cards container-fluid alignfull is-style-full-width-images has-blue-500-background-color has-background\" align=\"full\"><div class=\"container\">\n<h2 class=\"wp-block-heading has-text-align-center three-column-cards__heading is-style-bold-xl-header-style has-blue-900-color has-text-color\"><mark style=\"background-color:rgba(0, 0, 0, 0)\" class=\"has-inline-color has-bw-100-color\">Errores comunes y consejos<\/mark><\/h2>\n\n\n\n<div class=\"wp-block-columns three-column-cards__columns is-layout-flex wp-container-core-columns-is-layout-28f84493 wp-block-columns-is-layout-flex\">\n<div class=\"wp-block-column three-column-cards__column three-column-cards__column--first has-bw-100-background-color has-background is-layout-flow wp-block-column-is-layout-flow\">\n<div class=\"wp-block-group three-column-cards__text-wrapper is-layout-flow wp-block-group-is-layout-flow\">\n<h3 class=\"wp-block-heading has-text-align-left three-column-cards__card-heading is-style-h5-higher-header-style has-blue-900-color has-text-color\">Errores de escritura<\/h3>\n<\/div>\n\n\n\n<p class=\"has-text-align-left three-column-cards__card-paragraph has-blue-900-color has-text-color\">Un solo d\u00edgito incorrecto invalida el IBAN.<\/p>\n\n\n\n<div class=\"wp-block-group three-column-cards__card-image-wrapper is-layout-flow wp-block-group-is-layout-flow\">\n<figure class=\"wp-block-image three-column-cards__card-image\"><img decoding=\"async\" src=\"https:\/\/wpvip.tgalpha.com\/wp-content\/plugins\/transfergo-blocks\/assets\/img\/three-column-cards\/full-width-card-image-0.svg\" alt=\"\"\/><\/figure>\n<\/div>\n<\/div>\n\n\n\n<div class=\"wp-block-column three-column-cards__column three-column-cards__column--second has-bw-100-background-color has-background is-layout-flow wp-block-column-is-layout-flow\">\n<div class=\"wp-block-group three-column-cards__text-wrapper is-layout-flow wp-block-group-is-layout-flow\">\n<h3 class=\"wp-block-heading has-text-align-left three-column-cards__card-heading is-style-h5-higher-header-style has-blue-900-color has-text-color\">Formatos incorrectos<\/h3>\n<\/div>\n\n\n\n<p class=\"has-text-align-left three-column-cards__card-paragraph has-blue-900-color has-text-color\">Comprueba siempre la longitud correcta seg\u00fan el pa\u00eds.<\/p>\n\n\n\n<div class=\"wp-block-group three-column-cards__card-image-wrapper is-layout-flow wp-block-group-is-layout-flow\">\n<figure class=\"wp-block-image three-column-cards__card-image\"><img decoding=\"async\" src=\"https:\/\/wpvip.tgalpha.com\/wp-content\/plugins\/transfergo-blocks\/assets\/img\/three-column-cards\/full-width-card-image-1.svg\" alt=\"\"\/><\/figure>\n<\/div>\n<\/div>\n\n\n\n<div class=\"wp-block-column three-column-cards__column three-column-cards__column--third has-bw-100-background-color has-background is-layout-flow wp-block-column-is-layout-flow\">\n<div class=\"wp-block-group three-column-cards__text-wrapper is-layout-flow wp-block-group-is-layout-flow\">\n<h3 class=\"wp-block-heading has-text-align-left three-column-cards__card-heading is-style-h5-higher-header-style has-blue-900-color has-text-color\">Datos del receptor<\/h3>\n<\/div>\n\n\n\n<p class=\"has-text-align-left three-column-cards__card-paragraph has-blue-900-color has-text-color\">Verifica el nombre y la informaci\u00f3n de la cuenta del destinatario antes de enviar.<\/p>\n\n\n\n<div class=\"wp-block-group three-column-cards__card-image-wrapper is-layout-flow wp-block-group-is-layout-flow\">\n<figure class=\"wp-block-image three-column-cards__card-image\"><img decoding=\"async\" src=\"https:\/\/wpvip.tgalpha.com\/wp-content\/plugins\/transfergo-blocks\/assets\/img\/three-column-cards\/full-width-card-image-2.svg\" alt=\"\"\/><\/figure>\n<\/div>\n<\/div>\n<\/div>\n<\/div><\/section>\n\n\n\n<section class=\"wp-block-tg-media-and-text media-and-text container-fluid alignfull\" align=\"full\"><div class=\"container\">\n<div class=\"wp-block-media-text is-stacked-on-mobile is-vertically-aligned-center media-and-text__container\"><figure class=\"wp-block-media-text__media\"><img loading=\"lazy\" decoding=\"async\" width=\"826\" height=\"628\" src=\"https:\/\/wpvip.tgalpha.com\/wp-content\/uploads\/2025\/10\/media-and-text-image-2.webp\" alt=\"\" class=\"wp-image-719207 size-full\" srcset=\"https:\/\/wpvip.tgalpha.com\/wp-content\/uploads\/2025\/10\/media-and-text-image-2.webp 826w, https:\/\/wpvip.tgalpha.com\/wp-content\/uploads\/2025\/10\/media-and-text-image-2.webp?resize=300,228 300w, https:\/\/wpvip.tgalpha.com\/wp-content\/uploads\/2025\/10\/media-and-text-image-2.webp?resize=768,584 768w\" sizes=\"auto, (max-width: 826px) 100vw, 826px\" \/><\/figure><div class=\"wp-block-media-text__content\">\n<h2 class=\"wp-block-heading has-text-align-left media-and-text__heading is-style-bold-header-style has-blue-900-color has-text-color\">Confirma siempre con tu destinatario<\/h2>\n\n\n\n<p class=\"has-text-align-left media-and-text__paragraph has-blue-900-color has-text-color\">Nuestro validador de IBAN comprueba si el formato es correcto, pero no puede garantizar la titularidad. Confirma siempre el IBAN directamente con tu destinatario.<\/p>\n<\/div><\/div>\n<\/div><\/section>\n\n\n\n<section class=\"wp-block-tg-banner-with-image banner-with-image container-fluid alignfull is-style-image-with-gradient is-style-gradient-image-with-line\" align=\"full\"><div class=\"container\">\n<div class=\"wp-block-media-text has-media-on-the-right is-stacked-on-mobile is-vertically-aligned-top banner-with-image__container has-bw-250-background-color has-background\"><div class=\"wp-block-media-text__content\">\n<h2 class=\"wp-block-heading has-text-align-left banner-with-image__heading is-style-bold-xl-header-style has-blue-900-color has-text-color\">Env\u00eda dinero al extranjero con TransferGo<\/h2>\n\n\n\n<p class=\"has-text-align-left banner-with-image__paragraph has-blue-900-color has-text-color\">Una vez que hayas validado tu IBAN, enviar dinero con TransferGo es r\u00e1pido, barato y fiable. Esto es lo que obtienes:<\/p>\n\n\n\n<ul class=\"wp-block-list is-style-with-blue-circle-icon\">\n<li class=\"is-style-h6-higher-header-style\">Excelentes tipos de cambio<\/li>\n\n\n\n<li class=\"is-style-h6-higher-header-style\">Comisiones bajas<\/li>\n\n\n\n<li class=\"is-style-h6-higher-header-style\">Tiempos de entrega r\u00e1pidos<\/li>\n<\/ul>\n\n\n\n<div class=\"wp-block-group banner-with-image__decorative-text-wrapper is-nowrap is-layout-flex wp-container-core-group-is-layout-6c531013 wp-block-group-is-layout-flex\">\n<p class=\"has-small-font-size\"><strong>Happy birthday!<\/strong><\/p>\n\n\n\n<p class=\"has-small-font-size\">+ 250 USD<\/p>\n<\/div>\n<\/div><figure class=\"wp-block-media-text__media\"><img decoding=\"async\" src=\"https:\/\/wpvip.tgalpha.com\/wp-content\/plugins\/transfergo-blocks\/assets\/img\/banner-with-image\/banner-with-gradient-image-and-line.webp\" alt=\"\"\/><\/figure><\/div>\n<\/div><\/section>\n\n\n\n<section class=\"wp-block-tg-faqs-accordion faqs-accordion container-fluid alignfull\" align=\"full\"><div class=\"container\">\n<h2 class=\"wp-block-heading has-text-align-center faqs-accordion__heading is-style-h3-higher-header-style has-blue-900-color has-text-color\">Preguntas frecuentes<\/h2>\n\n\n\n<details class=\"wp-block-tg-faqs-accordion-item faqs-accordion-item open\" open><summary class=\"faqs-accordion-item__question is-style-h6-higher-header-style\">\u00bfQu\u00e9 ocurre si uso un formato de IBAN incorrecto para pagar a un contratista?<\/summary><div class=\"faqs-accordion-item__height-wrapper\"><div class=\"faqs-accordion-item__content-wrapper\">\n<p>El pago puede fallar o retrasarse. Valida siempre el IBAN antes de enviar dinero.<\/p>\n<\/div><\/div><\/details>\n\n\n\n<details class=\"wp-block-tg-faqs-accordion-item faqs-accordion-item\"><summary class=\"faqs-accordion-item__question is-style-h6-higher-header-style\">\u00bfPuedo usar esta calculadora de IBAN para verificar los datos de pago del contratista?<\/summary><div class=\"faqs-accordion-item__height-wrapper\"><div class=\"faqs-accordion-item__content-wrapper\">\n<p>S\u00ed, la herramienta asegura que el formato del IBAN sea correcto, pero confirma siempre el n\u00famero directamente con tu contratista.<\/p>\n<\/div><\/div><\/details>\n\n\n\n<details class=\"wp-block-tg-faqs-accordion-item faqs-accordion-item\"><summary class=\"faqs-accordion-item__question is-style-h6-higher-header-style\">\u00bfTodos los pa\u00edses requieren un n\u00famero IBAN para pagos relacionados con trabajos realizados?<\/summary><div class=\"faqs-accordion-item__height-wrapper\"><div class=\"faqs-accordion-item__content-wrapper\">\n<p>La mayor\u00eda de los pa\u00edses europeos s\u00ed. Algunos fuera de Europa usan otros sistemas, como c\u00f3digos SWIFT.<\/p>\n<\/div><\/div><\/details>\n<\/div><\/section>\n\n\n\n<p>Prueba ahora el comprobador de IBAN gratuito de TransferGo y env\u00eda dinero al extranjero con confianza.<\/p>\n","protected":false},"excerpt":{"rendered":"<p>Prueba ahora el comprobador de IBAN gratuito de TransferGo y env\u00eda dinero al extranjero con confianza.<\/p>\n","protected":false},"author":7,"featured_media":0,"parent":0,"menu_order":0,"comment_status":"closed","ping_status":"closed","template":"","meta":{"hideMenuColor":false,"footnotes":""},"class_list":["post-720976","page","type-page","status-publish","hentry"],"jetpack_sharing_enabled":true,"hideMenuColor":false,"_links":{"self":[{"href":"https:\/\/wpvip.tgalpha.com\/es\/wp-json\/wp\/v2\/pages\/720976","targetHints":{"allow":["GET"]}}],"collection":[{"href":"https:\/\/wpvip.tgalpha.com\/es\/wp-json\/wp\/v2\/pages"}],"about":[{"href":"https:\/\/wpvip.tgalpha.com\/es\/wp-json\/wp\/v2\/types\/page"}],"author":[{"embeddable":true,"href":"https:\/\/wpvip.tgalpha.com\/es\/wp-json\/wp\/v2\/users\/7"}],"replies":[{"embeddable":true,"href":"https:\/\/wpvip.tgalpha.com\/es\/wp-json\/wp\/v2\/comments?post=720976"}],"version-history":[{"count":8,"href":"https:\/\/wpvip.tgalpha.com\/es\/wp-json\/wp\/v2\/pages\/720976\/revisions"}],"predecessor-version":[{"id":722271,"href":"https:\/\/wpvip.tgalpha.com\/es\/wp-json\/wp\/v2\/pages\/720976\/revisions\/722271"}],"wp:attachment":[{"href":"https:\/\/wpvip.tgalpha.com\/es\/wp-json\/wp\/v2\/media?parent=720976"}],"curies":[{"name":"wp","href":"https:\/\/api.w.org\/{rel}","templated":true}]}}