{"id":238719,"date":"2025-04-14T09:44:49","date_gmt":"2025-04-14T09:44:49","guid":{"rendered":"https:\/\/wpvip.tgalpha.com\/?page_id=238719"},"modified":"2025-10-27T14:43:11","modified_gmt":"2025-10-27T14:43:11","slug":"cuenta","status":"publish","type":"page","link":"https:\/\/wpvip.tgalpha.com\/es\/cuenta","title":{"rendered":"Multi-currency account (ES)"},"content":{"rendered":"\n<section class=\"wp-block-tg-hero-multi-currency-account hero-multi-currency-account container-fluid alignfull\" align=\"full\"><div class=\"container\">\n<div class=\"wp-block-columns hero-multi-currency-account__columns is-layout-flex wp-container-core-columns-is-layout-28f84493 wp-block-columns-is-layout-flex\">\n<div class=\"wp-block-column hero-multi-currency-account__column hero-multi-currency-account__column--left is-layout-flow wp-block-column-is-layout-flow\">\n<p class=\"hero-multi-currency-account__subtitle is-style-h4-higher-header-style is-style-bold-subheader-style has-blue-500-color has-text-color\">Cuenta multidivisa<\/p>\n\n\n\n<h1 class=\"wp-block-heading has-text-align-left hero-multi-currency-account__title has-blue-900-color has-text-color\">Para dinero que no conoce l\u00edmites<\/h1>\n\n\n\n<p class=\"has-text-align-left hero-multi-currency-account__text has-blue-900-color has-text-color\">Con transferencias instant\u00e1neas y gratuitas entre cuentas, nuestra cuenta multidivisa todo en uno te permite enviar y recibir pagos internacionales, mantener saldos en m\u00faltiples monedas, cambiar divisas dentro de tu cuenta, y m\u00e1s.<\/p>\n\n\n\n<div class=\"wp-block-buttons hero-multi-currency-account__buttons is-layout-flex wp-block-buttons-is-layout-flex\">\n<div class=\"wp-block-button hero-multi-currency-account__button is-style-button-with-arrow\"><a class=\"wp-block-button__link wp-element-button\" href=\"https:\/\/app.transfergo.com\/es\/register\" target=\"_blank\" rel=\"noopener\">Crea una cuenta gratuita<\/a><\/div>\n<\/div>\n<\/div>\n\n\n\n<div class=\"wp-block-column hero-multi-currency-account__column hero-multi-currency-account__column--right is-layout-flow wp-block-column-is-layout-flow\">\n<figure class=\"wp-block-image size-large hero-multi-currency-account__image\"><img decoding=\"async\" src=\"https:\/\/wpvip.tgalpha.com\/wp-content\/plugins\/transfergo-blocks\/assets\/img\/multi-currency-images\/multi-currency-main-image.webp\" alt=\"\"\/><\/figure>\n\n\n\n<figure class=\"wp-block-gallery has-nested-images columns-default is-cropped hero-multi-currency-account__gallery wp-block-gallery-1 is-layout-flex wp-block-gallery-is-layout-flex\">\n<figure class=\"wp-block-image size-large\"><img decoding=\"async\" src=\"https:\/\/wpvip.tgalpha.com\/wp-content\/plugins\/transfergo-blocks\/assets\/img\/multi-currency-images\/gallery-image-0.svg\" alt=\"\"\/><\/figure>\n\n\n\n<figure class=\"wp-block-image size-large\"><img decoding=\"async\" src=\"https:\/\/wpvip.tgalpha.com\/wp-content\/plugins\/transfergo-blocks\/assets\/img\/multi-currency-images\/gallery-image-1.svg\" alt=\"\"\/><\/figure>\n\n\n\n<figure class=\"wp-block-image size-large\"><img decoding=\"async\" src=\"https:\/\/wpvip.tgalpha.com\/wp-content\/plugins\/transfergo-blocks\/assets\/img\/multi-currency-images\/gallery-image-2.svg\" alt=\"\"\/><\/figure>\n\n\n\n<figure class=\"wp-block-image size-large\"><img decoding=\"async\" data-id=\"717952\" src=\"https:\/\/wpvip.tgalpha.com\/wp-content\/plugins\/transfergo-blocks\/assets\/img\/multi-currency-images\/gallery-image-3.svg\" alt=\"\" class=\"wp-image-717952\"\/><\/figure>\n\n\n\n<figure class=\"wp-block-image size-full size-large\"><img decoding=\"async\" data-id=\"720404\" src=\"https:\/\/wpvip.tgalpha.com\/es\/wp-content\/uploads\/2025\/10\/account-widget-add-1.svg\" alt=\"\" class=\"wp-image-720404\"\/><\/figure>\n<\/figure>\n<\/div>\n<\/div>\n<\/div><\/section>\n\n\n\n<section class=\"wp-block-tg-slider slider container-fluid alignfull\" align=\"full\"><div class=\"container\">\n<h2 class=\"wp-block-heading has-text-align-center slider__heading is-style-bold-header-style typo-fix has-blue-900-color has-text-color\"><mark class=\"has-inline-color has-blue-500-color\">Env\u00eda, recibe y cambia<\/mark> <br>desde una cuenta global<\/h2>\n\n\n\n<p class=\"has-text-align-center slider__subheading is-style-h6-higher-header-style typo-fix has-blue-900-color has-text-color\">Dise\u00f1ada para eliminar las complicaciones y los altos costos de la gesti\u00f3n de dinero internacional, la cuenta multimoneda de TransferGo te ofrece simplicidad, versatilidad y valor en igual medida.<\/p>\n\n\n\n<div class=\"wp-block-group slider__cards-group is-layout-flow wp-block-group-is-layout-flow\">\n<div class=\"wp-block-columns slider__cards swiper-wrapper is-layout-flex wp-container-core-columns-is-layout-28f84493 wp-block-columns-is-layout-flex\">\n<div class=\"wp-block-column slider__card swiper-slide is-layout-flow wp-block-column-is-layout-flow\">\n<figure class=\"wp-block-image aligncenter size-full slider__card-image\"><img loading=\"lazy\" decoding=\"async\" width=\"328\" height=\"420\" src=\"https:\/\/wpvip.tgalpha.com\/es\/wp-content\/uploads\/2025\/05\/multiple_currency_8c8442.webp\" alt=\"\" class=\"wp-image-253481\" srcset=\"https:\/\/wpvip.tgalpha.com\/wp-content\/uploads\/2025\/05\/multiple_currency_8c8442.webp 328w, https:\/\/wpvip.tgalpha.com\/wp-content\/uploads\/2025\/05\/multiple_currency_8c8442.webp?resize=234,300 234w\" sizes=\"auto, (max-width: 328px) 100vw, 328px\" \/><\/figure>\n\n\n\n<h3 class=\"wp-block-heading has-text-align-left slider__card-title is-style-h4-higher-header-style typo-fix has-blue-900-color has-text-color\">Saldos en m\u00faltiples monedas<\/h3>\n\n\n\n<p class=\"has-text-align-left slider__card-paragraph typo-fix has-bw-900-color has-text-color\">Mant\u00e9n y gestiona GBP, EUR, PLN y RON, con a\u00fan m\u00e1s monedas en camino. Explora nuestras p\u00e1ginas de cuentas de moneda para saber m\u00e1s.<\/p>\n<\/div>\n\n\n\n<div class=\"wp-block-column slider__card swiper-slide is-layout-flow wp-block-column-is-layout-flow\">\n<figure class=\"wp-block-image aligncenter size-full slider__card-image\"><img loading=\"lazy\" decoding=\"async\" width=\"328\" height=\"420\" src=\"https:\/\/wpvip.tgalpha.com\/es\/wp-content\/uploads\/2025\/05\/send_8cee7b.webp\" alt=\"\" class=\"wp-image-253493\" srcset=\"https:\/\/wpvip.tgalpha.com\/wp-content\/uploads\/2025\/05\/send_8cee7b.webp 328w, https:\/\/wpvip.tgalpha.com\/wp-content\/uploads\/2025\/05\/send_8cee7b.webp?resize=234,300 234w\" sizes=\"auto, (max-width: 328px) 100vw, 328px\" \/><\/figure>\n\n\n\n<h3 class=\"wp-block-heading has-text-align-left slider__card-title is-style-h4-higher-header-style typo-fix has-blue-900-color has-text-color\">Ventajas de cuenta a cuenta<\/h3>\n\n\n\n<p class=\"has-text-align-left slider__card-paragraph typo-fix has-bw-900-color has-text-color\">Disfruta de transferencias instant\u00e1neas y sin comisiones a cualquier otra cuenta multimoneda de TransferGo. Sin detalles bancarios, sin pasos adicionales. Solo toca para una velocidad y valor inigualables.<\/p>\n<\/div>\n\n\n\n<div class=\"wp-block-column slider__card swiper-slide is-layout-flow wp-block-column-is-layout-flow\">\n<figure class=\"wp-block-image aligncenter size-full slider__card-image\"><img loading=\"lazy\" decoding=\"async\" width=\"328\" height=\"420\" src=\"https:\/\/wpvip.tgalpha.com\/es\/wp-content\/uploads\/2025\/05\/exchange_1dfab3.webp\" alt=\"\" class=\"wp-image-253505\" srcset=\"https:\/\/wpvip.tgalpha.com\/wp-content\/uploads\/2025\/05\/exchange_1dfab3.webp 328w, https:\/\/wpvip.tgalpha.com\/wp-content\/uploads\/2025\/05\/exchange_1dfab3.webp?resize=234,300 234w\" sizes=\"auto, (max-width: 328px) 100vw, 328px\" \/><\/figure>\n\n\n\n<h3 class=\"wp-block-heading has-text-align-left slider__card-title is-style-h4-higher-header-style typo-fix has-blue-900-color has-text-color\">Cambio de divisas exclusivo en la aplicaci\u00f3n<\/h3>\n\n\n\n<p class=\"has-text-align-left slider__card-paragraph typo-fix has-bw-900-color has-text-color\">Aprovecha los tipos de cambio en tiempo real y convierte monedas entre saldos dentro de tu cuenta.<\/p>\n<\/div>\n<\/div>\n\n\n\n<div style=\"height:6px\" aria-hidden=\"true\" class=\"wp-block-spacer swiper-pagination\"><\/div>\n<\/div>\n\n\n\n<div class=\"wp-block-buttons slider__buttons-wrapper is-content-justification-center is-layout-flex wp-container-core-buttons-is-layout-a89b3969 wp-block-buttons-is-layout-flex\">\n<div class=\"wp-block-button slider__button is-style-button-with-arrow\"><a class=\"wp-block-button__link wp-element-button\" href=\"https:\/\/app.transfergo.com\/es\/register\" target=\"_blank\" rel=\"noopener\">Reg\u00edstrate gratis<\/a><\/div>\n<\/div>\n<\/div><\/section>\n\n\n\n<section class=\"wp-block-tg-scroll-pinned-cards scroll-pinned-cards container-fluid alignfull\" align=\"full\"><div class=\"container\">\n<h2 class=\"wp-block-heading has-text-align-center scroll-pinned-cards__title is-style-bold-header-style has-blue-900-color has-text-color\">\u00bfPor qu\u00e9 elegir la cuenta <br>multimoneda de TransferGo?<\/h2>\n\n\n\n<p class=\"has-text-align-center scroll-pinned-cards__paragraph has-blue-900-color has-text-color has-large-font-size\">Ofreciendo tanto IBANs de la UE como del GB, nuestra cuenta global es la opci\u00f3n perfecta para cualquiera que realice o reciba pagos regulares al extranjero, gestione activos a trav\u00e9s de fronteras, viaje frecuentemente\u2014o simplemente llame hogar a m\u00e1s de un lugar.<\/p>\n\n\n\n<div class=\"wp-block-group scroll-pinned-cards__cards-container is-layout-flow wp-block-group-is-layout-flow\">\n<div class=\"wp-block-tg-pinned-cards-repeater pinned-cards-repeater\">\n<div class=\"wp-block-tg-pinned-card-with-image pinned-card-with-image scroll-pinned-cards__card has-background-color\">\n<div class=\"wp-block-columns pinned-card-with-image__columns is-layout-flex wp-container-core-columns-is-layout-28f84493 wp-block-columns-is-layout-flex\">\n<div class=\"wp-block-column pinned-card-with-image__column pinned-card-with-image__column--left is-layout-flow wp-block-column-is-layout-flow\">\n<h3 class=\"wp-block-heading has-text-align-left pinned-card-with-image__card-heading is-style-bold-header-style has-blue-900-color has-text-color\">Haz que tu dinero rinda m\u00e1s<\/h3>\n\n\n\n<p class=\"has-text-align-left pinned-card-with-image__card-paragraph has-blue-900-color has-text-color has-large-font-size\">Con comisiones famosamente bajas, tipos de cambio competitivos\u2014y transferencias gratuitas de cuenta a cuenta\u2014nuestra cuenta en moneda extranjera te ofrece un valor serio.<\/p>\n<\/div>\n\n\n\n<div class=\"wp-block-column pinned-card-with-image__column pinned-card-with-image__column--right is-layout-flow wp-block-column-is-layout-flow\">\n<figure class=\"wp-block-image size-full pinned-card-with-image__card-image\"><img loading=\"lazy\" decoding=\"async\" width=\"998\" height=\"848\" src=\"https:\/\/wpvip.tgalpha.com\/fr\/wp-content\/uploads\/2025\/10\/card-image-0.webp\" alt=\"\" class=\"wp-image-720205\" srcset=\"https:\/\/wpvip.tgalpha.com\/wp-content\/uploads\/2025\/10\/card-image-0.webp 998w, https:\/\/wpvip.tgalpha.com\/wp-content\/uploads\/2025\/10\/card-image-0.webp?resize=300,255 300w, https:\/\/wpvip.tgalpha.com\/wp-content\/uploads\/2025\/10\/card-image-0.webp?resize=768,653 768w\" sizes=\"auto, (max-width: 998px) 100vw, 998px\" \/><\/figure>\n<\/div>\n<\/div>\n<\/div>\n\n\n\n<div class=\"wp-block-tg-pinned-card-with-image pinned-card-with-image scroll-pinned-cards__card has-background-color\">\n<div class=\"wp-block-columns pinned-card-with-image__columns is-layout-flex wp-container-core-columns-is-layout-28f84493 wp-block-columns-is-layout-flex\">\n<div class=\"wp-block-column pinned-card-with-image__column pinned-card-with-image__column--left is-layout-flow wp-block-column-is-layout-flow\">\n<h3 class=\"wp-block-heading has-text-align-left pinned-card-with-image__card-heading is-style-bold-header-style has-blue-900-color has-text-color\">Gestiona m\u00faltiples monedas desde el Reino Unido<\/h3>\n\n\n\n<p class=\"has-text-align-left pinned-card-with-image__card-paragraph has-blue-900-color has-text-color has-large-font-size\">No solo puedes mantener, recibir e intercambiar hasta cuatro monedas dentro de tu cuenta\u2014nuestro servicio de pago admite transferencias a m\u00e1s de 160 pa\u00edses.<\/p>\n<\/div>\n\n\n\n<div class=\"wp-block-column pinned-card-with-image__column pinned-card-with-image__column--right is-layout-flow wp-block-column-is-layout-flow\">\n<figure class=\"wp-block-image size-large pinned-card-with-image__card-image\"><img loading=\"lazy\" decoding=\"async\" height=\"775\" width=\"1024\" src=\"https:\/\/wpvip.tgalpha.com\/fr\/wp-content\/uploads\/2025\/10\/card-image-1.webp?resize=1024,775\" alt=\"\" class=\"wp-image-720217\" srcset=\"https:\/\/wpvip.tgalpha.com\/wp-content\/uploads\/2025\/10\/card-image-1.webp 1120w, https:\/\/wpvip.tgalpha.com\/wp-content\/uploads\/2025\/10\/card-image-1.webp?resize=300,227 300w, https:\/\/wpvip.tgalpha.com\/wp-content\/uploads\/2025\/10\/card-image-1.webp?resize=768,581 768w, https:\/\/wpvip.tgalpha.com\/wp-content\/uploads\/2025\/10\/card-image-1.webp?resize=1024,775 1024w\" sizes=\"auto, (max-width: 1024px) 100vw, 1024px\" \/><\/figure>\n<\/div>\n<\/div>\n<\/div>\n\n\n\n<div class=\"wp-block-tg-pinned-card-with-image pinned-card-with-image scroll-pinned-cards__card has-background-color\">\n<div class=\"wp-block-columns pinned-card-with-image__columns is-layout-flex wp-container-core-columns-is-layout-28f84493 wp-block-columns-is-layout-flex\">\n<div class=\"wp-block-column pinned-card-with-image__column pinned-card-with-image__column--left is-layout-flow wp-block-column-is-layout-flow\">\n<h3 class=\"wp-block-heading has-text-align-left pinned-card-with-image__card-heading is-style-bold-header-style has-blue-900-color has-text-color\">Experimenta transferencias instant\u00e1neas<\/h3>\n\n\n\n<p class=\"has-text-align-left pinned-card-with-image__card-paragraph has-blue-900-color has-text-color has-large-font-size\">\u00bfListo para velocidades de otro nivel? Los pagos internacionales son tan r\u00e1pidos como convenientes\u2014adem\u00e1s, disfruta de transferencias instant\u00e1neas a cualquier otra persona con una cuenta multimoneda de TransferGo.<\/p>\n<\/div>\n\n\n\n<div class=\"wp-block-column pinned-card-with-image__column pinned-card-with-image__column--right is-layout-flow wp-block-column-is-layout-flow\">\n<figure class=\"wp-block-image size-large pinned-card-with-image__card-image\"><img loading=\"lazy\" decoding=\"async\" height=\"740\" width=\"1024\" src=\"https:\/\/wpvip.tgalpha.com\/es\/wp-content\/uploads\/2025\/10\/es-card.webp?resize=1024,740\" alt=\"\" class=\"wp-image-720416\" srcset=\"https:\/\/wpvip.tgalpha.com\/wp-content\/uploads\/2025\/10\/es-card.webp 1218w, https:\/\/wpvip.tgalpha.com\/wp-content\/uploads\/2025\/10\/es-card.webp?resize=300,217 300w, https:\/\/wpvip.tgalpha.com\/wp-content\/uploads\/2025\/10\/es-card.webp?resize=768,555 768w, https:\/\/wpvip.tgalpha.com\/wp-content\/uploads\/2025\/10\/es-card.webp?resize=1024,740 1024w\" sizes=\"auto, (max-width: 1024px) 100vw, 1024px\" \/><\/figure>\n<\/div>\n<\/div>\n<\/div>\n\n\n\n<div class=\"wp-block-tg-pinned-card-with-image pinned-card-with-image scroll-pinned-cards__card has-background-color\">\n<div class=\"wp-block-columns pinned-card-with-image__columns is-layout-flex wp-container-core-columns-is-layout-28f84493 wp-block-columns-is-layout-flex\">\n<div class=\"wp-block-column pinned-card-with-image__column pinned-card-with-image__column--left is-layout-flow wp-block-column-is-layout-flow\">\n<h3 class=\"wp-block-heading has-text-align-left pinned-card-with-image__card-heading is-style-bold-header-style has-blue-900-color has-text-color\">Asegura seguridad de nivel bancario<\/h3>\n\n\n\n<p class=\"has-text-align-left pinned-card-with-image__card-paragraph has-blue-900-color has-text-color has-large-font-size\">Tu dinero est\u00e1 protegido, en cada paso del camino, gracias a medidas y protocolos de seguridad de \u00faltima generaci\u00f3n.<br><br>Y porque cumplimos con todos los requisitos regulatorios, cada transferencia est\u00e1 protegida hasta el pago.<\/p>\n<\/div>\n\n\n\n<div class=\"wp-block-column pinned-card-with-image__column pinned-card-with-image__column--right is-layout-flow wp-block-column-is-layout-flow\">\n<figure class=\"wp-block-image size-large pinned-card-with-image__card-image\"><img loading=\"lazy\" decoding=\"async\" height=\"740\" width=\"1024\" src=\"https:\/\/wpvip.tgalpha.com\/fr\/wp-content\/uploads\/2025\/10\/card-image-3.webp?resize=1024,740\" alt=\"\" class=\"wp-image-720241\" srcset=\"https:\/\/wpvip.tgalpha.com\/wp-content\/uploads\/2025\/10\/card-image-3.webp 1251w, https:\/\/wpvip.tgalpha.com\/wp-content\/uploads\/2025\/10\/card-image-3.webp?resize=300,217 300w, https:\/\/wpvip.tgalpha.com\/wp-content\/uploads\/2025\/10\/card-image-3.webp?resize=768,555 768w, https:\/\/wpvip.tgalpha.com\/wp-content\/uploads\/2025\/10\/card-image-3.webp?resize=1024,740 1024w\" sizes=\"auto, (max-width: 1024px) 100vw, 1024px\" \/><\/figure>\n<\/div>\n<\/div>\n<\/div>\n\n\n\n<div class=\"wp-block-tg-pinned-card-with-image pinned-card-with-image scroll-pinned-cards__card has-background-color\">\n<div class=\"wp-block-columns pinned-card-with-image__columns is-layout-flex wp-container-core-columns-is-layout-28f84493 wp-block-columns-is-layout-flex\">\n<div class=\"wp-block-column pinned-card-with-image__column pinned-card-with-image__column--left is-layout-flow wp-block-column-is-layout-flow\">\n<h3 class=\"wp-block-heading has-text-align-left pinned-card-with-image__card-heading is-style-bold-header-style has-blue-900-color has-text-color\">Con\u00e9ctate con expertos en atenci\u00f3n al cliente<\/h3>\n\n\n\n<p class=\"has-text-align-left pinned-card-with-image__card-paragraph has-blue-900-color has-text-color has-large-font-size\">Si alguna vez necesitas comunicarte, nuestro equipo de soporte estelar es receptivo, profesional\u2014\u00a1y domina nueve idiomas!<\/p>\n<\/div>\n\n\n\n<div class=\"wp-block-column pinned-card-with-image__column pinned-card-with-image__column--right is-layout-flow wp-block-column-is-layout-flow\">\n<figure class=\"wp-block-image size-large pinned-card-with-image__card-image\"><img loading=\"lazy\" decoding=\"async\" height=\"740\" width=\"1024\" src=\"https:\/\/wpvip.tgalpha.com\/fr\/wp-content\/uploads\/2025\/10\/card-image-4.webp?resize=1024,740\" alt=\"\" class=\"wp-image-720253\" srcset=\"https:\/\/wpvip.tgalpha.com\/wp-content\/uploads\/2025\/10\/card-image-4.webp 1309w, https:\/\/wpvip.tgalpha.com\/wp-content\/uploads\/2025\/10\/card-image-4.webp?resize=300,217 300w, https:\/\/wpvip.tgalpha.com\/wp-content\/uploads\/2025\/10\/card-image-4.webp?resize=768,555 768w, https:\/\/wpvip.tgalpha.com\/wp-content\/uploads\/2025\/10\/card-image-4.webp?resize=1024,740 1024w\" sizes=\"auto, (max-width: 1024px) 100vw, 1024px\" \/><\/figure>\n<\/div>\n<\/div>\n<\/div>\n<\/div>\n<\/div>\n<\/div><\/section>\n\n\n\n<section class=\"wp-block-tg-banner-with-two-cards banner-with-two-cards container-fluid alignfull\" align=\"full\"><div class=\"container\">\n<div class=\"wp-block-columns banner-with-two-cards__columns is-layout-flex wp-container-core-columns-is-layout-28f84493 wp-block-columns-is-layout-flex\">\n<div class=\"wp-block-column banner-with-two-cards__column banner-with-two-cards__column--right has-blue-500-background-color has-background is-layout-flow wp-block-column-is-layout-flow\">\n<h2 class=\"wp-block-heading has-text-align-left banner-with-two-cards__card-heading typo-fix is-style-bold-header-style has-bw-100-color has-text-color\">\u00bfListo para abrir tu cuenta multidivisa?<\/h2>\n\n\n\n<p class=\"has-text-align-left banner-with-two-cards__card-paragraph typo-fix has-bw-100-color has-text-color\">Es hora de aprovechar todas las herramientas y caracter\u00edsticas financieras que cambian el juego. Y recuerda: configurar y mantener una cuenta es gratis, \u00a1lo que significa que no tienes nada que perder!<\/p>\n\n\n\n<figure class=\"wp-block-image banner-with-two-cards__card-image banner-with-two-cards__card-image--right-column\"><img decoding=\"async\" src=\"https:\/\/wpvip.tgalpha.com\/wp-content\/plugins\/transfergo-blocks\/assets\/img\/banner-with-two-cards\/coins.svg\" alt=\"\"\/><\/figure>\n\n\n\n<div class=\"wp-block-buttons banner-with-two-cards__card-buttons is-layout-flex wp-block-buttons-is-layout-flex\">\n<div class=\"wp-block-button is-style-button-with-arrow\"><a class=\"wp-block-button__link wp-element-button\" href=\"https:\/\/app.transfergo.com\/es\/register\" target=\"_blank\" rel=\"noopener\">Abre una cuenta<\/a><\/div>\n<\/div>\n<\/div>\n\n\n\n<div class=\"wp-block-column banner-with-two-cards__column banner-with-two-cards__column--left has-bw-250-background-color has-background is-layout-flow wp-block-column-is-layout-flow\">\n<h2 class=\"wp-block-heading has-text-align-left banner-with-two-cards__card-heading typo-fix is-style-bold-header-style has-bw-900-color has-text-color\">Con la confianza de millones en todo el mundo<\/h2>\n\n\n\n<p class=\"has-text-align-left banner-with-two-cards__card-paragraph typo-fix has-bw-900-color has-text-color\">Durante m\u00e1s de una d\u00e9cada, TransferGo ha hecho que los servicios financieros sean m\u00e1s r\u00e1pidos, sencillos, m\u00e1s asequibles y m\u00e1s accesibles para aquellos que m\u00e1s los necesitan.<\/p>\n\n\n\n<figure class=\"wp-block-image banner-with-two-cards__card-image banner-with-two-cards__card-image--left-column\"><img decoding=\"async\" src=\"https:\/\/wpvip.tgalpha.com\/wp-content\/plugins\/transfergo-blocks\/assets\/img\/banner-with-two-cards\/portraits-with-decorations.webp\" alt=\"\"\/><\/figure>\n\n\n\n\n<div class=\"wp-block-button button-fca\"><button type=\"button\" class=\"wp-block-button__link wp-element-button\">Seguro y autorizado por la FCA<\/button><\/div>\n\n<\/div>\n<\/div>\n<\/div><\/section>\n\n\n\n<section class=\"wp-block-tg-faqs-accordion faqs-accordion container-fluid alignfull\" align=\"full\"><div class=\"container\">\n<h2 class=\"wp-block-heading has-text-align-center faqs-accordion__heading is-style-h3-higher-header-style has-blue-900-color has-text-color\">Preguntas frecuentes<\/h2>\n\n\n\n<details class=\"wp-block-tg-faqs-accordion-item faqs-accordion-item open\" open><summary class=\"faqs-accordion-item__question is-style-h6-higher-header-style\">\u00bfC\u00f3mo abro una cuenta multidivisa?<\/summary><div class=\"faqs-accordion-item__height-wrapper\"><div class=\"faqs-accordion-item__content-wrapper\">\n<p>Crear una cuenta es r\u00e1pido y f\u00e1cil.<br><br>Ve a nuestra p\u00e1gina de registro y sigue las instrucciones. Ten a mano alguna forma de identificaci\u00f3n, ya que necesitaremos verificar tu identidad (esto es una pr\u00e1ctica est\u00e1ndar para todos los proveedores de servicios financieros y ayuda a mantener nuestra plataforma segura).<\/p>\n<\/div><\/div><\/details>\n\n\n\n<details class=\"wp-block-tg-faqs-accordion-item faqs-accordion-item\"><summary class=\"faqs-accordion-item__question is-style-h6-higher-header-style\">\u00bfQu\u00e9 monedas est\u00e1n disponibles en la cuenta multidivisa de TransferGo?<\/summary><div class=\"faqs-accordion-item__height-wrapper\"><div class=\"faqs-accordion-item__content-wrapper\">\n<p>Actualmente ofrecemos cuatro monedas: GBP, EUR, PLN y RON, con m\u00e1s opciones pr\u00f3ximamente.<br><br>Desde cada saldo, puedes enviar dinero, recibir pagos y cambiar divisas.<\/p>\n<\/div><\/div><\/details>\n\n\n\n<details class=\"wp-block-tg-faqs-accordion-item faqs-accordion-item\"><summary class=\"faqs-accordion-item__question is-style-h6-higher-header-style\">\u00bfHay comisiones por mantener m\u00faltiples monedas?<\/summary><div class=\"faqs-accordion-item__height-wrapper\"><div class=\"faqs-accordion-item__content-wrapper\">\n<p>No, es gratis mantener tantas monedas como desees. Las comisiones solo se aplican cuando realizas una transacci\u00f3n, y siempre se muestran por adelantado.<\/p>\n<\/div><\/div><\/details>\n\n\n\n<details class=\"wp-block-tg-faqs-accordion-item faqs-accordion-item\"><summary class=\"faqs-accordion-item__question is-style-h6-higher-header-style\">\u00bfC\u00f3mo cambio divisas en una cuenta multidivisa?<\/summary><div class=\"faqs-accordion-item__height-wrapper\"><div class=\"faqs-accordion-item__content-wrapper\">\n<p>Exchanging currencies is simple. Go to your account via our app or Cambiar divisas es sencillo. Ve a tu cuenta a trav\u00e9s de nuestra aplicaci\u00f3n o sitio web y selecciona &#8216;convertir&#8217; en el saldo de la moneda que deseas cambiar.<br><br>Ver\u00e1s el tipo de cambio en vivo y la cantidad de dinero que obtendr\u00e1s con el cambio. Si est\u00e1s conforme, adelante y confirma.<\/p>\n<\/div><\/div><\/details>\n\n\n\n<details class=\"wp-block-tg-faqs-accordion-item faqs-accordion-item\"><summary class=\"faqs-accordion-item__question is-style-h6-higher-header-style\">\u00bfCu\u00e1les son los tipos de cambio y comisiones por convertir divisas?<\/summary><div class=\"faqs-accordion-item__height-wrapper\"><div class=\"faqs-accordion-item__content-wrapper\">\n<p>Aunque variables, los tipos de cambio de TransferGo est\u00e1n consistentemente entre los mejores disponibles.<br><br>Las comisiones aplicables tambi\u00e9n dependen del m\u00e9todo de pago (por ejemplo, los pagos de una cuenta de TransferGo a otra no incurren en comisiones).<\/p>\n<\/div><\/div><\/details>\n\n\n\n<details class=\"wp-block-tg-faqs-accordion-item faqs-accordion-item\"><summary class=\"faqs-accordion-item__question is-style-h6-higher-header-style\">\u00bfC\u00f3mo se procesar\u00e1n mis datos personales?<\/summary><div class=\"faqs-accordion-item__height-wrapper\"><div class=\"faqs-accordion-item__content-wrapper\">\n<p>Tu seguridad es nuestra m\u00e1xima prioridad. Para un desglose detallado de c\u00f3mo manejamos tus datos personales, por favor revisa nuestra pol\u00edtica de privacidad.<br><br>Y si tienes m\u00e1s preguntas, no dudes en contactarnos: <a href=\"mailto:dpo@transfergo.com\">dpo@transfergo.com<\/a><\/p>\n<\/div><\/div><\/details>\n<\/div><\/section>\n","protected":false},"excerpt":{"rendered":"","protected":false},"author":7,"featured_media":0,"parent":0,"menu_order":0,"comment_status":"closed","ping_status":"closed","template":"","meta":{"hideMenuColor":false,"footnotes":""},"class_list":["post-238719","page","type-page","status-publish","hentry"],"jetpack_sharing_enabled":true,"hideMenuColor":"","_links":{"self":[{"href":"https:\/\/wpvip.tgalpha.com\/es\/wp-json\/wp\/v2\/pages\/238719","targetHints":{"allow":["GET"]}}],"collection":[{"href":"https:\/\/wpvip.tgalpha.com\/es\/wp-json\/wp\/v2\/pages"}],"about":[{"href":"https:\/\/wpvip.tgalpha.com\/es\/wp-json\/wp\/v2\/types\/page"}],"author":[{"embeddable":true,"href":"https:\/\/wpvip.tgalpha.com\/es\/wp-json\/wp\/v2\/users\/7"}],"replies":[{"embeddable":true,"href":"https:\/\/wpvip.tgalpha.com\/es\/wp-json\/wp\/v2\/comments?post=238719"}],"version-history":[{"count":6,"href":"https:\/\/wpvip.tgalpha.com\/es\/wp-json\/wp\/v2\/pages\/238719\/revisions"}],"predecessor-version":[{"id":720428,"href":"https:\/\/wpvip.tgalpha.com\/es\/wp-json\/wp\/v2\/pages\/238719\/revisions\/720428"}],"wp:attachment":[{"href":"https:\/\/wpvip.tgalpha.com\/es\/wp-json\/wp\/v2\/media?parent=238719"}],"curies":[{"name":"wp","href":"https:\/\/api.w.org\/{rel}","templated":true}]}}