{"id":1401,"date":"2022-08-20T08:01:05","date_gmt":"2022-08-20T08:01:05","guid":{"rendered":"https:\/\/transfergo.wpengine.com\/refer-a-friend"},"modified":"2026-02-23T09:12:53","modified_gmt":"2026-02-23T09:12:53","slug":"invita-a-un-amigo","status":"publish","type":"page","link":"https:\/\/wpvip.tgalpha.com\/es\/invita-a-un-amigo","title":{"rendered":"Invita a un amigo"},"content":{"rendered":"\n<section class=\"wp-block-tg-hero-refer-a-friend hero-refer-a-friend container-fluid alignfull\" align=\"full\"><div class=\"container\">\n<div class=\"wp-block-columns hero-refer-a-friend__columns is-layout-flex wp-container-core-columns-is-layout-28f84493 wp-block-columns-is-layout-flex\">\n<div class=\"wp-block-column hero-refer-a-friend__column is-layout-flow wp-block-column-is-layout-flow\">\n<h1 class=\"wp-block-heading hero-refer-a-friend__title is-style-default\">Invita a amigos, gana dinero.<\/h1>\n\n\n\n<p class=\"hero-refer-a-friend__subtitle has-large-font-size\">Consigue 20\u20ac* por cada persona que invites a TransferGo \u2013 y gana cientos de \u20ac cada mes!<\/p>\n\n\n\n<p class=\"hero-refer-a-friend__text has-bw-700-color has-text-color has-medium-font-size\">*Monedas y cantidades pueden variar. Vea nuestra actual oferta y t\u00e9rminos actualizados <a href=\"https:\/\/wpvip.tgalpha.com\/es\/terminos-y-condiciones\/programa-invita-a-un-amigo\">ac\u00e1<\/a>.<\/p>\n\n\n\n<div class=\"wp-block-button hero-refer-a-friend__button is-style-button-with-arrow\"><a class=\"wp-block-button__link wp-element-button\" href=\"https:\/\/app.transfergo.com\/es\/register\" target=\"_blank\" rel=\"noopener\">Empezar a invitar<\/a><\/div>\n<\/div>\n\n\n\n<div class=\"wp-block-column hero-refer-a-friend__column hero-refer-a-friend__column--images is-layout-flow wp-block-column-is-layout-flow\">\n<figure class=\"wp-block-image hero-refer-a-friend__image\"><img decoding=\"async\" src=\"https:\/\/wpvip.tgalpha.com\/wp-content\/plugins\/transfergo-blocks\/assets\/img\/hero-refer-a-friend\/hero-refer-a-friend-image-male.webp\" alt=\"\"\/><\/figure>\n\n\n\n<figure class=\"wp-block-image hero-refer-a-friend__image\"><img decoding=\"async\" src=\"https:\/\/wpvip.tgalpha.com\/wp-content\/plugins\/transfergo-blocks\/assets\/img\/hero-refer-a-friend\/hero-refer-a-friend-image-female.webp\" alt=\"\"\/><\/figure>\n<\/div>\n<\/div>\n<\/div><\/section>\n\n\n\n<section class=\"wp-block-tg-how-do-i-invite how-do-i-invite container-fluid alignfull has-blue-900-background-color has-background\" align=\"full\"><div class=\"container\">\n<h2 class=\"wp-block-heading has-text-align-center how-do-i-invite__title is-style-h3-higher-header-style has-bw-100-color has-text-color\">\u00bfC\u00f3mo invito a mis amigos?<\/h2>\n\n\n\n<h6 class=\"wp-block-heading has-text-align-center how-do-i-invite__subtitle has-bw-100-color has-text-color\">Es f\u00e1cil \u2013 sigue estos 3 simples pasos&#8230;<\/h6>\n\n\n\n<div class=\"wp-block-columns how-do-i-invite__columns is-layout-flex wp-container-core-columns-is-layout-28f84493 wp-block-columns-is-layout-flex\">\n<div class=\"wp-block-column how-do-i-invite__column is-layout-flow wp-block-column-is-layout-flow\">\n<figure class=\"wp-block-image aligncenter is-resized how-do-i-invite__column-image\"><img decoding=\"async\" src=\"https:\/\/wpvip.tgalpha.com\/wp-content\/plugins\/transfergo-blocks\/assets\/img\/how-do-i-invite-icon-0.svg\" alt=\"\" style=\"width:56;height:56\"\/><\/figure>\n\n\n\n<h3 class=\"wp-block-heading has-text-align-center t2 how-do-i-invite__column-title is-style-h6-higher-header-style has-bw-100-color has-text-color\"><strong>1. Encuentra<\/strong><\/h3>\n\n\n\n<p class=\"has-text-align-center how-do-i-invite__column-subtitle has-bw-100-color has-text-color has-medium-font-size\">Encuentra tu c\u00f3digo de invitaci\u00f3n. Est\u00e1 en la secci\u00f3n \u201cInvitar\u201d de tu cuenta.<\/p>\n<\/div>\n\n\n\n<div class=\"wp-block-column how-do-i-invite__column is-layout-flow wp-block-column-is-layout-flow\">\n<figure class=\"wp-block-image aligncenter is-resized how-do-i-invite__column-image\"><img decoding=\"async\" src=\"https:\/\/wpvip.tgalpha.com\/wp-content\/plugins\/transfergo-blocks\/assets\/img\/how-do-i-invite-icon-1.svg\" alt=\"\" style=\"width:56;height:56\"\/><\/figure>\n\n\n\n<h3 class=\"wp-block-heading has-text-align-center t2 how-do-i-invite__column-title is-style-h6-higher-header-style has-bw-100-color has-text-color\"><strong>2. Comparte<\/strong><\/h3>\n\n\n\n<p class=\"has-text-align-center how-do-i-invite__column-subtitle has-bw-100-color has-text-color has-medium-font-size\">Comparte tu c\u00f3digo de invitaci\u00f3n por mensaje de texto, whatsapp o redes sociales. Ellos necesitar\u00e1n copiarlo.<\/p>\n<\/div>\n\n\n\n<div class=\"wp-block-column how-do-i-invite__column is-layout-flow wp-block-column-is-layout-flow\">\n<figure class=\"wp-block-image aligncenter is-resized how-do-i-invite__column-image\"><img decoding=\"async\" src=\"https:\/\/wpvip.tgalpha.com\/wp-content\/plugins\/transfergo-blocks\/assets\/img\/how-do-i-invite-icon-2.svg\" alt=\"\" style=\"width:56;height:56\"\/><\/figure>\n\n\n\n<h3 class=\"wp-block-heading has-text-align-center t2 how-do-i-invite__column-title is-style-h6-higher-header-style has-bw-100-color has-text-color\"><strong>3. Colabora<\/strong><\/h3>\n\n\n\n<p class=\"has-text-align-center how-do-i-invite__column-subtitle has-bw-100-color has-text-color has-medium-font-size\">Ayuda a tus amigos a registrarse y empezar a transferir. T\u00fa&nbsp; recibir\u00e1s 20\u20ac por cada uno de ellos!<\/p>\n<\/div>\n<\/div>\n\n\n\n<div class=\"wp-block-button how-do-i-invite__button is-style-button-with-arrow-light\"><a class=\"wp-block-button__link wp-element-button\" href=\"https:\/\/app.transfergo.com\/es\/register\" target=\"_blank\" rel=\"noopener\">Empezar a ganar<\/a><\/div>\n<\/div><\/section>\n\n\n\n<section class=\"wp-block-tg-text-and-image-with-icons text-and-image-with-icons container-fluid alignfull\"><div class=\"container\">\n<div class=\"wp-block-columns text-and-image-with-icons__columns is-layout-flex wp-container-core-columns-is-layout-28f84493 wp-block-columns-is-layout-flex\">\n<div class=\"wp-block-column text-and-image-with-icons__column is-layout-flow wp-block-column-is-layout-flow\">\n<h2 class=\"wp-block-heading text-and-image-with-icons__heading has-blue-900-color has-text-color\">Compartir es ganar<\/h2>\n\n\n\n<p class=\"text-and-image-with-icons__paragraph has-blue-900-color has-text-color has-medium-font-size\">Comparte tu c\u00f3digo de invitaci\u00f3n por todos lados! Por mensaje de texto, Whatsapp o redes sociales. Luego cu\u00e9ntale a la gente sobre nuestras r\u00e1pidas y sencillas transferencias, nuestras excelentes tarifas y que f\u00e1cil es su uso.<br><br>Una vez que ellos env\u00eden 100\u20ac en otra moneda, a otra persona que se encuentre en el extranjero, la recompensa ser\u00e1 tuya!<\/p>\n<\/div>\n\n\n\n<div class=\"wp-block-column text-and-image-with-icons__column text-and-image-with-icons__column--image is-layout-flow wp-block-column-is-layout-flow\">\n<figure class=\"wp-block-image text-and-image-with-icons__image\"><img decoding=\"async\" src=\"https:\/\/wpvip.tgalpha.com\/wp-content\/plugins\/transfergo-blocks\/assets\/img\/text-and-image-with-icons.webp\" alt=\"Talking people\"\/><\/figure>\n\n\n\n<figure class=\"wp-block-image text-and-image-with-icons__icon text-and-image-with-icons__icon--facebook\"><img decoding=\"async\" src=\"https:\/\/wpvip.tgalpha.com\/wp-content\/plugins\/transfergo-blocks\/assets\/icons\/facebook.svg\" alt=\"Facebook\"\/><\/figure>\n\n\n\n<figure class=\"wp-block-image text-and-image-with-icons__icon text-and-image-with-icons__icon--messenger\"><img decoding=\"async\" src=\"https:\/\/wpvip.tgalpha.com\/wp-content\/plugins\/transfergo-blocks\/assets\/icons\/messenger.svg\" alt=\"Messenger\"\/><\/figure>\n\n\n\n<figure class=\"wp-block-image text-and-image-with-icons__icon text-and-image-with-icons__icon--whatsapp\"><img decoding=\"async\" src=\"https:\/\/wpvip.tgalpha.com\/wp-content\/plugins\/transfergo-blocks\/assets\/icons\/whatsapp.svg\" alt=\"WhatsApp\"\/><\/figure>\n\n\n\n<figure class=\"wp-block-image text-and-image-with-icons__icon text-and-image-with-icons__icon--x\"><img decoding=\"async\" src=\"https:\/\/wpvip.tgalpha.com\/wp-content\/plugins\/transfergo-blocks\/assets\/icons\/X.svg\" alt=\"X\"\/><\/figure>\n<\/div>\n<\/div>\n<\/div><\/section>\n\n\n\n<section class=\"wp-block-tg-text-on-image text-on-image container-fluid alignfull\"><div class=\"container\">\n<figure class=\"wp-block-image text-on-image__background-image\"><img decoding=\"async\" src=\"https:\/\/wpvip.tgalpha.com\/wp-content\/plugins\/transfergo-blocks\/assets\/img\/text-on-image-background.webp\" alt=\"Transfergo Background Image\"\/><\/figure>\n\n\n\n<div class=\"wp-block-group text-on-image__content is-layout-flex wp-block-group-is-layout-flex\">\n<h2 class=\"wp-block-heading has-text-align-left text-on-image__title has-bw-100-color has-text-color\">\u00a1Todos salen ganando!<\/h2>\n\n\n\n<p class=\"text-on-image__text has-bw-100-color has-text-color has-medium-font-size\">Ellos realizan de manera instant\u00e1nea transferencias de dinero, a estupendas tasas y bajas tarifas. <br><br>T\u00fa obtienes 20\u20ac* cada vez que alguien se registra con tu c\u00f3digo de invitaci\u00f3n y env\u00eda 100\u20ac a otro pa\u00eds extranjero.<br><br>Con TransferGo, todos ganan.<\/p>\n\n\n\n<p class=\"text-on-image__remark has-bw-100-color has-text-color has-small-font-size\">* Monedas y cantidades pueden variar.<\/p>\n<\/div>\n<\/div><\/section>\n\n\n\n<section class=\"wp-block-tg-click-and-collect click-and-collect container-fluid alignfull\" align=\"full\"><div class=\"container\">\n<h2 class=\"wp-block-heading has-text-align-center click-and-collect__title is-style-h3-higher-header-style has-blue-900-color has-text-color\">Haz clic y retira \u2014<mark class=\"has-inline-color has-blue-500-color\"> asi de sencillo.<\/mark><\/h2>\n\n\n\n<p class=\"has-text-align-center click-and-collect__subtitle has-bw-700-color has-text-color has-medium-font-size\">Tu recompensa se carga autom\u00e1ticamente a tu cuenta de TransferGo, solo necesitar\u00e1s entrar a ella para retirarla.<\/p>\n\n\n\n<div class=\"wp-block-button click-and-collect__button is-style-button-with-arrow\"><a class=\"wp-block-button__link wp-element-button\" href=\"https:\/\/app.transfergo.com\/es\/register\" target=\"_blank\" rel=\"noopener\">Empezar a invitar<\/a><\/div>\n\n\n\n<div class=\"wp-block-group click-and-collect__animation is-layout-flow wp-block-group-is-layout-flow\">\n<p class=\"has-text-align-left click-and-collect__animation-text has-blue-900-color has-text-color has-medium-font-size\">Haz clic en \u00abRECOGER MI RECOMPENSA\u00bb en la secci\u00f3n \u00abInvitar\u00bb de tu cuenta y rellena los datos.<\/p>\n<\/div>\n<\/div><\/section>\n\n\n\n<section class=\"wp-block-tg-faqs-accordion faqs-accordion container-fluid alignfull\" align=\"full\"><div class=\"container\">\n<h2 class=\"wp-block-heading has-text-align-center faqs-accordion__heading is-style-h3-higher-header-style has-blue-900-color has-text-color\">Preguntas frecuentes<\/h2>\n\n\n\n<details class=\"wp-block-tg-faqs-accordion-item faqs-accordion-item\"><summary class=\"faqs-accordion-item__question is-style-h6-higher-header-style\">\u00bfCu\u00e1l es el programa de referidos de TransferGo?<\/summary><div class=\"faqs-accordion-item__height-wrapper\"><div class=\"faqs-accordion-item__content-wrapper\">\n<p>TransferGo te paga 20\u20ac (o su equivalente) cada vez que alguien se una a TransferGo usando tu c\u00f3digo de invitaci\u00f3n \u00fanico, y env\u00ede m\u00e1s de 100\u20ac internacionalmente en los primeros seis meses. <br><br>A veces el programa var\u00eda, con recompensas que van hasta 30\u20ac o incluso 50\u20ac por algunos referridos.<\/p>\n<\/div><\/div><\/details>\n\n\n\n<details class=\"wp-block-tg-faqs-accordion-item faqs-accordion-item\"><summary class=\"faqs-accordion-item__question is-style-h6-higher-header-style\">\u00bfCu\u00e1nto dinero puedo ganar con el programa?<\/summary><div class=\"faqs-accordion-item__height-wrapper\"><div class=\"faqs-accordion-item__content-wrapper\">\n<p>Puedes ganar tanto como quieras. Los que m\u00e1s ganan obtienen varios miles de euros cada mes, ya que invitan a cientos de personas en sus canales de redes sociales.<\/p>\n<\/div><\/div><\/details>\n\n\n\n<details class=\"wp-block-tg-faqs-accordion-item faqs-accordion-item\"><summary class=\"faqs-accordion-item__question is-style-h6-higher-header-style\">\u00bfC\u00f3mo funciona el programa de referidos de TransferGo?<\/summary><div class=\"faqs-accordion-item__height-wrapper\"><div class=\"faqs-accordion-item__content-wrapper\">\n<p>TransferGo te proporciona tu propio c\u00f3digo de invitaci\u00f3n \u00fanico cuando te registras. As\u00ed que cada vez que alguien nuevo ingresa ese c\u00f3digo al registrarse en TransferGo, t\u00fa cobras (una vez que hayan realizado las transferencias &#8216;calificadas&#8217; internacionalmente).<\/p>\n<\/div><\/div><\/details>\n\n\n\n<details class=\"wp-block-tg-faqs-accordion-item faqs-accordion-item\"><summary class=\"faqs-accordion-item__question is-style-h6-higher-header-style\">\u00bfC\u00f3mo califico para la recompensa?<\/summary><div class=\"faqs-accordion-item__height-wrapper\"><div class=\"faqs-accordion-item__content-wrapper\">\n<p>Siempre y cuando cumplas con nuestros t\u00e9rminos y condiciones del programa de referidos, calificas. Hay un enlace a ellos en la parte superior de esta p\u00e1gina.<br><br>Las reglas b\u00e1sicas son que necesitas referir a alguien que no seas t\u00fa, que no te haya referido a ti, y sus transferencias deben ser internacionales, a otra persona y moneda, y sumar el equivalente a 100\u20ac.<br><\/p>\n<\/div><\/div><\/details>\n\n\n\n<details class=\"wp-block-tg-faqs-accordion-item faqs-accordion-item\"><summary class=\"faqs-accordion-item__question is-style-h6-higher-header-style\">\u00bfD\u00f3nde encuentro mi c\u00f3digo de invitaci\u00f3n de TransferGo?<\/summary><div class=\"faqs-accordion-item__height-wrapper\"><div class=\"faqs-accordion-item__content-wrapper\">\n<p>Tu c\u00f3digo de invitaci\u00f3n est\u00e1 en tu aplicaci\u00f3n de TransferGo. Solo ve a la secci\u00f3n &#8216;Inicio&#8217; de la aplicaci\u00f3n y busca el banner que menciona ganar una recompensa. O puedes tocar el men\u00fa en la parte superior izquierda, luego tocar &#8216;Ganancias&#8217; y encontrarlo de esa manera.<br><br>Si est\u00e1s conectado en la web, simplemente encuentra la secci\u00f3n &#8216;Invitar y Ganar&#8217; en el margen izquierdo. Ver\u00e1s tu enlace de invitaci\u00f3n, que puedes copiar, pegar y enviar donde quieras.<br><\/p>\n<\/div><\/div><\/details>\n\n\n\n<details class=\"wp-block-tg-faqs-accordion-item faqs-accordion-item\"><summary class=\"faqs-accordion-item__question is-style-h6-higher-header-style\">\u00bfTienen que ser mis amigos?<\/summary><div class=\"faqs-accordion-item__height-wrapper\"><div class=\"faqs-accordion-item__content-wrapper\">\n<p>Pueden ser amigos, conocidos, miembros de la familia o completos desconocidos. Siempre y cuando utilicen tu c\u00f3digo de invitaci\u00f3n para registrarse, los contaremos como tus amigos.<\/p>\n<\/div><\/div><\/details>\n\n\n\n<details class=\"wp-block-tg-faqs-accordion-item faqs-accordion-item\"><summary class=\"faqs-accordion-item__question is-style-h6-higher-header-style\">\u00bfCu\u00e1l es el l\u00edmite de cu\u00e1nto puedo ganar?<\/summary><div class=\"faqs-accordion-item__height-wrapper\"><div class=\"faqs-accordion-item__content-wrapper\">\n<p>No hay l\u00edmite. Obtienes 20\u20ac (o su equivalente) cada vez que alguien que no seas t\u00fa use tu c\u00f3digo de invitaci\u00f3n para unirse a TransferGo, tan pronto como hayan enviado sus primeros 100\u20ac internacionalmente a otra moneda y a otra persona. Por supuesto, necesitan cumplir con nuestros T\u00e9rminos y Condiciones.<\/p>\n<\/div><\/div><\/details>\n\n\n\n<details class=\"wp-block-tg-faqs-accordion-item faqs-accordion-item\"><summary class=\"faqs-accordion-item__question is-style-h6-higher-header-style\">\u00bfPor qu\u00e9 no he recibido mi recompensa por un amigo que se registr\u00f3?<\/summary><div class=\"faqs-accordion-item__height-wrapper\"><div class=\"faqs-accordion-item__content-wrapper\">\n<p>Todav\u00eda necesitan comenzar a usar nuestra aplicaci\u00f3n. Definimos esto como enviar 100\u20ac o m\u00e1s a otra persona, en otra moneda y pa\u00eds, en sus primeros seis meses.&nbsp;<\/p>\n<\/div><\/div><\/details>\n\n\n\n<details class=\"wp-block-tg-faqs-accordion-item faqs-accordion-item\"><summary class=\"faqs-accordion-item__question is-style-h6-higher-header-style\">\u00bfTransferGo es seguro y confiable?<\/summary><div class=\"faqs-accordion-item__height-wrapper\"><div class=\"faqs-accordion-item__content-wrapper\">\n<p>\u00a18 millones de clientes parecen pensar que s\u00ed! Puedes verificar nuestras rese\u00f1as en Trustpilot, buscarnos en l\u00ednea y leer sobre nosotros en publicaciones importantes de todo el mundo, si necesitas m\u00e1s tranquilidad.<\/p>\n<\/div><\/div><\/details>\n\n\n\n<details class=\"wp-block-tg-faqs-accordion-item faqs-accordion-item\"><summary class=\"faqs-accordion-item__question is-style-h6-higher-header-style\">\u00bfC\u00f3mo puedo ganar dinero en l\u00ednea refiriendo amigos?<\/summary><div class=\"faqs-accordion-item__height-wrapper\"><div class=\"faqs-accordion-item__content-wrapper\">\n<p>Empieza con amigos y familiares, pero no tengas miedo de difundir el mensaje en tus redes sociales. Tu c\u00f3digo de invitaci\u00f3n no puede ser &#8216;robado&#8217;. Solo puede ser usado para que ganes dinero.<\/p>\n<\/div><\/div><\/details>\n<\/div><\/section>\n\n\n\n<section class=\"wp-block-tg-make-faster-transfers make-faster-transfers container-fluid\" data-subtitle=\"Escanea para descargar la aplicaci\u00f3n TransferGo\"><div class=\"container\">\n<h3 class=\"wp-block-heading has-text-align-left make-faster-transfers__title has-blue-900-color has-text-color\">Haz transferencias de manera r\u00e1pida y a precios accesibles\u2014 desc\u00e1rgate la app de TransferGo!<\/h3>\n\n\n\n<div class=\"wp-block-group make-faster-transfers__badges is-layout-flex wp-block-group-is-layout-flex\">\n<div class=\"badges__container\">\n\t<div class=\"wp-block-button badges__button  is-style-button-with-arrow\" data-button-id=\"tg-1772958420\">\n\t\t<a class=\"wp-block-button__link wp-element-button\" href=\"https:\/\/transfergo.onelink.me\/3553566860\/auava1pk\" target=\"_blank\" rel=\"noreferrer noopener\">\n\t\t\tDesc\u00e1rgate la app\t\t<\/a>\n\t<\/div>\n\t<div class=\"badges__popup\" data-popup-id=\"tg-1772958420\">\n\t\t<div class=\"badges__popup-wrapper\">\n\t\t\t<button class=\"badges__popup-button\"><\/button>\n\t\t\t<p class=\"badges__popup-title wp-heading is-style-h4-higher-header-style\">\n\t\t\t\t<mark style=\"background-color:rgba(0, 0, 0, 0)\" class=\"has-inline-color has-blue-500-color\">\n\t\t\t\t\tEscanea\t\t\t\t<\/mark>\n\t\t\t\t para descargar la aplicaci\u00f3n TransferGo\t\t\t<\/p>\n\t\t\t<img decoding=\"async\" class=\"badges__popup-image\" src=\"https:\/\/wpvip.tgalpha.com\/wp-content\/plugins\/transfergo-blocks\/assets\/img\/QR_code.webp\"\n\t\t\t\talt=\"http:\/\/QR%20code\"\/>\n\t\t<\/div>\n\t<\/div>\n<\/div>\n<\/div>\n\n\n\n<figure class=\"wp-block-image make-faster-transfers__image\"><img decoding=\"async\" src=\"https:\/\/wpvip.tgalpha.com\/wp-content\/plugins\/transfergo-blocks\/assets\/img\/phone-image.webp\" alt=\"\"\/><\/figure>\n<\/div><\/section>\n","protected":false},"excerpt":{"rendered":"","protected":false},"author":1,"featured_media":241909,"parent":0,"menu_order":0,"comment_status":"closed","ping_status":"closed","template":"","meta":{"hideMenuColor":false,"footnotes":""},"class_list":["post-1401","page","type-page","status-publish","has-post-thumbnail","hentry"],"jetpack_sharing_enabled":true,"hideMenuColor":false,"_links":{"self":[{"href":"https:\/\/wpvip.tgalpha.com\/es\/wp-json\/wp\/v2\/pages\/1401","targetHints":{"allow":["GET"]}}],"collection":[{"href":"https:\/\/wpvip.tgalpha.com\/es\/wp-json\/wp\/v2\/pages"}],"about":[{"href":"https:\/\/wpvip.tgalpha.com\/es\/wp-json\/wp\/v2\/types\/page"}],"author":[{"embeddable":true,"href":"https:\/\/wpvip.tgalpha.com\/es\/wp-json\/wp\/v2\/users\/1"}],"replies":[{"embeddable":true,"href":"https:\/\/wpvip.tgalpha.com\/es\/wp-json\/wp\/v2\/comments?post=1401"}],"version-history":[{"count":4,"href":"https:\/\/wpvip.tgalpha.com\/es\/wp-json\/wp\/v2\/pages\/1401\/revisions"}],"predecessor-version":[{"id":865512,"href":"https:\/\/wpvip.tgalpha.com\/es\/wp-json\/wp\/v2\/pages\/1401\/revisions\/865512"}],"wp:featuredmedia":[{"embeddable":true,"href":"https:\/\/wpvip.tgalpha.com\/es\/wp-json\/wp\/v2\/media\/241909"}],"wp:attachment":[{"href":"https:\/\/wpvip.tgalpha.com\/es\/wp-json\/wp\/v2\/media?parent=1401"}],"curies":[{"name":"wp","href":"https:\/\/api.w.org\/{rel}","templated":true}]}}