{"id":1321,"date":"2022-08-29T07:37:28","date_gmt":"2022-08-29T07:37:28","guid":{"rendered":"https:\/\/transfergo.wpengine.com\/story"},"modified":"2024-10-08T09:42:48","modified_gmt":"2024-10-08T09:42:48","slug":"nuestra-historia","status":"publish","type":"page","link":"https:\/\/wpvip.tgalpha.com\/es\/nuestra-historia","title":{"rendered":"Nuestra historia"},"content":{"rendered":"\n<h1 class=\"wp-block-heading\">La historia completa<\/h1>\n\n\n\n<h1 class=\"wp-block-heading\"><mark class=\"has-inline-color has-blue-500-color\">C\u00f3mo <strong>empez\u00f3 todo<\/strong><\/mark><\/h1>\n\n\n\n<section class=\"wp-block-tg-photo-and-text container-fluid photo-and-text\"><div class=\"container\">\n<div class=\"wp-block-media-text is-stacked-on-mobile photo-and-text__container\"><figure class=\"wp-block-media-text__media\"><img loading=\"lazy\" decoding=\"async\" width=\"677\" height=\"432\" src=\"https:\/\/wpvip.tgalpha.com\/wp-content\/uploads\/2024\/06\/human-image.jpg\" alt=\"\" class=\"wp-image-70985 size-full\" srcset=\"https:\/\/wpvip.tgalpha.com\/wp-content\/uploads\/2024\/06\/human-image.jpg 677w, https:\/\/wpvip.tgalpha.com\/wp-content\/uploads\/2024\/06\/human-image.jpg?resize=300,191 300w\" sizes=\"auto, (max-width: 677px) 100vw, 677px\" \/><\/figure><div class=\"wp-block-media-text__content\">\n<p class=\"photo-and-text__paragraph has-blue-900-color has-text-color has-medium-font-size\">Estamos aqu\u00ed para hacerte la vida m\u00e1s f\u00e1cil. Ya sea que est\u00e9s pagando facturas, apoyando a la familia, ayudando a las empresas o lidiando con emergencias, queremos que puedas hacer transferencias de dinero r\u00e1pidas y baratas de manera segura. \u00bfPor qu\u00e9? Porque no hace mucho tiempo, enviar dinero era una pesadilla.<\/p>\n<\/div><\/div>\n<\/div><\/section>\n\n\n\n<section class=\"wp-block-tg-story-text-and-image container-fluid story-text-and-image story-text-and-image--transparent-rectangle-right\"><div class=\"container\">\n<div class=\"wp-block-media-text has-media-on-the-right is-stacked-on-mobile story-text-and-image__container\"><div class=\"wp-block-media-text__content\">\n<h3 class=\"wp-block-heading story-text-and-image__heading has-blue-900-color has-text-color\">El nacimiento de TransferGo<\/h3>\n\n\n\n<p class=\"story-text-and-image__paragraph has-blue-900-color has-text-color has-medium-font-size\">Era 2012, y \u00e9ramos cuatro j\u00f3venes profesionales iniciando un negocio de importaci\u00f3n y exportaci\u00f3n en el extranjero. Pero enviar transferencias internacionales de dinero era un problema. Desde pagar nuestras facturas en Lituania hasta enviar dinero a proveedores, lo pasamos mal: transferencias lentas con grandes comisiones, cero servicio al cliente y horas de espera en colas de quioscos. <\/p>\n\n\n\n<p class=\"story-text-and-image__paragraph has-blue-900-color has-text-color has-medium-font-size\">\u00bfPor qu\u00e9, en 2012, todav\u00eda depend\u00edamos de ir en persona a los bancos de la calle principal solo para hacer simples transferencias de dinero? \u00bfY por qu\u00e9 est\u00e1bamos pagando tanto por este &#8216;servicio&#8217;? Cuando nuestro dinero fue enviado no solo al pa\u00eds equivocado sino en la moneda equivocada, y ni siquiera fuimos compensados, ya hab\u00edamos tenido suficiente. Quer\u00edamos un cambio. Quer\u00edamos sacudir completamente la industria de transferencias internacionales de dinero. Quer\u00edamos crear un modelo de negocio \u00fanico con un servicio al cliente superior. Y fue entonces cuando naci\u00f3 TransferGo.<\/p>\n<\/div><figure class=\"wp-block-media-text__media\"><img loading=\"lazy\" decoding=\"async\" width=\"451\" height=\"453\" src=\"https:\/\/wpvip.tgalpha.com\/wp-content\/uploads\/2024\/06\/Story-2-1.png\" alt=\"\" class=\"wp-image-71047 size-full\" srcset=\"https:\/\/wpvip.tgalpha.com\/wp-content\/uploads\/2024\/06\/Story-2-1.png 451w, https:\/\/wpvip.tgalpha.com\/wp-content\/uploads\/2024\/06\/Story-2-1.png?resize=150,150 150w, https:\/\/wpvip.tgalpha.com\/wp-content\/uploads\/2024\/06\/Story-2-1.png?resize=300,300 300w\" sizes=\"auto, (max-width: 451px) 100vw, 451px\" \/><\/figure><\/div>\n<\/div><\/section>\n\n\n\n<section class=\"wp-block-tg-story-text-and-image container-fluid story-text-and-image story-text-and-image--yellow-circle-left\"><div class=\"container\">\n<div class=\"wp-block-media-text is-stacked-on-mobile story-text-and-image__container\"><figure class=\"wp-block-media-text__media\"><img loading=\"lazy\" decoding=\"async\" width=\"451\" height=\"451\" src=\"https:\/\/wpvip.tgalpha.com\/wp-content\/uploads\/2024\/06\/Story-3-1.png\" alt=\"\" class=\"wp-image-71058 size-full\" srcset=\"https:\/\/wpvip.tgalpha.com\/wp-content\/uploads\/2024\/06\/Story-3-1.png 451w, https:\/\/wpvip.tgalpha.com\/wp-content\/uploads\/2024\/06\/Story-3-1.png?resize=150,150 150w, https:\/\/wpvip.tgalpha.com\/wp-content\/uploads\/2024\/06\/Story-3-1.png?resize=300,300 300w\" sizes=\"auto, (max-width: 451px) 100vw, 451px\" \/><\/figure><div class=\"wp-block-media-text__content\">\n<h3 class=\"wp-block-heading story-text-and-image__heading has-blue-900-color has-text-color\">Comienzos dif\u00edciles<\/h3>\n\n\n\n<p>Empezar un negocio nunca es f\u00e1cil, y para nosotros no fue diferente. Seis meses intentando obtener licencias regulatorias. Otros cuatro meses para encontrar un banco que quisiera trabajar con nosotros. Un a\u00f1o de ahorros personales, desaparecidos. Justo cuando las cosas estaban mejorando y la retroalimentaci\u00f3n de los clientes era positiva, tuvimos otro contratiempo. <\/p>\n\n\n\n<p>A pesar de ser una instituci\u00f3n financiera con licencia y totalmente conforme a la ley, recibimos una carta de nuestro banco diciendo que iban a cerrarnos. Sin razones. Sin justificaci\u00f3n. Lo hicieron porque pod\u00edan. Y cuando preguntamos por qu\u00e9, nos dijeron que dec\u00edrnoslo iba &#8216;en contra de su pol\u00edtica&#8217;. Ten\u00edamos 90 d\u00edas para salvar la empresa.<\/p>\n\n\n\n<p>Sab\u00edamos que TransferGo estaba teniendo un impacto significativo en la vida de nuestros clientes, y no quer\u00edamos renunciar a eso. Justo a tiempo, logramos encontrar un banco que trabajar\u00eda con nosotros. La empresa sobrevivi\u00f3. Desde entonces, hemos podido ayudar a a\u00fan m\u00e1s de vosotros a enviar transferencias de dinero a\u00f1o tras a\u00f1o.<\/p>\n<\/div><\/div>\n<\/div><\/section>\n\n\n\n<section class=\"wp-block-tg-story-text-and-image container-fluid story-text-and-image story-text-and-image--none\"><div class=\"container\">\n<div class=\"wp-block-media-text has-media-on-the-right is-stacked-on-mobile story-text-and-image__container\"><div class=\"wp-block-media-text__content\">\n<h3 class=\"wp-block-heading story-text-and-image__heading has-blue-900-color has-text-color\">El camino al \u00e9xito<\/h3>\n\n\n\n<p>Desde nuestros dif\u00edciles comienzos, hemos visto un cambio en las actitudes. Los bancos est\u00e1n m\u00e1s dispuestos a asociarse con empresas fintech innovadoras. Trabajamos con m\u00e1s de 30 a nivel global estos d\u00edas, toda una transformaci\u00f3n despu\u00e9s de luchar para encontrar incluso una al principio.<\/p>\n\n\n\n<p>Y es agradable ser reconocidos por la diferencia que estamos haciendo. Fuimos nominados para el premio a la Start-up de m\u00e1s r\u00e1pido crecimiento en los premios TechCrunch Europa 2018, y nombrados una de las 5 scale-ups m\u00e1s populares en el Reino Unido por TNW.<\/p>\n\n\n\n<p>Pero eres t\u00fa a quien realmente necesitamos agradecer. Todos vosotros que trabaj\u00e1is constantemente para mantener a vuestra familia apoyada y la econom\u00eda en marcha. Empezamos TransferGo por ti.<\/p>\n<\/div><figure class=\"wp-block-media-text__media\"><img loading=\"lazy\" decoding=\"async\" width=\"450\" height=\"442\" src=\"https:\/\/wpvip.tgalpha.com\/wp-content\/uploads\/2024\/06\/Story-4-1.png\" alt=\"\" class=\"wp-image-71069 size-full\" srcset=\"https:\/\/wpvip.tgalpha.com\/wp-content\/uploads\/2024\/06\/Story-4-1.png 450w, https:\/\/wpvip.tgalpha.com\/wp-content\/uploads\/2024\/06\/Story-4-1.png?resize=300,295 300w\" sizes=\"auto, (max-width: 450px) 100vw, 450px\" \/><\/figure><\/div>\n<\/div><\/section>\n\n\n\n<section class=\"wp-block-tg-story-text-and-image container-fluid story-text-and-image story-text-and-image--blue-rectangle-right\"><div class=\"container\">\n<div class=\"wp-block-media-text is-stacked-on-mobile story-text-and-image__container\"><figure class=\"wp-block-media-text__media\"><img loading=\"lazy\" decoding=\"async\" width=\"450\" height=\"442\" src=\"https:\/\/wpvip.tgalpha.com\/wp-content\/uploads\/2024\/06\/Story-5-1.png\" alt=\"\" class=\"wp-image-71080 size-full\" srcset=\"https:\/\/wpvip.tgalpha.com\/wp-content\/uploads\/2024\/06\/Story-5-1.png 450w, https:\/\/wpvip.tgalpha.com\/wp-content\/uploads\/2024\/06\/Story-5-1.png?resize=300,295 300w\" sizes=\"auto, (max-width: 450px) 100vw, 450px\" \/><\/figure><div class=\"wp-block-media-text__content\">\n<h3 class=\"wp-block-heading story-text-and-image__heading has-blue-900-color has-text-color\">Un futuro brillante<\/h3>\n\n\n\n<p class=\"story-text-and-image__paragraph has-blue-900-color has-text-color has-medium-font-size\">Hemos recorrido un largo camino desde 2012, pero esto es solo el comienzo. En los pr\u00f3ximos meses tenemos m\u00e1s planeado. M\u00e1s rutas entre pa\u00edses. M\u00e1s monedas. M\u00e1s productos. M\u00e1s ofertas. En \u00faltima instancia, queremos llegar a a\u00fan m\u00e1s gente. Te mereces poder enviar tu dinero ganado con esfuerzo a casa a precios baratos, r\u00e1pidamente y f\u00e1cilmente. Queremos darle esa oportunidad a a\u00fan m\u00e1s gente.<\/p>\n\n\n\n<div class=\"wp-block-button\"><a class=\"wp-block-button__link wp-element-button\" href=\"https:\/\/app.transfergo.com\/es\/register\" target=\"_blank\" rel=\"noopener\">Env\u00eda dinero ahora<\/a><\/div>\n<\/div><\/div>\n<\/div><\/section>\n","protected":false},"excerpt":{"rendered":"<p>La historia completa C\u00f3mo empez\u00f3 todo<\/p>\n","protected":false},"author":1,"featured_media":0,"parent":0,"menu_order":0,"comment_status":"closed","ping_status":"closed","template":"","meta":{"hideMenuColor":false,"footnotes":""},"class_list":["post-1321","page","type-page","status-publish","hentry"],"jetpack_sharing_enabled":true,"hideMenuColor":false,"_links":{"self":[{"href":"https:\/\/wpvip.tgalpha.com\/es\/wp-json\/wp\/v2\/pages\/1321","targetHints":{"allow":["GET"]}}],"collection":[{"href":"https:\/\/wpvip.tgalpha.com\/es\/wp-json\/wp\/v2\/pages"}],"about":[{"href":"https:\/\/wpvip.tgalpha.com\/es\/wp-json\/wp\/v2\/types\/page"}],"author":[{"embeddable":true,"href":"https:\/\/wpvip.tgalpha.com\/es\/wp-json\/wp\/v2\/users\/1"}],"replies":[{"embeddable":true,"href":"https:\/\/wpvip.tgalpha.com\/es\/wp-json\/wp\/v2\/comments?post=1321"}],"version-history":[{"count":0,"href":"https:\/\/wpvip.tgalpha.com\/es\/wp-json\/wp\/v2\/pages\/1321\/revisions"}],"wp:attachment":[{"href":"https:\/\/wpvip.tgalpha.com\/es\/wp-json\/wp\/v2\/media?parent=1321"}],"curies":[{"name":"wp","href":"https:\/\/api.w.org\/{rel}","templated":true}]}}