{"id":104863,"date":"2025-01-23T11:35:13","date_gmt":"2025-01-23T11:35:13","guid":{"rendered":"https:\/\/wpvip.tgalpha.com\/?page_id=104863"},"modified":"2026-02-11T14:38:06","modified_gmt":"2026-02-11T14:38:06","slug":"historias-de-clientes","status":"publish","type":"page","link":"https:\/\/wpvip.tgalpha.com\/es\/empresa\/historias-de-clientes","title":{"rendered":"SME Customer stories (ES)"},"content":{"rendered":"\n<section class=\"wp-block-tg-hero-text-and-image hero-text-and-image container-fluid alignfull has-blue-900-background-color has-background\" align=\"full\"><div class=\"container\">\n<div class=\"wp-block-columns hero-text-and-image__columns is-layout-flex wp-container-core-columns-is-layout-28f84493 wp-block-columns-is-layout-flex\">\n<div class=\"wp-block-column hero-text-and-image__column is-layout-flow wp-block-column-is-layout-flow\">\n<p class=\"hero-text-and-image__subheading is-style-h6-higher-header-style has-blue-900-color has-text-color\"><mark style=\"background-color:rgba(0, 0, 0, 0)\" class=\"has-inline-color has-bw-100-color\">Historias de clientes de TransferGo Business<\/mark><\/p>\n\n\n\n<h1 class=\"wp-block-heading hero-text-and-image__heading is-style-h1-higher-header-style has-bw-100-color has-text-color\">Historias reales, <mark style=\"background-color:rgba(0, 0, 0, 0)\" class=\"has-inline-color has-yellow-color\">\u00e9xitos reales.<\/mark><\/h1>\n\n\n\n<p class=\"hero-text-and-image__paragraph is-style-h6-higher-header-style has-blue-900-color has-text-color\"><mark style=\"background-color:rgba(0, 0, 0, 0)\" class=\"has-inline-color has-bw-100-color\">Nuestro objetivo es sencillo: ayudar a las empresas con grandes ambiciones a optimizar sus operaciones financieras y prosperar.<\/mark><\/p>\n\n\n\n<p class=\"hero-text-and-image__paragraph has-blue-900-color has-text-color\"><mark style=\"background-color:rgba(0, 0, 0, 0)\" class=\"has-inline-color has-bw-100-color\">Descubre c\u00f3mo empresas de diferentes sectores han utilizado con \u00e9xito TransferGo para facilitar sus pagos comerciales internacionales y obtener muchos beneficios tangibles, desde la aceleraci\u00f3n de los procesos de pago hasta la reducci\u00f3n de los costes de transacci\u00f3n y la maximizaci\u00f3n de los beneficios.<\/mark><\/p>\n\n\n\n<div class=\"wp-block-buttons hero-text-and-image__buttons is-layout-flex wp-block-buttons-is-layout-flex\">\n<div class=\"wp-block-button hero-text-and-image__button is-style-button-with-arrow-light\"><a class=\"wp-block-button__link wp-element-button\" href=\"https:\/\/app.transfergo.com\/es\/register\/business\" target=\"_blank\" rel=\"noreferrer noopener\">Empieza ahora<\/a><\/div>\n<\/div>\n<\/div>\n\n\n\n<div class=\"wp-block-column hero-text-and-image__column is-layout-flow wp-block-column-is-layout-flow\">\n<figure class=\"wp-block-image hero-text-and-image__image\"><img decoding=\"async\" src=\"https:\/\/wpvip.tgalpha.com\/wp-content\/plugins\/transfergo-blocks\/assets\/img\/hero-text-and-image\/hero-business-customer-stories.webp\" alt=\"\"\/><\/figure>\n<\/div>\n<\/div>\n<\/div><\/section>\n\n\n\n<section class=\"wp-block-tg-business-case-studies-with-title business-case-studies-with-title container-fluid\"><div class=\"container\">\n<h2 class=\"wp-block-heading has-text-align-center business-case-studies-with-title__title has-blue-900-color has-text-color\">Explora m\u00e1s casos de \u00e9xito de TransferGo Business<\/h2>\n\n\n\n<p class=\"has-text-align-center business-case-studies-with-title__subtitle is-style-h4-higher-header-style has-blue-900-color has-text-color has-medium-font-size\">Descubre c\u00f3mo otras empresas de diversos sectores han aprovechado la plataforma de TransferGo para lograr pagos internacionales rentables, m\u00e1s r\u00e1pidos y m\u00e1s seguros.<\/p>\n\n\n\n<div class=\"wp-block-query is-layout-flow wp-block-query-is-layout-flow\">\n\n<\/div>\n<\/div><\/section>\n\n\n\n<section class=\"wp-block-tg-text-with-button-and-images text-with-button-and-images container-fluid alignfull has-background-color has-bw-200-background-color\" align=\"full\"><div class=\"container\">\n<div class=\"wp-block-columns text-with-button-and-images__columns is-layout-flex wp-container-core-columns-is-layout-28f84493 wp-block-columns-is-layout-flex\">\n<div class=\"wp-block-column text-with-button-and-images__column is-layout-flow wp-block-column-is-layout-flow\">\n<div class=\"wp-block-group text-with-button-and-images__text-wrapper is-layout-flow wp-block-group-is-layout-flow\">\n<h2 class=\"wp-block-heading has-text-align-left text-with-button-and-images__heading has-blue-900-color has-text-color\">\u00bfEst\u00e1s listo para formar parte de estas historias de \u00e9xito de clientes?<\/h2>\n\n\n\n<p class=\"has-text-align-left text-with-button-and-images__paragraph has-blue-900-color has-text-color has-medium-font-size\">TransferGo Business ofrece la flexibilidad y fiabilidad que tu empresa necesita para crecer y prosperar a nivel mundial.<\/p>\n\n\n\n<div class=\"wp-block-button text-with-button-and-images__button is-style-button-with-arrow\"><a class=\"wp-block-button__link has-text-align-center wp-element-button\" href=\"https:\/\/wpvip.tgalpha.com\/es\/empresa\">M\u00e1s informaci\u00f3n<\/a><\/div>\n<\/div>\n<\/div>\n\n\n\n<div class=\"wp-block-column text-with-button-and-images__column is-layout-flow wp-block-column-is-layout-flow\">\n<div class=\"wp-block-group text-with-button-and-images__images-wrapper is-layout-flow wp-block-group-is-layout-flow\">\n<figure class=\"wp-block-image text-with-button-and-images__image text-with-button-and-images__image--icon\"><img decoding=\"async\" src=\"https:\/\/wpvip.tgalpha.com\/wp-content\/plugins\/transfergo-blocks\/assets\/img\/text-with-button-and-images-0.webp\" alt=\"\"\/><\/figure>\n\n\n\n<figure class=\"wp-block-image text-with-button-and-images__image text-with-button-and-images__image--man\"><img decoding=\"async\" src=\"https:\/\/wpvip.tgalpha.com\/wp-content\/plugins\/transfergo-blocks\/assets\/img\/text-with-button-and-images-1.webp\" alt=\"\"\/><\/figure>\n\n\n\n<figure class=\"wp-block-image text-with-button-and-images__image text-with-button-and-images__image--woman\"><img decoding=\"async\" src=\"https:\/\/wpvip.tgalpha.com\/wp-content\/plugins\/transfergo-blocks\/assets\/img\/text-with-button-and-images-2.webp\" alt=\"\"\/><\/figure>\n<\/div>\n<\/div>\n<\/div>\n<\/div><\/section>\n","protected":false},"excerpt":{"rendered":"","protected":false},"author":7,"featured_media":239304,"parent":167130,"menu_order":0,"comment_status":"closed","ping_status":"closed","template":"business-page-template","meta":{"hideMenuColor":false,"footnotes":""},"class_list":["post-104863","page","type-page","status-publish","has-post-thumbnail","hentry"],"jetpack_sharing_enabled":true,"hideMenuColor":false,"_links":{"self":[{"href":"https:\/\/wpvip.tgalpha.com\/es\/wp-json\/wp\/v2\/pages\/104863","targetHints":{"allow":["GET"]}}],"collection":[{"href":"https:\/\/wpvip.tgalpha.com\/es\/wp-json\/wp\/v2\/pages"}],"about":[{"href":"https:\/\/wpvip.tgalpha.com\/es\/wp-json\/wp\/v2\/types\/page"}],"author":[{"embeddable":true,"href":"https:\/\/wpvip.tgalpha.com\/es\/wp-json\/wp\/v2\/users\/7"}],"replies":[{"embeddable":true,"href":"https:\/\/wpvip.tgalpha.com\/es\/wp-json\/wp\/v2\/comments?post=104863"}],"version-history":[{"count":6,"href":"https:\/\/wpvip.tgalpha.com\/es\/wp-json\/wp\/v2\/pages\/104863\/revisions"}],"predecessor-version":[{"id":862580,"href":"https:\/\/wpvip.tgalpha.com\/es\/wp-json\/wp\/v2\/pages\/104863\/revisions\/862580"}],"up":[{"embeddable":true,"href":"https:\/\/wpvip.tgalpha.com\/es\/wp-json\/wp\/v2\/pages\/167130"}],"wp:featuredmedia":[{"embeddable":true,"href":"https:\/\/wpvip.tgalpha.com\/es\/wp-json\/wp\/v2\/media\/239304"}],"wp:attachment":[{"href":"https:\/\/wpvip.tgalpha.com\/es\/wp-json\/wp\/v2\/media?parent=104863"}],"curies":[{"name":"wp","href":"https:\/\/api.w.org\/{rel}","templated":true}]}}