{"id":841235,"date":"2025-12-09T15:22:56","date_gmt":"2025-12-09T15:22:56","guid":{"rendered":"https:\/\/wpvip.tgalpha.com\/?page_id=841235"},"modified":"2025-12-11T10:51:29","modified_gmt":"2025-12-11T10:51:29","slug":"virtuelle-iban","status":"publish","type":"page","link":"https:\/\/wpvip.tgalpha.com\/de\/virtuelle-iban","title":{"rendered":"Virtual IBAN"},"content":{"rendered":"\n<section class=\"wp-block-tg-terms-and-conditions-hero terms-and-conditions-hero container-fluid alignfull\" align=\"full\"><div class=\"container\">\n<h1 class=\"wp-block-heading has-text-align-center terms-and-conditions-hero__title has-blue-900-color has-text-color\"><strong><strong><strong><strong>Ihr virtuelles IBAN-Konto (vIBAN) f\u00fcr \u00dcberweisungen \u2013 eine Erl\u00e4uterung<\/strong><\/strong><\/strong><\/strong><\/h1>\n<\/div><\/section>\n\n\n\n<section class=\"wp-block-tg-terms-and-conditions-main-content terms-and-conditions-main-content container-fluid\"><div class=\"container\">\n<p>Wenn Sie internationale \u00dcberweisungen mit TransferGo senden oder empfangen, kann Ihnen eine virtuelle IBAN (vIBAN) zur Verf\u00fcgung gestellt werden.<\/p>\n\n\n\n<p>Eine vIBAN funktioniert \u00e4hnlich wie eine herk\u00f6mmliche IBAN. Sie stellt jedoch kein eigenes Bankkonto dar, sondern dient als eindeutige Kennung, die mit Ihrem TransferGo-Konto verkn\u00fcpft ist.<\/p>\n\n\n\n<p>Sie erm\u00f6glicht es Ihnen, Gelder in Ihrem Namen und in einer bestimmten W\u00e4hrung zu empfangen, und unterst\u00fctzt TransferGo dabei, Zahlungen schnell und pr\u00e4zise weiterzuleiten.<\/p>\n\n\n\n<h2 class=\"wp-block-heading has-x-large-font-size\"><strong>Wer stellt Ihre vIBAN f\u00fcr EUR aus?<\/strong><\/h2>\n\n\n\n<p>Ihre vIBAN wird von LHV Pank ausgegeben und verwaltet, einem lizenzierten estnischen Kreditinstitut, das der Aufsicht der Bank von Estland (Eesti Pank) unterliegt.<\/p>\n\n\n\n<p>LHV Pank kooperiert mit TransferGo, um bestimmte Bankdienstleistungen bereitzustellen, darunter die Erstellung von vIBANs, die f\u00fcr den Versand und Empfang von \u00dcberweisungen genutzt werden.<\/p>\n\n\n\n<h2 class=\"wp-block-heading has-x-large-font-size\"><strong>Wer stellt Ihre vIBAN f\u00fcr PLN aus?<\/strong><\/h2>\n\n\n\n<p>Ihre vIBAN wird von der Santander Bank Polska S.A. ausgegeben und verwaltet, einem lizenzierten polnischen Kreditinstitut, das der polnischen Finanzaufsicht (Komisja Nadzoru Finansowego) untersteht.<\/p>\n\n\n\n<p>Die Santander Bank Polska S.A. arbeitet mit TransferGo zusammen, um bestimmte Bankdienstleistungen bereitzustellen, darunter die Erstellung von vIBANs, die f\u00fcr den Versand und Empfang von \u00dcberweisungen verwendet werden.<\/p>\n\n\n\n<h2 class=\"wp-block-heading has-x-large-font-size\"><strong><strong>Wer stellt Ihre vIBAN f\u00fcr USD aus?<\/strong><\/strong><\/h2>\n\n\n\n<p>Ihre vIBAN wird ebenfalls von der Santander Bank Polska S.A. ausgegeben und verwaltet, einem lizenzierten polnischen Kreditinstitut unter Aufsicht der Komisja Nadzoru Finansowego.<\/p>\n\n\n\n<p>Auch hier kooperiert die Santander Bank Polska S.A. mit TransferGo bei der Bereitstellung spezifischer Bankdienstleistungen, einschlie\u00dflich der Erstellung von vIBANs f\u00fcr \u00dcberweisungen.<\/p>\n\n\n\n<h2 class=\"wp-block-heading has-x-large-font-size\"><strong><strong>Wer stellt Ihre vIBAN f\u00fcr GBP aus?<\/strong><\/strong><\/h2>\n\n\n\n<p>Ihre vIBAN wird von der LHV Bank Limited ausgegeben und verwaltet, die als Finanzinstitut von der Prudential Regulation Authority zugelassen ist. LHV Bank arbeitet mit TransferGo zusammen, um bestimmte Bankdienstleistungen bereitzustellen, darunter die Erstellung von vIBANs, die f\u00fcr \u00dcberweisungen genutzt werden.<\/p>\n\n\n\n<h2 class=\"wp-block-heading has-x-large-font-size\"><strong>Was dies f\u00fcr Sie bedeutet<\/strong><\/h2>\n\n\n\n<p>Da Ihre vIBAN \u00fcber diese Banken bereitgestellt wird, beachten Sie bitte Folgendes:<\/p>\n\n\n\n<ul class=\"wp-block-list\">\n<li>\u2022 Bestimmte Dienstleistungen unterliegen der Zust\u00e4ndigkeit und Regulierung dieser Institute.<\/li>\n\n\n\n<li>\u2022 Ihr TransferGo-Konto funktioniert weiterhin wie gewohnt; jedoch gelten f\u00fcr Zahlungen von oder an Ihre vIBAN jene Bestimmungen, die f\u00fcr die entsprechenden Bankkonten Anwendung finden.<\/li>\n\n\n\n<li>\u2022 Diese Struktur erm\u00f6glicht es TransferGo, schnelle, verl\u00e4ssliche und lokal wirkende \u00dcberweisungen in Euro (EUR), Polnischem Z\u0142oty (PLN), US-Dollar (USD) und Britischem Pfund (GBP) anzubieten.<\/li>\n\n\n\n<li><\/li>\n<\/ul>\n\n\n\n<p><strong>Wichtig: <\/strong>Auch wenn Ihre vIBAN von diesen Banken ausgegeben wird, bleiben die Gelder auf Ihrem TransferGo-Konto gem\u00e4\u00df allen gesetzlichen Anforderungen sicher verwahrt und gesch\u00fctzt.<\/p>\n<\/div><\/section>\n","protected":false},"excerpt":{"rendered":"","protected":false},"author":7,"featured_media":0,"parent":0,"menu_order":0,"comment_status":"closed","ping_status":"closed","template":"","meta":{"hideMenuColor":false,"footnotes":""},"class_list":["post-841235","page","type-page","status-publish","hentry"],"jetpack_sharing_enabled":true,"hideMenuColor":false,"_links":{"self":[{"href":"https:\/\/wpvip.tgalpha.com\/de\/wp-json\/wp\/v2\/pages\/841235","targetHints":{"allow":["GET"]}}],"collection":[{"href":"https:\/\/wpvip.tgalpha.com\/de\/wp-json\/wp\/v2\/pages"}],"about":[{"href":"https:\/\/wpvip.tgalpha.com\/de\/wp-json\/wp\/v2\/types\/page"}],"author":[{"embeddable":true,"href":"https:\/\/wpvip.tgalpha.com\/de\/wp-json\/wp\/v2\/users\/7"}],"replies":[{"embeddable":true,"href":"https:\/\/wpvip.tgalpha.com\/de\/wp-json\/wp\/v2\/comments?post=841235"}],"version-history":[{"count":1,"href":"https:\/\/wpvip.tgalpha.com\/de\/wp-json\/wp\/v2\/pages\/841235\/revisions"}],"predecessor-version":[{"id":841236,"href":"https:\/\/wpvip.tgalpha.com\/de\/wp-json\/wp\/v2\/pages\/841235\/revisions\/841236"}],"wp:attachment":[{"href":"https:\/\/wpvip.tgalpha.com\/de\/wp-json\/wp\/v2\/media?parent=841235"}],"curies":[{"name":"wp","href":"https:\/\/api.w.org\/{rel}","templated":true}]}}