{"id":722296,"date":"2025-10-16T13:20:23","date_gmt":"2025-10-16T13:20:23","guid":{"rendered":"https:\/\/wpvip.tgalpha.com\/?page_id=722296"},"modified":"2025-11-11T13:30:11","modified_gmt":"2025-11-11T13:30:11","slug":"swift-code","status":"publish","type":"page","link":"https:\/\/wpvip.tgalpha.com\/de\/swift-code","title":{"rendered":"SWIFT\/BIC"},"content":{"rendered":"\n<section class=\"wp-block-tg-hero-with-half-background hero-with-half-background container-fluid alignfull has-blue-500-background-color has-background\" align=\"full\"><div class=\"container\">\n<div class=\"wp-block-group hero-with-half-background__text-wrapper is-layout-flow wp-block-group-is-layout-flow\">\n<h1 class=\"wp-block-heading has-text-align-center hero-with-half-background__heading is-style-h1-higher-header-style has-bw-100-color has-text-color\">SWIFT-\/BIC-Codes<\/h1>\n\n\n\n<p class=\"has-text-align-center hero-with-half-background__paragraph has-bw-100-color has-text-color\">Nutzen Sie unseren kostenlosen SWIFT-Code-Checker, um Bankcodes schnell zu finden oder zu validieren. Suchen Sie nach Bank oder Land, oder pr\u00fcfen Sie einen bestehenden Code, bevor Sie internationale \u00dcberweisungen t\u00e4tigen.<\/p>\n<\/div>\n\n\n\n<div class=\"wp-block-group hero-with-half-background__content-wrapper has-bw-200-background-color has-background is-layout-flow wp-block-group-is-layout-flow\">\n<p class=\"has-text-align-center hero-with-half-background__content-heading is-style-h5-higher-header-style has-blue-500-color has-text-color\">SWIFT\/BIC-Pr\u00fcfer kommt bald.<\/p>\n\n\n\n<p class=\"has-text-align-center hero-with-half-background__content-paragraph is-style-h6-higher-header-style has-blue-900-color has-text-color\">Wir arbeiten an einem Tool, mit dem Sie SWIFT\/BIC-Codes direkt auf TransferGo pr\u00fcfen und nachschlagen k\u00f6nnen. In der Zwischenzeit nutzen Sie bitte <a href=\"https:\/\/www.iban.com\/search-bic\" target=\"_blank\" rel=\"noopener\">IBAN.com<\/a><\/p>\n\n\n\n<div class=\"wp-block-buttons hero-with-half-background__content-buttons-wrapper is-content-justification-center is-layout-flex wp-container-core-buttons-is-layout-a89b3969 wp-block-buttons-is-layout-flex\">\n<div class=\"wp-block-button hero-with-half-background__content-button\"><a class=\"wp-block-button__link wp-element-button\" href=\"https:\/\/www.iban.com\/search-bic\" target=\"_blank\" rel=\"noopener\">SWIFT\/BIC bei IBAN.com pr\u00fcfen<\/a><\/div>\n<\/div>\n<\/div>\n<\/div><\/section>\n\n\n\n<section class=\"wp-block-tg-media-and-text media-and-text container-fluid alignfull\" align=\"full\"><div class=\"container\">\n<div class=\"wp-block-media-text has-media-on-the-right is-stacked-on-mobile is-vertically-aligned-center media-and-text__container\"><div class=\"wp-block-media-text__content\">\n<h2 class=\"wp-block-heading has-text-align-left media-and-text__heading is-style-bold-header-style has-blue-900-color has-text-color\">Was ist ein SWIFT-\/BIC-Code?<\/h2>\n\n\n\n<p class=\"has-text-align-left media-and-text__paragraph has-blue-900-color has-text-color\">Ein SWIFT-Code (auch BIC genannt) ist eine eindeutige Kennung f\u00fcr Banken weltweit. Er sorgt daf\u00fcr, dass Ihr Geld bei internationalen \u00dcberweisungen die richtige Bank erreicht.<\/p>\n\n\n\n<p class=\"has-text-align-left media-and-text__paragraph has-blue-900-color has-text-color\">Diese Codes werden bei internationalen Bank\u00fcberweisungen, SEPA-Zahlungen und grenz\u00fcberschreitenden Transaktionen verwendet. Ohne sie k\u00f6nnten Zahlungen verz\u00f6gert oder fehlgeleitet werden.<\/p>\n\n\n\n<p class=\"has-text-align-left media-and-text__paragraph has-blue-900-color has-text-color\">Stellen Sie ihn sich als die \u201eAdresse\u201c Ihrer Bank im globalen Finanznetzwerk vor.<\/p>\n<\/div><figure class=\"wp-block-media-text__media\"><img loading=\"lazy\" decoding=\"async\" width=\"826\" height=\"672\" src=\"https:\/\/wpvip.tgalpha.com\/wp-content\/uploads\/2025\/10\/media-and-text-image-1-1.webp\" alt=\"\" class=\"wp-image-719233 size-full\" srcset=\"https:\/\/wpvip.tgalpha.com\/wp-content\/uploads\/2025\/10\/media-and-text-image-1-1.webp 826w, https:\/\/wpvip.tgalpha.com\/wp-content\/uploads\/2025\/10\/media-and-text-image-1-1.webp?resize=300,244 300w, https:\/\/wpvip.tgalpha.com\/wp-content\/uploads\/2025\/10\/media-and-text-image-1-1.webp?resize=768,625 768w\" sizes=\"auto, (max-width: 826px) 100vw, 826px\" \/><\/figure><\/div>\n<\/div><\/section>\n\n\n\n<section class=\"wp-block-tg-banner-with-image banner-with-image container-fluid alignfull\" align=\"full\"><div class=\"container\">\n<div class=\"wp-block-media-text is-stacked-on-mobile is-vertically-aligned-top banner-with-image__container has-bw-250-background-color has-background\"><figure class=\"wp-block-media-text__media\"><img decoding=\"async\" src=\"https:\/\/wpvip.tgalpha.com\/wp-content\/plugins\/transfergo-blocks\/assets\/img\/banner-with-image\/banner-with-image-on-left.webp\" alt=\"\"\/><\/figure><div class=\"wp-block-media-text__content\">\n<h2 class=\"wp-block-heading has-text-align-left banner-with-image__heading is-style-bold-header-style has-blue-900-color has-text-color\">Warum brauchen Sie einen SWIFT\/BIC-Code?<\/h2>\n\n\n\n<p class=\"has-text-align-left banner-with-image__paragraph has-blue-900-color has-text-color\">Wenn Sie international Geld senden oder empfangen, verwenden Banken SWIFT\/BIC-Codes, um sicherzustellen, dass Ihre Gelder sicher und am richtigen Ort ankommen.<\/p>\n\n\n\n<p class=\"has-text-align-left banner-with-image__paragraph has-blue-900-color has-text-color\">Sie ben\u00f6tigen einen SWIFT\/BIC-Code f\u00fcr \u00dcberweisungen, SEPA-Zahlungen in Europa und andere grenz\u00fcberschreitende Transaktionen \u2013 im Grunde immer dann, wenn Sie Geld ins Ausland senden, damit Ihre Zahlung bei der richtigen Bank landet.<\/p>\n\n\n\n<p class=\"has-text-align-left banner-with-image__paragraph has-blue-900-color has-text-color\">Der richtige Code verhindert Fehler, Verz\u00f6gerungen und unn\u00f6tige Geb\u00fchren.<\/p>\n\n\n\n<div class=\"wp-block-buttons banner-with-image__buttons-wrapper is-content-justification-left is-layout-flex wp-container-core-buttons-is-layout-fc4fd283 wp-block-buttons-is-layout-flex\">\n<div class=\"wp-block-button banner-with-image__button\"><a class=\"wp-block-button__link wp-element-button\" href=\"https:\/\/app.transfergo.com\/de\/register\" target=\"_blank\" rel=\"noopener\">Geld senden<\/a><\/div>\n<\/div>\n<\/div><\/div>\n<\/div><\/section>\n\n\n\n<section class=\"wp-block-tg-fullwidth-swift-banner fullwidth-swift-banner container-fluid has-background alignfull has-blue-500-background-color\" align=\"full\"><div class=\"container\">\n<div class=\"wp-block-columns fullwidth-swift-banner__columns is-layout-flex wp-container-core-columns-is-layout-28f84493 wp-block-columns-is-layout-flex\">\n<div class=\"wp-block-column is-vertically-aligned-center fullwidth-swift-banner__column fullwidth-swift-banner__column--left is-layout-flow wp-block-column-is-layout-flow\">\n<h2 class=\"wp-block-heading has-text-align-left fullwidth-swift-banner__heading is-style-bold-header-style has-blue-900-color has-text-color\"><mark style=\"background-color:rgba(0, 0, 0, 0)\" class=\"has-inline-color has-bw-100-color\">Wie ist ein SWIFT\/BIC-Code formatiert?<\/mark><\/h2>\n\n\n\n<p class=\"has-text-align-left fullwidth-swift-banner__paragraph has-blue-900-color has-text-color\"><mark style=\"background-color:rgba(0, 0, 0, 0)\" class=\"has-inline-color has-bw-100-color\">Ein SWIFT\/BIC-Code ist 8\u201311 Zeichen lang und identifiziert die Bank, das Land, den Ort und die Filiale.<\/mark><\/p>\n<\/div>\n\n\n\n<div class=\"wp-block-column is-vertically-aligned-center fullwidth-swift-banner__column fullwidth-swift-banner__column--right is-layout-flow wp-block-column-is-layout-flow\">\n<div class=\"wp-block-group fullwidth-swift-banner__swift-container is-layout-flow wp-block-group-is-layout-flow\">\n<p class=\"has-text-align-center fullwidth-swift-banner__swift-heading is-style-h6-higher-header-style no-margin has-blue-900-color has-text-color\">Beispiel<\/p>\n\n\n\n<div class=\"wp-block-group fullwidth-swift-banner__swift-example-wrapper no-margin is-layout-flow wp-block-group-is-layout-flow\">\n<p class=\"has-text-align-center fullwidth-swift-banner__swift-example no-margin has-blue-900-color has-text-color has-medium-font-size\">Two check digits<\/p>\n\n\n\n<p class=\"has-text-align-center fullwidth-swift-banner__swift-example-code is-style-h5-higher-header-style no-margin has-blue-900-color has-blue-50-background-color has-text-color has-background\">AAAA &#8211; BB &#8211; CC &#8211; 123<\/p>\n<\/div>\n\n\n\n<div class=\"wp-block-group fullwidth-swift-banner__swift-bank-wrapper no-margin is-layout-flow wp-block-group-is-layout-flow\">\n<p class=\"has-text-align-center fullwidth-swift-banner__swift-bank no-margin has-blue-900-color has-text-color has-medium-font-size\">Bankcode<\/p>\n\n\n\n<p class=\"has-text-align-center fullwidth-swift-banner__swift-bank-code is-style-h6-higher-header-style no-margin has-blue-900-color has-blue-50-background-color has-text-color has-background\"> AAAA<\/p>\n<\/div>\n\n\n\n<div class=\"wp-block-group fullwidth-swift-banner__swift-country-wrapper no-margin is-layout-flow wp-block-group-is-layout-flow\">\n<p class=\"has-text-align-center fullwidth-swift-banner__swift-country no-margin has-blue-900-color has-text-color has-medium-font-size\">L\u00e4ndercode<\/p>\n\n\n\n<p class=\"has-text-align-center fullwidth-swift-banner__swift-country-code is-style-h6-higher-header-style no-margin has-blue-900-color has-blue-50-background-color has-text-color has-background\">BB<\/p>\n<\/div>\n\n\n\n<div class=\"wp-block-group fullwidth-swift-banner__swift-location-wrapper no-margin is-layout-flow wp-block-group-is-layout-flow\">\n<p class=\"has-text-align-center fullwidth-swift-banner__swift-location no-margin has-blue-900-color has-text-color has-medium-font-size\">Standortcode<\/p>\n\n\n\n<p class=\"has-text-align-center fullwidth-swift-banner__swift-location-code is-style-h6-higher-header-style no-margin has-blue-900-color has-blue-50-background-color has-text-color has-background\">CC<\/p>\n<\/div>\n\n\n\n<div class=\"wp-block-group fullwidth-swift-banner__swift-branch-wrapper no-margin is-layout-flow wp-block-group-is-layout-flow\">\n<p class=\"has-text-align-center fullwidth-swift-banner__swift-branch no-margin has-blue-900-color has-text-color has-medium-font-size\">Filialcode<\/p>\n\n\n\n<p class=\"has-text-align-center fullwidth-swift-banner__swift-branch-code is-style-h6-higher-header-style no-margin has-blue-900-color has-blue-50-background-color has-text-color has-background\">123<\/p>\n<\/div>\n<\/div>\n<\/div>\n<\/div>\n<\/div><\/section>\n\n\n\n<section class=\"wp-block-tg-trustpilot-slider trustpilot-slider container-fluid alignfull\" align=\"full\"><div class=\"container\">\n<h2 class=\"wp-block-heading has-text-align-center trustpilot-slider__heading is-style-h3-higher-header-style has-blue-900-color has-text-color\">Vertraut von \u00fcber <mark style=\"background-color:rgba(0, 0, 0, 0)\" class=\"has-inline-color has-blue-500-color\">9 Millionen Menschen<\/mark><\/h2>\n\n\n\n<p class=\"has-text-align-center trustpilot-slider__subheading is-style-h6-higher-header-style has-bw-700-color has-text-color\">Seit \u00fcber einem Jahrzehnt macht TransferGo Finanzdienstleistungen schneller, einfacher, erschwinglicher \u2013 und f\u00fcr diejenigen zug\u00e4nglicher, die sie am dringendsten brauchen.<\/p>\n\n\n\n<div class=\"wp-block-group trustpilot-slider__slider-container swiper is-layout-flow wp-block-group-is-layout-flow\">\n<div class=\"wp-block-tg-trustpilot-slider-repeater trustpilot-slider-repeater swiper-wrapper\">\n<div class=\"wp-block-tg-trustpilot-slider-item trustpilot-slider-item swiper-slide  has-alt-decoration\">\n<figure class=\"wp-block-image size-large trustpilot-slider-item__image--person\"><img decoding=\"async\" src=\"https:\/\/wpvip.tgalpha.com\/wp-content\/plugins\/transfergo-blocks\/assets\/img\/trustpilot-slider\/slider-woman.webp\" alt=\"\"\/><\/figure>\n\n\n\n<figure class=\"wp-block-image size-large trustpilot-slider-item__image--rating\"><img decoding=\"async\" src=\"https:\/\/wpvip.tgalpha.com\/wp-content\/plugins\/transfergo-blocks\/assets\/img\/trustpilot-slider\/trustpilot-rating.svg\" alt=\"\"\/><\/figure>\n\n\n\n<p class=\"has-text-align-left trustpilot-slider-item__heading is-style-h5-higher-header-style has-blue-900-color has-text-color\">&#8220;Wirklich guter Service!&#8221;<\/p>\n\n\n\n<p class=\"has-text-align-left trustpilot-slider-item__paragraph has-blue-900-color has-text-color\">&#8220;TransferGo hat mich direkt kontaktiert, als es ein Problem gab, und sie haben es schnell gel\u00f6st. Ich habe eine internationale \u00dcberweisung in nur ein paar Stunden gemacht.&#8221;<\/p>\n\n\n\n<div class=\"wp-block-buttons trustpilot-slider-item__buttons-wrapper is-content-justification-right is-layout-flex wp-container-core-buttons-is-layout-ca13948c wp-block-buttons-is-layout-flex\">\n<div class=\"wp-block-button trustpilot-slider-item__button is-style-button-black-with-underline-and-arrow-no-background\"><a class=\"wp-block-button__link wp-element-button\" href=\"https:\/\/de.trustpilot.com\/review\/transfergo.com\" target=\"_blank\" rel=\"noopener\">Lesen Sie mehr<\/a><\/div>\n<\/div>\n<\/div>\n\n\n\n<div class=\"wp-block-tg-trustpilot-slider-item trustpilot-slider-item swiper-slide\">\n<figure class=\"wp-block-image size-large trustpilot-slider-item__image--person\"><img decoding=\"async\" src=\"https:\/\/wpvip.tgalpha.com\/wp-content\/plugins\/transfergo-blocks\/assets\/img\/trustpilot-slider\/person.webp\" alt=\"\"\/><\/figure>\n\n\n\n<figure class=\"wp-block-image size-large trustpilot-slider-item__image--rating\"><img decoding=\"async\" src=\"https:\/\/wpvip.tgalpha.com\/wp-content\/plugins\/transfergo-blocks\/assets\/img\/trustpilot-slider\/trustpilot-rating.svg\" alt=\"\"\/><\/figure>\n\n\n\n<p class=\"has-text-align-left trustpilot-slider-item__heading is-style-h5-higher-header-style has-blue-900-color has-text-color\">&#8220;Tolles Unternehmen und wettbewerbsf\u00e4hige Tarife&#8221;<\/p>\n\n\n\n<p class=\"has-text-align-left trustpilot-slider-item__paragraph has-blue-900-color has-text-color\">&#8220;\u00dcberweisungen sind schnell und es gibt keine Geb\u00fchren. Die meisten \u00dcberweisungen sind kostenlos! Ich werde die Plattform allen Nigerianern empfehlen.&#8221;<\/p>\n\n\n\n<div class=\"wp-block-buttons trustpilot-slider-item__buttons-wrapper is-content-justification-right is-layout-flex wp-container-core-buttons-is-layout-ca13948c wp-block-buttons-is-layout-flex\">\n<div class=\"wp-block-button trustpilot-slider-item__button is-style-button-black-with-underline-and-arrow-no-background\"><a class=\"wp-block-button__link wp-element-button\" href=\"https:\/\/de.trustpilot.com\/review\/transfergo.com\" target=\"_blank\" rel=\"noopener\">Lesen Sie mehr<\/a><\/div>\n<\/div>\n<\/div>\n\n\n\n<div class=\"wp-block-tg-trustpilot-slider-item trustpilot-slider-item swiper-slide  has-alt-decoration-center\">\n<figure class=\"wp-block-image size-large trustpilot-slider-item__image--person\"><img decoding=\"async\" src=\"https:\/\/wpvip.tgalpha.com\/wp-content\/plugins\/transfergo-blocks\/assets\/img\/trustpilot-slider\/slider-man.webp\" alt=\"\"\/><\/figure>\n\n\n\n<figure class=\"wp-block-image size-large trustpilot-slider-item__image--rating\"><img decoding=\"async\" src=\"https:\/\/wpvip.tgalpha.com\/wp-content\/plugins\/transfergo-blocks\/assets\/img\/trustpilot-slider\/trustpilot-rating.svg\" alt=\"\"\/><\/figure>\n\n\n\n<p class=\"has-text-align-left trustpilot-slider-item__heading is-style-h5-higher-header-style has-blue-900-color has-text-color\">&#8220;Sehr guter Service&#8221;<\/p>\n\n\n\n<p class=\"has-text-align-left trustpilot-slider-item__paragraph has-blue-900-color has-text-color\">&#8220;Ich habe Geld auf mein anderes Bankkonto \u00fcberwiesen und es in Sekunden erhalten. Ich habe es all meinen Freunden empfohlen. Gute Arbeit!&#8221;<\/p>\n\n\n\n<div class=\"wp-block-buttons trustpilot-slider-item__buttons-wrapper is-content-justification-right is-layout-flex wp-container-core-buttons-is-layout-ca13948c wp-block-buttons-is-layout-flex\">\n<div class=\"wp-block-button trustpilot-slider-item__button is-style-button-black-with-underline-and-arrow-no-background\"><a class=\"wp-block-button__link wp-element-button\" href=\"https:\/\/de.trustpilot.com\/review\/transfergo.com\" target=\"_blank\" rel=\"noopener\">Lesen Sie mehr<\/a><\/div>\n<\/div>\n<\/div>\n<\/div>\n<\/div>\n<div class=\"trustpilot-slider__navigation\"><button class=\"swiper-button-prev\"><\/button><button class=\"swiper-button-next\"><\/button><\/div><\/div><\/section>\n\n\n\n<section class=\"wp-block-tg-faqs-accordion faqs-accordion container-fluid alignfull\" align=\"full\"><div class=\"container\">\n<h2 class=\"wp-block-heading has-text-align-center faqs-accordion__heading is-style-h3-higher-header-style has-blue-900-color has-text-color\">H\u00e4ufig gestellte Fragen<\/h2>\n\n\n\n<details class=\"wp-block-tg-faqs-accordion-item faqs-accordion-item open\" open><summary class=\"faqs-accordion-item__question is-style-h6-higher-header-style\">Was genau ist ein SWIFT-Code und warum wird er im internationalen Bankwesen verwendet?<\/summary><div class=\"faqs-accordion-item__height-wrapper\"><div class=\"faqs-accordion-item__content-wrapper\">\n<p>Ein SWIFT-Code hilft Banken, sich bei internationalen \u00dcberweisungen gegenseitig zu identifizieren \u2013 so kommt Ihr Geld sicher am richtigen Ort an.<\/p>\n<\/div><\/div><\/details>\n\n\n\n<details class=\"wp-block-tg-faqs-accordion-item faqs-accordion-item\"><summary class=\"faqs-accordion-item__question is-style-h6-higher-header-style\">Was bedeutet ein BIC-Code und wie funktioniert er bei grenz\u00fcberschreitenden Transaktionen?<\/summary><div class=\"faqs-accordion-item__height-wrapper\"><div class=\"faqs-accordion-item__content-wrapper\">\n<p>Ein BIC (Bank Identifier Code) ist ein anderer Name f\u00fcr einen SWIFT-Code \u2013 beide Begriffe werden synonym verwendet.<\/p>\n<\/div><\/div><\/details>\n\n\n\n<details class=\"wp-block-tg-faqs-accordion-item faqs-accordion-item\"><summary class=\"faqs-accordion-item__question is-style-h6-higher-header-style\">Sind SWIFT- und BIC-Codes dasselbe?<\/summary><div class=\"faqs-accordion-item__height-wrapper\"><div class=\"faqs-accordion-item__content-wrapper\">\n<p>Ja. SWIFT- und BIC-Codes beziehen sich auf denselben Standard zur Identifizierung von Banken weltweit.<\/p>\n<\/div><\/div><\/details>\n\n\n\n<details class=\"wp-block-tg-faqs-accordion-item faqs-accordion-item\"><summary class=\"faqs-accordion-item__question is-style-h6-higher-header-style\">Wie finde ich den richtigen SWIFT\/BIC-Code f\u00fcr meine Bank?<\/summary><div class=\"faqs-accordion-item__height-wrapper\"><div class=\"faqs-accordion-item__content-wrapper\">\n<p>Sie k\u00f6nnen unseren Finder oben nutzen, Ihren Kontoauszug pr\u00fcfen oder direkt bei Ihrer Bank nachfragen.<\/p>\n<\/div><\/div><\/details>\n\n\n\n<details class=\"wp-block-tg-faqs-accordion-item faqs-accordion-item\"><summary class=\"faqs-accordion-item__question is-style-h6-higher-header-style\">Was ist der Unterschied zwischen einem SWIFT-Code und einer IBAN?<\/summary><div class=\"faqs-accordion-item__height-wrapper\"><div class=\"faqs-accordion-item__content-wrapper\">\n<p>Ein SWIFT-Code identifiziert die Bank, w\u00e4hrend eine IBAN Ihr individuelles Konto bei dieser Bank identifiziert.<\/p>\n<\/div><\/div><\/details>\n\n\n\n<details class=\"wp-block-tg-faqs-accordion-item faqs-accordion-item\"><summary class=\"faqs-accordion-item__question is-style-h6-higher-header-style\">Wie sende ich international Geld mit einem SWIFT\/BIC-Code?<\/summary><div class=\"faqs-accordion-item__height-wrapper\"><div class=\"faqs-accordion-item__content-wrapper\">\n<p>Geben Sie bei der \u00dcberweisung einfach den SWIFT\/BIC-Code des Empf\u00e4ngers zusammen mit seiner IBAN oder Kontonummer ein.<\/p>\n<\/div><\/div><\/details>\n<\/div><\/section>\n","protected":false},"excerpt":{"rendered":"","protected":false},"author":7,"featured_media":0,"parent":0,"menu_order":0,"comment_status":"closed","ping_status":"closed","template":"","meta":{"hideMenuColor":false,"footnotes":""},"class_list":["post-722296","page","type-page","status-publish","hentry"],"jetpack_sharing_enabled":true,"hideMenuColor":false,"_links":{"self":[{"href":"https:\/\/wpvip.tgalpha.com\/de\/wp-json\/wp\/v2\/pages\/722296","targetHints":{"allow":["GET"]}}],"collection":[{"href":"https:\/\/wpvip.tgalpha.com\/de\/wp-json\/wp\/v2\/pages"}],"about":[{"href":"https:\/\/wpvip.tgalpha.com\/de\/wp-json\/wp\/v2\/types\/page"}],"author":[{"embeddable":true,"href":"https:\/\/wpvip.tgalpha.com\/de\/wp-json\/wp\/v2\/users\/7"}],"replies":[{"embeddable":true,"href":"https:\/\/wpvip.tgalpha.com\/de\/wp-json\/wp\/v2\/comments?post=722296"}],"version-history":[{"count":3,"href":"https:\/\/wpvip.tgalpha.com\/de\/wp-json\/wp\/v2\/pages\/722296\/revisions"}],"predecessor-version":[{"id":722299,"href":"https:\/\/wpvip.tgalpha.com\/de\/wp-json\/wp\/v2\/pages\/722296\/revisions\/722299"}],"wp:attachment":[{"href":"https:\/\/wpvip.tgalpha.com\/de\/wp-json\/wp\/v2\/media?parent=722296"}],"curies":[{"name":"wp","href":"https:\/\/api.w.org\/{rel}","templated":true}]}}