{"id":62925,"date":"2024-05-07T10:05:09","date_gmt":"2024-05-07T10:05:09","guid":{"rendered":"https:\/\/wpvip.tgalpha.com\/?page_id=62925"},"modified":"2025-04-09T08:11:45","modified_gmt":"2025-04-09T08:11:45","slug":"beschwerden-de","status":"publish","type":"page","link":"https:\/\/wpvip.tgalpha.com\/de\/beschwerden-de","title":{"rendered":"Complaints (DE)"},"content":{"rendered":"\n<h1 class=\"wp-block-heading has-text-align-left has-blue-500-color has-text-color has-link-color wp-elements-28c45266f5c8b8a75ef2b46e8e699d5b\">Beschwerdebehandlungsprozess<\/h1>\n\n\n\n<p class=\"has-text-align-left\"><strong>Uns liegt Ihre Erfahrung am Herzen<\/strong><\/p>\n\n\n\n<p class=\"has-text-align-left\">Bei TransferGo sind wir darauf bedacht, Ihnen den bestm\u00f6glichen Service zu bieten. Sollte etwas nicht stimmen, sind wir bereit, dies schnell und fair zu l\u00f6sen.<\/p>\n\n\n\n<h3 class=\"wp-block-heading has-text-align-left\">Wie Sie eine Beschwerde einreichen<\/h3>\n\n\n\n<p class=\"has-text-align-left\">Sie k\u00f6nnen eine Beschwerde \u00fcber folgende Kan\u00e4le einreichen:<\/p>\n\n\n\n<p>\ud83d\udce7 <strong>E-Mail: <\/strong><a href=\"mailto:complaints@transfergo.com\">complaints@transfergo.com<\/a><br>\ud83d\udcde <strong>Telefon:<\/strong><\/p>\n\n\n\n<ul class=\"wp-block-list\">\n<li>UK: +44 13 9269 4030<\/li>\n\n\n\n<li>EU: +49 30 2000 42053<\/li>\n<\/ul>\n\n\n\n<p>\ud83d\udcac <strong>Chat: <\/strong>Melden Sie sich in Ihrem TransferGo-Konto an, um einen Chat zu starten.<\/p>\n\n\n\n<h3 class=\"wp-block-heading\">Unser Beschwerdebehandlungsprozess<\/h3>\n\n\n\n<p><strong>Best\u00e4tigung: <\/strong>Wir senden Ihnen innerhalb von 2 Arbeitstagen eine schriftliche Best\u00e4tigung Ihrer Beschwerde.<br><strong>L\u00f6sung: <\/strong>Wir werden versuchen, innerhalb von 15 Arbeitstagen ab Erhalt Ihrer Beschwerde eine abschlie\u00dfende Antwort zu geben.<br><strong>Verl\u00e4ngerter Zeitrahmen:<\/strong> Wenn wir mehr Zeit zur L\u00f6sung Ihrer Beschwerde ben\u00f6tigen, werden wir Sie informieren und eine abschlie\u00dfende Antwort innerhalb von 35 Arbeitstagen nach Erhalt bereitstellen.<\/p>\n\n\n\n<p>Wenn Sie mit unserer Antwort nicht zufrieden sind oder wir nicht innerhalb der vorgegebenen Frist geantwortet haben, k\u00f6nnen Sie Ihre Beschwerde an die zust\u00e4ndige Stelle eskalieren. Weitere Details finden Sie unten.<\/p>\n\n\n\n<p>Diese Informationen werden auch in unserer abschlie\u00dfenden Antwort enthalten sein.<\/p>\n\n\n\n<h3 class=\"wp-block-heading\">Was Ihre Beschwerde enthalten muss<\/h3>\n\n\n\n<p>Um eine reibungslose und effiziente L\u00f6sung zu gew\u00e4hrleisten, f\u00fcgen Sie bitte folgende Details bei der Einreichung einer Beschwerde hinzu:<\/p>\n\n\n\n<p><strong>Ihren vollst\u00e4ndigen Namen und Nachnamen<\/strong> (bei Vertretung eines Unternehmens f\u00fcgen Sie bitte auch die Unternehmensdetails hinzu).<br><strong>Ihre Kontaktinformationen<\/strong> (E-Mail, Telefonnummer usw.).<br><strong>Eine detaillierte Beschreibung des Problems, <\/strong>einschlie\u00dflich relevanter Fakten und Umst\u00e4nde.<br><strong>Ihre bevorzugte Kommunikationsmethode<\/strong> (z.B. E-Mail, Telefon).<\/p>\n\n\n\n<p>Wenn Sie alle notwendigen Details bereitstellen, helfen Sie uns, Ihre Beschwerde so schnell wie m\u00f6glich zu bearbeiten.<\/p>\n\n\n\n<h3 class=\"wp-block-heading\">Unzufrieden mit dem Ergebnis?<\/h3>\n\n\n\n<p>Wenn Sie mit unserer Antwort nicht zufrieden sind, finden Sie unten die f\u00fcr Sie verf\u00fcgbaren n\u00e4chsten Schritte.<\/p>\n\n\n\n<h3 class=\"wp-block-heading\">Kunden von TransferGo Lithuania UAB (Bank of Lithuania \u2013 BoL)<\/h3>\n\n\n\n<p><strong>F\u00fcr Gesch\u00e4ftskunden (Nicht-Verbraucher): <\/strong>Wenn Sie Gesch\u00e4ftskunde sind und mit unserer Antwort nicht zufrieden sind, haben Sie das Recht, weitere Schritte zu unternehmen, indem Sie Klage vor Gericht einreichen.<\/p>\n\n\n\n<p><strong>F\u00fcr Verbraucher:<\/strong> Wenn Sie Verbraucher sind und mit unserer Antwort nicht zufrieden sind, k\u00f6nnen Sie Ihre Beschwerde an die Bank of Lithuania \u00fcber einen der folgenden Wege eskalieren:<\/p>\n\n\n\n<p><strong>Per Post: <\/strong>Totori\u0173 g. 4, 01121 Vilnius<br><strong>Per E-Mail:<\/strong> <a href=\"mailto:prieziura@lb.lt\">prieziura@lb.lt<\/a><br><strong>\u00dcber das System der Bank of Lithuania<br>\u00dcber das FIN-NET-Netzwerk<\/strong> \u2013 <a href=\"https:\/\/finance.ec.europa.eu\/consumer-finance-and-payments\/retail-financial-services\/financial-dispute-resolution-network-fin-net_en\" target=\"_blank\" rel=\"noopener\">Klicken Sie hier, um auf FIN-NET zuzugreifen<\/a><\/p>\n\n\n\n<h3 class=\"wp-block-heading\">Kunden von TransferGo Ltd (Financial Ombudsman Service \u2013 FOS)<\/h3>\n\n\n\n<p><strong>F\u00fcr Gesch\u00e4ftskunden: <\/strong>Wenn Sie Gesch\u00e4ftskunde sind und mit unserer Antwort nicht zufrieden sind, k\u00f6nnen Sie berechtigt sein, Ihre Beschwerde an den <strong>Financial Ombudsman Service (FOS) <\/strong>zu eskalieren. Um die Berechtigung zu pr\u00fcfen, besuchen Sie: Financial Ombudsman Service \u2013 Wen wir unterst\u00fctzen k\u00f6nnen.<\/p>\n\n\n\n<p><strong>F\u00fcr alle Kunden: <\/strong>Wenn Ihre Beschwerde ungel\u00f6st bleibt, k\u00f6nnen Sie den <strong>Financial Ombudsman Service (FOS<\/strong>) kontaktieren. Bitte beachten Sie, dass \u00dcberweisungen an den FOS innerhalb von sechs Monaten nach Datum unserer abschlie\u00dfenden Antwort erfolgen m\u00fcssen.<\/p>\n\n\n\n<p>\ud83d\udccc <strong>Website<\/strong>: <a href=\"http:\/\/www.financial-ombudsman.org.uk\" target=\"_blank\" rel=\"noopener\">www.financial-ombudsman.org.uk<\/a><br>\ud83d\udccc <strong>Telefon<\/strong>: 0800 023 4567<br>\ud83d\udccc <strong>E-Mail<\/strong>: <a href=\"mailto:complaint.info@financial-ombudsman.org.uk\">complaint.info@financial-ombudsman.org.uk<\/a><br>\ud83d\udccc <strong>Adresse<\/strong>: Exchange Tower, London, E14 9SR<\/p>\n\n\n\n<p>Der FOS bietet eine unabh\u00e4ngige L\u00f6sung f\u00fcr Ihre Beschwerde, falls diese nicht zu Ihrer Zufriedenheit gel\u00f6st wurde.<br>Wenn Sie in keine dieser Kategorien fallen, werden wir dennoch unser Bestes geben, um Ihre Beschwerde fair und objektiv zu behandeln.<\/p>\n","protected":false},"excerpt":{"rendered":"<p>Beschwerdebehandlungsprozess Uns liegt Ihre Erfahrung am Herzen Bei TransferGo sind wir darauf bedacht, Ihnen den bestm\u00f6glichen Service zu bieten. Sollte etwas nicht stimmen, sind wir bereit, dies schnell und fair zu l\u00f6sen. Wie Sie eine Beschwerde einreichen Sie k\u00f6nnen eine Beschwerde \u00fcber folgende Kan\u00e4le einreichen: \ud83d\udce7 E-Mail: complaints@transfergo.com\ud83d\udcde Telefon: \ud83d\udcac Chat: Melden Sie sich in [&hellip;]<\/p>\n","protected":false},"author":39,"featured_media":0,"parent":0,"menu_order":0,"comment_status":"closed","ping_status":"closed","template":"","meta":{"hideMenuColor":false,"footnotes":""},"class_list":["post-62925","page","type-page","status-publish","hentry"],"jetpack_sharing_enabled":true,"hideMenuColor":false,"_links":{"self":[{"href":"https:\/\/wpvip.tgalpha.com\/de\/wp-json\/wp\/v2\/pages\/62925","targetHints":{"allow":["GET"]}}],"collection":[{"href":"https:\/\/wpvip.tgalpha.com\/de\/wp-json\/wp\/v2\/pages"}],"about":[{"href":"https:\/\/wpvip.tgalpha.com\/de\/wp-json\/wp\/v2\/types\/page"}],"author":[{"embeddable":true,"href":"https:\/\/wpvip.tgalpha.com\/de\/wp-json\/wp\/v2\/users\/39"}],"replies":[{"embeddable":true,"href":"https:\/\/wpvip.tgalpha.com\/de\/wp-json\/wp\/v2\/comments?post=62925"}],"version-history":[{"count":7,"href":"https:\/\/wpvip.tgalpha.com\/de\/wp-json\/wp\/v2\/pages\/62925\/revisions"}],"predecessor-version":[{"id":231663,"href":"https:\/\/wpvip.tgalpha.com\/de\/wp-json\/wp\/v2\/pages\/62925\/revisions\/231663"}],"wp:attachment":[{"href":"https:\/\/wpvip.tgalpha.com\/de\/wp-json\/wp\/v2\/media?parent=62925"}],"curies":[{"name":"wp","href":"https:\/\/api.w.org\/{rel}","templated":true}]}}