{"id":238714,"date":"2025-04-14T09:44:49","date_gmt":"2025-04-14T09:44:49","guid":{"rendered":"https:\/\/wpvip.tgalpha.com\/?page_id=238714"},"modified":"2025-10-27T16:49:49","modified_gmt":"2025-10-27T16:49:49","slug":"konto","status":"publish","type":"page","link":"https:\/\/wpvip.tgalpha.com\/de\/konto","title":{"rendered":"Multi-currency account (DE)"},"content":{"rendered":"\n<section class=\"wp-block-tg-hero-multi-currency-account hero-multi-currency-account container-fluid alignfull\" align=\"full\"><div class=\"container\">\n<div class=\"wp-block-columns hero-multi-currency-account__columns is-layout-flex wp-container-core-columns-is-layout-28f84493 wp-block-columns-is-layout-flex\">\n<div class=\"wp-block-column hero-multi-currency-account__column hero-multi-currency-account__column--left is-layout-flow wp-block-column-is-layout-flow\">\n<p class=\"hero-multi-currency-account__subtitle is-style-h4-higher-header-style is-style-bold-subheader-style has-blue-500-color has-text-color\">Multiw\u00e4hrungskonto<\/p>\n\n\n\n<h1 class=\"wp-block-heading has-text-align-left hero-multi-currency-account__title is-style-h2-higher-header-style has-blue-900-color has-text-color\">Dein Geld voller M\u00f6glichkeiten<\/h1>\n\n\n\n<p class=\"has-text-align-left hero-multi-currency-account__text has-blue-900-color has-text-color\">Mit sofortigen, kostenlosen \u00dcberweisungen zwischen Konten erm\u00f6glicht dir unser All-in-One-Multiw\u00e4hrungskonto, internationale Zahlungen zu senden und zu empfangen, mehrere W\u00e4hrungsguthaben zu halten, W\u00e4hrungen im Konto umzutauschen \u2013 und mehr.<\/p>\n\n\n\n<div class=\"wp-block-buttons hero-multi-currency-account__buttons is-layout-flex wp-block-buttons-is-layout-flex\">\n<div class=\"wp-block-button hero-multi-currency-account__button is-style-button-with-arrow\"><a class=\"wp-block-button__link wp-element-button\" href=\"https:\/\/app.transfergo.com\/de\/register\" target=\"_blank\" rel=\"noopener\">Ein kostenloses Konto erstellen<\/a><\/div>\n<\/div>\n<\/div>\n\n\n\n<div class=\"wp-block-column hero-multi-currency-account__column hero-multi-currency-account__column--right is-layout-flow wp-block-column-is-layout-flow\">\n<figure class=\"wp-block-image size-large hero-multi-currency-account__image\"><img decoding=\"async\" src=\"https:\/\/wpvip.tgalpha.com\/wp-content\/plugins\/transfergo-blocks\/assets\/img\/multi-currency-images\/multi-currency-main-image.webp\" alt=\"\"\/><\/figure>\n\n\n\n<figure class=\"wp-block-gallery has-nested-images columns-default is-cropped hero-multi-currency-account__gallery wp-block-gallery-1 is-layout-flex wp-block-gallery-is-layout-flex\">\n<figure class=\"wp-block-image size-large\"><img decoding=\"async\" src=\"https:\/\/wpvip.tgalpha.com\/wp-content\/plugins\/transfergo-blocks\/assets\/img\/multi-currency-images\/gallery-image-0.svg\" alt=\"\"\/><\/figure>\n\n\n\n<figure class=\"wp-block-image size-large\"><img decoding=\"async\" src=\"https:\/\/wpvip.tgalpha.com\/wp-content\/plugins\/transfergo-blocks\/assets\/img\/multi-currency-images\/gallery-image-1.svg\" alt=\"\"\/><\/figure>\n\n\n\n<figure class=\"wp-block-image size-large\"><img decoding=\"async\" src=\"https:\/\/wpvip.tgalpha.com\/wp-content\/plugins\/transfergo-blocks\/assets\/img\/multi-currency-images\/gallery-image-2.svg\" alt=\"\"\/><\/figure>\n\n\n\n<figure class=\"wp-block-image size-large\"><img decoding=\"async\" data-id=\"717952\" src=\"https:\/\/wpvip.tgalpha.com\/wp-content\/plugins\/transfergo-blocks\/assets\/img\/multi-currency-images\/gallery-image-3.svg\" alt=\"\" class=\"wp-image-717952\"\/><\/figure>\n\n\n\n<figure class=\"wp-block-image size-full size-large\"><img decoding=\"async\" data-id=\"720375\" src=\"https:\/\/wpvip.tgalpha.com\/de\/wp-content\/uploads\/2025\/10\/account-widget-add.svg\" alt=\"\" class=\"wp-image-720375\"\/><\/figure>\n<\/figure>\n<\/div>\n<\/div>\n<\/div><\/section>\n\n\n\n<section class=\"wp-block-tg-slider slider container-fluid alignfull\" align=\"full\"><div class=\"container\">\n<h2 class=\"wp-block-heading has-text-align-center slider__heading is-style-bold-header-style typo-fix has-blue-900-color has-text-color\"><mark class=\"has-inline-color has-blue-500-color\">Senden, empfangen und umtauschen<\/mark> <br>von einem globalen Konto aus<\/h2>\n\n\n\n<p class=\"has-text-align-center slider__subheading is-style-h6-higher-header-style typo-fix has-blue-900-color has-text-color\">Entwickelt, um den Aufwand und die hohen Kosten der internationalen Geldverwaltung zu reduzieren, bietet dir das TransferGo-Multiw\u00e4hrungskonto die Einfachheit, Vielseitigkeit und Wert in gleichem Ma\u00dfe.<\/p>\n\n\n\n<div class=\"wp-block-group slider__cards-group is-layout-flow wp-block-group-is-layout-flow\">\n<div class=\"wp-block-columns slider__cards swiper-wrapper is-layout-flex wp-container-core-columns-is-layout-28f84493 wp-block-columns-is-layout-flex\">\n<div class=\"wp-block-column slider__card swiper-slide is-layout-flow wp-block-column-is-layout-flow\">\n<figure class=\"wp-block-image aligncenter size-full slider__card-image\"><img loading=\"lazy\" decoding=\"async\" width=\"328\" height=\"420\" src=\"https:\/\/wpvip.tgalpha.com\/de\/wp-content\/uploads\/2025\/05\/multiple_currency_fb13f2.webp\" alt=\"\" class=\"wp-image-253269\" srcset=\"https:\/\/wpvip.tgalpha.com\/wp-content\/uploads\/2025\/05\/multiple_currency_fb13f2.webp 328w, https:\/\/wpvip.tgalpha.com\/wp-content\/uploads\/2025\/05\/multiple_currency_fb13f2.webp?resize=234,300 234w\" sizes=\"auto, (max-width: 328px) 100vw, 328px\" \/><\/figure>\n\n\n\n<h3 class=\"wp-block-heading has-text-align-left slider__card-title is-style-h4-higher-header-style typo-fix has-blue-900-color has-text-color\">Mehrere W\u00e4hrungsguthaben<\/h3>\n\n\n\n<p class=\"has-text-align-left slider__card-paragraph typo-fix has-bw-900-color has-text-color\">Hold and manage GBP, EUR, PLN and RON\u2014with even more currencies on the way. Explore our currency account pages to learn more.<\/p>\n<\/div>\n\n\n\n<div class=\"wp-block-column slider__card swiper-slide is-layout-flow wp-block-column-is-layout-flow\">\n<figure class=\"wp-block-image aligncenter size-full slider__card-image\"><img loading=\"lazy\" decoding=\"async\" width=\"328\" height=\"420\" src=\"https:\/\/wpvip.tgalpha.com\/de\/wp-content\/uploads\/2025\/05\/send_3c5d9e.webp\" alt=\"\" class=\"wp-image-253281\" srcset=\"https:\/\/wpvip.tgalpha.com\/wp-content\/uploads\/2025\/05\/send_3c5d9e.webp 328w, https:\/\/wpvip.tgalpha.com\/wp-content\/uploads\/2025\/05\/send_3c5d9e.webp?resize=234,300 234w\" sizes=\"auto, (max-width: 328px) 100vw, 328px\" \/><\/figure>\n\n\n\n<h3 class=\"wp-block-heading has-text-align-left slider__card-title is-style-h4-higher-header-style typo-fix has-blue-900-color has-text-color\">Vorteile von Konto-zu-Konto<\/h3>\n\n\n\n<p class=\"has-text-align-left slider__card-paragraph typo-fix has-bw-900-color has-text-color\">Genie\u00dfe sofortige, geb\u00fchrenfreie \u00dcberweisungen auf jedes andere TransferGo-Multiw\u00e4hrungskonto. Keine Bankdaten, keine zus\u00e4tzlichen Schritte. Einfach tippen und unschlagbare Geschwindigkeit und M\u00f6glichkeiten genie\u00dfen.<\/p>\n<\/div>\n\n\n\n<div class=\"wp-block-column slider__card swiper-slide is-layout-flow wp-block-column-is-layout-flow\">\n<figure class=\"wp-block-image aligncenter size-full slider__card-image\"><img loading=\"lazy\" decoding=\"async\" width=\"328\" height=\"420\" src=\"https:\/\/wpvip.tgalpha.com\/de\/wp-content\/uploads\/2025\/05\/exchange_907f5a.webp\" alt=\"\" class=\"wp-image-253293\" srcset=\"https:\/\/wpvip.tgalpha.com\/wp-content\/uploads\/2025\/05\/exchange_907f5a.webp 328w, https:\/\/wpvip.tgalpha.com\/wp-content\/uploads\/2025\/05\/exchange_907f5a.webp?resize=234,300 234w\" sizes=\"auto, (max-width: 328px) 100vw, 328px\" \/><\/figure>\n\n\n\n<h3 class=\"wp-block-heading has-text-align-left slider__card-title is-style-h4-higher-header-style typo-fix has-blue-900-color has-text-color\">Exklusiver In-App-W\u00e4hrungsumtausch<\/h3>\n\n\n\n<p class=\"has-text-align-left slider__card-paragraph typo-fix has-bw-900-color has-text-color\">Nutze Echtzeit-FX-Kurse und tausche W\u00e4hrungen zwischen Guthaben innerhalb deines Kontos um.<\/p>\n<\/div>\n<\/div>\n\n\n\n<div style=\"height:6px\" aria-hidden=\"true\" class=\"wp-block-spacer swiper-pagination\"><\/div>\n<\/div>\n\n\n\n<div class=\"wp-block-buttons slider__buttons-wrapper is-content-justification-center is-layout-flex wp-container-core-buttons-is-layout-a89b3969 wp-block-buttons-is-layout-flex\">\n<div class=\"wp-block-button slider__button is-style-button-with-arrow\"><a class=\"wp-block-button__link wp-element-button\" href=\"https:\/\/app.transfergo.com\/de\/register\" target=\"_blank\" rel=\"noopener\">Kostenlos anmelden<\/a><\/div>\n<\/div>\n<\/div><\/section>\n\n\n\n<section class=\"wp-block-tg-scroll-pinned-cards scroll-pinned-cards container-fluid alignfull\" align=\"full\"><div class=\"container\">\n<h2 class=\"wp-block-heading has-text-align-center scroll-pinned-cards__title is-style-bold-header-style has-blue-900-color has-text-color\">Warum ein Multiw\u00e4hrungskonto <br>von TransferGo w\u00e4hlen?<\/h2>\n\n\n\n<p class=\"has-text-align-center scroll-pinned-cards__paragraph has-blue-900-color has-text-color has-large-font-size\">Mit sowohl EU- als auch GB-IBANs ist unser globales Konto die perfekte L\u00f6sung f\u00fcr alle, die regelm\u00e4\u00dfig Zahlungen ins Ausland t\u00e4tigen oder empfangen, Verm\u00f6gen \u00fcber Grenzen hinweg verwalten, h\u00e4ufig reisen \u2013 oder einfach mehr als einen Ort sein Zuhause nennen.<\/p>\n\n\n\n<div class=\"wp-block-group scroll-pinned-cards__cards-container is-layout-flow wp-block-group-is-layout-flow\">\n<div class=\"wp-block-tg-pinned-cards-repeater pinned-cards-repeater\">\n<div class=\"wp-block-tg-pinned-card-with-image pinned-card-with-image scroll-pinned-cards__card has-background-color\">\n<div class=\"wp-block-columns pinned-card-with-image__columns is-layout-flex wp-container-core-columns-is-layout-28f84493 wp-block-columns-is-layout-flex\">\n<div class=\"wp-block-column pinned-card-with-image__column pinned-card-with-image__column--left is-layout-flow wp-block-column-is-layout-flow\">\n<h3 class=\"wp-block-heading has-text-align-left pinned-card-with-image__card-heading is-style-bold-header-style has-blue-900-color has-text-color\">Profitiere noch mehr von deinem Geld<\/h3>\n\n\n\n<p class=\"has-text-align-left pinned-card-with-image__card-paragraph has-blue-900-color has-text-color has-large-font-size\">Mit ber\u00fchmt niedrigen Geb\u00fchren, wettbewerbsf\u00e4higen Wechselkursen \u2013 und kostenlosen \u00dcberweisungen von Konto zu Konto \u2013 bietet unser Fremdw\u00e4hrungskonto echten Mehrwert.<\/p>\n<\/div>\n\n\n\n<div class=\"wp-block-column pinned-card-with-image__column pinned-card-with-image__column--right is-layout-flow wp-block-column-is-layout-flow\">\n<figure class=\"wp-block-image size-full pinned-card-with-image__card-image\"><img loading=\"lazy\" decoding=\"async\" width=\"998\" height=\"848\" src=\"https:\/\/wpvip.tgalpha.com\/de\/wp-content\/uploads\/2025\/10\/card-image-0.webp\" alt=\"\" class=\"wp-image-720206\" srcset=\"https:\/\/wpvip.tgalpha.com\/wp-content\/uploads\/2025\/10\/card-image-0.webp 998w, https:\/\/wpvip.tgalpha.com\/wp-content\/uploads\/2025\/10\/card-image-0.webp?resize=300,255 300w, https:\/\/wpvip.tgalpha.com\/wp-content\/uploads\/2025\/10\/card-image-0.webp?resize=768,653 768w\" sizes=\"auto, (max-width: 998px) 100vw, 998px\" \/><\/figure>\n<\/div>\n<\/div>\n<\/div>\n\n\n\n<div class=\"wp-block-tg-pinned-card-with-image pinned-card-with-image scroll-pinned-cards__card has-background-color\">\n<div class=\"wp-block-columns pinned-card-with-image__columns is-layout-flex wp-container-core-columns-is-layout-28f84493 wp-block-columns-is-layout-flex\">\n<div class=\"wp-block-column pinned-card-with-image__column pinned-card-with-image__column--left is-layout-flow wp-block-column-is-layout-flow\">\n<h3 class=\"wp-block-heading has-text-align-left pinned-card-with-image__card-heading is-style-bold-header-style has-blue-900-color has-text-color\">Verwalte mehrere W\u00e4hrungen von Gro\u00dfbritannien aus<\/h3>\n\n\n\n<p class=\"has-text-align-left pinned-card-with-image__card-paragraph has-blue-900-color has-text-color has-large-font-size\">Au\u00dferdem, dass du bis zu vier W\u00e4hrungen in deinem Konto halten, empfangen und umtauschen kannst, erm\u00f6glicht dir unser Zahlungsdienst \u00dcberweisungen in \u00fcber 160 L\u00e4nder zu t\u00e4tigen.<\/p>\n<\/div>\n\n\n\n<div class=\"wp-block-column pinned-card-with-image__column pinned-card-with-image__column--right is-layout-flow wp-block-column-is-layout-flow\">\n<figure class=\"wp-block-image size-large pinned-card-with-image__card-image\"><img loading=\"lazy\" decoding=\"async\" height=\"775\" width=\"1024\" src=\"https:\/\/wpvip.tgalpha.com\/de\/wp-content\/uploads\/2025\/10\/card-image-1.webp?resize=1024,775\" alt=\"\" class=\"wp-image-720218\" srcset=\"https:\/\/wpvip.tgalpha.com\/wp-content\/uploads\/2025\/10\/card-image-1.webp 1120w, https:\/\/wpvip.tgalpha.com\/wp-content\/uploads\/2025\/10\/card-image-1.webp?resize=300,227 300w, https:\/\/wpvip.tgalpha.com\/wp-content\/uploads\/2025\/10\/card-image-1.webp?resize=768,581 768w, https:\/\/wpvip.tgalpha.com\/wp-content\/uploads\/2025\/10\/card-image-1.webp?resize=1024,775 1024w\" sizes=\"auto, (max-width: 1024px) 100vw, 1024px\" \/><\/figure>\n<\/div>\n<\/div>\n<\/div>\n\n\n\n<div class=\"wp-block-tg-pinned-card-with-image pinned-card-with-image scroll-pinned-cards__card has-background-color\">\n<div class=\"wp-block-columns pinned-card-with-image__columns is-layout-flex wp-container-core-columns-is-layout-28f84493 wp-block-columns-is-layout-flex\">\n<div class=\"wp-block-column pinned-card-with-image__column pinned-card-with-image__column--left is-layout-flow wp-block-column-is-layout-flow\">\n<h3 class=\"wp-block-heading has-text-align-left pinned-card-with-image__card-heading is-style-bold-header-style has-blue-900-color has-text-color\">Erlebe sofortige \u00dcberweisungen<\/h3>\n\n\n\n<p class=\"has-text-align-left pinned-card-with-image__card-paragraph has-blue-900-color has-text-color has-large-font-size\">Bereit f\u00fcr Geschwindigkeiten der n\u00e4chsten Stufe? Internationale Zahlungen sind so schnell wie bequem. Dazu kannst du sofortige \u00dcberweisungen an jeden anderen mit einem TransferGo-Multiw\u00e4hrungskonto genie\u00dfen.<\/p>\n<\/div>\n\n\n\n<div class=\"wp-block-column pinned-card-with-image__column pinned-card-with-image__column--right is-layout-flow wp-block-column-is-layout-flow\">\n<figure class=\"wp-block-image size-large pinned-card-with-image__card-image\"><img loading=\"lazy\" decoding=\"async\" height=\"740\" width=\"1024\" src=\"https:\/\/wpvip.tgalpha.com\/de\/wp-content\/uploads\/2025\/10\/de-card.webp?resize=1024,740\" alt=\"\" class=\"wp-image-720387\" srcset=\"https:\/\/wpvip.tgalpha.com\/wp-content\/uploads\/2025\/10\/de-card.webp 1218w, https:\/\/wpvip.tgalpha.com\/wp-content\/uploads\/2025\/10\/de-card.webp?resize=300,217 300w, https:\/\/wpvip.tgalpha.com\/wp-content\/uploads\/2025\/10\/de-card.webp?resize=768,555 768w, https:\/\/wpvip.tgalpha.com\/wp-content\/uploads\/2025\/10\/de-card.webp?resize=1024,740 1024w\" sizes=\"auto, (max-width: 1024px) 100vw, 1024px\" \/><\/figure>\n<\/div>\n<\/div>\n<\/div>\n\n\n\n<div class=\"wp-block-tg-pinned-card-with-image pinned-card-with-image scroll-pinned-cards__card has-background-color\">\n<div class=\"wp-block-columns pinned-card-with-image__columns is-layout-flex wp-container-core-columns-is-layout-28f84493 wp-block-columns-is-layout-flex\">\n<div class=\"wp-block-column pinned-card-with-image__column pinned-card-with-image__column--left is-layout-flow wp-block-column-is-layout-flow\">\n<h3 class=\"wp-block-heading has-text-align-left pinned-card-with-image__card-heading is-style-bold-header-style has-blue-900-color has-text-color\">Erhalte die bankkonforme Sicherheit<\/h3>\n\n\n\n<p class=\"has-text-align-left pinned-card-with-image__card-paragraph has-blue-900-color has-text-color has-large-font-size\">Dein Geld ist auf jedem Schritt des Weges gesch\u00fctzt dank modernster Sicherheitsma\u00dfnahmen und Protokolle.<br><br>Und da wir alle regulatorischen Anforderungen erf\u00fcllen, ist jede \u00dcberweisung bis zur Auszahlung abgesichert.<\/p>\n<\/div>\n\n\n\n<div class=\"wp-block-column pinned-card-with-image__column pinned-card-with-image__column--right is-layout-flow wp-block-column-is-layout-flow\">\n<figure class=\"wp-block-image size-large pinned-card-with-image__card-image\"><img loading=\"lazy\" decoding=\"async\" height=\"740\" width=\"1024\" src=\"https:\/\/wpvip.tgalpha.com\/de\/wp-content\/uploads\/2025\/10\/card-image-3.webp?resize=1024,740\" alt=\"\" class=\"wp-image-720242\" srcset=\"https:\/\/wpvip.tgalpha.com\/wp-content\/uploads\/2025\/10\/card-image-3.webp 1251w, https:\/\/wpvip.tgalpha.com\/wp-content\/uploads\/2025\/10\/card-image-3.webp?resize=300,217 300w, https:\/\/wpvip.tgalpha.com\/wp-content\/uploads\/2025\/10\/card-image-3.webp?resize=768,555 768w, https:\/\/wpvip.tgalpha.com\/wp-content\/uploads\/2025\/10\/card-image-3.webp?resize=1024,740 1024w\" sizes=\"auto, (max-width: 1024px) 100vw, 1024px\" \/><\/figure>\n<\/div>\n<\/div>\n<\/div>\n\n\n\n<div class=\"wp-block-tg-pinned-card-with-image pinned-card-with-image scroll-pinned-cards__card has-background-color\">\n<div class=\"wp-block-columns pinned-card-with-image__columns is-layout-flex wp-container-core-columns-is-layout-28f84493 wp-block-columns-is-layout-flex\">\n<div class=\"wp-block-column pinned-card-with-image__column pinned-card-with-image__column--left is-layout-flow wp-block-column-is-layout-flow\">\n<h3 class=\"wp-block-heading has-text-align-left pinned-card-with-image__card-heading is-style-bold-header-style has-blue-900-color has-text-color\">Verbinde dich mit Support-Experten<\/h3>\n\n\n\n<p class=\"has-text-align-left pinned-card-with-image__card-paragraph has-blue-900-color has-text-color has-large-font-size\">Wenn du jemals Hilfe ben\u00f6tigen wirst, kannst du mit unserem erstklassigen und engagierten Support-Team rechnen, das dich in einer der neun Sprachen unterst\u00fctzen wird.<\/p>\n<\/div>\n\n\n\n<div class=\"wp-block-column pinned-card-with-image__column pinned-card-with-image__column--right is-layout-flow wp-block-column-is-layout-flow\">\n<figure class=\"wp-block-image size-large pinned-card-with-image__card-image\"><img loading=\"lazy\" decoding=\"async\" height=\"740\" width=\"1024\" src=\"https:\/\/wpvip.tgalpha.com\/de\/wp-content\/uploads\/2025\/10\/card-image-4.webp?resize=1024,740\" alt=\"\" class=\"wp-image-720254\" srcset=\"https:\/\/wpvip.tgalpha.com\/wp-content\/uploads\/2025\/10\/card-image-4.webp 1309w, https:\/\/wpvip.tgalpha.com\/wp-content\/uploads\/2025\/10\/card-image-4.webp?resize=300,217 300w, https:\/\/wpvip.tgalpha.com\/wp-content\/uploads\/2025\/10\/card-image-4.webp?resize=768,555 768w, https:\/\/wpvip.tgalpha.com\/wp-content\/uploads\/2025\/10\/card-image-4.webp?resize=1024,740 1024w\" sizes=\"auto, (max-width: 1024px) 100vw, 1024px\" \/><\/figure>\n<\/div>\n<\/div>\n<\/div>\n<\/div>\n<\/div>\n<\/div><\/section>\n\n\n\n<section class=\"wp-block-tg-banner-with-two-cards banner-with-two-cards container-fluid alignfull\" align=\"full\"><div class=\"container\">\n<div class=\"wp-block-columns banner-with-two-cards__columns is-layout-flex wp-container-core-columns-is-layout-28f84493 wp-block-columns-is-layout-flex\">\n<div class=\"wp-block-column banner-with-two-cards__column banner-with-two-cards__column--right has-blue-500-background-color has-background is-layout-flow wp-block-column-is-layout-flow\">\n<h2 class=\"wp-block-heading has-text-align-left banner-with-two-cards__card-heading typo-fix is-style-bold-header-style has-bw-100-color has-text-color\">Bereit, dein Multiw\u00e4hrungskonto zu er\u00f6ffnen?<\/h2>\n\n\n\n<p class=\"has-text-align-left banner-with-two-cards__card-paragraph typo-fix has-bw-100-color has-text-color\">Es ist an der Zeit, alle zukunftsweisenden Finanztools und Funktionen zu nutzen. Und denk daran \u2013 die Einrichtung und F\u00fchrung des Kontos ist kostenlos. Du hast einfach nichts zu verlieren!<\/p>\n\n\n\n<figure class=\"wp-block-image banner-with-two-cards__card-image banner-with-two-cards__card-image--right-column\"><img decoding=\"async\" src=\"https:\/\/wpvip.tgalpha.com\/wp-content\/plugins\/transfergo-blocks\/assets\/img\/banner-with-two-cards\/coins.svg\" alt=\"\"\/><\/figure>\n\n\n\n<div class=\"wp-block-buttons banner-with-two-cards__card-buttons is-layout-flex wp-block-buttons-is-layout-flex\">\n<div class=\"wp-block-button is-style-button-with-arrow\"><a class=\"wp-block-button__link wp-element-button\" href=\"https:\/\/app.transfergo.com\/de\/register\" target=\"_blank\" rel=\"noopener\">Ein Konto er\u00f6ffnen<\/a><\/div>\n<\/div>\n<\/div>\n\n\n\n<div class=\"wp-block-column banner-with-two-cards__column banner-with-two-cards__column--left has-bw-250-background-color has-background is-layout-flow wp-block-column-is-layout-flow\">\n<h2 class=\"wp-block-heading has-text-align-left banner-with-two-cards__card-heading typo-fix is-style-bold-header-style has-bw-900-color has-text-color\">Unternehmen, welches das Vertrauen von Millionen weltweit genie\u00dft<\/h2>\n\n\n\n<p class=\"has-text-align-left banner-with-two-cards__card-paragraph typo-fix has-bw-900-color has-text-color\">Seit \u00fcber einem Jahrzehnt bietet TransferGo schnellere, einfachere und kosteng\u00fcnstigere Finanzdienstleistungen. Dazu sind sie zug\u00e4nglicher f\u00fcr diejenigen, die sie am meisten ben\u00f6tigen.<\/p>\n\n\n\n<figure class=\"wp-block-image banner-with-two-cards__card-image banner-with-two-cards__card-image--left-column\"><img decoding=\"async\" src=\"https:\/\/wpvip.tgalpha.com\/wp-content\/plugins\/transfergo-blocks\/assets\/img\/banner-with-two-cards\/portraits-with-decorations.webp\" alt=\"\"\/><\/figure>\n\n\n\n\n<div class=\"wp-block-button button-fca\"><button type=\"button\" class=\"wp-block-button__link wp-element-button\">Sicher und durch die FCA zugelassen<\/button><\/div>\n\n<\/div>\n<\/div>\n<\/div><\/section>\n\n\n\n<section class=\"wp-block-tg-faqs-accordion faqs-accordion container-fluid alignfull\" align=\"full\"><div class=\"container\">\n<h2 class=\"wp-block-heading has-text-align-center faqs-accordion__heading is-style-h3-higher-header-style has-blue-900-color has-text-color\">H\u00e4ufig gestellte Fragen<\/h2>\n\n\n\n<details class=\"wp-block-tg-faqs-accordion-item faqs-accordion-item open\" open><summary class=\"faqs-accordion-item__question is-style-h6-higher-header-style\">Wie er\u00f6ffne ich ein Multiw\u00e4hrungskonto?<\/summary><div class=\"faqs-accordion-item__height-wrapper\"><div class=\"faqs-accordion-item__content-wrapper\">\n<p>Ein Konto zu erstellen ist schnell und einfach.<br><br>Gehe zu unserer Anmeldeseite und folge den Anweisungen. Halte dein Ausweisdokument bereit, da wir deine Identit\u00e4t verifizieren m\u00fcssen (dies ist eine Standardverfahren f\u00fcr alle Finanzdienstleister und hilft, unsere Plattform sicher zu halten).<\/p>\n<\/div><\/div><\/details>\n\n\n\n<details class=\"wp-block-tg-faqs-accordion-item faqs-accordion-item\"><summary class=\"faqs-accordion-item__question is-style-h6-higher-header-style\">Welche W\u00e4hrungen sind im Multiw\u00e4hrungskonto von TransferGo verf\u00fcgbar?<\/summary><div class=\"faqs-accordion-item__height-wrapper\"><div class=\"faqs-accordion-item__content-wrapper\">\n<p>Derzeit bieten wir vier W\u00e4hrungen an: GBP, EUR, PLN und RON, mit weiteren Optionen, die bald verf\u00fcgbar sein werden.<br><br>Von jedem Guthaben aus kannst du Geld senden, Zahlungen empfangen und W\u00e4hrungen umtauschen.<\/p>\n<\/div><\/div><\/details>\n\n\n\n<details class=\"wp-block-tg-faqs-accordion-item faqs-accordion-item\"><summary class=\"faqs-accordion-item__question is-style-h6-higher-header-style\">Gibt es Geb\u00fchren f\u00fcr das Halten mehrerer W\u00e4hrungen?<\/summary><div class=\"faqs-accordion-item__height-wrapper\"><div class=\"faqs-accordion-item__content-wrapper\">\n<p>Nein, es ist kostenlos, so viele W\u00e4hrungen zu halten, wie du m\u00f6chtest. Geb\u00fchren fallen nur an, wenn du eine Transaktion durchf\u00fchrst \u2013 und werden immer im Voraus angezeigt.<\/p>\n<\/div><\/div><\/details>\n\n\n\n<details class=\"wp-block-tg-faqs-accordion-item faqs-accordion-item\"><summary class=\"faqs-accordion-item__question is-style-h6-higher-header-style\">Wie tausche ich W\u00e4hrungen in einem Multiw\u00e4hrungskonto um?<\/summary><div class=\"faqs-accordion-item__height-wrapper\"><div class=\"faqs-accordion-item__content-wrapper\">\n<p>W\u00e4hrungstausch ist einfach. Melde dich \u00fcber unsere App oder Website bei deinem Konto an und w\u00e4hle \u201aumtauschen\u2018 in dem W\u00e4hrungsguthaben, aus dem du Geld umtauschen m\u00f6chtest.<br><br>Du siehst den aktuellen Wechselkurs und den Betrag, den dein Umtausch ergibt. Wenn der Betrag f\u00fcr dich ok ist, best\u00e4tige ihn einfach.<\/p>\n<\/div><\/div><\/details>\n\n\n\n<details class=\"wp-block-tg-faqs-accordion-item faqs-accordion-item\"><summary class=\"faqs-accordion-item__question is-style-h6-higher-header-style\">Wie sehen die Wechselkurse und Geb\u00fchren beim W\u00e4hrungstausch aus?<\/summary><div class=\"faqs-accordion-item__height-wrapper\"><div class=\"faqs-accordion-item__content-wrapper\">\n<p>Obwohl variabel, geh\u00f6ren die Wechselkurse von TransferGo durchweg zu den besten verf\u00fcgbaren.<br><br>Die anfallenden Geb\u00fchren h\u00e4ngen auch von der Zahlungsmethode ab (zum Beispiel fallen bei Zahlungen von einem TransferGo-Konto zu einem anderen keine Geb\u00fchren an).<\/p>\n<\/div><\/div><\/details>\n\n\n\n<details class=\"wp-block-tg-faqs-accordion-item faqs-accordion-item\"><summary class=\"faqs-accordion-item__question is-style-h6-higher-header-style\">Wie werden meine pers\u00f6nlichen Daten verarbeitet?<\/summary><div class=\"faqs-accordion-item__height-wrapper\"><div class=\"faqs-accordion-item__content-wrapper\">\n<p>Die Sicherheit Schutz von deinen Daten haben f\u00fcr uns oberste Priorit\u00e4t. F\u00fcr eine ausf\u00fchrliche \u00dcbersicht dar\u00fcber, wie wir mit deinen pers\u00f6nlichen Daten umgehen, lies unsere Datenschutzrichtlinie.<br><br>Und wenn du weitere Fragen hast, z\u00f6gere nicht, uns diesbez\u00fcglich unter der E-Mail-Adresse dpo@transfergo.com zu kontaktieren.<\/p>\n<\/div><\/div><\/details>\n<\/div><\/section>\n","protected":false},"excerpt":{"rendered":"","protected":false},"author":7,"featured_media":0,"parent":0,"menu_order":0,"comment_status":"closed","ping_status":"closed","template":"","meta":{"hideMenuColor":false,"footnotes":""},"class_list":["post-238714","page","type-page","status-publish","hentry"],"jetpack_sharing_enabled":true,"hideMenuColor":"","_links":{"self":[{"href":"https:\/\/wpvip.tgalpha.com\/de\/wp-json\/wp\/v2\/pages\/238714","targetHints":{"allow":["GET"]}}],"collection":[{"href":"https:\/\/wpvip.tgalpha.com\/de\/wp-json\/wp\/v2\/pages"}],"about":[{"href":"https:\/\/wpvip.tgalpha.com\/de\/wp-json\/wp\/v2\/types\/page"}],"author":[{"embeddable":true,"href":"https:\/\/wpvip.tgalpha.com\/de\/wp-json\/wp\/v2\/users\/7"}],"replies":[{"embeddable":true,"href":"https:\/\/wpvip.tgalpha.com\/de\/wp-json\/wp\/v2\/comments?post=238714"}],"version-history":[{"count":11,"href":"https:\/\/wpvip.tgalpha.com\/de\/wp-json\/wp\/v2\/pages\/238714\/revisions"}],"predecessor-version":[{"id":720611,"href":"https:\/\/wpvip.tgalpha.com\/de\/wp-json\/wp\/v2\/pages\/238714\/revisions\/720611"}],"wp:attachment":[{"href":"https:\/\/wpvip.tgalpha.com\/de\/wp-json\/wp\/v2\/media?parent=238714"}],"curies":[{"name":"wp","href":"https:\/\/api.w.org\/{rel}","templated":true}]}}