{"id":1315,"date":"2022-08-29T07:37:28","date_gmt":"2022-08-29T07:37:28","guid":{"rendered":"https:\/\/transfergo.wpengine.com\/story"},"modified":"2024-10-04T10:43:34","modified_gmt":"2024-10-04T10:43:34","slug":"die-ganze-geschichte","status":"publish","type":"page","link":"https:\/\/wpvip.tgalpha.com\/de\/die-ganze-geschichte","title":{"rendered":"DIE GANZE GESCHICHTE"},"content":{"rendered":"\n<h1 class=\"wp-block-heading\">Die ganze Geschichte<\/h1>\n\n\n\n<h1 class=\"wp-block-heading\"><mark class=\"has-inline-color has-blue-500-color\">Wie alles begann<\/mark><\/h1>\n\n\n\n<section class=\"wp-block-tg-photo-and-text container-fluid photo-and-text\"><div class=\"container\">\n<div class=\"wp-block-media-text is-stacked-on-mobile photo-and-text__container\"><figure class=\"wp-block-media-text__media\"><img loading=\"lazy\" decoding=\"async\" width=\"677\" height=\"432\" src=\"https:\/\/wpvip.tgalpha.com\/wp-content\/uploads\/2024\/06\/human-image.jpg\" alt=\"\" class=\"wp-image-70985 size-full\" srcset=\"https:\/\/wpvip.tgalpha.com\/wp-content\/uploads\/2024\/06\/human-image.jpg 677w, https:\/\/wpvip.tgalpha.com\/wp-content\/uploads\/2024\/06\/human-image.jpg?resize=300,191 300w\" sizes=\"auto, (max-width: 677px) 100vw, 677px\" \/><\/figure><div class=\"wp-block-media-text__content\">\n<p class=\"photo-and-text__paragraph has-blue-900-color has-text-color has-medium-font-size\">Wir sind hier, um dein Leben einfacher zu machen. Ob du Rechnungen bezahlst, deine Familie unterst\u00fctzt, dein Unternehmen f\u00fchrst oder eine Notsituation bew\u00e4ltigst &#8211; wir m\u00f6chten, dass du Geld schnell, kosteng\u00fcnstig, sicher und zuverl\u00e4ssig senden kannst. Warum? Weil es noch vor kurzem ein Albtraum war, Geld zu \u00fcberweisen.<\/p>\n<\/div><\/div>\n<\/div><\/section>\n\n\n\n<section class=\"wp-block-tg-story-text-and-image container-fluid story-text-and-image story-text-and-image--transparent-rectangle-right\"><div class=\"container\">\n<div class=\"wp-block-media-text has-media-on-the-right is-stacked-on-mobile story-text-and-image__container\"><div class=\"wp-block-media-text__content\">\n<h3 class=\"wp-block-heading story-text-and-image__heading has-blue-900-color has-text-color\">Entstehung von TransferGo<\/h3>\n\n\n\n<p>Es war 2012 und wir waren vier junge Berufst\u00e4tige, die eine Import- und Exportfirma im Ausland gr\u00fcndeten. Damals waren aber internationale Geld\u00fcberweisungen eine gro\u00dfe Herausforderung. Von der Bezahlung unserer Rechnungen in Litauen bis hin zum Versand von Geld an Lieferanten, trafen wir auf mehrere H\u00fcrden: langsame \u00dcberweisungen mit hohen Geb\u00fchren, null Kundenservice und stundenlanges Schlangestehen zum Empfangsschalter.<\/p>\n\n\n\n<p>Warum waren wir 2012 immer noch darauf angewiesen, pers\u00f6nlich zu Gesch\u00e4ftsbanken zu gehen, nur um einfache Geld\u00fcberweisungen zu t\u00e4tigen? Und warum bezahlten wir so viel f\u00fcr diesen &#8216;Service&#8217;? Als unser Geld nicht nur in das falsche Land, sondern auch in die falsche W\u00e4hrung gesendet wurde &#8211; und wir nicht mal entsch\u00e4digt wurden &#8211; hatten wir genug. Das wollten wir und mussten \u00e4ndern. Wir wollten die internationale Geld\u00fcberweisungsbranche komplett auf den Kopf stellen. Wir wollten ein einzigartiges Gesch\u00e4ftsmodell mit hervorragendem Kundenservice entwickeln. Und das war die Geburtsstunde von TransferGo.<\/p>\n<\/div><figure class=\"wp-block-media-text__media\"><img loading=\"lazy\" decoding=\"async\" width=\"451\" height=\"453\" src=\"https:\/\/wpvip.tgalpha.com\/wp-content\/uploads\/2024\/06\/Story-2-1.png\" alt=\"\" class=\"wp-image-71047 size-full\" srcset=\"https:\/\/wpvip.tgalpha.com\/wp-content\/uploads\/2024\/06\/Story-2-1.png 451w, https:\/\/wpvip.tgalpha.com\/wp-content\/uploads\/2024\/06\/Story-2-1.png?resize=150,150 150w, https:\/\/wpvip.tgalpha.com\/wp-content\/uploads\/2024\/06\/Story-2-1.png?resize=300,300 300w\" sizes=\"auto, (max-width: 451px) 100vw, 451px\" \/><\/figure><\/div>\n<\/div><\/section>\n\n\n\n<section class=\"wp-block-tg-story-text-and-image container-fluid story-text-and-image story-text-and-image--yellow-circle-left\"><div class=\"container\">\n<div class=\"wp-block-media-text is-stacked-on-mobile story-text-and-image__container\"><figure class=\"wp-block-media-text__media\"><img loading=\"lazy\" decoding=\"async\" width=\"451\" height=\"451\" src=\"https:\/\/wpvip.tgalpha.com\/wp-content\/uploads\/2024\/06\/Story-3-1.png\" alt=\"\" class=\"wp-image-71058 size-full\" srcset=\"https:\/\/wpvip.tgalpha.com\/wp-content\/uploads\/2024\/06\/Story-3-1.png 451w, https:\/\/wpvip.tgalpha.com\/wp-content\/uploads\/2024\/06\/Story-3-1.png?resize=150,150 150w, https:\/\/wpvip.tgalpha.com\/wp-content\/uploads\/2024\/06\/Story-3-1.png?resize=300,300 300w\" sizes=\"auto, (max-width: 451px) 100vw, 451px\" \/><\/figure><div class=\"wp-block-media-text__content\">\n<h3 class=\"wp-block-heading story-text-and-image__heading has-blue-900-color has-text-color\">Schwierige Anf\u00e4nge<\/h3>\n\n\n\n<p class=\"story-text-and-image__paragraph has-blue-900-color has-text-color has-medium-font-size\">Ein Unternehmen zu gr\u00fcnden ist nie einfach, und das war bei uns nicht anders. Sechs Monate lang versuchten wir, eine Lizenz zu bekommen. Weitere vier Monate dauerte es, eine Bank zu finden, die mit uns zusammenarbeiten w\u00fcrde. Das \u00fcber ein Jahr gesparte Geld war komplett weg. Gerade als sich die Dinge verbesserten und das Kundenfeedback positiv war, erlitten wir einen weiteren R\u00fcckschlag.<\/p>\n\n\n\n<p class=\"story-text-and-image__paragraph has-blue-900-color has-text-color has-medium-font-size\">Obwohl wir eine lizenzierte Finanzinstitution waren, die alle Bedingungen erf\u00fcllte, erhielten wir einen Brief von unserer Bank, in dem stand, dass unser Unternehmen geschlossen werden muss. Keine Begr\u00fcndung. Die Bank tat es, weil sie es einfach konnte. Und als wir fragten warum, wurde uns gesagt, dass es &#8216;gegen ihre Richtlinie&#8217; sei, uns das zu sagen. Wir hatten 90 Tage, um das Unternehmen zu retten.<\/p>\n\n\n\n<p>Wir wussten, dass TransferGo einen bedeutenden Einfluss auf das Leben unserer Kunden hat und wir wollten das nicht aufgeben. Gerade rechtzeitig fanden wir eine Bank, die mit uns zusammenarbeiten w\u00fcrde. Das Unternehmen \u00fcberlebte. Seitdem konnten wir noch mehr Personen dabei unterst\u00fctzen, Jahr f\u00fcr Jahr Geld zu \u00fcberweisen.<\/p>\n<\/div><\/div>\n<\/div><\/section>\n\n\n\n<section class=\"wp-block-tg-story-text-and-image container-fluid story-text-and-image story-text-and-image--none\"><div class=\"container\">\n<div class=\"wp-block-media-text has-media-on-the-right is-stacked-on-mobile story-text-and-image__container\"><div class=\"wp-block-media-text__content\">\n<h3 class=\"wp-block-heading story-text-and-image__heading has-blue-900-color has-text-color\">Der Weg zum Erfolg<\/h3>\n\n\n\n<p class=\"story-text-and-image__paragraph has-blue-900-color has-text-color has-medium-font-size\"><br>Seit unserer schwierigen Anfangsphase beobachteten wir bedeutende \u00c4nderungen im Geldtransfer-Gesch\u00e4ft. Die Bereitschaft von Banken, sich mit innovativen Fintech-Unternehmen zusammenzuschlie\u00dfen, steigerte deutlich. Heutzutage arbeiten wir mit \u00fcber 30 Banken weltweit zusammen &#8211; eine echte Verwandlung, nachdem wir anfangs Schwierigkeiten hatten, nur eine zu finden.<\/p>\n\n\n\n<p class=\"story-text-and-image__paragraph has-blue-900-color has-text-color has-medium-font-size\">Und es ist sch\u00f6n, anerkannt zu werden daf\u00fcr, dass wir positiv das Umfeld bewegen, in dem wir t\u00e4tig sind. Wir wurden als das am schnellsten wachsende Startup von den TechCrunch Europa Awards 2018 nominiert und von TNW als eines der 5 hei\u00dfesten Scale-ups in Gro\u00dfbritannien bezeichnet.<\/p>\n\n\n\n<p class=\"story-text-and-image__paragraph has-blue-900-color has-text-color has-medium-font-size\">Ohne dich w\u00e4re all das nicht m\u00f6glich. Ohne alle Menschen, die hart daf\u00fcr arbeiten, um ihre Familie zu unterst\u00fctzen und die Wirtschaft am Laufen zu halten. Wir gr\u00fcndeten TransferGo f\u00fcr Menschen wie du.<\/p>\n<\/div><figure class=\"wp-block-media-text__media\"><img loading=\"lazy\" decoding=\"async\" width=\"450\" height=\"442\" src=\"https:\/\/wpvip.tgalpha.com\/wp-content\/uploads\/2024\/06\/Story-4-1.png\" alt=\"\" class=\"wp-image-71069 size-full\" srcset=\"https:\/\/wpvip.tgalpha.com\/wp-content\/uploads\/2024\/06\/Story-4-1.png 450w, https:\/\/wpvip.tgalpha.com\/wp-content\/uploads\/2024\/06\/Story-4-1.png?resize=300,295 300w\" sizes=\"auto, (max-width: 450px) 100vw, 450px\" \/><\/figure><\/div>\n<\/div><\/section>\n\n\n\n<section class=\"wp-block-tg-story-text-and-image container-fluid story-text-and-image story-text-and-image--blue-rectangle-right\"><div class=\"container\">\n<div class=\"wp-block-media-text is-stacked-on-mobile story-text-and-image__container\"><figure class=\"wp-block-media-text__media\"><img loading=\"lazy\" decoding=\"async\" width=\"450\" height=\"442\" src=\"https:\/\/wpvip.tgalpha.com\/wp-content\/uploads\/2024\/06\/Story-5-1.png\" alt=\"\" class=\"wp-image-71080 size-full\" srcset=\"https:\/\/wpvip.tgalpha.com\/wp-content\/uploads\/2024\/06\/Story-5-1.png 450w, https:\/\/wpvip.tgalpha.com\/wp-content\/uploads\/2024\/06\/Story-5-1.png?resize=300,295 300w\" sizes=\"auto, (max-width: 450px) 100vw, 450px\" \/><\/figure><div class=\"wp-block-media-text__content\">\n<h3 class=\"wp-block-heading story-text-and-image__heading has-blue-900-color has-text-color\">Eine bessere Zukunft<\/h3>\n\n\n\n<p class=\"story-text-and-image__paragraph has-blue-900-color has-text-color has-medium-font-size\">Wir sind seit 2012 ein ganzes St\u00fcck weiter, aber das ist erst der Anfang. In den kommenden Monaten wird es nicht langweilig sein. Mehr Routen zwischen L\u00e4ndern. Mehr W\u00e4hrungen. Mehr Produkte. Mehr Angebote. Unsere Priorit\u00e4t ist es, noch mehr Menschen dabei zu unterst\u00fctzen und die M\u00f6glichkeit zu bieten, ihr hart erworbenes Geld zu g\u00fcnstigen Preisen, schnell und einfach nach Hause senden zu k\u00f6nnen. <\/p>\n\n\n\n<div class=\"wp-block-button\"><a class=\"wp-block-button__link wp-element-button\" href=\"http:\/\/app.transfergo.com\/de\/register\" target=\"_blank\" rel=\"noopener\">Jetzt Geld senden<\/a><\/div>\n<\/div><\/div>\n<\/div><\/section>\n","protected":false},"excerpt":{"rendered":"<p>Die ganze Geschichte Wie alles begann<\/p>\n","protected":false},"author":1,"featured_media":0,"parent":0,"menu_order":0,"comment_status":"closed","ping_status":"closed","template":"","meta":{"hideMenuColor":false,"footnotes":""},"class_list":["post-1315","page","type-page","status-publish","hentry"],"jetpack_sharing_enabled":true,"hideMenuColor":false,"_links":{"self":[{"href":"https:\/\/wpvip.tgalpha.com\/de\/wp-json\/wp\/v2\/pages\/1315","targetHints":{"allow":["GET"]}}],"collection":[{"href":"https:\/\/wpvip.tgalpha.com\/de\/wp-json\/wp\/v2\/pages"}],"about":[{"href":"https:\/\/wpvip.tgalpha.com\/de\/wp-json\/wp\/v2\/types\/page"}],"author":[{"embeddable":true,"href":"https:\/\/wpvip.tgalpha.com\/de\/wp-json\/wp\/v2\/users\/1"}],"replies":[{"embeddable":true,"href":"https:\/\/wpvip.tgalpha.com\/de\/wp-json\/wp\/v2\/comments?post=1315"}],"version-history":[{"count":0,"href":"https:\/\/wpvip.tgalpha.com\/de\/wp-json\/wp\/v2\/pages\/1315\/revisions"}],"wp:attachment":[{"href":"https:\/\/wpvip.tgalpha.com\/de\/wp-json\/wp\/v2\/media?parent=1315"}],"curies":[{"name":"wp","href":"https:\/\/api.w.org\/{rel}","templated":true}]}}