{"id":104834,"date":"2025-01-23T11:35:13","date_gmt":"2025-01-23T11:35:13","guid":{"rendered":"https:\/\/wpvip.tgalpha.com\/?page_id=104834"},"modified":"2026-02-11T14:27:33","modified_gmt":"2026-02-11T14:27:33","slug":"kundengeschichten","status":"publish","type":"page","link":"https:\/\/wpvip.tgalpha.com\/de\/business\/kundengeschichten","title":{"rendered":"SME Customer Stories (DE)"},"content":{"rendered":"\n<section class=\"wp-block-tg-hero-text-and-image hero-text-and-image container-fluid alignfull has-blue-900-background-color has-background\" align=\"full\"><div class=\"container\">\n<div class=\"wp-block-columns hero-text-and-image__columns is-layout-flex wp-container-core-columns-is-layout-28f84493 wp-block-columns-is-layout-flex\">\n<div class=\"wp-block-column hero-text-and-image__column is-layout-flow wp-block-column-is-layout-flow\">\n<p class=\"hero-text-and-image__subheading is-style-h6-higher-header-style has-blue-900-color has-text-color\"><mark style=\"background-color:rgba(0, 0, 0, 0)\" class=\"has-inline-color has-bw-100-color\">TransferGo Business- Kundengeschichten<\/mark><\/p>\n\n\n\n<h1 class=\"wp-block-heading hero-text-and-image__heading is-style-h1-higher-header-style has-bw-100-color has-text-color\">Echte Geschichten, <mark style=\"background-color:rgba(0, 0, 0, 0)\" class=\"has-inline-color has-yellow-color\">echte Erfolge.<\/mark><\/h1>\n\n\n\n<p class=\"hero-text-and-image__paragraph is-style-h6-higher-header-style has-blue-900-color has-text-color\"><mark style=\"background-color:rgba(0, 0, 0, 0)\" class=\"has-inline-color has-bw-100-color\">Unser Ziel ist einfach: Unternehmen mit gro\u00dfen Ambitionen dabei zu helfen, ihre finanziellen T\u00e4tigkeiten zu optimieren und ihr Potenzial entfalten zu lassen.<\/mark><\/p>\n\n\n\n<p class=\"hero-text-and-image__paragraph has-blue-900-color has-text-color\"><mark style=\"background-color:rgba(0, 0, 0, 0)\" class=\"has-inline-color has-bw-100-color\">Erfahren Sie mehr \u00fcber die Unternehmen aus verschiedenen Branchen, die sich f\u00fcr TransferGo entschieden haben, um ihre internationalen Gesch\u00e4ftszahlungen einfacher durchzuf\u00fchren und viele greifbare Vorteile zu erzielen \u2013 von der Beschleunigung der Zahlungsprozesse bis zur Senkung der Transaktionskosten und Steigerung der Gewinne.<\/mark><\/p>\n\n\n\n<div class=\"wp-block-buttons hero-text-and-image__buttons is-layout-flex wp-block-buttons-is-layout-flex\">\n<div class=\"wp-block-button hero-text-and-image__button is-style-button-with-arrow-light\"><a class=\"wp-block-button__link wp-element-button\" href=\"https:\/\/app.transfergo.com\/de\/register\/business\" target=\"_blank\" rel=\"noreferrer noopener\">Zur Registrierung<\/a><\/div>\n<\/div>\n<\/div>\n\n\n\n<div class=\"wp-block-column hero-text-and-image__column is-layout-flow wp-block-column-is-layout-flow\">\n<figure class=\"wp-block-image hero-text-and-image__image\"><img decoding=\"async\" src=\"https:\/\/wpvip.tgalpha.com\/wp-content\/plugins\/transfergo-blocks\/assets\/img\/hero-text-and-image\/hero-business-customer-stories.webp\" alt=\"\"\/><\/figure>\n<\/div>\n<\/div>\n<\/div><\/section>\n\n\n\n<section class=\"wp-block-tg-business-case-studies-with-title business-case-studies-with-title container-fluid\"><div class=\"container\">\n<h2 class=\"wp-block-heading has-text-align-center business-case-studies-with-title__title has-blue-900-color has-text-color\">Sehen Sie sich TransferGo Business-Fallstudien an<\/h2>\n\n\n\n<p class=\"has-text-align-center business-case-studies-with-title__subtitle is-style-h4-higher-header-style has-blue-900-color has-text-color has-medium-font-size\">Lesen Sie \u00fcber Unternehmen aus verschiedenen Branchen, die Plattform von TransferGo erfolgreich genutzt haben, um kosteng\u00fcnstige internationale Zahlungen zu t\u00e4tigen, die einfach schneller und sicherer sind.<\/p>\n\n\n\n<div class=\"wp-block-query is-layout-flow wp-block-query-is-layout-flow\"><ul class=\"business-case-studies-with-title__items wp-block-post-template is-layout-flow wp-block-post-template-is-layout-flow\"><li class=\"wp-block-post post-105516 post type-post status-publish format-standard has-post-thumbnail hentry category-business-de category-fallstudien\">\n<a href=\"https:\/\/wpvip.tgalpha.com\/de\/noviti-finance-fallstudie\">\n<div class=\"wp-block-group wp-block-post-link is-layout-flow wp-block-group-is-layout-flow\"><figure class=\"wp-block-post-featured-image\"><img loading=\"lazy\" decoding=\"async\" width=\"1024\" height=\"536\" src=\"https:\/\/wpvip.tgalpha.com\/wp-content\/uploads\/2024\/11\/1104_CaseStudy_Noviti-noop.png?resize=1024,536\" class=\"attachment-large size-large wp-post-image\" alt=\"\" style=\"object-fit:cover;\" srcset=\"https:\/\/wpvip.tgalpha.com\/wp-content\/uploads\/2024\/11\/1104_CaseStudy_Noviti-noop.png?resize=1024,536 1024w, https:\/\/wpvip.tgalpha.com\/wp-content\/uploads\/2024\/11\/1104_CaseStudy_Noviti-noop.png?resize=300,157 300w, https:\/\/wpvip.tgalpha.com\/wp-content\/uploads\/2024\/11\/1104_CaseStudy_Noviti-noop.png?resize=768,402 768w, https:\/\/wpvip.tgalpha.com\/wp-content\/uploads\/2024\/11\/1104_CaseStudy_Noviti-noop.png 1200w\" sizes=\"auto, (max-width: 1024px) 100vw, 1024px\" \/><\/figure>\n\n\n<div class=\"wp-block-group wp-block-post-terms-wrapper is-layout-flow wp-block-group-is-layout-flow\"><\/div>\n\n\n<h3 class=\"wp-block-heading is-style-h5-higher-header-style wp-block-post-title\">Fallstudie: Noviti Finance<\/h3>\n\n<div class=\"wp-block-post-excerpt\"><p class=\"wp-block-post-excerpt__excerpt\">Branche &amp; Standort: Finanzunternehmen mit Sitz in Litauen. Vorteile: TransferGo hat die W\u00e4hrungsumrechnungskosten von Noviti Finance gesenkt und dem Unternehmen dadurch tausende Euro bei internationalen Gesch\u00e4ftszahlungen eingespart. \u201eDank der wettbewerbsf\u00e4higen Tarife von TransferGo haben wir bei unseren \u00dcberweisungen mehrere Tausend Euro gespart. An TransferGo gef\u00e4llt uns, dass man W\u00e4hrungen rund um die Uhr umrechnen kann&hellip; <\/p><\/div><\/div>\n<\/a>\n<\/li><li class=\"wp-block-post post-105846 post type-post status-publish format-standard has-post-thumbnail hentry category-business-de category-fallstudien\">\n<a href=\"https:\/\/wpvip.tgalpha.com\/de\/pirmas-pasirinkimas-mb-fallstudie\">\n<div class=\"wp-block-group wp-block-post-link is-layout-flow wp-block-group-is-layout-flow\"><figure class=\"wp-block-post-featured-image\"><img loading=\"lazy\" decoding=\"async\" width=\"1024\" height=\"536\" src=\"https:\/\/wpvip.tgalpha.com\/wp-content\/uploads\/2024\/09\/Pirmas-pasirinkimas_1.png?resize=1024,536\" class=\"attachment-large size-large wp-post-image\" alt=\"\" style=\"object-fit:cover;\" srcset=\"https:\/\/wpvip.tgalpha.com\/wp-content\/uploads\/2024\/09\/Pirmas-pasirinkimas_1.png?resize=1024,536 1024w, https:\/\/wpvip.tgalpha.com\/wp-content\/uploads\/2024\/09\/Pirmas-pasirinkimas_1.png?resize=300,157 300w, https:\/\/wpvip.tgalpha.com\/wp-content\/uploads\/2024\/09\/Pirmas-pasirinkimas_1.png?resize=768,402 768w, https:\/\/wpvip.tgalpha.com\/wp-content\/uploads\/2024\/09\/Pirmas-pasirinkimas_1.png 1200w\" sizes=\"auto, (max-width: 1024px) 100vw, 1024px\" \/><\/figure>\n\n\n<div class=\"wp-block-group wp-block-post-terms-wrapper is-layout-flow wp-block-group-is-layout-flow\"><\/div>\n\n\n<h3 class=\"wp-block-heading is-style-h5-higher-header-style wp-block-post-title\">Fallstudie: Pirmas Pasirinkimas<\/h3>\n\n<div class=\"wp-block-post-excerpt\"><p class=\"wp-block-post-excerpt__excerpt\">Branche &amp; Standort: Gebrauchtwagenh\u00e4ndler aus Litauen. Vorteile: TransferGo erh\u00f6hte die Wettbewerbsf\u00e4higkeit von Pirmas Pasirinkimas und erm\u00f6glichte dadurch Zugang zu neuen Gesch\u00e4ften. Traditionelle Bank\u00fcberweisungen dauerten fr\u00fcher Tage, aber mit TransferGo kann ich Geld in etwa 30 Minuten \u00fcberweisen. Das hat mir einen Wettbewerbsvorteil verschafft, um Gesch\u00e4fte schnell abzuschlie\u00dfen. Die Plattform ist leicht bedienbar und zuverl\u00e4ssig. Dazu&hellip; <\/p><\/div><\/div>\n<\/a>\n<\/li><\/ul>\n\n<\/div>\n<\/div><\/section>\n\n\n\n<section class=\"wp-block-tg-text-with-button-and-images text-with-button-and-images container-fluid alignfull has-background-color has-bw-200-background-color\" align=\"full\"><div class=\"container\">\n<div class=\"wp-block-columns text-with-button-and-images__columns is-layout-flex wp-container-core-columns-is-layout-28f84493 wp-block-columns-is-layout-flex\">\n<div class=\"wp-block-column text-with-button-and-images__column is-layout-flow wp-block-column-is-layout-flow\">\n<div class=\"wp-block-group text-with-button-and-images__text-wrapper is-layout-flow wp-block-group-is-layout-flow\">\n<h2 class=\"wp-block-heading has-text-align-left text-with-button-and-images__heading has-blue-900-color has-text-color\">Sind Sie bereit auf Ihre eigene Erfolgsgeschichte?<\/h2>\n\n\n\n<p class=\"has-text-align-left text-with-button-and-images__paragraph has-blue-900-color has-text-color has-medium-font-size\">TransferGo-Business bietet die Flexibilit\u00e4t und Zuverl\u00e4ssigkeit, die Ihr Unternehmen ben\u00f6tigt, um global zu wachsen und nachhaltig erfolgreich zu sein.<\/p>\n\n\n\n<div class=\"wp-block-button text-with-button-and-images__button is-style-button-with-arrow\"><a class=\"wp-block-button__link has-text-align-center wp-element-button\" href=\"https:\/\/wpvip.tgalpha.com\/de\/geschaeftlich\">Mehr erfahren<\/a><\/div>\n<\/div>\n<\/div>\n\n\n\n<div class=\"wp-block-column text-with-button-and-images__column is-layout-flow wp-block-column-is-layout-flow\">\n<div class=\"wp-block-group text-with-button-and-images__images-wrapper is-layout-flow wp-block-group-is-layout-flow\">\n<figure class=\"wp-block-image text-with-button-and-images__image text-with-button-and-images__image--icon\"><img decoding=\"async\" src=\"https:\/\/wpvip.tgalpha.com\/wp-content\/plugins\/transfergo-blocks\/assets\/img\/text-with-button-and-images-0.webp\" alt=\"\"\/><\/figure>\n\n\n\n<figure class=\"wp-block-image text-with-button-and-images__image text-with-button-and-images__image--man\"><img decoding=\"async\" src=\"https:\/\/wpvip.tgalpha.com\/wp-content\/plugins\/transfergo-blocks\/assets\/img\/text-with-button-and-images-1.webp\" alt=\"\"\/><\/figure>\n\n\n\n<figure class=\"wp-block-image text-with-button-and-images__image text-with-button-and-images__image--woman\"><img decoding=\"async\" src=\"https:\/\/wpvip.tgalpha.com\/wp-content\/plugins\/transfergo-blocks\/assets\/img\/text-with-button-and-images-2.webp\" alt=\"\"\/><\/figure>\n<\/div>\n<\/div>\n<\/div>\n<\/div><\/section>\n","protected":false},"excerpt":{"rendered":"","protected":false},"author":7,"featured_media":239238,"parent":1365,"menu_order":0,"comment_status":"closed","ping_status":"closed","template":"business-page-template","meta":{"hideMenuColor":false,"footnotes":""},"class_list":["post-104834","page","type-page","status-publish","has-post-thumbnail","hentry"],"jetpack_sharing_enabled":true,"hideMenuColor":false,"_links":{"self":[{"href":"https:\/\/wpvip.tgalpha.com\/de\/wp-json\/wp\/v2\/pages\/104834","targetHints":{"allow":["GET"]}}],"collection":[{"href":"https:\/\/wpvip.tgalpha.com\/de\/wp-json\/wp\/v2\/pages"}],"about":[{"href":"https:\/\/wpvip.tgalpha.com\/de\/wp-json\/wp\/v2\/types\/page"}],"author":[{"embeddable":true,"href":"https:\/\/wpvip.tgalpha.com\/de\/wp-json\/wp\/v2\/users\/7"}],"replies":[{"embeddable":true,"href":"https:\/\/wpvip.tgalpha.com\/de\/wp-json\/wp\/v2\/comments?post=104834"}],"version-history":[{"count":5,"href":"https:\/\/wpvip.tgalpha.com\/de\/wp-json\/wp\/v2\/pages\/104834\/revisions"}],"predecessor-version":[{"id":862568,"href":"https:\/\/wpvip.tgalpha.com\/de\/wp-json\/wp\/v2\/pages\/104834\/revisions\/862568"}],"up":[{"embeddable":true,"href":"https:\/\/wpvip.tgalpha.com\/de\/wp-json\/wp\/v2\/pages\/1365"}],"wp:featuredmedia":[{"embeddable":true,"href":"https:\/\/wpvip.tgalpha.com\/de\/wp-json\/wp\/v2\/media\/239238"}],"wp:attachment":[{"href":"https:\/\/wpvip.tgalpha.com\/de\/wp-json\/wp\/v2\/media?parent=104834"}],"curies":[{"name":"wp","href":"https:\/\/api.w.org\/{rel}","templated":true}]}}